{"id":15913,"date":"2024-03-03T12:39:36","date_gmt":"2024-03-03T12:39:36","guid":{"rendered":"https:\/\/vapexyz.com\/?page_id=15913"},"modified":"2025-09-08T03:35:28","modified_gmt":"2025-09-08T03:35:28","slug":"veleprodajna-zahteva","status":"publish","type":"page","link":"https:\/\/vapexyz.com\/sl\/wholesale-request\/","title":{"rendered":"Veleprodajna zahteva"},"content":{"rendered":"<section class=\"section\" id=\"section_501067956\">\n\t\t<div class=\"section-bg fill\" >\n\t\t\t\t\t\t\t\t\t\n\t\t\t\n\n\t\t<\/div>\n\n\t\t\n\n\t\t<div class=\"section-content relative\">\n\t\t\t\n<div class=\"row\"  id=\"row-1014358922\">\n\n\t<div id=\"col-1828641168\" class=\"col medium-6 small-12 large-6\"  >\n\t\t\t\t<div class=\"col-inner\"  >\n\t\t\t\n\t\t\t\n<h2>Veleprodajna zahteva<\/h2>\n<p>VapeXYZ izstopa kot ultimativno sredi\u0161\u010de za veleprodajne nakupe za enkratno uporabo e-cigaret, ki ponuja nepremagljivo konkuren\u010dne cene po vsej evropski in ameri\u0161ki regiji. Na\u0161a raznolika zbirka predstavlja \u0161irok izbor za enkratno uporabo e-cigaret v razsutem stanju iz priznanih blagovnih znamk, kot so Elf Box, Waspe, Uwin, RandM, Bang, Doloda, JNR, AIRMEZ in \u0161e veliko ve\u010d. Z zavezo k inovacijam redno predstavljamo nove izbire za enkratno uporabo vape izdelkov, hkrati pa ponujamo privla\u010dne veleprodajne popuste in ekonomi\u010dne cene, prilagojene posebej za vape in smoke trgovine.  Nara\u0161\u010dajo\u010di trend za enkratno uporabo e-cigaret je posledica njihovega uporabniku prijaznega dizajna, cenovne dostopnosti in udobja, vse to pa prispeva k njihovi nara\u0161\u010dajo\u010di priljubljenosti.<\/p>\n<h2>ZA VSAKA VPRA\u0160ANJA NAS KONTAKTIRAJTE<\/h2>\n<p>\u010ce \u017eelite na\u0161e izdelke kupiti v velikih koli\u010dinah in izkoristiti ve\u010dje popuste, vas z veseljem obve\u0161\u010damo, da ponujamo veleprodajne mo\u017enosti, prilagojene va\u0161im potrebam.<\/p>\n<p>Za veleprodajne poizvedbe vas prosimo, da <strong><a href=\"https:\/\/vapexyz.com\/sl\/kontaktiraj-nas\/\">kontaktiraj nas<\/a> <\/strong>po elektronski po\u0161ti na info@vapexyz.com. Na\u0161a predana ekipa vam bo z veseljem pomagala pri kakr\u0161nih koli vpra\u0161anjih glede mno\u017ei\u010dnih nakupov, cen in razpolo\u017eljivih popustov.<\/p>\n\t\t<\/div>\n\t\t\t\t\t<\/div>\n\n\t\n\n\t<div id=\"col-1240450967\" class=\"col medium-6 small-12 large-6\"  >\n\t\t\t\t<div class=\"col-inner\"  >\n\t\t\t\n\t\t\t\n\n<div class=\"wpcf7 no-js\" id=\"wpcf7-f14-o1\" lang=\"en-US\" dir=\"ltr\" data-wpcf7-id=\"14\">\n<div class=\"screen-reader-response\"><p role=\"status\" aria-live=\"polite\" aria-atomic=\"true\"><\/p> <ul><\/ul><\/div>\n<form action=\"\/sl\/wp-json\/wp\/v2\/pages\/15913#wpcf7-f14-o1\" method=\"post\" class=\"wpcf7-form init\" aria-label=\"Kontaktni obrazec\" novalidate=\"novalidate\" data-status=\"init\" data-trp-original-action=\"\/sl\/wp-json\/wp\/v2\/pages\/15913#wpcf7-f14-o1\">\n<fieldset class=\"hidden-fields-container\"><input type=\"hidden\" name=\"_wpcf7\" value=\"14\" \/><input type=\"hidden\" name=\"_wpcf7_version\" value=\"6.1.5\" \/><input type=\"hidden\" name=\"_wpcf7_locale\" value=\"en_US\" \/><input type=\"hidden\" name=\"_wpcf7_unit_tag\" value=\"wpcf7-f14-o1\" \/><input type=\"hidden\" name=\"_wpcf7_container_post\" value=\"0\" \/><input type=\"hidden\" name=\"_wpcf7_posted_data_hash\" value=\"\" \/>\n<\/fieldset>\n<p><label> Tvoje ime<br \/>\n<span class=\"wpcf7-form-control-wrap\" data-name=\"your-name\"><input size=\"40\" maxlength=\"400\" class=\"wpcf7-form-control wpcf7-text wpcf7-validates-as-required\" autocomplete=\"name\" aria-required=\"true\" aria-invalid=\"false\" value=\"\" type=\"text\" name=\"your-name\" \/><\/span> <\/label>\n<\/p>\n<p><label> Va\u0161 e-po\u0161tni naslov<br \/>\n<span class=\"wpcf7-form-control-wrap\" data-name=\"your-email\"><input size=\"40\" maxlength=\"400\" class=\"wpcf7-form-control wpcf7-email wpcf7-validates-as-required wpcf7-text wpcf7-validates-as-email\" autocomplete=\"email\" aria-required=\"true\" aria-invalid=\"false\" value=\"\" type=\"email\" name=\"your-email\" \/><\/span> <\/label>\n<\/p>\n<p><label> Predmet<br \/>\n<span class=\"wpcf7-form-control-wrap\" data-name=\"your-subject\"><input size=\"40\" maxlength=\"400\" class=\"wpcf7-form-control wpcf7-text wpcf7-validates-as-required\" aria-required=\"true\" aria-invalid=\"false\" value=\"\" type=\"text\" name=\"your-subject\" \/><\/span> <\/label>\n<\/p>\n<p><label> Tvoje sporo\u010dilo<br \/>\n<span class=\"wpcf7-form-control-wrap\" data-name=\"your-message\"><textarea cols=\"40\" rows=\"10\" maxlength=\"2000\" class=\"wpcf7-form-control wpcf7-textarea wpcf7-validates-as-required\" aria-required=\"true\" aria-invalid=\"false\" name=\"your-message\"><\/textarea><\/span> <\/label><br \/>\n<div class=\"cf7-cf-turnstile\" style=\"margin-top: 0px; margin-bottom: -15px;\"> <div id=\"cf-turnstile-cf7-2695102184\" class=\"cf-turnstile\" data-sitekey=\"0x4AAAAAABilaR2d5jCp8eH3\" data-theme=\"light\" data-language=\"auto\" data-size=\"normal\" data-retry=\"auto\" data-retry-interval=\"1000\" data-refresh-expired=\"auto\" data-refresh-timeout=\"auto\" data-action=\"contact-form-7\" data-callback=\"turnstileCF7Callback\" data-appearance=\"always\"><\/div> <script>document.addEventListener(\"DOMContentLoaded\", function() { setTimeout(function(){ var e=document.getElementById(\"cf-turnstile-cf7-2695102184\"); if(e&&!e.innerHTML.trim()){turnstile.render(e, {sitekey:\"0x4AAAAAABilaR2d5jCp8eH3\"});} }, 200); });<\/script> <br class=\"cf-turnstile-br cf-turnstile-br-cf7-2695102184\"> <style>#cf-turnstile-cf7-2695102184 { margin-left: -15px; }<\/style> <script>document.addEventListener(\"DOMContentLoaded\",function(){document.querySelectorAll('.wpcf7-form').forEach(function(e){e.addEventListener('submit',function(){if(document.getElementById('cf-turnstile-cf7-2695102184')){setTimeout(function(){turnstile.reset('#cf-turnstile-cf7-2695102184');},1000)}})})});<\/script> <\/div><br\/><input class=\"wpcf7-form-control wpcf7-submit has-spinner\" type=\"submit\" value=\"Predlo\u017ei\" \/>\n<\/p><div class=\"wpcf7-response-output\" aria-hidden=\"true\"><\/div>\n<input type=\"hidden\" name=\"trp-form-language\" value=\"sl\"\/><\/form>\n<\/div>\n\n\t\t<\/div>\n\t\t\t\t\t<\/div>\n\n\t\n<\/div>\n\t\t<\/div>\n\n\t\t\n<style>\n#section_501067956 {\n  padding-top: 30px;\n  padding-bottom: 30px;\n}\n<\/style>\n\t<\/section>","protected":false},"excerpt":{"rendered":"","protected":false},"author":1,"featured_media":0,"parent":0,"menu_order":0,"comment_status":"closed","ping_status":"closed","template":"page-blank-title-center.php","meta":{"_lmt_disableupdate":"","_lmt_disable":"","footnotes":""},"class_list":["post-15913","page","type-page","status-publish","hentry"],"jetpack_sharing_enabled":true,"_links":{"self":[{"href":"https:\/\/vapexyz.com\/sl\/wp-json\/wp\/v2\/pages\/15913","targetHints":{"allow":["GET"]}}],"collection":[{"href":"https:\/\/vapexyz.com\/sl\/wp-json\/wp\/v2\/pages"}],"about":[{"href":"https:\/\/vapexyz.com\/sl\/wp-json\/wp\/v2\/types\/page"}],"author":[{"embeddable":true,"href":"https:\/\/vapexyz.com\/sl\/wp-json\/wp\/v2\/users\/1"}],"replies":[{"embeddable":true,"href":"https:\/\/vapexyz.com\/sl\/wp-json\/wp\/v2\/comments?post=15913"}],"version-history":[{"count":0,"href":"https:\/\/vapexyz.com\/sl\/wp-json\/wp\/v2\/pages\/15913\/revisions"}],"wp:attachment":[{"href":"https:\/\/vapexyz.com\/sl\/wp-json\/wp\/v2\/media?parent=15913"}],"curies":[{"name":"wp","href":"https:\/\/api.w.org\/{rel}","templated":true}]}}