{"id":15872,"date":"2024-02-26T09:59:38","date_gmt":"2024-02-26T09:59:38","guid":{"rendered":"https:\/\/vapexyz.com\/?page_id=15872"},"modified":"2025-09-08T07:50:37","modified_gmt":"2025-09-08T07:50:37","slug":"pogosta-vprasanja","status":"publish","type":"page","link":"https:\/\/vapexyz.com\/sl\/faqs\/","title":{"rendered":"POGOSTA VPRA\u0160ANJA"},"content":{"rendered":"<div class=\"row\"  id=\"row-390807777\">\n\n\t<div id=\"col-1575043622\" class=\"col small-12 large-12\"  >\n\t\t\t\t<div class=\"col-inner\"  >\n\t\t\t\n\t\t\t\n<div class=\"container section-title-container\" ><h3 class=\"section-title section-title-normal\"><b><\/b><span class=\"section-title-main\" >Pla\u010dilo<\/span><b><\/b><\/h3><\/div>\n<div class=\"accordion\">\n\t<div id=\"accordion-3334518944\" class=\"accordion-item\">\n\t\t<a id=\"accordion-3334518944-label\" class=\"accordion-title plain\" href=\"#accordion-item-what-payment-methods-are-accepted?\" aria-expanded=\"false\" aria-controls=\"accordion-3334518944-content\" >\n\t\t\t<button class=\"toggle\" aria-label=\"Preklopi\"><i class=\"icon-angle-down\"><\/i><\/button>\n\t\t\t<span>Kateri na\u010dini pla\u010dila so sprejeti?<\/span>\n\t\t<\/a>\n\t\t<div id=\"accordion-3334518944-content\" class=\"accordion-inner\" aria-labelledby=\"accordion-3334518944-label\" >\n\t\t\t\n<p>Sprejemamo razli\u010dne na\u010dine pla\u010dila, kot so kreditne kartice, debetne kartice, kriptovalute in drugi. Razpolo\u017eljive mo\u017enosti pla\u010dila si lahko ogledate na strani za dokon\u010danje nakupa.<\/p>\n\t\t<\/div>\n\t<\/div>\n\t\n\t<div id=\"accordion-1198684216\" class=\"accordion-item\">\n\t\t<a id=\"accordion-1198684216-label\" class=\"accordion-title plain\" href=\"#accordion-item-why-my-payment-have-been-declined?\" aria-expanded=\"false\" aria-controls=\"accordion-1198684216-content\" >\n\t\t\t<button class=\"toggle\" aria-label=\"Preklopi\"><i class=\"icon-angle-down\"><\/i><\/button>\n\t\t\t<span>Zakaj je bilo moje pla\u010dilo zavrnjeno?<\/span>\n\t\t<\/a>\n\t\t<div id=\"accordion-1198684216-content\" class=\"accordion-inner\" aria-labelledby=\"accordion-1198684216-label\" >\n\t\t\t\n<p>Pla\u010dila so lahko zavrnjena zaradi razlogov, kot so neto\u010dni podatki o kreditni kartici, nezadostna sredstva ali te\u017eave s ponudnikom pla\u010dilnih storitev. \u010ce \u017eelite odpraviti to te\u017eavo, preverite to\u010dnost svojih podatkov o pla\u010dilu ali se za pomo\u010d obrnite na svojega ponudnika pla\u010dil.<\/p>\n\t\t<\/div>\n\t<\/div>\n\t\n\t<div id=\"accordion-4116451249\" class=\"accordion-item\">\n\t\t<a id=\"accordion-4116451249-label\" class=\"accordion-title plain\" href=\"#accordion-item-do-you-provide-a-cash-on-delivery-(cod)-payment-option?\" aria-expanded=\"false\" aria-controls=\"accordion-4116451249-content\" >\n\t\t\t<button class=\"toggle\" aria-label=\"Preklopi\"><i class=\"icon-angle-down\"><\/i><\/button>\n\t\t\t<span>Ali nudite mo\u017enost pla\u010dila po povzetju (COD)?<\/span>\n\t\t<\/a>\n\t\t<div id=\"accordion-4116451249-content\" class=\"accordion-inner\" aria-labelledby=\"accordion-4116451249-label\" >\n\t\t\t\n<p>Ne nudimo pla\u010dila po povzetju. Pri nakupu morate uporabiti spletne na\u010dine pla\u010dila.<\/p>\n\t\t<\/div>\n\t<\/div>\n\t\n\t<div id=\"accordion-4089917706\" class=\"accordion-item\">\n\t\t<a id=\"accordion-4089917706-label\" class=\"accordion-title plain\" href=\"#accordion-item-can-i-apply-a-discount-code-or-gift-card-during-checkout?\" aria-expanded=\"false\" aria-controls=\"accordion-4089917706-content\" >\n\t\t\t<button class=\"toggle\" aria-label=\"Preklopi\"><i class=\"icon-angle-down\"><\/i><\/button>\n\t\t\t<span>Ali lahko med blagajno uporabim kodo za popust ali darilno kartico?<\/span>\n\t\t<\/a>\n\t\t<div id=\"accordion-4089917706-content\" class=\"accordion-inner\" aria-labelledby=\"accordion-4089917706-label\" >\n\t\t\t\n<p>Da, na blagajni lahko vnesete kodo za popust ali podatke o darilni kartici, da izkoristite popuste.<\/p>\n\t\t<\/div>\n\t<\/div>\n\t\n\t<div id=\"accordion-4090957477\" class=\"accordion-item\">\n\t\t<a id=\"accordion-4090957477-label\" class=\"accordion-title plain\" href=\"#accordion-item-is-payment-secure-on-your-website?\" aria-expanded=\"false\" aria-controls=\"accordion-4090957477-content\" >\n\t\t\t<button class=\"toggle\" aria-label=\"Preklopi\"><i class=\"icon-angle-down\"><\/i><\/button>\n\t\t\t<span>Ali je pla\u010dilo na va\u0161i spletni strani varno?<\/span>\n\t\t<\/a>\n\t\t<div id=\"accordion-4090957477-content\" class=\"accordion-inner\" aria-labelledby=\"accordion-4090957477-label\" >\n\t\t\t\n<p>Da, izvajamo razli\u010dne varnostne ukrepe, kot sta tehnologija \u0161ifriranja in PCI-zdru\u017eljiva obdelava pla\u010dil. Na\u0161e spletno mesto ima certifikat McAfee SECURE in ga Google Safe Browsing priznava za dodatno varnost.<\/p>\n\t\t<\/div>\n\t<\/div>\n\t\n\t<div id=\"accordion-934269725\" class=\"accordion-item\">\n\t\t<a id=\"accordion-934269725-label\" class=\"accordion-title plain\" href=\"#accordion-item-how-will-i-know-that-my-payment-was-successful-and-that-my-order-has-been-confirmed?\" aria-expanded=\"false\" aria-controls=\"accordion-934269725-content\" >\n\t\t\t<button class=\"toggle\" aria-label=\"Preklopi\"><i class=\"icon-angle-down\"><\/i><\/button>\n\t\t\t<span>Kako bom vedel, da je bilo moje pla\u010dilo uspe\u0161no in da je moje naro\u010dilo potrjeno?<\/span>\n\t\t<\/a>\n\t\t<div id=\"accordion-934269725-content\" class=\"accordion-inner\" aria-labelledby=\"accordion-934269725-label\" >\n\t\t\t\n<p>Takoj po uspe\u0161nem pla\u010dilu boste prejeli e-po\u0161tno sporo\u010dilo s potrditvijo naro\u010dila. To e-po\u0161tno sporo\u010dilo bo vsebovalo podrobne informacije o va\u0161em naro\u010dilu.<\/p>\n\t\t<\/div>\n\t<\/div>\n\t\n\t<div id=\"accordion-824510860\" class=\"accordion-item\">\n\t\t<a id=\"accordion-824510860-label\" class=\"accordion-title plain\" href=\"#accordion-item-how-can-i-request-a-refund?\" aria-expanded=\"false\" aria-controls=\"accordion-824510860-content\" >\n\t\t\t<button class=\"toggle\" aria-label=\"Preklopi\"><i class=\"icon-angle-down\"><\/i><\/button>\n\t\t\t<span>Kako lahko zahtevam vra\u010dilo?<\/span>\n\t\t<\/a>\n\t\t<div id=\"accordion-824510860-content\" class=\"accordion-inner\" aria-labelledby=\"accordion-824510860-label\" >\n\t\t\t\n<p>\u010ce potrebujete vra\u010dilo kupnine, se obrnite na na\u0161o skupino za podporo strankam s podrobnostmi naro\u010dila. Pomagali vam bomo pri postopku vra\u010dila v skladu z na\u0161im pravilnikom o vra\u010dilu.<\/p>\n\t\t<\/div>\n\t<\/div>\n\t\n\t<div id=\"accordion-3724480914\" class=\"accordion-item\">\n\t\t<a id=\"accordion-3724480914-label\" class=\"accordion-title plain\" href=\"#accordion-item-how-can-i-access-my-order-history-after-completing-a-payment?\" aria-expanded=\"false\" aria-controls=\"accordion-3724480914-content\" >\n\t\t\t<button class=\"toggle\" aria-label=\"Preklopi\"><i class=\"icon-angle-down\"><\/i><\/button>\n\t\t\t<span>Kako lahko po opravljenem pla\u010dilu dostopam do svoje zgodovine naro\u010dil?<\/span>\n\t\t<\/a>\n\t\t<div id=\"accordion-3724480914-content\" class=\"accordion-inner\" aria-labelledby=\"accordion-3724480914-label\" >\n\t\t\t\n<p>\u010ce \u017eelite dostopati do zgodovine naro\u010dil po pla\u010dilu, se prijavite v svoj ra\u010dun in se pomaknite na stran \u00bbMoj ra\u010dun\u00ab. V razdelku zgodovine naro\u010dil lahko pregledate podrobnosti pla\u010dila in preverite stanje svojih prej\u0161njih naro\u010dil.<\/p>\n\t\t<\/div>\n\t<\/div>\n\t\n<\/div>\n\t\t<\/div>\n\t\t\t\t\t<\/div>\n\n\t\n\n\t<div id=\"col-1150580991\" class=\"col large-12\"  >\n\t\t\t\t<div class=\"col-inner\"  >\n\t\t\t\n\t\t\t\n<div class=\"container section-title-container\" ><h3 class=\"section-title section-title-normal\"><b><\/b><span class=\"section-title-main\" >Dostava<\/span><b><\/b><\/h3><\/div>\n<div class=\"accordion\">\n\t<div id=\"accordion-1627586898\" class=\"accordion-item\">\n\t\t<a id=\"accordion-1627586898-label\" class=\"accordion-title plain\" href=\"#accordion-item-what\u2019s-the-shipping-policy?\" aria-expanded=\"false\" aria-controls=\"accordion-1627586898-content\" >\n\t\t\t<button class=\"toggle\" aria-label=\"Preklopi\"><i class=\"icon-angle-down\"><\/i><\/button>\n\t\t\t<span>Kak\u0161na je politika po\u0161iljanja?<\/span>\n\t\t<\/a>\n\t\t<div id=\"accordion-1627586898-content\" class=\"accordion-inner\" aria-labelledby=\"accordion-1627586898-label\" >\n\t\t\t\n<p>Za naro\u010dila znotraj Zdru\u017eenih dr\u017eav in Avstralije je na voljo brezpla\u010dna dostava. Za izbrane dr\u017eave ponujamo metodo DDP (dostava s pla\u010dano dajatvijo), s \u010dimer odpravite potrebo po carinjenju in dajatvah na va\u0161i strani.<\/p>\n<p>Na\u010dini dostave:<\/p>\n<p>ZDA: UPS Express (razen Aljaske in Havajev)<br \/>\nUK: lokalni DPD Express<br \/>\nEvropa: UPS Express\/ DPD Express\/ DHL Express<br \/>\nEvropske dr\u017eave, ki izpolnjujejo pogoje za metodo DDP: Nem\u010dija, Belgija, Luksemburg, Nizozemska, \u010ce\u0161ka, Poljska, Hrva\u0161ka, Slova\u0161ka, Slovenija, Finska, Danska, \u0160vedska, Avstrija, Francija, Italija, Mad\u017earska, Bolgarija, Litva, Estonija, Latvija, Gr\u010dija, Irska, Portugalska, \u0160panija.<br \/>\nOpomba: Po\u0161iljke v evropske dr\u017eave, razen v Zdru\u017eeno kraljestvo, bodo ocarinjene v Nem\u010diji in nato od tam poslane v druge evropske destinacije.<\/p>\n<p>Nudimo tudi dostavo na:<\/p>\n<p>ZAE (samo Dubaj)<br \/>\nJu\u017ena Afrika<br \/>\nVietnam<br \/>\nZahodna Malezija (brez otoka Kalimantan)<br \/>\nDr\u017eava\tMetoda po\u0161iljanja\t\u010cas po\u0161iljanja<br \/>\nZDA\tLocal UPS Ground\t10~15 dni<br \/>\nVK    Lokalni DPD Express    7~12 dni<br \/>\nNem\u010dija\tUPS\/DPD\/DHL Nem\u010dija\t8~15 dni<br \/>\nFrancija\tUPS\/DPD\/DHL Nem\u010dija\t10~15 dni<br \/>\nBelgija\tUPS\/DPD\/DHL Nem\u010dija\t10~15 dni<br \/>\nLuksemburg\tUPS\/DPD\/DHL Nem\u010dija\t10~15 dni<br \/>\nNizozemska\tUPS\/DPD\/DHL Nem\u010dija\t10~15 dni<br \/>\n\u010ce\u0161ka republika\tUPS\/DPD\/DHL Nem\u010dija\t10~15 dni<br \/>\nPoljska\tUPS\/DPD\/DHL Nem\u010dija\t10~15 dni<br \/>\nHrva\u0161ka\tUPS\/DPD\/DHL Nem\u010dija\t10~15 dni<br \/>\nSlova\u0161ka\tUPS\/DPD\/DHL Nem\u010dija\t10~15 dni<br \/>\nSlovenija\tUPS\/DPD\/DHL Nem\u010dija\t10~15 dni<br \/>\nFinska\tUPS\/DPD\/DHL Nem\u010dija\t10~15 dni<br \/>\nDanska\tUPS\/DPD\/DHL Nem\u010dija\t10~15 dni<br \/>\n\u0160vedska\tUPS\/DPD\/DHL Nem\u010dija\t10~15 dni<br \/>\nAvstrija\tUPS\/DPD\/DHL Nem\u010dija\t10~15 dni<br \/>\nItalija\tUPS\/DPD\/DHL Nem\u010dija\t10~15 dni<br \/>\nMad\u017earska\tUPS\/DPD\/DHL Nem\u010dija\t10~15 dni<br \/>\nLitva\tUPS\/DPD\/DHL Nem\u010dija\t10~15 dni<br \/>\nEstonija\tUPS\/DPD\/DHL Nem\u010dija\t10~15 dni<br \/>\nLatvija\tUPS\/DPD\/DHL Nem\u010dija\t10~15 dni<br \/>\nGr\u010dija\tUPS\/DPD\/DHL Nem\u010dija\t10~15 dni<br \/>\nIrska\tUPS\/DPD\/DHL Nem\u010dija\t10~15 dni<br \/>\nPortugal\tUPS\/DPD\/DHL Nem\u010dija\t10~15 dni<br \/>\n\u0160panija\tUPS\/DPD\/DHL Nem\u010dija\t10~15 dni<br \/>\nZAE (samo Dubaj)    Namenska linija za Dubaj    12~18 dni<br \/>\nJu\u017ena Afrika\tNamenska linija za Ju\u017eno Afriko\t15~25 dni<br \/>\nVietnam\tVietnam posebna linija\t3~5 dni<br \/>\nWest Malaysia    Posebna linija za Malezijo    4~8 dni<br \/>\nDruge dr\u017eave<\/p>\n<p>Za dr\u017eave, ki prej niso bile omenjene, je potrebno carinjenje in pla\u010dilo dajatev ob prihodu va\u0161ega paketa. Za dolo\u010ditev to\u010dnega zneska davka je priporo\u010dljivo, da se za posebne informacije obrnete na lokalne carinske organe. Poleg tega lahko va\u0161 carinski oddelek zahteva poslovno licenco, \u010de je primerno.<\/p>\n\t\t<\/div>\n\t<\/div>\n\t\n\t<div id=\"accordion-264810707\" class=\"accordion-item\">\n\t\t<a id=\"accordion-264810707-label\" class=\"accordion-title plain\" href=\"#accordion-item-what-factors-are-considered-when-calculating-shipping-costs?\" aria-expanded=\"false\" aria-controls=\"accordion-264810707-content\" >\n\t\t\t<button class=\"toggle\" aria-label=\"Preklopi\"><i class=\"icon-angle-down\"><\/i><\/button>\n\t\t\t<span>Kateri dejavniki se upo\u0161tevajo pri izra\u010dunu stro\u0161kov po\u0161iljanja?<\/span>\n\t\t<\/a>\n\t\t<div id=\"accordion-264810707-content\" class=\"accordion-inner\" aria-labelledby=\"accordion-264810707-label\" >\n\t\t\t\n<p>Stro\u0161ki po\u0161iljanja se dolo\u010dijo glede na te\u017eo artiklov, destinacijo po\u0161iljke in izbran na\u010din po\u0161iljanja. Skupni stro\u0161ki po\u0161iljanja so obi\u010dajno prikazani med postopkom nakupa.<\/p>\n\t\t<\/div>\n\t<\/div>\n\t\n\t<div id=\"accordion-1373589388\" class=\"accordion-item\">\n\t\t<a id=\"accordion-1373589388-label\" class=\"accordion-title plain\" href=\"#accordion-item-in-case-of-a-lost-or-delayed-package,-what-steps-should-i-take?\" aria-expanded=\"false\" aria-controls=\"accordion-1373589388-content\" >\n\t\t\t<button class=\"toggle\" aria-label=\"Preklopi\"><i class=\"icon-angle-down\"><\/i><\/button>\n\t\t\t<span>Kaj naj storim v primeru izgubljenega paketa ali paketa z zamudo?<\/span>\n\t\t<\/a>\n\t\t<div id=\"accordion-1373589388-content\" class=\"accordion-inner\" aria-labelledby=\"accordion-1373589388-label\" >\n\t\t\t\n<p>\u010ce se va\u0161 paket izgubi ali pride do velikih zamud, se obrnite na na\u0161o skupino za podporo strankam. Opravili bomo preiskavo in pomagali pri razre\u0161itvi zadeve.<\/p>\n\t\t<\/div>\n\t<\/div>\n\t\n\t<div id=\"accordion-745337744\" class=\"accordion-item\">\n\t\t<a id=\"accordion-745337744-label\" class=\"accordion-title plain\" href=\"#accordion-item-what-are-the-methods-available-for-tracking-my-order?\" aria-expanded=\"false\" aria-controls=\"accordion-745337744-content\" >\n\t\t\t<button class=\"toggle\" aria-label=\"Preklopi\"><i class=\"icon-angle-down\"><\/i><\/button>\n\t\t\t<span>Katere metode so na voljo za sledenje mojemu naro\u010dilu?<\/span>\n\t\t<\/a>\n\t\t<div id=\"accordion-745337744-content\" class=\"accordion-inner\" aria-labelledby=\"accordion-745337744-label\" >\n\t\t\t\n<p>\u010ce \u017eelite izslediti svoje naro\u010dilo, se lahko prijavite v svoj ra\u010dun in se pomaknete v razdelek \u00bbZgodovina naro\u010dil\u00ab. Poleg tega vam po\u0161iljamo podrobnosti o sledenju naro\u010dila tudi po e-po\u0161ti.<\/p>\n\t\t<\/div>\n\t<\/div>\n\t\n\t<div id=\"accordion-4145988656\" class=\"accordion-item\">\n\t\t<a id=\"accordion-4145988656-label\" class=\"accordion-title plain\" href=\"#accordion-item-are-customs-duties-necessary-for-my-purchase?\" aria-expanded=\"false\" aria-controls=\"accordion-4145988656-content\" >\n\t\t\t<button class=\"toggle\" aria-label=\"Preklopi\"><i class=\"icon-angle-down\"><\/i><\/button>\n\t\t\t<span>Ali so za moj nakup potrebne carine?<\/span>\n\t\t<\/a>\n\t\t<div id=\"accordion-4145988656-content\" class=\"accordion-inner\" aria-labelledby=\"accordion-4145988656-label\" >\n\t\t\t\n<p>Trenutno carine niso potrebne, z izjemo Kanade in Danske.<\/p>\n\t\t<\/div>\n\t<\/div>\n\t\n\t<div id=\"accordion-1539800071\" class=\"accordion-item\">\n\t\t<a id=\"accordion-1539800071-label\" class=\"accordion-title plain\" href=\"#accordion-item-what-is-the-approximate-shipping-timeframe?\" aria-expanded=\"false\" aria-controls=\"accordion-1539800071-content\" >\n\t\t\t<button class=\"toggle\" aria-label=\"Preklopi\"><i class=\"icon-angle-down\"><\/i><\/button>\n\t\t\t<span>Kak\u0161en je pribli\u017een \u010dasovni okvir po\u0161iljanja?<\/span>\n\t\t<\/a>\n\t\t<div id=\"accordion-1539800071-content\" class=\"accordion-inner\" aria-labelledby=\"accordion-1539800071-label\" >\n\t\t\t\n<p>\u010cas zaloge se giblje od 1 do 5 dni, medtem ko je \u010das po\u0161iljanja obi\u010dajno med 7 in 15 dnevi, odvisno od izdelka.<\/p>\n\t\t<\/div>\n\t<\/div>\n\t\n<\/div>\n\t\t<\/div>\n\t\t\t\t\t<\/div>\n\n\t\n\n\t<div id=\"col-632430581\" class=\"col large-12\"  >\n\t\t\t\t<div class=\"col-inner\"  >\n\t\t\t\n\t\t\t\n<div class=\"container section-title-container\" ><h3 class=\"section-title section-title-normal\"><b><\/b><span class=\"section-title-main\" >Varnost<\/span><b><\/b><\/h3><\/div>\n<div class=\"accordion\">\n\t<div id=\"accordion-2705034864\" class=\"accordion-item\">\n\t\t<a id=\"accordion-2705034864-label\" class=\"accordion-title plain\" href=\"#accordion-item-how-is-the-security-of-a-website-maintained?\" aria-expanded=\"false\" aria-controls=\"accordion-2705034864-content\" >\n\t\t\t<button class=\"toggle\" aria-label=\"Preklopi\"><i class=\"icon-angle-down\"><\/i><\/button>\n\t\t\t<span>Kako se ohranja varnost spletnega mesta?<\/span>\n\t\t<\/a>\n\t\t<div id=\"accordion-2705034864-content\" class=\"accordion-inner\" aria-labelledby=\"accordion-2705034864-label\" >\n\t\t\t\n<p>Izvedeni so razli\u010dni varnostni ukrepi za za\u0161\u010dito va\u0161ih podatkov in transakcij na spletnem mestu, kot so \u0161ifriranje podatkov, po\u017earni zidovi in \u200b\u200brutinske varnostne ocene.<\/p>\n\t\t<\/div>\n\t<\/div>\n\t\n\t<div id=\"accordion-935211613\" class=\"accordion-item\">\n\t\t<a id=\"accordion-935211613-label\" class=\"accordion-title plain\" href=\"#accordion-item-how-is-the-protection-of-my-personal-information-guaranteed?\" aria-expanded=\"false\" aria-controls=\"accordion-935211613-content\" >\n\t\t\t<button class=\"toggle\" aria-label=\"Preklopi\"><i class=\"icon-angle-down\"><\/i><\/button>\n\t\t\t<span>Kako je zagotovljena za\u0161\u010dita mojih osebnih podatkov?<\/span>\n\t\t<\/a>\n\t\t<div id=\"accordion-935211613-content\" class=\"accordion-inner\" aria-labelledby=\"accordion-935211613-label\" >\n\t\t\t\n<p>Strogo spo\u0161tujemo svojo politiko zasebnosti in zagotavljamo, da se va\u0161i osebni podatki ne delijo ali prodajajo. Va\u0161i podatki se uporabljajo izklju\u010dno za obdelavo naro\u010dil in pomo\u010d strankam.<\/p>\n\t\t<\/div>\n\t<\/div>\n\t\n\t<div id=\"accordion-1011871948\" class=\"accordion-item\">\n\t\t<a id=\"accordion-1011871948-label\" class=\"accordion-title plain\" href=\"#accordion-item-is-the-payment-information-kept-secure?\" aria-expanded=\"false\" aria-controls=\"accordion-1011871948-content\" >\n\t\t\t<button class=\"toggle\" aria-label=\"Preklopi\"><i class=\"icon-angle-down\"><\/i><\/button>\n\t\t\t<span>Ali so podatki o pla\u010dilu varni?<\/span>\n\t\t<\/a>\n\t\t<div id=\"accordion-1011871948-content\" class=\"accordion-inner\" aria-labelledby=\"accordion-1011871948-label\" >\n\t\t\t\n<p>Uporabljamo varen sistem za obdelavo pla\u010dil, ki ustreza standardom PCI, da za\u0161\u010ditimo va\u0161e podatke o pla\u010dilu.<\/p>\n\t\t<\/div>\n\t<\/div>\n\t\n\t<div id=\"accordion-3900165642\" class=\"accordion-item\">\n\t\t<a id=\"accordion-3900165642-label\" class=\"accordion-title plain\" href=\"#accordion-item-what-steps-can-i-take-to-generate-a-robust-password?\" aria-expanded=\"false\" aria-controls=\"accordion-3900165642-content\" >\n\t\t\t<button class=\"toggle\" aria-label=\"Preklopi\"><i class=\"icon-angle-down\"><\/i><\/button>\n\t\t\t<span>Katere korake lahko naredim za ustvarjanje zanesljivega gesla?<\/span>\n\t\t<\/a>\n\t\t<div id=\"accordion-3900165642-content\" class=\"accordion-inner\" aria-labelledby=\"accordion-3900165642-label\" >\n\t\t\t\n<p>Izdelava mo\u010dnega gesla vklju\u010duje vklju\u010ditev me\u0161anice \u010drk, \u0161tevilk in posebnih znakov, pri \u010demer se izogibajte zlahka uganljivim podrobnostim, kot so rojstni dnevi. Redno spreminjanje gesla dodatno krepi varnost.<\/p>\n\t\t<\/div>\n\t<\/div>\n\t\n\t<div id=\"accordion-1340638942\" class=\"accordion-item\">\n\t\t<a id=\"accordion-1340638942-label\" class=\"accordion-title plain\" href=\"#accordion-item-what-methods-can-i-employ-to-confirm-the-legitimacy-of-a-website?\" aria-expanded=\"false\" aria-controls=\"accordion-1340638942-content\" >\n\t\t\t<button class=\"toggle\" aria-label=\"Preklopi\"><i class=\"icon-angle-down\"><\/i><\/button>\n\t\t\t<span>Katere metode lahko uporabim za potrditev zakonitosti spletne strani?<\/span>\n\t\t<\/a>\n\t\t<div id=\"accordion-1340638942-content\" class=\"accordion-inner\" aria-labelledby=\"accordion-1340638942-label\" >\n\t\t\t\n<p>Preverite pristnost spletnega mesta tako, da potrdite, da se njegov URL ujema z uradnim spletnim mestom. Poleg tega preverite prisotnost SSL certifikata, ki pomeni, da je stran varna.<\/p>\n\t\t<\/div>\n\t<\/div>\n\t\n\t<div id=\"accordion-992972396\" class=\"accordion-item\">\n\t\t<a id=\"accordion-992972396-label\" class=\"accordion-title plain\" href=\"#accordion-item-what-should-i-do-if-i-come-across-suspicious-activity?\" aria-expanded=\"false\" aria-controls=\"accordion-992972396-content\" >\n\t\t\t<button class=\"toggle\" aria-label=\"Preklopi\"><i class=\"icon-angle-down\"><\/i><\/button>\n\t\t\t<span>Kaj naj storim, \u010de naletim na sumljivo dejavnost?<\/span>\n\t\t<\/a>\n\t\t<div id=\"accordion-992972396-content\" class=\"accordion-inner\" aria-labelledby=\"accordion-992972396-label\" >\n\t\t\t\n<p>\u010ce naletite na kakr\u0161no koli sumljivo dejavnost ali varnostne te\u017eave, se nemudoma obrnite na na\u0161o podporo strankam. Zadevo bomo raziskali in ustrezno ukrepali.<\/p>\n\t\t<\/div>\n\t<\/div>\n\t\n\t<div id=\"accordion-1559337050\" class=\"accordion-item\">\n\t\t<a id=\"accordion-1559337050-label\" class=\"accordion-title plain\" href=\"#accordion-item-do-you-have-any-measures-in-place-to-prevent-phishing?\" aria-expanded=\"false\" aria-controls=\"accordion-1559337050-content\" >\n\t\t\t<button class=\"toggle\" aria-label=\"Preklopi\"><i class=\"icon-angle-down\"><\/i><\/button>\n\t\t\t<span>Ali imate kakr\u0161ne koli ukrepe za prepre\u010devanje la\u017enega predstavljanja?<\/span>\n\t\t<\/a>\n\t\t<div id=\"accordion-1559337050-content\" class=\"accordion-inner\" aria-labelledby=\"accordion-1559337050-label\" >\n\t\t\t\n<p>Da, uvedli smo ukrepe proti la\u017enemu predstavljanju za ubla\u017eitev goljufivih dejavnosti na zlonamernih spletnih mestih in e-po\u0161ti.<\/p>\n\t\t<\/div>\n\t<\/div>\n\t\n<\/div>\n\t\t<\/div>\n\t\t\t\t\t<\/div>\n\n\t\n\n\t<div id=\"col-1710597060\" class=\"col large-12\"  >\n\t\t\t\t<div class=\"col-inner\"  >\n\t\t\t\n\t\t\t\n<div class=\"container section-title-container\" ><h3 class=\"section-title section-title-normal\"><b><\/b><span class=\"section-title-main\" >Vra\u010dila<\/span><b><\/b><\/h3><\/div>\n<div class=\"accordion\">\n\t<div id=\"accordion-3080095447\" class=\"accordion-item\">\n\t\t<a id=\"accordion-3080095447-label\" class=\"accordion-title plain\" href=\"#accordion-item-how-can-i-modify-the-items-in-my-order?\" aria-expanded=\"false\" aria-controls=\"accordion-3080095447-content\" >\n\t\t\t<button class=\"toggle\" aria-label=\"Preklopi\"><i class=\"icon-angle-down\"><\/i><\/button>\n\t\t\t<span>Kako lahko spremenim elemente v svojem naro\u010dilu?<\/span>\n\t\t<\/a>\n\t\t<div id=\"accordion-3080095447-content\" class=\"accordion-inner\" aria-labelledby=\"accordion-3080095447-label\" >\n\t\t\t\n<p>\u010ce \u017eelite izvesti spremembe va\u0161ega naro\u010dila, lahko to storite do 23:00 (PDT -7 GMT) na isti dan, ko je bilo naro\u010dilo oddano. Za vse spremembe se obrnite na nas na info@vapexyz.com.<\/p>\n\t\t<\/div>\n\t<\/div>\n\t\n\t<div id=\"accordion-3834054911\" class=\"accordion-item\">\n\t\t<a id=\"accordion-3834054911-label\" class=\"accordion-title plain\" href=\"#accordion-item-what-is-the-process-for-returning-a-product?\" aria-expanded=\"false\" aria-controls=\"accordion-3834054911-content\" >\n\t\t\t<button class=\"toggle\" aria-label=\"Preklopi\"><i class=\"icon-angle-down\"><\/i><\/button>\n\t\t\t<span>Kak\u0161en je postopek vra\u010dila izdelka?<\/span>\n\t\t<\/a>\n\t\t<div id=\"accordion-3834054911-content\" class=\"accordion-inner\" aria-labelledby=\"accordion-3834054911-label\" >\n\t\t\t\n<p>Na\u0161 pravilnik o vra\u010dilu omogo\u010da vra\u010dilo v 15 dneh od prejema va\u0161ega izdelka. Za izpolnjevanje pogojev za vra\u010dilo zagotovite, da je izdelek v prvotnem stanju, neno\u0161en ali neuporabljen, z oznakami in v originalni embala\u017ei. Potrebovali boste tudi ra\u010dun ali dokazilo o nakupu.<\/p>\n<p>\u010ce \u017eelite za\u010deti postopek vra\u010dila, se obrnite na nas na info@vapexyz.com . \u010ce bo va\u0161 vra\u010dilni postopek odobren, vam bomo zagotovili vra\u010dilno po\u0161iljko in navodila, kako in kje poslati paket. Upo\u0161ajte, da vrnjenih predmetov brez predhodnega odobrenja ne bomo sprejeli. Za nadaljnja vpra\u0161anja v zvezi z vra\u010dili se lahko kadar koli obrnete na nas na info@vapexyz.com .<\/p>\n\t\t<\/div>\n\t<\/div>\n\t\n<\/div>\n\t\t<\/div>\n\t\t\t\t\t<\/div>\n\n\t\n<\/div>","protected":false},"excerpt":{"rendered":"","protected":false},"author":1,"featured_media":0,"parent":0,"menu_order":0,"comment_status":"closed","ping_status":"closed","template":"page-blank-title-center.php","meta":{"_lmt_disableupdate":"no","_lmt_disable":"","footnotes":""},"class_list":["post-15872","page","type-page","status-publish","hentry"],"jetpack_sharing_enabled":true,"_links":{"self":[{"href":"https:\/\/vapexyz.com\/sl\/wp-json\/wp\/v2\/pages\/15872","targetHints":{"allow":["GET"]}}],"collection":[{"href":"https:\/\/vapexyz.com\/sl\/wp-json\/wp\/v2\/pages"}],"about":[{"href":"https:\/\/vapexyz.com\/sl\/wp-json\/wp\/v2\/types\/page"}],"author":[{"embeddable":true,"href":"https:\/\/vapexyz.com\/sl\/wp-json\/wp\/v2\/users\/1"}],"replies":[{"embeddable":true,"href":"https:\/\/vapexyz.com\/sl\/wp-json\/wp\/v2\/comments?post=15872"}],"version-history":[{"count":0,"href":"https:\/\/vapexyz.com\/sl\/wp-json\/wp\/v2\/pages\/15872\/revisions"}],"wp:attachment":[{"href":"https:\/\/vapexyz.com\/sl\/wp-json\/wp\/v2\/media?parent=15872"}],"curies":[{"name":"wp","href":"https:\/\/api.w.org\/{rel}","templated":true}]}}