{"id":69449,"date":"2026-03-13T09:51:34","date_gmt":"2026-03-13T09:51:34","guid":{"rendered":"https:\/\/vapexyz.com\/?post_type=product&#038;p=69449"},"modified":"2026-03-15T14:52:55","modified_gmt":"2026-03-15T14:52:55","slug":"aivono-avn-znacka-120000-vyfukov-jednorazove-vapes-2-v-1-chut-velkoobchodna-hromadna-kupa-120k-inteligentna-obrazovka","status":"publish","type":"product","link":"https:\/\/vapexyz.com\/sk\/product\/aivono-avn-mate-120000-puffs-disposable-vapes-2-in-1-taste-wholesale-bulk-buy-120k-smart-screen\/","title":{"rendered":"AIVONO AVN MATE 120 000 v\u00fdfukov Jednor\u00e1zov\u00e9 Vapes 2 v 1 Chuti Ve\u013ekoobchodn\u00fd Hromadn\u00fd N\u00e1kup 120K Inteligentn\u00e1 Obrazovka"},"content":{"rendered":"<article>\n<h2 style=\"color: #6c5ce7;text-align: center;font-family: 'Segoe UI', sans-serif\">\ud83c\udfae <a href=\"https:\/\/vapexyz.com\/sk\/kategoria-produktu\/aivono\/\">AIVONO AVN MATE nem\u00e1 preklad, preto\u017ee to vyzer\u00e1 ako n\u00e1hodn\u00fd s\u00fabor p\u00edsmen a nezobrazuje \u017eiadny zrozumite\u013en\u00fd v\u00fdznam alebo text, ktor\u00fd by sa dal prelo\u017ei\u0165.<\/a> 120 000 Puffov: \u00darove\u0148 \u0161\u00e9fa medzi jednorazov\u00fdmi vapermi<\/h2>\n<p>Ahoj, lovci vysok\u00fdch sk\u00f3re! Ste unaven\u00ed z toho, \u017ee v\u00e1m vybavenie doch\u00e1dza pr\u00e1ve vtedy, ke\u010f sa za\u010dne z\u00e1bava? Pripravte sa na AIVONO AVN MATE 120K - najv\u00fdkonnej\u0161\u00ed jednor\u00e1zov\u00fd vape, ak\u00fd bol kedy vyroben\u00fd! S mas\u00edvnymi 120 000 potiahnutiami je to ako ma\u0165 \u201c cheat k\u00f3d\u201d pre nekone\u010dn\u00e9 pote\u0161enie.<\/p>\n<div>\n<p>V VapeXYZ sa s\u00fastred\u00edme na poskytovanie pokro\u010dilej technol\u00f3gie jednorazov\u00fdch vape produktov pre ve\u013ekoobchodn\u00fdch kupuj\u00facich po celej Eur\u00f3pe. Na\u0161\u00edm cie\u013eom je pon\u00faka\u0165 zariadenia s vysokou kapacitou za konkurencieschopn\u00e9 ceny, aby maloobchodn\u00edci mohli svojim z\u00e1kazn\u00edkom pon\u00faka\u0165 spo\u013eahliv\u00e9 a ob\u013e\u00faben\u00e9 produkty.<\/p>\n<h3>Zariadenia s n\u00edzkou \u00farov\u0148ou v\u00fdkonu<\/h3>\n<p>Tradi\u010dn\u00e9 jednorazov\u00e9 vape zariadenia zvy\u010dajne maj\u00fa obmedzen\u00fa kapacitu a pon\u00fakaj\u00fa iba jednu mo\u017enos\u0165 pr\u00edchute. Mnoh\u00e9 z\u00e1kladn\u00e9 modely nezah\u0155\u0148aj\u00fa obrazovku na zobrazenie inform\u00e1ci\u00ed o bat\u00e9rii alebo pou\u017e\u00edvan\u00ed a ich men\u0161ie bat\u00e9rie \u010dasto vy\u017eaduj\u00fa \u010dast\u00e9 dob\u00edjanie.<\/p>\n<h3>AVN MATE Power<\/h3>\n<p>AVN MATE Power pon\u00faka v\u00fdrazne v\u00e4\u010d\u0161iu kapacitu a\u017e do 120 000 potiahnut\u00ed, v\u010faka \u010domu je vhodn\u00fd pre dlhodob\u00e9 pou\u017e\u00edvanie. Je vybaven\u00fd dvojit\u00fdm prep\u00ednac\u00edm syst\u00e9mom, ktor\u00fd pou\u017e\u00edvate\u013eom umo\u017e\u0148uje jednoducho prep\u00edna\u0165 medzi r\u00f4znymi mo\u017enos\u0165ami. Zariadenie tie\u017e obsahuje inteligentn\u00fa HD obrazovku na zobrazenie stavov\u00fdch inform\u00e1ci\u00ed a je poh\u00e1\u0148an\u00e9 1000mAh bat\u00e9riou pre roz\u0161\u00edren\u00fd v\u00fdkon.<\/p>\n<\/div>\n<h3 style=\"color: #2d3436;border-bottom: 4px solid #6c5ce7;padding-bottom: 5px\">\u0160pi\u010dkov\u00e9 technick\u00e9 funkcie<\/h3>\n<p>AIVONO AVN MATE 120000 je vytvoren\u00fd pre v\u00ed\u0165azov.  Vyzna\u010duje sa syst\u00e9mom Dual Mesh Coil, ktor\u00fd rob\u00ed ka\u017ed\u00fa paru hustou, hladkou a plnou vzru\u0161enia.  Ale najchladnej\u0161ia \u010das\u0165?  HD Smart Display!  Vyzer\u00e1 ako mal\u00fd panel vesm\u00edrneho lode, ktor\u00fd v\u00e1m presne ukazuje, ko\u013eko bat\u00e9rie a kapacity v\u00e1m zost\u00e1va.  \u017diadne \u010fal\u0161ie obrazovky \u201ehra je koniec\u201c!<\/p>\n<div style=\"background: linear-gradient(135deg, #6c5ce7, #a29bfe);color: white;border-radius: 15px;padding: 20px;margin: 25px 0\">\n<h4 style=\"margin-top: 0;font-size: 1.2em\">\u2b50 \u201cDvojit\u00e1 hra\u201d - tajomstvo<\/h4>\n<p style=\"margin-bottom: 0\"><span style=\"color: #00ffff\">Pre\u010do sa uspokojova\u0165 s jedn\u00fdm, ke\u010f m\u00f4\u017eete ma\u0165 dva? Tento jednorazov\u00fd vape v\u00e1m umo\u017e\u0148uje prep\u00edna\u0165 medzi dvoma r\u00f4znymi mo\u017enos\u0165ami jedn\u00fdm kliknut\u00edm. Je ide\u00e1lny pre fan\u00fa\u0161ikov hromadn\u00fdch n\u00e1kupov, ktor\u00ed chc\u00fa rozmanitos\u0165 bez toho, aby nosili desa\u0165 r\u00f4znych vec\u00ed. Z\u00edskajte svoj e\u0161te dnes na VapeXYZ!<\/span><\/p>\n<\/div>\n<h3 style=\"color: #2d3436\">Vyberte si svoje v\u00ed\u0165azn\u00e9 dvojice mo\u017enost\u00ed<\/h3>\n<p>Pozrite si t\u00fdchto 10 legend\u00e1rnych kombin\u00e1ci\u00ed. Ka\u017ed\u00e1 z nich je dvojit\u00fdm v\u00ed\u0165azstvom:<\/p>\n<ol style=\"line-height: 1.9;font-weight: 500\">\n<li>\u010cERE\u0160\u0147OV\u00c1 KOLA + DY\u0147OV\u00dd \u013dAD: Bublaj\u00faca sladk\u00e1 soda sa stret\u00e1va so zmrznutou vlnou mel\u00f3nu.<\/li>\n<li>KIWI PASSION FRUIT GUAVA + BLUEBERRY ICE: Tropick\u00fd v\u00fdbuch a chladn\u00fd bobu\u013eov\u00fd v\u00fdbuch.<\/li>\n<li>D\u00daHOV\u00c1 CUKROVKA + P\u00c1N MODR\u00dd: Cukrov\u00e9 snov\u00e9 sladkosti nasledovan\u00e9 hlbokou modrou \u010du\u010dorodinovou m\u00e1giou.<\/li>\n<li>ENERGETICK\u00dd N\u00c1POJ + TRIPELN\u00c1 MANGO: Celkov\u00fd energetick\u00fd impulz a trojn\u00e1sobn\u00e1 d\u00e1vka mango plnenej slnkom.<\/li>\n<li>JAHODOV\u00c1 BAN\u00c1NA + RU\u017dOV\u00dd CITR\u00d3N: Kr\u00e9mov\u00e1 ovocn\u00e1 dobrota a \u0161tip\u013eav\u00fd, kysl\u00fd citrusov\u00fd n\u00e1dych.<\/li>\n<li>MODR\u00c1 BRUSNICA MALINA + CITR\u00d3N MINT: Dvojit\u00e9 bobu\u013eov\u00e9 dru\u017estvo s super \u010derstv\u00fdm m\u00e4tov\u00fdm z\u00e1verom.<\/li>\n<li>JAHODOV\u00dd MEL\u00d3N + ANAN\u00c1SOV\u00dd \u013dAD: Dokonal\u00e1 letn\u00e1 dvojica a ostr\u00fd, \u013eadov\u00fd anan\u00e1s.<\/li>\n<li>ANAN\u00c1S POMARAN\u010c LIMETA + MINT: Citrusov\u00e1 p\u00e1rty pre va\u0161e zmysly a chladn\u00fd, \u010dist\u00fd v\u00e1nok.<\/li>\n<li>CITRUS LIME + HROZNO ICE: Jasn\u00e9 kysl\u00e9 iskry a sladk\u00fd, mrazen\u00fd fialov\u00fd hrozen.<\/li>\n<li>\u017dUVACIE MEDVED\u00cdKY + ZMIE\u0160AN\u00c9 BOBULE: \u017duvacie cukr\u00edky a les pln\u00fd sladk\u00fdch bob\u00fa\u013e.<\/li>\n<\/ol>\n<h3 style=\"color: #2d3436\">\u0160tatistick\u00fd list (\u0160pecifik\u00e1cie)<\/h3>\n<table style=\"width: 100%;border-collapse: separate;border-spacing: 0;margin: 20px 0;border: 2px solid #6c5ce7;border-radius: 10px;overflow: hidden\">\n<thead>\n<tr style=\"background-color: #6c5ce7;color: white\">\n<th style=\"padding: 15px;text-align: left\">Power-Up<\/th>\n<th style=\"padding: 15px;text-align: left\">\u00darove\u0148 zru\u010dnosti<\/th>\n<\/tr>\n<\/thead>\n<tbody>\n<tr>\n<td style=\"padding: 12px;border-bottom: 1px solid #eee;font-weight: bold\">Total Puffs<\/td>\n<td style=\"padding: 12px;border-bottom: 1px solid #eee\">120 000 (maxim\u00e1lna kapacita)<\/td>\n<\/tr>\n<tr style=\"background-color: #f9f9fb\">\n<td style=\"padding: 12px;border-bottom: 1px solid #eee;font-weight: bold\">Objem n\u00e1dr\u017ee<\/td>\n<td style=\"padding: 12px;border-bottom: 1px solid #eee\">28ml (Obrovsk\u00e1 rezerva)<\/td>\n<\/tr>\n<tr>\n<td style=\"padding: 12px;border-bottom: 1px solid #eee;font-weight: bold\">\u017divotnos\u0165 bat\u00e9rie<\/td>\n<td style=\"padding: 12px;border-bottom: 1px solid #eee\">1000 mAh (nab\u00edjate\u013en\u00e9)<\/td>\n<\/tr>\n<tr style=\"background-color: #f9f9fb\">\n<td style=\"padding: 12px;border-bottom: 1px solid #eee;font-weight: bold\">Nab\u00edjac\u00ed port<\/td>\n<td style=\"padding: 12px;border-bottom: 1px solid #eee\">Typ-C vysok\u00e1 r\u00fdchlos\u0165<\/td>\n<\/tr>\n<tr>\n<td style=\"padding: 12px;font-weight: bold\">Riadenie vzduchu<\/td>\n<td style=\"padding: 12px\">Nastavite\u013en\u00fd kr\u00fa\u017eok pre pr\u00fadenie vzduchu<\/td>\n<\/tr>\n<\/tbody>\n<\/table>\n<h3 style=\"color: #2d3436\">Podpora hr\u00e1\u010dov (\u010casto kladen\u00e9 ot\u00e1zky)<\/h3>\n<div style=\"background-color: #dfe6e9;border-radius: 15px;padding: 20px;border: 2px solid #b2bec3\">\n<div style=\"margin-bottom: 15px;background: white;padding: 15px;border-radius: 10px;border-left: 5px solid #00cec9\">\n<p style=\"font-weight: bold;color: #2d3436;margin-bottom: 5px\">Ako dlho to skuto\u010dne vydr\u017e\u00ed?<\/p>\n<p style=\"margin: 0\">S 120 000 v\u00fddychmi je tento jednorazov\u00fd vape navrhnut\u00fd tak, aby vydr\u017eal ove\u013ea dlh\u0161ie ako be\u017en\u00e9. Je to kone\u010dn\u00fd dlhodistancekov\u00fd be\u017eec!<\/p>\n<\/div>\n<div style=\"margin-bottom: 15px;background: white;padding: 15px;border-radius: 10px;border-left: 5px solid #00cec9\">\n<p style=\"font-weight: bold;color: #2d3436;margin-bottom: 5px\">\u2753 M\u00f4\u017eem ich objedna\u0165 vo ve\u013ekom mno\u017estve?<\/p>\n<p style=\"margin: 0\">Absol\u00fatne! VapeXYZ je #1 ve\u013ekoobchodn\u00e1 platforma v Eur\u00f3pe. Radi pom\u00e1h\u00e1me majitelom obchodov a ve\u013ek\u00fdm kupuj\u00facim z\u00edska\u0165 najlep\u0161ie ponuky na jednorazov\u00e9 vapes.<\/p>\n<\/div>\n<div style=\"background: white;padding: 15px;border-radius: 10px;border-left: 5px solid #00cec9\">\n<p style=\"font-weight: bold;color: #2d3436;margin-bottom: 5px\">Je obrazovka \u013eahko \u010ditate\u013en\u00e1?<\/p>\n<p style=\"margin: 0\">\u00c1no! Displej HD je jasn\u00fd a \u010dist\u00fd, tak\u017ee v\u017edy budete presne vedie\u0165, kedy je potrebn\u00e9 nab\u00edjanie pomocou k\u00e1bla Type-C.<\/p>\n<\/div>\n<\/div>\n<p style=\"text-align: center;margin-top: 40px;font-size: 1.3em;font-weight: bold;color: #6c5ce7\">Zv\u00fd\u0161te \u00farove\u0148 svojich sk\u00fasenost\u00ed! Nav\u0161t\u00edvte <a href=\"https:\/\/vapexyz.com\/sk\/\"><span style=\"text-decoration: underline\">VapeXYZ<\/span><\/a> Teraz za najlep\u0161ie ve\u013ekoobchodn\u00e9 ceny na AIVONO AVN MATE 120K!<\/p>\n<\/article>\n<p>&nbsp;<\/p>\n<p><img loading=\"lazy\" decoding=\"async\" class=\"aligncenter wp-image-69548 size-full\" src=\"https:\/\/vapexyz.com\/wp-content\/uploads\/2026\/03\/AIVONO-AVN-MATE-120000-Puffs-Disposable-Vapes-2-In-1-Taste-Wholesale-Bulk-Buy-120K-Smart-Screen-scaled.webp\" alt=\"AIVONO AVN MATE 120 000 v\u00fdfukov Jednor\u00e1zov\u00e9 Vapes 2 v 1 Chuti Ve\u013ekoobchodn\u00fd Hromadn\u00fd N\u00e1kup 120K Inteligentn\u00e1 Obrazovka\" width=\"1380\" height=\"2560\" title=\"\" srcset=\"https:\/\/vapexyz.com\/wp-content\/uploads\/2026\/03\/AIVONO-AVN-MATE-120000-Puffs-Disposable-Vapes-2-In-1-Taste-Wholesale-Bulk-Buy-120K-Smart-Screen-scaled.webp 1380w, https:\/\/vapexyz.com\/wp-content\/uploads\/2026\/03\/AIVONO-AVN-MATE-120000-Puffs-Disposable-Vapes-2-In-1-Taste-Wholesale-Bulk-Buy-120K-Smart-Screen-269x500.webp 269w, https:\/\/vapexyz.com\/wp-content\/uploads\/2026\/03\/AIVONO-AVN-MATE-120000-Puffs-Disposable-Vapes-2-In-1-Taste-Wholesale-Bulk-Buy-120K-Smart-Screen-552x1024.webp 552w, https:\/\/vapexyz.com\/wp-content\/uploads\/2026\/03\/AIVONO-AVN-MATE-120000-Puffs-Disposable-Vapes-2-In-1-Taste-Wholesale-Bulk-Buy-120K-Smart-Screen-768x1425.webp 768w, https:\/\/vapexyz.com\/wp-content\/uploads\/2026\/03\/AIVONO-AVN-MATE-120000-Puffs-Disposable-Vapes-2-In-1-Taste-Wholesale-Bulk-Buy-120K-Smart-Screen-828x1536.webp 828w, https:\/\/vapexyz.com\/wp-content\/uploads\/2026\/03\/AIVONO-AVN-MATE-120000-Puffs-Disposable-Vapes-2-In-1-Taste-Wholesale-Bulk-Buy-120K-Smart-Screen-1104x2048.webp 1104w, https:\/\/vapexyz.com\/wp-content\/uploads\/2026\/03\/AIVONO-AVN-MATE-120000-Puffs-Disposable-Vapes-2-In-1-Taste-Wholesale-Bulk-Buy-120K-Smart-Screen-6x12.webp 6w, https:\/\/vapexyz.com\/wp-content\/uploads\/2026\/03\/AIVONO-AVN-MATE-120000-Puffs-Disposable-Vapes-2-In-1-Taste-Wholesale-Bulk-Buy-120K-Smart-Screen-510x946.webp 510w\" sizes=\"auto, (max-width: 1380px) 100vw, 1380px\" \/><\/p>","protected":false},"excerpt":{"rendered":"<div id=\"model-response-message-contentr_cfe23e6a8f768e3b\" class=\"markdown markdown-main-panel tutor-markdown-rendering stronger enable-updated-hr-color\" dir=\"ltr\" aria-live=\"polite\">\n<p data-path-to-node=\"0\">Za\u017eite kone\u010dn\u00e9 dlhovekos\u0165 s AIVONO AVN MATE 120000 Puffs, v\u00fdkonn\u00fdm jednorazov\u00fdm vape s dvojit\u00fdm v\u00fdberom pr\u00edchute a inteligentnou obrazovkou HD, dostupn\u00fdm teraz pre ve\u013ekoobchodn\u00fd n\u00e1kup na VapeXYZ.<\/p>\n<\/div>","protected":false},"featured_media":69560,"comment_status":"open","ping_status":"closed","template":"","meta":{"_lmt_disableupdate":"no","_lmt_disable":""},"product_brand":[],"product_cat":[944,1087,947,935,934,927,929,928,930,933,939,932,938,931,936,937,1017,949,946,1083,950,951,953,820,987],"product_tag":[],"class_list":{"0":"post-69449","1":"product","2":"type-product","3":"status-publish","4":"has-post-thumbnail","6":"product_cat-aivono","7":"product_cat-120000-puff-vapes","8":"product_cat-big-puffs-vapes","9":"product_cat-bulk-buy-disposable-vapes-in-austria","10":"product_cat-bulk-buy-disposable-vapes-in-belgium","11":"product_cat-bulk-buy-disposable-vapes-in-europe","12":"product_cat-bulk-buy-disposable-vapes-in-france","13":"product_cat-bulk-buy-disposable-vapes-in-germany","14":"product_cat-bulk-buy-disposable-vapes-in-italy","15":"product_cat-bulk-buy-disposable-vapes-in-netherlands","16":"product_cat-bulk-buy-disposable-vapes-in-norway","17":"product_cat-bulk-buy-disposable-vapes-in-poland","18":"product_cat-bulk-buy-disposable-vapes-in-portugal","19":"product_cat-bulk-buy-disposable-vapes-in-spain","20":"product_cat-bulk-buy-disposable-vapes-in-sweden","21":"product_cat-bulk-buy-disposable-vapes-in-switzerland","22":"product_cat-buy-best-disposable-vape-flavors","23":"product_cat-digital-box-vapes","24":"product_cat-disposable-vapes-series","25":"product_cat-double-flavor-vapes","26":"product_cat-dual-mesh-vapes","27":"product_cat-lower-nicotine-vapes","28":"product_cat-rechargeable-vapes","29":"product_cat-vape","30":"product_cat-vape-shop-by-puffs","32":"first","33":"instock","34":"shipping-taxable","35":"purchasable","36":"product-type-variable","37":"has-default-attributes"},"jetpack_sharing_enabled":true,"tiered_pricing_type":"fixed","tiered_pricing_fixed_rules":[],"tiered_pricing_product_settings":{"layout":"default","base_unit_name":{"singular":null,"plural":null},"default_variation":null},"tiered_pricing_minimum_quantity":null,"tiered_pricing_roles_data":[],"tiered_pricing_percentage_rules":[],"tiered_pricing_maximum_quantity":null,"tiered_pricing_quantity_step":null,"_links":{"self":[{"href":"https:\/\/vapexyz.com\/sk\/wp-json\/wp\/v2\/product\/69449","targetHints":{"allow":["GET"]}}],"collection":[{"href":"https:\/\/vapexyz.com\/sk\/wp-json\/wp\/v2\/product"}],"about":[{"href":"https:\/\/vapexyz.com\/sk\/wp-json\/wp\/v2\/types\/product"}],"replies":[{"embeddable":true,"href":"https:\/\/vapexyz.com\/sk\/wp-json\/wp\/v2\/comments?post=69449"}],"wp:featuredmedia":[{"embeddable":true,"href":"https:\/\/vapexyz.com\/sk\/wp-json\/wp\/v2\/media\/69560"}],"wp:attachment":[{"href":"https:\/\/vapexyz.com\/sk\/wp-json\/wp\/v2\/media?parent=69449"}],"wp:term":[{"taxonomy":"product_brand","embeddable":true,"href":"https:\/\/vapexyz.com\/sk\/wp-json\/wp\/v2\/product_brand?post=69449"},{"taxonomy":"product_cat","embeddable":true,"href":"https:\/\/vapexyz.com\/sk\/wp-json\/wp\/v2\/product_cat?post=69449"},{"taxonomy":"product_tag","embeddable":true,"href":"https:\/\/vapexyz.com\/sk\/wp-json\/wp\/v2\/product_tag?post=69449"}],"curies":[{"name":"wp","href":"https:\/\/api.w.org\/{rel}","templated":true}]}}