{"id":69406,"date":"2026-03-13T09:03:56","date_gmt":"2026-03-13T09:03:56","guid":{"rendered":"https:\/\/vapexyz.com\/?post_type=product&#038;p=69406"},"modified":"2026-03-15T14:42:30","modified_gmt":"2026-03-15T14:42:30","slug":"bang-blaze-200k-dsk069-jednorazove-vapey-velkoobchodny-nakup-200000-potiahnuti-6-v-1-prepinatelna-dvojita-siet","status":"publish","type":"product","link":"https:\/\/vapexyz.com\/sk\/product\/bang-blaze-200k-dsk069-disposable-vapes-wholesale-bulk-buy-200000-puffs-6-in-1-switchable-dual-mesh\/","title":{"rendered":"BANG BLAZE 200K DSK069 Jednor\u00e1zov\u00e9 Vapes Ve\u013ekoobchodn\u00fd n\u00e1kup 200000 Puffov 6 V 1 Prep\u00ednate\u013en\u00e1 Dvojit\u00e1 Sie\u0165"},"content":{"rendered":"<article>\n<h2 style=\"color: #2c3e50;text-align: center\"><a href=\"https:\/\/vapexyz.com\/sk\/kategoria-produktu\/tresk\/\">BANG BLAZE<\/a> 200K DSK069: Ultim\u00e1tny gigant v jednorazov\u00fdch vapeoch<\/h2>\n<p>Ste pripraven\u00ed na z\u00e1\u017eitok z vapovania, ktor\u00fd jednoducho neust\u00e1le pokra\u010duje? BANG BLAZE 200K DSK069 je tu, aby v\u0161etko zmenil! S ohromnou kapacitou 200 000 potiahnut\u00ed je toto zariadenie stavan\u00e9 pre dlhotrvaj\u00facu z\u00e1bavu. Je farebn\u00e9, inteligentn\u00e9 a ide\u00e1lne pre ka\u017ed\u00e9ho, kto chce spo\u013eahliv\u00fd jednor\u00e1zov\u00fd vape, ktor\u00fd mu zostane po boku po cel\u00e9 t\u00fd\u017edne.<\/p>\n<p>V VapeXYZ sme v\u00e1\u0161 najlep\u0161\u00ed eur\u00f3psky ve\u013ekoobchodn\u00fd dom pre tieto \u00fa\u017easn\u00e9 jednorazov\u00e9 vape produkty. \u010ci u\u017e nakupujete pre seba alebo pre svoj obchod, zabezpe\u010dujeme v\u00e1m najlep\u0161ie ve\u013ekoobchodn\u00e9 ceny v tomto odvetv\u00ed!<\/p>\n<div style=\"margin: 20px 0;font-family: sans-serif;line-height: 1.6;color: #444\">\n<h3 style=\"color: #2980b9;margin-bottom: 12px\">Pre\u010do je BANG BLAZE 200K revolu\u010dn\u00fd \ud83d\udc8e<\/h3>\n<p style=\"font-size: 1em;margin: 0\">Za\u017eite bud\u00facnos\u0165 vapovania s BANG BLAZE 200K. Navrhnut\u00fd pre maxim\u00e1lnu \u017eivotnos\u0165, poskytuje priemyselom ved\u00faci po\u010det 200 000+ \u0165ahov, \u010d\u00edm zabezpe\u010duje, \u017ee va\u0161e zariadenie vydr\u017e\u00ed tak dlho, ako vy\u017eaduje v\u00e1\u0161 \u017eivotn\u00fd \u0161t\u00fdl. Zosta\u0148te v \u00faplnej kontrole v\u010faka integrovan\u00e9mu Smart LED displeju pre monitorovanie bat\u00e9rie v re\u00e1lnom \u010dase, zatia\u013e \u010do na\u0161a pokro\u010dil\u00e1 technol\u00f3gia Dual Mesh Tech garantuje konzistentne hladk\u00fd, vyv\u00e1\u017een\u00fd a aromatick\u00fd \u0165ah od prv\u00e9ho po posledn\u00fd \u0165ah.<\/p>\n<\/div>\n<h3 style=\"color: #2c3e50\">Presk\u00famajte svoje mo\u017enosti 6 v 1<\/h3>\n<p>Ka\u017ed\u00e9 zariadenie je ako pokladnica so 6 r\u00f4znymi odrodami vo vn\u00fatri! Pozrite si \u00fa\u017easn\u00e9 mo\u017enosti dostupn\u00e9 pre ve\u013ekoobchodn\u00fd n\u00e1kup:<\/p>\n<table style=\"width: 100%;border-collapse: collapse;margin: 20px 0;border: 1px solid #ddd;font-family: Arial, sans-serif\">\n<thead>\n<tr style=\"background-color: #34495e;color: white;text-align: left\">\n<th style=\"padding: 12px;border: 1px solid #ddd;width: 30%\">N\u00e1zov mo\u017enosti<\/th>\n<th style=\"padding: 12px;border: 1px solid #ddd\">Zahrnut\u00e9 odrody (6 v 1)<\/th>\n<\/tr>\n<\/thead>\n<tbody>\n<tr>\n<td style=\"padding: 10px;border: 1px solid #ddd;font-weight: bold;color: #e67e22\">1. Slne\u010dn\u00e1 zmes<\/td>\n<td style=\"padding: 10px;border: 1px solid #ddd\">Brosky\u0148ov\u00fd \u013ead, Citrusovo-limetkov\u00fd, Jahodov\u00e1 vodn\u00e1 mel\u00f3n, Malinovo-hroznov\u00fd, Jahodov\u00e1 mamba, \u010cere\u0161\u0148ov\u00fd gran\u00e1t<\/td>\n<\/tr>\n<tr style=\"background-color: #f9f9f9\">\n<td style=\"padding: 10px;border: 1px solid #ddd;font-weight: bold;color: #e67e22\">2. Tropick\u00fd sad<\/td>\n<td style=\"padding: 10px;border: 1px solid #ddd\">Mel\u00f3nov\u00fd \u013ead, Jablko Hrozno, \u010cu\u010doriedka Malina, Mango Brosky\u0148a, Anan\u00e1sov\u00e1 pomaran\u010d, \u010cu\u010doriedka Brosky\u0148a<\/td>\n<\/tr>\n<tr>\n<td style=\"padding: 10px;border: 1px solid #ddd;font-weight: bold;color: #e67e22\">3. Skvel\u00e1 dobrodru\u017estvo<\/td>\n<td style=\"padding: 10px;border: 1px solid #ddd\">Hroznov\u00fd \u013ead, Malinov\u00fd citr\u00f3n, \u010cu\u010dorovn\u00edkov\u00fd Red Bull, Anan\u00e1sov\u00fd kokos, Jahodov\u00fd li\u010di, \u010cierny drak \u013ead<\/td>\n<\/tr>\n<tr style=\"background-color: #f9f9f9\">\n<td style=\"padding: 10px;border: 1px solid #ddd;font-weight: bold;color: #e67e22\">4. Berry Garden<\/td>\n<td style=\"padding: 10px;border: 1px solid #ddd\">Modr\u00e1 \u010du\u010doriedka Ice, Malina Vodn\u00fd mel\u00f3n, Aloe vera Hrozno, Jahoda Ban\u00e1n, L\u00e1ska 66, Modr\u00e1 \u010du\u010doriedka \u010cere\u0161\u0148a<\/td>\n<\/tr>\n<tr>\n<td style=\"padding: 10px;border: 1px solid #ddd;font-weight: bold;color: #e67e22\">Sladk\u00e9 dobroty<\/td>\n<td style=\"padding: 10px;border: 1px solid #ddd\">Jablkov\u00fd \u013ead, Zmie\u0161an\u00e9 bobule, Vodov\u00e1 bublina s mel\u00f3nom, \u010cu\u010dorovn\u00edk s vodov\u00fdm mel\u00f3nom, Jahodov\u00fd mango, Aloe mango s cantalupom<\/td>\n<\/tr>\n<tr style=\"background-color: #f9f9f9\">\n<td style=\"padding: 10px;border: 1px solid #ddd;font-weight: bold;color: #e67e22\">6. Ostrovn\u00e1 p\u00e1rty<\/td>\n<td style=\"padding: 10px;border: 1px solid #ddd\">Anan\u00e1sov\u00fd \u013ead, Kiwi P\u00e1chnaj\u00face ovocie Guava, \u017del\u00e9 medve\u010f, Vodov\u00e1 mel\u00f3nov\u00e1 dra\u010d\u00ed ovocie, Brosky\u013eov\u00e1 mangov\u00e1 vodov\u00e1 mel\u00f3n, \u010cu\u010dorovn\u00edkov\u00e1 brusnicov\u00e1 \u010dere\u0161\u0148a<\/td>\n<\/tr>\n<tr>\n<td style=\"padding: 10px;border: 1px solid #ddd;font-weight: bold;color: #e67e22\">7. \u010cist\u00fd Ovocn\u00fd Raj<\/td>\n<td style=\"padding: 10px;border: 1px solid #ddd\">Jahoda, \u010cierna r\u00edbez\u013ea, Anan\u00e1sov\u00fd \u013ead, Tropick\u00e9 ovocie, Hroznov\u00e1 \u017euva\u010dka, \u010cu\u010doriedka a hrozno, Mango a marakuja<\/td>\n<\/tr>\n<tr style=\"background-color: #f9f9f9\">\n<td style=\"padding: 10px;border: 1px solid #ddd;font-weight: bold;color: #e67e22\">8. Zlat\u00e1 \u00faroda<\/td>\n<td style=\"padding: 10px;border: 1px solid #ddd\">Trojn\u00e1sobn\u00e1 Mango, Hroznov\u00e1 Brosky\u0148a, Jahodov\u00e1 Zmrzlina, Jahodov\u00e1 Kiwi, Hroznov\u00e1 Energia, \u010cerven\u00e1 Cola<\/td>\n<\/tr>\n<tr>\n<td style=\"padding: 10px;border: 1px solid #ddd;font-weight: bold;color: #e67e22\">9. Osvie\u017euj\u00faci v\u00e1nok<\/td>\n<td style=\"padding: 10px;border: 1px solid #ddd\">Ban\u00e1nov\u00fd \u013ead, Aloe vera jablko, Mu\u010denka grapefruit, Jahodov\u00e1 kokosov\u00e1, Jahodov\u00e1 vodov\u00e1 mel\u00f3nov\u00e1 \u017euva\u010dka, Vodov\u00e1 mel\u00f3nov\u00e1 limetkov\u00e1 zmrzlina<\/td>\n<\/tr>\n<tr style=\"background-color: #f9f9f9\">\n<td style=\"padding: 10px;border: 1px solid #ddd;font-weight: bold;color: #e67e22\">10. Kr\u00e9mov\u00e9 a kysl\u00e9<\/td>\n<td style=\"padding: 10px;border: 1px solid #ddd\">\u010cere\u0161\u0148ov\u00fd \u013ead, Ru\u017eov\u00fd citr\u00f3n, \u010cu\u010dorov\u00e1 m\u00e4ta, Ban\u00e1nov\u00e9 zmrzlinov\u00e9, Pasiov\u00fd ovocn\u00fd anan\u00e1sov\u00fd \u013ead, Zelen\u00e9 jablko kivi<\/td>\n<\/tr>\n<tr>\n<td style=\"padding: 10px;border: 1px solid #ddd;font-weight: bold;color: #e67e22\">11. Sladk\u00e9 sny<\/td>\n<td style=\"padding: 10px;border: 1px solid #ddd\">D\u00fahov\u00e1 cukrovka, Brosky\u0148ov\u00fd hru\u0161kov\u00fd \u013ead, Cappuccino, \u010cerstv\u00fd m\u00e4tov\u00fd mojito, Jahodov\u00fd mangov\u00fd \u010dernice, Puffy marshmallow<\/td>\n<\/tr>\n<tr style=\"background-color: #f9f9f9\">\n<td style=\"padding: 10px;border: 1px solid #ddd;font-weight: bold;color: #e67e22\">12. Super Berry Blast<\/td>\n<td style=\"padding: 10px;border: 1px solid #ddd\">\u010cierna r\u00edbez\u013ea, Trojit\u00fd mel\u00f3n, Jahoda Malina, Super Bobule, \u010cu\u010doriedka \u010cernica Jahoda, Brosky\u0148a Citr\u00f3nov\u00e1 voda<\/td>\n<\/tr>\n<\/tbody>\n<\/table>\n<div style=\"background-color: #e8f6f3;border-left: 10px solid #1abc9c;padding: 20px;margin: 30px 0;border-radius: 5px\">\n<h3 style=\"color: #16a085;margin-top: 0\">\ud83d\udca1 Pozn\u00e1vacia skri\u0148a: Inteligentn\u00fd sp\u00f4sob vapovania<\/h3>\n<p>BANG BLAZE 200K je navrhnut\u00fd tak, aby bol u\u017e\u00edvate\u013esky pr\u00edvetiv\u00fd. Namiesto toho, aby ste nosili ve\u013ea mal\u00fdch jednorazov\u00fdch vapeov, tento jeden pr\u00edstroj ich v\u0161etky nahr\u00e1dza. Vyzna\u010duje sa nab\u00edjate\u013enou 600mAh bat\u00e9riou, tak\u017ee sta\u010d\u00ed len zapoji\u0165 pomocou k\u00e1bla Type-C a pokra\u010dova\u0165 a\u017e do posledn\u00e9ho d\u00fahu. Je \u0161etrn\u00fd k va\u0161ej pe\u0148a\u017eenke a lep\u0161ie pre svet okolo n\u00e1s!<\/p>\n<\/div>\n<h3 style=\"color: #2c3e50\">Technick\u00e9 fakty \ud83d\udcca<\/h3>\n<table style=\"width: 100%;border-collapse: collapse;margin-bottom: 20px\">\n<thead>\n<tr style=\"background-color: #2c3e50;color: white\">\n<th style=\"padding: 12px;border: 1px solid #ddd\">\u0160pecifik\u00e1cia<\/th>\n<th style=\"padding: 12px;border: 1px solid #ddd\">Podrobnosti<\/th>\n<\/tr>\n<\/thead>\n<tbody>\n<tr>\n<td style=\"padding: 10px;border: 1px solid #ddd;font-weight: bold\">Puff Count<\/td>\n<td style=\"padding: 10px;border: 1px solid #ddd\">200 000 Puffov<\/td>\n<\/tr>\n<tr>\n<td style=\"padding: 10px;border: 1px solid #ddd;font-weight: bold\">Bat\u00e9ria<\/td>\n<td style=\"padding: 10px;border: 1px solid #ddd\">600mAh (nab\u00edjate\u013en\u00e9 cez Type-C)<\/td>\n<\/tr>\n<tr>\n<td style=\"padding: 10px;border: 1px solid #ddd;font-weight: bold\">Syst\u00e9m cievok<\/td>\n<td style=\"padding: 10px;border: 1px solid #ddd\">1,2\u03a9 du\u00e1lny mesh cievka<\/td>\n<\/tr>\n<tr>\n<td style=\"padding: 10px;border: 1px solid #ddd;font-weight: bold\">Obrazovka<\/td>\n<td style=\"padding: 10px;border: 1px solid #ddd\">Digit\u00e1lny inteligentn\u00fd monitor<\/td>\n<\/tr>\n<tr>\n<td style=\"padding: 10px;border: 1px solid #ddd;font-weight: bold\">Sk\u00fasenosti<\/td>\n<td style=\"padding: 10px;border: 1px solid #ddd\">6-v-1 prep\u00ednate\u013en\u00e9 mo\u017enosti<\/td>\n<\/tr>\n<\/tbody>\n<\/table>\n<div style=\"background-color: #fff9e6;border: 2px dashed #f39c12;border-radius: 15px;padding: 25px;margin-top: 30px\">\n<h3 style=\"color: #d35400;margin-top: 0;text-align: center\">\u010casto kladen\u00e9 ot\u00e1zky (FAQ)<\/h3>\n<div style=\"margin-bottom: 15px\">\n<p style=\"font-weight: bold;color: #2980b9;margin-bottom: 5px\">Ako nabijem svoj BANG BLAZE?<\/p>\n<p style=\"margin-top: 0;color: #444\">Jednoducho pou\u017eite k\u00e1bel Type-C (rovnako ako v\u00e4\u010d\u0161ina modern\u00fdch telef\u00f3nov) a zapojte ho na spodn\u00fa \u010das\u0165 zariadenia. Inteligentn\u00e1 obrazovka v\u00e1m zobraz\u00ed stav bat\u00e9rie!<\/p>\n<\/div>\n<hr style=\"border: 0;border-top: 1px solid #f39c12;margin: 15px 0\" \/>\n<div style=\"margin-bottom: 15px\">\n<p style=\"font-weight: bold;color: #2980b9;margin-bottom: 5px\">M\u00f4\u017eem ich k\u00fapi\u0165 vo ve\u013ek\u00fdch mno\u017estv\u00e1ch pre m\u00f4j obchod?<\/p>\n<p style=\"margin-top: 0;color: #444\">\u00c1no! VapeXYZ je popredn\u00e1 ve\u013ekoobchodn\u00e1 platforma. \u0160pecializujeme sa na ve\u013ekoobchodn\u00e9 objedn\u00e1vky jednorazov\u00fdch vapeov po celej Eur\u00f3pe a pon\u00fakame najkonkurencieschopnej\u0161ie ceny.<\/p>\n<\/div>\n<hr style=\"border: 0;border-top: 1px solid #f39c12;margin: 15px 0\" \/>\n<div style=\"margin-bottom: 0\">\n<p style=\"font-weight: bold;color: #2980b9;margin-bottom: 5px\">Ko\u013eko mo\u017enost\u00ed je v jednom zariaden\u00ed?<\/p>\n<p style=\"margin-top: 0;color: #444\">Ka\u017ed\u00e9 zariadenie BANG BLAZE 200K prich\u00e1dza s konfigur\u00e1ciou \u201c6 v 1\u201d, \u010do znamen\u00e1, \u017ee z\u00edskate r\u00f4zne 6 r\u00f4znych z\u00e1\u017eitkov v ka\u017edej jednotke!<\/p>\n<\/div>\n<\/div>\n<p><img loading=\"lazy\" decoding=\"async\" class=\"size-full wp-image-69550 aligncenter\" src=\"https:\/\/vapexyz.com\/wp-content\/uploads\/2026\/03\/BANG-BLAZE-200K-DSK069-Disposable-Vapes-Wholesale-Bulk-Buy-200000-Puffs-6-In-1-Switchable-Dual-Mesh-scaled.webp\" alt=\"BANG BLAZE 200K DSK069 Jednor\u00e1zov\u00e9 Vapes Ve\u013ekoobchodn\u00fd n\u00e1kup 200000 Puffov 6 V 1 Prep\u00ednate\u013en\u00e1 Dvojit\u00e1 Sie\u0165\" width=\"1129\" height=\"2560\" title=\"\" srcset=\"https:\/\/vapexyz.com\/wp-content\/uploads\/2026\/03\/BANG-BLAZE-200K-DSK069-Disposable-Vapes-Wholesale-Bulk-Buy-200000-Puffs-6-In-1-Switchable-Dual-Mesh-scaled.webp 1129w, https:\/\/vapexyz.com\/wp-content\/uploads\/2026\/03\/BANG-BLAZE-200K-DSK069-Disposable-Vapes-Wholesale-Bulk-Buy-200000-Puffs-6-In-1-Switchable-Dual-Mesh-221x500.webp 221w, https:\/\/vapexyz.com\/wp-content\/uploads\/2026\/03\/BANG-BLAZE-200K-DSK069-Disposable-Vapes-Wholesale-Bulk-Buy-200000-Puffs-6-In-1-Switchable-Dual-Mesh-452x1024.webp 452w, https:\/\/vapexyz.com\/wp-content\/uploads\/2026\/03\/BANG-BLAZE-200K-DSK069-Disposable-Vapes-Wholesale-Bulk-Buy-200000-Puffs-6-In-1-Switchable-Dual-Mesh-768x1741.webp 768w, https:\/\/vapexyz.com\/wp-content\/uploads\/2026\/03\/BANG-BLAZE-200K-DSK069-Disposable-Vapes-Wholesale-Bulk-Buy-200000-Puffs-6-In-1-Switchable-Dual-Mesh-677x1536.webp 677w, https:\/\/vapexyz.com\/wp-content\/uploads\/2026\/03\/BANG-BLAZE-200K-DSK069-Disposable-Vapes-Wholesale-Bulk-Buy-200000-Puffs-6-In-1-Switchable-Dual-Mesh-903x2048.webp 903w, https:\/\/vapexyz.com\/wp-content\/uploads\/2026\/03\/BANG-BLAZE-200K-DSK069-Disposable-Vapes-Wholesale-Bulk-Buy-200000-Puffs-6-In-1-Switchable-Dual-Mesh-5x12.webp 5w, https:\/\/vapexyz.com\/wp-content\/uploads\/2026\/03\/BANG-BLAZE-200K-DSK069-Disposable-Vapes-Wholesale-Bulk-Buy-200000-Puffs-6-In-1-Switchable-Dual-Mesh-510x1156.webp 510w\" sizes=\"auto, (max-width: 1129px) 100vw, 1129px\" \/><\/p>\n<p style=\"text-align: center;margin-top: 40px;font-size: 1.3em;color: #2ecc71;font-weight: bold\">\u2728 Pripraven\u00ed za\u017ei\u0165 ten najlep\u0161\u00ed dym? Nav\u0161t\u00edvte <a href=\"https:\/\/vapexyz.com\/sk\/\">VapeXYZ<\/a> a z\u00edskajte svoj BANG BLAZE 200K e\u0161te dnes! \ud83d\uded2<\/p>\n<\/article>","protected":false},"excerpt":{"rendered":"<div id=\"model-response-message-contentr_001ec7cad91754b3\" class=\"markdown markdown-main-panel tutor-markdown-rendering stronger enable-updated-hr-color\" dir=\"ltr\" aria-live=\"polite\">\n<p data-path-to-node=\"0\">Zv\u00fd\u0161te svoj invent\u00e1r pomocou BANG BLAZE 200K DSK069, v\u00fdkonn\u00e9ho jednorazov\u00e9ho vapera s neuverite\u013en\u00fdmi 200 000 \u0165ahmi, technol\u00f3giou inteligentnej obrazovky a v\u0161estrann\u00fdmi mo\u017enos\u0165ami 6 v 1, dostupn\u00fdmi pre ve\u013ekoobchodn\u00fd n\u00e1kup v\u00fdlu\u010dne na VapeXYZ.<\/p>\n<\/div>","protected":false},"featured_media":69552,"comment_status":"open","ping_status":"closed","template":"","meta":{"_lmt_disableupdate":"no","_lmt_disable":""},"product_brand":[],"product_cat":[821,1106,947,935,934,927,929,928,930,933,939,932,938,931,936,937,1017,949,946,950,951,953,1105,987],"product_tag":[],"class_list":{"0":"post-69406","1":"product","2":"type-product","3":"status-publish","4":"has-post-thumbnail","6":"product_cat-bang","7":"product_cat-200000-puffs-vapes","8":"product_cat-big-puffs-vapes","9":"product_cat-bulk-buy-disposable-vapes-in-austria","10":"product_cat-bulk-buy-disposable-vapes-in-belgium","11":"product_cat-bulk-buy-disposable-vapes-in-europe","12":"product_cat-bulk-buy-disposable-vapes-in-france","13":"product_cat-bulk-buy-disposable-vapes-in-germany","14":"product_cat-bulk-buy-disposable-vapes-in-italy","15":"product_cat-bulk-buy-disposable-vapes-in-netherlands","16":"product_cat-bulk-buy-disposable-vapes-in-norway","17":"product_cat-bulk-buy-disposable-vapes-in-poland","18":"product_cat-bulk-buy-disposable-vapes-in-portugal","19":"product_cat-bulk-buy-disposable-vapes-in-spain","20":"product_cat-bulk-buy-disposable-vapes-in-sweden","21":"product_cat-bulk-buy-disposable-vapes-in-switzerland","22":"product_cat-buy-best-disposable-vape-flavors","23":"product_cat-digital-box-vapes","24":"product_cat-disposable-vapes-series","25":"product_cat-dual-mesh-vapes","26":"product_cat-lower-nicotine-vapes","27":"product_cat-rechargeable-vapes","28":"product_cat-six-flavor-vapes","29":"product_cat-vape-shop-by-puffs","31":"first","32":"instock","33":"shipping-taxable","34":"purchasable","35":"product-type-variable","36":"has-default-attributes"},"jetpack_sharing_enabled":true,"tiered_pricing_type":"fixed","tiered_pricing_fixed_rules":[],"tiered_pricing_product_settings":{"layout":"default","base_unit_name":{"singular":null,"plural":null},"default_variation":null},"tiered_pricing_minimum_quantity":null,"tiered_pricing_roles_data":[],"tiered_pricing_percentage_rules":[],"tiered_pricing_maximum_quantity":null,"tiered_pricing_quantity_step":null,"_links":{"self":[{"href":"https:\/\/vapexyz.com\/sk\/wp-json\/wp\/v2\/product\/69406","targetHints":{"allow":["GET"]}}],"collection":[{"href":"https:\/\/vapexyz.com\/sk\/wp-json\/wp\/v2\/product"}],"about":[{"href":"https:\/\/vapexyz.com\/sk\/wp-json\/wp\/v2\/types\/product"}],"replies":[{"embeddable":true,"href":"https:\/\/vapexyz.com\/sk\/wp-json\/wp\/v2\/comments?post=69406"}],"wp:featuredmedia":[{"embeddable":true,"href":"https:\/\/vapexyz.com\/sk\/wp-json\/wp\/v2\/media\/69552"}],"wp:attachment":[{"href":"https:\/\/vapexyz.com\/sk\/wp-json\/wp\/v2\/media?parent=69406"}],"wp:term":[{"taxonomy":"product_brand","embeddable":true,"href":"https:\/\/vapexyz.com\/sk\/wp-json\/wp\/v2\/product_brand?post=69406"},{"taxonomy":"product_cat","embeddable":true,"href":"https:\/\/vapexyz.com\/sk\/wp-json\/wp\/v2\/product_cat?post=69406"},{"taxonomy":"product_tag","embeddable":true,"href":"https:\/\/vapexyz.com\/sk\/wp-json\/wp\/v2\/product_tag?post=69406"}],"curies":[{"name":"wp","href":"https:\/\/api.w.org\/{rel}","templated":true}]}}