{"id":62447,"date":"2026-01-28T07:45:36","date_gmt":"2026-01-28T07:45:36","guid":{"rendered":"https:\/\/vapexyz.com\/?post_type=product&#038;p=62447"},"modified":"2026-01-28T07:45:36","modified_gmt":"2026-01-28T07:45:36","slug":"fihp-triple-taste-3-v-1-90k-90-000-vyfukov-vsestranna-seria-vyfukov-jednorazovy-vape-velkoobchodny-nakup-na-velko","status":"publish","type":"product","link":"https:\/\/vapexyz.com\/sk\/product\/fihp-triple-taste-3-in-1-90k-90000-puffs-versatile-series-puffs-disposable-vape-wholesale-bulk-buy\/","title":{"rendered":"FIHP Triple Taste 3 V 1 90K 90000 Puffov V\u0161estrann\u00e1 s\u00e9ria Puffov Jednor\u00e1zov\u00e1 Vape Ve\u013ekoobchodn\u00fd n\u00e1kup vo ve\u013ekom"},"content":{"rendered":"<article>\n<h2 style=\"color: #1a5276; text-align: center;\"><a href=\"https:\/\/vapexyz.com\/sk\/kategoria-produktu\/fihp\/\">FIHP<\/a> 3 V 1 90K: Trojn\u00e1sobn\u00e1 z\u00e1bava s 90 000 v\u00fdfukmi!<\/h2>\n<p>H\u013ead\u00e1te jednorazov\u00fa vape, ktor\u00e1 vydr\u017e\u00ed dlho, ve\u013emi dlho a nikdy nezostarne? Zozn\u00e1mte sa s FIHP 3 V 1 90K! Toto \u0161peci\u00e1lne zariadenie je s\u00fa\u010das\u0165ou <em>V\u0161estrann\u00e1 s\u00e9ria<\/em>, a je navrhnut\u00fd pre \u013eud\u00ed, ktor\u00ed miluj\u00fa rozmanitos\u0165 a pohodlie. Namiesto toho, aby ste nosili tri r\u00f4zne zariadenia, z\u00edskate tri \u00fa\u017easn\u00e9 mo\u017enosti v\u0161etko v jednej \u0161t\u00fdlovej krabici!<\/p>\n<p>V spolo\u010dnosti VapeXYZ sme najv\u00e4\u010d\u0161ou online ve\u013ekoobchodnou platformou v Eur\u00f3pe. \u0160pecializujeme sa na pomoc v\u00e1m <a href=\"https:\/\/vapexyz.com\/sk\/\">Nakupujte ve\u013ekoobchodne najlep\u0161ie jednorazov\u00e9 vaporiz\u00e9ry<\/a> za \u00fa\u017easn\u00e9 ceny. \u010ci u\u017e ste v Nemecku, Franc\u00fazsku alebo \u0160panielsku, VapeXYZ je v\u00e1\u0161 partner pre vysokokvalitn\u00e9 produkty ako FIHP 3 IN 1 90K.<\/p>\n<div style=\"background-color: #f4f9fd; padding: 25px; border-radius: 15px; border-left: 8px solid #3498db; margin: 20px 0;\">\n<h3 style=\"margin-top: 0; color: #2980b9;\">Pre\u010do sa to naz\u00fdva \u201c3 IN 1\u201d?<\/h3>\n<p>Je to ako m\u00e1gia! Vo vn\u00fatri tohto jedn\u00e9ho jednorazov\u00e9ho vapu s\u00fa tri samostatn\u00e9 n\u00e1dr\u017ee. Ka\u017ed\u00e1 n\u00e1dr\u017e obsahuje in\u00fa kapacitu va\u0161ich ob\u013e\u00faben\u00fdch mo\u017enost\u00ed. Jednoduch\u00fdm kliknut\u00edm alebo prepnut\u00edm m\u00f4\u017eete zmeni\u0165 to, \u010do faj\u010d\u00edte. Je ide\u00e1lny pre t\u00fdch, ktor\u00ed chc\u00fa po\u010das d\u0148a meni\u0165 veci bez potreby viacer\u00fdch zariaden\u00ed!<\/p>\n<\/div>\n<h3 style=\"color: #1f618d;\">\u00da\u017easn\u00e9 funkcie, ktor\u00e9 by ste mali vedie\u0165 \u2728<\/h3>\n<ul style=\"line-height: 1.8; list-style-type: '\u2705 ';\">\n<li>Po\u010det obrovsk\u00fdch vaf\u013eov: z\u00edskajte a\u017e 90 000 vaf\u013eov celkovo (30 000 na n\u00e1dr\u017e!).<\/li>\n<li>Syst\u00e9m troch n\u00e1dr\u017e\u00ed: Tri mo\u017enosti v jednom zariaden\u00ed - sta\u010d\u00ed prep\u00edna\u0165 a u\u017e\u00edva\u0165 si.<\/li>\n<li>Inteligentn\u00e1 LED obrazovka: Sledujte \u017eivotnos\u0165 bat\u00e9rie a zistite, ko\u013eko kapacity zost\u00e1va v ka\u017edej n\u00e1dr\u017ei.<\/li>\n<li>Dob\u00edjacia bat\u00e9ria: Dod\u00e1va sa s r\u00fdchlo nab\u00edjac\u00edm portom typu C, tak\u017ee ste v\u017edy pripraven\u00ed.<\/li>\n<li>Du\u00e1lna sie\u0165ov\u00e1 cievka: Ka\u017ed\u00fd potiahnutie je hladk\u00fd, \u010dist\u00fd a ve\u013emi uspokojuj\u00faci.<\/li>\n<li>Kompaktn\u00fd dizajn: Aj s tromi n\u00e1dr\u017ekami perfektne zapadne do va\u0161ej ruky alebo vrecka.<\/li>\n<\/ul>\n<h3 style=\"color: #1f618d;\">Excituj\u00face kombin\u00e1cie mo\u017enost\u00ed, ktor\u00e9 m\u00f4\u017eete vysk\u00fa\u0161a\u0165 \ud83c\udf53\ud83c\udf47\ud83c\udf4d<\/h3>\n<table style=\"width: 100%; border-collapse: collapse; margin: 20px 0; font-family: sans-serif;\">\n<thead>\n<tr style=\"background-color: #1e44ad; color: #ffffff; text-align: left;\">\n<th style=\"padding: 12px 15px; border: 1px solid #ddd;\">Mo\u017enos\u0165<\/th>\n<th style=\"padding: 12px 15px; border: 1px solid #ddd;\">3-v-1 kombin\u00e1cie chut\u00ed<\/th>\n<\/tr>\n<\/thead>\n<tbody>\n<tr>\n<td style=\"padding: 12px 15px; border: 1px solid #ddd; background-color: #f9f9f9;\">01<\/td>\n<td style=\"padding: 12px 15px; border: 1px solid #ddd;\">Fizzy Cherry a Lady killer a Gummy Bear<\/td>\n<\/tr>\n<tr>\n<td style=\"padding: 12px 15px; border: 1px solid #ddd; background-color: #ffffff;\">02<\/td>\n<td style=\"padding: 12px 15px; border: 1px solid #ddd;\">Modr\u00e1 \u010du\u010dorina Malina &amp; L\u00e1ska 666 &amp; Brosky\u0148ov\u00fd \u013ead<\/td>\n<\/tr>\n<tr>\n<td style=\"padding: 12px 15px; border: 1px solid #ddd; background-color: #f9f9f9;\">03<\/td>\n<td style=\"padding: 12px 15px; border: 1px solid #ddd;\">Malina Vodn\u00fd mel\u00f3n &amp; Zmie\u0161an\u00e9 bobule &amp; Mango Brosky\u0148a<\/td>\n<\/tr>\n<tr>\n<td style=\"padding: 12px 15px; border: 1px solid #ddd; background-color: #ffffff;\">04<\/td>\n<td style=\"padding: 12px 15px; border: 1px solid #ddd;\">Modr\u00e1 Razz Limon\u00e1da &amp; Jahodov\u00e1 Malina &amp; D\u00fahov\u00e1 Cukrovka<\/td>\n<\/tr>\n<tr>\n<td style=\"padding: 12px 15px; border: 1px solid #ddd; background-color: #f9f9f9;\">05<\/td>\n<td style=\"padding: 12px 15px; border: 1px solid #ddd;\">Vodov\u00e1 mel\u00f3nov\u00e1 \u017euva\u010dka a hroznov\u00fd \u013ead a \u010dierny drak \u013ead<\/td>\n<\/tr>\n<tr>\n<td style=\"padding: 12px 15px; border: 1px solid #ddd; background-color: #ffffff;\">06<\/td>\n<td style=\"padding: 12px 15px; border: 1px solid #ddd;\">Anan\u00e1sov\u00fd kokos &amp; zmie\u0161an\u00e9 ovocie &amp; citr\u00f3n brosky\u0148a<\/td>\n<\/tr>\n<tr>\n<td style=\"padding: 12px 15px; border: 1px solid #ddd; background-color: #f9f9f9;\">07<\/td>\n<td style=\"padding: 12px 15px; border: 1px solid #ddd;\">Dvojit\u00e1 jablko &amp; jahoda  Ban\u00e1n &amp; malina  Vodn\u00fd mel\u00f3n<\/td>\n<\/tr>\n<tr>\n<td style=\"padding: 12px 15px; border: 1px solid #ddd; background-color: #ffffff;\">08<\/td>\n<td style=\"padding: 12px 15px; border: 1px solid #ddd;\">Vodn\u00fd mel\u00f3n Ice &amp; Red Bull &amp; Jahodov\u00e9 kiwi<\/td>\n<\/tr>\n<tr>\n<td style=\"padding: 12px 15px; border: 1px solid #ddd; background-color: #f9f9f9;\">09<\/td>\n<td style=\"padding: 12px 15px; border: 1px solid #ddd;\">Modr\u00e1 \u010du\u010doriedka \u013ead &amp; Jahodov\u00e1 vodn\u00e1 mel\u00f3nov\u00e1 &amp; Citrus limetkov\u00fd<\/td>\n<\/tr>\n<tr>\n<td style=\"padding: 12px 15px; border: 1px solid #ddd; background-color: #ffffff;\">10<\/td>\n<td style=\"padding: 12px 15px; border: 1px solid #ddd;\">Brosky\u0148ov\u00e1 jahodov\u00e1 a trojit\u00e1 mel\u00f3nov\u00e1 a vodov\u00e1 zmrzlina<\/td>\n<\/tr>\n<\/tbody>\n<\/table>\n<h3 style=\"color: #1f618d;\">\u0160pecifik\u00e1cie produktu<\/h3>\n<table style=\"width: 100%; border-collapse: collapse; margin: 25px 0; font-family: Arial, sans-serif; border: 1px solid #ddd;\">\n<thead>\n<tr style=\"background-color: #2e86c1; color: white; text-align: left;\">\n<th style=\"padding: 15px; border: 1px solid #ddd;\">Funkcia<\/th>\n<th style=\"padding: 15px; border: 1px solid #ddd;\">\u0160pecifika\u010dn\u00e9 podrobnosti<\/th>\n<\/tr>\n<\/thead>\n<tbody>\n<tr>\n<td style=\"padding: 12px; border: 1px solid #ddd; font-weight: bold;\">Total Puffs<\/td>\n<td style=\"padding: 12px; border: 1px solid #ddd;\">90 000 v\u00fddychov<\/td>\n<\/tr>\n<tr style=\"background-color: #f2f2f2;\">\n<td style=\"padding: 12px; border: 1px solid #ddd; font-weight: bold;\">Po\u010det tankov<\/td>\n<td style=\"padding: 12px; border: 1px solid #ddd;\">3 nez\u00e1visl\u00e9 n\u00e1dr\u017ee (prep\u00ednate\u013en\u00e9)<\/td>\n<\/tr>\n<tr>\n<td style=\"padding: 12px; border: 1px solid #ddd; font-weight: bold;\">Bat\u00e9ria<\/td>\n<td style=\"padding: 12px; border: 1px solid #ddd;\">850mAh Nab\u00edjate\u013en\u00e9 (Type-C)<\/td>\n<\/tr>\n<tr style=\"background-color: #f2f2f2;\">\n<td style=\"padding: 12px; border: 1px solid #ddd; font-weight: bold;\">Displej<\/td>\n<td style=\"padding: 12px; border: 1px solid #ddd;\">Digit\u00e1lny displej pre v\u00fdkon a kapacitu<\/td>\n<\/tr>\n<tr>\n<td style=\"padding: 12px; border: 1px solid #ddd; font-weight: bold;\">Najlep\u0161ie pre<\/td>\n<td style=\"padding: 12px; border: 1px solid #ddd;\">Ve\u013ekoobchod a hromadn\u00fd n\u00e1kup<\/td>\n<\/tr>\n<\/tbody>\n<\/table>\n<div style=\"gap: 15px; flex-wrap: wrap; margin: 30px 0;\">\n<div style=\"flex: 1; min-width: 280px; background: #ebf5fb; padding: 20px; border-radius: 12px; border: 1px solid #3498db; text-align: center;\">\n<h4 style=\"color: #21618c; margin-top: 0;\">\ud83d\udce6 Ve\u013ekoobchodn\u00e9 \u00faspory<\/h4>\n<p>U\u0161etrite viac pe\u0148az\u00ed, ke\u010f nak\u00fapite vo ve\u013ekom! V spolo\u010dnosti VapeXYZ pon\u00fakame najni\u017e\u0161ie ceny v E\u00da pre ve\u013ek\u00e9 objedn\u00e1vky jednorazov\u00fdch vapeov.<\/p>\n<\/div>\n<div style=\"flex: 1; min-width: 280px; background: #e8f8f5; padding: 20px; border-radius: 12px; border: 1px solid #1abc9c; text-align: center;\">\n<h4 style=\"color: #0e6251; margin-top: 0;\">\ud83c\uddea\ud83c\uddfa R\u00fdchle dodanie v r\u00e1mci E\u00da<\/h4>\n<p>Doru\u010dujeme priamo po celej Eur\u00f3pe. Bez oh\u013eadu na to, kde sa nach\u00e1dzate, VapeXYZ zabezpe\u010duje, \u017ee va\u0161e jednorazov\u00e9 vapes pr\u00eddu r\u00fdchlo a bezpe\u010dne.<\/p>\n<\/div>\n<\/div>\n<h3 style=\"color: #1f618d;\">\u010casto kladen\u00e9 ot\u00e1zky (FAQ)<\/h3>\n<div style=\"background-color: #fdfefe; padding: 20px; border-radius: 10px; border: 2px solid #d6eaf8;\">\n<p style=\"margin-bottom: 10px;\">Ako zmen\u00edm mo\u017enosti?<\/p>\n<p>Je to ve\u013emi jednoduch\u00e9! Sta\u010d\u00ed oto\u010di\u0165 vrchn\u00fa \u010das\u0165 alebo prepn\u00fa\u0165 sp\u00edna\u010d na jednorazovej vape, aby ste pre\u0161li na \u010fal\u0161iu n\u00e1dr\u017e. Zmenu uvid\u00edte na obrazovke!<\/p>\n<p>\u201c`<\/p>\n<p style=\"margin-bottom: 10px; border-top: 1px solid #eee; padding-top: 10px;\">Kedy ho mus\u00edm nab\u00edja\u0165?<br \/>\n\u0160ikovn\u00e1 obrazovka v\u00e1m zobraz\u00ed percento. Ke\u010f bude n\u00edzke, sta\u010d\u00ed ho zapoji\u0165 do nab\u00edja\u010dky typu C na nieko\u013eko min\u00fat.<\/p>\n<p style=\"margin-bottom: 10px; border-top: 1px solid #eee; padding-top: 10px;\">Why should I buy from VapeXYZ?<br \/>\nSme d\u00f4veryhodnou eur\u00f3pskou ve\u013ekoobchodnou platformou. Pon\u00fakame autentick\u00e9 jednorazov\u00e9 vapesy, vynikaj\u00faci z\u00e1kazn\u00edcky servis a najlep\u0161ie dostupn\u00e9 ve\u013ekoobchodn\u00e9 ceny.<\/p>\n<p style=\"border-top: 1px solid #eee; padding-top: 10px;\">Je 90 000 v\u00fdfukov skuto\u010dn\u00e9?<br \/>\n\u00c1no! Kombin\u00e1ciou troch 30 000-\u0165ahov\u00fdch n\u00e1dr\u017e\u00ed do jednej jednorazovej vapky z\u00edskate obrovsk\u00fdch celkovo 90 000 \u0165ahov, ktor\u00e9 si m\u00f4\u017eete u\u017e\u00edva\u0165.<\/p>\n<\/div>\n<p style=\"text-align: center; margin-top: 40px; font-weight: bold; font-size: 1.2em;\">Ne\u010dakajte! Z\u00edskajte <span style=\"color: #e74c3c;\">FIHP 3 V 1 90K<\/span> pre v\u00e1\u0161 obchod alebo osobn\u00fa spotrebu na <a href=\"https:\/\/vapexyz.com\/sk\/\">VapeXYZ<\/a> \u2013 V\u00e1\u0161 eur\u00f3psky ve\u013ekoobchodn\u00fd l\u00edder! \ud83d\uded2\u26a1<\/p>\n<p><img loading=\"lazy\" decoding=\"async\" class=\"size-full wp-image-63218 aligncenter\" src=\"https:\/\/vapexyz.com\/wp-content\/uploads\/2026\/01\/FIHP-3-IN-1-90K-90000-Puffs-Versatile-Series-Puffs-Disposable-Vape-Wholesale-Bulk-Buy.webp\" alt=\"FIHP 3 V 1 90K 90 000 Puffov V\u0161estrann\u00e1 s\u00e9ria Puffov Jednorazov\u00e1 Vape Ve\u013ekoobchodn\u00fd n\u00e1kup na ve\u013eko\" width=\"1500\" height=\"1150\" title=\"\" srcset=\"https:\/\/vapexyz.com\/wp-content\/uploads\/2026\/01\/FIHP-3-IN-1-90K-90000-Puffs-Versatile-Series-Puffs-Disposable-Vape-Wholesale-Bulk-Buy.webp 1500w, https:\/\/vapexyz.com\/wp-content\/uploads\/2026\/01\/FIHP-3-IN-1-90K-90000-Puffs-Versatile-Series-Puffs-Disposable-Vape-Wholesale-Bulk-Buy-500x383.webp 500w, https:\/\/vapexyz.com\/wp-content\/uploads\/2026\/01\/FIHP-3-IN-1-90K-90000-Puffs-Versatile-Series-Puffs-Disposable-Vape-Wholesale-Bulk-Buy-1024x785.webp 1024w, https:\/\/vapexyz.com\/wp-content\/uploads\/2026\/01\/FIHP-3-IN-1-90K-90000-Puffs-Versatile-Series-Puffs-Disposable-Vape-Wholesale-Bulk-Buy-768x589.webp 768w, https:\/\/vapexyz.com\/wp-content\/uploads\/2026\/01\/FIHP-3-IN-1-90K-90000-Puffs-Versatile-Series-Puffs-Disposable-Vape-Wholesale-Bulk-Buy-16x12.webp 16w, https:\/\/vapexyz.com\/wp-content\/uploads\/2026\/01\/FIHP-3-IN-1-90K-90000-Puffs-Versatile-Series-Puffs-Disposable-Vape-Wholesale-Bulk-Buy-510x391.webp 510w\" sizes=\"auto, (max-width: 1500px) 100vw, 1500px\" \/><\/p>\n<\/article>","protected":false},"excerpt":{"rendered":"<p>FIHP 3 IN 1 90K je super v\u00fdkonn\u00e1 jednorazov\u00e1 vape, ktor\u00e1 v\u00e1m umo\u017e\u0148uje u\u017e\u00edva\u0165 si tri r\u00f4zne mo\u017enosti a 90 000 celkov\u00fdch potiahnut\u00ed v jednom pohodlnom zariaden\u00ed a m\u00f4\u017eete ho z\u00edska\u0165 za najlep\u0161iu cenu prostredn\u00edctvom hromadn\u00e9ho n\u00e1kupu v spolo\u010dnosti VapeXYZ, najlep\u0161om ve\u013ekoobchodnom obchode v Eur\u00f3pe!<\/p>","protected":false},"featured_media":63214,"comment_status":"open","ping_status":"closed","template":"","meta":{"_lmt_disableupdate":"no","_lmt_disable":""},"product_brand":[],"product_cat":[860,1085,947,934,927,929,928,930,933,939,932,938,931,936,937,1017,949,946,1083,950,951,953,820,987],"product_tag":[],"class_list":{"0":"post-62447","1":"product","2":"type-product","3":"status-publish","4":"has-post-thumbnail","6":"product_cat-fihp","7":"product_cat-85000-puffs-vapes","8":"product_cat-big-puffs-vapes","9":"product_cat-bulk-buy-disposable-vapes-in-belgium","10":"product_cat-bulk-buy-disposable-vapes-in-europe","11":"product_cat-bulk-buy-disposable-vapes-in-france","12":"product_cat-bulk-buy-disposable-vapes-in-germany","13":"product_cat-bulk-buy-disposable-vapes-in-italy","14":"product_cat-bulk-buy-disposable-vapes-in-netherlands","15":"product_cat-bulk-buy-disposable-vapes-in-norway","16":"product_cat-bulk-buy-disposable-vapes-in-poland","17":"product_cat-bulk-buy-disposable-vapes-in-portugal","18":"product_cat-bulk-buy-disposable-vapes-in-spain","19":"product_cat-bulk-buy-disposable-vapes-in-sweden","20":"product_cat-bulk-buy-disposable-vapes-in-switzerland","21":"product_cat-buy-best-disposable-vape-flavors","22":"product_cat-digital-box-vapes","23":"product_cat-disposable-vapes-series","24":"product_cat-double-flavor-vapes","25":"product_cat-dual-mesh-vapes","26":"product_cat-lower-nicotine-vapes","27":"product_cat-rechargeable-vapes","28":"product_cat-vape","29":"product_cat-vape-shop-by-puffs","31":"first","32":"instock","33":"shipping-taxable","34":"purchasable","35":"product-type-variable","36":"has-default-attributes"},"jetpack_sharing_enabled":true,"tiered_pricing_type":"fixed","tiered_pricing_fixed_rules":[],"tiered_pricing_product_settings":{"layout":"default","base_unit_name":{"singular":null,"plural":null},"default_variation":null},"tiered_pricing_minimum_quantity":null,"tiered_pricing_roles_data":[],"tiered_pricing_percentage_rules":[],"tiered_pricing_maximum_quantity":null,"tiered_pricing_quantity_step":null,"_links":{"self":[{"href":"https:\/\/vapexyz.com\/sk\/wp-json\/wp\/v2\/product\/62447","targetHints":{"allow":["GET"]}}],"collection":[{"href":"https:\/\/vapexyz.com\/sk\/wp-json\/wp\/v2\/product"}],"about":[{"href":"https:\/\/vapexyz.com\/sk\/wp-json\/wp\/v2\/types\/product"}],"replies":[{"embeddable":true,"href":"https:\/\/vapexyz.com\/sk\/wp-json\/wp\/v2\/comments?post=62447"}],"wp:featuredmedia":[{"embeddable":true,"href":"https:\/\/vapexyz.com\/sk\/wp-json\/wp\/v2\/media\/63214"}],"wp:attachment":[{"href":"https:\/\/vapexyz.com\/sk\/wp-json\/wp\/v2\/media?parent=62447"}],"wp:term":[{"taxonomy":"product_brand","embeddable":true,"href":"https:\/\/vapexyz.com\/sk\/wp-json\/wp\/v2\/product_brand?post=62447"},{"taxonomy":"product_cat","embeddable":true,"href":"https:\/\/vapexyz.com\/sk\/wp-json\/wp\/v2\/product_cat?post=62447"},{"taxonomy":"product_tag","embeddable":true,"href":"https:\/\/vapexyz.com\/sk\/wp-json\/wp\/v2\/product_tag?post=62447"}],"curies":[{"name":"wp","href":"https:\/\/api.w.org\/{rel}","templated":true}]}}