{"id":61910,"date":"2025-12-24T09:30:59","date_gmt":"2025-12-24T09:30:59","guid":{"rendered":"https:\/\/vapexyz.com\/?post_type=product&#038;p=61910"},"modified":"2026-01-13T10:01:55","modified_gmt":"2026-01-13T10:01:55","slug":"bang-legenda-140k-140000-vafov-obrovska-kapacita-suprava-jednorazova-vape-velkoobchodna-hromadna-kupa-dlhotrvajuca-velka-nadrz","status":"publish","type":"product","link":"https:\/\/vapexyz.com\/sk\/product\/bang-legend-140k-140000-puffs-massive-capacity-kit-disposable-vape-wholesale-bulk-buy-long-lasting-big-tank\/","title":{"rendered":"BANG LEGEND 140K 140 000 v\u00fdfukov Mas\u00edvna kapacita s\u00faprava Jednorazov\u00e1 Vape Ve\u013ekoobchodn\u00e1 hromadn\u00e1 k\u00fapa Dlhotrvaj\u00faca Ve\u013ek\u00e1 n\u00e1dr\u017e"},"content":{"rendered":"<h2 style=\"text-align: center; font-size: 28px; margin-bottom: 30px; background: linear-gradient(to right, #ff7e5f, #feb47b, #8e44ad); padding-bottom: 15px; border-bottom: 3px solid;\">\u2728 <a href=\"https:\/\/vapexyz.com\/sk\/kategoria-produktu\/tresk\/\">BANG<\/a> LEGEND 140K 140 000 v\u00fdfukov Mas\u00edvna kapacita s\u00fapravy Jednorazov\u00e1 vape ve\u013ekoobchodn\u00e1 hromadn\u00e1 k\u00fapa<\/h2>\n<p style=\"font-size: 17px; margin-bottom: 25px; text-align: center;\">Ahojte v\u0161etci! Vitajte v \u017eivom svete <span style=\"background: linear-gradient(to right, #ff7e5f, #8e44ad); font-weight: bold;\">VapeXYZ<\/span>. Sme super nad\u0161en\u00ed, \u017ee v\u00e1m dnes m\u00f4\u017eeme uk\u00e1za\u0165 nie\u010do skuto\u010dne \u00fa\u017easn\u00e9. Toto je BANG LEGEND 140K. Ak h\u013ead\u00e1te jednorazov\u00fa vape, ktor\u00e1 vydr\u017e\u00ed ve\u013emi, ve\u013emi dlho a vyzer\u00e1 fantasticky, je to pre v\u00e1s perfektn\u00e1 vo\u013eba. Sme va\u0161a hlavn\u00e1 platforma pre ve\u013ekoobchod v Eur\u00f3pe, pripraven\u00e1 pre v\u0161etky va\u0161e potreby hromadn\u00e9ho n\u00e1kupu.<\/p>\n<div style=\"flex-wrap: wrap; gap: 20px; justify-content: center; margin-bottom: 40px;\">\n<div style=\"background: #fff; border-radius: 25px; padding: 25px; width: 100%; max-width: 350px; border: 2px solid transparent;\">\n<h3 style=\"margin-top: 0; font-size: 22px; background: linear-gradient(to right, #ff7e5f, #feb47b);\">\ud83c\udfc6 Kone\u010dn\u00fd Legenda<\/h3>\n<p>Toto nie je len be\u017en\u00e9 zariadenie. BANG LEGEND poskytuje neuverite\u013en\u00fdch 140 000 vdechov! Je navrhnut\u00fd tak, aby vydr\u017eal t\u00fd\u017edne alebo dokonca mesiace. Je to mas\u00edvne kapacitn\u00e9 zariadenie, ktor\u00e9 pokra\u010duje v chode, ke\u010f ostatn\u00e9 presta\u0165.<\/p>\n<\/div>\n<div style=\"background: #fff; border-radius: 25px; padding: 25px; width: 100%; max-width: 350px; border: 2px solid transparent;\">\n<h3 style=\"margin-top: 0; font-size: 22px; background: linear-gradient(to right, #8e44ad, #c0392b);\">\ud83d\udd04 Syst\u00e9m trojn\u00e1sobnej z\u00e1bavy<\/h3>\n<p>Naj\u00fa\u017easnej\u0161ia vlastnos\u0165 je vo vn\u00fatri. Udr\u017eiava tri samostatn\u00e9 sekcie v jednom tele. To znamen\u00e1, \u017ee z\u00edskate tri r\u00f4zne mo\u017enosti vyu\u017eitia bez toho, aby ste niesli \u010fal\u0161ie zariadenia. Medzi nimi m\u00f4\u017eete \u013eahko prep\u00edna\u0165!<\/p>\n<\/div>\n<div style=\"background: #fff; border-radius: 25px; padding: 25px; width: 100%; max-width: 350px; border: 2px solid transparent;\">\n<h3 style=\"margin-top: 0; font-size: 22px; background: linear-gradient(to right, #11998e, #38ef7d);\">\ud83d\udd0b V\u017edy pripraven\u00fd v\u00fdkon<\/h3>\n<p>S bat\u00e9riou 550mAh je v\u00fdkonn\u00fd. Najlep\u0161ia \u010das\u0165 je, \u017ee je dob\u00edjate\u013en\u00fd pomocou portu Type-C. M\u00f4\u017eete si by\u0165 v\u017edy ist\u00ed, \u017ee vyu\u017eijete ka\u017ed\u00fd k\u00fasok obrovskej kapacity vo vn\u00fatri.<\/p>\n<\/div>\n<\/div>\n<h3 style=\"text-align: center; font-size: 24px; margin-bottom: 25px; background: linear-gradient(to right, #ff512f, #dd2476);\">\ud83c\udf08 Va\u0161a \u017div\u00e1 Mo\u017enos\u0165 Zoznam (3-v-1 V\u00fdbery) \ud83c\udf08<\/h3>\n<p style=\"text-align: center; margin-bottom: 20px;\">Ka\u017ed\u00e9 \u010d\u00edslo je jedno \u00fa\u017easn\u00e9 zariadenie obsahuj\u00face tri vzru\u0161uj\u00face mo\u017enosti!<\/p>\n<div style=\"background: linear-gradient(135deg, #fff5f7 0%, #f0f4ff 100%); padding: 25px; border-radius: 25px; margin-bottom: 40px; border: 3px dotted #ffb6c1; color: #555; font-size: 15px;\">\n<p style=\"margin: 10px 0;\">1. Vodov\u00fd mel\u00f3n Ice &amp; Jahodov\u00fd Li\u010di &amp; \u017duva\u010dky<\/p>\n<p style=\"margin: 10px 0;\">2. Brosky\u0148ov\u00fd \u013ead &amp; \u010cu\u010dorov\u00e1 vodov\u00e1 mel\u00f3nov\u00e1 &amp; Jahodov\u00fd citr\u00f3nov\u00fd \u013ead<\/p>\n<p style=\"margin: 10px 0;\">3. Hroznov\u00fd \u013ead &amp; Jahodov\u00fd Mango &amp; Zmie\u0161an\u00e9 bobule<\/p>\n<p style=\"margin: 10px 0;\">4. Modr\u00e1 \u010du\u010doriedka Ice &amp; Brosky\u0148a Mango Mel\u00f3n &amp; L\u00e1ska 66<\/p>\n<p style=\"margin: 10px 0;\">5. Borievka Malina &amp; Kiwi Mu\u0161\u013ea Passionfruit Guava &amp; Anan\u00e1s Kokos<\/p>\n<p style=\"margin: 10px 0;\">6. Jahodov\u00e1 mel\u00f3nov\u00e1 a \u010du\u010dorov\u00e1 anan\u00e1sov\u00e1 zmrzlina s brosky\u0148ou a \u010dernicou<\/p>\n<p style=\"margin: 10px 0;\">7. Jahodov\u00e1 Kiwi &amp; Vodov\u00e1 Bubblegum &amp; \u010cere\u0161\u0148a Borievka<\/p>\n<p style=\"margin: 10px 0;\">8. \u010cierny drak \u013ead &amp; jahodov\u00e1 Mamba &amp; malinov\u00e1 hrozno<\/p>\n<p style=\"margin: 10px 0;\">9. Mango Brosky\u0148a &amp; \u010cu\u010doriedka Red Bull &amp; Jablko Hrozno<\/p>\n<p style=\"margin: 10px 0;\">10. Trojit\u00fd Mango &amp; Raspberry Citr\u00f3n &amp; \u010cu\u010doriedka Hrozno<\/p>\n<p style=\"margin: 10px 0;\">11. Citrus limetka a aloe Mango Mel\u00f3n a Vodn\u00fd mel\u00f3n Dragon Fruit<\/p>\n<p style=\"margin: 10px 0;\">12. Ban\u00e1nov\u00fd \u013ead &amp; Jahodov\u00fd zmrzlina &amp; Vodn\u00fd mel\u00f3n Berry<\/p>\n<\/div>\n<h3 style=\"text-align: center; font-size: 24px; margin-bottom: 25px; background: linear-gradient(to right, #00c6ff, #0072ff);\">Farebn\u00e9 porovnanie<\/h3>\n<div style=\"border-radius: 20px;\">\n<table style=\"width: 100%; border-collapse: separate; border-spacing: 0; margin-bottom: 0; font-size: 16px; background-color: #fff;\">\n<thead>\n<tr style=\"background: linear-gradient(to right, #00c6ff, #0072ff); color: white;\">\n<th style=\"padding: 18px; text-align: left; border-top-left-radius: 20px;\">Funkcia<\/th>\n<th style=\"padding: 18px; text-align: left;\">BANG LEGEND 140K<\/th>\n<th style=\"padding: 18px; text-align: left; border-top-right-radius: 20px;\">Be\u017en\u00fd jednorazov\u00fd vape<\/th>\n<\/tr>\n<\/thead>\n<tbody>\n<tr style=\"background-color: #f0faff;\">\n<td style=\"padding: 15px; border-bottom: 1px solid #e0e0e0;\">Celkov\u00e9 vyu\u017eitie<\/td>\n<td style=\"padding: 15px; border-bottom: 1px solid #e0e0e0; color: #0072ff; font-weight: bold;\">140 000 Puffov (Wow!)<\/td>\n<td style=\"padding: 15px; border-bottom: 1px solid #e0e0e0;\">5 000 \u2013 10 000 v\u00fdfukov<\/td>\n<\/tr>\n<tr>\n<td style=\"padding: 15px; border-bottom: 1px solid #e0e0e0;\">Vn\u00fatorn\u00fd syst\u00e9m<\/td>\n<td style=\"padding: 15px; border-bottom: 1px solid #e0e0e0; color: #0072ff; font-weight: bold;\">3 samostatn\u00e9 n\u00e1dr\u017ee v 1<\/td>\n<td style=\"padding: 15px; border-bottom: 1px solid #e0e0e0;\">Len 1 Tank<\/td>\n<\/tr>\n<tr style=\"background-color: #f0faff;\">\n<td style=\"padding: 15px; border-bottom: 1px solid #e0e0e0;\">Typ cievky<\/td>\n<td style=\"padding: 15px; border-bottom: 1px solid #e0e0e0;\">1,0 ohm Mesh Cievka<\/td>\n<td style=\"padding: 15px; border-bottom: 1px solid #e0e0e0;\">\u0160tandardn\u00fd dr\u00f4t<\/td>\n<\/tr>\n<tr>\n<td style=\"padding: 15px;\">Nab\u00edjate\u013en\u00e9<\/td>\n<td style=\"padding: 15px; color: #0072ff; font-weight: bold;\">\u00c1no (typ C)<\/td>\n<td style=\"padding: 15px;\">Niekedy Nie<\/td>\n<\/tr>\n<\/tbody>\n<\/table>\n<\/div>\n<h3 style=\"font-size: 24px; margin-bottom: 25px; margin-top: 40px; background: linear-gradient(to right, #ff00cc, #333399);\">\u2753 \u010casto kladen\u00e9 ot\u00e1zky (FAQ)<\/h3>\n<div style=\"margin-bottom: 15px; background: #fff; padding: 20px; border-radius: 20px; border-left: 5px solid;\">\n<p style=\"font-size: 18px; margin-bottom: 10px; background: linear-gradient(to right, #ff00cc, #333399); font-weight: bold;\">Kde m\u00f4\u017eem k\u00fapi\u0165 t\u00fato \u00fa\u017easn\u00fa jednorazov\u00fa vape?<\/p>\n<p style=\"margin-top: 0; color: #666;\">M\u00f4\u017eete si ho k\u00fapi\u0165 pr\u00e1ve tu vo VapeXYZ! Sme va\u0161a d\u00f4veryhodn\u00e1 online ve\u013ekoobchodn\u00e1 platforma pre Eur\u00f3pu.<\/p>\n<\/div>\n<div style=\"margin-bottom: 15px; background: #fff; padding: 20px; border-radius: 20px; border-left: 5px solid;\">\n<p style=\"font-size: 18px; margin-bottom: 10px; background: linear-gradient(to right, #ff9966, #ff5e62); font-weight: bold;\">Existuje minim\u00e1lna objedn\u00e1vkov\u00e1 mno\u017estvo?<\/p>\n<p style=\"margin-top: 0; color: #666;\">Nie! Nem\u00e1me \u017eiadnu minim\u00e1lnu objedn\u00e1vkov\u00fa mno\u017estvo (MOQ). M\u00f4\u017eete objedna\u0165 nieko\u013eko kusov na vysk\u00fa\u0161anie alebo ve\u013ekoobchodne k\u00fapi\u0165 ve\u013ea pre v\u00e1\u0161 obchod. Sme radi, \u017ee v\u00e1m pom\u00f4\u017eeme.<\/p>\n<\/div>\n<div style=\"margin-bottom: 15px; background: #fff; padding: 20px; border-radius: 20px; border-left: 5px solid;\">\n<p style=\"font-size: 18px; margin-bottom: 10px; background: linear-gradient(to right, #4facfe, #00f2fe); font-weight: bold;\">Ako r\u00fdchla je dod\u00e1vka?<\/p>\n<p style=\"margin-top: 0; color: #666;\">Je to super r\u00fdchle!  Expedujeme z n\u00e1\u0161ho eur\u00f3pskeho skladu a v\u00e1\u0161 bal\u00edk zvy\u010dajne doraz\u00ed do 2 a\u017e 7 dn\u00ed.<\/p>\n<\/div>\n<p style=\"text-align: center; margin-top: 50px; font-size: 20px; color: #555;\">Pripraven\u00fd za\u017ei\u0165 legendu? Nav\u0161t\u00edvte <a href=\"https:\/\/vapexyz.com\/sk\/\"><span style=\"background: linear-gradient(to right, #ff7e5f, #8e44ad); font-weight: bold;\">VapeXYZ<\/span><\/a> a z\u00edskajte svoj BANG LEGEND 140K e\u0161te dnes! \ud83d\uded2\ud83d\udca8<\/p>\n<p><img loading=\"lazy\" decoding=\"async\" class=\"aligncenter wp-image-61963 size-full\" src=\"https:\/\/vapexyz.com\/wp-content\/uploads\/2025\/12\/BANG-LEGEND-140K-140000-Puffs-Massive-Capacity-Kit-Disposable-Vape-Wholesale-Bulk-Buy-Long-Lasting-Big-Tank-1-scaled.webp\" alt=\"BANG LEGEND 140K 140 000 v\u00fdfukov Mas\u00edvna kapacita s\u00faprava Jednorazov\u00e1 Vape Ve\u013ekoobchodn\u00e1 hromadn\u00e1 k\u00fapa Dlhotrvaj\u00faca Ve\u013ek\u00e1 n\u00e1dr\u017e\" width=\"1595\" height=\"2560\" title=\"\" srcset=\"https:\/\/vapexyz.com\/wp-content\/uploads\/2025\/12\/BANG-LEGEND-140K-140000-Puffs-Massive-Capacity-Kit-Disposable-Vape-Wholesale-Bulk-Buy-Long-Lasting-Big-Tank-1-scaled.webp 1595w, https:\/\/vapexyz.com\/wp-content\/uploads\/2025\/12\/BANG-LEGEND-140K-140000-Puffs-Massive-Capacity-Kit-Disposable-Vape-Wholesale-Bulk-Buy-Long-Lasting-Big-Tank-1-scaled-312x500.webp 312w, https:\/\/vapexyz.com\/wp-content\/uploads\/2025\/12\/BANG-LEGEND-140K-140000-Puffs-Massive-Capacity-Kit-Disposable-Vape-Wholesale-Bulk-Buy-Long-Lasting-Big-Tank-1-scaled-638x1024.webp 638w, https:\/\/vapexyz.com\/wp-content\/uploads\/2025\/12\/BANG-LEGEND-140K-140000-Puffs-Massive-Capacity-Kit-Disposable-Vape-Wholesale-Bulk-Buy-Long-Lasting-Big-Tank-1-scaled-768x1233.webp 768w, https:\/\/vapexyz.com\/wp-content\/uploads\/2025\/12\/BANG-LEGEND-140K-140000-Puffs-Massive-Capacity-Kit-Disposable-Vape-Wholesale-Bulk-Buy-Long-Lasting-Big-Tank-1-scaled-957x1536.webp 957w, https:\/\/vapexyz.com\/wp-content\/uploads\/2025\/12\/BANG-LEGEND-140K-140000-Puffs-Massive-Capacity-Kit-Disposable-Vape-Wholesale-Bulk-Buy-Long-Lasting-Big-Tank-1-scaled-1276x2048.webp 1276w, https:\/\/vapexyz.com\/wp-content\/uploads\/2025\/12\/BANG-LEGEND-140K-140000-Puffs-Massive-Capacity-Kit-Disposable-Vape-Wholesale-Bulk-Buy-Long-Lasting-Big-Tank-1-scaled-7x12.webp 7w, https:\/\/vapexyz.com\/wp-content\/uploads\/2025\/12\/BANG-LEGEND-140K-140000-Puffs-Massive-Capacity-Kit-Disposable-Vape-Wholesale-Bulk-Buy-Long-Lasting-Big-Tank-1-scaled-510x819.webp 510w\" sizes=\"auto, (max-width: 1595px) 100vw, 1595px\" \/><\/p>","protected":false},"excerpt":{"rendered":"<p>BANG LEGEND 140K je mas\u00edvny kapacitn\u00fd jednor\u00e1zov\u00fd vape, ktor\u00fd pon\u00faka neuverite\u013en\u00fdch 140 000 potiahnut\u00ed a unik\u00e1tny dizajn 3 v 1, ktor\u00fd v\u00e1m umo\u017e\u0148uje prep\u00edna\u0165 medzi tromi r\u00f4znymi mo\u017enos\u0165ami v jednom dob\u00edjate\u013enom zariaden\u00ed.<\/p>","protected":false},"featured_media":61965,"comment_status":"open","ping_status":"closed","template":"","meta":{"_lmt_disableupdate":"no","_lmt_disable":""},"product_brand":[],"product_cat":[821,1100,947,935,934,927,929,928,930,933,939,932,938,931,936,937,1017,948,949,946,950,951,953,1084,820,987],"product_tag":[],"class_list":{"0":"post-61910","1":"product","2":"type-product","3":"status-publish","4":"has-post-thumbnail","6":"product_cat-bang","7":"product_cat-140000-puff-vapes","8":"product_cat-big-puffs-vapes","9":"product_cat-bulk-buy-disposable-vapes-in-austria","10":"product_cat-bulk-buy-disposable-vapes-in-belgium","11":"product_cat-bulk-buy-disposable-vapes-in-europe","12":"product_cat-bulk-buy-disposable-vapes-in-france","13":"product_cat-bulk-buy-disposable-vapes-in-germany","14":"product_cat-bulk-buy-disposable-vapes-in-italy","15":"product_cat-bulk-buy-disposable-vapes-in-netherlands","16":"product_cat-bulk-buy-disposable-vapes-in-norway","17":"product_cat-bulk-buy-disposable-vapes-in-poland","18":"product_cat-bulk-buy-disposable-vapes-in-portugal","19":"product_cat-bulk-buy-disposable-vapes-in-spain","20":"product_cat-bulk-buy-disposable-vapes-in-sweden","21":"product_cat-bulk-buy-disposable-vapes-in-switzerland","22":"product_cat-buy-best-disposable-vape-flavors","23":"product_cat-crystal-vapes","24":"product_cat-digital-box-vapes","25":"product_cat-disposable-vapes-series","26":"product_cat-dual-mesh-vapes","27":"product_cat-lower-nicotine-vapes","28":"product_cat-rechargeable-vapes","29":"product_cat-three-flavor-vapes","30":"product_cat-vape","31":"product_cat-vape-shop-by-puffs","33":"first","34":"instock","35":"shipping-taxable","36":"purchasable","37":"product-type-variable","38":"has-default-attributes"},"jetpack_sharing_enabled":true,"tiered_pricing_type":"fixed","tiered_pricing_fixed_rules":[],"tiered_pricing_product_settings":{"layout":"default","base_unit_name":{"singular":null,"plural":null},"default_variation":null},"tiered_pricing_minimum_quantity":null,"tiered_pricing_roles_data":[],"tiered_pricing_percentage_rules":[],"tiered_pricing_maximum_quantity":null,"tiered_pricing_quantity_step":null,"_links":{"self":[{"href":"https:\/\/vapexyz.com\/sk\/wp-json\/wp\/v2\/product\/61910","targetHints":{"allow":["GET"]}}],"collection":[{"href":"https:\/\/vapexyz.com\/sk\/wp-json\/wp\/v2\/product"}],"about":[{"href":"https:\/\/vapexyz.com\/sk\/wp-json\/wp\/v2\/types\/product"}],"replies":[{"embeddable":true,"href":"https:\/\/vapexyz.com\/sk\/wp-json\/wp\/v2\/comments?post=61910"}],"wp:featuredmedia":[{"embeddable":true,"href":"https:\/\/vapexyz.com\/sk\/wp-json\/wp\/v2\/media\/61965"}],"wp:attachment":[{"href":"https:\/\/vapexyz.com\/sk\/wp-json\/wp\/v2\/media?parent=61910"}],"wp:term":[{"taxonomy":"product_brand","embeddable":true,"href":"https:\/\/vapexyz.com\/sk\/wp-json\/wp\/v2\/product_brand?post=61910"},{"taxonomy":"product_cat","embeddable":true,"href":"https:\/\/vapexyz.com\/sk\/wp-json\/wp\/v2\/product_cat?post=61910"},{"taxonomy":"product_tag","embeddable":true,"href":"https:\/\/vapexyz.com\/sk\/wp-json\/wp\/v2\/product_tag?post=61910"}],"curies":[{"name":"wp","href":"https:\/\/api.w.org\/{rel}","templated":true}]}}