{"id":61851,"date":"2026-01-14T09:31:44","date_gmt":"2026-01-14T09:31:44","guid":{"rendered":"https:\/\/vapexyz.com\/?post_type=product&#038;p=61851"},"modified":"2026-01-14T09:31:44","modified_gmt":"2026-01-14T09:31:44","slug":"okso-6v1-120k-120000-vyfukov-technologia-mesh-cievky-jednorazovy-vape-velkoobchodny-nakup-hromadny-nakup-viac-moznosti","status":"publish","type":"product","link":"https:\/\/vapexyz.com\/sk\/product\/okso-6in1-120k-120000-puffs-mesh-coil-technology-disposable-vape-wholesale-bulk-buy-multi-options\/","title":{"rendered":"OKSO 6IN1 120k 120000 Puffov Mesh Coil Technol\u00f3gia Jednor\u00e1zov\u00e1 Vape Ve\u013ekoobchodn\u00e1 Hromadn\u00e1 K\u00fapa Viac Mo\u017enost\u00ed"},"content":{"rendered":"<article style=\"font-family: 'Comic Sans MS', 'Chalkboard SE', sans-serif; line-height: 1.6; color: #333; max-width: 100%; margin: 0 auto; background-color: #fcfcfc; padding: 20px; border-radius: 20px;\">\n<div style=\"text-align: center; margin-bottom: 40px;\">\n<h2 style=\"color: #6a5acd; font-size: 28px; margin-bottom: 10px;\">Pre\u010do je <a href=\"https:\/\/vapexyz.com\/sk\/kategoria-produktu\/okso-jednorazove-vapky\/\">OKSO<\/a> 6IN1 120k najlep\u0161ia vo\u013eba pre ve\u013ekoobchod s jednorazov\u00fdmi vape v Eur\u00f3pe?<\/h2>\n<p style=\"font-size: 18px; color: #555;\">\u010carovn\u00e1 ve\u017ea radosti! \ud83c\udff0 6 v\u00fdberov v 1 zariaden\u00ed, 120 000 v\u00fdfukov \u0161\u0165astia!<\/p>\n<\/div>\n<div style=\"background-color: #e6e6fa; padding: 25px; border-radius: 15px; border-left: 5px solid #9370DB; margin-bottom: 30px;\">\n<p style=\"margin: 0; font-size: 16px;\">Ahoj priatelia! Vitajte v VapeXYZ! Sme najv\u00e4\u010d\u0161ia hra\u010dka pre ve\u013ekoobchodn\u00e9 jednorazov\u00e9 vapes v Eur\u00f3pe!<\/p>\n<p>Ste unaven\u00ed z nosenia mnoh\u00fdch r\u00f4znych vapov? Povedzte hello OKSO 6IN1 120k! Je ako transformuj\u00faci robot. M\u00e1 \u0161peci\u00e1lny 6 Pod syst\u00e9m vn\u00fatri. To znamen\u00e1, \u017ee m\u00f4\u017eete ma\u0165 mnoho r\u00f4znych chut\u00ed len v jednej ruke! S ve\u013emi ve\u013ekou kapacitou pre 120 000 Puffov, toto zariadenie vydr\u017e\u00ed ve\u013emi, ve\u013emi dlho. Ak chcete nak\u00fapi\u0165 vo ve\u013ekom pre v\u00e1\u0161 obchod, toto je \u0161ampi\u00f3nsky produkt, ktor\u00fd potrebujete.<\/p>\n<\/div>\n<h3 style=\"color: #2c3e50; border-bottom: 2px solid #FFD700; padding-bottom: 10px; margin-top: 30px;\">\u2728 Pre\u010do je OKSO 6IN1 Super Cool?<\/h3>\n<div style=\"flex-wrap: wrap; gap: 20px; margin-top: 20px;\">\n<div style=\"flex: 1; min-width: 300px; background: #fff; border: 1px solid #ddd; border-radius: 12px; padding: 20px;\">\n<h4 style=\"color: #ff6347; margin-top: 0;\">\ud83c\udfa1 6-v-1 Magick\u00fd Syst\u00e9m<\/h4>\n<p>Predstavte si, \u017ee m\u00e1te 6 r\u00f4znych cukr\u00edkov v jednej krabici! M\u00f4\u017eete medzi nimi \u013eahko prep\u00edna\u0165. Je to z\u00e1bava a udr\u017euje ka\u017ed\u00fd d\u00fa\u0161ok \u010derstv\u00fd a vzru\u0161uj\u00faci.<\/p>\n<\/div>\n<div style=\"flex: 1; min-width: 300px; background: #fff; border: 1px solid #ddd; border-radius: 12px; padding: 20px;\">\n<h4 style=\"color: #1890ff; margin-top: 0;\">\ud83d\udd0b Siln\u00fd &amp; Inteligentn\u00fd<\/h4>\n<p>M\u00e1 v\u00fdkonn\u00fa 850mAh bat\u00e9riu a jasn\u00fd LED displej. Informuje v\u00e1s, kedy je potrebn\u00e9 nab\u00edjanie, tak\u017ee nikdy nezostanete v tme!<\/p>\n<\/div>\n<div style=\"flex: 1; min-width: 300px; background: #fff; border: 1px solid #ddd; border-radius: 12px; padding: 20px;\">\n<h4 style=\"color: #32cd32; margin-top: 0;\">\u2601\ufe0f Mre\u017eov\u00e9 cievkov\u00e9 mraky<\/h4>\n<p>Vo vn\u00fatri s\u00fa \u0161peci\u00e1lne Mesh Coils. Rovnomerne sa zahrievaj\u00fa, aby boli mraky ve\u013ek\u00e9, m\u00e4kk\u00e9 a pln\u00e9 \u00fa\u017easnej ar\u00f3my.<\/p>\n<\/div>\n<\/div>\n<div style=\"margin-top: 30px;\">\n<h3 style=\"color: #2c3e50;\">Obor, ktor\u00fd sa zmest\u00ed do vrecka<\/h3>\n<p>OKSO 6IN1 120k je navrhnut\u00fd pre \u013eud\u00ed, ktor\u00ed miluj\u00fa rozmanitos\u0165. Netreba kupova\u0165 6 r\u00f4znych zariaden\u00ed; sta\u010d\u00ed v\u00e1m len toto jedno! M\u00e1 obrovsk\u00fa kapacitu (20ml x 3 komory alebo viac!) na dosiahnutie toho neuverite\u013en\u00e9ho po\u010dtu 120 000 v\u00fdfukov. Je ide\u00e1lny pre dlh\u00e9 cesty alebo len relax\u00e1ciu doma.<\/p>\n<p>V spolo\u010dnosti VapeXYZ pon\u00fakame t\u00fato pr\u00e9miov\u00fa jednorazov\u00fa vape za najlep\u0161ie ve\u013ekoobchodn\u00e9 ceny. R\u00fdchlo dod\u00e1vame z n\u00e1\u0161ho eur\u00f3pskeho skladu, tak\u017ee nemus\u00edte dlho \u010daka\u0165!<\/p>\n<p><img loading=\"lazy\" decoding=\"async\" class=\"aligncenter wp-image-61907 size-large\" src=\"https:\/\/vapexyz.com\/wp-content\/uploads\/2025\/12\/OKSO-6IN1-120k-120000-Puffs-6-Pod-System-Mesh-Coil-Technology-Disposable-Vape-Wholesale-Bulk-Buy-Multi-Options-8-1-1024x235.webp\" alt=\"OKSO 6IN1 120k 120000 Puffov 6 Pod Syst\u00e9m Mesh Coil Technol\u00f3gia Jednorazov\u00fd Vape Ve\u013ekoobchodn\u00fd Hromadn\u00fd N\u00e1kup Viac Mo\u017enost\u00ed\" width=\"1020\" height=\"234\" title=\"\" srcset=\"https:\/\/vapexyz.com\/wp-content\/uploads\/2025\/12\/OKSO-6IN1-120k-120000-Puffs-6-Pod-System-Mesh-Coil-Technology-Disposable-Vape-Wholesale-Bulk-Buy-Multi-Options-8-1-1024x235.webp 1024w, https:\/\/vapexyz.com\/wp-content\/uploads\/2025\/12\/OKSO-6IN1-120k-120000-Puffs-6-Pod-System-Mesh-Coil-Technology-Disposable-Vape-Wholesale-Bulk-Buy-Multi-Options-8-1-510x117.webp 510w, https:\/\/vapexyz.com\/wp-content\/uploads\/2025\/12\/OKSO-6IN1-120k-120000-Puffs-6-Pod-System-Mesh-Coil-Technology-Disposable-Vape-Wholesale-Bulk-Buy-Multi-Options-8-1-500x115.webp 500w, https:\/\/vapexyz.com\/wp-content\/uploads\/2025\/12\/OKSO-6IN1-120k-120000-Puffs-6-Pod-System-Mesh-Coil-Technology-Disposable-Vape-Wholesale-Bulk-Buy-Multi-Options-8-1-768x176.webp 768w, https:\/\/vapexyz.com\/wp-content\/uploads\/2025\/12\/OKSO-6IN1-120k-120000-Puffs-6-Pod-System-Mesh-Coil-Technology-Disposable-Vape-Wholesale-Bulk-Buy-Multi-Options-8-1-18x4.webp 18w, https:\/\/vapexyz.com\/wp-content\/uploads\/2025\/12\/OKSO-6IN1-120k-120000-Puffs-6-Pod-System-Mesh-Coil-Technology-Disposable-Vape-Wholesale-Bulk-Buy-Multi-Options-8-1.webp 1440w\" sizes=\"auto, (max-width: 1020px) 100vw, 1020px\" \/><\/p>\n<\/div>\n<h3 style=\"color: #2c3e50; margin-top: 40px;\">\ud83d\udccf \u0160pecifik\u00e1cie produktu<\/h3>\n<div>\n<table style=\"width: 100%; border-collapse: collapse; margin-top: 10px; background: white; border-radius: 10px; overflow: hidden;\">\n<tbody>\n<tr style=\"border-bottom: 1px solid #eee; background-color: #f9f9f9;\">\n<td style=\"padding: 12px; color: #555; font-weight: bold;\">Po\u010det obl\u00e1\u010dikov<\/td>\n<td style=\"padding: 12px; color: #333;\">A\u017e 120 000 v\u00fddychov<\/td>\n<\/tr>\n<tr style=\"border-bottom: 1px solid #eee;\">\n<td style=\"padding: 12px; color: #555; font-weight: bold;\">Bat\u00e9ria<\/td>\n<td style=\"padding: 12px; color: #333;\">850 mAh (nab\u00edjate\u013en\u00e9)<\/td>\n<\/tr>\n<tr style=\"border-bottom: 1px solid #eee; background-color: #f9f9f9;\">\n<td style=\"padding: 12px; color: #555; font-weight: bold;\">Z\u00e1kladn\u00e1 technol\u00f3gia<\/td>\n<td style=\"padding: 12px; color: #333;\">Pokro\u010dil\u00e1 sie\u0165ovan\u00e1 cievka<\/td>\n<\/tr>\n<tr style=\"border-bottom: 1px solid #eee;\">\n<td style=\"padding: 12px; color: #555; font-weight: bold;\">\u0160trukt\u00fara kapacity<\/td>\n<td style=\"padding: 12px; color: #333;\">Multi-Pod System (Vysok\u00e1 kapacita)<\/td>\n<\/tr>\n<tr style=\"border-bottom: 1px solid #eee; background-color: #f9f9f9;\">\n<td style=\"padding: 12px; color: #555; font-weight: bold;\">Displej<\/td>\n<td style=\"padding: 12px; color: #333;\">Inteligentn\u00e1 LED obrazovka<\/td>\n<\/tr>\n<tr style=\"border-bottom: 1px solid #eee;\">\n<td style=\"padding: 12px; color: #555; font-weight: bold;\">Bal\u00edk<\/td>\n<td style=\"padding: 12px; color: #333;\">10ks\/\u0161katu\u013ea, 100ks\/karton<\/td>\n<\/tr>\n<\/tbody>\n<\/table>\n<p><img loading=\"lazy\" decoding=\"async\" class=\"aligncenter wp-image-61906 size-full\" src=\"https:\/\/vapexyz.com\/wp-content\/uploads\/2025\/12\/OKSO-6IN1-120k-120000-Puffs-6-Pod-System-Mesh-Coil-Technology-Disposable-Vape-Wholesale-Bulk-Buy-Multi-Options-11.webp\" alt=\"OKSO 6IN1 120k 120000 Puffov 6 Pod Syst\u00e9m Mesh Coil Technol\u00f3gia Jednorazov\u00fd Vape Ve\u013ekoobchodn\u00fd Hromadn\u00fd N\u00e1kup Viac Mo\u017enost\u00ed\" width=\"1000\" height=\"1000\" title=\"\" srcset=\"https:\/\/vapexyz.com\/wp-content\/uploads\/2025\/12\/OKSO-6IN1-120k-120000-Puffs-6-Pod-System-Mesh-Coil-Technology-Disposable-Vape-Wholesale-Bulk-Buy-Multi-Options-11.webp 1000w, https:\/\/vapexyz.com\/wp-content\/uploads\/2025\/12\/OKSO-6IN1-120k-120000-Puffs-6-Pod-System-Mesh-Coil-Technology-Disposable-Vape-Wholesale-Bulk-Buy-Multi-Options-11-247x247.webp 247w, https:\/\/vapexyz.com\/wp-content\/uploads\/2025\/12\/OKSO-6IN1-120k-120000-Puffs-6-Pod-System-Mesh-Coil-Technology-Disposable-Vape-Wholesale-Bulk-Buy-Multi-Options-11-100x100.webp 100w, https:\/\/vapexyz.com\/wp-content\/uploads\/2025\/12\/OKSO-6IN1-120k-120000-Puffs-6-Pod-System-Mesh-Coil-Technology-Disposable-Vape-Wholesale-Bulk-Buy-Multi-Options-11-510x510.webp 510w, https:\/\/vapexyz.com\/wp-content\/uploads\/2025\/12\/OKSO-6IN1-120k-120000-Puffs-6-Pod-System-Mesh-Coil-Technology-Disposable-Vape-Wholesale-Bulk-Buy-Multi-Options-11-500x500.webp 500w, https:\/\/vapexyz.com\/wp-content\/uploads\/2025\/12\/OKSO-6IN1-120k-120000-Puffs-6-Pod-System-Mesh-Coil-Technology-Disposable-Vape-Wholesale-Bulk-Buy-Multi-Options-11-300x300.webp 300w, https:\/\/vapexyz.com\/wp-content\/uploads\/2025\/12\/OKSO-6IN1-120k-120000-Puffs-6-Pod-System-Mesh-Coil-Technology-Disposable-Vape-Wholesale-Bulk-Buy-Multi-Options-11-768x768.webp 768w, https:\/\/vapexyz.com\/wp-content\/uploads\/2025\/12\/OKSO-6IN1-120k-120000-Puffs-6-Pod-System-Mesh-Coil-Technology-Disposable-Vape-Wholesale-Bulk-Buy-Multi-Options-11-12x12.webp 12w\" sizes=\"auto, (max-width: 1000px) 100vw, 1000px\" \/><\/p>\n<\/div>\n<div style=\"background-color: #fff0f5; padding: 25px; border-radius: 15px; margin-top: 30px; border: 2px dashed #FF69B4;\">\n<h3 style=\"color: #c71585; text-align: center; margin-top: 0;\">\ud83c\udf6d 10 \u00fa\u017easnych kombinovan\u00fdch mo\u017enost\u00ed<\/h3>\n<p style=\"text-align: center; margin-bottom: 20px;\">Ka\u017ed\u00e1 mo\u017enos\u0165 v\u00e1m prin\u00e1\u0161a mix \u0161\u0165astia! Vyberte si svoju ob\u013e\u00faben\u00fa:<\/p>\n<div style=\"columns: 1; column-gap: 40px;\">\n<p style=\"margin: 8px 0; background: white; padding: 8px; border-radius: 8px;\">1. Jahodov\u00fd \u013ead &amp; Lush Ice (Dynia)<\/p>\n<p style=\"margin: 8px 0; background: white; padding: 8px; border-radius: 8px;\">2. Modr\u00e1 Razz &amp; Cherry Ice<\/p>\n<p style=\"margin: 8px 0; background: white; padding: 8px; border-radius: 8px;\">3. Jahodov\u00fd \u017euvac\u00ed medved\u00edk a anan\u00e1sov\u00fd \u013ead<\/p>\n<p style=\"margin: 8px 0; background: white; padding: 8px; border-radius: 8px;\">4. Kiwi, mu\u010denka, guava a \u010du\u010doriedkov\u00fd \u013ead<\/p>\n<p style=\"margin: 8px 0; background: white; padding: 8px; border-radius: 8px;\">5. Dvojit\u00e1 jablko &amp; \u010cerven\u00e1 energia<\/p>\n<p style=\"margin: 8px 0; background: white; padding: 8px; border-radius: 8px;\">6. Kysl\u00e9 Jablko Pomaran\u010d &amp; Hrozno Ice<\/p>\n<p style=\"margin: 8px 0; background: white; padding: 8px; border-radius: 8px;\">7. Jahodov\u00fd mel\u00f3n a brosky\u013eov\u00fd \u013ead<\/p>\n<p style=\"margin: 8px 0; background: white; padding: 8px; border-radius: 8px;\">8. Jahodov\u00e1 Malinov\u00e1 &amp; Jahodov\u00e1 Mango<\/p>\n<p style=\"margin: 8px 0; background: white; padding: 8px; border-radius: 8px;\">9. Jahodov\u00e1 Kiwi a \u010cu\u010doriedkov\u00e1 Brosky\u0148ov\u00e1 zmrzlina<\/p>\n<p style=\"margin: 8px 0; background: white; padding: 8px; border-radius: 8px;\">10. Jablk\u00e1 Hru\u0161ky &amp; Jahody Gran\u00e1tov\u00e9 jablko<\/p>\n<\/div>\n<\/div>\n<h3 style=\"color: #2c3e50; margin-top: 40px;\">\ud83e\udd14 Inteligentn\u00e9 \u010dasto kladen\u00e9 ot\u00e1zky pre kupuj\u00facich<\/h3>\n<div style=\"margin-bottom: 15px; border: 1px solid #e0e0e0; border-radius: 8px; padding: 15px; background-color: #fff;\">\n<h4 style=\"margin: 0 0 10px 0; color: #6a5acd;\">Ot\u00e1zka: Ako funguje 6-v-1 syst\u00e9m?<\/h4>\n<p style=\"margin: 0; color: #666;\">A: Je to super jednoduch\u00e9! Zariadenie obsahuje r\u00f4zne mo\u017enosti. M\u00f4\u017eete medzi nimi prep\u00edna\u0165, aby ste okam\u017eite zmenili chu\u0165. Nie je potrebn\u00e9 nosi\u0165 so sebou 6 r\u00f4znych vapeov!<\/p>\n<\/div>\n<div style=\"margin-bottom: 15px; border: 1px solid #e0e0e0; border-radius: 8px; padding: 15px; background-color: #fff;\">\n<h4 style=\"margin: 0 0 10px 0; color: #6a5acd;\">Je doru\u010denie r\u00fdchle do Eur\u00f3py?<\/h4>\n<p style=\"margin: 0; color: #666;\">\u00c1no! Ke\u010f\u017ee sme VapeXYZ, expedujeme z n\u00e1\u0161ho eur\u00f3pskeho skladu. Obvykle dostanete svoj bal\u00edk do 2 a\u017e 7 dn\u00ed.<\/p>\n<\/div>\n<div style=\"margin-bottom: 15px; border: 1px solid #e0e0e0; border-radius: 8px; padding: 15px; background-color: #fff;\">\n<h4 style=\"margin: 0 0 10px 0; color: #6a5acd;\">Je tam minim\u00e1lny objedn\u00e1vkov\u00fd limit?<\/h4>\n<p style=\"margin: 0; color: #666;\">A: Milujeme v\u0161etk\u00fdch z\u00e1kazn\u00edkov! Nem\u00e1me \u017eiadne minim\u00e1lne mno\u017estvo objedn\u00e1vky (MOQ), tak\u017ee si m\u00f4\u017eete k\u00fapi\u0165 mal\u00fa \u0161katu\u013eu alebo ve\u013ek\u00fd kart\u00f3n na ve\u013ekoobchod!<\/p>\n<\/div>\n<div style=\"text-align: center; margin-top: 50px;\">\n<p style=\"font-size: 20px; color: #333;\">Pripraven\u00fd vysk\u00fa\u0161a\u0165 si m\u00e1giu?<button style=\"background-color: #9370db; color: white; padding: 15px 30px; border: none; border-radius: 50px; font-size: 18px; cursor: pointer;\">Objedn\u00e1vka OKSO 6IN1 na<a href=\"https:\/\/vapexyz.com\/sk\/\"> VapeXYZ<\/a> Teraz!<\/button><\/p>\n<p><img loading=\"lazy\" decoding=\"async\" class=\"aligncenter wp-image-61908 size-full\" src=\"https:\/\/vapexyz.com\/wp-content\/uploads\/2025\/12\/OKSO-6IN1-120k-120000-Puffs-6-Pod-System-Mesh-Coil-Technology-Disposable-Vape-Wholesale-Bulk-Buy-Multi-Options-4-1.webp\" alt=\"OKSO 6IN1 120k 120000 Puffov 6 Pod Syst\u00e9m Mesh Coil Technol\u00f3gia Jednorazov\u00fd Vape Ve\u013ekoobchodn\u00fd Hromadn\u00fd N\u00e1kup Viac Mo\u017enost\u00ed\" width=\"1920\" height=\"1080\" title=\"\" srcset=\"https:\/\/vapexyz.com\/wp-content\/uploads\/2025\/12\/OKSO-6IN1-120k-120000-Puffs-6-Pod-System-Mesh-Coil-Technology-Disposable-Vape-Wholesale-Bulk-Buy-Multi-Options-4-1.webp 1920w, https:\/\/vapexyz.com\/wp-content\/uploads\/2025\/12\/OKSO-6IN1-120k-120000-Puffs-6-Pod-System-Mesh-Coil-Technology-Disposable-Vape-Wholesale-Bulk-Buy-Multi-Options-4-1-510x287.webp 510w, https:\/\/vapexyz.com\/wp-content\/uploads\/2025\/12\/OKSO-6IN1-120k-120000-Puffs-6-Pod-System-Mesh-Coil-Technology-Disposable-Vape-Wholesale-Bulk-Buy-Multi-Options-4-1-500x281.webp 500w, https:\/\/vapexyz.com\/wp-content\/uploads\/2025\/12\/OKSO-6IN1-120k-120000-Puffs-6-Pod-System-Mesh-Coil-Technology-Disposable-Vape-Wholesale-Bulk-Buy-Multi-Options-4-1-1024x576.webp 1024w, https:\/\/vapexyz.com\/wp-content\/uploads\/2025\/12\/OKSO-6IN1-120k-120000-Puffs-6-Pod-System-Mesh-Coil-Technology-Disposable-Vape-Wholesale-Bulk-Buy-Multi-Options-4-1-768x432.webp 768w, https:\/\/vapexyz.com\/wp-content\/uploads\/2025\/12\/OKSO-6IN1-120k-120000-Puffs-6-Pod-System-Mesh-Coil-Technology-Disposable-Vape-Wholesale-Bulk-Buy-Multi-Options-4-1-1536x864.webp 1536w, https:\/\/vapexyz.com\/wp-content\/uploads\/2025\/12\/OKSO-6IN1-120k-120000-Puffs-6-Pod-System-Mesh-Coil-Technology-Disposable-Vape-Wholesale-Bulk-Buy-Multi-Options-4-1-18x10.webp 18w\" sizes=\"auto, (max-width: 1920px) 100vw, 1920px\" \/><\/p>\n<\/div>\n<p>&nbsp;<\/p>\n<\/article>","protected":false},"excerpt":{"rendered":"<p>OKSO 6IN1 120k 120000 Puffs je prelomn\u00fd jednorazov\u00fd vape s unik\u00e1tnym rota\u010dn\u00fdm syst\u00e9mom 6 n\u00e1pln\u00ed pre r\u00f4zne aromatick\u00e9 mo\u017enosti, poskytuj\u00faci bezprecedentn\u00fa dlh\u00fa \u017eivotnos\u0165 a pohodlie pre maloobchodn\u00edkov h\u013eadaj\u00facich kone\u010dn\u00e9 ve\u013ekoobchodn\u00e9 rie\u0161enie pre hromadn\u00e9 n\u00e1kupy.<\/p>","protected":false},"featured_media":61896,"comment_status":"open","ping_status":"closed","template":"","meta":{"_lmt_disableupdate":"no","_lmt_disable":""},"product_brand":[],"product_cat":[1073,1087,947,935,934,927,929,928,930,933,939,932,938,931,936,937,1017,948,949,946,1083,950,951,953,954,820,987],"product_tag":[],"class_list":{"0":"post-61851","1":"product","2":"type-product","3":"status-publish","4":"has-post-thumbnail","6":"product_cat-okso-disposable-vapes","7":"product_cat-120000-puff-vapes","8":"product_cat-big-puffs-vapes","9":"product_cat-bulk-buy-disposable-vapes-in-austria","10":"product_cat-bulk-buy-disposable-vapes-in-belgium","11":"product_cat-bulk-buy-disposable-vapes-in-europe","12":"product_cat-bulk-buy-disposable-vapes-in-france","13":"product_cat-bulk-buy-disposable-vapes-in-germany","14":"product_cat-bulk-buy-disposable-vapes-in-italy","15":"product_cat-bulk-buy-disposable-vapes-in-netherlands","16":"product_cat-bulk-buy-disposable-vapes-in-norway","17":"product_cat-bulk-buy-disposable-vapes-in-poland","18":"product_cat-bulk-buy-disposable-vapes-in-portugal","19":"product_cat-bulk-buy-disposable-vapes-in-spain","20":"product_cat-bulk-buy-disposable-vapes-in-sweden","21":"product_cat-bulk-buy-disposable-vapes-in-switzerland","22":"product_cat-buy-best-disposable-vape-flavors","23":"product_cat-crystal-vapes","24":"product_cat-digital-box-vapes","25":"product_cat-disposable-vapes-series","26":"product_cat-double-flavor-vapes","27":"product_cat-dual-mesh-vapes","28":"product_cat-lower-nicotine-vapes","29":"product_cat-rechargeable-vapes","30":"product_cat-shisha-hookah-vapes","31":"product_cat-vape","32":"product_cat-vape-shop-by-puffs","34":"first","35":"instock","36":"shipping-taxable","37":"purchasable","38":"product-type-variable","39":"has-default-attributes"},"jetpack_sharing_enabled":true,"tiered_pricing_type":"fixed","tiered_pricing_fixed_rules":[],"tiered_pricing_product_settings":{"layout":"default","base_unit_name":{"singular":null,"plural":null},"default_variation":null},"tiered_pricing_minimum_quantity":null,"tiered_pricing_roles_data":[],"tiered_pricing_percentage_rules":[],"tiered_pricing_maximum_quantity":null,"tiered_pricing_quantity_step":null,"_links":{"self":[{"href":"https:\/\/vapexyz.com\/sk\/wp-json\/wp\/v2\/product\/61851","targetHints":{"allow":["GET"]}}],"collection":[{"href":"https:\/\/vapexyz.com\/sk\/wp-json\/wp\/v2\/product"}],"about":[{"href":"https:\/\/vapexyz.com\/sk\/wp-json\/wp\/v2\/types\/product"}],"replies":[{"embeddable":true,"href":"https:\/\/vapexyz.com\/sk\/wp-json\/wp\/v2\/comments?post=61851"}],"wp:featuredmedia":[{"embeddable":true,"href":"https:\/\/vapexyz.com\/sk\/wp-json\/wp\/v2\/media\/61896"}],"wp:attachment":[{"href":"https:\/\/vapexyz.com\/sk\/wp-json\/wp\/v2\/media?parent=61851"}],"wp:term":[{"taxonomy":"product_brand","embeddable":true,"href":"https:\/\/vapexyz.com\/sk\/wp-json\/wp\/v2\/product_brand?post=61851"},{"taxonomy":"product_cat","embeddable":true,"href":"https:\/\/vapexyz.com\/sk\/wp-json\/wp\/v2\/product_cat?post=61851"},{"taxonomy":"product_tag","embeddable":true,"href":"https:\/\/vapexyz.com\/sk\/wp-json\/wp\/v2\/product_tag?post=61851"}],"curies":[{"name":"wp","href":"https:\/\/api.w.org\/{rel}","templated":true}]}}