{"id":60416,"date":"2025-12-20T07:53:59","date_gmt":"2025-12-20T07:53:59","guid":{"rendered":"https:\/\/vapexyz.com\/?post_type=product&#038;p=60416"},"modified":"2026-03-05T03:54:45","modified_gmt":"2026-03-05T03:54:45","slug":"adalya-adl-16000-16k-puffs-jednorazova-vape-europsky-sklad-rychle-dodanie-nakup-ziadny-minimalny-objednavkovy-limit","status":"publish","type":"product","link":"https:\/\/vapexyz.com\/sk\/product\/adalya-adl-16000-16k-puffs-disposable-vape-european-warehouse-fast-delivery-purchase-no-moq\/","title":{"rendered":"ADALYA ADL 16000 16K Puffs Jednor\u00e1zov\u00e1 Vape Eur\u00f3psky Sklad R\u00fdchle Doru\u010denie K\u00fapte Bez Minim\u00e1lnej Objedn\u00e1vky"},"content":{"rendered":"<article style=\"font-family: 'Comic Sans MS', cursive, sans-serif; color: #333; line-height: 1.6;\">\n<h2 style=\"color: #ff6b9d; border-bottom: 3px dashed #FFD166; padding-bottom: 10px;\">\ud83c\udf1f Objavte svoju nov\u00fa ob\u013e\u00faben\u00fa jednorazov\u00fa vape! The <a href=\"https:\/\/vapexyz.com\/sk\/kategoria-produktu\/adalya-jednorazove-vaporizery\/\">Adalya ADL<\/a> 16 000<\/h2>\n<p>Ahoj! \ud83d\ude0a H\u013ead\u00e1te super z\u00e1bavn\u00fd, dlhotrvaj\u00faci a \u013eahko pou\u017eite\u013en\u00fd jednorazov\u00fd vape? Neh\u013eadajte \u010falej! Predstavujeme v\u00e1m Adalya ADL 16000 Puffs jednorazov\u00fd vape! \ud83c\udf89 Je to ako mal\u00fd, magick\u00fd oblak tvorca, ktor\u00fd v\u00e1m pohodlne sed\u00ed v ruke. A najlep\u0161ia \u010das\u0165? M\u00f4\u017eete ho z\u00edska\u0165 <em>super r\u00fdchlo<\/em> Z VapeXYZ!<\/p>\n<p>Po\u0161leme to priamo z n\u00e1\u0161ho priate\u013esk\u00e9ho eur\u00f3pskeho skladu \ud83c\udff0 a\u017e do va\u0161ich dver\u00ed \ud83c\udfe0 za len <span style=\"color: #06d6a0;\">2 a\u017e 7 dn\u00ed<\/span>! \u017diadne ve\u010dn\u00e9 \u010dakanie! A h\u00e1date \u010do? Tam je <span style=\"background-color: #ffd166; padding: 2px 5px; border-radius: 3px;\">\u017eiadna minim\u00e1lna objedn\u00e1vka<\/span> \u2013 m\u00f4\u017eete si k\u00fapi\u0165 len jeden, ak chcete! Ako je to skvel\u00e9?<\/p>\n<div style=\"background: linear-gradient(135deg, #FFD166, #FF6B9D); padding: 15px; border-radius: 15px; margin: 20px 0; color: white;\">\n<h3 style=\"color: white; margin-top: 0;\">\ud83d\ude80 Pre\u010do sa v\u00e1m bude p\u00e1\u010di\u0165 t\u00e1to jednorazov\u00e1 vape!<\/h3>\n<ul style=\"list-style-type: none; padding-left: 0;\">\n<li>\u2705 Super dlh\u00e1 doba prehr\u00e1vania: podporuje ohromn\u00fdch 16 000 vdechov! To je ako ma\u0165 z\u00e1bavn\u00e9ho priate\u013ea na ve\u013emi, ve\u013emi dlh\u00fa dobu!<\/li>\n<li>\u2705 Inteligentn\u00e1 mal\u00e1 obrazovka: M\u00e1 roztomil\u00fd digit\u00e1lny displej \ud83d\udc40, ktor\u00fd v\u00e1m ukazuje, ko\u013eko bat\u00e9rie a kapacity zost\u00e1va. U\u017e \u017eiadne hry uh\u00e1dok!<\/li>\n<li>\u2705 V\u00fdkonn\u00e1 dvojit\u00e1 sie\u0165ov\u00e1 cievka: Vo vn\u00fatri m\u00e1 \u0161peci\u00e1lnu dvojit\u00fa sie\u0165ov\u00fa cievku. To rob\u00ed ka\u017ed\u00fd d\u00fach super hladk\u00fdm a super uspokojiv\u00fdm!<\/li>\n<li>\u2705 Ste \u0161\u00e9f: M\u00f4\u017eete upravi\u0165 prietok vzduchu \ud83c\udf2c\ufe0f, aby va\u0161e mraky boli presne tak\u00e9, ak\u00e9 ich m\u00e1te rady \u2013 ve\u013ek\u00e9 a nad\u00fdchan\u00e9 alebo m\u00e4kk\u00e9 a jemn\u00e9.<\/li>\n<li>\u2705 Bezpe\u010dnos\u0165 na prvom mieste! Je vybaven\u00fd pohodln\u00fdm bezpe\u010dnostn\u00fdm tla\u010didlom \ud83d\udd12, tak\u017ee sa nezapne n\u00e1hodne vo vrecku alebo ta\u0161ke.<\/li>\n<li>\u2705 V\u017edy pripraven\u00fd: Je nab\u00edjate\u013en\u00fd! \ud83d\udd0b Sta\u010d\u00ed ho zapoji\u0165 pomocou k\u00e1bla USB, ke\u010f potrebuje trochu doplni\u0165 energiu.<\/li>\n<\/ul>\n<\/div>\n<h3 style=\"color: #118ab2; border-left: 5px solid #118AB2; padding-left: 10px;\">D\u00faha \u00fa\u017easn\u00fdch mo\u017enost\u00ed!<\/h3>\n<p>Toto jednorazov\u00e9 vape prich\u00e1dza v to\u013ek\u00fdch vzru\u0161uj\u00facich mo\u017enostiach! Ka\u017ed\u00e1 z nich je \u0161peci\u00e1lnym dobrodru\u017estvom pre va\u0161e zmysly. \ud83d\ude0b Tu je cel\u00fd zoznam, v\u0161etky s\u00fa zoraden\u00e9 a pripraven\u00e9 pre v\u00e1s:<\/p>\n<div style=\"background-color: #f8f9fa; padding: 15px; border-radius: 10px; border: 2px dotted #06D6A0;\">\n<h4 style=\"color: #ff6b9d; margin-top: 0;\">N\u00e1\u0161 zoznam fantastick\u00fdch mo\u017enost\u00ed:<\/h4>\n<p>1. M\u00e4tov\u00fd bod<br \/>\n2. Lady Killer<br \/>\n3. Berl\u00ednske noci<br \/>\n4. L\u00e1ska 66<br \/>\n5. Moskovsk\u00e9 ve\u010dery<br \/>\n6. Havaj<br \/>\n7. M\u00f4j mil\u00e1\u010dik<\/p>\n<p>Ktor\u00fd bude tvoj ob\u013e\u00faben\u00fd? Je tak\u00e9 \u0165a\u017ek\u00e9 vybra\u0165! \ud83e\udd14<\/p>\n<\/div>\n<h3 style=\"color: #ef476f;\">\ud83d\udcca Porovnajme! Pre\u010do je ADL 16000 superstar<\/h3>\n<p>Pozrime sa, ako sa tento \u00fa\u017easn\u00fd jednorazov\u00fd vape porovn\u00e1va! Urobili sme pekn\u00fa tabu\u013eku, aby bolo \u013eahk\u00e9 pochopi\u0165.<\/p>\n<table style=\"width: 100%; border-collapse: collapse; border-radius: 10px; overflow: hidden;\">\n<thead>\n<tr style=\"background-color: #118ab2; color: white;\">\n<th style=\"padding: 12px; text-align: left;\">Funkcia<\/th>\n<th style=\"padding: 12px; text-align: left;\">Adalya ADL 16000<\/th>\n<th style=\"padding: 12px; text-align: left;\">Niektor\u00e9 in\u00e9 vapes<\/th>\n<\/tr>\n<\/thead>\n<tbody>\n<tr style=\"background-color: #e9f5ff;\">\n<td style=\"padding: 12px; border-bottom: 1px solid #ddd;\">Obl\u00e1\u010diky<\/td>\n<td style=\"padding: 12px; border-bottom: 1px solid #ddd;\">A\u017e 16 000 \ud83c\udfc6<\/td>\n<td style=\"padding: 12px; border-bottom: 1px solid #ddd;\">\u010casto ove\u013ea menej<\/td>\n<\/tr>\n<tr style=\"background-color: #ffffff;\">\n<td style=\"padding: 12px; border-bottom: 1px solid #ddd;\">Inteligentn\u00e1 obrazovka<\/td>\n<td style=\"padding: 12px; border-bottom: 1px solid #ddd;\">\u00c1no! Zobrazuje bat\u00e9riu a kapacitu \ud83d\udcca<\/td>\n<td style=\"padding: 12px; border-bottom: 1px solid #ddd;\">Zvy\u010dajne nie<\/td>\n<\/tr>\n<tr style=\"background-color: #e9f5ff;\">\n<td style=\"padding: 12px;\">Cievka<\/td>\n<td style=\"padding: 12px;\">Dvojit\u00e1 sie\u0165ov\u00e1 cievka pre hladk\u00e9 mraky<\/td>\n<td style=\"padding: 12px;\">\u010casto jednoduch\u0161ia cievka<\/td>\n<\/tr>\n<\/tbody>\n<\/table>\n<h3 style=\"color: #ff9e00; margin-top: 30px;\">\ud83e\udd14 Ot\u00e1zky? M\u00e1me odpovede!<\/h3>\n<div style=\"background-color: #fff9ec; padding: 20px; border-radius: 15px; border: 2px solid #FFD166;\">\n<h4 style=\"color: #ff9e00; margin-top: 0;\">Ako dlho trv\u00e1 dodanie?<\/h4>\n<p>\ud83c\udfaf Odpove\u010f: Super r\u00fdchlo! Bal\u00edme va\u0161e objedn\u00e1vky v Eur\u00f3pe a okam\u017eite ich odosielame. Nov\u00fd jednorazov\u00fd vape by ste mali dosta\u0165 u\u017e za 2 a\u017e 7 dn\u00ed! \u2708\ufe0f<\/p>\n<h4 style=\"color: #ff9e00;\">Mus\u00edm nakupova\u0165 ve\u013ea naraz?<\/h4>\n<p>\ud83c\udfaf Odpove\u010f: Nie! V\u00f4bec nie! Neexistuje minim\u00e1lna objedn\u00e1vkov\u00e1 mno\u017estvo (\u017eiadna MOQ). M\u00f4\u017eete si k\u00fapi\u0165 len jednu jednorazov\u00fa vape, alebo desa\u0165, alebo sto! Je to \u00faplne na v\u00e1s.<\/p>\n<h4 style=\"color: #ff9e00;\">Je \u013eahk\u00e9 ho pou\u017e\u00edva\u0165?<\/h4>\n<p>\ud83c\udfaf Odpove\u010f: Je to tak\u00e9 \u013eahk\u00e9 ako d\u00fdchanie! \ud83c\udf43 Tento jednorazov\u00fd vape je pripraven\u00fd na pou\u017eitie priamo z krabice. \u017diadne tla\u010didl\u00e1, ktor\u00e9 by ste museli stla\u010di\u0165 (pokia\u013e ho nechcete zamkn\u00fa\u0165), \u017eiadne dop\u013a\u0148anie, \u017eiadna n\u00e1maha. Sta\u010d\u00ed len vd\u00fdchnu\u0165 a u\u017ei\u0165 si!<\/p>\n<\/div>\n<div style=\"text-align: center; margin: 40px 0; padding: 25px; background: linear-gradient(135deg, #06D6A0, #118AB2); color: white; border-radius: 20px;\">\n<h3 style=\"color: white;\">Ste pripraven\u00ed na va\u0161e cloudov\u00e9 dobrodru\u017estvo?<\/h3>\n<p>Va\u0161a dokonal\u00e1 jednorazov\u00e1 vape je pripraven\u00e1! S \u00fa\u017easn\u00fdmi mo\u017enos\u0165ami, dlhou \u017eivotnos\u0165ou a r\u00fdchlym doru\u010den\u00edm z Eur\u00f3py\u2026<\/p>\n<p style=\"font-size: 1.2em;\">Nie je d\u00f4vod \u010daka\u0165!<br \/>\nNav\u0161t\u00edvte <a href=\"https:\/\/vapexyz.com\/sk\/\"><span style=\"background-color: white; color: #118ab2; padding: 5px 10px; border-radius: 50px;\">VapeXYZ<\/span><\/a> Pr\u00e1ve teraz si k\u00fapte svoje Adalya ADL 16000 Puffs jednor\u00e1zov\u00fa vape!<\/p>\n<p>Nem\u00f4\u017eeme sa do\u010dka\u0165, a\u017e to vysk\u00fa\u0161ate! \u010eakujeme za nakupovanie s nami!<\/p>\n<\/div>\n<p><img loading=\"lazy\" decoding=\"async\" class=\"aligncenter wp-image-60465 size-full\" src=\"https:\/\/vapexyz.com\/wp-content\/uploads\/2025\/12\/Fast-Shipping-Buy-ADALYA-ADL-16000-16K-Puffs-Disposable-Vape-2-7-Days-Delivery-from-European-Warehouse-No-MOQ-3.webp\" alt=\" R\u00fdchle dodanie K\u00fapte ADALYA ADL 16000 16K Puffs Jednorazov\u00e1 Vape 2-7 dn\u00ed dodania z eur\u00f3pskeho skladu \u017diadne minim\u00e1lne mno\u017estvo objedn\u00e1vky\" width=\"713\" height=\"713\" title=\"\" srcset=\"https:\/\/vapexyz.com\/wp-content\/uploads\/2025\/12\/Fast-Shipping-Buy-ADALYA-ADL-16000-16K-Puffs-Disposable-Vape-2-7-Days-Delivery-from-European-Warehouse-No-MOQ-3.webp 713w, https:\/\/vapexyz.com\/wp-content\/uploads\/2025\/12\/Fast-Shipping-Buy-ADALYA-ADL-16000-16K-Puffs-Disposable-Vape-2-7-Days-Delivery-from-European-Warehouse-No-MOQ-3-500x500.webp 500w, https:\/\/vapexyz.com\/wp-content\/uploads\/2025\/12\/Fast-Shipping-Buy-ADALYA-ADL-16000-16K-Puffs-Disposable-Vape-2-7-Days-Delivery-from-European-Warehouse-No-MOQ-3-300x300.webp 300w, https:\/\/vapexyz.com\/wp-content\/uploads\/2025\/12\/Fast-Shipping-Buy-ADALYA-ADL-16000-16K-Puffs-Disposable-Vape-2-7-Days-Delivery-from-European-Warehouse-No-MOQ-3-12x12.webp 12w, https:\/\/vapexyz.com\/wp-content\/uploads\/2025\/12\/Fast-Shipping-Buy-ADALYA-ADL-16000-16K-Puffs-Disposable-Vape-2-7-Days-Delivery-from-European-Warehouse-No-MOQ-3-247x247.webp 247w, https:\/\/vapexyz.com\/wp-content\/uploads\/2025\/12\/Fast-Shipping-Buy-ADALYA-ADL-16000-16K-Puffs-Disposable-Vape-2-7-Days-Delivery-from-European-Warehouse-No-MOQ-3-510x510.webp 510w, https:\/\/vapexyz.com\/wp-content\/uploads\/2025\/12\/Fast-Shipping-Buy-ADALYA-ADL-16000-16K-Puffs-Disposable-Vape-2-7-Days-Delivery-from-European-Warehouse-No-MOQ-3-100x100.webp 100w\" sizes=\"auto, (max-width: 713px) 100vw, 713px\" \/><\/p>\n<\/article>","protected":false},"excerpt":{"rendered":"<div class=\"_9663006\" data-um-id=\"9\">\n<div class=\"d29f3d7d ds-message _63c77b1\">\n<div class=\"fbb737a4\"><span style=\"color: #555555;\">\u00a0Som nad\u0161en\u00fd, \u017ee v\u00e1m predstavujem Adalya ADL 16000 \u2014 fantastick\u00fd jednorazov\u00fd vape s dlhotrvaj\u00facim v\u00fdkonom, inteligentnou obrazovkou a r\u00f4znymi osvie\u017euj\u00facimi mo\u017enos\u0165ami, dostupn\u00fd pre r\u00fdchle zaslanie z n\u00e1\u0161ho eur\u00f3pskeho skladu bez minim\u00e1lnej objedn\u00e1vky pri VapeXYZ!<\/span><\/div>\n<\/div>\n<\/div>","protected":false},"featured_media":60460,"comment_status":"open","ping_status":"closed","template":"","meta":{"_lmt_disableupdate":"no","_lmt_disable":""},"product_brand":[],"product_cat":[1096,1000,947,935,934,927,929,928,930,933,939,932,938,931,936,937,1017,949,946,950,1016,951,1099,953,954,820,987],"product_tag":[],"class_list":{"0":"post-60416","1":"product","2":"type-product","3":"status-publish","4":"has-post-thumbnail","6":"product_cat-adalya-disposable-vapes","7":"product_cat-16000-puff-vapes","8":"product_cat-big-puffs-vapes","9":"product_cat-bulk-buy-disposable-vapes-in-austria","10":"product_cat-bulk-buy-disposable-vapes-in-belgium","11":"product_cat-bulk-buy-disposable-vapes-in-europe","12":"product_cat-bulk-buy-disposable-vapes-in-france","13":"product_cat-bulk-buy-disposable-vapes-in-germany","14":"product_cat-bulk-buy-disposable-vapes-in-italy","15":"product_cat-bulk-buy-disposable-vapes-in-netherlands","16":"product_cat-bulk-buy-disposable-vapes-in-norway","17":"product_cat-bulk-buy-disposable-vapes-in-poland","18":"product_cat-bulk-buy-disposable-vapes-in-portugal","19":"product_cat-bulk-buy-disposable-vapes-in-spain","20":"product_cat-bulk-buy-disposable-vapes-in-sweden","21":"product_cat-bulk-buy-disposable-vapes-in-switzerland","22":"product_cat-buy-best-disposable-vape-flavors","23":"product_cat-digital-box-vapes","24":"product_cat-disposable-vapes-series","25":"product_cat-dual-mesh-vapes","26":"product_cat-european-vape-warehouse","27":"product_cat-lower-nicotine-vapes","28":"product_cat-purchase-disposable-vape-no-moq","29":"product_cat-rechargeable-vapes","30":"product_cat-shisha-hookah-vapes","31":"product_cat-vape","32":"product_cat-vape-shop-by-puffs","34":"first","35":"outofstock","36":"shipping-taxable","37":"purchasable","38":"product-type-variable","39":"has-default-attributes"},"jetpack_sharing_enabled":true,"tiered_pricing_type":"fixed","tiered_pricing_fixed_rules":[],"tiered_pricing_product_settings":{"layout":"default","base_unit_name":{"singular":null,"plural":null},"default_variation":null},"tiered_pricing_minimum_quantity":null,"tiered_pricing_roles_data":[],"tiered_pricing_percentage_rules":[],"tiered_pricing_maximum_quantity":null,"tiered_pricing_quantity_step":null,"_links":{"self":[{"href":"https:\/\/vapexyz.com\/sk\/wp-json\/wp\/v2\/product\/60416","targetHints":{"allow":["GET"]}}],"collection":[{"href":"https:\/\/vapexyz.com\/sk\/wp-json\/wp\/v2\/product"}],"about":[{"href":"https:\/\/vapexyz.com\/sk\/wp-json\/wp\/v2\/types\/product"}],"replies":[{"embeddable":true,"href":"https:\/\/vapexyz.com\/sk\/wp-json\/wp\/v2\/comments?post=60416"}],"wp:featuredmedia":[{"embeddable":true,"href":"https:\/\/vapexyz.com\/sk\/wp-json\/wp\/v2\/media\/60460"}],"wp:attachment":[{"href":"https:\/\/vapexyz.com\/sk\/wp-json\/wp\/v2\/media?parent=60416"}],"wp:term":[{"taxonomy":"product_brand","embeddable":true,"href":"https:\/\/vapexyz.com\/sk\/wp-json\/wp\/v2\/product_brand?post=60416"},{"taxonomy":"product_cat","embeddable":true,"href":"https:\/\/vapexyz.com\/sk\/wp-json\/wp\/v2\/product_cat?post=60416"},{"taxonomy":"product_tag","embeddable":true,"href":"https:\/\/vapexyz.com\/sk\/wp-json\/wp\/v2\/product_tag?post=60416"}],"curies":[{"name":"wp","href":"https:\/\/api.w.org\/{rel}","templated":true}]}}