{"id":56661,"date":"2025-09-19T03:12:42","date_gmt":"2025-09-19T03:12:42","guid":{"rendered":"https:\/\/vapexyz.com\/?post_type=product&#038;p=56661"},"modified":"2026-03-02T12:47:49","modified_gmt":"2026-03-02T12:47:49","slug":"bang-king-60000-vyfukov-dsk048-ladovo-chladny-nizkonykotinovy-hromadny-nakup-originalny-dobijatelny-jednorazovy-vape-velkoobchod","status":"publish","type":"product","link":"https:\/\/vapexyz.com\/sk\/product\/bang-king-60000-puffs-dsk048-ice-cool-low-nicotine-bulk-buy-original-rechargeable-disposable-vapes-wholesale\/","title":{"rendered":"BANG KING 60000 Puffov DSK048 Ice Cool Hromadn\u00fd n\u00e1kup 60K Nab\u00edjate\u013en\u00e9 Jednorazov\u00e9 Vapes Ve\u013ekoobchod"},"content":{"rendered":"<article style=\"font-family: 'Segoe UI', Roboto, Helvetica, Arial, sans-serif;line-height: 1.8;color: #2c3e50;max-width: 100%;margin: 0 auto;padding: 20px\">\n<h2 style=\"color: #1a252f;border-bottom: 2px solid #3498db;padding-bottom: 10px;margin-top: 30px\">Komplexn\u00fd technick\u00fd preh\u013ead: BANG KING 60000 Puffs DSK048<\/h2>\n<p style=\"font-size: 1.1em;color: #4a5568\">Vitajte vo VapeXYZ, va\u0161om hlavnom medzin\u00e1rodnom distribu\u010dnom centre pre vysokokapacitn\u00e9 jednorazov\u00e9 vapes. S viac ako \u00f4smimi rokmi dokumentovanej prev\u00e1dzkovej dokonalosti v glob\u00e1lnom dod\u00e1vate\u013eskom re\u0165azci B2B sme vytvorili pr\u00edsny r\u00e1mec pre dod\u00e1vanie pr\u00e9miovej technol\u00f3gie vapovania na glob\u00e1lne trhy. Sme hrd\u00ed na to, \u017ee predstavujeme BANG KING 60000 Puffs DSK048 \u2014 zariadenie navrhnut\u00e9 pre pred\u013a\u017een\u00fa \u017eivotnos\u0165 aj optim\u00e1lne senzorick\u00e9 podanie. Ako profesion\u00e1lny ve\u013ekoobchodn\u00fd distrib\u00fator sa \u0161pecializujeme na \u0161k\u00e1lovanie invent\u00e1rnych rie\u0161en\u00ed pre maloobchodn\u00edkov a pon\u00fakame dostupn\u00e9 minim\u00e1lne objedn\u00e1vkov\u00e9 mno\u017estv\u00e1 (MOQ) za\u010d\u00ednaj\u00face len na 10 kusoch, \u010d\u00edm zabezpe\u010dujeme, \u017ee podniky v\u0161etk\u00fdch ve\u013ekost\u00ed m\u00f4\u017eu vyu\u017e\u00edva\u0165 na\u0161e konkuren\u010dn\u00e9 ve\u013ekoobchodn\u00e9 cenov\u00e9 \u0161trukt\u00fary.<\/p>\n<h3 style=\"color: #2980b9;margin-top: 35px\">In\u017einierska dokonalos\u0165 a technick\u00e9 \u0161pecifik\u00e1cie (expert\u00edza)<\/h3>\n<p>BANG KING DSK048 predstavuje v\u00fdznamn\u00fd skok v technol\u00f3gii jednorazov\u00fdch vapeov. Namiesto spoliehania sa na \u0161tandardn\u00e9 komponenty tento pr\u00edstroj integruje sofistikovan\u00fd mikroelektronick\u00fd ekosyst\u00e9m navrhnut\u00fd na udr\u017eanie konzistentn\u00e9ho v\u00fdkonu od prv\u00e9ho \u0165ahu po posledn\u00fd. Jadro tohto syst\u00e9mu tvor\u00ed vysokokapacitn\u00e1 850 mAh dob\u00edjate\u013en\u00e1 energetick\u00e1 bunka, ktor\u00e1 vyu\u017e\u00edva pokro\u010dil\u00fa ch\u00e9miu l\u00edtium-i\u00f3nov na zabezpe\u010denie stabiln\u00e9ho dod\u00e1vania nap\u00e4tia. To je d\u00f4le\u017eit\u00e9, preto\u017ee \u0161tandardn\u00e9 jednorazov\u00e9 vapey \u010dasto trpia poklesom nap\u00e4tia, \u010do vedie k nekonzistentn\u00e9mu v\u00fdkonu.<\/p>\n<p>Teplotn\u00fd mana\u017ement je zabezpe\u010den\u00fd presne navrhnut\u00fdm 1,0-ohmov\u00fdm sie\u0165ov\u00fdm vykurovac\u00edm prvkom. Na rozdiel od tradi\u010dn\u00e9ho navinut\u00e9ho dr\u00f4tu sie\u0165ov\u00e1 architekt\u00fara exponenci\u00e1lne zvy\u0161uje povrchov\u00fa plochu v kontakte s vn\u00fatornou formul\u00e1ciou. To umo\u017e\u0148uje rovnomernej\u0161ie rozlo\u017eenie tepla, minimalizuje lokalizovan\u00e9 hor\u00face miesta, ktor\u00e9 m\u00f4\u017eu zhor\u0161i\u0165 profil chuti, a zabezpe\u010duje dokonale hladk\u00fd proces aerosoliz\u00e1cie. Zariadenie tie\u017e disponuje modern\u00fdm nab\u00edjac\u00edm rozhran\u00edm typu C, ktor\u00e9 obsahuje ochranu proti preb\u00edjaniu, prevenciu skratu a tepeln\u00fd monitoring, aby spl\u0148alo medzin\u00e1rodn\u00e9 bezpe\u010dnostn\u00e9 \u0161tandardy pre spotrebn\u00fa elektroniku.<\/p>\n<div style=\"margin: 25px 0\">\n<table style=\"width: 100%;border-collapse: collapse;text-align: left;font-family: sans-serif\">\n<thead>\n<tr style=\"background-color: #f4f6f7;border-bottom: 2px solid #cbd5e0\">\n<th style=\"padding: 15px;border: 1px solid #e2e8f0;font-weight: 600;color: #2d3748\">\u0160pecifika\u010dn\u00fd parameter<\/th>\n<th style=\"padding: 15px;border: 1px solid #e2e8f0;font-weight: 600;color: #2d3748\">Technick\u00e9 podrobnosti a metriky<\/th>\n<\/tr>\n<\/thead>\n<tbody>\n<tr style=\"background-color: #ffffff\">\n<td style=\"padding: 12px 15px;border: 1px solid #e2e8f0;font-weight: 500\">Maxim\u00e1lna kapacita<\/td>\n<td style=\"padding: 12px 15px;border: 1px solid #e2e8f0\">a\u017e 60 000 aktiv\u00e1ci\u00ed (z\u00e1vis\u00ed od trvania \u0165ahu)<\/td>\n<\/tr>\n<tr style=\"background-color: #f8fafc\">\n<td style=\"padding: 12px 15px;border: 1px solid #e2e8f0;font-weight: 500\">Vn\u00fatorn\u00e1 n\u00e1dr\u017e<\/td>\n<td style=\"padding: 12px 15px;border: 1px solid #e2e8f0\">25 ml kapacita pr\u00e9miovej formul\u00e1cie<\/td>\n<\/tr>\n<tr style=\"background-color: #ffffff\">\n<td style=\"padding: 12px 15px;border: 1px solid #e2e8f0;font-weight: 500\">Power Architecture \n(ke\u010f\u017ee je to vlastn\u00fd n\u00e1zov, preklad nie je potrebn\u00fd, alebo sk\u00f4r  architekt\u00fara Power)<\/td>\n<td style=\"padding: 12px 15px;border: 1px solid #e2e8f0\">Konfigur\u00e1cia 850 mAh l\u00edtium-i\u00f3nov\u00e9ho nab\u00edjate\u013en\u00e9ho \u010dl\u00e1nku<\/td>\n<\/tr>\n<tr style=\"background-color: #f8fafc\">\n<td style=\"padding: 12px 15px;border: 1px solid #e2e8f0;font-weight: 500\">Tepeln\u00e1 s\u00fa\u010diastka<\/td>\n<td style=\"padding: 12px 15px;border: 1px solid #e2e8f0\">1,0-ohmov\u00e1 optimalizovan\u00e1 mrie\u017ekov\u00e1 odporov\u00e1 cievka<\/td>\n<\/tr>\n<tr style=\"background-color: #ffffff\">\n<td style=\"padding: 12px 15px;border: 1px solid #e2e8f0;font-weight: 500\">Rozhranie nap\u00e1jania<\/td>\n<td style=\"padding: 12px 15px;border: 1px solid #e2e8f0\">Port pre r\u00fdchle nab\u00edjanie typu C s integrovan\u00fdmi bezpe\u010dnostn\u00fdmi protokolmi<\/td>\n<\/tr>\n<tr style=\"background-color: #f8fafc\">\n<td style=\"padding: 12px 15px;border: 1px solid #e2e8f0;font-weight: 500\">Senzorick\u00e1 prisp\u00f4sobivos\u0165<\/td>\n<td style=\"padding: 12px 15px;border: 1px solid #e2e8f0\">5 r\u00f4znych \u00farovn\u00ed nastavite\u013enej intenzity chladenia<\/td>\n<\/tr>\n<tr style=\"background-color: #ffffff\">\n<td style=\"padding: 12px 15px;border: 1px solid #e2e8f0;font-weight: 500\">Akt\u00edvna koncentr\u00e1cia<\/td>\n<td style=\"padding: 12px 15px;border: 1px solid #e2e8f0\">Dostupn\u00e9 v sil\u00e1ch 0%, 2%, 3% a 5%<\/td>\n<\/tr>\n<tr style=\"background-color: #f8fafc\">\n<td style=\"padding: 12px 15px;border: 1px solid #e2e8f0;font-weight: 500\">B2B rie\u0161enia<\/td>\n<td style=\"padding: 12px 15px;border: 1px solid #e2e8f0\">Pln\u00e1 v\u00fdrobn\u00e1 podpora OEM\/ODM pre certifikovan\u00fdch partnerov<\/td>\n<\/tr>\n<\/tbody>\n<\/table>\n<\/div>\n<h3 style=\"color: #2980b9;margin-top: 35px\">Empirick\u00e9 testovanie a metriky v\u00fdkonu (Empirick\u00e9)<\/h3>\n<p>V odvetv\u00ed jednorazov\u00fdch vape zariaden\u00ed je transparentnos\u0165 t\u00fdkaj\u00faca sa prev\u00e1dzkov\u00fdch metr\u00edk prvorad\u00e1. Inzerovan\u00fd po\u010det 60 000 aktiv\u00e1ci\u00ed nie je \u013eubovo\u013en\u00fd \u00fadaj; vych\u00e1dza z rigor\u00f3znych empirick\u00fdch laborat\u00f3rnych testov. Pomocou automatizovan\u00e9ho pneumatick\u00e9ho zariadenia na testovanie \u0165ahu je zariadenie podroben\u00e9 \u0161tandardn\u00fdm 1,5-sekundov\u00fdm intervalom inhal\u00e1cie pod kontrolovan\u00fdmi atmosf\u00e9rick\u00fdmi podmienkami. To zabezpe\u010duje, \u017ee vn\u00fatorn\u00e1 n\u00e1dr\u017e s objemom 25 ml je vy\u010derpan\u00e1 pri matematicky konzistentnej r\u00fdchlosti, \u010do potvrdzuje tvrdenia o dlhej \u017eivotnosti.<\/p>\n<p>Okrem toho bat\u00e9ria s kapacitou 850 mAh podstupuje rozsiahle cyklick\u00e9 testovanie degrad\u00e1cie. In\u017einieri meraj\u00fa zachovanie n\u00e1boja po\u010das viacer\u00fdch cyklov nab\u00edjania cez Type-C, aby zaru\u010dili, \u017ee v\u00fdkonnostn\u00e1 bunka si zachov\u00e1 aspo\u0148 85 % svojej p\u00f4vodnej kapacity po\u010das celej \u017eivotnosti 25 ml formul\u00e1cie. Jedine\u010dn\u00fd 5-\u00farov\u0148ov\u00fd nastavite\u013en\u00fd chladiaci mechanizmus bol tie\u017e empiricky vyladen\u00fd pomocou sn\u00edma\u010dov prietoku vzduchu, aby poskytoval zrete\u013en\u00e9, merate\u013en\u00e9 vari\u00e1cie v tepelnom zn\u00ed\u017een\u00ed aeros\u00f3lu, \u010do umo\u017e\u0148uje pou\u017e\u00edvate\u013eom presne kalibrova\u0165 svoj senzorick\u00fd z\u00e1\u017eitok.<\/p>\n<h3 style=\"color: #2980b9;margin-top: 35px\">Kurovan\u00e9 senzorick\u00e9 profily<\/h3>\n<p>Ke\u010f\u017ee spotrebite\u013esk\u00e9 preferencie s\u00fa vysoko subjekt\u00edvne, BANG KING DSK048 pon\u00faka prec\u00edzne vytvoren\u00fa \u0161k\u00e1lu profilov chuti. Ka\u017ed\u00e1 mo\u017enos\u0165 je formulovan\u00e1 pomocou potravin\u00e1rskych aromatick\u00fdch l\u00e1tok a podlieha pr\u00edsnej kontrole kvality, aby sa zabezpe\u010dila konzistencia medzi jednotliv\u00fdmi d\u00e1vkami. S\u00fa\u010dasn\u00fd portf\u00f3lio obsahuje:<\/p>\n<ul style=\"list-style-type: none;padding-left: 0\">\n<li style=\"margin-bottom: 15px;padding-left: 20px;border-left: 3px solid #3498db\">Modr\u00fd Razz Ice: Komplexn\u00e1 synt\u00e9za kysl\u00fdch aromatick\u00fdch l\u00e1tok modrej maliny, stabilizovan\u00e1 kryog\u00e9nnym chladivom pre ostro osvie\u017euj\u00faci z\u00e1ver.<\/li>\n<li style=\"margin-bottom: 15px;padding-left: 20px;border-left: 3px solid #3498db\">Jahodov\u00e1 a vodov\u00e1 mel\u00f3nov\u00e1: Odborne vyv\u00e1\u017een\u00e1 zmes, ktor\u00e1 sp\u00e1ja hlbok\u00fa botanick\u00fa sladkos\u0165 zrel\u00fdch jah\u00f4d s vodnat\u00fdmi, chrumkav\u00fdmi t\u00f3nmi \u010derstv\u00e9ho vodov\u00e9ho mel\u00f3nu.<\/li>\n<li style=\"margin-bottom: 15px;padding-left: 20px;border-left: 3px solid #3498db\">Mel\u00f3nov\u00fd \u013ead: Zameria sa v\u00fdlu\u010dne na \u010dist\u00fa, nefal\u0161ovan\u00fa esenciu mel\u00f3nu, v\u00fdrazne vylep\u0161en\u00fa podnulov\u00fdm chladiv\u00fdm efektom pre maxim\u00e1lnu osvie\u017euj\u00facu \u00fa\u010dinnos\u0165.<\/li>\n<li style=\"margin-bottom: 15px;padding-left: 20px;border-left: 3px solid #3498db\">Brosky\u0148ov\u00fd \u013ead: Zachyt\u00e1va bohat\u00fa, hodv\u00e1bnu sladkos\u0165 brosk\u00fd\u0148 pestovan\u00fdch v sadech, doplnen\u00fa presn\u00fdm tepeln\u00fdm chladiv\u00fdm pocitom.<\/li>\n<li style=\"margin-bottom: 15px;padding-left: 20px;border-left: 3px solid #3498db\">Hroznov\u00fd \u013ead: Vyu\u017e\u00edva robustn\u00fd, tmav\u00fd extrakt Concordovej hrozna, charakterizovan\u00fd hlbok\u00fdm a rezonan\u010dn\u00fdm profilom chuti, ktor\u00fd kon\u010d\u00ed \u010dist\u00fdm, \u013eadov\u00fdm v\u00fddychom.<\/li>\n<li style=\"margin-bottom: 15px;padding-left: 20px;border-left: 3px solid #3498db\">Scary Berry: Sofistikovan\u00e1 a komplexn\u00e1 zmes r\u00f4znych tmav\u00fdch bob\u00fa\u013e, navrhnut\u00e1 tak, aby vytvorila dokonal\u00fa rovnov\u00e1hu medzi prirodzenou kyslos\u0165ou a dlhotrvaj\u00facou sladkos\u0165ou.<\/li>\n<li style=\"margin-bottom: 15px;padding-left: 20px;border-left: 3px solid #3498db\">Cherry Strazz: Kombinuje hust\u00e9, bohat\u00e9 \u010dere\u0161\u0148ov\u00e9 extrakty s jemn\u00fdm jahodov\u00fdm podt\u00f3nom, v\u00fdsledkom \u010doho je mnohostrann\u00e1 a vysoko uspokojuj\u00faca senzorick\u00e1 cesta.<\/li>\n<li style=\"margin-bottom: 15px;padding-left: 20px;border-left: 3px solid #3498db\">Mango Magic: Tropick\u00e1 formul\u00e1cia zameran\u00e1 na dodanie hustej, aromatickej a sirupovej sladkosti spojenej s dokonale dozret\u00fdmi mangami.<\/li>\n<li style=\"margin-bottom: 15px;padding-left: 20px;border-left: 3px solid #3498db\">Jahodov\u00fd dra\u010d\u00ed ovocie: Vysoko sofistikovan\u00e9 spojenie, ktor\u00e9 pozdvihuje tradi\u010dn\u00e9 jahodov\u00e9 t\u00f3ny s exotick\u00fdmi, mierne kysl\u00fdmi charakteristikami dra\u010dieho ovocia.<\/li>\n<li style=\"margin-bottom: 15px;padding-left: 20px;border-left: 3px solid #3498db\">Krv tigra: Dynamick\u00e1 a \u017eiv\u00e1 tropick\u00e1 zmes s v\u00fdrazn\u00fdmi kokosov\u00fdmi aromatami prepleten\u00fdmi so robustn\u00fdm ovocn\u00fdm mixom.<\/li>\n<li style=\"margin-bottom: 15px;padding-left: 20px;border-left: 3px solid #3498db\">Summer Splash: \u017divo a osvie\u017euj\u00faco p\u00f4sobiaca zmes starostlivo navrhnut\u00e1 na repliku rozmanit\u00fdch jasn\u00fdch profilov ovocia za tepl\u00e9ho po\u010dasia.<\/li>\n<li style=\"margin-bottom: 15px;padding-left: 20px;border-left: 3px solid #3498db\">Kysel\u00fd Lush Gummy: Integruje kysl\u00fd, cukr\u00e1renskou in\u0161pir\u00e1ciou zalo\u017een\u00fd profil s sladkou z\u00e1kladnou chu\u0165ou, napodob\u0148uj\u00fac popul\u00e1rne \u017euvacie poch\u00fa\u0165ky.<\/li>\n<\/ul>\n<h3 style=\"color: #2980b9;margin-top: 35px\">Priemyseln\u00e1 autorita a d\u00f4vera v dod\u00e1vate\u013esk\u00fd re\u0165azec (Autorita a d\u00f4vera)<\/h3>\n<p>Pri z\u00edskavan\u00ed jednorazov\u00fdch vapeov pre maloobchodn\u00fa distrib\u00faciu je spo\u013eahlivos\u0165 dod\u00e1vate\u013esk\u00e9ho re\u0165azca rovnako d\u00f4le\u017eit\u00e1 ako samotn\u00fd hardv\u00e9r. VapeXYZ funguje ako overen\u00e1, d\u00f4veryhodn\u00e1 ve\u013ekoobchodn\u00e1 platforma s hlbok\u00fdmi kore\u0148mi v eur\u00f3pskej distribu\u010dnej sieti. Obch\u00e1dzame nepotrebn\u00fdch sprostredkovate\u013eov, \u010do n\u00e1m umo\u017e\u0148uje pon\u00faka\u0165 autentick\u00e9 produkty BANG KING za vysoko konkuren\u010dn\u00e9 ceny priamo z tov\u00e1rne. Na\u0161e oper\u00e1cie sa riadia pr\u00edsnou komer\u010dnou zhodou, \u010d\u00edm zabezpe\u010dujeme, \u017ee v\u0161etky produkty sp\u013a\u0148aj\u00fa potrebn\u00e9 region\u00e1lne bezpe\u010dnostn\u00e9 a materi\u00e1lov\u00e9 \u0161tandardy (ako s\u00fa smernice CE a RoHS pre elektronick\u00e9 komponenty).<\/p>\n<p>Uzn\u00e1vame r\u00f4znorod\u00e9 regula\u010dn\u00e9 prostredia, v ktor\u00fdch sa pohybuj\u00fa na\u0161i B2B partneri, a preto je DSK048 pon\u00fakan\u00fd v komplexnom rozsahu koncentra\u010dn\u00fdch mo\u017enost\u00ed (0%, 2%, 3% a 5%). T\u00e1to transparentnos\u0165 a prisp\u00f4sobivos\u0165 umo\u017e\u0148uj\u00fa maloobchodn\u00edkom skladova\u0165 s\u00faladn\u00fd invent\u00e1r pr\u00edsne prisp\u00f4soben\u00fd demografi\u00ed ich miestneho trhu. Okrem toho na\u0161a robustn\u00e1 logistick\u00e1 infra\u0161trukt\u00fara garantuje r\u00fdchle, plne sledovan\u00e9 dodanie po celej Eur\u00f3pe, minimalizuje \u010dasov\u00e9 okn\u00e1, po\u010das ktor\u00fdch je tovar vypredan\u00fd, a maximalizuje maloobchodn\u00fa ziskovos\u0165.<\/p>\n<div style=\"background-color: #f0f7ff;border-left: 6px solid #007bff;padding: 20px;margin: 30px 0;border-radius: 0 8px 8px 0;font-family: sans-serif\">\n<h4 style=\"margin-top: 0;color: #0056b3;font-size: 1.2em\">K\u013e\u00fa\u010dov\u00e9 znalosti pre optim\u00e1lny v\u00fdkon<\/h4>\n<ul style=\"margin-bottom: 0;padding-left: 20px;color: #333\">\n<li style=\"margin-bottom: 8px\">\u00dadr\u017eba bat\u00e9rie: Aby sa maximalizovala \u017eivotnos\u0165 bat\u00e9rie s kapacitou 850 mAh, vyhnite sa nechaniu zariadenia zapojen\u00e9ho cez noc. Odpojte ho, ke\u010f indik\u00e1tor LED signalizuje pln\u00e9 nabitie.<\/li>\n<li style=\"margin-bottom: 8px\">Environment\u00e1lne skladovanie: Skladujte neotvoren\u00e9 a akt\u00edvne jednorazov\u00e9 vapes v chladnom, suchom prostred\u00ed. Extr\u00e9mne teplo m\u00f4\u017ee ohrozi\u0165 vn\u00fatorn\u00fd tlak bat\u00e9rie, zatia\u013e \u010do extr\u00e9mny chlad m\u00f4\u017ee zmeni\u0165 viskozitu formul\u00e1cie, \u010do do\u010dasne ovplyvn\u00ed \u00fa\u010dinnos\u0165 nasiaknutia sie\u0165ovej \u0161pir\u00e1ly.<\/li>\n<li style=\"margin-bottom: 8px\">Mechanika \u00fapravy chladenia: 5-\u00farov\u0148ov\u00e1 \u00faprava chladenia funguje tak, \u017ee mechanicky obmedzuje alebo otv\u00e1ra sekund\u00e1rne vzduchov\u00e9 kan\u00e1ly, \u010do priamo men\u00ed pomer vzduchu k pare pred inhal\u00e1ciou a vytv\u00e1ra v\u00fdraznej\u0161\u00ed \u013eadov\u00fd pocit, ke\u010f je \u00faplne otvoren\u00fd.<\/li>\n<\/ul>\n<\/div>\n<h3 style=\"color: #2980b9;margin-top: 35px\">\u010casto kladen\u00e9 ot\u00e1zky (FAQ)<\/h3>\n<div style=\"margin-top: 20px\">\n<div style=\"border: 1px solid #e2e8f0;border-radius: 8px;margin-bottom: 15px;padding: 20px;background-color: #ffffff\">\n<h4 style=\"margin: 0 0 10px 0;color: #2c3e50\">Ak\u00e9 je minim\u00e1lne mno\u017estvo objedn\u00e1vky (MOQ) pre ve\u013ekoobchodn\u00fd n\u00e1kup?<\/h4>\n<p style=\"margin: 0;color: #555\">V spolo\u010dnosti VapeXYZ sme n\u00e1\u0161 ve\u013ekoobchodn\u00fd model navrhli tak, aby bol vysoko dostupn\u00fd. MOQ pre BANG KING DSK048 je pr\u00edsne 10 kusov. To umo\u017e\u0148uje men\u0161\u00edm maloobchodn\u00edkom otestova\u0165 reakciu trhu bez z\u00e1v\u00e4zku vo\u010di ve\u013ek\u00fdm kapit\u00e1lov\u00fdm v\u00fddavkom, pri\u010dom st\u00e1le odomykaj\u00fa konkuren\u010dn\u00e9 \u00farovne hromadn\u00fdch cien.<\/p>\n<\/div>\n<div style=\"border: 1px solid #e2e8f0;border-radius: 8px;margin-bottom: 15px;padding: 20px;background-color: #ffffff\">\n<h4 style=\"margin: 0 0 10px 0;color: #2c3e50\">Ako zist\u00edm, \u017ee produkt je prav\u00fd?<\/h4>\n<p style=\"margin: 0;color: #555\">D\u00f4vera a autorita s\u00fa na\u0161e z\u00e1kladn\u00e9 kamene. Ka\u017ed\u00e1 z\u00e1sielka od VapeXYZ obsahuje overite\u013en\u00e9 k\u00f3dy autentifik\u00e1cie produktov priamo z v\u00fdrobn\u00e9ho z\u00e1vodu BANG KING. Na\u0161a 8-ro\u010dn\u00e1 hist\u00f3ria je zalo\u017een\u00e1 na nulovej tolerancii k fal\u0161ovan\u00e9mu tovaru.<\/p>\n<\/div>\n<div style=\"border: 1px solid #e2e8f0;border-radius: 8px;margin-bottom: 15px;padding: 20px;background-color: #ffffff\">\n<h4 style=\"margin: 0 0 10px 0;color: #2c3e50\">Ak\u00fd nab\u00edja\u010dku by sa mala pou\u017e\u00edva\u0165 s t\u00fdmto zariaden\u00edm?<\/h4>\n<p style=\"margin: 0;color: #555\">Zariadenie vyu\u017e\u00edva \u0161tandardn\u00e9 rozhranie Type-C. Pre empirick\u00fa bezpe\u010dnos\u0165 a dlh\u00fa \u017eivotnos\u0165 bat\u00e9rie odpor\u00fa\u010dame pou\u017e\u00edva\u0165 \u0161tandardn\u00fd nab\u00edjac\u00ed blok 5V\/1A. Vyhnite sa pou\u017e\u00edvaniu vysokov\u00fdkonn\u00fdch laptopov alebo r\u00fdchlonab\u00edja\u010diek, preto\u017ee nadmern\u00e1 intenzita pr\u00fadu m\u00f4\u017ee pred\u010dasne po\u0161kodi\u0165 l\u00edtium-i\u00f3nov\u00fa bunku.<\/p>\n<\/div>\n<div style=\"border: 1px solid #e2e8f0;border-radius: 8px;margin-bottom: 15px;padding: 20px;background-color: #ffffff\">\n<h4 style=\"margin: 0 0 10px 0;color: #2c3e50\">S\u00fa k dispoz\u00edcii r\u00f4zne mo\u017enosti sily?<\/h4>\n<p style=\"margin: 0;color: #555\">\u00c1no. Aby sa vyhovelo r\u00f4znym preferenci\u00e1m spotrebite\u013eov a region\u00e1lnym regula\u010dn\u00fdm po\u017eiadavk\u00e1m, DSK048 sa vyr\u00e1ba v \u0161tyroch r\u00f4znych profiloch koncentr\u00e1cie: 0%, 2%, 3% a 5%. Ve\u013ekoobchodn\u00ed partneri m\u00f4\u017eu tieto varianty kombinova\u0165 a prisp\u00f4sobova\u0165 tak, aby splnili svoje \u0161pecifick\u00e9 potreby z\u00e1sob.<\/p>\n<\/div>\n<\/div>\n<p style=\"margin-top: 30px;font-weight: bold;font-size: 1.1em;color: #2c3e50;text-align: center\">Zvo\u013ete si BANG KING 60000 PUFFS DSK048 Ice Cool pre jeho v\u00fdkonn\u00e9 in\u017einierstvo, rafinovan\u00e9 senzorick\u00e9 profily a na\u0161u bezkonkuren\u010dn\u00fa ve\u013ekoobchodn\u00fa spo\u013eahlivos\u0165. Partnerujte v\u00fdlu\u010dne s VapeXYZ, Eur\u00f3pskou autoritou pre ve\u013ekoobchodn\u00e9 jednor\u00e1zov\u00e9 vapes.<\/p>\n<div style=\"text-align: center;margin-top: 40px\"><img loading=\"lazy\" decoding=\"async\" class=\"alignnone size-full wp-image-56723\" style=\"max-width: 100%;height: auto;border-radius: 8px\" src=\"https:\/\/vapexyz.com\/wp-content\/uploads\/2025\/09\/BANG-KING-60000-Puffs-DSK048-Ice-Cool-Low-Nicotine-Bulk-Buy-Original-Rechargeable-Disposable-Vapes-Wholesale-10.webp\" alt=\"BANG KING 60000 Puffs DSK048 Ice Cool N\u00edzky Nikot\u00edn Hromadn\u00fd N\u00e1kup Origin\u00e1lny Nab\u00edjate\u013en\u00fd Jednorazov\u00fd Vape Ve\u013ekoobchod\" width=\"1918\" height=\"1920\" title=\"\" srcset=\"https:\/\/vapexyz.com\/wp-content\/uploads\/2025\/09\/BANG-KING-60000-Puffs-DSK048-Ice-Cool-Low-Nicotine-Bulk-Buy-Original-Rechargeable-Disposable-Vapes-Wholesale-10.webp 1918w, https:\/\/vapexyz.com\/wp-content\/uploads\/2025\/09\/BANG-KING-60000-Puffs-DSK048-Ice-Cool-Low-Nicotine-Bulk-Buy-Original-Rechargeable-Disposable-Vapes-Wholesale-10-500x500.webp 500w, https:\/\/vapexyz.com\/wp-content\/uploads\/2025\/09\/BANG-KING-60000-Puffs-DSK048-Ice-Cool-Low-Nicotine-Bulk-Buy-Original-Rechargeable-Disposable-Vapes-Wholesale-10-1024x1024.webp 1024w, https:\/\/vapexyz.com\/wp-content\/uploads\/2025\/09\/BANG-KING-60000-Puffs-DSK048-Ice-Cool-Low-Nicotine-Bulk-Buy-Original-Rechargeable-Disposable-Vapes-Wholesale-10-300x300.webp 300w, https:\/\/vapexyz.com\/wp-content\/uploads\/2025\/09\/BANG-KING-60000-Puffs-DSK048-Ice-Cool-Low-Nicotine-Bulk-Buy-Original-Rechargeable-Disposable-Vapes-Wholesale-10-768x769.webp 768w, https:\/\/vapexyz.com\/wp-content\/uploads\/2025\/09\/BANG-KING-60000-Puffs-DSK048-Ice-Cool-Low-Nicotine-Bulk-Buy-Original-Rechargeable-Disposable-Vapes-Wholesale-10-1534x1536.webp 1534w, https:\/\/vapexyz.com\/wp-content\/uploads\/2025\/09\/BANG-KING-60000-Puffs-DSK048-Ice-Cool-Low-Nicotine-Bulk-Buy-Original-Rechargeable-Disposable-Vapes-Wholesale-10-12x12.webp 12w, https:\/\/vapexyz.com\/wp-content\/uploads\/2025\/09\/BANG-KING-60000-Puffs-DSK048-Ice-Cool-Low-Nicotine-Bulk-Buy-Original-Rechargeable-Disposable-Vapes-Wholesale-10-247x247.webp 247w, https:\/\/vapexyz.com\/wp-content\/uploads\/2025\/09\/BANG-KING-60000-Puffs-DSK048-Ice-Cool-Low-Nicotine-Bulk-Buy-Original-Rechargeable-Disposable-Vapes-Wholesale-10-510x511.webp 510w, https:\/\/vapexyz.com\/wp-content\/uploads\/2025\/09\/BANG-KING-60000-Puffs-DSK048-Ice-Cool-Low-Nicotine-Bulk-Buy-Original-Rechargeable-Disposable-Vapes-Wholesale-10-100x100.webp 100w\" sizes=\"auto, (max-width: 1918px) 100vw, 1918px\" \/><\/div>\n<\/article>","protected":false},"excerpt":{"rendered":"<p>BANG KING 60000 PUFFS DSK048 Ice Cool je dob\u00edjate\u013en\u00e1 jednorazov\u00e1 vape s kapacitou 25 ml, mesh cievkou, nastavite\u013en\u00fdm chladen\u00edm, viacer\u00fdmi mo\u017enos\u0165ami sily a 12 pr\u00edchu\u0165ami, dostupn\u00e1 ve\u013ekoobchodne na VapeXYZ.<\/p>","protected":false},"featured_media":56717,"comment_status":"open","ping_status":"closed","template":"","meta":{"_lmt_disableupdate":"no","_lmt_disable":""},"product_brand":[],"product_cat":[821,1072,947,935,934,927,929,928,930,933,939,932,938,931,936,937,1017,949,946,951,953,987],"product_tag":[],"class_list":{"0":"post-56661","1":"product","2":"type-product","3":"status-publish","4":"has-post-thumbnail","6":"product_cat-bang","7":"product_cat-60000-puff-vapes","8":"product_cat-big-puffs-vapes","9":"product_cat-bulk-buy-disposable-vapes-in-austria","10":"product_cat-bulk-buy-disposable-vapes-in-belgium","11":"product_cat-bulk-buy-disposable-vapes-in-europe","12":"product_cat-bulk-buy-disposable-vapes-in-france","13":"product_cat-bulk-buy-disposable-vapes-in-germany","14":"product_cat-bulk-buy-disposable-vapes-in-italy","15":"product_cat-bulk-buy-disposable-vapes-in-netherlands","16":"product_cat-bulk-buy-disposable-vapes-in-norway","17":"product_cat-bulk-buy-disposable-vapes-in-poland","18":"product_cat-bulk-buy-disposable-vapes-in-portugal","19":"product_cat-bulk-buy-disposable-vapes-in-spain","20":"product_cat-bulk-buy-disposable-vapes-in-sweden","21":"product_cat-bulk-buy-disposable-vapes-in-switzerland","22":"product_cat-buy-best-disposable-vape-flavors","23":"product_cat-digital-box-vapes","24":"product_cat-disposable-vapes-series","25":"product_cat-lower-nicotine-vapes","26":"product_cat-rechargeable-vapes","27":"product_cat-vape-shop-by-puffs","29":"first","30":"instock","31":"shipping-taxable","32":"purchasable","33":"product-type-variable","34":"has-default-attributes"},"jetpack_sharing_enabled":true,"tiered_pricing_type":"fixed","tiered_pricing_fixed_rules":[],"tiered_pricing_product_settings":{"layout":"default","base_unit_name":{"singular":null,"plural":null},"default_variation":null},"tiered_pricing_minimum_quantity":null,"tiered_pricing_roles_data":[],"tiered_pricing_percentage_rules":[],"tiered_pricing_maximum_quantity":null,"tiered_pricing_quantity_step":null,"_links":{"self":[{"href":"https:\/\/vapexyz.com\/sk\/wp-json\/wp\/v2\/product\/56661","targetHints":{"allow":["GET"]}}],"collection":[{"href":"https:\/\/vapexyz.com\/sk\/wp-json\/wp\/v2\/product"}],"about":[{"href":"https:\/\/vapexyz.com\/sk\/wp-json\/wp\/v2\/types\/product"}],"replies":[{"embeddable":true,"href":"https:\/\/vapexyz.com\/sk\/wp-json\/wp\/v2\/comments?post=56661"}],"wp:featuredmedia":[{"embeddable":true,"href":"https:\/\/vapexyz.com\/sk\/wp-json\/wp\/v2\/media\/56717"}],"wp:attachment":[{"href":"https:\/\/vapexyz.com\/sk\/wp-json\/wp\/v2\/media?parent=56661"}],"wp:term":[{"taxonomy":"product_brand","embeddable":true,"href":"https:\/\/vapexyz.com\/sk\/wp-json\/wp\/v2\/product_brand?post=56661"},{"taxonomy":"product_cat","embeddable":true,"href":"https:\/\/vapexyz.com\/sk\/wp-json\/wp\/v2\/product_cat?post=56661"},{"taxonomy":"product_tag","embeddable":true,"href":"https:\/\/vapexyz.com\/sk\/wp-json\/wp\/v2\/product_tag?post=56661"}],"curies":[{"name":"wp","href":"https:\/\/api.w.org\/{rel}","templated":true}]}}