{"id":47531,"date":"2025-06-02T09:19:49","date_gmt":"2025-06-02T09:19:49","guid":{"rendered":"https:\/\/vapexyz.com\/?post_type=product&#038;p=47531"},"modified":"2026-03-05T03:55:23","modified_gmt":"2026-03-05T03:55:23","slug":"krystalova-mary-groove-50000-puffs-jednorazova-vape-velkoobchodne-ceny-pre-profesionalnych-distributorov-vape-produktov","status":"publish","type":"product","link":"https:\/\/vapexyz.com\/sk\/product\/crystal-mary-groove-50000-puff-disposable-vape-wholesale-bulk-pricing-for-professional-vape-distributors\/","title":{"rendered":"KRY\u0160T\u00c1L M\u00c1RIA Groove 50000 Puffs Jednor\u00e1zov\u00e1 Vape Ve\u013ekoobchodn\u00e9 ceny pre profesion\u00e1lnych distrib\u00fatorov vape produktov"},"content":{"rendered":"<h2><a href=\"https:\/\/vapexyz.com\/sk\/kategoria-produktu\/krystalove-mary-jednorazove-vapes\/\">KRY\u0160T\u00c1L M\u00c1RIA<\/a> Groove 50000 Puff <a href=\"https:\/\/vapexyz.com\/sk\/\">Vape na jedno pou\u017eitie<\/a>: Redefinovanie vylep\u0161enej kvality jednorazov\u00fdch v\u00fdrobkov pre eur\u00f3pskych distrib\u00fatorov vape produktov<\/h2>\n<p>VapeXYZ (vapexyz.com) je u\u017e osem rokov odborn\u00edkom v oblasti distrib\u00facie jednorazov\u00fdch vape produktov po celej Eur\u00f3pe. Ako popredn\u00fd online obchod zameran\u00fd na profesion\u00e1lny ve\u013ekoobchod a hromadn\u00e9 ceny, spolupracujeme s popredn\u00fdmi zna\u010dkami - vr\u00e1tane RandM Tornado, FIZZY, FUMOT, Waspe, Vapme a \u010fal\u0161\u00edmi 20 zna\u010dkami - aby sme dod\u00e1vali pr\u00e9miov\u00e9 produkty za najkonkurencieschopnej\u0161ie ceny v Eur\u00f3pe. Na\u0161a odbornos\u0165 pokr\u00fdva k\u013e\u00fa\u010dov\u00e9 trhy ako Nemecko, Holandsko, Belgicko, \u0160panielsko, Franc\u00fazsko a Taliansko, kde sme si vybudovali reput\u00e1ciu pre spo\u013eahlivos\u0165, r\u00fdchle poisten\u00e9 dodanie a prisp\u00f4soben\u00e9 rie\u0161enia pre maloobchodn\u00fdch aj ve\u013ekoobchodn\u00fdch kupuj\u00facich. \u010ci u\u017e ste lok\u00e1lny vape obchod, distrib\u00fator alebo e-commerce predajca, VapeXYZ je va\u0161\u00edm jedin\u00fdm zdrojom pre \u0161pi\u010dkov\u00e9 jednorazov\u00e9 vape produkty - po\u010d\u00ednaj\u00fac na\u0161\u00edm v\u00fdnimo\u010dn\u00fdm produktom: CRYSTAL MARY Groove 50000 Puff Disposable Vape.<\/p>\n<h2>CRYSTAL MARY Groove 50000 Puff Disposable Vape: Technologick\u00fd z\u00e1zrak pre n\u00e1ro\u010dn\u00fdch distrib\u00fatorov<\/h2>\n<p>CRYSTAL MARY Groove 50000 Puff Disposable Vape nie je len \u010fal\u0161\u00edm jednorazov\u00fdm zariaden\u00edm - je to svedectvo inov\u00e1cie, navrhnut\u00e9 tak, aby splnilo po\u017eiadavky eur\u00f3pskych vaperov a distrib\u00fatorov. Navrhnut\u00e9 s presnos\u0165ou, toto zariadenie sp\u00e1ja v\u00fdnimo\u010dn\u00fa dlhovekos\u0165, prisp\u00f4sobite\u013en\u00fd v\u00fdkon a mno\u017estvo \u017eiad\u00facich chut\u00ed, aby stanovilo nov\u00e9 \u0161tandardy v kateg\u00f3rii jednorazov\u00fdch v\u00fdrobkov. Ni\u017e\u0161ie rozober\u00e1me jeho definuj\u00face vlastnosti:<\/p>\n<h2>Z\u00e1kladn\u00e9 funkcie: Navrhnut\u00e9 pre v\u00fdkon a v\u0161estrannos\u0165<\/h2>\n<ul>\n<li><strong>50 000 v\u00fdfukov na jednotku<\/strong>: S mas\u00edvnou 1000mAh bat\u00e9riou a optimalizovanou kapacitou e-kvapaliny CRYSTAL MARY Groove dod\u00e1va v priemysle popredn\u00fdch 50 000 potiahnut\u00ed - eliminuje potrebu \u010dast\u00fdch n\u00e1hrad a zabezpe\u010duje roz\u0161\u00edren\u00fa hodnotu pre koncov\u00fdch pou\u017e\u00edvate\u013eov.<\/li>\n<li><strong>Nastavite\u013en\u00e1 regul\u00e1cia prietoku vzduchu<\/strong>: Vyhovujte r\u00f4znym preferenci\u00e1m vapovania pomocou u\u017e\u00edvate\u013esky pohodln\u00e9ho ovl\u00e1dacieho prvku pre prietok vzduchu. \u010ci z\u00e1kazn\u00edci preferuj\u00fa tesn\u00e9 \u00fadery z \u00fast do p\u013e\u00fac alebo vo\u013en\u00e9 priame \u00fadery do p\u013e\u00fac, CRYSTAL MARY Groove sa \u013eahko prisp\u00f4sob\u00ed.<\/li>\n<li><strong>Technol\u00f3gia du\u00e1lnej mesh cievky (0,6\u03a9 + 1,5\u03a9)<\/strong>: Tento pokro\u010dil\u00fd syst\u00e9m cievok vyva\u017euje intenzitu chuti a produkciu p\u00e1r. Cievka 0,6 \u03a9 zosil\u0148uje bohat\u00e9, v\u00fdrazn\u00e9 t\u00f3ny, zatia\u013e \u010do cievka 1,5 \u03a9 zabezpe\u010duje hladk\u00e9, konzistentn\u00e9 \u0165ahy - ide\u00e1lne pre celodenn\u00e9 pou\u017eitie.<\/li>\n<li><strong>Inteligentn\u00fd displej s dotykov\u00fdm rozhran\u00edm<\/strong>: Vstavan\u00fd vysokorozli\u0161ovac\u00ed displej poskytuje \u00fadaje v re\u00e1lnom \u010dase, vr\u00e1tane zost\u00e1vaj\u00facich d\u00famkov, v\u00fddr\u017ee bat\u00e9rie a aktu\u00e1lnych nastaven\u00ed nikot\u00ednu\/\u013eadu. \u00daprava preferenci\u00ed je intuit\u00edvna: sta\u010d\u00ed klepn\u00fa\u0165 na obrazovku a upravi\u0165 silu nikot\u00ednu (z\u00e1klad 50 mg\/ml) alebo intenzitu \u013eadu, \u010d\u00edm sa zabezpe\u010d\u00ed personalizovan\u00fd z\u00e1\u017eitok.<\/li>\n<li><strong>R\u00fdchle nab\u00edjanie typu C<\/strong>: \u017diadne \u010fal\u0161ie \u010dakania \u2013 dobite CRYSTAL MARY Groove za menej ako 45 min\u00fat cez jeho port Type-C, \u010d\u00edm sa minimalizuje prestoje pre pou\u017e\u00edvate\u013eov a maximalizuje obrat pre distrib\u00fatorov.<\/li>\n<li><strong>Pr\u00e9miov\u00e1 kvalita zostavy<\/strong>: Meria 96mm na d\u013a\u017eku a v\u00e1\u017ei len 130g, zariadenie dosahuje dokonal\u00fa rovnov\u00e1hu medzi prenosnos\u0165ou a odolnos\u0165ou. Jeho \u0161t\u00fdlny, ergonomick\u00fd dizajn (1mm x 21,5mm x 106mm) pohodlne padne do ruky, s matn\u00fdm povrchom, ktor\u00fd odol\u00e1va odtla\u010dkom prstov a \u0161krabanciam.<\/li>\n<\/ul>\n<h2>Portf\u00f3lio chut\u00ed: Symf\u00f3nia vnemen\u00ed<\/h2>\n<p>Krytick\u00fd \u017eliabok CRYSTAL MARY  m\u00e1 pr\u00ed\u0165a\u017elivos\u0165, ktor\u00e1 siaha \u010falej ako len v\u00fdkon - jeho 12+ podpisov\u00fdch pr\u00edchut\u00ed je vytvoren\u00fdch tak, aby pote\u0161ilo aj tie najn\u00e1ro\u010dnej\u0161ie chute. Ka\u017ed\u00e1 zmes je d\u00f4kladne testovan\u00e1, aby sa zabezpe\u010dila konzistencia, autenticita a rovnov\u00e1ha:<\/p>\n<ul>\n<li><strong>Blue Razz Ice<\/strong>\u017div\u00fd mix sladk\u00fdch \u010du\u010doriedok a kysl\u00fdch mal\u00edn, zakon\u010den\u00fd ostr\u00fdm, chladiv\u00fdm podt\u00f3nom m\u00e4ty, ktor\u00fd zanech\u00e1va dlhotrvaj\u00facu stopu na jazyku.<\/li>\n<li><strong>Miamsk\u00e1 mincov\u0148a<\/strong>: Prepravte pou\u017e\u00edvate\u013eov do slnkom zaliateho Miami so svie\u017eou, z\u00e1hradnou m\u00e4tou vrstvenou cez jemn\u00e9 n\u00e1znaky tropick\u00e9ho manga a kokosu \u2014 osvie\u017euj\u00face bez prehriatia.<\/li>\n<li><strong>Vodn\u00fd mel\u00f3n \u013ead<\/strong>: S\u00fa\u013eavn\u00e1, zrel\u00e1 vodov\u00e1 mel\u00f3na je v centre pozornosti, doplnen\u00e1 hladk\u00fdm, \u013eadov\u00fdm v\u00e1nkom, ktor\u00fd napodob\u0148uje pocit z uhryznutia do vychladen\u00e9ho letn\u00e9ho ovocia.<\/li>\n<li><strong>Kysl\u00fd jablkov\u00fd \u013ead<\/strong>: Ostr\u00fd twist na zelen\u00e9 jablko, s kyslou aciditou vyv\u00e1\u017eenou jemnou sladkos\u0165ou a mrazivou chladivos\u0165ou, ktor\u00e1 osvie\u017euje zmysly.<\/li>\n<li><strong>Strawberry B-Pop<\/strong>: Tento odtie\u0148 je pln\u00fd zrel\u00fdch jah\u00f4t a jemnej n\u00e1znaku kr\u00e9movej vanilky a vyvol\u00e1va nostalgiu po klasick\u00fdch cukrov\u00fdch ty\u010dink\u00e1ch - sladk\u00fdch, uspokojiv\u00fdch a \u00faplne n\u00e1vykov\u00fdch.<\/li>\n<li><strong>Sour Mango Pineapple<\/strong>Tropick\u00e9 sa stret\u00e1va s kysl\u00fdm v tejto odv\u00e1\u017enej zmesi: zrel\u00e1 mango a na slnku dozret\u00e9 anan\u00e1s s\u00fa osvie\u017een\u00e9 \u0161tip\u013eav\u00fdm kysl\u00fdm \u00faderom, vytv\u00e1raj\u00fac profil chuti, ktor\u00fd je rovnako exotick\u00fd ako aj povzbudzuj\u00faci.<\/li>\n<li><strong>Lemon Heads<\/strong>: N\u00e1vrat k detsk\u00fdm cukr\u00edkmi, s ostr\u00fdm, citrusov\u00fdm citr\u00f3nom vyv\u00e1\u017een\u00fdm cukrovou sladkos\u0165ou - pripom\u00ednaj\u00facim ikonick\u00e9 citr\u00f3novo-ochuten\u00e9 tvrd\u00e9 cukr\u00edky.<\/li>\n<li><strong>Ban\u00e1nov\u00fd Taffy Freeze<\/strong>Kr\u00e9mov\u00e1 ban\u00e1nov\u00e1 \u0165ahavka je zm\u00e4k\u010den\u00e1 jemn\u00fdm efektom mrazu, v\u00fdsledkom \u010doho je hladk\u00fd, dezertn\u00fd z\u00e1\u017eitok, ktor\u00fd je bohat\u00fd bez toho, aby bol lepiv\u00fd.<\/li>\n<li><strong>Strawberry Kiwi Refresher -&gt; Jahodovo-Kiwi osvie\u017euj\u00faci n\u00e1poj \nor \nJahodovo Kiwi Refresh \n(permanent translation for product name) \nStrawberry Kiwi Refresher \n Jahodovo-Kiwi osvie\u017euj\u00faci \nbecomes \nJahodovo Kiwi Refresher<\/strong>: \u010cerstv\u00e1, ovocn\u00e1 f\u00fazia zrel\u00fdch jahier a \u017eiv\u00e9ho kivi, s chrumkav\u00fdm fini\u0161om, ktor\u00fd zanech\u00e1va podnebie \u010dist\u00e9 a osvie\u017een\u00e9.<\/li>\n<\/ul>\n<h2>Pre\u010do? <a href=\"https:\/\/vapexyz.com\/sk\/\">VapeXYZ<\/a> Pre CRYSTAL MARY Groove ve\u013ekoobchod?<\/h2>\n<p>Pre eur\u00f3pskych distrib\u00fatorov znamen\u00e1 partnerstvo s VapeXYZ pr\u00edstup k bezkonkuren\u010dnej hodnote, spo\u013eahlivosti a podpore:<\/p>\n<ul>\n<li><strong>Hromadn\u00e9 ceny a z\u00e1ruka najni\u017e\u0161ej ceny<\/strong>: Pon\u00fakame odstup\u0148ovan\u00e9 z\u013eavy pre ve\u013ekoobjedn\u00e1vky (100+ jednotiek), \u010d\u00edm zabezpe\u010dujeme, \u017ee va\u0161e mar\u017ee zostan\u00fa konkurencieschopn\u00e9. Na\u0161a z\u00e1ruka zhodnej ceny garantuje, \u017ee nikdy nezaplat\u00edte viac ako je trhov\u00e1 sadzba E\u00da.<\/li>\n<li><strong>R\u00fdchla, poisten\u00e1 doprava<\/strong>: V\u0161etky objedn\u00e1vky do Nemecka, Holandska, Belgicka, \u0160panielska, Franc\u00fazska, Talianska a \u010falej s\u00fa odosielan\u00e9 do 48 hod\u00edn, so sledovan\u00edm a poisten\u00edm zahrnut\u00fdmi na ochranu va\u0161ej invest\u00edcie.<\/li>\n<li><strong>R\u00f4zne mo\u017enosti platby<\/strong>: Zabezpe\u010dujeme eur\u00f3pske preferencie s flexibiln\u00fdmi platobn\u00fdmi met\u00f3dami: PayPal, kreditn\u00e9 karty, iDEAL (Holandsko), Bancontact (Belgicko) a bankov\u00e9 prevody SEPA - zjednodu\u0161ujeme transakcie pre podniky v celom regi\u00f3ne.<\/li>\n<li><strong>D\u00f4vera zna\u010dky a odborn\u00e1 podpora<\/strong>: S osemro\u010dn\u00fdmi sk\u00fasenos\u0165ami v odvetv\u00ed rozumieme nuans\u00e1m distrib\u00facie jednorazov\u00fdch vape v\u00fdrobkov. N\u00e1\u0161 t\u00edm poskytuje konzult\u00e1cie pred predajom, podporu marketingu a pomoc po predaji, aby v\u00e1m pomohol roz\u0161\u00edri\u0165 va\u0161e podnikanie.<\/li>\n<\/ul>\n<h2>Zv\u00fd\u0161te svoj invent\u00e1r s CRYSTAL MARY Groove 50000 Puff Disposablemi<\/h2>\n<p>CRYSTAL MARY Groove 50000 Puff Disposable Vape je viac ne\u017e len produkt - je to zdroj pr\u00edjmov pre va\u0161e podnikanie. V\u010faka svojmu bezkonkuren\u010dn\u00e9mu v\u00fdkonu, prisp\u00f4sobite\u013en\u00fdm funkci\u00e1m a neodolate\u013en\u00fdm pr\u00edchutiam je pripraven\u00fd sta\u0165 sa bestsellerom v eur\u00f3pskych obchodoch s vape produktmi. V spolo\u010dnosti VapeXYZ nedod\u00e1vame len produkty; dod\u00e1vame partnerstv\u00e1 zalo\u017een\u00e9 na d\u00f4vere, inov\u00e1ci\u00e1ch a vz\u00e1jomnom \u00faspechu.<\/p>\n<p>Pripraven\u00ed odomkn\u00fa\u0165 hromadn\u00e9 ceny pre CRYSTAL MARY Groove 50000? Nav\u0161t\u00edvte vapexyz.com e\u0161te dnes, prehliadnite si n\u00e1\u0161 cel\u00fd katal\u00f3g najlep\u0161\u00edch zna\u010diek a spolo\u010dne rozrastajme v\u00e1\u0161 biznis - jeden dym jedenkr\u00e1t.<\/p>\n<p><em>vapexyz.com: Eur\u00f3psky popredn\u00fd ve\u013ekoobchodn\u00edk s jednorazov\u00fdmi vapormi. Nakupujte vo ve\u013ekom, u\u0161etrite ve\u013ea.<\/em><\/p>\n<p><img loading=\"lazy\" decoding=\"async\" class=\"alignnone size-full wp-image-47582\" src=\"https:\/\/vapexyz.com\/wp-content\/uploads\/2025\/05\/M-Groove-50000-Puffs-Disposable-Vape-Adjustable-Airflow-Dual-Mesh-Coi-9.webp\" alt=\"M-Groove 50000 Puff Disposable Vape Ve\u013ekoobchodn\u00e9 ceny pre profesion\u00e1lnych distrib\u00fatorov vape produktov\" width=\"1000\" height=\"1000\" title=\"\" srcset=\"https:\/\/vapexyz.com\/wp-content\/uploads\/2025\/05\/M-Groove-50000-Puffs-Disposable-Vape-Adjustable-Airflow-Dual-Mesh-Coi-9.webp 1000w, https:\/\/vapexyz.com\/wp-content\/uploads\/2025\/05\/M-Groove-50000-Puffs-Disposable-Vape-Adjustable-Airflow-Dual-Mesh-Coi-9-500x500.webp 500w, https:\/\/vapexyz.com\/wp-content\/uploads\/2025\/05\/M-Groove-50000-Puffs-Disposable-Vape-Adjustable-Airflow-Dual-Mesh-Coi-9-300x300.webp 300w, https:\/\/vapexyz.com\/wp-content\/uploads\/2025\/05\/M-Groove-50000-Puffs-Disposable-Vape-Adjustable-Airflow-Dual-Mesh-Coi-9-768x768.webp 768w, https:\/\/vapexyz.com\/wp-content\/uploads\/2025\/05\/M-Groove-50000-Puffs-Disposable-Vape-Adjustable-Airflow-Dual-Mesh-Coi-9-12x12.webp 12w, https:\/\/vapexyz.com\/wp-content\/uploads\/2025\/05\/M-Groove-50000-Puffs-Disposable-Vape-Adjustable-Airflow-Dual-Mesh-Coi-9-247x247.webp 247w, https:\/\/vapexyz.com\/wp-content\/uploads\/2025\/05\/M-Groove-50000-Puffs-Disposable-Vape-Adjustable-Airflow-Dual-Mesh-Coi-9-510x510.webp 510w, https:\/\/vapexyz.com\/wp-content\/uploads\/2025\/05\/M-Groove-50000-Puffs-Disposable-Vape-Adjustable-Airflow-Dual-Mesh-Coi-9-100x100.webp 100w\" sizes=\"auto, (max-width: 1000px) 100vw, 1000px\" \/><\/p>","protected":false},"excerpt":{"rendered":"<p>CRYSTAL MARY Groove 50000 Puff Disposable Vape - \u0161pi\u010dkov\u00e9 jednorazov\u00e9 zariadenie s 50 000 \u0165ahmi, nastavite\u013en\u00fdm ovl\u00e1dan\u00edm prietoku vzduchu, technol\u00f3giou dvojitej meshovej cievky, inteligentn\u00fdm dotykov\u00fdm displejom, r\u00fdchlym nab\u00edjan\u00edm Type-C, pr\u00e9miov\u00fdm ergonomick\u00fdm dizajnom a 12+ podpisov\u00fdmi pr\u00edchu\u0165ami - predefinuje excelenciu pre eur\u00f3pskych distrib\u00fatorov vape zariaden\u00ed h\u013eadaj\u00facich vysokov\u00fdkonn\u00e9, v\u0161estrann\u00e9 ve\u013ekoobchodn\u00e9 rie\u0161enia.<\/p>","protected":false},"featured_media":47580,"comment_status":"open","ping_status":"closed","template":"","meta":{"_lmt_disableupdate":"no","_lmt_disable":""},"product_brand":[],"product_cat":[1074,947,949,946,950,951,953,820],"product_tag":[],"class_list":{"0":"post-47531","1":"product","2":"type-product","3":"status-publish","4":"has-post-thumbnail","6":"product_cat-crystal-mary-disposable-vapes","7":"product_cat-big-puffs-vapes","8":"product_cat-digital-box-vapes","9":"product_cat-disposable-vapes-series","10":"product_cat-dual-mesh-vapes","11":"product_cat-lower-nicotine-vapes","12":"product_cat-rechargeable-vapes","13":"product_cat-vape","15":"first","16":"outofstock","17":"shipping-taxable","18":"purchasable","19":"product-type-variable","20":"has-default-attributes"},"jetpack_sharing_enabled":true,"tiered_pricing_type":"fixed","tiered_pricing_fixed_rules":[],"tiered_pricing_product_settings":{"layout":"default","base_unit_name":{"singular":null,"plural":null},"default_variation":null},"tiered_pricing_minimum_quantity":null,"tiered_pricing_roles_data":[],"tiered_pricing_percentage_rules":[],"tiered_pricing_maximum_quantity":null,"tiered_pricing_quantity_step":null,"_links":{"self":[{"href":"https:\/\/vapexyz.com\/sk\/wp-json\/wp\/v2\/product\/47531","targetHints":{"allow":["GET"]}}],"collection":[{"href":"https:\/\/vapexyz.com\/sk\/wp-json\/wp\/v2\/product"}],"about":[{"href":"https:\/\/vapexyz.com\/sk\/wp-json\/wp\/v2\/types\/product"}],"replies":[{"embeddable":true,"href":"https:\/\/vapexyz.com\/sk\/wp-json\/wp\/v2\/comments?post=47531"}],"wp:featuredmedia":[{"embeddable":true,"href":"https:\/\/vapexyz.com\/sk\/wp-json\/wp\/v2\/media\/47580"}],"wp:attachment":[{"href":"https:\/\/vapexyz.com\/sk\/wp-json\/wp\/v2\/media?parent=47531"}],"wp:term":[{"taxonomy":"product_brand","embeddable":true,"href":"https:\/\/vapexyz.com\/sk\/wp-json\/wp\/v2\/product_brand?post=47531"},{"taxonomy":"product_cat","embeddable":true,"href":"https:\/\/vapexyz.com\/sk\/wp-json\/wp\/v2\/product_cat?post=47531"},{"taxonomy":"product_tag","embeddable":true,"href":"https:\/\/vapexyz.com\/sk\/wp-json\/wp\/v2\/product_tag?post=47531"}],"curies":[{"name":"wp","href":"https:\/\/api.w.org\/{rel}","templated":true}]}}