{"id":42897,"date":"2025-01-18T13:36:31","date_gmt":"2025-01-18T13:36:31","guid":{"rendered":"https:\/\/vapexyz.com\/?post_type=product&#038;p=42897"},"modified":"2026-03-03T08:02:52","modified_gmt":"2026-03-03T08:02:52","slug":"anu-vista-30-000-slukov-digitalny-displej-0-2-5-s-nizkym-obsahom-nikotinu-originalne-tovarenske-velkoobchodny-nakup-dobijacich-jednorazovych-vyparov-pera","status":"publish","type":"product","link":"https:\/\/vapexyz.com\/sk\/product\/anu-vista-30000-puffs-digital-screen-0-2-5-low-nicotine-original-factory-bulk-buy-rechargeable-disposable-vapes-pen-wholesale\/","title":{"rendered":"ANU Vista 30000 Puffs Digit\u00e1lna obrazovka Hromadn\u00fd n\u00e1kup Nab\u00edjate\u013en\u00e9 Jednorazov\u00e9 Vapes Ve\u013ekoobchod"},"content":{"rendered":"<article style=\"font-family: 'Segoe UI', Tahoma, Geneva, Verdana, sans-serif; line-height: 1.8; color: #2c3e50; max-width: 100%; margin: 0 auto; padding: 20px;\">\n<div style=\"text-align: center; margin-bottom: 40px;\">\n<h2 style=\"font-size: 2.5em; color: #1a252f; border-bottom: 3px solid #3498db; display: inline-block; padding-bottom: 10px;\">In\u017einierska dokonalos\u0165: ANU Vista 30000 Puffs jednorazov\u00e1 vape<\/h2>\n<p style=\"font-size: 1.1em; color: #7f8c8d; margin-top: 15px;\">Komplexn\u00fd B2B technick\u00fd a empirick\u00fd preh\u013ead pre eur\u00f3pske ve\u013ekoobchodn\u00e9 trhy<\/p>\n<\/div>\n<div style=\"text-align: center; margin: 30px 0;\"><img loading=\"lazy\" decoding=\"async\" style=\"max-width: 100%; height: auto; border-radius: 12px; box-shadow: 0 10px 20px rgba(0,0,0,0.15);\" src=\"https:\/\/vapexyz.com\/wp-content\/uploads\/2025\/01\/ANU-Vista-30000-Puffs-Digital-Screen-0-2-5-Low-Nicotine-Original-Factory-14-1024x1024.webp\" alt=\"ANU Vista 30000 Puffs Digit\u00e1lny displej Origin\u00e1lny tov\u00e1rensk\u00fd ve\u013ekoobchodn\u00fd n\u00e1kup Nab\u00edjate\u013en\u00e9 jednorazov\u00e9 Vapes pero ve\u013ekoobchod\" width=\"1024\" height=\"1024\" title=\"\"><\/div>\n<section style=\"margin-bottom: 40px;\">\n<h3 style=\"color: #2980b9; font-size: 1.8em; margin-bottom: 20px;\">Strategick\u00e9 ve\u013ekoobchodn\u00e9 distrib\u00facie od VapeXYZ<\/h3>\n<p>Vitajte vo VapeXYZ, poprednom eur\u00f3pskom centre pre podnikov\u00e9 jednorazov\u00e9 vapes. S viac ako \u00f4smimi rokmi dokumentovanej prev\u00e1dzkovej hist\u00f3rie v cezhrani\u010dnom riaden\u00ed dod\u00e1vate\u013esk\u00e9ho re\u0165azca, na\u0161e podnikov\u00e9 zariadenie u\u013eah\u010duje spo\u013eahliv\u00fa distrib\u00faciu pr\u00e9miov\u00e9ho hardv\u00e9ru. \u0160pecializujeme sa na posilnenie maloobchodn\u00fdch oper\u00e1ci\u00ed v Holandsku, Nemecku, Belgicku a \u0160panielsku pomocou vysokov\u00fd\u0165a\u017en\u00fdch produktov, ako je ANU Vista 30000 Puffs. Na\u0161a obchodn\u00e1 strat\u00e9gia je striktne optimalizovan\u00e1 pre efektivitu B2B, pon\u00fakaj\u00fac vysoko konkuren\u010dn\u00e9 cenov\u00e9 stupnice pri zachovan\u00ed dostupn\u00e9ho minim\u00e1lneho mno\u017estva objedn\u00e1vky (MOQ) len 10 jednotiek.<\/p>\n<p>Ako sk\u00fasen\u00fd distrib\u00fator ch\u00e1peme, \u017ee maloobchodn\u00fd \u00faspech z\u00e1vis\u00ed od spo\u013eahlivosti hardv\u00e9ru, konzistentn\u00e9ho pneumatick\u00e9ho v\u00fdkonu a pr\u00edsneho dodr\u017eiavania protokolov kvality v\u00fdroby. Premos\u0165ujeme priepas\u0165 medzi v\u00fdrobn\u00fdmi z\u00e1vodmi \u00farovne Tier-1 a eur\u00f3pskymi maloobchodn\u00edkmi a zabezpe\u010dujeme, \u017ee ka\u017ed\u00e1 jednorazov\u00e1 vape, ktor\u00fa distribuujeme, sp\u013a\u0148a pr\u00edsne prev\u00e1dzkov\u00e9 \u0161tandardy.<\/p>\n<\/section>\n<section style=\"margin-bottom: 40px;\">\n<h3 style=\"color: #2980b9; font-size: 1.8em; margin-bottom: 20px;\">Technick\u00e9 \u0161pecifik\u00e1cie a architektonick\u00e1 integrita<\/h3>\n<p>ANU Vista je navrhnut\u00e1 tak, aby maximalizovala prev\u00e1dzkov\u00fa \u017eivotnos\u0165 a poskytovala v\u00fdnimo\u010dn\u00fd prah a\u017e 30 000 jednotliv\u00fdch aktiv\u00e1ci\u00ed. Toto zariadenie predstavuje posun paradigmy v kon\u0161trukcii jednorazov\u00fdch vapeov, pri\u010dom sa vz\u010fa\u013euje od z\u00e1kladn\u00fdch syst\u00e9mov s otvorenou slu\u010dkou k pokro\u010dilej, digit\u00e1lne monitorovanej architekt\u00fare uzavret\u00e9ho syst\u00e9mu.<\/p>\n<table style=\"width: 100%; border-collapse: collapse; margin: 25px 0; font-size: 1em; text-align: left; background-color: #ffffff; box-shadow: 0 4px 15px rgba(0,0,0,0.05); border-radius: 8px; overflow: hidden;\">\n<thead>\n<tr style=\"background-color: #34495e; color: #ffffff;\">\n<th style=\"padding: 15px; font-weight: 600;\">Technick\u00fd parameter<\/th>\n<th style=\"padding: 15px; font-weight: 600;\">In\u017einierska \u0161pecifik\u00e1cia<\/th>\n<\/tr>\n<\/thead>\n<tbody>\n<tr style=\"border-bottom: 1px solid #ecf0f1;\">\n<td style=\"padding: 15px; color: #34495e; font-weight: bold;\">Maxim\u00e1lny v\u00fd\u0165a\u017eok aktiv\u00e1cie<\/td>\n<td style=\"padding: 15px; color: #555;\">A\u017e 30 000 automatizovan\u00fdch aktiv\u00e1ci\u00ed \u017erebovania<\/td>\n<\/tr>\n<tr style=\"background-color: #f9fbfb; border-bottom: 1px solid #ecf0f1;\">\n<td style=\"padding: 15px; color: #34495e; font-weight: bold;\">Vn\u00fatorn\u00e1 kapacita z\u00e1sobn\u00edka<\/td>\n<td style=\"padding: 15px; color: #555;\">22ml \u0161pecializovan\u00e1 aerosolov\u00e1 komora na formul\u00e1ciu<\/td>\n<\/tr>\n<tr style=\"border-bottom: 1px solid #ecf0f1;\">\n<td style=\"padding: 15px; color: #34495e; font-weight: bold;\">Koncentra\u010dn\u00e9 varianty<\/td>\n<td style=\"padding: 15px; color: #555;\">0%, 2% a 5% mo\u017enosti akt\u00edvnych zl\u00fa\u010den\u00edn s\u00fa k dispoz\u00edcii<\/td>\n<\/tr>\n<tr style=\"background-color: #f9fbfb; border-bottom: 1px solid #ecf0f1;\">\n<td style=\"padding: 15px; color: #34495e; font-weight: bold;\">Architekt\u00fara v\u00fdkonovej bunky<\/td>\n<td style=\"padding: 15px; color: #555;\">650mAh L\u00edtium-i\u00f3n (nab\u00edjate\u013en\u00e9) triedy A<\/td>\n<\/tr>\n<tr style=\"border-bottom: 1px solid #ecf0f1;\">\n<td style=\"padding: 15px; color: #34495e; font-weight: bold;\">Protokol dod\u00e1vky energie<\/td>\n<td style=\"padding: 15px; color: #555;\">USB Type-C (5V\/1A \u0161tandardizovan\u00e9 nab\u00edjanie)<\/td>\n<\/tr>\n<tr style=\"background-color: #f9fbfb;\">\n<td style=\"padding: 15px; color: #34495e; font-weight: bold;\">Rozhranie telemetrie<\/td>\n<td style=\"padding: 15px; color: #555;\">Vysoko-kontrastn\u00e1 integrovan\u00e1 digit\u00e1lna obrazovka<\/td>\n<\/tr>\n<\/tbody>\n<\/table>\n<\/section>\n<div style=\"background: linear-gradient(135deg, #fdfbfb 0%, #ebedee 100%); border-left: 6px solid #e67e22; padding: 25px; margin: 30px 0; border-radius: 8px; box-shadow: 0 4px 10px rgba(0,0,0,0.05);\">\n<h4 style=\"margin-top: 0; color: #d35400; font-size: 1.4em; display: flex; align-items: center;\"><span style=\"font-size: 1.2em; margin-right: 10px;\">\ud83d\udca1<\/span> Empirick\u00fd znalostn\u00fd bod: Matematika prahu 30 000 v\u00fddychov<\/h4>\n<p style=\"margin-bottom: 0;\">Uveden\u00e1 kapacita 30 000 aktiv\u00e1ci\u00ed nie je \u013eubovo\u013en\u00e1. Je odvoden\u00e1 prostredn\u00edctvom rigor\u00f3zneho nez\u00e1visl\u00e9ho laborat\u00f3rneho testovania pomocou automatizovan\u00fdch pneumatick\u00fdch strojov na f\u00fakanie. \u0160tandardizovan\u00e9 testovacie parametre zah\u0155\u0148aj\u00fa 1,5 sekundov\u00fd kontinu\u00e1lny \u0165ah, po ktorom nasleduje 3 sekundov\u00fd tepeln\u00fd zotavovac\u00ed \u010das. Intern\u00e1 architekt\u00fara dvojitej mrie\u017eky na ohrev je \u0161pecificky kalibrovan\u00e1 pri presnom ohmickom odpore, aby sa maximalizovala \u00fa\u010dinnos\u0165 odparovania 22 ml z\u00e1sobn\u00edka formul\u00e1cie, \u010d\u00edm sa zabezpe\u010dia konzistentn\u00e9 tepeln\u00e9 dynamiky od prvej aktiv\u00e1cie po posledn\u00fa. Toto pr\u00edsne empirick\u00e9 overenie zabezpe\u010duje, \u017ee maloobchodn\u00edci m\u00f4\u017eu s istotou uv\u00e1dza\u0165 na trh odolnos\u0165 t\u00fdchto jednorazov\u00fdch vapeov.<\/p>\n<\/div>\n<section style=\"margin-bottom: 40px;\">\n<h3 style=\"color: #2980b9; font-size: 1.8em; margin-bottom: 20px;\">V\u00fdrobn\u00e9 opr\u00e1vnenie a s\u00falad materi\u00e1lu<\/h3>\n<p>Z\u00edskavanie jednorazov\u00fdch vaporiz\u00e9rov pre eur\u00f3psky trh vy\u017eaduje pr\u00edsne dodr\u017eiavanie medzin\u00e1rodn\u00fdch v\u00fdrobn\u00fdch \u0161tandardov. S\u00e9ria ANU Vista sa vyr\u00e1ba v zariadeniach prev\u00e1dzkovan\u00fdch pod pr\u00edsnymi syst\u00e9mami riadenia kvality ISO 9001.  Kon\u0161truk\u010dn\u00fd r\u00e1m vyu\u017e\u00edva potravin\u00e1rske PCTG (Polycyklohexyl\u00e9ndimetyl\u00e9n Tereftal\u00e1t Glykol) polym\u00e9ry, zvolen\u00e9 \u0161peci\u00e1lne pre ich v\u00fdnimo\u010dn\u00fa tepeln\u00fa odolnos\u0165 a chemick\u00fa stabilitu, \u010d\u00edm sa zabr\u00e1ni ak\u00e9muko\u013evek vyl\u00fahovaniu materi\u00e1lu do vn\u00fatorn\u00e9ho z\u00e1sobn\u00edka formul\u00e1cie.<\/p>\n<p>Okrem toho je 650mAh l\u00edtium-i\u00f3nov\u00e1 energetick\u00e1 \u010dl\u00e1nok integrovan\u00e1 s prim\u00e1rnymi ochrann\u00fdmi mikroovl\u00e1da\u010dmi, ktor\u00e9 chr\u00e1nia proti pre\u0165a\u017eeniu, nadmern\u00e9mu vybitiu a skratov\u00fdm udalostiam. To zaru\u010duje, \u017ee \u010di u\u017e spotrebite\u013e pou\u017e\u00edva variant 0%, 2% alebo 5%, hardv\u00e9r pracuje v r\u00e1mci pr\u00edsnych bezpe\u010dnostn\u00fdch toleranci\u00ed, v s\u00falade s o\u010dak\u00e1van\u00fdmi bezpe\u010dnostn\u00fdmi smernicami pre modern\u00e9 elektronick\u00e9 spotrebite\u013esk\u00e9 v\u00fdrobky.<\/p>\n<\/section>\n<section style=\"margin-bottom: 40px;\">\n<h3 style=\"color: #2980b9; font-size: 1.8em; margin-bottom: 20px;\">Komplexn\u00e9 senzorick\u00e9 profily<\/h3>\n<p>Rad ANU Vista pon\u00faka rozsiahly v\u00fdber desiatich r\u00f4znych aromatick\u00fdch profilov, starostlivo vyvinut\u00fdch na poskytnutie rafinovan\u00e9ho senzorick\u00e9ho z\u00e1\u017eitku. Ka\u017ed\u00e1 formul\u00e1cia je syntetizovan\u00e1 pomocou extraktov pr\u00e9miovej kvality, aby sa zachovala konzistencia v celom 30 000-aktiva\u010dnom \u017eivotnom cykle. V\u0161etky mo\u017enosti s\u00fa dostupn\u00e9 v celom spektre koncentra\u010dn\u00fdch variantov (0%, 2% a 5%).<\/p>\n<ul style=\"list-style-type: none; padding: 0; display: grid; grid-template-columns: repeat(auto-fit, minmax(300px, 1fr)); gap: 20px;\">\n<li style=\"background: #fff; padding: 20px; border-radius: 8px; border: 1px solid #e1e8ed; box-shadow: 0 2px 5px rgba(0,0,0,0.02);\">Arktick\u00fd extrakt z borievky<br \/>\nPresn\u00e1 kalibr\u00e1cia botanick\u00fdch \u010du\u010doriedkov\u00fdch t\u00f3nov vrstven\u00fdch s v\u00fdrazn\u00fdm endotermick\u00fdm chladivom, poskytuj\u00facim ostr\u00fd a osvie\u017euj\u00faci botanick\u00fd \u0165ah.<\/li>\n<li style=\"background: #fff; padding: 20px; border-radius: 8px; border: 1px solid #e1e8ed; box-shadow: 0 2px 5px rgba(0,0,0,0.02);\">Mraziv\u00e1 v\u00ednov\u00e1 hrozno<br \/>\nHlbok\u00e1, bohat\u00e1 esencia v\u00ednovej hrozna formulovan\u00e1 spolu so syntetickou mentolovou n\u00e1hradou chladenia, navrhnut\u00e1 pre hladk\u00fd a v\u00fdrazn\u00fd senzorick\u00fd v\u00fdstup.<\/li>\n<li style=\"background: #fff; padding: 20px; border-radius: 8px; border: 1px solid #e1e8ed; box-shadow: 0 2px 5px rgba(0,0,0,0.02);\">Chladen\u00e1 jahodovo-dy\u0148ov\u00e1 zmes<br \/>\nDvojf\u00e1zov\u00fd profil kombinuj\u00faci kyslos\u0165 zrel\u00fdch jah\u00f4d s jemn\u00fdmi, rozsiahlymi t\u00f3nmi letnej vodovej mel\u00f3nie, zakon\u010den\u00fd ostr\u00fdm chladiv\u00fdm pocitom.<\/li>\n<li style=\"background: #fff; padding: 20px; border-radius: 8px; border: 1px solid #e1e8ed; box-shadow: 0 2px 5px rgba(0,0,0,0.02);\">Modr\u00e1 Raspberry Citrusov\u00e1 f\u00fazia<br \/>\nKomplexn\u00e1 synt\u00e9za \u017eiv\u00fdch modr\u00fdch malinov\u00fdch prvkov pret\u00ednaj\u00facich sa s ostr\u00fdmi, kysl\u00fdmi citr\u00f3nov\u00fdmi t\u00f3nmi, poskytuj\u00faca vysoko vyv\u00e1\u017een\u00fd sladk\u00fd a kysl\u00fd profil.<\/li>\n<li style=\"background: #fff; padding: 20px; border-radius: 8px; border: 1px solid #e1e8ed; box-shadow: 0 2px 5px rgba(0,0,0,0.02);\">\u013dadov\u00e1 \u010dere\u0161\u0148a citrusov\u00e1<br \/>\nOdv\u00e1\u017ene, tmav\u00e9 \u010dere\u0161\u0148ov\u00e9 podt\u00f3ny dokonale neutralizovan\u00e9 jasn\u00fdm citr\u00f3nov\u00fdm nadt\u00f3nom, v\u00fdsledkom \u010doho je zlo\u017eito vrstven\u00fd a dynamicky chladn\u00fd z\u00e1\u017eitok.<\/li>\n<li style=\"background: #fff; padding: 20px; border-radius: 8px; border: 1px solid #e1e8ed; box-shadow: 0 2px 5px rgba(0,0,0,0.02);\">Esencia vodovej mel\u00f3nie Arkt\u00edda<br \/>\n\u010cisto singul\u00e1rne zameranie na pr\u00edrodou in\u0161pirovan\u00e9 extrakty z vodov\u00fdch mel\u00f3nov v priamej kombin\u00e1cii s pokro\u010dil\u00fdmi chladiv\u00fdmi l\u00e1tkami pre maxim\u00e1lny osvie\u017euj\u00faci efekt.<\/li>\n<li style=\"background: #fff; padding: 20px; border-radius: 8px; border: 1px solid #e1e8ed; box-shadow: 0 2px 5px rgba(0,0,0,0.02);\">Vini\u010dov\u00e9 hrozno a mix bob\u00fa\u013e<br \/>\nPoly-botanick\u00e1 zmes vyu\u017e\u00edvaj\u00faca z\u00e1kladn\u00e9 t\u00f3ny tmavej hrozna zv\u00fdraznen\u00e9 matricou r\u00f4znych esenci\u00ed divok\u00fdch bob\u00fa\u013e, poskytuj\u00faca bohat\u00fa, viacrozmern\u00fa ar\u00f3mu.<\/li>\n<li style=\"background: #fff; padding: 20px; border-radius: 8px; border: 1px solid #e1e8ed; box-shadow: 0 2px 5px rgba(0,0,0,0.02);\">Ostr\u00fd extrakt m\u00e4ty piepornej<br \/>\nZjednodu\u0161en\u00e1, vysoko koncentrovan\u00e1 formul\u00e1cia m\u00e4ty piepornej navrhnut\u00e1 pre maxim\u00e1lne tepeln\u00e9 naru\u0161enie a \u010dist\u00fa, ostr\u00fa olfaktorick\u00fa odpove\u010f.<\/li>\n<li style=\"background: #fff; padding: 20px; border-radius: 8px; border: 1px solid #e1e8ed; box-shadow: 0 2px 5px rgba(0,0,0,0.02);\">Mraziv\u00e1 jahodovo-kiwi formul\u00e1cia<br \/>\nTropick\u00e1 kyslos\u0165 kiwi presne vyv\u00e1\u017een\u00e1 proti sladkosti jahodov\u00fdch extraktov, suspendovan\u00e1 v d\u00f4kladne chladenom v\u00fdparnom v\u00fdstupe.<\/li>\n<li style=\"background: #fff; padding: 20px; border-radius: 8px; border: 1px solid #e1e8ed; box-shadow: 0 2px 5px rgba(0,0,0,0.02);\">Cukrovan\u00e1 vodov\u00e1 mel\u00f3nov\u00e1 poch\u00fa\u0165ka<br \/>\n\u0160pecializovan\u00fd nostalgick\u00fd profil napodob\u0148uj\u00faci presn\u00e9 chemick\u00e9 zlo\u017eenie klasick\u00fdch sladk\u00fdch vodov\u00fdch mel\u00f3nov\u00fdch poch\u00fa\u0165ok, poskytuj\u00faci jedine\u010dne aromatick\u00fa paru.<\/li>\n<\/ul>\n<\/section>\n<section style=\"margin-bottom: 40px; background-color: #2c3e50; color: #ffffff; padding: 30px; border-radius: 12px;\">\n<h3 style=\"color: #3498db; font-size: 1.8em; margin-bottom: 15px; margin-top: 0;\">N\u00e1kup a integr\u00e1cia s VapeXYZ<\/h3>\n<p style=\"color: #bdc3c7;\">V\u00fdber VapeXYZ ako v\u00e1\u0161ho partnera v dod\u00e1vate\u013eskom re\u0165azci zabezpe\u010duje prev\u00e1dzkov\u00fa stabilitu v\u00e1\u0161ho maloobchodn\u00e9ho podniku. \u0160pecializujeme sa v\u00fdlu\u010dne na vysokor\u00fdchlostn\u00e9 jednorazov\u00e9 vapes, pri\u010dom rozumieme r\u00fdchlosti, s akou sa z\u00e1soby pohybuj\u00fa na modernom eur\u00f3pskom trhu. Partnerstvom s nami budete profitova\u0165 z:<\/p>\n<ul style=\"color: #ecf0f1; margin-top: 15px; line-height: 2;\">\n<li>Overen\u00e1 z\u00e1soba: Cel\u00fd hardv\u00e9r podstupuje sekund\u00e1rne kontroly kvality pred region\u00e1lnym odoslan\u00edm.<\/li>\n<li>Optimaln\u00fd tok kapit\u00e1lu: Profitujte z vysoko agres\u00edvnych objemov\u00fdch zliav a z\u00e1rove\u0148 vyu\u017eite na\u0161u n\u00edzkou strat\u00e9giu minim\u00e1lneho objedn\u00e1vkov\u00e9ho mno\u017estva 10 kusov.<\/li>\n<li>Logistick\u00e1 dokonalos\u0165: Zr\u00fdchlen\u00e9, plne sledovan\u00e9 trasy v celej E\u00da (Nemecko, Holandsko, \u0160panielsko, Belgicko) minimalizuj\u00face \u010dasov\u00e9 okn\u00e1 nedostatku z\u00e1sob.<\/li>\n<li>Podpora pre podniky: \u0160pecializovan\u00ed z\u00e1stupcovia B2B pripraven\u00ed pom\u00f4c\u0165 s pl\u00e1novan\u00edm z\u00e1sob a ot\u00e1zkami s\u00favisiacimi so sledovan\u00edm produktov.<\/li>\n<\/ul>\n<p style=\"margin-top: 20px; font-weight: bold; color: #e74c3c;\">Zabezpe\u010dte svoj invent\u00e1r ANU Vista 30000 Puffs e\u0161te dnes a integrujte technologicky vyspelej\u0161ie zariadenie do svojho maloobchodn\u00e9ho ekosyst\u00e9mu.<\/p>\n<\/section>\n<div style=\"border: 1px solid #e0e0e0; border-radius: 12px; padding: 30px; background-color: #fafafa; margin-top: 40px;\">\n<h3 style=\"color: #2c3e50; font-size: 1.6em; margin-top: 0; margin-bottom: 25px; text-align: center;\">\u010casto kladen\u00e9 technick\u00e9 ot\u00e1zky (zameran\u00e9 na B2B a maloobchod)<\/h3>\n<div style=\"margin-bottom: 20px;\">\n<h4 style=\"color: #2980b9; margin-bottom: 8px; font-size: 1.1em;\">Ako integrovan\u00e1 digit\u00e1lna obrazovka zvy\u0161uje \u017eivotnos\u0165 hardv\u00e9ru?<\/h4>\n<p style=\"color: #555; margin-top: 0;\">Digit\u00e1lny rozhranie poskytuje telemetriu v re\u00e1lnom \u010dase t\u00fdkaj\u00facu sa stavu \u010dl\u00e1nku 650mAh aj \u00farovne zost\u00e1vaj\u00facej n\u00e1dr\u017ee. Tieto empirick\u00e9 \u00fadaje zabra\u0148uj\u00fa pou\u017e\u00edvate\u013eovi prev\u00e1dzkova\u0165 zariadenie na suchej sie\u0165ovej cievke, \u010do tradi\u010dne zni\u017euje v\u00fdkon, a umo\u017e\u0148uj\u00fa optimalizovan\u00e9 a v\u010dasn\u00e9 nab\u00edjacie cykly, \u010d\u00edm sa zachov\u00e1va chemick\u00e1 integrita l\u00edtium-i\u00f3novej bat\u00e9rie.<\/p>\n<\/div>\n<div style=\"margin-bottom: 20px;\">\n<h4 style=\"color: #2980b9; margin-bottom: 8px; font-size: 1.1em;\">2. Ak\u00e9 s\u00fa vhodn\u00e9 parametre nab\u00edjania na zabezpe\u010denie bezpe\u010dnosti a dlhej \u017eivotnosti?<\/h4>\n<p style=\"color: #555; margin-top: 0;\">Zariadenie vy\u017eaduje \u0161tandardn\u00e9 pripojenie typu C. Pre optim\u00e1lne tepeln\u00e9 riadenie a zdravie bat\u00e9rie vy\u017eadujeme nab\u00edjanie cez zdroj energie 5V\/1A. Vyhnite sa pou\u017e\u00edvaniu vysokowattov\u00fdch r\u00fdchlonab\u00edja\u010diek ur\u010den\u00fdch pre notebooky alebo ve\u013ek\u00e9 elektronick\u00e9 zariadenia, preto\u017ee dlhodob\u00fd vysok\u00fd pr\u00fad m\u00f4\u017ee po\u0161kodi\u0165 vn\u00fatorn\u00fa \u010dl\u00e1nok mal\u00fdch rozmerov.<\/p>\n<\/div>\n<div style=\"margin-bottom: 20px;\">\n<h4 style=\"color: #2980b9; margin-bottom: 8px; font-size: 1.1em;\">3. S\u00fa v\u00fdrobn\u00e9 materi\u00e1ly v s\u00falade s eur\u00f3pskymi bezpe\u010dnostn\u00fdmi smernicami?<\/h4>\n<p style=\"color: #555; margin-top: 0;\">\u00c1no. Prim\u00e1rne puzdro vyu\u017e\u00edva pokro\u010dil\u00e9 PCTG plasty, \u0161tandard v medic\u00ednskych a potravin\u00e1rskych aplik\u00e1ci\u00e1ch, \u010d\u00edm sa zabezpe\u010duje, \u017ee nedoch\u00e1dza k \u017eiadnemu chemick\u00e9mu prenosu. Elektrick\u00e9 komponenty s\u00fa zostaven\u00e9 pod\u013ea \u0161tandardn\u00fdch smern\u00edc pre spotrebn\u00fa elektroniku, v\u010faka \u010domu s\u00fa vysoko spo\u013eahliv\u00e9 vapy pre maloobchodn\u00fa distrib\u00faciu.<\/p>\n<\/div>\n<div style=\"margin-bottom: 20px;\">\n<h4 style=\"color: #2980b9; margin-bottom: 8px; font-size: 1.1em;\">4. M\u00f4\u017ee VapeXYZ zvl\u00e1dnu\u0165 ve\u013ekoobjemov\u00e9, kontinu\u00e1lne objedn\u00e1vky na ve\u013ekoobchodn\u00e9 jednorazov\u00e9 vapes?<\/h4>\n<p style=\"color: #555; margin-top: 0;\">Absol\u00fatne. Ako prim\u00e1rny eur\u00f3psky uzol pre tieto zariadenia, VapeXYZ udr\u017eiava robustn\u00fa, nepretr\u017eit\u00fa dovozn\u00fa linku priamo z p\u00f4vodn\u00fdch v\u00fdrobn\u00fdch zariaden\u00ed. To n\u00e1m umo\u017e\u0148uje splni\u0165 tak mikro-objedn\u00e1vky (10 MOQ) ako aj ve\u013ek\u00e9 podnikov\u00e9 po\u017eiadavky v rozsahu paliet s minim\u00e1lnymi \u010dasmi dodania.<\/p>\n<\/div>\n<div style=\"margin-bottom: 0;\">\n<h4 style=\"color: #2980b9; margin-bottom: 8px; font-size: 1.1em;\">Ako je 22ml z\u00e1sobn\u00edk intern\u00fdm sp\u00f4sobom riaden\u00fd, aby sa zabr\u00e1nilo \u00faniku?<\/h4>\n<p style=\"color: #555; margin-top: 0;\">Zariadenie vyu\u017e\u00edva viacvrstvov\u00fd, v\u00e1kuovo utesnen\u00fd syst\u00e9m zadr\u017eovania v kombin\u00e1cii s vysoko sav\u00fdmi organick\u00fdmi materi\u00e1lmi na odvodnenie, ktor\u00e9 s\u00fa zabalen\u00e9 okolo dvojitej sie\u0165ovej z\u00e1kladne. T\u00e1to kon\u0161trukcia izoluje roztok od vzduchovej cesty, k\u00fdm ned\u00f4jde k pneumatickej aktiv\u00e1cii, \u010d\u00edm sa prakticky eliminuj\u00fa probl\u00e9my s \u00fanikom po\u010das prepravy alebo odpo\u010dinku.<\/p>\n<\/div>\n<\/div>\n<\/article>","protected":false},"excerpt":{"rendered":"<p>ANU Vista 30000 Puffs Nab\u00edjate\u013en\u00fd Jednorazov\u00fd Vape pon\u00faka a\u017e 30 000 potiahnut\u00ed s kapacitou 22 ml, nab\u00edjate\u013enou bat\u00e9riou 650 mAh, prisp\u00f4sobite\u013en\u00fdmi mo\u017enos\u0165ami sily a \u010dist\u00fdm LED displejom, \u010do z neho rob\u00ed perfektn\u00fa vo\u013ebu pre ve\u013ekoobchodn\u00edkov a maloobchodn\u00edkov h\u013eadaj\u00facich dlhotrvaj\u00face vysokov\u00fdkonn\u00e9 vapovacie zariadenia.<\/p>","protected":false},"featured_media":42885,"comment_status":"open","ping_status":"closed","template":"","meta":{"_lmt_disableupdate":"no","_lmt_disable":""},"product_brand":[],"product_cat":[1061,996,947,935,934,927,929,928,930,933,939,932,938,931,936,937,1017,949,946,1016,951,953,987],"product_tag":[],"class_list":{"0":"post-42897","1":"product","2":"type-product","3":"status-publish","4":"has-post-thumbnail","6":"product_cat-anu-disposable-vapes","7":"product_cat-30000-puff-vapes","8":"product_cat-big-puffs-vapes","9":"product_cat-bulk-buy-disposable-vapes-in-austria","10":"product_cat-bulk-buy-disposable-vapes-in-belgium","11":"product_cat-bulk-buy-disposable-vapes-in-europe","12":"product_cat-bulk-buy-disposable-vapes-in-france","13":"product_cat-bulk-buy-disposable-vapes-in-germany","14":"product_cat-bulk-buy-disposable-vapes-in-italy","15":"product_cat-bulk-buy-disposable-vapes-in-netherlands","16":"product_cat-bulk-buy-disposable-vapes-in-norway","17":"product_cat-bulk-buy-disposable-vapes-in-poland","18":"product_cat-bulk-buy-disposable-vapes-in-portugal","19":"product_cat-bulk-buy-disposable-vapes-in-spain","20":"product_cat-bulk-buy-disposable-vapes-in-sweden","21":"product_cat-bulk-buy-disposable-vapes-in-switzerland","22":"product_cat-buy-best-disposable-vape-flavors","23":"product_cat-digital-box-vapes","24":"product_cat-disposable-vapes-series","25":"product_cat-european-vape-warehouse","26":"product_cat-lower-nicotine-vapes","27":"product_cat-rechargeable-vapes","28":"product_cat-vape-shop-by-puffs","30":"first","31":"outofstock","32":"shipping-taxable","33":"purchasable","34":"product-type-variable","35":"has-default-attributes"},"jetpack_sharing_enabled":true,"tiered_pricing_type":"fixed","tiered_pricing_fixed_rules":[],"tiered_pricing_product_settings":{"layout":"default","base_unit_name":{"singular":null,"plural":null},"default_variation":null},"tiered_pricing_minimum_quantity":null,"tiered_pricing_roles_data":[],"tiered_pricing_percentage_rules":[],"tiered_pricing_maximum_quantity":null,"tiered_pricing_quantity_step":null,"_links":{"self":[{"href":"https:\/\/vapexyz.com\/sk\/wp-json\/wp\/v2\/product\/42897","targetHints":{"allow":["GET"]}}],"collection":[{"href":"https:\/\/vapexyz.com\/sk\/wp-json\/wp\/v2\/product"}],"about":[{"href":"https:\/\/vapexyz.com\/sk\/wp-json\/wp\/v2\/types\/product"}],"replies":[{"embeddable":true,"href":"https:\/\/vapexyz.com\/sk\/wp-json\/wp\/v2\/comments?post=42897"}],"wp:featuredmedia":[{"embeddable":true,"href":"https:\/\/vapexyz.com\/sk\/wp-json\/wp\/v2\/media\/42885"}],"wp:attachment":[{"href":"https:\/\/vapexyz.com\/sk\/wp-json\/wp\/v2\/media?parent=42897"}],"wp:term":[{"taxonomy":"product_brand","embeddable":true,"href":"https:\/\/vapexyz.com\/sk\/wp-json\/wp\/v2\/product_brand?post=42897"},{"taxonomy":"product_cat","embeddable":true,"href":"https:\/\/vapexyz.com\/sk\/wp-json\/wp\/v2\/product_cat?post=42897"},{"taxonomy":"product_tag","embeddable":true,"href":"https:\/\/vapexyz.com\/sk\/wp-json\/wp\/v2\/product_tag?post=42897"}],"curies":[{"name":"wp","href":"https:\/\/api.w.org\/{rel}","templated":true}]}}