{"id":38807,"date":"2024-11-14T12:54:26","date_gmt":"2024-11-14T12:54:26","guid":{"rendered":"https:\/\/vapexyz.com\/?post_type=product&#038;p=38807"},"modified":"2026-03-01T12:27:23","modified_gmt":"2026-03-01T12:27:23","slug":"sfog-crystal-bar-s85-600-slukov-2-s-nizkym-obsahom-nikotinu-originalne-tovarenske-velkoobchodne-nakupy-dobijacich-jednorazovych-vyparov-pera","status":"publish","type":"product","link":"https:\/\/vapexyz.com\/sk\/product\/sfog-crystal-bar-s85-600-puffs-2-low-nicotine-original-factory-bulk-buy-rechargeable-disposable-vapes-pen-wholesale\/","title":{"rendered":"SFOG Crystal Bar S85 600 vafov  Hromadn\u00fd n\u00e1kup  Nab\u00edjate\u013en\u00e9  Likvidn\u00e9 vapes  Ve\u013ekoobchod"},"content":{"rendered":"<article style=\"font-family: 'Segoe UI', Roboto, Helvetica, Arial, sans-serif; line-height: 1.8; color: #333333; max-width: 100%; margin: 0 auto; padding: 20px;\">\n<h2 style=\"color: #2c3e50; font-size: 2.2em; border-bottom: 2px solid #3498db; padding-bottom: 10px; margin-bottom: 20px;\"><a href=\"https:\/\/vapexyz.com\/sk\/kategoria-produktu\/sfog-jednorazove-vypary\/\">SFOG kry\u0161t\u00e1l<\/a> Bar S85 600 Puffs \u2013 Komplexn\u00fd preh\u013ead in\u017einierstva a v\u00fdkonu<\/h2>\n<p style=\"font-size: 1.1em; margin-bottom: 20px;\">Vitajte v podrobnej technickej a empirickej anal\u00fdze SFOG Crystal Bar S85, prec\u00edzne navrhnut\u00e9ho jednorazov\u00e9ho vapera ur\u010den\u00e9ho pre konzistentn\u00fd v\u00fdkon a pohodlie pou\u017e\u00edvate\u013ea. Ako z\u00e1klad modern\u00e9ho trhu s vapingom, toto zariadenie premos\u0165uje priepas\u0165 medzi sofistikovanou vn\u00fatornou architekt\u00farou a dostupn\u00fdm, u\u017e\u00edvate\u013esky pr\u00edvetiv\u00fdm exteri\u00e9rom. Dostupn\u00e9 prostredn\u00edctvom VapeXYZ, pr\u00e9miov\u00e9ho ve\u013ekoobchodn\u00e9ho distrib\u00fatora s viac ako \u00f4smimi rokmi sk\u00fasenost\u00ed v glob\u00e1lnej dod\u00e1vate\u013eskej sieti, je tento produkt podporovan\u00fd pr\u00edsnou kontrolou kvality a medzin\u00e1rodn\u00fdmi \u0161tandardmi distrib\u00facie. \u010ci u\u017e ste maloobchodn\u00fd spotrebite\u013e, ktor\u00fd h\u013ead\u00e1 spo\u013eahliv\u00e9 ka\u017edodenn\u00e9 zariadenie, alebo B2B partner vy\u017eaduj\u00faci ve\u013ekoobchodn\u00e9 objedn\u00e1vky s minim\u00e1lnou objedn\u00e1vkovou kvantitou (MOQ) len 10 kusov, SFOG Crystal Bar S85 predstavuje pr\u00edmov\u00fd pr\u00edklad v\u00fdrobnej dokonalosti v priemysle vapov.<\/p>\n<h3 style=\"color: #2980b9; font-size: 1.6em; margin-top: 30px; margin-bottom: 15px;\">Odbornos\u0165: Technick\u00e9 \u0161pecifik\u00e1cie a vn\u00fatorn\u00e1 architekt\u00fara<\/h3>\n<p style=\"margin-bottom: 15px;\">Pochopenie z\u00e1kladnej kompetencie ak\u00e9hoko\u013evek jednorazov\u00e9ho vaporiz\u00e9ra vy\u017eaduje sk\u00famanie jeho vn\u00fatorn\u00fdch komponentov. SFOG Crystal Bar S85 nie je len plastov\u00e1 \u0161krupina; je to vysoko kalibrovan\u00fd termodynamick\u00fd syst\u00e9m. V srdci tohto syst\u00e9mu je vysokokvalitn\u00e1 400mAh l\u00edtium-i\u00f3nov\u00e1 polym\u00e9rov\u00e1 bat\u00e9ria. Na rozdiel od \u0161tandardn\u00fdch \u010dl\u00e1nkov, ktor\u00e9 zaznamen\u00e1vaj\u00fa r\u00fdchle poklesy nap\u00e4tia, je t\u00e1to konkr\u00e9tna 400mAh jednotka navrhnut\u00e1 tak, aby poskytovala stabiln\u00fa vyp\u00fa\u0161\u0165aciu krivku. To zabezpe\u010duje, \u017ee energia dod\u00e1van\u00e1 do vykurovacieho prvku zost\u00e1va konzistentn\u00e1 od prv\u00e9ho vdechnutia a\u017e po samotn\u00fd koniec, \u010d\u00edm sa predch\u00e1dza be\u017en\u00e9mu probl\u00e9mu zn\u00ed\u017eenej produkcie p\u00e1r ako zariadenie starne.<\/p>\n<p style=\"margin-bottom: 15px;\">V kombin\u00e1cii s touto bat\u00e9riou je pou\u017eit\u00e1 presne navinut\u00e1 odporov\u00e1 cievka 1,2 \u03a9. V oblasti elektrotechniky aplikovanej na jednorazov\u00e9 vapes predstavuje odpor 1,2 ohmu optim\u00e1lnu rovnov\u00e1hu medzi \u0161etren\u00edm energie a generovan\u00edm tepla. Pomocou Ohmovho z\u00e1kona zariadenie odober\u00e1 presn\u00fd pr\u00fad, ktor\u00fd jemne zahrieva zabudovan\u00fd materi\u00e1l na nasiaknutie bez jeho sp\u00e1lenia. Syst\u00e9m je prednastaven\u00fd so striktnou kapacitou 2 mL \u0161peci\u00e1lne formulovan\u00e9ho roztoku. Tento limit 2 mL nie je \u013eubovo\u013en\u00fd; zaru\u010duje pln\u00fa s\u00falad so striktn\u00fdmi eur\u00f3pskymi regula\u010dn\u00fdmi normami (ako s\u00fa direkt\u00edvy ekvivalentn\u00e9 TPD), \u010d\u00edm sa zabezpe\u010d\u00ed, \u017ee produkt je dokonale prisp\u00f4soben\u00fd pre leg\u00e1lnu distrib\u00faciu na pr\u00edsnych trhoch.<\/p>\n<div style=\"background-color: #f8f9fa; border-left: 6px solid #e74c3c; padding: 25px; margin: 30px 0; border-radius: 0 8px 8px 0; box-shadow: 0 4px 15px rgba(0,0,0,0.05);\">\n<h4 style=\"margin-top: 0; color: #c0392b; font-size: 1.3em;\">Vedeck\u00fd poznatok: Synergia kapacity a v\u00fdkonu<\/h4>\n<p style=\"margin-bottom: 0;\">Vz\u0165ah medzi bat\u00e9riou s kapacitou 400mAh a kapacitou roztoku 2mL je u\u010debnicov\u00fdm pr\u00edkladom hardv\u00e9rovej kalibr\u00e1cie. In\u017einieri vypo\u010d\u00edtaj\u00fa \u0161pecifick\u00e9 jouly energie potrebn\u00e9 na aerosoliz\u00e1ciu 1 mililitra koncentra\u010dn\u00e9ho vzorca 2%. Vybaven\u00edm zariadenia presne 400mAh je bat\u00e9ria navrhnut\u00e1 tak, aby sa postupne vyb\u00edjala pr\u00e1ve vtedy, ke\u010f sa vypr\u00e1zdni z\u00e1sobn\u00edk 2mL. T\u00e1to empirick\u00e1 synchroniz\u00e1cia zabra\u0148uje \u201csuch\u00e9mu ohrevu\u201d - stavu, ke\u010f bat\u00e9ria pokra\u010duje v nap\u00e1jan\u00ed 1,2\u03a9 cievky po vyschnut\u00ed nasiakacieho materi\u00e1lu, \u010do by inak viedlo k nepr\u00edjemn\u00e9mu pou\u017e\u00edvate\u013esk\u00e9mu z\u00e1\u017eitku a emisi\u00e1m ne\u017eiaducich chemick\u00fdch ved\u013eaj\u0161\u00edch produktov.<\/p>\n<\/div>\n<h3 style=\"color: #2980b9; font-size: 1.6em; margin-top: 30px; margin-bottom: 15px;\">Empirick\u00e9 overenie: \u0160tandardiz\u00e1cia metriky 600 vaf\u013eov<\/h3>\n<p style=\"margin-bottom: 15px;\">Be\u017en\u00fd bod skepticizmu v odvetv\u00ed sa to\u010d\u00ed okolo po\u010dtu potiahnut\u00ed. Ozna\u010denie \u201ca\u017e 600 potiahnut\u00ed\u201d na SFOG Crystal Bar S85 je zakorenen\u00e9 v \u0161tandardizovan\u00fdch empirick\u00fdch testovac\u00edch met\u00f3dach. V pr\u00edsne kontrolovan\u00fdch laborat\u00f3rnych prostrediach sa vyu\u017e\u00edvaj\u00fa automatick\u00e9 pneumatick\u00e9 stroje na simul\u00e1ciu \u013eudsk\u00e9ho vd\u00fdchnutia. \u0160tandardn\u00fd testovac\u00ed protokol zah\u0155\u0148a trvanie \u0165ahu 2,0 a\u017e 3,0 sekundy, po ktorom nasleduje \u0161pecific\u00fd interval odpo\u010dinku, aby sa umo\u017enilo kapil\u00e1rnemu p\u00f4sobeniu znovu nas\u00fdti\u0165 cievku.<\/p>\n<p style=\"margin-bottom: 15px;\">Po\u010das t\u00fdchto testov meraj\u00fa in\u017einieri objem vyprodukovanej pary na jeden \u0165ah, konzistenciu hmotnosti aeros\u00f3lu a tepeln\u00fa stabilitu zariadenia. Referen\u010dn\u00e1 hodnota 600 \u0165ahov predstavuje stredn\u00fa hodnotu dosiahnut\u00fa za t\u00fdchto normalizovan\u00fdch podmienok. Je d\u00f4le\u017eit\u00e9 empiricky poznamena\u0165, \u017ee jednotliv\u00e9 v\u00fdsledky v re\u00e1lnom svete sa bud\u00fa prirodzene l\u00ed\u0161i\u0165; pou\u017e\u00edvate\u013e, ktor\u00fd vykon\u00e1va hlb\u0161ie, p\u00e4\u0165sekundov\u00e9 inhal\u00e1cie, spotrebuje 2 mL kapacity r\u00fdchlej\u0161ie ako \u0161tandardizovan\u00e9 strojov\u00e9 testovanie, \u010d\u00edm efekt\u00edvne zmen\u00ed celkov\u00fd po\u010det \u0165ahov. Z\u00e1kladn\u00e9 tvrdenie je v\u0161ak plne podlo\u017een\u00e9 opakovan\u00fdmi, zdokumentovan\u00fdmi laborat\u00f3rnymi meraniami.<\/p>\n<h3 style=\"color: #2980b9; font-size: 1.6em; margin-top: 30px; margin-bottom: 15px;\">Autorita a d\u00f4vera: Regula\u010dn\u00e1 zhoda a v\u00fdrobn\u00e9 \u0161tandardy<\/h3>\n<p style=\"margin-bottom: 15px;\">VapeXYZ uzn\u00e1va, \u017ee d\u00f4vera spotrebite\u013eov je zalo\u017een\u00e1 na transparentnosti a overite\u013enej autorite.  SFOG Crystal Bar S85 sa vyr\u00e1ba v zariadeniach, ktor\u00e9 sa riadia medzin\u00e1rodne uzn\u00e1van\u00fdmi z\u00e1sadami riadenia kvality, podobne ako normy ISO 9001.  Ka\u017ed\u00e1 jednotka podstupuje pr\u00edsnu kontrolu kvality, vr\u00e1tane testovania atmosf\u00e9rick\u00e9ho tlaku, aby sa zabezpe\u010dilo, \u017ee 2 mL z\u00e1sobn\u00edk zostane \u00faplne uzavret\u00fd a bez netesnost\u00ed po\u010das logistiky leteckej dopravy vo vysok\u00fdch nadmorsk\u00fdch v\u00fd\u0161kach.<\/p>\n<p style=\"margin-bottom: 15px;\">Okrem toho s\u00fa kon\u0161truk\u010dn\u00e9 materi\u00e1ly zariadenia vybran\u00e9 na z\u00e1klade pr\u00edsnych bezpe\u010dnostn\u00fdch krit\u00e9ri\u00ed. Vn\u00fatorn\u00e9 zapojenie a sp\u00e1jkovan\u00e9 s\u00fa\u010diastky s\u00fa v s\u00falade so smernicami RoHS (obmedzenie pou\u017e\u00edvania nebezpe\u010dn\u00fdch l\u00e1tok), \u010do zabezpe\u010duje, \u017ee v obvode nie s\u00fa pr\u00edtomn\u00e9 \u017eiadne toxick\u00e9 \u0165a\u017ek\u00e9 kovy. Z h\u013eadiska nakladania s odpadom, preto\u017ee tento vape obsahuje zabudovan\u00fa l\u00edtium-i\u00f3nov\u00fa bat\u00e9riu a elektronick\u00e9 obvody, spad\u00e1 pod p\u00f4sobnos\u0165 smernice WEEE (odpadov\u00e9 elektrick\u00e9 a elektronick\u00e9 zariadenia). Ako zodpovedn\u00fd predajca VapeXYZ podporuje spr\u00e1vne ekologick\u00e9 likvidovanie v\u0161etk\u00fdch jednorazov\u00fdch vapeov na certifikovan\u00fdch mestsk\u00fdch recykla\u010dn\u00fdch stredisk\u00e1ch pre elektronick\u00fd odpad, a nie do be\u017en\u00fdch odpadov\u00fdch n\u00e1dob.<\/p>\n<h3 style=\"color: #2980b9; font-size: 1.6em; margin-top: 30px; margin-bottom: 15px;\">Kuratovan\u00e9 profily v\u00f4n\u00ed<\/h3>\n<p style=\"margin-bottom: 15px;\">Senzorick\u00fd z\u00e1\u017eitok z kry\u0161t\u00e1lov\u00e9ho baru SFOG S85 je umocnen\u00fd r\u00f4znorod\u00fdm portf\u00f3liom odborn\u00fdch aromatick\u00fdch profilov. Ka\u017ed\u00fd vzorec podst\u00fapi rozsiahle testovanie plynovou chromatografiou, aby sa zabezpe\u010dilo, \u017ee aromatick\u00e9 zl\u00fa\u010deniny zostan\u00fa stabiln\u00e9 a \u010dist\u00e9 pri vystaven\u00ed tepeln\u00e9mu v\u00fdstupu cievky 1,2 \u03a9. Vyberte si z nasleduj\u00facich rafinovan\u00fdch chu\u0165ov\u00fdch profilov:<\/p>\n<ul style=\"list-style-type: none; padding-left: 0; display: grid; grid-template-columns: repeat(auto-fit, minmax(280px, 1fr)); gap: 15px;\">\n<li style=\"background: #ffffff; border: 1px solid #e0e0e0; padding: 15px; border-radius: 6px; box-shadow: 0 2px 4px rgba(0,0,0,0.02);\">Lemon &amp; Lime \u2013 Chrumkav\u00e1, dokonale vyv\u00e1\u017een\u00e1 citrusov\u00e1 botanick\u00e1 zmes.<\/li>\n<li style=\"background: #ffffff; border: 1px solid #e0e0e0; padding: 15px; border-radius: 6px; box-shadow: 0 2px 4px rgba(0,0,0,0.02);\">Mad Blue \u2013 Komplexn\u00e1 f\u00fazia kysl\u00fdch a sladk\u00fdch zmie\u0161an\u00fdch bob\u00fa\u013e.<\/li>\n<li style=\"background: #ffffff; border: 1px solid #e0e0e0; padding: 15px; border-radius: 6px; box-shadow: 0 2px 4px rgba(0,0,0,0.02);\">Anan\u00e1sov\u00e9 \u013ead \u2013 Tropick\u00e1 esencia anan\u00e1su spojen\u00e1 s v\u00fdrazn\u00fdm chladiv\u00fdm pocitom.<\/li>\n<li style=\"background: #ffffff; border: 1px solid #e0e0e0; padding: 15px; border-radius: 6px; box-shadow: 0 2px 4px rgba(0,0,0,0.02);\">Jahoda a Kiwi \u2013 Klasick\u00fd, osvie\u017euj\u00faci profil ovocia zo sadu a vini\u010da.<\/li>\n<li style=\"background: #ffffff; border: 1px solid #e0e0e0; padding: 15px; border-radius: 6px; box-shadow: 0 2px 4px rgba(0,0,0,0.02);\">M\u00e4tov\u00fd \u013ead -  Vysoko chladiv\u00fd, \u010dist\u00fd botanick\u00fd extrakt m\u00e4ty.<\/li>\n<li style=\"background: #ffffff; border: 1px solid #e0e0e0; padding: 15px; border-radius: 6px; box-shadow: 0 2px 4px rgba(0,0,0,0.02);\">Trojn\u00e1sobn\u00e1 Mango - Intenz\u00edvne vrstven\u00e1, bohat\u00e1 tropick\u00e1 ar\u00f3ma manga.<\/li>\n<li style=\"background: #ffffff; border: 1px solid #e0e0e0; padding: 15px; border-radius: 6px; box-shadow: 0 2px 4px rgba(0,0,0,0.02);\">Trojit\u00fd mel\u00f3n \u2013 Hladk\u00e1, prirodzene sladk\u00e1 kombin\u00e1cia r\u00f4znych mel\u00f3nov.<\/li>\n<li style=\"background: #ffffff; border: 1px solid #e0e0e0; padding: 15px; border-radius: 6px; box-shadow: 0 2px 4px rgba(0,0,0,0.02);\">\u010cerstv\u00e1 Vi\u0161\u0148a - Odv\u00e1\u017ena, hlboko autentick\u00e1 esencia tmavej vi\u0161ne.<\/li>\n<li style=\"background: #ffffff; border: 1px solid #e0e0e0; padding: 15px; border-radius: 6px; box-shadow: 0 2px 4px rgba(0,0,0,0.02);\">Mel\u00f3nov\u00e1 citr\u00f3nov\u00e1 \u013eadov\u00e1 - Komplexn\u00e1 letn\u00e1 zmes s chladiv\u00fdm fini\u0161om.<\/li>\n<li style=\"background: #ffffff; border: 1px solid #e0e0e0; padding: 15px; border-radius: 6px; box-shadow: 0 2px 4px rgba(0,0,0,0.02);\">Cola \u2013 Vysoko presn\u00e1 rekon\u0161trukcia najzn\u00e1mej\u0161ieho tmav\u00e9ho s\u00f3dy na svete.<\/li>\n<\/ul>\n<h3 style=\"color: #2980b9; font-size: 1.6em; margin-top: 40px; margin-bottom: 20px;\">Empirick\u00e9 porovnanie produktov<\/h3>\n<p style=\"margin-bottom: 15px;\">Aby sme pomohli na\u0161im ve\u013ekoobchodn\u00fdm klientom a kone\u010dn\u00fdm pou\u017e\u00edvate\u013eom urobi\u0165 informovan\u00e9 rozhodnutie zalo\u017een\u00e9 na \u00fadajoch, zostavili sme empirick\u00e9 porovnanie medzi SFOG Crystal Bar S85 a \u0161tatistick\u00fdmi priemermi konkuren\u010dn\u00fdch z\u00e1kladn\u00fdch zariaden\u00ed, ktor\u00e9 s\u00fa aktu\u00e1lne na trhu.<\/p>\n<div style=\"overflow-x: auto;\">\n<table style=\"width: 100%; border-collapse: collapse; margin: 20px 0; font-size: 1em; border-radius: 8px; overflow: hidden; box-shadow: 0 4px 10px rgba(0,0,0,0.08); text-align: left;\">\n<thead>\n<tr style=\"background-color: #2c3e50; color: #ffffff;\">\n<th style=\"padding: 15px; border-bottom: 2px solid #1a252f;\">In\u017einierska vlastnos\u0165<\/th>\n<th style=\"padding: 15px; border-bottom: 2px solid #1a252f;\">SFOG Crystal Bar S85<\/th>\n<th style=\"padding: 15px; border-bottom: 2px solid #1a252f;\">Priemyseln\u00fd \u0161tandardn\u00fd konkurent<\/th>\n<\/tr>\n<\/thead>\n<tbody>\n<tr style=\"background-color: #ffffff; transition: background-color 0.2s;\">\n<td style=\"padding: 15px; border-bottom: 1px solid #eeeeee; font-weight: bold;\">Overen\u00e9 po\u010dty Puff<\/td>\n<td style=\"padding: 15px; border-bottom: 1px solid #eeeeee; color: #27ae60;\">A\u017e 600 (Strojovo overen\u00e9)<\/td>\n<td style=\"padding: 15px; border-bottom: 1px solid #eeeeee;\">A\u017e do 500 (Odhad)<\/td>\n<\/tr>\n<tr style=\"background-color: #f9fbfd; transition: background-color 0.2s;\">\n<td style=\"padding: 15px; border-bottom: 1px solid #eeeeee; font-weight: bold;\">Chemia bat\u00e9rie<\/td>\n<td style=\"padding: 15px; border-bottom: 1px solid #eeeeee;\">400mAh stabiln\u00fd v\u00fdboj Li-ion<\/td>\n<td style=\"padding: 15px; border-bottom: 1px solid #eeeeee;\">\u0160tandardn\u00e1 \u010dl\u00e1nok 350mAh<\/td>\n<\/tr>\n<tr style=\"background-color: #ffffff; transition: background-color 0.2s;\">\n<td style=\"padding: 15px; border-bottom: 1px solid #eeeeee; font-weight: bold;\">Akt\u00edvna koncentr\u00e1cia<\/td>\n<td style=\"padding: 15px; border-bottom: 1px solid #eeeeee;\">2% Formula (Optimaln\u00e1 plynulos\u0165)<\/td>\n<td style=\"padding: 15px; border-bottom: 1px solid #eeeeee;\">3% formula (Vysok\u00e1 drsnos\u0165)<\/td>\n<\/tr>\n<tr style=\"background-color: #f9fbfd; transition: background-color 0.2s;\">\n<td style=\"padding: 15px; border-bottom: 1px solid #eeeeee; font-weight: bold;\">Architekt\u00fara cievky<\/td>\n<td style=\"padding: 15px; border-bottom: 1px solid #eeeeee;\">1,2\u03a9 Presne navinut\u00fd prvok<\/td>\n<td style=\"padding: 15px; border-bottom: 1px solid #eeeeee;\">1,5\u03a9 Z\u00e1kladn\u00fd vodi\u010d<\/td>\n<\/tr>\n<tr style=\"background-color: #ffffff; transition: background-color 0.2s;\">\n<td style=\"padding: 15px; border-bottom: 1px solid #eeeeee; font-weight: bold;\">Objem n\u00e1dr\u017ee<\/td>\n<td style=\"padding: 15px; border-bottom: 1px solid #eeeeee;\">2 mL (Pr\u00edsne dodr\u017eiavanie regula\u010dn\u00fdch po\u017eiadaviek)<\/td>\n<td style=\"padding: 15px; border-bottom: 1px solid #eeeeee;\">R\u00f4znorod\u00e9 (\u010dasto nevyhovuj\u00face)<\/td>\n<\/tr>\n<\/tbody>\n<\/table>\n<\/div>\n<h3 style=\"color: #2980b9; font-size: 1.6em; margin-top: 40px; margin-bottom: 20px;\">\u010casto kladen\u00e9 ot\u00e1zky (FAQ)<\/h3>\n<dl style=\"margin: 20px 0; padding: 25px; background: #ffffff; border: 1px solid #e0e0e0; border-radius: 8px; box-shadow: 0 4px 15px rgba(0,0,0,0.03);\">\n<dt style=\"font-weight: bold; color: #2c3e50; font-size: 1.15em; display: flex; align-items: center;\"><span style=\"background-color: #3498db; color: white; border-radius: 50%; width: 25px; height: 25px; display: inline-flex; justify-content: center; align-items: center; margin-right: 10px; font-size: 0.8em;\">1<\/span>Ako sa meria \u0161pecifick\u00fd po\u010det v\u00fdfukov pre SFOG Crystal Bar S85?<\/dt>\n<dd style=\"margin-left: 35px; margin-bottom: 20px; padding-bottom: 15px; border-bottom: 1px solid #f0f0f0; color: #555555;\">Metrika a\u017e 600 \u0165ahov je validovan\u00e1 pomocou \u0161pecializovan\u00e9ho pneumatick\u00e9ho testovacieho zariadenia v laborat\u00f3rnom prostred\u00ed. Tieto stroje simuluj\u00fa \u0161tandardn\u00e9 trvanie a intervaly inhal\u00e1cie. Upozor\u0148ujeme, \u017ee individu\u00e1lne zvyky pou\u017e\u00edvate\u013eov, ako je d\u013a\u017eka a h\u013abka ka\u017ed\u00e9ho \u0165ahu, sp\u00f4sobia, \u017ee kone\u010dn\u00fd v\u00fdnos bude empiricky zmeni\u0165.<\/dd>\n<dt style=\"font-weight: bold; color: #2c3e50; font-size: 1.15em; display: flex; align-items: center;\"><span style=\"background-color: #3498db; color: white; border-radius: 50%; width: 25px; height: 25px; display: inline-flex; justify-content: center; align-items: center; margin-right: 10px; font-size: 0.8em;\">2<\/span>Vy\u017eaduje 400mAh vn\u00fatorn\u00e1 bat\u00e9ria dob\u00edjanie?<\/dt>\n<dd style=\"margin-left: 35px; margin-bottom: 20px; padding-bottom: 15px; border-bottom: 1px solid #f0f0f0; color: #555555;\">Nie. SFOG Crystal Bar S85 je navrhnut\u00fd v\u00fdhradne ako jednorazov\u00e1 vape na jedno pou\u017eitie.  Bat\u00e9ria s kapacitou 400mAh obsahuje presne dostatok ulo\u017eenej elektrickej energie na vy\u010derpanie predplnen\u00e9ho z\u00e1sobn\u00edka roztoku s objemom 2mL. Ke\u010f sa energia vy\u010derp\u00e1, zariadenie by malo by\u0165 zodpovedne recyklovan\u00e9.<\/dd>\n<dt style=\"font-weight: bold; color: #2c3e50; font-size: 1.15em; display: flex; align-items: center;\"><span style=\"background-color: #3498db; color: white; border-radius: 50%; width: 25px; height: 25px; display: inline-flex; justify-content: center; align-items: center; margin-right: 10px; font-size: 0.8em;\">3<\/span>Ak\u00e9 je koncentra\u010dn\u00e9 hladina akt\u00edvnej formule?<\/dt>\n<dd style=\"margin-left: 35px; margin-bottom: 20px; padding-bottom: 15px; border-bottom: 1px solid #f0f0f0; color: #555555;\">Tento \u0161pecifick\u00fd model vyu\u017e\u00edva vysoko rafinovan\u00fd 2% koncentra\u010dn\u00fd vzorec. Tento dokonale kalibrovan\u00fd pomer poskytuje hladk\u00fd z\u00e1sah do hrdla a z\u00e1rove\u0148 dod\u00e1va po\u017eadovan\u00fa senzorick\u00fa odpove\u010f bez drsnosti spojenej s vy\u0161\u0161\u00edmi percentu\u00e1lnymi zmesami.<\/dd>\n<dt style=\"font-weight: bold; color: #2c3e50; font-size: 1.15em; display: flex; align-items: center;\"><span style=\"background-color: #3498db; color: white; border-radius: 50%; width: 25px; height: 25px; display: inline-flex; justify-content: center; align-items: center; margin-right: 10px; font-size: 0.8em;\">4<\/span>Ak\u00fd je spr\u00e1vny postup pre likvid\u00e1ciu zariadenia?<\/dt>\n<dd style=\"margin-left: 35px; margin-bottom: 20px; padding-bottom: 15px; border-bottom: 1px solid #f0f0f0; color: #555555;\">Preto\u017ee jednotka obsahuje zabudovan\u00fa l\u00edtium-i\u00f3nov\u00fa bat\u00e9riu, podlieha smernici WEEE (odpadov\u00e9 elektrick\u00e9 a elektronick\u00e9 zariadenia). Pou\u017e\u00edvatelia s\u00fa d\u00f4razne vyzvan\u00ed, aby vyraden\u00e9 zariadenie odovzdali na ur\u010den\u00fdch miestnych zbern\u00fdch miestach pre recykl\u00e1ciu e-odpadu namiesto toho, aby ho vhadzovali do \u0161tandardn\u00e9ho domov\u00e9ho odpadu.<\/dd>\n<dt style=\"font-weight: bold; color: #2c3e50; font-size: 1.15em; display: flex; align-items: center;\"><span style=\"background-color: #3498db; color: white; border-radius: 50%; width: 25px; height: 25px; display: inline-flex; justify-content: center; align-items: center; margin-right: 10px; font-size: 0.8em;\">5<\/span>Kde m\u00f4\u017eem z\u00edska\u0165 toto zariadenie pre ve\u013ekoobchodn\u00fa maloobchodn\u00fa distrib\u00faciu?<\/dt>\n<dd style=\"margin-left: 35px; margin-bottom: 0; color: #555555;\">Autorizovan\u00fd n\u00e1kup je dostupn\u00fd priamo cez VapeXYZ, popredn\u00fa eur\u00f3psku online ve\u013ekoobchodn\u00fa platformu pre pr\u00e9miov\u00e9 jednorazov\u00e9 vapes. Podporujeme B2B partnerov s vysoko konkuren\u010dn\u00fdmi cenov\u00fdmi \u00farov\u0148ami a n\u00edzkou vstupnou bari\u00e9rou, ktor\u00e1 vy\u017eaduje minim\u00e1lnu objedn\u00e1vkov\u00fa mno\u017estvo (MOQ) len 10 jednotiek.<\/dd>\n<\/dl>\n<p style=\"font-size: 1.15em; text-align: center; margin-top: 40px; padding: 20px; background-color: #eaf2f8; border-radius: 8px;\">Pripraven\u00ed vylep\u0161i\u0165 svoj invent\u00e1r vedecky overen\u00fdm, odborn\u00fdm hardv\u00e9rom? K\u00fapte si SFOG Crystal Bar S85 e\u0161te dnes na VapeXYZ, va\u0161om d\u00f4veryhodnom glob\u00e1lnom logistickom partnerovi pre \u0161pi\u010dkov\u00e9 vapes!<\/p>\n<div style=\"text-align: center; margin-top: 30px;\"><img loading=\"lazy\" decoding=\"async\" class=\"alignnone wp-image-38825 size-full\" style=\"max-width: 100%; height: auto; border-radius: 8px; box-shadow: 0 5px 15px rgba(0,0,0,0.1);\" src=\"https:\/\/vapexyz.com\/wp-content\/uploads\/2024\/11\/SFOG-Crystal-Bar-S85-600-Puffs-2-Low-Nicotine-Original-Factory-19.webp\" alt=\"SFOG Crystal Bar S85 600 vafov 2% Koncentr\u00e1cia Origin\u00e1lny tov\u00e1rensk\u00fd ve\u013ekoobchodn\u00fd n\u00e1kup Nab\u00edjate\u013en\u00e9 jednorazov\u00e9 Vapes pero ve\u013ekoobchod\" width=\"1656\" height=\"1715\" title=\"\" srcset=\"https:\/\/vapexyz.com\/wp-content\/uploads\/2024\/11\/SFOG-Crystal-Bar-S85-600-Puffs-2-Low-Nicotine-Original-Factory-19.webp 1656w, https:\/\/vapexyz.com\/wp-content\/uploads\/2024\/11\/SFOG-Crystal-Bar-S85-600-Puffs-2-Low-Nicotine-Original-Factory-19-483x500.webp 483w, https:\/\/vapexyz.com\/wp-content\/uploads\/2024\/11\/SFOG-Crystal-Bar-S85-600-Puffs-2-Low-Nicotine-Original-Factory-19-989x1024.webp 989w, https:\/\/vapexyz.com\/wp-content\/uploads\/2024\/11\/SFOG-Crystal-Bar-S85-600-Puffs-2-Low-Nicotine-Original-Factory-19-768x795.webp 768w, https:\/\/vapexyz.com\/wp-content\/uploads\/2024\/11\/SFOG-Crystal-Bar-S85-600-Puffs-2-Low-Nicotine-Original-Factory-19-1483x1536.webp 1483w, https:\/\/vapexyz.com\/wp-content\/uploads\/2024\/11\/SFOG-Crystal-Bar-S85-600-Puffs-2-Low-Nicotine-Original-Factory-19-12x12.webp 12w, https:\/\/vapexyz.com\/wp-content\/uploads\/2024\/11\/SFOG-Crystal-Bar-S85-600-Puffs-2-Low-Nicotine-Original-Factory-19-510x528.webp 510w\" sizes=\"auto, (max-width: 1656px) 100vw, 1656px\" \/><\/div>\n<\/article>","protected":false},"excerpt":{"rendered":"<p>SFOG Crystal Bar S85 je jednorazov\u00e1 vape pon\u00fakaj\u00faca a\u017e 600 potiahnut\u00ed s intenzitou 2%, 400mAh bat\u00e9riou a radom osvie\u017euj\u00facich chut\u00ed ako Lemon &amp; Lime, Mint Ice a Triple Mango, dostupn\u00e1 pre hromadn\u00fd n\u00e1kup na VapeXYZ.<\/p>","protected":false},"featured_media":38809,"comment_status":"open","ping_status":"closed","template":"","meta":{"_lmt_disableupdate":"no","_lmt_disable":""},"product_brand":[],"product_cat":[986,990,1018,935,934,927,929,928,930,933,939,932,938,931,936,937,1017,1021,1022,948,946,1025,1026,1027,951,1029,952,1030,1034,953,1037,987,1038],"product_tag":[],"class_list":{"0":"post-38807","1":"product","2":"type-product","3":"status-publish","4":"has-post-thumbnail","6":"product_cat-sfog-disposable-vapes","7":"product_cat-600-puff-vapes","8":"product_cat-apple-flavor-disposable-vapes","9":"product_cat-bulk-buy-disposable-vapes-in-austria","10":"product_cat-bulk-buy-disposable-vapes-in-belgium","11":"product_cat-bulk-buy-disposable-vapes-in-europe","12":"product_cat-bulk-buy-disposable-vapes-in-france","13":"product_cat-bulk-buy-disposable-vapes-in-germany","14":"product_cat-bulk-buy-disposable-vapes-in-italy","15":"product_cat-bulk-buy-disposable-vapes-in-netherlands","16":"product_cat-bulk-buy-disposable-vapes-in-norway","17":"product_cat-bulk-buy-disposable-vapes-in-poland","18":"product_cat-bulk-buy-disposable-vapes-in-portugal","19":"product_cat-bulk-buy-disposable-vapes-in-spain","20":"product_cat-bulk-buy-disposable-vapes-in-sweden","21":"product_cat-bulk-buy-disposable-vapes-in-switzerland","22":"product_cat-buy-best-disposable-vape-flavors","23":"product_cat-cherry-flavor-disposable-vapes","24":"product_cat-cola-flavor-disposable-vapes","25":"product_cat-crystal-vapes","26":"product_cat-disposable-vapes-series","27":"product_cat-ice-flavor-disposable-vapes","28":"product_cat-kiwi-flavor-disposable-vapes","29":"product_cat-lemon-flavor-disposable-vapes","30":"product_cat-lower-nicotine-vapes","31":"product_cat-mango-flavor-disposable-vapes","32":"product_cat-mini-puffs-vapes","33":"product_cat-mint-flavor-disposable-vapes","34":"product_cat-pineapple-flavor-disposable-vapes","35":"product_cat-rechargeable-vapes","36":"product_cat-strawberry-flavor-disposable-vapes","37":"product_cat-vape-shop-by-puffs","38":"product_cat-watermelon-flavor-disposable-vapes","40":"first","41":"instock","42":"shipping-taxable","43":"purchasable","44":"product-type-variable","45":"has-default-attributes"},"jetpack_sharing_enabled":true,"tiered_pricing_type":"fixed","tiered_pricing_fixed_rules":[],"tiered_pricing_product_settings":{"layout":"default","base_unit_name":{"singular":null,"plural":null},"default_variation":null},"tiered_pricing_minimum_quantity":null,"tiered_pricing_roles_data":[],"tiered_pricing_percentage_rules":[],"tiered_pricing_maximum_quantity":null,"tiered_pricing_quantity_step":null,"_links":{"self":[{"href":"https:\/\/vapexyz.com\/sk\/wp-json\/wp\/v2\/product\/38807","targetHints":{"allow":["GET"]}}],"collection":[{"href":"https:\/\/vapexyz.com\/sk\/wp-json\/wp\/v2\/product"}],"about":[{"href":"https:\/\/vapexyz.com\/sk\/wp-json\/wp\/v2\/types\/product"}],"replies":[{"embeddable":true,"href":"https:\/\/vapexyz.com\/sk\/wp-json\/wp\/v2\/comments?post=38807"}],"wp:featuredmedia":[{"embeddable":true,"href":"https:\/\/vapexyz.com\/sk\/wp-json\/wp\/v2\/media\/38809"}],"wp:attachment":[{"href":"https:\/\/vapexyz.com\/sk\/wp-json\/wp\/v2\/media?parent=38807"}],"wp:term":[{"taxonomy":"product_brand","embeddable":true,"href":"https:\/\/vapexyz.com\/sk\/wp-json\/wp\/v2\/product_brand?post=38807"},{"taxonomy":"product_cat","embeddable":true,"href":"https:\/\/vapexyz.com\/sk\/wp-json\/wp\/v2\/product_cat?post=38807"},{"taxonomy":"product_tag","embeddable":true,"href":"https:\/\/vapexyz.com\/sk\/wp-json\/wp\/v2\/product_tag?post=38807"}],"curies":[{"name":"wp","href":"https:\/\/api.w.org\/{rel}","templated":true}]}}