{"id":36667,"date":"2024-10-30T14:33:10","date_gmt":"2024-10-30T14:33:10","guid":{"rendered":"https:\/\/vapexyz.com\/?post_type=product&#038;p=36667"},"modified":"2026-03-03T02:49:39","modified_gmt":"2026-03-03T02:49:39","slug":"mrvi-bar-mr8000-puffs-2-3-5-nizky-nikotin-originalny-tovarensky-objem-kupte-nabijatelne-jednorazove-vypary","status":"publish","type":"product","link":"https:\/\/vapexyz.com\/sk\/product\/mrvi-bar-mr8000-puffs-2-3-5-low-nicotine-original-factory-bulk-buy-rechargeable-disposable-vapes-pen-wholesale\/","title":{"rendered":"MRVI Bar Mr8000 Puffs Hromadn\u00fd n\u00e1kup Nab\u00edjate\u013en\u00e9 Jednorazov\u00e9 Vapes Ve\u013ekoobchod"},"content":{"rendered":"<article>\n<h2>MRVI Bar Mr8000 Puffs: Profesion\u00e1lne navrhnut\u00e9 technick\u00e9 rie\u0161enie v jednorazov\u00fdch vapeoch<\/h2>\n<p>MRVI Bar Mr8000 Puffs predstavuje v\u00fdznamn\u00fd skok v evol\u00facii jednorazov\u00fdch vapeov, kombinuj\u00facich vysokokapacitn\u00fd v\u00fdkon s presne navrhnut\u00fdmi komponentmi. Navrhnut\u00fd pre n\u00e1ro\u010dn\u00fdch individu\u00e1lnych pou\u017e\u00edvate\u013eov aj pre ve\u013ekoobchodn\u00fd trh s vysok\u00fdm objemom, toto zariadenie sp\u013a\u0148a modern\u00e9 po\u017eiadavky na dlh\u00fa \u017eivotnos\u0165 a konzistentn\u00fd v\u00fdkon. V spolo\u010dnosti VapeXYZ vyu\u017e\u00edvame viac ako osem rokov sk\u00fasenost\u00ed v odvetv\u00ed, aby sme vybrali zariadenia, ktor\u00e9 spl\u0148uj\u00fa pr\u00edsne normy bezpe\u010dnosti, odolnosti a spokojnosti pou\u017e\u00edvate\u013eov.<\/p>\n<p>Na trhu pres\u00fdtenom prechodn\u00fdmi mo\u017enos\u0165ami vynik\u00e1 MRVI Bar vyu\u017e\u00edvan\u00edm vysoko kapacitnej 650mAh kobaltovej bat\u00e9rie a sofistikovanej meshovej architekt\u00fary pre ohrev. T\u00e1to kombin\u00e1cia zabezpe\u010duje, \u017ee od prv\u00e9ho \u0165ahu a\u017e po 8 000., zost\u00e1va tepeln\u00e1 regul\u00e1cia stabiln\u00e1, \u010d\u00edm sa predch\u00e1dza be\u017en\u00fdm probl\u00e9mom, ako s\u00fa such\u00e9 \u0165ahy alebo skor\u00e1 degrad\u00e1cia bat\u00e9rie. Na\u0161e intern\u00e9 testovacie protokoly potvrdzuj\u00fa, \u017ee MRVI Bar udr\u017euje konzistentn\u00fd v\u00fdboj nap\u00e4tia, \u010d\u00edm sa zabezpe\u010duje, \u017ee senzorick\u00fd z\u00e1\u017eitok zost\u00e1va rovnomern\u00fd po\u010das cel\u00e9ho \u017eivotn\u00e9ho cyklu zariadenia.<\/p>\n<div style=\"background-color: #f8f9fa; border-left: 5px solid #2c3e50; padding: 20px; margin: 20px 0;\">\n<h3 style=\"margin-top: 0;\">Empirick\u00e9 metriky v\u00fdkonnosti<\/h3>\n<p>N\u00e1\u0161 technick\u00fd t\u00edm vykonal 14-d\u0148ov\u00fd stresov\u00fd test na MRVI Bar Mr8000 Puffs, aby overil tvrdenia v\u00fdrobcu. V\u00fdsledky boli nasledovn\u00e9:<\/p>\n<ul style=\"list-style-type: none; padding-left: 0;\">\n<li>\u25aa Konsistencia kresby: Zmeran\u00e1 98,41 % varian\u010dn\u00e1 stabilita naprie\u010d prv\u00fdmi 5 000 \u0165ahmi.<\/li>\n<li>\u2713 Prevencia \u00faniku: Za simulovan\u00fdch podmienok letu (1,5 atmosf\u00e9ry) nebol zisten\u00fd \u017eiadny \u00fanik.<\/li>\n<li>\u2713 Efektivita nab\u00edjania: R\u00fdchle nab\u00edjanie typu C dosiahlo 80% kapacity za pribli\u017ene 35 min\u00fat.<\/li>\n<\/ul>\n<\/div>\n<h3><a href=\"https:\/\/vapexyz.com\/sk\/kategoria-produktu\/mrvi-jednorazove-vapes\/\">Jednorazov\u00e9 vapy MRVI<\/a>: Pokro\u010dil\u00e1 vn\u00fatorn\u00e1 architekt\u00fara<\/h3>\n<p>Jadro \u00faspechu MRVI Bar spo\u010d\u00edva v jeho vn\u00fatornom z\u00e1sobn\u00edku a vykurovacom prvku. S kapacitou 15 ml je zariadenie navrhnut\u00e9 tak, aby maximalizovalo \u00fa\u010dinnos\u0165 ka\u017ed\u00e9ho mililitra. Integr\u00e1cia n\u00edzkorezist\u00edvnej mesh cievky zvy\u0161uje povrchov\u00fa plochu pre atomiz\u00e1ciu, \u010do umo\u017e\u0148uje bohat\u0161iu produkciu p\u00e1r bez potreby nadmern\u00e9ho v\u00fdkonu. T\u00e1to \u00fa\u010dinnos\u0165 je d\u00f4vodom, pre\u010do je MRVI Bar \u010dasto uv\u00e1dzan\u00fd na\u0161imi eur\u00f3pskymi ve\u013ekoobchodn\u00fdmi partnermi ako najlep\u0161ie funguj\u00faci SKU v kateg\u00f3rii \u201cDlhodob\u00e9\u201d.<\/p>\n<table style=\"width: 100%; border-collapse: collapse; margin: 25px 0; font-family: Arial, sans-serif; box-shadow: 0 4px 8px rgba(0,0,0,0.1);\">\n<thead>\n<tr style=\"background-color: #2c3e50; color: white; text-align: left;\">\n<th style=\"padding: 12px; border: 1px solid #ddd;\">Technick\u00e1 \u0161pecifik\u00e1cia<\/th>\n<th style=\"padding: 12px; border: 1px solid #ddd;\">Podrobnosti parametrov<\/th>\n<\/tr>\n<\/thead>\n<tbody>\n<tr>\n<td style=\"padding: 12px; border: 1px solid #ddd; font-weight: bold;\">Maxim\u00e1lna kapacita \u0165ahu<\/td>\n<td style=\"padding: 12px; border: 1px solid #ddd;\">A\u017e 8 000 v\u00fddychov<\/td>\n<\/tr>\n<tr style=\"background-color: #f2f2f2;\">\n<td style=\"padding: 12px; border: 1px solid #ddd; font-weight: bold;\">Nap\u00e1jacia bunka<\/td>\n<td style=\"padding: 12px; border: 1px solid #ddd;\">650mAh ( stupe\u0148 A, nab\u00edjate\u013en\u00e9 )<\/td>\n<\/tr>\n<tr>\n<td style=\"padding: 12px; border: 1px solid #ddd; font-weight: bold;\">Rozhranie nab\u00edjania<\/td>\n<td style=\"padding: 12px; border: 1px solid #ddd;\">USB Type-C (5V\/1A) \n\nbez prekladu, ponech\u00e1vam p\u00f4vodn\u00fd text, preto\u017ee obsahuje technick\u00fd \u0161pecifik\u00e1ciu.<\/td>\n<\/tr>\n<tr style=\"background-color: #f2f2f2;\">\n<td style=\"padding: 12px; border: 1px solid #ddd; font-weight: bold;\">Technol\u00f3gia atomiz\u00e1cie<\/td>\n<td style=\"padding: 12px; border: 1px solid #ddd;\">Pokro\u010dil\u00e1 sie\u0165ov\u00e1 cievka (1,2 ohm)<\/td>\n<\/tr>\n<tr>\n<td style=\"padding: 12px; border: 1px solid #ddd; font-weight: bold;\">Objem n\u00e1dr\u017ee<\/td>\n<td style=\"padding: 12px; border: 1px solid #ddd;\">15 ml<\/td>\n<\/tr>\n<tr style=\"background-color: #f2f2f2;\">\n<td style=\"padding: 12px; border: 1px solid #ddd; font-weight: bold;\">Rozmery<\/td>\n<td style=\"padding: 12px; border: 1px solid #ddd;\">92 mm x 41 mm x 19 mm<\/td>\n<\/tr>\n<tr>\n<td style=\"padding: 12px; border: 1px solid #ddd; font-weight: bold;\">Hmotnos\u0165 podvozku<\/td>\n<td style=\"padding: 12px; border: 1px solid #ddd;\">103 g<\/td>\n<\/tr>\n<\/tbody>\n<\/table>\n<h3>K\u013e\u00fa\u010dov\u00e9 technick\u00e9 vlastnosti MRVI Bar Mr8000<\/h3>\n<p>Okrem povrchov\u00fdch \u0161pecifik\u00e1ci\u00ed je MRVI Bar vyroben\u00fd z vysokokvalitn\u00fdch materi\u00e1lov PC (polykarbon\u00e1t) a ABS, ktor\u00e9 poskytuj\u00fa hmatov\u00fd \u00fachop a odolnos\u0165 vo\u010di teplu.  \u0160t\u00edhly profil (92 x 41 x 19 mm) je \u0161peci\u00e1lne navrhnut\u00fd pre ergonomick\u00fd komfort, \u010d\u00edm sa zni\u017euje \u00fanava r\u00fak po\u010das dlhodob\u00e9ho pou\u017e\u00edvania.  T\u00e1to pozornos\u0165 venovan\u00e1 priemyseln\u00e9mu dizajnu je charakteristick\u00fdm znakom v\u00fdrobnej filozofie spolo\u010dnosti MRVI.<\/p>\n<div style=\"border: 1px solid #e0e0e0; border-radius: 8px; padding: 20px; background-color: #fff;\">\n<h4 style=\"color: #2c3e50; border-bottom: 2px solid #3498db; padding-bottom: 10px;\">Strat\u00e9gie Inova\u010dn\u00e9 Body<\/h4>\n<ul style=\"line-height: 1.8;\">\n<li>Inteligentn\u00e9 riadenie bat\u00e9rie: Rozhranie Type-C obsahuje ochranu proti pre\u0165a\u017eeniu a skratu, \u010d\u00edm sa zabezpe\u010duje bezpe\u010dnos\u0165 l\u00edtium-i\u00f3novej \u010dl\u00e1nky po\u010das celej jej \u017eivotnosti.<\/li>\n<li>Optimalizovan\u00e1 dr\u00e1ha pr\u00fadenia vzduchu: Vn\u00fatorn\u00fd vzduchov\u00fd kan\u00e1l je kalibrovan\u00fd tak, aby poskytoval vyv\u00e1\u017een\u00fd re\u017eim Restricted Direct Lung (RDL) alebo Mouth-to-Lung (MTL), ktor\u00fd oslovuje \u0161irok\u00e9 spektrum pou\u017e\u00edvate\u013eov.<\/li>\n<li>Environment\u00e1lne \u00favahy: Ako popredn\u00fd distrib\u00fator VapeXYZ podporuje zodpovedn\u00e9 zne\u0161kod\u0148ovanie. Kon\u0161trukcia MRVI Bar umo\u017e\u0148uje \u013eah\u0161iu separ\u00e1ciu materi\u00e1lov po\u010das recykl\u00e1cie v porovnan\u00ed so star\u0161\u00edmi modelmi s lepen\u00fdm r\u00e1mom.<\/li>\n<li>Mo\u017enosti koncentr\u00e1cie obsahu: dostupn\u00e9 v prevedeniach 2%, 3% a 5%, aby vyhovovali r\u00f4znym region\u00e1lnym predpisom v Eur\u00f3pe a inde.<\/li>\n<\/ul>\n<\/div>\n<h3>V\u00fdber zmyslov: Kur\u00e1torsk\u00e9 profily pre v\u0161etky preferencie<\/h3>\n<p>Jednorazov\u00e1 vape je len tak\u00e1 dobr\u00e1, ak\u00fd z\u00e1\u017eitok poskytuje. MRVI Bar Mr8000 Puffs vyu\u017e\u00edva zlo\u017eky farmaceutickej kvality, aby zabezpe\u010dil \u010distotu a h\u013abku v ka\u017edom profile. Vyh\u00fdban\u00edm sa chemick\u00fdm dochutom sa MRVI etabloval ako pr\u00e9miov\u00fd v\u00fdber pre t\u00fdch, ktor\u00ed si cenia \u010distotu.<\/p>\n<p>Na\u0161a aktu\u00e1lna ve\u013ekoobchodn\u00e1 z\u00e1soba obsahuje nasleduj\u00face \u0161pi\u010dkov\u00e9 mo\u017enosti:<\/p>\n<ul style=\"display: grid; grid-template-columns: repeat(2, 1fr); gap: 10px; padding: 0; list-style-type: none;\">\n<li style=\"background: #fdfdfd; padding: 10px; border: 1px solid #eee;\">Blue Razz: Vyv\u00e1\u017een\u00fd kysl\u00fd a sladk\u00fd profil.<\/li>\n<li style=\"background: #fdfdfd; padding: 10px; border: 1px solid #eee;\">Cool Mint: Chrumav\u00fd, \u013eadov\u00fd osvie\u017euj\u00faci \u00fa\u010dinok.<\/li>\n<li style=\"background: #fdfdfd; padding: 10px; border: 1px solid #eee;\">Lush Ice: Letom in\u0161pirovan\u00fd chladen\u00fd mel\u00f3n.<\/li>\n<li style=\"background: #fdfdfd; padding: 10px; border: 1px solid #eee;\">Zmes bob\u00fa\u013e: Komplexn\u00e1 zmes lesn\u00fdch plodov.<\/li>\n<li style=\"background: #fdfdfd; padding: 10px; border: 1px solid #eee;\">Brosky\u0148ov\u00fd \u013ead: M\u00e4kk\u00fd k\u00f4stkov\u00fd plod s mraziv\u00fdm povrchom.<\/li>\n<li style=\"background: #fdfdfd; padding: 10px; border: 1px solid #eee;\">Jahodov\u00e1 ban\u00e1nov\u00e1: Klasick\u00e9 kr\u00e9mov\u00e9 ovocn\u00e9 spojenie.<\/li>\n<li style=\"background: #fdfdfd; padding: 10px; border: 1px solid #eee;\">Strawberry Ice: Chladen\u00e9 \u010derven\u00e9 ovocn\u00e9 t\u00f3ny.<\/li>\n<li style=\"background: #fdfdfd; padding: 10px; border: 1px solid #eee;\">Jahodov\u00e1 Kiwi: Piquantna a sladk\u00e1 tropick\u00e1 f\u00fazia.<\/li>\n<li style=\"background: #fdfdfd; padding: 10px; border: 1px solid #eee;\">Ban\u00e1nov\u00fd \u013ead: Hladk\u00fd, mrazen\u00fd tropick\u00fd dezertn\u00fd pocit.<\/li>\n<li style=\"background: #fdfdfd; padding: 10px; border: 1px solid #eee;\">Kranberry Hrozno: Hlbok\u00fd, kysl\u00fd profil ovocia z vini\u010da.<\/li>\n<\/ul>\n<h3>Pre\u010do partnerstvo s VapeXYZ pre ve\u013ekoobchodn\u00e9 jednorazov\u00e9 vapes?<\/h3>\n<p>VapeXYZ nie je len dod\u00e1vate\u013eom; sme partnerom v dod\u00e1vate\u013eskom re\u0165azci pre podniky v Nemecku, Holandsku, Belgicku, \u0160panielsku a \u010fal\u0161\u00edch krajin\u00e1ch. Ch\u00e1peme, \u017ee v oblasti ve\u013ekoobchodu s\u00fa spo\u013eahlivos\u0165 a s\u00falad neprechodn\u00e9. Na\u0161a logistick\u00e1 sie\u0165 je optimalizovan\u00e1 pre MRVI Bar, \u010do zabezpe\u010duje, \u017ee ve\u013ek\u00e9 objedn\u00e1vky prich\u00e1dzaj\u00fa v prvotriednom stave, pripraven\u00e9 na pult.<\/p>\n<div style=\"background-color: #34495e; color: white; padding: 25px; border-radius: 10px; margin-top: 30px;\">\n<h3>Ve\u013ekoobchodn\u00e9 a logistick\u00e9 \u00fadaje<\/h3>\n<p>Poskytujeme transparentn\u00e9 logistick\u00e9 \u00fadaje, ktor\u00e9 pom\u00e1haj\u00fa na\u0161im partnerom efekt\u00edvne riadi\u0165 n\u00e1klady na z\u00e1soby a prepravu:<\/p>\n<table style=\"width: 100%; color: white; border: 1px solid #5d6d7e;\">\n<tbody>\n<tr style=\"border-bottom: 1px solid #5d6d7e;\">\n<td style=\"padding: 10px;\">Balenie:<\/td>\n<td style=\"padding: 10px;\">10 jednotiek na zobrazovaciu \u0161katu\u013eu<\/td>\n<\/tr>\n<tr style=\"border-bottom: 1px solid #5d6d7e;\">\n<td style=\"padding: 10px;\">Kapacita kart\u00f3nu:<\/td>\n<td style=\"padding: 10px;\">200 jednotiek na hlavn\u00fa kart\u00f3nov\u00fa krabicu<\/td>\n<\/tr>\n<tr style=\"border-bottom: 1px solid #5d6d7e;\">\n<td style=\"padding: 10px;\">Hrub\u00e1 hmotnos\u0165:<\/td>\n<td style=\"padding: 10px;\">13 kg na kart\u00f3n<\/td>\n<\/tr>\n<tr>\n<td style=\"padding: 10px;\">Rozmery kart\u00f3nu:<\/td>\n<td style=\"padding: 10px;\">570 x 290 x 245 mm<\/td>\n<\/tr>\n<\/tbody>\n<\/table>\n<\/div>\n<p>V\u00fdberom VapeXYZ m\u00e1te prospech z n\u00edzkej minim\u00e1lnej objedn\u00e1vky len 10 kusov, \u010do umo\u017e\u0148uje flexibiln\u00e9 riadenie z\u00e1sob a mo\u017enos\u0165 testova\u0165 nov\u00e9 profily bez ve\u013ek\u00fdch po\u010diato\u010dn\u00fdch kapit\u00e1lov\u00fdch v\u00fddavkov. Na\u0161a cenov\u00e1 strat\u00e9gia \u201cPriamo z tov\u00e1rne\u201d eliminuje zbyto\u010dn\u00e9 prir\u00e1\u017eky sprostredkovate\u013eov a poskytuje v\u00e1\u0161mu podnikaniu konkuren\u010dn\u00fa v\u00fdhodu, ktor\u00fa potrebuje na dne\u0161nom r\u00fdchlom trhu.<\/p>\n<div style=\"margin: 40px 0; border: 2px solid #3498db; padding: 20px; border-radius: 5px;\">\n<h3 style=\"text-align: center; color: #2980b9;\">\u010casto kladen\u00e9 ot\u00e1zky (FAQ)<\/h3>\n<p>Ot\u00e1zka: Je MRVI Bar Mr8000 Puffs v s\u00falade s medzin\u00e1rodn\u00fdmi bezpe\u010dnostn\u00fdmi \u0161tandardmi?<br \/>\n\u00c1no, v\u0161etky produkty MRVI distribuovan\u00e9 spolo\u010dnos\u0165ou VapeXYZ sp\u013a\u0148aj\u00fa certifik\u00e1cie CE a RoHS, \u010d\u00edm sa zabezpe\u010duje, \u017ee spl\u0148uj\u00fa pr\u00edsne bezpe\u010dnostn\u00e9 a environment\u00e1lne po\u017eiadavky pre elektronick\u00e9 zariadenia.<\/p>\n<p>Ot\u00e1zka: Ako sie\u0165ov\u00e1 cievka zlep\u0161uje pou\u017e\u00edvate\u013esk\u00fd z\u00e1\u017eitok?<br \/>\nA: Na rozdiel od tradi\u010dn\u00fdch dr\u00f4tov\u00fdch cievok poskytuj\u00fa sie\u0165ov\u00e9 cievky v\u00e4\u010d\u0161iu povrchov\u00fa plochu pre ohrev. To vedie k efekt\u00edvnej\u0161iemu rozpra\u0161ovaniu, konzistentnej\u0161ej pare a prevencii lok\u00e1lneho prehriatia.<\/p>\n<p>A: Ak\u00fd je \u017eivotnos\u0165 t\u00fdchto jednorazov\u00fdch vapeov?<br \/>\nA: Skladovan\u00fd v chladnom, suchom prostred\u00ed si MRVI Bar zachov\u00e1va svoju kvalitu a\u017e po dobu 18 mesiacov od d\u00e1tumu v\u00fdroby.<\/p>\n<p>Ot\u00e1zka: M\u00f4\u017eem kombinova\u0165 r\u00f4zne mo\u017enosti v r\u00e1mci ve\u013ekoobchodnej objedn\u00e1vky?<br \/>\nA: Absol\u00fatne. V spolo\u010dnosti VapeXYZ pon\u00fakame prisp\u00f4sobite\u013en\u00e9 ve\u013ekoobchodn\u00e9 bal\u00edky za\u010d\u00ednaj\u00face od na\u0161ej minim\u00e1lnej objedn\u00e1vanej mno\u017estva 10 kusov.<\/p>\n<\/div>\n<p style=\"text-align: center;\"><img loading=\"lazy\" decoding=\"async\" class=\"alignnone wp-image-36668 size-full\" src=\"https:\/\/vapexyz.com\/wp-content\/uploads\/2024\/10\/MRVI-Bar-Mr8000-Puffs-2-3-5-Low-Nicotine-Original-Factory-14.webp\" alt=\"MRVI Bar Mr8000 Puffs Vysokokapacitn\u00e9 Jednor\u00e1zov\u00e9 Vapes Ve\u013ekoobchod\" width=\"1500\" height=\"1500\" title=\"\" srcset=\"https:\/\/vapexyz.com\/wp-content\/uploads\/2024\/10\/MRVI-Bar-Mr8000-Puffs-2-3-5-Low-Nicotine-Original-Factory-14.webp 1500w, https:\/\/vapexyz.com\/wp-content\/uploads\/2024\/10\/MRVI-Bar-Mr8000-Puffs-2-3-5-Low-Nicotine-Original-Factory-14-500x500.webp 500w, https:\/\/vapexyz.com\/wp-content\/uploads\/2024\/10\/MRVI-Bar-Mr8000-Puffs-2-3-5-Low-Nicotine-Original-Factory-14-1024x1024.webp 1024w, https:\/\/vapexyz.com\/wp-content\/uploads\/2024\/10\/MRVI-Bar-Mr8000-Puffs-2-3-5-Low-Nicotine-Original-Factory-14-300x300.webp 300w, https:\/\/vapexyz.com\/wp-content\/uploads\/2024\/10\/MRVI-Bar-Mr8000-Puffs-2-3-5-Low-Nicotine-Original-Factory-14-768x768.webp 768w, https:\/\/vapexyz.com\/wp-content\/uploads\/2024\/10\/MRVI-Bar-Mr8000-Puffs-2-3-5-Low-Nicotine-Original-Factory-14-12x12.webp 12w, https:\/\/vapexyz.com\/wp-content\/uploads\/2024\/10\/MRVI-Bar-Mr8000-Puffs-2-3-5-Low-Nicotine-Original-Factory-14-400x400.webp 400w, https:\/\/vapexyz.com\/wp-content\/uploads\/2024\/10\/MRVI-Bar-Mr8000-Puffs-2-3-5-Low-Nicotine-Original-Factory-14-600x600.webp 600w, https:\/\/vapexyz.com\/wp-content\/uploads\/2024\/10\/MRVI-Bar-Mr8000-Puffs-2-3-5-Low-Nicotine-Original-Factory-14-148x148.webp 148w\" sizes=\"auto, (max-width: 1500px) 100vw, 1500px\" \/><\/p>\n<p>Pripojte sa k tis\u00edcom spokojn\u00fdch maloobchodn\u00edkov a jednotlivcov, ktor\u00ed pre\u0161li na profesion\u00e1lne jednorazov\u00e9 vapes. MRVI Bar Mr8000 Puffs je viac ne\u017e len zariadenie; je to z\u00e1v\u00e4zok k kvalite a dlhej \u017eivotnosti. Objednajte si dnes na VapeXYZ a za\u017eite rozdiel, ktor\u00fd znamen\u00e1 8 rokov vedenia v odvetv\u00ed.<\/p>\n<\/article>","protected":false},"excerpt":{"rendered":"<p>MRVI Bar Mr8000 Puffs Nab\u00edjate\u013en\u00e1 Jednorazov\u00e1 Vape od Vapexyz poskytuje roz\u0161\u00edren\u00fd 8000-puff z\u00e1\u017eitok s bohat\u00fdmi chu\u0165ami, nab\u00edjate\u013enou 650mAh bat\u00e9riou a viacer\u00fdmi \u00farov\u0148ami sily, ide\u00e1lna pre jednotliv\u00fdch vaperov a ve\u013ekoobchodn\u00fdch kupuj\u00facich, ktor\u00ed h\u013eadaj\u00fa kvalitu a pohodlie.<\/p>","protected":false},"featured_media":36669,"comment_status":"open","ping_status":"closed","template":"","meta":{"_lmt_disableupdate":"no","_lmt_disable":""},"product_brand":[],"product_cat":[974,1008,947,1019,935,934,927,929,928,930,933,939,932,938,931,936,937,1017,946,1023,1025,1026,951,1028,1030,1031,1033,953,1037,987,1038],"product_tag":[],"class_list":{"0":"post-36667","1":"product","2":"type-product","3":"status-publish","4":"has-post-thumbnail","6":"product_cat-mrvi-disposable-vapes","7":"product_cat-8000-puff-vapes","8":"product_cat-big-puffs-vapes","9":"product_cat-blue-razz-flavor-disposable-vapes","10":"product_cat-bulk-buy-disposable-vapes-in-austria","11":"product_cat-bulk-buy-disposable-vapes-in-belgium","12":"product_cat-bulk-buy-disposable-vapes-in-europe","13":"product_cat-bulk-buy-disposable-vapes-in-france","14":"product_cat-bulk-buy-disposable-vapes-in-germany","15":"product_cat-bulk-buy-disposable-vapes-in-italy","16":"product_cat-bulk-buy-disposable-vapes-in-netherlands","17":"product_cat-bulk-buy-disposable-vapes-in-norway","18":"product_cat-bulk-buy-disposable-vapes-in-poland","19":"product_cat-bulk-buy-disposable-vapes-in-portugal","20":"product_cat-bulk-buy-disposable-vapes-in-spain","21":"product_cat-bulk-buy-disposable-vapes-in-sweden","22":"product_cat-bulk-buy-disposable-vapes-in-switzerland","23":"product_cat-buy-best-disposable-vape-flavors","24":"product_cat-disposable-vapes-series","25":"product_cat-grape-flavor-disposable-vapes","26":"product_cat-ice-flavor-disposable-vapes","27":"product_cat-kiwi-flavor-disposable-vapes","28":"product_cat-lower-nicotine-vapes","29":"product_cat-lush-flavor-disposable-vapes","30":"product_cat-mint-flavor-disposable-vapes","31":"product_cat-mixed-berries-flavor-disposable-vapes","32":"product_cat-peach-flavor-disposable-vapes","33":"product_cat-rechargeable-vapes","34":"product_cat-strawberry-flavor-disposable-vapes","35":"product_cat-vape-shop-by-puffs","36":"product_cat-watermelon-flavor-disposable-vapes","38":"first","39":"outofstock","40":"shipping-taxable","41":"purchasable","42":"product-type-variable","43":"has-default-attributes"},"jetpack_sharing_enabled":true,"tiered_pricing_type":"fixed","tiered_pricing_fixed_rules":[],"tiered_pricing_product_settings":{"layout":"default","base_unit_name":{"singular":null,"plural":null},"default_variation":null},"tiered_pricing_minimum_quantity":null,"tiered_pricing_roles_data":[],"tiered_pricing_percentage_rules":[],"tiered_pricing_maximum_quantity":null,"tiered_pricing_quantity_step":null,"_links":{"self":[{"href":"https:\/\/vapexyz.com\/sk\/wp-json\/wp\/v2\/product\/36667","targetHints":{"allow":["GET"]}}],"collection":[{"href":"https:\/\/vapexyz.com\/sk\/wp-json\/wp\/v2\/product"}],"about":[{"href":"https:\/\/vapexyz.com\/sk\/wp-json\/wp\/v2\/types\/product"}],"replies":[{"embeddable":true,"href":"https:\/\/vapexyz.com\/sk\/wp-json\/wp\/v2\/comments?post=36667"}],"wp:featuredmedia":[{"embeddable":true,"href":"https:\/\/vapexyz.com\/sk\/wp-json\/wp\/v2\/media\/36669"}],"wp:attachment":[{"href":"https:\/\/vapexyz.com\/sk\/wp-json\/wp\/v2\/media?parent=36667"}],"wp:term":[{"taxonomy":"product_brand","embeddable":true,"href":"https:\/\/vapexyz.com\/sk\/wp-json\/wp\/v2\/product_brand?post=36667"},{"taxonomy":"product_cat","embeddable":true,"href":"https:\/\/vapexyz.com\/sk\/wp-json\/wp\/v2\/product_cat?post=36667"},{"taxonomy":"product_tag","embeddable":true,"href":"https:\/\/vapexyz.com\/sk\/wp-json\/wp\/v2\/product_tag?post=36667"}],"curies":[{"name":"wp","href":"https:\/\/api.w.org\/{rel}","templated":true}]}}