{"id":36304,"date":"2024-10-26T13:18:58","date_gmt":"2024-10-26T13:18:58","guid":{"rendered":"https:\/\/vapexyz.com\/?post_type=product&#038;p=36304"},"modified":"2026-03-03T00:45:16","modified_gmt":"2026-03-03T00:45:16","slug":"mrvi-arting-18000-potiahnuti-dualnym-sietovym-displejom-na-celu-obrazovku-2-5-s-nizkym-obsahom-nikotinu-originalne-tovarenske-hromadne-nakupy-nabijatelne-jednorazove-pero-velkoobchod","status":"publish","type":"product","link":"https:\/\/vapexyz.com\/sk\/product\/mrvi-arting-18000-puffs-dual-mesh-full-screen-display-2-5-low-nicotine-original-factory-bulk-buy-rechargeable-disposable-vapes-pen-wholesale\/","title":{"rendered":"MRVI Arting 18000 Puffov Dvojit\u00e1 Mesh Cel\u00e1 Obrazovka Zobrazenie Hromadn\u00fd N\u00e1kup Nab\u00edjate\u013en\u00e9 Jednorazov\u00e9 Vapes Ve\u013ekoobchod"},"content":{"rendered":"<article style=\"font-family: -apple-system, BlinkMacSystemFont, 'Segoe UI', Roboto, Oxygen, Ubuntu, Cantarell, 'Open Sans', 'Helvetica Neue', sans-serif; line-height: 1.6; color: #333; max-width: 100%; margin: 0 auto; padding: 20px;\">\n<div style=\"text-align: center; margin-bottom: 30px;\">\n<div style=\"width: 1020px;\" class=\"wp-video\"><video class=\"wp-video-shortcode\" id=\"video-36304-1\" width=\"1020\" height=\"574\" preload=\"metadata\" controls=\"controls\"><source type=\"video\/mp4\" src=\"https:\/\/vapexyz.com\/wp-content\/uploads\/2024\/10\/MRVI-Arting-18000-Puffs-Dual-Mesh-Full-Screen-Display-2-5-Low-Nicotine-Bulk-Buy-Rechargeable-Disposable-Vapes-2.mp4?_=1\" \/><a href=\"https:\/\/vapexyz.com\/wp-content\/uploads\/2024\/10\/MRVI-Arting-18000-Puffs-Dual-Mesh-Full-Screen-Display-2-5-Low-Nicotine-Bulk-Buy-Rechargeable-Disposable-Vapes-2.mp4\">https:\/\/vapexyz.com\/wp-content\/uploads\/2024\/10\/MRVI-Arting-18000-Puffs-Dual-Mesh-Full-Screen-Display-2-5-Low-Nicotine-Bulk-Buy-Rechargeable-Disposable-Vapes-2.mp4<\/a><\/video><\/div>\n<\/div>\n<h2 style=\"color: #2c3e50; border-bottom: 2px solid #3498db; padding-bottom: 10px; margin-top: 40px;\">MRVI Arting 18000 Puffs: Komplexn\u00e1 technick\u00e1 anal\u00fdza a sprievodca ve\u013ekoobchodn\u00fdm z\u00e1sobovan\u00edm<\/h2>\n<p style=\"font-size: 1.1em; margin-bottom: 20px;\">V r\u00fdchlo sa vyv\u00edjaj\u00facom prostred\u00ed pokro\u010dil\u00fdch jednorazov\u00fdch vapeov s\u00fa in\u017einierska presnos\u0165, konzistentn\u00fd v\u00fdkon a spo\u013eahliv\u00e9 dod\u00e1vate\u013esk\u00e9 re\u0165azce prvorad\u00e9 pre maloobchodn\u00fd \u00faspech. MRVI Arting 18000 Puffs sa objavuje ako vlajkov\u00e1 lo\u010f zariadenia navrhnut\u00e9ho pre vysokokapacitn\u00fd segment trhu. Navrhnut\u00fd s du\u00e1lnou mesh architekt\u00farou a integrovan\u00fdm displejom telemetrie na cel\u00fa obrazovku, toto zariadenie vyhovuje spotrebite\u013eom, ktor\u00ed h\u013eadaj\u00fa dlh\u00fa \u017eivotnos\u0165 bez kompromisov vo v\u00fdrobe aromatick\u00e9ho v\u00fdstupu. VapeXYZ, vyu\u017e\u00edvaj\u00faci viac ako osemro\u010dn\u00fa odbornos\u0165 v medzin\u00e1rodnej distrib\u00facii, pon\u00faka toto pr\u00e9miov\u00e9 hardv\u00e9rov\u00e9 rie\u0161enie B2B klientom naprie\u010d Holandskom, Nemeckom, Belgickom, \u0160panielskom a \u0161ir\u0161\u00edm glob\u00e1lnym trhom. S dostupn\u00fdmi minim\u00e1lnymi objedn\u00e1vkov\u00fdmi mno\u017estvami za\u010d\u00ednaj\u00facimi u\u017e na 10 jednotk\u00e1ch, premos\u0165ujeme priepas\u0165 medzi pr\u00e9miovou v\u00fdrobou a lok\u00e1lnou maloobchodnou dokonalos\u0165ou.<\/p>\n<h3 style=\"color: #34495e; margin-top: 30px;\">Navrhnut\u00e9 pre odolnos\u0165: Technick\u00e9 \u0161pecifik\u00e1cie<\/h3>\n<p>Pre presn\u00e9 pos\u00fadenie \u017eivotaschopnosti jednorazov\u00fdch vapeov pre ve\u013ekoobchodn\u00fa distrib\u00faciu je potrebn\u00e9 d\u00f4kladn\u00e9 pochopenie ich \u0161truktur\u00e1lnych a elektronick\u00fdch \u0161pecifik\u00e1ci\u00ed. Zariadenie MRVI Arting je vyroben\u00e9 pomocou vysokokvalitn\u00fdch, potravin\u00e1rskych PCTG polym\u00e9rov a integrovan\u00fdch obvodov navrhnut\u00fdch na optimaliz\u00e1ciu spotreby energie po\u010das pred\u013a\u017eenej \u017eivotnosti.<\/p>\n<div style=\"overflow-x: auto; margin: 25px 0;\">\n<table style=\"border-collapse: collapse; width: 100%; min-width: 600px; box-shadow: 0 4px 6px rgba(0,0,0,0.05); border-radius: 8px; overflow: hidden;\">\n<thead>\n<tr style=\"background-color: #2c3e50; color: #ffffff; text-align: left;\">\n<th style=\"padding: 15px; font-weight: 600; border: 1px solid #1a252f;\">\u0160pecifika\u010dn\u00e1 kateg\u00f3ria<\/th>\n<th style=\"padding: 15px; font-weight: 600; border: 1px solid #1a252f;\">In\u017einierske podrobnosti<\/th>\n<\/tr>\n<\/thead>\n<tbody>\n<tr style=\"background-color: #f8f9fa;\">\n<td style=\"padding: 12px 15px; border: 1px solid #dee2e6; font-weight: 500;\">Rozmery zariadenia<\/td>\n<td style=\"padding: 12px 15px; border: 1px solid #dee2e6;\">43 mm (\u0160\u00edrka) x 23,7 mm (H\u013abka) x 99 mm (V\u00fd\u0161ka)<\/td>\n<\/tr>\n<tr style=\"background-color: #ffffff;\">\n<td style=\"padding: 12px 15px; border: 1px solid #dee2e6; font-weight: 500;\">Maxim\u00e1lny po\u010det aktiva\u010dn\u00fdch cyklov<\/td>\n<td style=\"padding: 12px 15px; border: 1px solid #dee2e6;\">a\u017e 18 000 aktiv\u00e1ci\u00ed (v z\u00e1vislosti na d\u013a\u017eke \u0165ahu a re\u017eime ohrevu)<\/td>\n<\/tr>\n<tr style=\"background-color: #f8f9fa;\">\n<td style=\"padding: 12px 15px; border: 1px solid #dee2e6; font-weight: 500;\">Kapacita n\u00e1dr\u017ee<\/td>\n<td style=\"padding: 12px 15px; border: 1px solid #dee2e6;\">26 ml optimalizovan\u00e1 propriet\u00e1rna formula<\/td>\n<\/tr>\n<tr style=\"background-color: #ffffff;\">\n<td style=\"padding: 12px 15px; border: 1px solid #dee2e6; font-weight: 500;\">Zdroj nap\u00e1jania<\/td>\n<td style=\"padding: 12px 15px; border: 1px solid #dee2e6;\">L\u00edtiov\u00e1 bat\u00e9ria 600mAh (nab\u00edjate\u013en\u00e1 cez Type-C PD)<\/td>\n<\/tr>\n<tr style=\"background-color: #f8f9fa;\">\n<td style=\"padding: 12px 15px; border: 1px solid #dee2e6; font-weight: 500;\">Koncentra\u010dn\u00e9 siln\u00e9 str\u00e1nky<\/td>\n<td style=\"padding: 12px 15px; border: 1px solid #dee2e6;\">K dispoz\u00edcii v akt\u00edvnych mo\u017enostiach zl\u00fa\u010deniny 2% a 5%<\/td>\n<\/tr>\n<tr style=\"background-color: #ffffff;\">\n<td style=\"padding: 12px 15px; border: 1px solid #dee2e6; font-weight: 500;\">Logistika a balenie Hmotnos\u0165<\/td>\n<td style=\"padding: 12px 15px; border: 1px solid #dee2e6;\">1 kus za maloobchodn\u00fa krabicu, 10 kusov za vitr\u00ednu, 200 kusov za hlavn\u00fa kart\u00f3nov\u00fa krabicu (Hrub\u00e1 hmotnos\u0165: 19 kg)<\/td>\n<\/tr>\n<\/tbody>\n<\/table>\n<\/div>\n<div style=\"text-align: center; margin: 40px 0;\"><img loading=\"lazy\" decoding=\"async\" class=\"alignnone wp-image-36339 size-full\" style=\"max-width: 100%; height: auto; border-radius: 12px; box-shadow: 0 8px 16px rgba(0,0,0,0.15);\" src=\"https:\/\/vapexyz.com\/wp-content\/uploads\/2024\/10\/MRVI-Arting-18000-Puffs-Dual-Mesh-Full-Screen-Display-2-5-Low-Nicotine-Original-Factory-14.webp\" alt=\"MRVI Arting 18000 Puffov Dvojit\u00e1 Mesh Cel\u00e1 Obrazovka Zobrazenie Origin\u00e1lny Tov\u00e1rensk\u00fd Hromadn\u00fd N\u00e1kup Nab\u00edjate\u013en\u00e9 Jednorazov\u00e9 Vapes Pero Ve\u013ekoobchod\" width=\"821\" height=\"930\" title=\"\" srcset=\"https:\/\/vapexyz.com\/wp-content\/uploads\/2024\/10\/MRVI-Arting-18000-Puffs-Dual-Mesh-Full-Screen-Display-2-5-Low-Nicotine-Original-Factory-14.webp 821w, https:\/\/vapexyz.com\/wp-content\/uploads\/2024\/10\/MRVI-Arting-18000-Puffs-Dual-Mesh-Full-Screen-Display-2-5-Low-Nicotine-Original-Factory-14-441x500.webp 441w, https:\/\/vapexyz.com\/wp-content\/uploads\/2024\/10\/MRVI-Arting-18000-Puffs-Dual-Mesh-Full-Screen-Display-2-5-Low-Nicotine-Original-Factory-14-768x870.webp 768w, https:\/\/vapexyz.com\/wp-content\/uploads\/2024\/10\/MRVI-Arting-18000-Puffs-Dual-Mesh-Full-Screen-Display-2-5-Low-Nicotine-Original-Factory-14-11x12.webp 11w, https:\/\/vapexyz.com\/wp-content\/uploads\/2024\/10\/MRVI-Arting-18000-Puffs-Dual-Mesh-Full-Screen-Display-2-5-Low-Nicotine-Original-Factory-14-600x680.webp 600w\" sizes=\"auto, (max-width: 821px) 100vw, 821px\" \/><\/div>\n<h2 style=\"color: #2c3e50; border-bottom: 2px solid #3498db; padding-bottom: 10px; margin-top: 40px;\">Empirick\u00e9 testovanie a protokoly zabezpe\u010denia kvality<\/h2>\n<p>Na rozdiel od \u0161tandardn\u00fdch propaga\u010dn\u00fdch tvrden\u00ed be\u017en\u00fdch v odvetv\u00ed, hodnotenie 18 000 aktiv\u00e1ci\u00ed modelu MRVI Arting je zakorenen\u00e9 v \u0161tandardizovan\u00fdch pneumatick\u00fdch laborat\u00f3rnych testoch. Po\u010das f\u00e1zy zabezpe\u010denia kvality automatizovan\u00e9 stroje na simul\u00e1ciu \u0165ahu aplikuj\u00fa konzistentn\u00fd z\u00e1porn\u00fd tlak (meran\u00fd v Pascaloch) po\u010das \u0161tandardizovan\u00fdch \u010dasov\u00fdch obdob\u00ed (zvy\u010dajne 1,5 a\u017e 2 sekundy na aktiv\u00e1ciu), aby overili \u017eivotnos\u0165 26 ml z\u00e1sobn\u00edka oproti \u00fa\u010dinnosti zdroja energie.<\/p>\n<p>Okrem toho podstupuje 600mAh l\u00edtium-i\u00f3nov\u00e1 bat\u00e9ria rigor\u00f3zne testovanie za\u0165a\u017eenia, aby sa zabezpe\u010dili bezpe\u010dn\u00e9 r\u00fdchlosti vyb\u00edjania. Kontrola kvality vy\u017eaduje, aby bat\u00e9ria si zachovala viac ako 80% svojej celkovej kapacity nab\u00edjania po\u010das viacer\u00fdch cyklov nab\u00edjania cez Type-C, \u010d\u00edm sa zabezpe\u010d\u00ed, \u017ee zariadenie zostane plne funk\u010dn\u00e9, k\u00fdm vn\u00fatorn\u00e1 z\u00e1sobn\u00edk nie je \u00faplne vy\u010derpan\u00fd. \u0160tandardn\u00e9 protokoly elektronickej bezpe\u010dnosti, vr\u00e1tane ochrany proti pre\u0165a\u017eeniu, prevencie skratov a n\u00edzkonap\u00e4\u0165ov\u00fdch odpojova\u010dov, s\u00fa zabudovan\u00e9 do mikro\u010dipu zariadenia, v s\u00falade s medzin\u00e1rodn\u00fdmi smernicami CE a RoHS pre elektronick\u00e9 v\u00fdrobky.<\/p>\n<h3 style=\"color: #34495e; margin-top: 30px;\">Dvojit\u00e1 sie\u0165 termodynamiky a \u0161tvor\u00farov\u0148ov\u00e9 vykurovanie<\/h3>\n<p>Jadrov\u00e1 inov\u00e1cia MRVI Arting spo\u010d\u00edva v jeho pokro\u010dilej architekt\u00fare dvojitej sie\u0165ovej cievky. Tradi\u010dn\u00e9 jednovidov\u00e9 vykurovacie prvky \u010dasto trpia lokalizovan\u00fdmi hor\u00facimi miestami, \u010do vedie k degrad\u00e1cii akt\u00edvnej formule a ohrozeniu v\u00fdstupu. Dvojit\u00fd sie\u0165ov\u00fd syst\u00e9m roz\u0161iruje celkov\u00fa povrchov\u00fa plochu v kontakte s vn\u00fatorn\u00fdm materi\u00e1lom na odvod vlhkosti. To umo\u017e\u0148uje r\u00fdchle a rovnomern\u00e9 rozlo\u017eenie tepla cez 26 ml z\u00e1sobn\u00edk.<\/p>\n<p>Efekt\u00edvnym riaden\u00edm tepelnej dynamiky zariadenie zabra\u0148uje prehriatiu vn\u00fatorn\u00fdch zl\u00fa\u010den\u00edn. Okrem toho MRVI Arting obsahuje \u0161tyri volite\u013en\u00e9 re\u017eimy vykurovania. Tieto re\u017eimy upravuj\u00fa v\u00fdstupn\u00fa v\u00fdkonnos\u0165, \u010do umo\u017e\u0148uje pou\u017e\u00edvate\u013eovi empiricky kontrolova\u0165 hustotu vytvoren\u00e9ho aeros\u00f3lu v porovnan\u00ed s intenzitou aromatick\u00e9ho profilu. Tento prisp\u00f4sobite\u013en\u00fd syst\u00e9m dod\u00e1vky energie zabezpe\u010duje vysok\u00fa \u00fa\u010dinnos\u0165 a minimalizuje odpad vzorca.<\/p>\n<h3 style=\"color: #34495e; margin-top: 30px;\">Vizu\u00e1lna telemetria: Zobrazenie na cel\u00fa obrazovku<\/h3>\n<p>Rie\u0161en\u00edm be\u017en\u00e9ho bodu trenia spotrebite\u013eov, ktor\u00fdm je nepredv\u00eddate\u013en\u00e9 vy\u010derpanie zariadenia, MRVI Arting za\u010dle\u0148uje integrovan\u00fd celoobrazovkov\u00fd displej. Tento syst\u00e9m telemetrie LED poskytuje \u00fadaje v re\u00e1lnom \u010dase a empirick\u00e9 \u00fadaje t\u00fdkaj\u00face sa dvoch kritick\u00fdch ukazovate\u013eov: zost\u00e1vaj\u00faceho nap\u00e4tia bat\u00e9rie a odhadovan\u00e9ho zvy\u0161kov\u00e9ho objemu vn\u00fatorn\u00e9ho z\u00e1sobn\u00edka. T\u00e1to transparentnos\u0165 eliminuje dohady a zvy\u0161uje d\u00f4veru pou\u017e\u00edvate\u013eov, \u010d\u00edm sa zni\u017euje pravdepodobnos\u0165 pred\u010dasn\u00e9ho vyradenia zariadenia.<\/p>\n<h2 style=\"color: #2c3e50; border-bottom: 2px solid #3498db; padding-bottom: 10px; margin-top: 40px;\">Kuratovan\u00e9 aromatick\u00e9 profily pre \u0161irok\u00fa trhov\u00fa pr\u00ed\u0165a\u017elivos\u0165<\/h2>\n<p>Aby sa zabezpe\u010dili vysok\u00e9 miery obratu pre maloobchodn\u00fdch partnerov, je MRVI Arting jednor\u00e1zov\u00e1 vape pon\u00fakan\u00e1 v d\u00f4kladne formulovanej \u0161k\u00e1le senzorick\u00fdch profilov. Ka\u017ed\u00e1 zmes je vytvoren\u00e1 pomocou vysokopurity, potravin\u00e1rskych aromatick\u00fdch extraktov, ktor\u00e9 s\u00fa navrhnut\u00e9 tak, aby zostali stabiln\u00e9 a konzistentn\u00e9 od prv\u00e9ho aktivovania a\u017e po 18 000. S\u00fa\u010dasn\u00e9 ve\u013ekoobchodn\u00e9 portf\u00f3lio obsahuje:<\/p>\n<ul style=\"list-style-type: none; padding: 0; display: flex; flex-wrap: wrap; gap: 10px; margin-top: 20px;\">\n<li style=\"background-color: #f1f8ff; border: 1px solid #b8daff; padding: 10px 20px; border-radius: 20px; font-weight: 500; color: #004085; flex: 1 1 calc(33.333% - 10px); text-align: center; box-sizing: border-box;\">Modr\u00e1 malinov\u00e1 zmrzlina<\/li>\n<li style=\"background-color: #f1f8ff; border: 1px solid #b8daff; padding: 10px 20px; border-radius: 20px; font-weight: 500; color: #004085; flex: 1 1 calc(33.333% - 10px); text-align: center; box-sizing: border-box;\">Anan\u00e1s Jahoda Ban\u00e1n<\/li>\n<li style=\"background-color: #f1f8ff; border: 1px solid #b8daff; padding: 10px 20px; border-radius: 20px; font-weight: 500; color: #004085; flex: 1 1 calc(33.333% - 10px); text-align: center; box-sizing: border-box;\">Peach Mango<\/li>\n<li style=\"background-color: #f1f8ff; border: 1px solid #b8daff; padding: 10px 20px; border-radius: 20px; font-weight: 500; color: #004085; flex: 1 1 calc(33.333% - 10px); text-align: center; box-sizing: border-box;\">Mel\u00f3nov\u00e1 zmrzlina<\/li>\n<li style=\"background-color: #f1f8ff; border: 1px solid #b8daff; padding: 10px 20px; border-radius: 20px; font-weight: 500; color: #004085; flex: 1 1 calc(33.333% - 10px); text-align: center; box-sizing: border-box;\">Strawberry Kiwi Ice Cream<\/li>\n<li style=\"background-color: #f1f8ff; border: 1px solid #b8daff; padding: 10px 20px; border-radius: 20px; font-weight: 500; color: #004085; flex: 1 1 calc(33.333% - 10px); text-align: center; box-sizing: border-box;\">\u010cere\u0161\u0148ov\u00fd mel\u00f3n<\/li>\n<li style=\"background-color: #f1f8ff; border: 1px solid #b8daff; padding: 10px 20px; border-radius: 20px; font-weight: 500; color: #004085; flex: 1 1 calc(33.333% - 10px); text-align: center; box-sizing: border-box;\">Hroznov\u00e1 zmrzlina<\/li>\n<li style=\"background-color: #f1f8ff; border: 1px solid #b8daff; padding: 10px 20px; border-radius: 20px; font-weight: 500; color: #004085; flex: 1 1 calc(33.333% - 10px); text-align: center; box-sizing: border-box;\">Zmrzlina z jab\u013ak Fuji<\/li>\n<li style=\"background-color: #f1f8ff; border: 1px solid #b8daff; padding: 10px 20px; border-radius: 20px; font-weight: 500; color: #004085; flex: 1 1 calc(33.333% - 10px); text-align: center; box-sizing: border-box;\">Lemon Lemon<\/li>\n<li style=\"background-color: #f1f8ff; border: 1px solid #b8daff; padding: 10px 20px; border-radius: 20px; font-weight: 500; color: #004085; flex: 1 1 calc(33.333% - 10px); text-align: center; box-sizing: border-box;\">Blackberry Brusnica<\/li>\n<\/ul>\n<h2 style=\"color: #2c3e50; border-bottom: 2px solid #3498db; padding-bottom: 10px; margin-top: 40px;\">Autorita a d\u00f4vera: V\u00fdhoda VapeXYZ Wholesale<\/h2>\n<p>Z\u00edskavanie jednorazov\u00fdch vaporiz\u00e9rov pre maloobchodn\u00e9 prostredie vy\u017eaduje dod\u00e1vate\u013ea s dokumentovanou autoritou v odvetv\u00ed. VapeXYZ s viac ako \u00f4smimi rokmi sk\u00fasenost\u00ed v glob\u00e1lnej distrib\u00facii funguje nielen ako dod\u00e1vate\u013e, ale ako k\u013e\u00fa\u010dov\u00fd \u010dl\u00e1nok vo va\u0161ej infra\u0161trukt\u00fare dod\u00e1vate\u013esk\u00e9ho re\u0165azca. N\u00e1\u0161 opera\u010dn\u00fd model je zalo\u017een\u00fd na hlbok\u00fdch vz\u0165ahoch s prim\u00e1rnymi v\u00fdrobn\u00fdch zariadeniami, \u010do n\u00e1m umo\u017e\u0148uje ob\u00eds\u0165 sprostredkovate\u013esk\u00e9 prir\u00e1\u017eky a prenies\u0165 overite\u013en\u00e9 \u00faspory n\u00e1kladov priamo do v\u00e1\u0161ho podnikania.<\/p>\n<p>Na\u0161e odhodlanie k prev\u00e1dzkovej dokonalosti je dolo\u017een\u00e9 na\u0161imi optimalizovan\u00fdmi logistick\u00fdmi sie\u0165ami naprie\u010d Eur\u00f3pou. \u010ci u\u017e dop\u013a\u0148ate z\u00e1soby butikov\u00e9ho obchodu v \u0160panielsku alebo riadite ve\u013ekoplo\u0161n\u00e9 distribu\u010dn\u00e9 centrum v Nemecku, na\u0161e n\u00edzke minim\u00e1lne po\u017eiadavky na objedn\u00e1vku (10 kusov) umo\u017e\u0148uj\u00fa agiln\u00e9 riadenie z\u00e1sob, \u010do maloobchodn\u00edkom umo\u017e\u0148uje otestova\u0165 reakcie trhu na nov\u00e9 profily bez z\u00e1v\u00e4zku vo\u010di mas\u00edvnym kapit\u00e1lov\u00fdm v\u00fddavkom. Pre podnikov\u00fdch klientov na\u0161a logistika hlavn\u00fdch kart\u00f3nov (200 jednotiek pri 19 kg) zabezpe\u010duje vysoko efekt\u00edvne v\u00fdpo\u010dty n\u00e1kladov na dopravu.<\/p>\n<div style=\"background-color: #f4f6f9; border-left: 6px solid #28a745; padding: 20px; margin: 30px 0; border-radius: 0 8px 8px 0; box-shadow: 0 2px 5px rgba(0,0,0,0.05);\">\n<h4 style=\"margin-top: 0; color: #155724; font-size: 1.2em; border-bottom: 1px solid #c3e6cb; padding-bottom: 10px;\">K\u013e\u00fa\u010dov\u00e9 znalosti strategick\u00e9ho odvetvia<\/h4>\n<ul style=\"margin-bottom: 0; padding-left: 20px; color: #155724;\">\n<li style=\"margin-bottom: 10px;\">Valid\u00e1cia bezpe\u010dnosti materi\u00e1lu: Z\u00e1kladn\u00fd podvozok MRVI Arting vyu\u017e\u00edva PCTG (polycyklohexyl\u00e9ndimetyl\u00e9ntereftal\u00e1tov\u00fd glykol), priemyseln\u00fd \u0161tandardn\u00fd technick\u00fd plast uzn\u00e1van\u00fd pre svoju vysok\u00fa tepeln\u00fa odolnos\u0165 a chemick\u00fa stabilitu, ktor\u00fd zabra\u0148uje \u0161truktur\u00e1lnej degrad\u00e1cii pri vystaven\u00ed aeros\u00f3lov\u00fdm formul\u00e1m.<\/li>\n<li style=\"margin-bottom: 10px;\">Optim\u00e1lne parametre skladovania: Aby sa zachovala integrita 600mAh l\u00edtium-i\u00f3nov\u00fdch \u010dl\u00e1nkov a 26 ml aromatick\u00e9ho z\u00e1sobn\u00edka pred maloobchodn\u00fdm predajom, malo by by\u0165 hromadn\u00e9 z\u00e1soby skladovan\u00e9 v klimaticky kontrolovan\u00fdch prostrediach medzi 15\u00b0C a 25\u00b0C, mimo priameho ultrafialov\u00e9ho \u017eiarenia.<\/li>\n<li style=\"margin-bottom: 0;\">Environment\u00e1lna zhoda: Preto\u017ee tieto jednotky obsahuj\u00fa l\u00edtium-i\u00f3nov\u00e9 v\u00fdkonov\u00e9 \u010dl\u00e1nky, mali by by\u0165 kone\u010dn\u00ed pou\u017e\u00edvatelia pou\u010den\u00ed o spr\u00e1vnych met\u00f3dach likvid\u00e1cie elektronick\u00e9ho odpadu v s\u00falade s miestnymi smernicami o recykl\u00e1cii obce, \u010d\u00edm sa zn\u00ed\u017ei environment\u00e1lna stopa vysokokapacitn\u00fdch zariaden\u00ed.<\/li>\n<\/ul>\n<\/div>\n<h2 style=\"color: #2c3e50; border-bottom: 2px solid #3498db; padding-bottom: 10px; margin-top: 40px;\">Z\u00e1kladn\u00e9 k\u013e\u00fa\u010dov\u00e9 body a \u010dasto kladen\u00e9 ot\u00e1zky pre B2B<\/h2>\n<div style=\"display: flex; flex-direction: column; gap: 15px; margin-top: 25px;\">\n<div style=\"border: 1px solid #e2e8f0; border-radius: 8px; padding: 18px; background-color: #ffffff; box-shadow: 0 2px 4px rgba(0,0,0,0.02);\">\n<h4 style=\"margin: 0 0 10px 0; color: #2d3748; font-size: 1.1em;\">Ak\u00e1 je minim\u00e1lna objedn\u00e1vkov\u00e1 mno\u017estvo (MOQ) pre MRVI Arting cez VapeXYZ?<\/h4>\n<p style=\"margin: 0; color: #4a5568;\">VapeXYZ udr\u017eiava vysoko dostupn\u00fd prah B2B, ktor\u00fd vy\u017eaduje minim\u00e1lnu objedn\u00e1vkov\u00fa mno\u017estvo (MOQ) len 10 kusov. T\u00e1to politika je navrhnut\u00e1 tak, aby podporila mal\u00e9 nez\u00e1visl\u00e9 maloobchodn\u00edky aj ve\u013ek\u00fdch distrib\u00fatorov, ktor\u00ed chc\u00fa vysk\u00fa\u0161a\u0165 nov\u00e9 hardv\u00e9ry predt\u00fdm, ako sa zavia\u017eu k objedn\u00e1vkam v rozsahu paliet.<\/p>\n<\/div>\n<div style=\"border: 1px solid #e2e8f0; border-radius: 8px; padding: 18px; background-color: #ffffff; box-shadow: 0 2px 4px rgba(0,0,0,0.02);\">\n<h4 style=\"margin: 0 0 10px 0; color: #2d3748; font-size: 1.1em;\">Ako funguje \u0161tvor\u00farov\u0148ov\u00fd syst\u00e9m vykurovania?<\/h4>\n<p style=\"margin: 0; color: #4a5568;\">Vn\u00fatorn\u00fd mikrokontrol\u00e9r umo\u017e\u0148uje pou\u017e\u00edvate\u013eom prep\u00edna\u0165 medzi \u0161tyrmi r\u00f4znymi \u00farov\u0148ami v\u00fdkonu. To systematicky men\u00ed tepeln\u00fa energiu aplikovan\u00fa na du\u00e1lnu mesh cievku. Ni\u017e\u0161ie nastavenia \u0161etria vn\u00fatorn\u00fd vzorec a bat\u00e9riu, v\u00fdsledkom \u010doho je chladnej\u0161\u00ed \u0165ah, zatia\u013e \u010do vy\u0161\u0161ie nastavenia zvy\u0161uj\u00fa r\u00fdchlos\u0165 odparovania pre hustej\u0161\u00ed v\u00fdstup a intenz\u00edvnej\u0161ie senzorick\u00e9 profily.<\/p>\n<\/div>\n<div style=\"border: 1px solid #e2e8f0; border-radius: 8px; padding: 18px; background-color: #ffffff; box-shadow: 0 2px 4px rgba(0,0,0,0.02);\">\n<h4 style=\"margin: 0 0 10px 0; color: #2d3748; font-size: 1.1em;\">Existuj\u00fa \u0161pecifick\u00e9 po\u017eiadavky na v\u00fdkon pre nab\u00edjanie 600mAh bat\u00e9rie?<\/h4>\n<p style=\"margin: 0; color: #4a5568;\">Zariadenie je navrhnut\u00e9 so \u0161tandardn\u00fdm portom Type-C podporuj\u00facim \u0161tandardn\u00fd vstup 5V\/1A. Odpor\u00fa\u010da sa pou\u017e\u00edva\u0165 \u0161tandardn\u00e9 komer\u010dn\u00e9 nab\u00edjacie bloky namiesto vysokovoltov\u00fdch r\u00fdchlonab\u00edja\u010diek ur\u010den\u00fdch pre notebooky, preto\u017ee riaden\u00fd vstup zabezpe\u010duje dlh\u00fa \u017eivotnos\u0165 a bezpe\u010dnos\u0165 kompaktn\u00e9ho vn\u00fatorn\u00e9ho l\u00edtium-i\u00f3nov\u00e9ho \u010dl\u00e1nku po\u010das jeho ur\u010denej \u017eivotnosti.<\/p>\n<\/div>\n<div style=\"border: 1px solid #e2e8f0; border-radius: 8px; padding: 18px; background-color: #ffffff; box-shadow: 0 2px 4px rgba(0,0,0,0.02);\">\n<h4 style=\"margin: 0 0 10px 0; color: #2d3748; font-size: 1.1em;\">Ako VapeXYZ zabezpe\u010duje spo\u013eahliv\u00fa prepravu pre ve\u013ekoobchodn\u00e9 objedn\u00e1vky?<\/h4>\n<p style=\"margin: 0; color: #4a5568;\">V\u010faka osemro\u010dn\u00fdm sk\u00fasenostiam v oblasti dod\u00e1vate\u013esk\u00e9ho re\u0165azca vyu\u017e\u00edva VapeXYZ robustn\u00e9 protokoly balenia. \u0160tandardn\u00e9 hlavn\u00e9 kart\u00f3ny obsahuj\u00fa 200 jednotiek a v\u00e1\u017eia 19 kg, \u0161truktur\u00e1lne vystu\u017een\u00e9, aby sa zabr\u00e1nilo po\u0161kodeniu stla\u010den\u00edm po\u010das medzin\u00e1rodnej prepravy na k\u013e\u00fa\u010dov\u00e9 trhy, ako s\u00fa Holandsko, Nemecko, Belgicko a \u0160panielsko. Pou\u017e\u00edvame d\u00f4veryhodn\u00fdch prepravcov, ktor\u00ed maj\u00fa sk\u00fasenosti s bezpe\u010dnou manipul\u00e1ciou s elektronick\u00fdmi v\u00fdrobkami.<\/p>\n<\/div>\n<\/div>\n<\/article>","protected":false},"excerpt":{"rendered":"<p>Jednorazov\u00e1 Vape MRVI Arting 18000 Puffs pon\u00faka dlhotrvaj\u00faci v\u00fdkon s du\u00e1lnymi sie\u0165ov\u00fdmi cievkami, \u0161tyrmi re\u017eimami ohrevu a zobrazen\u00edm na celej obrazovke, ktor\u00e9 je mo\u017en\u00e9 zak\u00fapi\u0165 vo Vapexyz.<\/p>","protected":false},"featured_media":36305,"comment_status":"open","ping_status":"closed","template":"","meta":{"_lmt_disableupdate":"no","_lmt_disable":""},"product_brand":[],"product_cat":[974,997,1018,947,1019,935,934,927,929,928,930,933,939,932,938,931,936,937,1017,1021,949,946,950,1023,1025,1026,1027,951,1028,1029,1033,1034,1035,953,1037,987,1038],"product_tag":[],"class_list":{"0":"post-36304","1":"product","2":"type-product","3":"status-publish","4":"has-post-thumbnail","6":"product_cat-mrvi-disposable-vapes","7":"product_cat-18000-puff-vapes","8":"product_cat-apple-flavor-disposable-vapes","9":"product_cat-big-puffs-vapes","10":"product_cat-blue-razz-flavor-disposable-vapes","11":"product_cat-bulk-buy-disposable-vapes-in-austria","12":"product_cat-bulk-buy-disposable-vapes-in-belgium","13":"product_cat-bulk-buy-disposable-vapes-in-europe","14":"product_cat-bulk-buy-disposable-vapes-in-france","15":"product_cat-bulk-buy-disposable-vapes-in-germany","16":"product_cat-bulk-buy-disposable-vapes-in-italy","17":"product_cat-bulk-buy-disposable-vapes-in-netherlands","18":"product_cat-bulk-buy-disposable-vapes-in-norway","19":"product_cat-bulk-buy-disposable-vapes-in-poland","20":"product_cat-bulk-buy-disposable-vapes-in-portugal","21":"product_cat-bulk-buy-disposable-vapes-in-spain","22":"product_cat-bulk-buy-disposable-vapes-in-sweden","23":"product_cat-bulk-buy-disposable-vapes-in-switzerland","24":"product_cat-buy-best-disposable-vape-flavors","25":"product_cat-cherry-flavor-disposable-vapes","26":"product_cat-digital-box-vapes","27":"product_cat-disposable-vapes-series","28":"product_cat-dual-mesh-vapes","29":"product_cat-grape-flavor-disposable-vapes","30":"product_cat-ice-flavor-disposable-vapes","31":"product_cat-kiwi-flavor-disposable-vapes","32":"product_cat-lemon-flavor-disposable-vapes","33":"product_cat-lower-nicotine-vapes","34":"product_cat-lush-flavor-disposable-vapes","35":"product_cat-mango-flavor-disposable-vapes","36":"product_cat-peach-flavor-disposable-vapes","37":"product_cat-pineapple-flavor-disposable-vapes","38":"product_cat-raspberry-flavor-disposable-vapes","39":"product_cat-rechargeable-vapes","40":"product_cat-strawberry-flavor-disposable-vapes","41":"product_cat-vape-shop-by-puffs","42":"product_cat-watermelon-flavor-disposable-vapes","44":"first","45":"outofstock","46":"shipping-taxable","47":"purchasable","48":"product-type-variable","49":"has-default-attributes"},"jetpack_sharing_enabled":true,"tiered_pricing_type":"fixed","tiered_pricing_fixed_rules":[],"tiered_pricing_product_settings":{"layout":"default","base_unit_name":{"singular":null,"plural":null},"default_variation":null},"tiered_pricing_minimum_quantity":null,"tiered_pricing_roles_data":[],"tiered_pricing_percentage_rules":[],"tiered_pricing_maximum_quantity":null,"tiered_pricing_quantity_step":null,"_links":{"self":[{"href":"https:\/\/vapexyz.com\/sk\/wp-json\/wp\/v2\/product\/36304","targetHints":{"allow":["GET"]}}],"collection":[{"href":"https:\/\/vapexyz.com\/sk\/wp-json\/wp\/v2\/product"}],"about":[{"href":"https:\/\/vapexyz.com\/sk\/wp-json\/wp\/v2\/types\/product"}],"replies":[{"embeddable":true,"href":"https:\/\/vapexyz.com\/sk\/wp-json\/wp\/v2\/comments?post=36304"}],"wp:featuredmedia":[{"embeddable":true,"href":"https:\/\/vapexyz.com\/sk\/wp-json\/wp\/v2\/media\/36305"}],"wp:attachment":[{"href":"https:\/\/vapexyz.com\/sk\/wp-json\/wp\/v2\/media?parent=36304"}],"wp:term":[{"taxonomy":"product_brand","embeddable":true,"href":"https:\/\/vapexyz.com\/sk\/wp-json\/wp\/v2\/product_brand?post=36304"},{"taxonomy":"product_cat","embeddable":true,"href":"https:\/\/vapexyz.com\/sk\/wp-json\/wp\/v2\/product_cat?post=36304"},{"taxonomy":"product_tag","embeddable":true,"href":"https:\/\/vapexyz.com\/sk\/wp-json\/wp\/v2\/product_tag?post=36304"}],"curies":[{"name":"wp","href":"https:\/\/api.w.org\/{rel}","templated":true}]}}