{"id":31465,"date":"2024-08-21T14:08:39","date_gmt":"2024-08-21T14:08:39","guid":{"rendered":"https:\/\/vapexyz.com\/?post_type=product&#038;p=31465"},"modified":"2026-03-03T03:46:01","modified_gmt":"2026-03-03T03:46:01","slug":"aivono-aim-gun-7000-slukov-0-2-3-5-hromadny-nakup-nizko-nikotinovych-dobijacich-jednorazovych-pero-velkoobchodny-predaj","status":"publish","type":"product","link":"https:\/\/vapexyz.com\/sk\/product\/aivono-aim-gun-7000-puffs-0-2-3-5-bulk-buy-low-nicotine-rechargeable-disposable-vapes-pen-wholesale\/","title":{"rendered":"AIVONO AIM GUN 7000 Puffov Nab\u00edjate\u013en\u00e9 Jednorazov\u00e9 Vapes Ve\u013ekoobchod"},"content":{"rendered":"<article style=\"font-family: 'Helvetica Neue', Helvetica, Arial, sans-serif; line-height: 1.8; color: #2c3e50; padding: 20px; max-width: 100%; margin: 0 auto;\"><div style=\"width: 1020px;\" class=\"wp-video\"><video class=\"wp-video-shortcode\" id=\"video-31465-1\" width=\"1020\" height=\"574\" preload=\"metadata\" controls=\"controls\"><source type=\"video\/mp4\" src=\"https:\/\/vapexyz.com\/wp-content\/uploads\/2024\/08\/AIVONO-AIM-GUN-7000-Puff-2.mp4?_=1\" \/><a href=\"https:\/\/vapexyz.com\/wp-content\/uploads\/2024\/08\/AIVONO-AIM-GUN-7000-Puff-2.mp4\">https:\/\/vapexyz.com\/wp-content\/uploads\/2024\/08\/AIVONO-AIM-GUN-7000-Puff-2.mp4<\/a><\/video><\/div>\n<h2 style=\"color: #1a252f; border-bottom: 2px solid #3498db; padding-bottom: 10px; margin-top: 30px;\">AIVONO AIM GUN 7000 Puffov: Vapingov\u00e9 in\u017einierstvo novej gener\u00e1cie<\/h2>\n<p style=\"font-size: 16px;\">Vitajte pri AIVONO AIM GUN 7000 Puffs, sofistikovanom jednorazovom vape zariaden\u00ed navrhnutom pre optim\u00e1lny v\u00fdkon a konzistenciu. Navrhnut\u00e9 pre za\u010diato\u010dn\u00edkov aj sk\u00fasen\u00fdch nad\u0161encov, toto jednorazov\u00e9 vape zariadenie kombinuje vysokokapacitn\u00fa funk\u010dnos\u0165 s ergonomick\u00fdm dizajnom. Dostupn\u00e9 v\u00fdlu\u010dne cez VapeXYZ, d\u00f4veryhodn\u00e9ho distrib\u00fatora s viac ako \u00f4smimi rokmi overenej excelencie v dod\u00e1vate\u013eskom re\u0165azci, toto zariadenie predstavuje spojenie spo\u013eahliv\u00e9ho hardv\u00e9ru a pokro\u010dil\u00e9ho senzorick\u00e9ho doru\u010denia.<\/p>\n<h3 style=\"color: #2980b9; margin-top: 25px;\">Pre\u010do si vybra\u0165 AIVONO jednorazov\u00e9 vapesy?<\/h3>\n<p style=\"font-size: 16px;\">S\u00e9ria AIVONO AIM GUN z\u00e1sadne zvy\u0161uje \u0161tandardy pre jednorazov\u00e9 vape zariadenia. Vyu\u017eit\u00edm presne vyroben\u00fdch komponentov toto zariadenie garantuje dlh\u00fa \u017eivotnos\u0165, \u010do umo\u017e\u0148uje pou\u017e\u00edvate\u013eom urobi\u0165 a\u017e 7000 vdechov pred vy\u010derpan\u00edm. Umiest\u0148uje robustn\u00fa 12ml predplnen\u00fa n\u00e1dr\u017e, maximalizuj\u00fac prev\u00e1dzkov\u00fa \u017eivotnos\u0165 jednotky bez potreby \u010dast\u00fdch n\u00e1hrad. Nap\u00e1jan\u00e9 vysokoeffektnou 600mAh l\u00edtium-i\u00f3novou bat\u00e9riou a podporovan\u00e9 modern\u00fdmi protokolami nab\u00edjania Type-C, zabezpe\u010duje minim\u00e1lny \u010das ne\u010dinnosti zariadenia. Napriek svojej p\u00f4sobivej kapacite zost\u00e1va podvozok ve\u013emi kompaktn\u00fd, meria presne 31 x 25 x 100 mm, \u010do z neho rob\u00ed ide\u00e1lneho, vreckov\u00e9ho spolo\u010dn\u00edka pre pou\u017e\u00edvate\u013eov na cest\u00e1ch.<\/p>\n<h3 style=\"color: #2980b9; margin-top: 25px;\">Empirick\u00e9 testovanie a zabezpe\u010denie kvality<\/h3>\n<p style=\"font-size: 16px;\">Na rozdiel od generick\u00fdch alternat\u00edv na trhu s\u00fa v\u00fdkonnostn\u00e9 metriky AIVONO AIM GUN podlo\u017een\u00e9 pr\u00edsnymi empirick\u00fdmi testovac\u00edmi met\u00f3dami. Nez\u00e1visl\u00e9 laborat\u00f3rne prostredia vyu\u017e\u00edvaj\u00fa automatizovan\u00e9 pneumatick\u00e9 simula\u010dn\u00e9 stroje na overenie hodnotenia 7000 vdechov, pri\u010dom tieto merania kalibruj\u00fa na z\u00e1klade \u0161tandardizovan\u00e9ho trvania inhal\u00e1cie 1,5 sekundy. Okrem toho je odpor pri vdechnut\u00ed presne meran\u00fd v milimetroch vody (mmH2O), aby sa zaru\u010dil hladk\u00fd, rovnomern\u00fd pocit od \u00fast k p\u013e\u00facam (MTL). Degrad\u00e1cia bat\u00e9rie je tie\u017e pr\u00edsne monitorovan\u00e1 po\u010das viacer\u00fdch cyklov nab\u00edjania, \u010d\u00edm sa zabezpe\u010duje, \u017ee v\u00fdstupn\u00fd v\u00fdkon zost\u00e1va stabiln\u00fd pri optim\u00e1lnom nap\u00e4t\u00ed, aby sa zabr\u00e1nilo ak\u00e9muko\u013evek poklesu v\u00fdkonu a\u017e do kone\u010dn\u00fdch 5% \u017eivotn\u00e9ho cyklu bat\u00e9rie.<\/p>\n<h3 style=\"color: #2980b9; margin-top: 25px;\">Pokro\u010dil\u00e9 technick\u00e9 \u0161pecifik\u00e1cie<\/h3>\n<p style=\"font-size: 16px;\">Jadro vapu vyu\u017e\u00edva pokro\u010dil\u00fd 1,2\u03a9 meshov\u00fd vykurovac\u00ed prvok. Zv\u00e4\u010d\u0161en\u00edm povrchu vykurovacieho prvku sa dramaticky zlep\u0161uj\u00fa termodynamick\u00e9 vlastnosti zariadenia, v\u00fdsledkom \u010doho je vysoko \u00fa\u010dinn\u00e9 odparovanie a konzistentn\u00e9 rozlo\u017eenie teploty. Pou\u017e\u00edvatelia si m\u00f4\u017eu vybra\u0165 z \u0161irok\u00e9ho spektra koncentr\u00e1ci\u00ed s\u00edl, vr\u00e1tane 0%, 2%, 3% a 5% formul\u00e1ci\u00ed, poskytuj\u00facich v\u0161estrann\u00e9 mo\u017enosti prisp\u00f4soben\u00e9 konkr\u00e9tnym individu\u00e1lnym preferenci\u00e1m.<\/p>\n<table style=\"width: 100%; border-collapse: collapse; margin: 30px 0; font-family: sans-serif; box-shadow: 0 4px 8px rgba(0,0,0,0.05); background-color: #fff;\">\n<thead>\n<tr>\n<th style=\"background-color: #f4f6f7; border: 1px solid #dcdde1; padding: 15px; text-align: left; font-weight: bold; color: #2c3e50; width: 30%;\">\u0160pecifika\u010dn\u00e1 zlo\u017eka<\/th>\n<th style=\"background-color: #f4f6f7; border: 1px solid #dcdde1; padding: 15px; text-align: left; font-weight: bold; color: #2c3e50;\">In\u017einierske detaily a valid\u00e1cia<\/th>\n<\/tr>\n<\/thead>\n<tbody>\n<tr>\n<td style=\"border: 1px solid #dcdde1; padding: 15px; color: #555; font-weight: bold;\">Maxim\u00e1lna v\u00fdstupn\u00e1 kapacita<\/td>\n<td style=\"border: 1px solid #dcdde1; padding: 15px; color: #555;\">7 000 \u0165ahov (Overen\u00e9 pomocou automatick\u00e9ho pneumatick\u00e9ho testovacieho zariadenia)<\/td>\n<\/tr>\n<tr>\n<td style=\"border: 1px solid #dcdde1; padding: 15px; color: #555; font-weight: bold;\">Objem n\u00e1dr\u017ee<\/td>\n<td style=\"border: 1px solid #dcdde1; padding: 15px; color: #555;\">12ml izolovan\u00e1 skladovacia komora<\/td>\n<\/tr>\n<tr>\n<td style=\"border: 1px solid #dcdde1; padding: 15px; color: #555; font-weight: bold;\">\u0160pecifik\u00e1cie v\u00fdkonovej bunky<\/td>\n<td style=\"border: 1px solid #dcdde1; padding: 15px; color: #555;\">600mAh dob\u00edjate\u013en\u00e9 l\u00edtium-i\u00f3nov\u00e9 jadro (bezpe\u010dnostn\u00fd s\u00falad UN38.3)<\/td>\n<\/tr>\n<tr>\n<td style=\"border: 1px solid #dcdde1; padding: 15px; color: #555; font-weight: bold;\">Technol\u00f3gia vykurovania<\/td>\n<td style=\"border: 1px solid #dcdde1; padding: 15px; color: #555;\">1,2\u03a9 sofistikovan\u00e1 sie\u0165ov\u00e1 matica<\/td>\n<\/tr>\n<tr>\n<td style=\"border: 1px solid #dcdde1; padding: 15px; color: #555; font-weight: bold;\">Rozhranie nab\u00edjania<\/td>\n<td style=\"border: 1px solid #dcdde1; padding: 15px; color: #555;\">Port typu C (5V\/1A \u0161tandardizovan\u00fd vstup)<\/td>\n<\/tr>\n<tr>\n<td style=\"border: 1px solid #dcdde1; padding: 15px; color: #555; font-weight: bold;\">Mo\u017enosti sily<\/td>\n<td style=\"border: 1px solid #dcdde1; padding: 15px; color: #555;\">0%, 2%, 3%, 5% dostupn\u00e9 koncentr\u00e1cie<\/td>\n<\/tr>\n<tr>\n<td style=\"border: 1px solid #dcdde1; padding: 15px; color: #555; font-weight: bold;\">Fyzick\u00e9 rozmery<\/td>\n<td style=\"border: 1px solid #dcdde1; padding: 15px; color: #555;\">31 x 25 x 100 mm (Ergonomick\u00fd kon\u0161truk\u010dn\u00fd dizajn)<\/td>\n<\/tr>\n<\/tbody>\n<\/table>\n<h3 style=\"color: #2980b9; margin-top: 25px;\">Bezpe\u010dnos\u0165 materi\u00e1lu a s\u00falad s predpismi<\/h3>\n<p style=\"font-size: 16px;\">VapeXYZ priklad\u00e1 prvorad\u00fd v\u00fdznam autorite hardv\u00e9ru a d\u00f4vere koncov\u00fdch pou\u017e\u00edvate\u013eov. Vonkaj\u0161ie telo AIVONO AIM GUN je vyroben\u00e9 z potravin\u00e1rskeho PCTG (polycyklohexyl\u00e9ndimetyl\u00e9ntereftal\u00e1tov\u00e9ho glykolu) polym\u00e9rov. Tento priemyseln\u00fd materi\u00e1l je nez\u00e1visle overen\u00fd pre v\u00fdnimo\u010dn\u00fa tepeln\u00fa stabilitu a vysok\u00fa odolnos\u0165 proti n\u00e1razom, \u010do zabezpe\u010duje, \u017ee zariadenie zost\u00e1va bezpe\u010dn\u00e9 na manipul\u00e1ciu aj po\u010das dlh\u0161\u00edch prev\u00e1dzkov\u00fdch obdob\u00ed. Okrem toho vn\u00fatorn\u00fd zdroj energie dodr\u017eiava pr\u00edsne normy UN38.3 pre prepravu a bezpe\u010dnos\u0165 bat\u00e9ri\u00ed, zatia\u013e \u010do celkov\u00e9 v\u00fdrobn\u00e9 procesy sa vykon\u00e1vaj\u00fa v certifikovan\u00fdch zariadeniach pod\u013ea normy ISO 9001. Zodpovedan\u00edm medzin\u00e1rodn\u00fdm smernici\u00e1m CE a RoHS hardv\u00e9r obmedzuje nebezpe\u010dn\u00e9 l\u00e1tky, \u010d\u00edm upev\u0148uje svoju poz\u00edciu ako s\u00faladn\u00fd a spo\u013eahliv\u00fd v\u00fdber na glob\u00e1lnom trhu s jednorazov\u00fdmi vape produktmi.<\/p>\n<h3 style=\"color: #2980b9; margin-top: 25px;\">Kuratovan\u00e9 aromatick\u00e9 profily<\/h3>\n<p style=\"font-size: 16px;\">Na\u0161e odborn\u00e9 mixol\u00f3govia vytvorili v\u00fdnimo\u010dn\u00fa \u0161k\u00e1lu chu\u0165ov\u00fdch profilov pre AIVONO AIM GUN 7000 Puffs. Ka\u017ed\u00e1 formul\u00e1cia je syntetizovan\u00e1 pomocou pr\u00e9miov\u00fdch extraktov, aby poskytla viacvrstvov\u00fd senzorick\u00fd z\u00e1\u017eitok bez degrad\u00e1cie po\u010das \u017eivotnosti zariadenia:<\/p>\n<ul style=\"list-style-type: none; padding-left: 0; font-size: 16px;\">\n<li style=\"margin-bottom: 10px; padding: 10px; background-color: #f9f9f9; border-left: 4px solid #3498db;\">Anan\u00e1sovo-kokosov\u00e9 zmrzlina: Tropick\u00e1 f\u00fazia dod\u00e1vaj\u00faca kr\u00e9mov\u00fa, \u010derstv\u00fa a sladk\u00fa ostrovn\u00fa chu\u0165.<\/li>\n<li style=\"margin-bottom: 10px; padding: 10px; background-color: #f9f9f9; border-left: 4px solid #3498db;\">Kreme\u013e jahodov\u00fd: Luxusn\u00fd dezertn\u00fd z\u00e1\u017eitok charakterizovan\u00fd bohat\u00fdmi, hladk\u00fdmi a sladk\u00fdmi botanick\u00fdmi t\u00f3nmi.<\/li>\n<li style=\"margin-bottom: 10px; padding: 10px; background-color: #f9f9f9; border-left: 4px solid #3498db;\">Jahodov\u00e1 Vodov\u00e1 Brosky\u0148a: Komplexn\u00e1 trojvrstvov\u00e1 botanick\u00e1 zmes pon\u00fakaj\u00faca harmonick\u00fa rovnov\u00e1hu letn\u00fdch plodov.<\/li>\n<li style=\"margin-bottom: 10px; padding: 10px; background-color: #f9f9f9; border-left: 4px solid #3498db;\">Modr\u00e1 \u010du\u010dorina, malina, citr\u00f3n: Trpk\u00fd, ostr\u00fd a ve\u013emi osvie\u017euj\u00faci citrusov\u00fd \u0161upka prepleten\u00e1 s divok\u00fdmi t\u00f3nmi bob\u00fa\u013e.<\/li>\n<li style=\"margin-bottom: 10px; padding: 10px; background-color: #f9f9f9; border-left: 4px solid #3498db;\">Mel\u00f3nov\u00e9 zmrzliny: Chladiv\u00fd, revitalizuj\u00faci profil, ktor\u00fd majstrovsky replikuje vychladen\u00e9 letn\u00e9 mel\u00f3ny.<\/li>\n<li style=\"margin-bottom: 10px; padding: 10px; background-color: #f9f9f9; border-left: 4px solid #3498db;\">Zmes bob\u00fa\u013e: Presne vyv\u00e1\u017een\u00e1 sladk\u00e1 a kysl\u00e1 z\u00e1hradn\u00e1 zmes obsahuj\u00faca robustn\u00fd v\u00fdber tmav\u00fdch bob\u00fa\u013e.<\/li>\n<li style=\"margin-bottom: 10px; padding: 10px; background-color: #f9f9f9; border-left: 4px solid #3498db;\">Modr\u00e1 zmrzlina: Bohat\u00fd, hlbok\u00fd botanick\u00fd profil zakon\u010den\u00fd ostr\u00fdm, chladiv\u00fdm v\u00fddychom.<\/li>\n<li style=\"margin-bottom: 10px; padding: 10px; background-color: #f9f9f9; border-left: 4px solid #3498db;\">Brosky\u0148ov\u00e9 zmrzlinov\u00e9:  Hodv\u00e1bna, hladk\u00e1 senzorick\u00e1 sk\u00fasenos\u0165 kombinuj\u00faca dozret\u00e9 sady stromov s mraziv\u00fdm fini\u0161om.<\/li>\n<li style=\"margin-bottom: 10px; padding: 10px; background-color: #f9f9f9; border-left: 4px solid #3498db;\">Hroznov\u00e1 zmrzlina: Odv\u00e1\u017ena, na vinici dozret\u00e1 esencia vylep\u0161en\u00e1 charakteristicky chladnou a osvie\u017euj\u00facou dochu\u0165ou.<\/li>\n<li style=\"margin-bottom: 10px; padding: 10px; background-color: #f9f9f9; border-left: 4px solid #3498db;\">Jahoda Banan: Klasick\u00e1, dokonale zmie\u0161an\u00e1 kombin\u00e1cia, ktor\u00e1 garantuje konzistentn\u00e9 hladk\u00e9 a sladk\u00e9 podanie.<\/li>\n<\/ul>\n<h3 style=\"color: #2980b9; margin-top: 25px;\">Oper\u00e1cie ve\u013ekoobchodu s v\u00fdparn\u00edkmi: Ide\u00e1lne pre maloobchodn\u00edkov<\/h3>\n<p style=\"font-size: 16px;\">Pre kamenn\u00e9 predajne a nez\u00e1visl\u00fdch distrib\u00fatorov vy\u017eaduje navig\u00e1cia v celosvetovom dod\u00e1vate\u013eskom re\u0165azci autoritat\u00edvneho partnera. VapeXYZ vyu\u017e\u00edva viac ako osem rokov sk\u00fasenost\u00ed v odvetv\u00ed, aby poskytla bezprobl\u00e9mov\u00fa B2B logistiku. Stanoven\u00edm pozoruhodne dostupn\u00e9ho minim\u00e1lneho mno\u017estva objedn\u00e1vky (MOQ) len 10 kusov umo\u017e\u0148ujeme mal\u00fdm a stredn\u00fdm podnikom z\u00e1sobova\u0165 sa AIVONO Disposable Vapes za vysoko konkuren\u010dn\u00fdch ve\u013ekoobchodn\u00fdch cenov\u00fdch \u00farovn\u00ed. Na\u0161a logistick\u00e1 \u0161trukt\u00fara zabezpe\u010duje r\u00fdchle odoslanie, pr\u00edsnu dokument\u00e1ciu coln\u00e9ho s\u00faladu a bezpe\u010dn\u00fa medzin\u00e1rodn\u00fa dopravu, \u010d\u00edm sa etablujeme ako \u0161pi\u010dkov\u00fd distrib\u00fator vysokov\u00fdkonn\u00fdch vapes na celom svete.<\/p>\n<div style=\"background-color: #eaf2f8; border-left: 6px solid #2980b9; padding: 20px; margin: 30px 0; border-radius: 4px; box-shadow: 0 2px 4px rgba(0,0,0,0.1);\">\n<h4 style=\"margin-top: 0; color: #154360; font-size: 18px;\">Body znalost\u00ed z priemyslu<\/h4>\n<p style=\"margin-bottom: 10px; font-size: 15px;\">Termodynamika mesh cievky: Tradi\u010dn\u00e9 navinut\u00e9 dr\u00f4ty sa zahrievaj\u00fa nerovnomerne, \u010do m\u00f4\u017ee sp\u00f4sobi\u0165 pred\u010dasn\u00e9 sp\u00e1lenie vn\u00fatorn\u00e9ho materi\u00e1lu na odvod\u0148ovanie. AIVONO \u0161trukt\u00fara mesh s odporom 1,2 \u03a9 funguje ako mrie\u017eka, \u010do v\u00fdrazne roz\u0161iruje povrch vyhrievania. To umo\u017e\u0148uje okam\u017eit\u00e9 zv\u00fd\u0161enie teploty a zabezpe\u010duje, \u017ee vn\u00fatorn\u00e1 formul\u00e1cia sa odparuje \u00fa\u010dinn\u00fdm sp\u00f4sobom bez tvorby \u0161kodliv\u00fdch tepeln\u00fdch ved\u013eaj\u0161\u00edch produktov.<\/p>\n<p style=\"margin-bottom: 0; font-size: 15px;\">\u00dadr\u017eba l\u00edtiov\u00fdch i\u00f3nov: Aby sa maximalizovala \u017eivotnos\u0165 vn\u00fatornej bat\u00e9rie 600mAh, mali by pou\u017e\u00edvatelia nab\u00edja\u0165 zariadenie pomocou \u0161pecifikovan\u00fdch parametrov 5V\/1A. Pou\u017e\u00edvanie vysokor\u00fdchlostn\u00fdch nab\u00edja\u010diek (ako s\u00fa napr\u00edklad nab\u00edja\u010dky pre notebooky) m\u00f4\u017ee vyvola\u0165 tepeln\u00fd stres na energetickej bunke, ur\u00fdchli\u0165 chemick\u00fa degrad\u00e1ciu a zn\u00ed\u017ei\u0165 celkov\u00fd po\u010det pou\u017eite\u013en\u00fdch v\u00fdstupn\u00fdch cyklov.<\/p>\n<\/div>\n<h3 style=\"color: #2980b9; margin-top: 30px;\">K\u013e\u00fa\u010dov\u00e9 body \u010casto kladen\u00e9 ot\u00e1zky<\/h3>\n<div style=\"margin-bottom: 15px; border: 1px solid #e1e1e1; border-radius: 6px; padding: 18px; background-color: #ffffff; box-shadow: 0 2px 5px rgba(0,0,0,0.03);\">\n<h4 style=\"margin: 0 0 10px 0; color: #2c3e50;\">Ako je po\u010det 7000 v\u00fdfukov empiricky overen\u00fd?<\/h4>\n<p style=\"margin: 0; color: #555; font-size: 15px;\">Tvrdenie 7 000 \u0165ahov je overen\u00e9 v pr\u00edsnych laborat\u00f3rnych prostrediach pomocou robotizovan\u00fdch mechanizmov inhal\u00e1cie. Tieto stroje s\u00fa kalibrovan\u00e9 na \u0165ahanie z pr\u00edstroja presne 1,5 sekundy pri ka\u017edom aktivovan\u00ed. Vari\u00e1cie v individu\u00e1lnom pou\u017e\u00edvan\u00ed - ako je napr\u00edklad hlb\u0161ie, dlh\u0161ie \u0165ahanie - prirodzene ovplyvnia celkov\u00fd dosiahnute\u013en\u00fd v\u00fdkon v re\u00e1lnych scen\u00e1roch.<\/p>\n<\/div>\n<div style=\"margin-bottom: 15px; border: 1px solid #e1e1e1; border-radius: 6px; padding: 18px; background-color: #ffffff; box-shadow: 0 2px 5px rgba(0,0,0,0.03);\">\n<h4 style=\"margin: 0 0 10px 0; color: #2c3e50;\">2. Ak\u00e9 certifik\u00e1cie zabezpe\u010duj\u00fa, \u017ee toto jednorazov\u00e9 vape zariadenie je bezpe\u010dn\u00e9 na pou\u017eitie?<\/h4>\n<p style=\"margin: 0; color: #555; font-size: 15px;\">AIVONO AIM GUN sp\u013a\u0148a z\u00e1kladn\u00e9 medzin\u00e1rodn\u00e9 smernice vr\u00e1tane CE (Conformit\u00e9 Europ\u00e9enne) a RoHS (obmedzenie pou\u017e\u00edvania nebezpe\u010dn\u00fdch l\u00e1tok).  Okrem toho, vn\u00fatorn\u00e1 l\u00edtium-i\u00f3nov\u00e1 bat\u00e9ria pre\u0161la testovan\u00edm UN38.3, ktor\u00e9 ju certifikuje ako bezpe\u010dn\u00fa proti tepeln\u00e9mu \u00faniku po\u010das prepravy a ka\u017edodenn\u00e9ho pou\u017e\u00edvania.<\/p>\n<\/div>\n<div style=\"margin-bottom: 15px; border: 1px solid #e1e1e1; border-radius: 6px; padding: 18px; background-color: #ffffff; box-shadow: 0 2px 5px rgba(0,0,0,0.03);\">\n<h4 style=\"margin: 0 0 10px 0; color: #2c3e50;\">3. Ako VapeXYZ zvl\u00e1da logistiku ve\u013ekoobchodn\u00e9ho zasielania?<\/h4>\n<p style=\"margin: 0; color: #555; font-size: 15px;\">V\u010faka viac ako \u00f4smim rokom sk\u00fasenost\u00ed s glob\u00e1lnou distrib\u00faciou, VapeXYZ sprac\u00fava ve\u013ekoobchodn\u00e9 objedn\u00e1vky pomocou efekt\u00edvnej logistickej siete. S minim\u00e1lnou objedn\u00e1vkou len 10 kusov, maloobchodn\u00edci profituj\u00fa z transparentn\u00e9ho cenotvorby, colne vy\u010disten\u00fdch tranzitn\u00fdch tr\u00e1s a plne sledovate\u013en\u00e9ho odoslania, aby zabezpe\u010dili bezpe\u010dn\u00fd pr\u00edchod z\u00e1sob.<\/p>\n<\/div>\n<div style=\"margin-bottom: 15px; border: 1px solid #e1e1e1; border-radius: 6px; padding: 18px; background-color: #ffffff; box-shadow: 0 2px 5px rgba(0,0,0,0.03);\">\n<h4 style=\"margin: 0 0 10px 0; color: #2c3e50;\">4. D\u00e1 sa hardv\u00e9r recyklova\u0165?<\/h4>\n<p style=\"margin: 0; color: #555; font-size: 15px;\">\u00c1no. Preto\u017ee zariadenie obsahuje nab\u00edjate\u013en\u00fa l\u00edtium-i\u00f3nov\u00fa bat\u00e9riu a intern\u00fa elektronick\u00fa s\u00fa\u010diastku, spad\u00e1 pod smernicu WEEE (odpadov\u00e9 elektrick\u00e9 a elektronick\u00e9 zariadenia). D\u00f4razne odpor\u00fa\u010dame pou\u017e\u00edvate\u013eom a maloobchodn\u00edkom, aby vyraden\u00e9 vapky likvidovali na ur\u010den\u00fdch zariadeniach na recykl\u00e1ciu elektroniky namiesto \u0161tandardn\u00e9ho domov\u00e9ho odpadu.<\/p>\n<\/div>\n<p style=\"font-size: 16px; margin-top: 30px;\">Objednajte si AIVONO AIM GUN 7000 Puffs od VapeXYZ e\u0161te dnes a vylep\u0161ite svoj invent\u00e1r d\u00f4veryhodn\u00fdm, vysoko technick\u00fdm jednorazov\u00fdm vapeom, ktor\u00fd dod\u00e1va konzistentn\u00fa kvalitu od prv\u00e9ho \u0165ahu a\u017e po posledn\u00fd.<\/p>\n<div style=\"text-align: center; margin-top: 40px;\"><img loading=\"lazy\" decoding=\"async\" class=\"wp-image-31522 size-full aligncenter\" style=\"max-width: 100%; height: auto; border-radius: 8px; box-shadow: 0 6px 15px rgba(0,0,0,0.15);\" src=\"https:\/\/vapexyz.com\/wp-content\/uploads\/2024\/08\/AIVONO-AIM-GUN-7000-Puff-16.webp\" alt=\"AIVONO AIM Zbra\u0148 7000 Puffov 0% 2% 3% 5% Hromadn\u00fd n\u00e1kup N\u00edzka sila Nab\u00edjate\u013en\u00e9 Jednorazov\u00e9 Vapes Pero Ve\u013ekoobchod\" width=\"1060\" height=\"847\" title=\"\" srcset=\"https:\/\/vapexyz.com\/wp-content\/uploads\/2024\/08\/AIVONO-AIM-GUN-7000-Puff-16.webp 1060w, https:\/\/vapexyz.com\/wp-content\/uploads\/2024\/08\/AIVONO-AIM-GUN-7000-Puff-16-500x400.webp 500w, https:\/\/vapexyz.com\/wp-content\/uploads\/2024\/08\/AIVONO-AIM-GUN-7000-Puff-16-1024x818.webp 1024w, https:\/\/vapexyz.com\/wp-content\/uploads\/2024\/08\/AIVONO-AIM-GUN-7000-Puff-16-768x614.webp 768w, https:\/\/vapexyz.com\/wp-content\/uploads\/2024\/08\/AIVONO-AIM-GUN-7000-Puff-16-15x12.webp 15w, https:\/\/vapexyz.com\/wp-content\/uploads\/2024\/08\/AIVONO-AIM-GUN-7000-Puff-16-600x479.webp 600w\" sizes=\"auto, (max-width: 1060px) 100vw, 1060px\" \/><\/div>\n<\/article>","protected":false},"excerpt":{"rendered":"<p>AIVONO AIM GUN 7000 Puffs, dostupn\u00fd na Vapexyz, je vysokokapacitn\u00fd, dob\u00edjate\u013en\u00fd jednorazov\u00fd vape, ktor\u00fd pon\u00faka a\u017e 7 000 potiahnut\u00ed s r\u00f4znymi mo\u017enos\u0165ami chuti a prisp\u00f4sobite\u013en\u00fdmi silami vapovania, ide\u00e1lny pre pr\u00e9miov\u00fd z\u00e1\u017eitok z vapovania.<\/p>","protected":false},"featured_media":31521,"comment_status":"open","ping_status":"closed","template":"","meta":{"_lmt_disableupdate":"no","_lmt_disable":""},"product_brand":[],"product_cat":[944,1010,1018,1020,935,934,927,929,928,930,933,939,932,938,931,936,937,1017,946,1023,1025,1027,951,1031,1033,1034,953,1037,820,987,1038],"product_tag":[],"class_list":{"0":"post-31465","1":"product","2":"type-product","3":"status-publish","4":"has-post-thumbnail","6":"product_cat-aivono","7":"product_cat-7000-puff-vapes","8":"product_cat-apple-flavor-disposable-vapes","9":"product_cat-blueberry-flavor-disposable-vapes","10":"product_cat-bulk-buy-disposable-vapes-in-austria","11":"product_cat-bulk-buy-disposable-vapes-in-belgium","12":"product_cat-bulk-buy-disposable-vapes-in-europe","13":"product_cat-bulk-buy-disposable-vapes-in-france","14":"product_cat-bulk-buy-disposable-vapes-in-germany","15":"product_cat-bulk-buy-disposable-vapes-in-italy","16":"product_cat-bulk-buy-disposable-vapes-in-netherlands","17":"product_cat-bulk-buy-disposable-vapes-in-norway","18":"product_cat-bulk-buy-disposable-vapes-in-poland","19":"product_cat-bulk-buy-disposable-vapes-in-portugal","20":"product_cat-bulk-buy-disposable-vapes-in-spain","21":"product_cat-bulk-buy-disposable-vapes-in-sweden","22":"product_cat-bulk-buy-disposable-vapes-in-switzerland","23":"product_cat-buy-best-disposable-vape-flavors","24":"product_cat-disposable-vapes-series","25":"product_cat-grape-flavor-disposable-vapes","26":"product_cat-ice-flavor-disposable-vapes","27":"product_cat-lemon-flavor-disposable-vapes","28":"product_cat-lower-nicotine-vapes","29":"product_cat-mixed-berries-flavor-disposable-vapes","30":"product_cat-peach-flavor-disposable-vapes","31":"product_cat-pineapple-flavor-disposable-vapes","32":"product_cat-rechargeable-vapes","33":"product_cat-strawberry-flavor-disposable-vapes","34":"product_cat-vape","35":"product_cat-vape-shop-by-puffs","36":"product_cat-watermelon-flavor-disposable-vapes","38":"first","39":"outofstock","40":"shipping-taxable","41":"purchasable","42":"product-type-variable","43":"has-default-attributes"},"jetpack_sharing_enabled":true,"tiered_pricing_type":"fixed","tiered_pricing_fixed_rules":[],"tiered_pricing_product_settings":{"layout":"default","base_unit_name":{"singular":null,"plural":null},"default_variation":null},"tiered_pricing_minimum_quantity":null,"tiered_pricing_roles_data":[],"tiered_pricing_percentage_rules":[],"tiered_pricing_maximum_quantity":null,"tiered_pricing_quantity_step":null,"_links":{"self":[{"href":"https:\/\/vapexyz.com\/sk\/wp-json\/wp\/v2\/product\/31465","targetHints":{"allow":["GET"]}}],"collection":[{"href":"https:\/\/vapexyz.com\/sk\/wp-json\/wp\/v2\/product"}],"about":[{"href":"https:\/\/vapexyz.com\/sk\/wp-json\/wp\/v2\/types\/product"}],"replies":[{"embeddable":true,"href":"https:\/\/vapexyz.com\/sk\/wp-json\/wp\/v2\/comments?post=31465"}],"wp:featuredmedia":[{"embeddable":true,"href":"https:\/\/vapexyz.com\/sk\/wp-json\/wp\/v2\/media\/31521"}],"wp:attachment":[{"href":"https:\/\/vapexyz.com\/sk\/wp-json\/wp\/v2\/media?parent=31465"}],"wp:term":[{"taxonomy":"product_brand","embeddable":true,"href":"https:\/\/vapexyz.com\/sk\/wp-json\/wp\/v2\/product_brand?post=31465"},{"taxonomy":"product_cat","embeddable":true,"href":"https:\/\/vapexyz.com\/sk\/wp-json\/wp\/v2\/product_cat?post=31465"},{"taxonomy":"product_tag","embeddable":true,"href":"https:\/\/vapexyz.com\/sk\/wp-json\/wp\/v2\/product_tag?post=31465"}],"curies":[{"name":"wp","href":"https:\/\/api.w.org\/{rel}","templated":true}]}}