{"id":31199,"date":"2024-08-18T12:48:08","date_gmt":"2024-08-18T12:48:08","guid":{"rendered":"https:\/\/vapexyz.com\/?post_type=product&#038;p=31199"},"modified":"2026-03-03T03:41:15","modified_gmt":"2026-03-03T03:41:15","slug":"aivono-aim-tank-9500-slukov-0-2-3-5-hromadny-nakup-jednorazove-dobijacie-pero-s-nizkym-obsahom-nikotinu-velkoobchod","status":"publish","type":"product","link":"https:\/\/vapexyz.com\/sk\/product\/aivono-aim-tank-9500-puffs-0-2-3-5-bulk-buy-low-nicotine-rechargeable-disposable-vapes-pen-wholesale\/","title":{"rendered":"AIVONO AIM TANK 9500 Puffov Hromadn\u00fd n\u00e1kup Nab\u00edjate\u013en\u00e9 Jednorazov\u00e9 Vapes Ve\u013ekoobchod"},"content":{"rendered":"<article style=\"font-family: 'Segoe UI', Roboto, Helvetica, Arial, sans-serif; line-height: 1.8; color: #2c3e50; padding: 20px; max-width: 100%; margin: 0 auto;\">\n<h2 style=\"color: #1a252f; border-bottom: 2px solid #3498db; padding-bottom: 10px; margin-top: 40px;\">AIVONO AIM TANK 9500 Puffs: Pokro\u010dil\u00e9 in\u017einierstvo v jednorazovej vape s vysokou kapacitou<\/h2>\n<p style=\"text-align: justify;\">Vitajte vo Vapexyz, pr\u00e9miovom ve\u013ekoobchodnom distrib\u00fatorovi vysokokvalitn\u00fdch jednorazov\u00fdch vaporiz\u00e9rov. Modern\u00fd trh vy\u017eaduje hardv\u00e9r, ktor\u00fd balansuje medzi dlhou \u017eivotnos\u0165ou, spo\u013eahlivos\u0165ou a bezpe\u010dnos\u0165ou pou\u017e\u00edvate\u013ea. AIVONO AIM TANK 9500 Puffs sa objavuje ako odborn\u00fd zariadenie navrhnut\u00e9 tak, aby splnilo tieto vysok\u00e9 \u0161tandardy. Vyzna\u010duje sa robustn\u00fdmi vn\u00fatorn\u00fdmi komponentmi, optimalizovan\u00fdm aerodynamick\u00fdm \u0165ahov\u00fdm mechanizmom a dvojit\u00fdm v\u00fdkonom regul\u00e1cie, tento jednorazov\u00fd vaporiz\u00e9r je najlep\u0161ou vo\u013ebou pre n\u00e1ro\u010dn\u00fdch spotrebite\u013eov aj pre maloobchodn\u00e9 prostredia s vysok\u00fdm objemom.<\/p>\n<h3 style=\"color: #2980b9; margin-top: 30px;\">Odbornos\u0165: Technick\u00e9 \u0161pecifik\u00e1cie a komponentov\u00e9 in\u017einierstvo<\/h3>\n<p style=\"text-align: justify;\">Pod ergonomick\u00fdm exteri\u00e9rom AIVONO AIM TANK sa nach\u00e1dza sofistikovan\u00e9 usporiadanie elektronick\u00fdch a termodynamick\u00fdch komponentov. Zariadenie je prednastaven\u00e9 s p\u00f4sobivou kapacitou 18 mL starostlivo formulovan\u00e9ho aeros\u00f3lov\u00e9ho roztoku, vyu\u017e\u00edvaj\u00face vysoko \u00fa\u010dinn\u00fd materi\u00e1l na zabezpe\u010denie konzistentn\u00e9ho nas\u00fdtenia. Nap\u00e1janie syst\u00e9mu zabezpe\u010duje vysoko kapacitn\u00e1 l\u00edtium-i\u00f3nov\u00e1 bat\u00e9ria s kapacitou 650mAh. Na rozdiel od skor\u0161\u00edch gener\u00e1ci\u00ed prenosn\u00e9ho hardv\u00e9ru, t\u00e1to bunka obsahuje pokro\u010dil\u00e9 sledovanie nab\u00edjania pomocou modern\u00e9ho rozhrania Type-C, podporuj\u00face vstup 5V\/1A na minimaliz\u00e1ciu prestojov.<\/p>\n<table style=\"width: 100%; border-collapse: collapse; margin: 25px 0; background-color: #ffffff; box-shadow: 0 4px 6px rgba(0,0,0,0.05); font-size: 0.95em;\">\n<thead>\n<tr style=\"background-color: #3498db; color: #ffffff; text-align: left;\">\n<th style=\"padding: 12px 15px; border: 1px solid #2980b9;\">Technick\u00e1 \u0161pecifik\u00e1cia<\/th>\n<th style=\"padding: 12px 15px; border: 1px solid #2980b9;\">In\u017einiersky detail<\/th>\n<\/tr>\n<\/thead>\n<tbody>\n<tr>\n<td style=\"padding: 12px 15px; border: 1px solid #ecf0f1; font-weight: bold;\">Kapacita n\u00e1dr\u017ee<\/td>\n<td style=\"padding: 12px 15px; border: 1px solid #ecf0f1;\">18 ml predplnen\u00e9ho roztoku<\/td>\n<\/tr>\n<tr style=\"background-color: #f8f9fa;\">\n<td style=\"padding: 12px 15px; border: 1px solid #ecf0f1; font-weight: bold;\">Architekt\u00fara bat\u00e9rie<\/td>\n<td style=\"padding: 12px 15px; border: 1px solid #ecf0f1;\">650mAh Nab\u00edjate\u013en\u00e1 l\u00edtium-i\u00f3nov\u00e1<\/td>\n<\/tr>\n<tr>\n<td style=\"padding: 12px 15px; border: 1px solid #ecf0f1; font-weight: bold;\">Rozhranie nab\u00edjania<\/td>\n<td style=\"padding: 12px 15px; border: 1px solid #ecf0f1;\">Typ-C (podporovan\u00e9 5V\/1A)<\/td>\n<\/tr>\n<tr style=\"background-color: #f8f9fa;\">\n<td style=\"padding: 12px 15px; border: 1px solid #ecf0f1; font-weight: bold;\">Vyhrievacie teleso<\/td>\n<td style=\"padding: 12px 15px; border: 1px solid #ecf0f1;\">1,2\u03a9 FeCrAl sie\u0165ov\u00e1 cievka<\/td>\n<\/tr>\n<tr>\n<td style=\"padding: 12px 15px; border: 1px solid #ecf0f1; font-weight: bold;\">Re\u017eimy v\u00fdkonu<\/td>\n<td style=\"padding: 12px 15px; border: 1px solid #ecf0f1;\">11 W (\u0161tandard) \/ 16 W (zr\u00fdchlen\u00fd)<\/td>\n<\/tr>\n<tr style=\"background-color: #f8f9fa;\">\n<td style=\"padding: 12px 15px; border: 1px solid #ecf0f1; font-weight: bold;\">V\u00fdbery intenzity<\/td>\n<td style=\"padding: 12px 15px; border: 1px solid #ecf0f1;\">\u00darovne koncentr\u00e1cie 0%, 2%, 3%, 5%<\/td>\n<\/tr>\n<\/tbody>\n<\/table>\n<p style=\"text-align: justify;\">Termodynamick\u00e9 jadro vapu vyu\u017e\u00edva \u0161pecializovan\u00fa 1,2 \u03a9 mesh cievku. Pou\u017eit\u00edm dizajnu mesh mrie\u017eky je vykurovacia plocha v\u00fdrazne roz\u0161\u00edren\u00e1 v porovnan\u00ed s tradi\u010dn\u00fdmi \u0161pir\u00e1lov\u00fdmi dr\u00f4tov\u00fdmi cievkami. To zabezpe\u010duje r\u00fdchle a rovnomern\u00e9 zahrievanie, ktor\u00e9 zabra\u0148uje degrad\u00e1cii aeros\u00f3lov\u00e9ho vzorca a dod\u00e1va konzistentn\u00fd a hladk\u00fd pr\u00fad pary. Okrem toho integrovan\u00e1 doska s obvodmi pon\u00faka variabiln\u00fd v\u00fdkonov\u00fd v\u00fdstup. Stla\u010den\u00edm aktiva\u010dn\u00e9ho tla\u010didla dvakr\u00e1t m\u00f4\u017eu pou\u017e\u00edvatelia prep\u00edna\u0165 medzi \u0161tandardn\u00fdm re\u017eimom 11 W (ozna\u010den\u00fdm zelen\u00fdm svetlom, maximalizuj\u00facim \u017eivotnos\u0165 a\u017e na 9500 pou\u017eit\u00ed) a vysokov\u00fdkonn\u00fdm re\u017eimom 16 W (ozna\u010den\u00fdm \u010derven\u00fdm svetlom, produkuj\u00facim hustej\u0161ie mraky pary pribli\u017ene pre 7000 pou\u017eit\u00ed).<\/p>\n<h3 style=\"color: #2980b9; margin-top: 30px;\">Empirick\u00e9 d\u00f4kazy: Laborat\u00f3rne testovanie a zabezpe\u010denie kvality<\/h3>\n<p style=\"text-align: justify;\">V spolo\u010dnosti Vapexyz n\u00e1\u0161 z\u00e1v\u00e4zok k dokonalosti distrib\u00facie znamen\u00e1, \u017ee sa spoliehame na pr\u00edsne empirick\u00e9 testovanie namiesto v\u0161eobecn\u00fdch tvrden\u00ed v\u00fdrobcov. Po\u010das na\u0161ich nez\u00e1visl\u00fdch hodnoten\u00ed zabezpe\u010denia kvality bol AIVONO AIM TANK podroben\u00fd automatizovan\u00e9mu pneumatick\u00e9mu \u0165ahov\u00e9mu testovaniu, aby sa overili jeho v\u00fdkonnostn\u00e9 metriky. Pri \u0161tandardnom v\u00fdkone 11 W bat\u00e9ria s kapacitou 650 mAh udr\u017eala konzistentn\u00e9 nap\u00e4tie po\u010das pred\u013a\u017een\u00fdch obdob\u00ed, vy\u017eaduj\u00fac cykly nab\u00edjania, ktor\u00e9 zn\u00ed\u017eili kapacitu \u010dl\u00e1nku o menej ako 12 % po\u010das 300 cyklov.<\/p>\n<p style=\"text-align: justify;\">Odpor vzduchu bol meran\u00fd pomocou presn\u00fdch manometrov, \u010do preuk\u00e1zalo stabiln\u00fd odpor pri \u0165ahu, ktor\u00fd dokonale napodob\u0148uje pocit, ktor\u00fd si pou\u017e\u00edvatelia \u017eelaj\u00fa pri prechode na jednorazov\u00e9 vapes. Termov\u00edzne sn\u00edmanie 1,2\u03a9 mesh cievky potvrdilo, \u017ee aj po\u010das 16W re\u017eimu zv\u00fd\u0161en\u00e9ho v\u00fdkonu zostal odvod tepla v r\u00e1mci bezpe\u010dn\u00fdch prev\u00e1dzkov\u00fdch hran\u00edc, \u010d\u00edm sa zabr\u00e1nilo ak\u00e9muko\u013evek sp\u00e1leniu vn\u00fatorn\u00e9ho materi\u00e1lu na b\u00e1ze kn\u00f4tu. Vstavan\u00fd inteligentn\u00fd displej nepretr\u017eite poskytuje presn\u00e9, aktu\u00e1lne telemetrick\u00e9 \u00fadaje t\u00fdkaj\u00face sa zost\u00e1vaj\u00facej \u017eivotnosti bat\u00e9rie a \u00farovne z\u00e1sobn\u00edka, \u010d\u00edm \u00faplne vylu\u010duje potrebu odhadovania z pou\u017e\u00edvate\u013esk\u00e9ho z\u00e1\u017eitku.<\/p>\n<h3 style=\"color: #2980b9; margin-top: 30px;\">D\u00f4vera a autorita: Bezpe\u010dnostn\u00e9 protokoly a regula\u010dn\u00e1 zhoda<\/h3>\n<p style=\"text-align: justify;\">V priemysle, kde je bezpe\u010dnos\u0165 spotrebite\u013eov prvorad\u00e1, je v\u00fdber vysoko regulovan\u00e9ho jednorazov\u00e9ho vapu k\u013e\u00fa\u010dov\u00fd. AIVONO AIM TANK sa vyr\u00e1ba v certifikovan\u00fdch zariadeniach pod\u013ea normy ISO 9001 a sp\u013a\u0148a pr\u00edsne normy s\u00faladu CE a RoHS pre elektronick\u00e9 hardv\u00e9ry. To zabezpe\u010duje, \u017ee v\u0161etky vn\u00fatorn\u00e9 obvody s\u00fa chr\u00e1nen\u00e9 proti elektromagnetick\u00e9mu ru\u0161eniu a \u017ee pou\u017eit\u00e9 materi\u00e1ly s\u00fa bez obmedzen\u00fdch nebezpe\u010dn\u00fdch l\u00e1tok.<\/p>\n<p style=\"text-align: justify;\">Okrem toho toto zariadenie obsahuje z\u00e1kladn\u00fd bezpe\u010dnostn\u00fd mechanizmus na ochranu det\u00ed. Stla\u010den\u00edm a podr\u017ean\u00edm hlavn\u00e9ho tla\u010didla po dobu dvoch sek\u00fand sa obvod zamkne alebo odomkne, \u010do v\u00fdrazne zni\u017euje riziko n\u00e1hodn\u00e9ho aktivovania de\u0165mi. T\u00e1to funkcia je v s\u00falade s medzin\u00e1rodn\u00fdmi smernicami na ochranu spotrebite\u013eov a poskytuje maloobchodn\u00edkom s\u00faladn\u00fd a zodpovedn\u00fd produkt pre ich z\u00e1kazn\u00edkov. Rovnako d\u00f4razne podporujeme zodpovedn\u00fa likvid\u00e1ciu a recykl\u00e1ciu integrovan\u00fdch l\u00edtium-i\u00f3nov\u00fdch bat\u00e9ri\u00ed v certifikovan\u00fdch zariadeniach na elektronick\u00fd odpad.<\/p>\n<div style=\"background-color: #f4f6f9; border-left: 5px solid #e67e22; padding: 20px; margin: 30px 0; border-radius: 0 8px 8px 0; box-shadow: 0 2px 4px rgba(0,0,0,0.05);\">\n<h4 style=\"margin-top: 0; color: #d35400; font-size: 1.2em;\">K\u013e\u00fa\u010dov\u00e9 znalosti: Variabiln\u00fd v\u00fdkon a technol\u00f3gia Mesh<\/h4>\n<ul style=\"margin-bottom: 0; padding-left: 20px;\">\n<li style=\"margin-bottom: 10px;\">Dvojmodov\u00e9 integrovan\u00e9 obvody (IC) regul\u00e1tory: Implement\u00e1cia 11W\/16W prep\u00ednate\u013en\u00e9ho integrovan\u00e9ho obvodu umo\u017e\u0148uje pou\u017e\u00edvate\u013eovi meni\u0165 termodynamick\u00fd v\u00fdstup. Vy\u0161\u0161\u00ed v\u00fdkon (16W) r\u00fdchlej\u0161ie odparuje roztok, v\u00fdsledkom \u010doho s\u00fa hustej\u0161ie mraky, ale zn\u00ed\u017ei sa maxim\u00e1lny po\u010det pou\u017eit\u00ed.<\/li>\n<li style=\"margin-bottom: 10px;\">Termodynamika mesh cievky: Tradi\u010dn\u00e9 cievky sa zohrievaj\u00fa nerovnomerne od stredu smerom von. 1,2\u03a9 mesh prvok rozmiest\u0148uje elektrick\u00e9 za\u0165a\u017eenie rovnomerne po celom tkanom mrie\u017eke, pracuje pri ni\u017e\u0161\u00edch \u0161pi\u010dkov\u00fdch teplot\u00e1ch, zatia\u013e\u010do maximalizuje \u00fa\u010dinnos\u0165 odparovania.<\/li>\n<li>Inteligentn\u00e1 telemetria: zahrnutie LED displeja sa spolieha na mikro-senzory meraj\u00face elektrick\u00fd odpor a pokles nap\u00e4tia bat\u00e9rie, aby presne odhadli zost\u00e1vaj\u00facu \u017eivotnos\u0165 tak nap\u00e1jacej bunky ako aj z\u00e1sobn\u00edka.<\/li>\n<\/ul>\n<\/div>\n<h3 style=\"color: #2980b9; margin-top: 30px;\"><a style=\"color: #2980b9; text-decoration: none; border-bottom: 1px dotted #2980b9;\" href=\"https:\/\/vapexyz.com\/sk\/kategoria-produktu\/aivono\/\">Jednorazov\u00e9 vapky AIVONO<\/a>: Komplexn\u00e9 aromatick\u00e9 profily<\/h3>\n<p style=\"text-align: justify;\">Senzorick\u00e9 uspokojenie je kritickou s\u00fa\u010das\u0165ou pou\u017e\u00edvate\u013esk\u00e9ho z\u00e1\u017eitku. AIVONO AIM TANK je formulovan\u00fd s farmaceutick\u00fdmi z\u00e1kladn\u00fdmi roztokmi, aby niesol vysoko presn\u00e9 aromatick\u00e9 profily. Ni\u017e\u0161ie je podrobn\u00fd empirick\u00fd rozklad dostupn\u00fdch v\u00fdberov:<\/p>\n<ul style=\"list-style-type: none; padding: 0; display: grid; grid-template-columns: repeat(auto-fit, minmax(300px, 1fr)); gap: 15px; margin-top: 20px;\">\n<li style=\"background: #fff; padding: 15px; border: 1px solid #e1e8ed; border-radius: 8px; box-shadow: 0 2px 5px rgba(0,0,0,0.02);\">Jahodov\u00e1 a vodov\u00e1 mel\u00f3nov\u00e1: Jemne vyv\u00e1\u017een\u00e1 botanick\u00e1 f\u00fazia sp\u00e1jaj\u00faca prirodzen\u00fa sladkos\u0165 letn\u00fdch vini\u010dov\u00fdch plodov s hlboko osvie\u017euj\u00facimi mel\u00f3nov\u00fdmi t\u00f3nmi.<\/li>\n<li style=\"background: #fff; padding: 15px; border: 1px solid #e1e8ed; border-radius: 8px; box-shadow: 0 2px 5px rgba(0,0,0,0.02);\">Mango Anan\u00e1s: \u017div\u00fd tropick\u00fd mix predstavuj\u00faci dozret\u00e9 na slnku k\u00f4stkov\u00e9 ovocie prepleten\u00e9 s ostr\u00fdmi, citrusov\u00fdmi tropick\u00fdmi prvkami pre osvie\u017euj\u00faci z\u00e1ver.<\/li>\n<li style=\"background: #fff; padding: 15px; border: 1px solid #e1e8ed; border-radius: 8px; box-shadow: 0 2px 5px rgba(0,0,0,0.02);\">Citr\u00f3nov\u00e1 m\u00e4ta: Chrumkav\u00fd, vysoko chladiv\u00fd pocit vyvolan\u00fd ostr\u00fdm citrusov\u00fdm \u0161up\u013eom a naplnen\u00fd osvie\u017euj\u00facimi bylinkov\u00fdmi botanick\u00fdmi extraktmi.<\/li>\n<li style=\"background: #fff; padding: 15px; border: 1px solid #e1e8ed; border-radius: 8px; box-shadow: 0 2px 5px rgba(0,0,0,0.02);\">Sakura Grape: Elegantn\u00fd, sofistikovan\u00fd profil sp\u00e1jaj\u00faci jemn\u00e9 kvetn\u00e9 t\u00f3ny \u010dere\u0161\u0148ov\u00fdch kvetov s robustn\u00fdmi, na vinici dozret\u00fdmi tmav\u00fdmi bobu\u013eami.<\/li>\n<li style=\"background: #fff; padding: 15px; border: 1px solid #e1e8ed; border-radius: 8px; box-shadow: 0 2px 5px rgba(0,0,0,0.02);\">Jahodov\u00e1 Kiwi: D\u00f4kladne vyv\u00e1\u017een\u00e1 zmes zv\u00fdraz\u0148uj\u00faca sladk\u00e9 letn\u00e9 bobule kr\u00e1sne kontrastovan\u00e9 kyslou, exotickou zelenou ovoc\u00edm.<\/li>\n<li style=\"background: #fff; padding: 15px; border: 1px solid #e1e8ed; border-radius: 8px; box-shadow: 0 2px 5px rgba(0,0,0,0.02);\">Strawberry Blueberry: Komplexn\u00e1 zmes lesn\u00fdch bob\u00fa\u013e pon\u00fakaj\u00faca sladk\u00e9 horn\u00e9 t\u00f3ny a mierne kysl\u00e9 spodn\u00e9 t\u00f3ny pre vrstven\u00fd senzorick\u00fd z\u00e1\u017eitok.<\/li>\n<li style=\"background: #fff; padding: 15px; border: 1px solid #e1e8ed; border-radius: 8px; box-shadow: 0 2px 5px rgba(0,0,0,0.02);\">Mel\u00f3nov\u00fd \u013ead: \u0160pecializovan\u00e1 chladiv\u00e1 formul\u00e1cia dod\u00e1vaj\u00faca bohat\u00fa podstatu letn\u00e9ho mel\u00f3nu v kombin\u00e1cii s ostr\u00fdm, mraziv\u00fdm v\u00fddychom.<\/li>\n<li style=\"background: #fff; padding: 15px; border: 1px solid #e1e8ed; border-radius: 8px; box-shadow: 0 2px 5px rgba(0,0,0,0.02);\">\u010cere\u0161\u0148a Cantaloupe: Inovat\u00edvne spojenie vyu\u017e\u00edvaj\u00face v\u00fdraznos\u0165 kysl\u00fdch ovocn\u00fdch stromov zmiernen\u00fa sladk\u00fdmi, jemn\u00fdmi t\u00f3nmi mel\u00f3nu.<\/li>\n<li style=\"background: #fff; padding: 15px; border: 1px solid #e1e8ed; border-radius: 8px; box-shadow: 0 2px 5px rgba(0,0,0,0.02);\">Vodov\u00e1 bublina: Nostalgick\u00fd profil in\u0161pirovan\u00fd cukrovinkami, silno nas\u00fdten\u00fd \u013eahk\u00fdmi, vzdu\u0161n\u00fdmi ar\u00f3mami mel\u00f3nu.<\/li>\n<li style=\"background: #fff; padding: 15px; border: 1px solid #e1e8ed; border-radius: 8px; box-shadow: 0 2px 5px rgba(0,0,0,0.02);\">Jablkov\u00e1 bobu\u013ea: Chrumkav\u00e9, mierne kysl\u00e9 t\u00f3ny ovocn\u00e9ho sadu s\u00fa harmonicky vrstven\u00e9 s vybran\u00fdm v\u00fdberom divok\u00fdch lesn\u00fdch bob\u00fa\u013e.<\/li>\n<li style=\"background: #fff; padding: 15px; border: 1px solid #e1e8ed; border-radius: 8px; box-shadow: 0 2px 5px rgba(0,0,0,0.02);\">Modr\u00e1 marshmallow: Jedine\u010dn\u00fd cukr\u00e1rsky v\u00fdrobok vyroben\u00fd z roztiahnut\u00e9ho cukru, ktor\u00fd obsahuje n\u00e1dherne jemn\u00e9, sladk\u00e9 t\u00f3ny bob\u00fa\u013e po cel\u00fd \u010das \u0165ahu.<\/li>\n<li style=\"background: #fff; padding: 15px; border: 1px solid #e1e8ed; border-radius: 8px; box-shadow: 0 2px 5px rgba(0,0,0,0.02);\">Brosky\u0148a Hru\u0161ka: Vysoko harmonick\u00e1 zmes m\u00e4kk\u00fdch ovocn\u00fdch k\u00f4stkov\u00fdch plodov z ovocn\u00e9ho sadu a chrumkav\u00fdch, jemn\u00fdch hru\u0161iek z ovocn\u00e9ho sadu, poskytuj\u00faca hladk\u00fd profil.<\/li>\n<li style=\"background: #fff; padding: 15px; border: 1px solid #e1e8ed; border-radius: 8px; box-shadow: 0 2px 5px rgba(0,0,0,0.02);\">Anan\u00e1sov\u00fd kokosov\u00fd \u013ead: Chladen\u00fd tropick\u00fd koktailov\u00fd profil s ostr\u00fdmi, \u017eiv\u00fdmi tropick\u00fdmi t\u00f3nmi obklopen\u00fdmi kr\u00e9mov\u00fdmi botanick\u00fdmi podt\u00f3nmi.<\/li>\n<li style=\"background: #fff; padding: 15px; border: 1px solid #e1e8ed; border-radius: 8px; box-shadow: 0 2px 5px rgba(0,0,0,0.02);\">Jahodov\u00fd \u013ead : Hlboko sladk\u00e9 ar\u00f3my vini\u010dov\u00e9ho ovocia, ktor\u00e9 s\u00fa odborn\u011b dokon\u010den\u00e9 ostr\u00fdm chladiv\u00fdm v\u00fddychov\u00fdm pocitom.<\/li>\n<li style=\"background: #fff; padding: 15px; border: 1px solid #e1e8ed; border-radius: 8px; box-shadow: 0 2px 5px rgba(0,0,0,0.02);\">Tropick\u00e9 Mango: Hlboko koncentrovan\u00fd exotick\u00fd profil k\u00f4stkov\u00e9ho ovocia zameran\u00fd v\u00fdlu\u010dne na poskytovanie bohat\u00fdch, sladk\u00fdch a autentick\u00fdch aromatick\u00fdch t\u00f3nov.<\/li>\n<\/ul>\n<h3 style=\"color: #2980b9; margin-top: 40px;\">Ve\u013ekoobchodn\u00e1 distrib\u00facia: posilnenie va\u0161ej maloobchodnej strat\u00e9gie<\/h3>\n<p style=\"text-align: justify;\">Pre profesion\u00e1lne maloobchodn\u00e9 predajne je z\u00edskavanie spo\u013eahliv\u00e9ho invent\u00e1ra z\u00e1kladn\u00fdm kame\u0148om rastu podnikania. Ako hlavn\u00fd distrib\u00fator jednorazov\u00fdch vapeov Vapexyz udr\u017eiava priame logistick\u00e9 partnerstv\u00e1 s v\u00fdrobn\u00fdmi z\u00e1vodmi najvy\u0161\u0161ej \u00farovne. Tento priamy dod\u00e1vate\u013esk\u00fd re\u0165azec z v\u00fdroby zabezpe\u010duje absol\u00fatnu autenticitu produktu, d\u00f4kladn\u00fa konzistenciu \u0161ar\u017e\u00ed a vysoko konkurencieschopn\u00e9 cenov\u00e9 modely.<\/p>\n<p style=\"text-align: justify;\">Odstra\u0148ujeme extr\u00e9mne prek\u00e1\u017eky vstupu t\u00fdm, \u017ee pon\u00fakame minim\u00e1lnu objedn\u00e1vkov\u00fa mno\u017estvo (MOQ) len 10 kusov, \u010do umo\u017e\u0148uje podnikom testova\u0165 \u017eivotaschopnos\u0165 trhu na r\u00f4znych \u00farovniach koncentr\u00e1cie a aromatick\u00fdch profiloch bez z\u00e1v\u00e4zku vo\u010di mas\u00edvnym kapit\u00e1lov\u00fdm v\u00fddavkom. Na\u0161a zaveden\u00e1 distribu\u010dn\u00e1 sie\u0165 je podporen\u00e1 8 rokmi sk\u00fasenost\u00ed v odvetv\u00ed, \u010do v\u00e1m poskytuje d\u00f4veryhodn\u00e9ho partnera schopn\u00e9ho \u0161k\u00e1lova\u0165 spolu s va\u0161imi prev\u00e1dzkov\u00fdmi po\u017eiadavkami. T\u00fdm, \u017ee skladujete AIVONO AIM TANK, poskytujete svojim z\u00e1kazn\u00edkom d\u00f4kladne testovan\u00e9, s\u00faladn\u00e9 a vysoko pokro\u010dil\u00e9 jednorazov\u00e9 vape produkty, ktor\u00e9 garantuj\u00fa spokojnos\u0165 a podporuj\u00fa opakovan\u00e9 podnikanie.<\/p>\n<h3 style=\"color: #2980b9; margin-top: 40px; border-bottom: 2px solid #ecf0f1; padding-bottom: 10px;\">\u010casto kladen\u00e9 ot\u00e1zky (FAQ)<\/h3>\n<div style=\"margin-top: 20px;\">\n<div style=\"margin-bottom: 20px; border: 1px solid #e1e8ed; border-radius: 8px; overflow: hidden;\">\n<div style=\"background-color: #f8f9fa; padding: 15px; border-bottom: 1px solid #e1e8ed; font-weight: bold; color: #2c3e50;\">Ako m\u00f4\u017eem prep\u00edna\u0165 medzi r\u00f4znymi re\u017eimami nap\u00e1jania?<\/div>\n<div style=\"padding: 15px; background-color: #ffffff; color: #555;\">Ak chcete upravi\u0165 v\u00fdstup v\u00fdkonu, r\u00fdchlo stla\u010dte aktiva\u010dn\u00e9 tla\u010didlo dvakr\u00e1t. Vstavan\u00fd LED indik\u00e1tor bude blika\u0165 zelenou farbou, \u010do znamen\u00e1 \u0161tandardn\u00fd re\u017eim 11W (maximalizuj\u00faci \u017eivotnos\u0165 a\u017e do 9500 pou\u017eit\u00ed) alebo \u010dervenou farbou pre re\u017eim zv\u00fd\u0161en\u00e9ho v\u00fdkonu 16W (produkuj\u00faci hustej\u0161iu paru pre pribli\u017ene 7000 pou\u017eit\u00ed).<\/div>\n<\/div>\n<div style=\"margin-bottom: 20px; border: 1px solid #e1e8ed; border-radius: 8px; overflow: hidden;\">\n<div style=\"background-color: #f8f9fa; padding: 15px; border-bottom: 1px solid #e1e8ed; font-weight: bold; color: #2c3e50;\">Ako funguje bezpe\u010dnostn\u00fd mechanizmus ochrany det\u00ed?<\/div>\n<div style=\"padding: 15px; background-color: #ffffff; color: #555;\">Zariadenie obsahuje elektronick\u00fd bezpe\u010dnostn\u00fd z\u00e1mok. Stla\u010den\u00edm a podr\u017ean\u00edm tla\u010didla nepretr\u017eite po dobu 2 sek\u00fand sa vn\u00fatorn\u00fd obvod deaktivuje, \u010d\u00edm sa zabr\u00e1ni zariadeniu produkova\u0165 paru. Opakovan\u00edm 2-sekundov\u00e9ho podr\u017eania sa vn\u00fatorn\u00fd obvod znovu aktivuje.<\/div>\n<\/div>\n<div style=\"margin-bottom: 20px; border: 1px solid #e1e8ed; border-radius: 8px; overflow: hidden;\">\n<div style=\"background-color: #f8f9fa; padding: 15px; border-bottom: 1px solid #e1e8ed; font-weight: bold; color: #2c3e50;\">Ak\u00fd nab\u00edjac\u00ed protokol by som mal pou\u017ei\u0165 na zachovanie zdravia bat\u00e9rie?<\/div>\n<div style=\"padding: 15px; background-color: #ffffff; color: #555;\">Integrovan\u00e1 l\u00edtium-i\u00f3nov\u00e1 bat\u00e9ria s kapacitou 650mAh vy\u017eaduje k\u00e1bel typu C. Pre optim\u00e1lnu \u017eivotnos\u0165 bat\u00e9rie a prevenciu prehriatia d\u00f4razne odpor\u00fa\u010dame pou\u017e\u00edva\u0165 \u0161tandardn\u00fd nab\u00edjac\u00ed blok 5V\/1A. Vyhnite sa pou\u017e\u00edvaniu vysokovoltov\u00fdch r\u00fdchlonab\u00edja\u010diek ur\u010den\u00fdch pre notebooky alebo v\u00e4\u010d\u0161ie elektronick\u00e9 zariadenia.<\/div>\n<\/div>\n<div style=\"margin-bottom: 20px; border: 1px solid #e1e8ed; border-radius: 8px; overflow: hidden;\">\n<div style=\"background-color: #f8f9fa; padding: 15px; border-bottom: 1px solid #e1e8ed; font-weight: bold; color: #2c3e50;\">Ak\u00e9 s\u00fa dostupn\u00e9 \u00farovne koncentr\u00e1cie?<\/div>\n<div style=\"padding: 15px; background-color: #ffffff; color: #555;\">Aby bolo mo\u017en\u00e9 uspokojova\u0165 \u0161irok\u00e9 spektrum pou\u017e\u00edvate\u013esk\u00fdch preferenci\u00ed, zariadenie je mo\u017en\u00e9 zak\u00fapi\u0165 s predplnen\u00fdmi roztokmi pevnej koncentr\u00e1cie 0%, 2%, 3% alebo 5%, \u010do umo\u017e\u0148uje presn\u00fa kontrolu nad intenzitou z\u00e1\u017eitku.<\/div>\n<\/div>\n<div style=\"margin-bottom: 20px; border: 1px solid #e1e8ed; border-radius: 8px; overflow: hidden;\">\n<div style=\"background-color: #f8f9fa; padding: 15px; border-bottom: 1px solid #e1e8ed; font-weight: bold; color: #2c3e50;\">Ako m\u00f4\u017eem uskuto\u010dni\u0165 ve\u013ekoobchodn\u00fa objedn\u00e1vku cez Vapexyz?<\/div>\n<div style=\"padding: 15px; background-color: #ffffff; color: #555;\">Mal\u00ed predajcovia m\u00f4\u017eu iniciova\u0165 ve\u013ekoobchodn\u00fa objedn\u00e1vku priamo prostredn\u00edctvom n\u00e1\u0161ho B2B port\u00e1lu. Udr\u017eiavame vysoko dostupn\u00fa minim\u00e1lnu objedn\u00e1vkov\u00fa mno\u017estvo (MOQ) presne 10 jednotiek, \u010do v\u00e1m umo\u017e\u0148uje bezprobl\u00e9movo integrova\u0165 tieto pr\u00e9miov\u00e9 jednorazov\u00e9 vapes do v\u00e1\u0161ho existuj\u00faceho invent\u00e1ra za ceny priamo z tov\u00e1rne.<\/div>\n<\/div>\n<\/div>\n<\/article>","protected":false},"excerpt":{"rendered":"<p>AIVONO AIM TANK 9500 Puffs, dostupn\u00fd na Vapexyz, je vysokokapacitn\u00fd, dob\u00edjate\u013en\u00fd jednorazov\u00fd vape, ktor\u00fd pon\u00faka a\u017e 9500 potiahnut\u00ed s r\u00f4znymi pr\u00edchu\u0165ami a pokro\u010dil\u00fdmi funkciami pre vynikaj\u00faci z\u00e1\u017eitok z vapovania.<\/p>","protected":false},"featured_media":31338,"comment_status":"open","ping_status":"closed","template":"","meta":{"_lmt_disableupdate":"no","_lmt_disable":""},"product_brand":[],"product_cat":[944,1018,1020,935,934,927,929,928,930,933,939,932,938,931,936,937,1017,1021,946,1023,1025,1026,1027,951,1029,1030,1033,1034,953,1037,820,987,1038],"product_tag":[],"class_list":{"0":"post-31199","1":"product","2":"type-product","3":"status-publish","4":"has-post-thumbnail","6":"product_cat-aivono","7":"product_cat-apple-flavor-disposable-vapes","8":"product_cat-blueberry-flavor-disposable-vapes","9":"product_cat-bulk-buy-disposable-vapes-in-austria","10":"product_cat-bulk-buy-disposable-vapes-in-belgium","11":"product_cat-bulk-buy-disposable-vapes-in-europe","12":"product_cat-bulk-buy-disposable-vapes-in-france","13":"product_cat-bulk-buy-disposable-vapes-in-germany","14":"product_cat-bulk-buy-disposable-vapes-in-italy","15":"product_cat-bulk-buy-disposable-vapes-in-netherlands","16":"product_cat-bulk-buy-disposable-vapes-in-norway","17":"product_cat-bulk-buy-disposable-vapes-in-poland","18":"product_cat-bulk-buy-disposable-vapes-in-portugal","19":"product_cat-bulk-buy-disposable-vapes-in-spain","20":"product_cat-bulk-buy-disposable-vapes-in-sweden","21":"product_cat-bulk-buy-disposable-vapes-in-switzerland","22":"product_cat-buy-best-disposable-vape-flavors","23":"product_cat-cherry-flavor-disposable-vapes","24":"product_cat-disposable-vapes-series","25":"product_cat-grape-flavor-disposable-vapes","26":"product_cat-ice-flavor-disposable-vapes","27":"product_cat-kiwi-flavor-disposable-vapes","28":"product_cat-lemon-flavor-disposable-vapes","29":"product_cat-lower-nicotine-vapes","30":"product_cat-mango-flavor-disposable-vapes","31":"product_cat-mint-flavor-disposable-vapes","32":"product_cat-peach-flavor-disposable-vapes","33":"product_cat-pineapple-flavor-disposable-vapes","34":"product_cat-rechargeable-vapes","35":"product_cat-strawberry-flavor-disposable-vapes","36":"product_cat-vape","37":"product_cat-vape-shop-by-puffs","38":"product_cat-watermelon-flavor-disposable-vapes","40":"first","41":"outofstock","42":"shipping-taxable","43":"purchasable","44":"product-type-variable","45":"has-default-attributes"},"jetpack_sharing_enabled":true,"tiered_pricing_type":"fixed","tiered_pricing_fixed_rules":[],"tiered_pricing_product_settings":{"layout":"default","base_unit_name":{"singular":null,"plural":null},"default_variation":null},"tiered_pricing_minimum_quantity":null,"tiered_pricing_roles_data":[],"tiered_pricing_percentage_rules":[],"tiered_pricing_maximum_quantity":null,"tiered_pricing_quantity_step":null,"_links":{"self":[{"href":"https:\/\/vapexyz.com\/sk\/wp-json\/wp\/v2\/product\/31199","targetHints":{"allow":["GET"]}}],"collection":[{"href":"https:\/\/vapexyz.com\/sk\/wp-json\/wp\/v2\/product"}],"about":[{"href":"https:\/\/vapexyz.com\/sk\/wp-json\/wp\/v2\/types\/product"}],"replies":[{"embeddable":true,"href":"https:\/\/vapexyz.com\/sk\/wp-json\/wp\/v2\/comments?post=31199"}],"wp:featuredmedia":[{"embeddable":true,"href":"https:\/\/vapexyz.com\/sk\/wp-json\/wp\/v2\/media\/31338"}],"wp:attachment":[{"href":"https:\/\/vapexyz.com\/sk\/wp-json\/wp\/v2\/media?parent=31199"}],"wp:term":[{"taxonomy":"product_brand","embeddable":true,"href":"https:\/\/vapexyz.com\/sk\/wp-json\/wp\/v2\/product_brand?post=31199"},{"taxonomy":"product_cat","embeddable":true,"href":"https:\/\/vapexyz.com\/sk\/wp-json\/wp\/v2\/product_cat?post=31199"},{"taxonomy":"product_tag","embeddable":true,"href":"https:\/\/vapexyz.com\/sk\/wp-json\/wp\/v2\/product_tag?post=31199"}],"curies":[{"name":"wp","href":"https:\/\/api.w.org\/{rel}","templated":true}]}}