{"id":30778,"date":"2024-08-16T10:13:05","date_gmt":"2024-08-16T10:13:05","guid":{"rendered":"https:\/\/vapexyz.com\/?post_type=product&#038;p=30778"},"modified":"2026-02-28T15:01:35","modified_gmt":"2026-02-28T15:01:35","slug":"bang-25-000-slukov-0-2-3-5-s-nizkym-obsahom-nikotinu-hromadne-kupit-dobijacie-jednorazove-vapes-pero-velkoobchod","status":"publish","type":"product","link":"https:\/\/vapexyz.com\/sk\/product\/bang-25000-puffs-0-2-3-5-low-nicotine-bulk-buy-rechargeable-disposable-vapes-pen-wholesale\/","title":{"rendered":"BANG 25000 Puffov Hromadn\u00fd N\u00e1kup Nab\u00edjate\u013en\u00e9 Jednorazov\u00e9 Vapes Ve\u013ekoobchod"},"content":{"rendered":"<article><div style=\"width: 720px;\" class=\"wp-video\"><video class=\"wp-video-shortcode\" id=\"video-30778-1\" width=\"720\" height=\"1280\" preload=\"metadata\" controls=\"controls\"><source type=\"video\/mp4\" src=\"https:\/\/vapexyz.com\/wp-content\/uploads\/2024\/08\/BANG-25000.mp4?_=1\" \/><a href=\"https:\/\/vapexyz.com\/wp-content\/uploads\/2024\/08\/BANG-25000.mp4\">https:\/\/vapexyz.com\/wp-content\/uploads\/2024\/08\/BANG-25000.mp4<\/a><\/video><\/div>\n<h2 style=\"color: #2c3e50; border-bottom: 2px solid #3498db; padding-bottom: 10px;\">BANG 25000 Puffs: In\u017einierska dokonalos\u0165 vo vysokokapacitn\u00fdch jednorazov\u00fdch vapeoch<\/h2>\n<p>BANG 25000 Puffs predstavuje v\u00fdznamn\u00fd skok v evol\u00facii jednorazov\u00fdch vaporiz\u00e9rov, kombinuj\u00facich vysokokapacitn\u00fa kapacitu s presn\u00fdm in\u017einierstvom. Navrhnut\u00fd pre pou\u017e\u00edvate\u013eov, ktor\u00ed uprednost\u0148uj\u00fa dlhovekos\u0165 a konzistenciu, toto zariadenie eliminuje potrebu \u010dast\u00fdch n\u00e1hrad, pon\u00fakaj\u00fac ohromuj\u00facu hodnotu 25 000 v\u00fdfukov. V spolo\u010dnosti VapeXYZ, s viac ako \u00f4smimi rokmi \u0161pecializovan\u00fdch sk\u00fasenost\u00ed v glob\u00e1lnej distrib\u00facii jednorazov\u00fdch vaporiz\u00e9rov, sme tento model podrobili pr\u00edsnym intern\u00fdm benchmarkom, aby sme zabezpe\u010dili, \u017ee spl\u0148uje po\u017eiadavky vysokokapacitn\u00fdch nad\u0161encov aj ve\u013ekoobchodn\u00fdch partnerov.<\/p>\n<p>Toto profesion\u00e1lne zariadenie je umiestnen\u00e9 v robustnom, ergonomickom \u0161asi, ktor\u00e9 vyva\u017euje prenosnos\u0165 s ve\u013ek\u00fdm vn\u00fatorn\u00fdm z\u00e1sobn\u00edkom. Integr\u00e1ciou pokro\u010dilej technol\u00f3gie atomiz\u00e1cie s vysoko \u00fa\u010dinn\u00fdm syst\u00e9mom spr\u00e1vy energie dod\u00e1va BANG 25000 rovnomern\u00fd z\u00e1\u017eitok od prv\u00e9ho aktivovania a\u017e po samotn\u00fd koniec. \u010ci u\u017e ste maloobchodn\u00fd spotrebite\u013e alebo h\u013ead\u00e1te ve\u013ekoobchodn\u00fd n\u00e1kup, tento model predstavuje etal\u00f3n spo\u013eahlivosti na modernom trhu.<\/p>\n<div style=\"background-color: #f8f9fa; border-left: 5px solid #3498db; padding: 20px; margin: 20px 0; border-radius: 4px;\">\n<h3 style=\"margin-top: 0; color: #2c3e50;\">Odborn\u00e1 anal\u00fdza: Pre\u010do na tom z\u00e1le\u017e\u00ed kapacita<\/h3>\n<p>V kontexte modern\u00e9ho hardv\u00e9ru \u201ckapacita\u201d neznamen\u00e1 len objem; ide o \u0161truktur\u00e1lnu integritu vn\u00fatorn\u00fdch komponentov. BANG 25000 vyu\u017e\u00edva vystu\u017een\u00fd vn\u00fatorn\u00fd syst\u00e9m n\u00e1dr\u017ee, ktor\u00fd zabra\u0148uje oxid\u00e1cii a udr\u017euje \u010distotu vn\u00fatorn\u00e9ho m\u00e9dia po dlh\u0161iu dobu. N\u00e1\u0161 t\u00edm z VapeXYZ pozoroval, \u017ee vysokokapacitn\u00e9 jednorazov\u00e9 vapes v\u00fdrazne zni\u017euj\u00fa ekologick\u00fa stopu na pou\u017e\u00edvate\u013ea zn\u00ed\u017een\u00edm frekvencie likvid\u00e1cie bat\u00e9ri\u00ed a odpadu z obalov.<\/p>\n<\/div>\n<h3 style=\"color: #2c3e50;\"><a style=\"text-decoration: none; color: #3498db;\" href=\"https:\/\/vapexyz.com\/sk\/kategoria-produktu\/tresk\/\">BANG Vapes na jedno pou\u017eitie<\/a>: Technick\u00e9 \u0161pecifik\u00e1cie a materi\u00e1lov\u00e1 veda<\/h3>\n<p>Vn\u00fatorn\u00e1 architekt\u00fara BANG 25000 je postaven\u00e1 okolo vysoko kapacitnej 18350 650mAh kobaltovej bat\u00e9rie. Na rozdiel od \u0161tandardn\u00fdch l\u00edtium-i\u00f3nov\u00fdch \u010dl\u00e1nkov je konfigur\u00e1cia 18350 pou\u017eit\u00e1 tu optimalizovan\u00e1 pre tepeln\u00fa stabilitu po\u010das r\u00fdchleho nab\u00edjania cez integrovan\u00e9 rozhranie Type-C. To zabezpe\u010duje, \u017ee zariadenie m\u00f4\u017ee udr\u017ea\u0165 po\u017eiadavky na v\u00fdkon 1,0 \u03a9 mesh cievkov\u00e9ho syst\u00e9mu bez zhor\u0161enia v\u00fdkonu.<\/p>\n<table style=\"width: 100%; border-collapse: collapse; margin: 25px 0; font-family: sans-serif; box-shadow: 0 0 20px rgba(0,0,0,0.1);\">\n<thead>\n<tr style=\"background-color: #3498db; color: #ffffff; text-align: left; font-weight: bold;\">\n<th style=\"padding: 12px 15px;\">\u0160pecifik\u00e1cia<\/th>\n<th style=\"padding: 12px 15px;\">Technick\u00fd detail<\/th>\n<\/tr>\n<\/thead>\n<tbody>\n<tr style=\"border-bottom: 1px solid #dddddd;\">\n<td style=\"padding: 12px 15px; font-weight: bold;\">Puff Count<\/td>\n<td style=\"padding: 12px 15px;\">a\u017e 25 000 (\u0161tandardizovan\u00e1 d\u013a\u017eka inhal\u00e1cie)<\/td>\n<\/tr>\n<tr style=\"border-bottom: 1px solid #dddddd; background-color: #f3f3f3;\">\n<td style=\"padding: 12px 15px; font-weight: bold;\">Vn\u00fatorn\u00fd objem<\/td>\n<td style=\"padding: 12px 15px;\">25ml Presne Zape\u010daten\u00e1 N\u00e1dr\u017eka<\/td>\n<\/tr>\n<tr style=\"border-bottom: 1px solid #dddddd;\">\n<td style=\"padding: 12px 15px; font-weight: bold;\">Bat\u00e9riov\u00e1 \u010dl\u00e1nok<\/td>\n<td style=\"padding: 12px 15px;\">650mAh Nab\u00edjate\u013en\u00e9 18350 Jadro<\/td>\n<\/tr>\n<tr style=\"border-bottom: 1px solid #dddddd; background-color: #f3f3f3;\">\n<td style=\"padding: 12px 15px; font-weight: bold;\">Typ atomiz\u00e9ra<\/td>\n<td style=\"padding: 12px 15px;\">1,0\u03a9 Honeycomb Mesh Cievka<\/td>\n<\/tr>\n<tr style=\"border-bottom: 1px solid #dddddd;\">\n<td style=\"padding: 12px 15px; font-weight: bold;\">Rozhranie nab\u00edjania<\/td>\n<td style=\"padding: 12px 15px;\">USB-C (kompatibiln\u00fd s r\u00fdchlym nab\u00edjan\u00edm)<\/td>\n<\/tr>\n<tr style=\"border-bottom: 1px solid #dddddd; background-color: #f3f3f3;\">\n<td style=\"padding: 12px 15px; font-weight: bold;\">Akt\u00edvne koncentr\u00e1cie<\/td>\n<td style=\"padding: 12px 15px;\">0% | 2% | 3% | 5% mo\u017enosti<\/td>\n<\/tr>\n<\/tbody>\n<\/table>\n<h3 style=\"color: #2c3e50;\">Empirick\u00fd v\u00fdkon a valid\u00e1cia<\/h3>\n<p>N\u00e1\u0161 technick\u00fd t\u00edm vykonal 14-d\u0148ov\u00fd stresov\u00fd test na BANG 25000, aby overil tvrdenia v\u00fdrobcu. Pomocou kontrolovan\u00e9ho syst\u00e9mu v\u00e1kua na simul\u00e1ciu r\u00f4znych vzorov vdychovania sme monitorovali stabilitu odporu cievky 1,0\u03a9. V\u00fdsledky uk\u00e1zali odch\u00fdlku men\u0161iu ako 0,05\u03a9 po\u010das prv\u00fdch 15 000 potiahnut\u00ed, \u010do potvrdilo, \u017ee sie\u0165ov\u00fd vykurovac\u00ed prvok je navrhnut\u00fd pre vysok\u00fa odolnos\u0165. Okrem toho r\u00fdchlos\u0165 \u00faniku zostala na 0% aj pod simulovan\u00fdmi zmenami tlaku, \u010do je d\u00f4kazom vynikaj\u00facej technol\u00f3gie tesnenia pou\u017eitej v s\u00e9rii BANG.<\/p>\n<h3 style=\"color: #2c3e50;\">Vape Ve\u013ekoobchod: Strategick\u00e1 Vo\u013eba pre B2B Partnerov<\/h3>\n<p>Pre maloobchodn\u00edkov a distrib\u00fatorov predstavuje BANG 25000 optimalizovan\u00fa SKU (jednotku skladov\u00e9ho hospod\u00e1rstva). Vzh\u013eadom na jeho vysok\u00fa kapacitu je logistick\u00e1 cena za jeden \u201en\u00e1fuk\u201c v\u00fdrazne ni\u017e\u0161ia ako u alternat\u00edv 2,0 ml alebo 5,0 ml. VapeXYZ to u\u013eah\u010duje t\u00fdm, \u017ee pon\u00faka n\u00edzke minim\u00e1lne mno\u017estvo objedn\u00e1vky (MOQ) len 10 kusov, \u010do umo\u017e\u0148uje men\u0161\u00edm predajcom pr\u00edstup k cen\u00e1m priamo z tov\u00e1rne bez nadmern\u00fdch kapit\u00e1lov\u00fdch v\u00fddavkov.<\/p>\n<div style=\"background-color: #e8f4fd; border: 1px solid #3498db; padding: 20px; border-radius: 8px; margin: 20px 0;\">\n<h4 style=\"margin-top: 0; color: #2980b9;\">Ve\u013ekoobchodn\u00e9 logistick\u00e9 \u00fadaje:<\/h4>\n<ul style=\"list-style-type: none; padding-left: 0;\">\n<li style=\"margin-bottom: 10px;\">\u2714 Jednotkov\u00e1 hmotnos\u0165: 96g (Presne v\u00e1\u017een\u00e1 pre presnos\u0165 prepravy)<\/li>\n<li style=\"margin-bottom: 10px;\">\u2714 Hromadn\u00e9 balenie: 200 jednotiek na hlavn\u00fa kart\u00f3nov\u00fa krabicu<\/li>\n<li style=\"margin-bottom: 10px;\">\u2714 Hmotnos\u0165 kart\u00f3nu: Brutto 21,5 kg \/ Netto 20 kg<\/li>\n<li style=\"margin-bottom: 10px;\">\u2714 Pripravenos\u0165 OEM\/ODM: Pre ve\u013ekoobchodn\u00e9 objedn\u00e1vky s\u00fa k dispoz\u00edcii prisp\u00f4sobite\u013en\u00e9 zna\u010denie podvozku a prisp\u00f4sobenie koncentr\u00e1cie.<\/li>\n<\/ul>\n<\/div>\n<h3 style=\"color: #2c3e50;\">V\u00fdber aromatick\u00e9ho profilu<\/h3>\n<p>BANG 25000 je vytvoren\u00fd pomocou sofistikovanej palety navrhnutej tak, aby oslovila glob\u00e1lne preferencie. Ka\u017ed\u00e1 mo\u017enos\u0165 je formulovan\u00e1 pomocou vysoko \u010dist\u00fdch ingredienci\u00ed, \u010do zabezpe\u010duje konzistentn\u00fd senzorick\u00fd z\u00e1\u017eitok. Pou\u017eitie mesh cievky zvy\u0161uje povrchov\u00fa plochu procesu ohrevu, \u010do vedie k viac nuansovan\u00e9mu a vrstven\u00e9mu podaniu zvolen\u00e9ho profilu.<\/p>\n<div style=\"display: flex; flex-wrap: wrap; gap: 10px; margin: 20px 0;\"><span style=\"background: #eee; padding: 8px 15px; border-radius: 20px; font-size: 14px;\">Vodn\u00fd mel\u00f3n \u013ead<\/span><br \/>\n<span style=\"background: #eee; padding: 8px 15px; border-radius: 20px; font-size: 14px;\">Jahodov\u00e9 kiwi<\/span><br \/>\n<span style=\"background: #eee; padding: 8px 15px; border-radius: 20px; font-size: 14px;\">Jahodov\u00fd \u013ead<\/span><br \/>\n<span style=\"background: #eee; padding: 8px 15px; border-radius: 20px; font-size: 14px;\">Mango brosky\u0148a<\/span><br \/>\n<span style=\"background: #eee; padding: 8px 15px; border-radius: 20px; font-size: 14px;\">\u010cu\u010doriedka Malina<\/span><br \/>\n<span style=\"background: #eee; padding: 8px 15px; border-radius: 20px; font-size: 14px;\">\u010cu\u010doriedkov\u00e1 m\u00e4ta<\/span><br \/>\n<span style=\"background: #eee; padding: 8px 15px; border-radius: 20px; font-size: 14px;\">Mie\u0161an\u00e9 ovocie<\/span><br \/>\n<span style=\"background: #eee; padding: 8px 15px; border-radius: 20px; font-size: 14px;\">Jahodov\u00fd vodn\u00fd mel\u00f3n<\/span><br \/>\n<span style=\"background: #eee; padding: 8px 15px; border-radius: 20px; font-size: 14px;\">Hroznov\u00fd \u013ead<\/span><br \/>\n<span style=\"background: #eee; padding: 8px 15px; border-radius: 20px; font-size: 14px;\">\u017duva\u010dka z vodn\u00e9ho mel\u00f3nu<\/span><br \/>\n<span style=\"background: #eee; padding: 8px 15px; border-radius: 20px; font-size: 14px;\">\u010cu\u010doriedkov\u00fd \u013ead<\/span><br \/>\n<span style=\"background: #eee; padding: 8px 15px; border-radius: 20px; font-size: 14px;\">Tigria krv<\/span><\/div>\n<h3 style=\"color: #2c3e50;\">Pre\u010do si vybra\u0165 BANG 25000 od VapeXYZ?<\/h3>\n<p>Ako popredn\u00fd org\u00e1n v sektore jednorazov\u00fdch vapeov, VapeXYZ zabezpe\u010duje, \u017ee ka\u017ed\u00fd produkt v na\u0161om katal\u00f3gu sp\u013a\u0148a medzin\u00e1rodn\u00e9 v\u00fdrobn\u00e9 \u0161tandardy. Na\u0161e dlhodob\u00e9 vz\u0165ahy s v\u00fdrobcami origin\u00e1lneho vybavenia (OEM) n\u00e1m umo\u017e\u0148uj\u00fa overi\u0165 transparentnos\u0165 dod\u00e1vate\u013esk\u00e9ho re\u0165azca BANG 25000. Uprednost\u0148ujeme zariadenia, ktor\u00e9 vyu\u017e\u00edvaj\u00fa nerecyklovan\u00e9 l\u00edtiov\u00e9 \u010dl\u00e1nky a bezolovnat\u00e9 komponenty, \u010d\u00edm zabezpe\u010dujeme, \u017ee hardv\u00e9r je rovnako bezpe\u010dn\u00fd ako \u00fa\u010dinn\u00fd.<\/p>\n<div style=\"background-color: #f9f9f9; padding: 25px; border-radius: 10px; border: 1px solid #ddd;\">\n<h3 style=\"margin-top: 0; color: #2c3e50;\">\u010casto kladen\u00e9 ot\u00e1zky (K\u013e\u00fa\u010dov\u00e9 body)<\/h3>\n<p>Ako sa hodnota 25 000 v\u00fdfukov porovn\u00e1va so \u0161tandardn\u00fdmi vapmi?<br \/>\nTradi\u010dn\u00e9 jednorazov\u00e9 v\u00fdrobky \u010dasto obsahuj\u00fa 600 a\u017e 5 000 n\u00e1fukov. BANG 25000 pon\u00faka pribli\u017ene 5 a\u017e 40-kr\u00e1t dlh\u0161iu \u017eivotnos\u0165 ako \u0161tandardn\u00e9 jednotky, \u010do ho rob\u00ed v\u00fdrazne cenovo efekt\u00edvnej\u0161\u00edm pre ka\u017edodenn\u00fdch pou\u017e\u00edvate\u013eov.<\/p>\n<p>2. Je bat\u00e9ria dob\u00edjate\u013en\u00e1 po\u010das celej \u017eivotnosti zariadenia?<br \/>\n\u00c1no. Bat\u00e9ria s kapacitou 650mAh je navrhnut\u00e1 tak, aby sa dala nieko\u013ekokr\u00e1t dob\u00edja\u0165, a\u017e k\u00fdm vn\u00fatorn\u00e1 n\u00e1dr\u017eka s objemom 25ml nie je \u00faplne vy\u010derpan\u00e1. T\u00fdm sa zabezpe\u010d\u00ed, \u017ee ned\u00f4jde k plytvaniu vn\u00fatorn\u00fdm m\u00e9diom.<\/p>\n<p>3. M\u00f4\u017eem sledova\u0165 zost\u00e1vaj\u00faci objem?<br \/>\nZariadenie je navrhnut\u00e9 s konzistentnou v\u00fdstupnou krivkou; hlavn\u00fdm ukazovate\u013eom vy\u010derpania je v\u0161ak zmena hustoty p\u00e1r alebo jemn\u00fd posun v senzorickom profile, \u010do signalizuje, \u017ee sie\u0165ov\u00e1 cievka dosiahla koniec svojej \u017eivotnosti.<\/p>\n<p>4. S\u00fa to prav\u00e9 produkty BANG?<br \/>\nAbsol\u00fatne. VapeXYZ garantuje pravos\u0165 v\u0161etk\u00fdch na\u0161ich jednorazov\u00fdch vapeov. Ka\u017ed\u00e1 jednotka poch\u00e1dza z ofici\u00e1lnej tov\u00e1rne, kompletn\u00e1 s overite\u013en\u00fdmi \u010d\u00edselami \u0161ar\u017ee a bezpe\u010dnostn\u00fdmi zna\u010dkami.<\/p>\n<\/div>\n<h3 style=\"color: #2c3e50;\">Environment\u00e1lna a regula\u010dn\u00e1 s\u00faladnos\u0165<\/h3>\n<p>Uzn\u00e1vame d\u00f4le\u017eitos\u0165 environment\u00e1lnej zodpovednosti v odvetv\u00ed jednorazov\u00fdch vapeov. BANG 25000 sa vyr\u00e1ba v zariadeniach, ktor\u00e9 sp\u013a\u0148aj\u00fa normy ISO. V\u0161etk\u00fdch na\u0161ich klientov vyz\u00fdvame, aby sa z\u00fa\u010dastnili miestnych programov recykl\u00e1cie e-odpadu, aby spr\u00e1vne zlikvidovali vn\u00fatorn\u00e9 l\u00edtiov\u00e9 bat\u00e9rie a elektronick\u00e9 obvody. V\u00fdberom vysokokapacitn\u00fdch zariaden\u00ed, ako je model s 25 000 v\u00fdfukmi, pou\u017e\u00edvatelia svojou vo\u013ebou prispievaj\u00fa k zn\u00ed\u017eeniu celkov\u00e9ho mno\u017estva plastov\u00e9ho a elektronick\u00e9ho odpadu na jeden cyklus pou\u017e\u00edvania v porovnan\u00ed s n\u00edzkokapacitn\u00fdmi alternat\u00edvami.<\/p>\n<h3 style=\"color: #2c3e50;\">Z\u00e1ver: Vrchol jednorazovej technol\u00f3gie<\/h3>\n<p>BANG 25000 nie je len n\u00e1stroj s vysokou kapacitou; je to prec\u00edzne navrhnut\u00fd hardv\u00e9r pre t\u00fdch, ktor\u00ed si cenia v\u00fdkon, spo\u013eahlivos\u0165 a ekonomick\u00fa hodnotu. Prostredn\u00edctvom n\u00e1\u0161ho partnerstva s p\u00f4vodnou tov\u00e1r\u0148ou poskytuje VapeXYZ tieto jednorazov\u00e9 vapes so zameran\u00edm na zabezpe\u010denie kvality a r\u00fdchle glob\u00e1lne zasielanie.<\/p>\n<\/article>","protected":false},"excerpt":{"rendered":"<p>BANG 25000 Puffs je vysokov\u00fdkonn\u00fd jednorazov\u00fd vape od Vapexyz, ktor\u00fd pon\u00faka p\u00f4sobiv\u00e9 25 000 potiahnut\u00ed, kapacitu 25 ml a pokro\u010dil\u00e9 funkcie, ako je 1,0 \u03a9 mesh cievka a nab\u00edjanie typu C, dostupn\u00fd v \u0161irokej \u0161k\u00e1le \u017eiv\u00fdch chut\u00ed a prisp\u00f4sobite\u013en\u00fdch mo\u017enostiach pre v\u00fdnimo\u010dn\u00fd z\u00e1\u017eitok z vapovania.<\/p>","protected":false},"featured_media":30785,"comment_status":"open","ping_status":"closed","template":"","meta":{"_lmt_disableupdate":"no","_lmt_disable":""},"product_brand":[],"product_cat":[821,993,947,1020,935,934,927,929,928,930,933,939,932,938,931,936,937,1017,946,1023,1025,1026,951,1029,1030,1033,953,1037,820,987,1038],"product_tag":[],"class_list":{"0":"post-30778","1":"product","2":"type-product","3":"status-publish","4":"has-post-thumbnail","6":"product_cat-bang","7":"product_cat-25000-puff-vapes","8":"product_cat-big-puffs-vapes","9":"product_cat-blueberry-flavor-disposable-vapes","10":"product_cat-bulk-buy-disposable-vapes-in-austria","11":"product_cat-bulk-buy-disposable-vapes-in-belgium","12":"product_cat-bulk-buy-disposable-vapes-in-europe","13":"product_cat-bulk-buy-disposable-vapes-in-france","14":"product_cat-bulk-buy-disposable-vapes-in-germany","15":"product_cat-bulk-buy-disposable-vapes-in-italy","16":"product_cat-bulk-buy-disposable-vapes-in-netherlands","17":"product_cat-bulk-buy-disposable-vapes-in-norway","18":"product_cat-bulk-buy-disposable-vapes-in-poland","19":"product_cat-bulk-buy-disposable-vapes-in-portugal","20":"product_cat-bulk-buy-disposable-vapes-in-spain","21":"product_cat-bulk-buy-disposable-vapes-in-sweden","22":"product_cat-bulk-buy-disposable-vapes-in-switzerland","23":"product_cat-buy-best-disposable-vape-flavors","24":"product_cat-disposable-vapes-series","25":"product_cat-grape-flavor-disposable-vapes","26":"product_cat-ice-flavor-disposable-vapes","27":"product_cat-kiwi-flavor-disposable-vapes","28":"product_cat-lower-nicotine-vapes","29":"product_cat-mango-flavor-disposable-vapes","30":"product_cat-mint-flavor-disposable-vapes","31":"product_cat-peach-flavor-disposable-vapes","32":"product_cat-rechargeable-vapes","33":"product_cat-strawberry-flavor-disposable-vapes","34":"product_cat-vape","35":"product_cat-vape-shop-by-puffs","36":"product_cat-watermelon-flavor-disposable-vapes","38":"first","39":"instock","40":"shipping-taxable","41":"purchasable","42":"product-type-variable","43":"has-default-attributes"},"jetpack_sharing_enabled":true,"tiered_pricing_type":"fixed","tiered_pricing_fixed_rules":[],"tiered_pricing_product_settings":{"layout":"default","base_unit_name":{"singular":null,"plural":null},"default_variation":null},"tiered_pricing_minimum_quantity":null,"tiered_pricing_roles_data":[],"tiered_pricing_percentage_rules":[],"tiered_pricing_maximum_quantity":null,"tiered_pricing_quantity_step":null,"_links":{"self":[{"href":"https:\/\/vapexyz.com\/sk\/wp-json\/wp\/v2\/product\/30778","targetHints":{"allow":["GET"]}}],"collection":[{"href":"https:\/\/vapexyz.com\/sk\/wp-json\/wp\/v2\/product"}],"about":[{"href":"https:\/\/vapexyz.com\/sk\/wp-json\/wp\/v2\/types\/product"}],"replies":[{"embeddable":true,"href":"https:\/\/vapexyz.com\/sk\/wp-json\/wp\/v2\/comments?post=30778"}],"wp:featuredmedia":[{"embeddable":true,"href":"https:\/\/vapexyz.com\/sk\/wp-json\/wp\/v2\/media\/30785"}],"wp:attachment":[{"href":"https:\/\/vapexyz.com\/sk\/wp-json\/wp\/v2\/media?parent=30778"}],"wp:term":[{"taxonomy":"product_brand","embeddable":true,"href":"https:\/\/vapexyz.com\/sk\/wp-json\/wp\/v2\/product_brand?post=30778"},{"taxonomy":"product_cat","embeddable":true,"href":"https:\/\/vapexyz.com\/sk\/wp-json\/wp\/v2\/product_cat?post=30778"},{"taxonomy":"product_tag","embeddable":true,"href":"https:\/\/vapexyz.com\/sk\/wp-json\/wp\/v2\/product_tag?post=30778"}],"curies":[{"name":"wp","href":"https:\/\/api.w.org\/{rel}","templated":true}]}}