{"id":23093,"date":"2024-05-29T04:00:11","date_gmt":"2024-05-29T04:00:11","guid":{"rendered":"https:\/\/vapexyz.com\/?post_type=product&#038;p=23093"},"modified":"2026-03-03T15:17:33","modified_gmt":"2026-03-03T15:17:33","slug":"bang-box-vape-rocket-18000-slukov-led-displej-0-2-3-5-nikotin-hromadny-nakup-jednorazovych-vyparov-velkoobchod","status":"publish","type":"product","link":"https:\/\/vapexyz.com\/sk\/product\/bang-box-vape-rocket-18000-puffs-led-display-screen-0-2-3-5-nicotine-bulk-buy-disposable-vapes-wholesale\/","title":{"rendered":"Bang Box Vape Rocket 18000 Puffov Displej LED Objemn\u00e9 K\u00fapy Jednorazov\u00e9 Vapes Ve\u013ekoobchod"},"content":{"rendered":"<article style=\"font-family: 'Segoe UI', Roboto, Helvetica, Arial, sans-serif; line-height: 1.8; color: #2c3e50; max-width: 100%; margin: 0 auto; padding: 20px;\">\n<h2><a href=\"https:\/\/vapexyz.com\/wp-content\/uploads\/2024\/05\/Bang-Box-Vape-Rocket-18000-Puffs-7.webp\"><img loading=\"lazy\" decoding=\"async\" class=\"alignnone wp-image-23131 size-full\" style=\"max-width: 100%; height: auto; border-radius: 8px; box-shadow: 0 4px 12px rgba(0,0,0,0.1);\" src=\"https:\/\/vapexyz.com\/wp-content\/uploads\/2024\/05\/Bang-Box-Vape-Rocket-18000-Puffs-7.webp\" alt=\"Bang Box Vape Rocket 18000 Puffs\" width=\"936\" height=\"936\" title=\"\" srcset=\"https:\/\/vapexyz.com\/wp-content\/uploads\/2024\/05\/Bang-Box-Vape-Rocket-18000-Puffs-7.webp 936w, https:\/\/vapexyz.com\/wp-content\/uploads\/2024\/05\/Bang-Box-Vape-Rocket-18000-Puffs-7-500x500.webp 500w, https:\/\/vapexyz.com\/wp-content\/uploads\/2024\/05\/Bang-Box-Vape-Rocket-18000-Puffs-7-300x300.webp 300w, https:\/\/vapexyz.com\/wp-content\/uploads\/2024\/05\/Bang-Box-Vape-Rocket-18000-Puffs-7-768x768.webp 768w, https:\/\/vapexyz.com\/wp-content\/uploads\/2024\/05\/Bang-Box-Vape-Rocket-18000-Puffs-7-12x12.webp 12w, https:\/\/vapexyz.com\/wp-content\/uploads\/2024\/05\/Bang-Box-Vape-Rocket-18000-Puffs-7-800x800.webp 800w, https:\/\/vapexyz.com\/wp-content\/uploads\/2024\/05\/Bang-Box-Vape-Rocket-18000-Puffs-7-600x600.webp 600w, https:\/\/vapexyz.com\/wp-content\/uploads\/2024\/05\/Bang-Box-Vape-Rocket-18000-Puffs-7-148x148.webp 148w, https:\/\/vapexyz.com\/wp-content\/uploads\/2024\/05\/Bang-Box-Vape-Rocket-18000-Puffs-7-400x400.webp 400w\" sizes=\"auto, (max-width: 936px) 100vw, 936px\" \/><\/a><\/h2>\n<h2 style=\"color: #1a365d; border-bottom: 2px solid #3498db; padding-bottom: 10px; margin-top: 30px;\">Bang Box Vape Rocket 18000 Puffov: Komplexn\u00e1 anal\u00fdza kon\u0161trukcie a v\u00fdkonu<\/h2>\n<p style=\"text-align: justify;\">Vitajte vo VapeXYZ, va\u0161om pr\u00e9miovom, glob\u00e1lne uzn\u00e1vanom ve\u013ekoobchodnom distrib\u00fatorovi pr\u00e9miov\u00fdch jednorazov\u00fdch vaporiz\u00e9rov. S viac ako \u00f4smimi rokmi sk\u00fasenost\u00ed v riaden\u00ed dod\u00e1vate\u013esk\u00e9ho re\u0165azca a distrib\u00facii spotrebnej elektroniky sme sa etablovali ako autoritat\u00edvne centrum pre vysokov\u00fdkonn\u00fd hardv\u00e9r. Na\u0161e rozsiahle portf\u00f3lio zah\u0155\u0148a popredn\u00e9 men\u00e1 v priemysle, ako s\u00fa BANG BOX, WASPE, UWIN, BIMO, RandM, BANG, VOZOL, Elf Box a MYDE. \u0160pecializujeme sa na poskytovanie overen\u00fdch, \u0161pi\u010dkov\u00fdch jednorazov\u00fdch vaporiz\u00e9rov priamo z ve\u013ekoobchodn\u00fdch v\u00fdrobn\u00fdch zariaden\u00ed. Udr\u017eiavan\u00edm vysoko dostupn\u00e9ho minim\u00e1lneho mno\u017estva objedn\u00e1vky (MOQ) len 10 kusov premos\u0165ujeme priepas\u0165 medzi ve\u013ekoobchodnou distrib\u00faciou pre ve\u013ek\u00e9 podniky a men\u0161ie maloobchodn\u00e9 oper\u00e1cie, \u010d\u00edm zabezpe\u010dujeme, \u017ee ka\u017ed\u00fd predajca m\u00f4\u017ee bezpe\u010dne a efekt\u00edvne pristupova\u0165 k ve\u013ekoobchodn\u00fdm cenov\u00fdm modelom.<\/p>\n<p style=\"text-align: justify;\">Bang Box Vape Rocket 18000 Puffs predstavuje v\u00fdznamn\u00fd skok vpred v technol\u00f3gii inhal\u00e1cie a \u017eivotnosti zariadenia. Navrhnut\u00fd pre nov\u00fdch pou\u017e\u00edvate\u013eov aj sk\u00fasen\u00fdch nad\u0161encov, je tento pr\u00edstroj navrhnut\u00fd tak, aby poskytoval vysoko konzistentn\u00fd z\u00e1\u017eitok. \u010ci u\u017e va\u0161a z\u00e1kazn\u00edcka z\u00e1klad\u0148a preferuje profil koncentr\u00e1cie 0% alebo formul\u00e1cie vy\u0161\u0161ej hustoty, tento model poskytuje optimalizovan\u00fd, prisp\u00f4sobite\u013en\u00fd pr\u00edstup k osobnej vaporiz\u00e1cii bez kompromisov v spo\u013eahlivosti hardv\u00e9ru.<\/p>\n<h3 style=\"color: #2980b9; margin-top: 25px;\">Odbornos\u0165: Technick\u00e9 \u0161pecifik\u00e1cie a in\u017einierske tolerancie<\/h3>\n<p style=\"text-align: justify;\">Na rozdiel od \u0161tandardn\u00fdch spotrebite\u013esk\u00fdch modelov, ktor\u00e9 sa spoliehaj\u00fa na generick\u00fd hardv\u00e9r, je Bang Box Vape Rocket 18000 Puffs postaven\u00fd na z\u00e1klade presn\u00e9ho in\u017einierstva. Jadro tohto syst\u00e9mu tvor\u00ed robustn\u00e1 650mAh l\u00edtium-i\u00f3nov\u00e1 energetick\u00e1 bunka. Na\u0161e technick\u00e9 recenzie nazna\u010duj\u00fa, \u017ee t\u00e1to \u0161pecifick\u00e1 ch\u00e9mia bat\u00e9rie pon\u00faka vysoko stabiln\u00fa vyp\u00fa\u0161\u0165aciu krivku, \u010do znamen\u00e1, \u017ee v\u00fdstupn\u00e9 nap\u00e4tie zost\u00e1va konzistentn\u00e9 od pln\u00e9ho nabitia a\u017e po posledn\u00fdch 10%. To zabra\u0148uje be\u017en\u00e9mu probl\u00e9mu degrad\u00e1cie p\u00e1r ako sa bat\u00e9ria vyb\u00edja. Okrem toho integr\u00e1cia modern\u00e9ho nab\u00edjacieho portu typu C zabezpe\u010duje r\u00fdchle doplnenie energie a zv\u00fd\u0161en\u00fa \u017eivotnos\u0165 cyklu.<\/p>\n<p style=\"text-align: justify;\">Zariadenie disponuje ve\u013ekou 20ml vn\u00fatornou n\u00e1dr\u017eou. Tento podstatn\u00fd objem je starostlivo umiestnen\u00fd v odolnom proti \u00fanikom, lek\u00e1rskom stupni polycarbon\u00e1tov\u00e9ho \u0161asi. Produkcia p\u00e1r je poh\u00e1\u0148an\u00e1 pokro\u010dilou architekt\u00farou dvojitej sie\u0165ovej cievky. Vyu\u017eit\u00edm dvojitej sie\u0165ovej s\u00fastavy je \u00fa\u010dinn\u00e1 plocha ohrevu skuto\u010dne zdvojn\u00e1soben\u00e1 v porovnan\u00ed s tradi\u010dn\u00fdmi cievkami s jedn\u00fdm dr\u00f4tom. Tento \u0161truktur\u00e1lny pr\u00ednos umo\u017e\u0148uje r\u00fdchle, rovnomern\u00e9 ohrevnutie obsiahnutej formul\u00e1cie, v\u00fdsledkom \u010doho je hust\u00e1, objemn\u00e1 tvorba p\u00e1r pri akt\u00edvnej prevencii lok\u00e1lneho spa\u013eovania alebo tepelnej degrad\u00e1cie vn\u00fatorn\u00fdch zlo\u017eiek. Parametre odporu cievky s\u00fa dokonale kalibrovan\u00e9 na vyv\u00e1\u017eenie spotreby energie s \u00fa\u010dinnos\u0165ou v\u00fdstupu, \u010d\u00edm sa dosahuje optim\u00e1lny termodynamick\u00fd stav.<\/p>\n<h3 style=\"color: #2980b9; margin-top: 25px;\">Empirick\u00e9 d\u00f4kazy: Met\u00f3dy prvotn\u00e9ho testovania a merania<\/h3>\n<p style=\"text-align: justify;\">Aby sme zabezpe\u010dili, \u017ee na\u0161i ve\u013ekoobchodn\u00ed klienti dostan\u00fa len tie najspo\u013eahlivej\u0161ie jednorazov\u00e9 vape produkty, VapeXYZ zd\u00f4raz\u0148uje empirick\u00e9 \u00fadaje a pr\u00edsne testovanie kvality. V kontrolovan\u00fdch laborat\u00f3rnych prostrediach pomocou automatizovan\u00fdch strojov na testovanie \u0165ahu bol Bang Box Vape Rocket 18000 Puffs podroben\u00fd nepretr\u017eit\u00e9mu cyklick\u00e9mu testovaniu. Zariadenie je hodnoten\u00e9 pre 9000 a\u017e 18000 aktiv\u00e1ci\u00ed. Na\u0161e empirick\u00e9 merania potvrdzuj\u00fa, \u017ee ke\u010f je zariadenie vystaven\u00e9 \u0161tandardnej d\u013a\u017eke inhal\u00e1cie 1,5 sekundy pri \u0161tandardnom atmosf\u00e9rickom tlaku, \u013eahko dosahuje horn\u00e9 hranice tohto hodnotenia. Pre pou\u017e\u00edvate\u013eov, ktor\u00ed preferuj\u00fa hlb\u0161ie 3 a\u017e 4 sekundov\u00e9 inhal\u00e1cie, materi\u00e1l s vysokou \u00fa\u010dinnos\u0165ou odvodu pokra\u010duje v bezchybnom fungovan\u00ed, bezpe\u010dne poskytuje bl\u00edzkos\u0165 k hranici 9000 aktiv\u00e1ci\u00ed bez \u201csuch\u00fdch z\u00e1sahov\u201d.\u201d<\/p>\n<p style=\"text-align: justify;\">Okrem toho tepeln\u00e9 zobrazovanie po\u010das na\u0161ich testovac\u00edch f\u00e1z odhalilo vynikaj\u00face odv\u00e1dzanie tepla. Vonkaj\u0161ie puzdro zostalo pri pohodlnej, bezpe\u010dnej teplote aj po\u010das scen\u00e1rov nepretr\u017eit\u00e9ho pou\u017e\u00edvania, \u010do dokazuje \u00fa\u010dinnos\u0165 vn\u00fatorn\u00e9ho smerovania vzdu\u0161n\u00e9ho toku a izola\u010dn\u00fdch materi\u00e1lov. Odpor pri \u0165ahu je dokonale kalibrovan\u00fd na simul\u00e1ciu prirodzen\u00e9ho rytmu d\u00fdchania, poskytuj\u00fac uspokojiv\u00fa, hmatov\u00fa sp\u00e4tn\u00fa v\u00e4zbu pri vd\u00fdchnut\u00ed.<\/p>\n<h3 style=\"color: #2980b9; margin-top: 25px;\">Autorita a d\u00f4vera: S\u00falad, v\u00fdrobn\u00e9 \u0161tandardy a pevnos\u0165 formul\u00e1cie<\/h3>\n<p style=\"text-align: justify;\">Ako d\u00f4veryhodn\u00fd dod\u00e1vate\u013e v oblasti distrib\u00facie elektroniky spolo\u010dnos\u0165 VapeXYZ pr\u00edsne nakupuje od v\u00fdrobn\u00fdch zariaden\u00ed, ktor\u00e9 dodr\u017eiavaj\u00fa pr\u00edsne medzin\u00e1rodn\u00e9 normy kontroly kvality, vr\u00e1tane certifik\u00e1ci\u00ed ISO 9001. Bang Box Vape Rocket 18000 Puffs obsahuje z\u00e1kladn\u00e9 bezpe\u010dnostn\u00e9 prvky pre spotrebite\u013eov, vr\u00e1tane ochrany proti skratu, ochrany proti preb\u00edjaniu a automatick\u00e9ho \u010dasova\u010da vypnutia, aby sa zabr\u00e1nilo n\u00e1hodn\u00e9mu nepretr\u017eit\u00e9mu vyp\u00fa\u0161\u0165aniu. Environment\u00e1lna zodpovednos\u0165 je tie\u017e k\u013e\u00fa\u010dov\u00fdm aspektom; d\u00f4razne odpor\u00fa\u010dame v\u0161etk\u00fdm spotrebite\u013eom a maloobchodn\u00fdm partnerom, aby pri likvid\u00e1cii vy\u010derpan\u00fdch jednorazov\u00fdch vapeov dodr\u017eiavali miestne predpisy t\u00fdkaj\u00face sa elektronick\u00e9ho odpadu a recykl\u00e1cie l\u00edtium-i\u00f3nov\u00fdch bat\u00e9ri\u00ed.<\/p>\n<p style=\"text-align: justify;\">Ch\u00e1panie toho, \u017ee preferencie spotrebite\u013eov sa ve\u013emi l\u00ed\u0161ia, toto zariadenie vyhovuje \u0161irokej demografickej skupine t\u00fdm, \u017ee pon\u00faka viacero akt\u00edvnych koncentra\u010dn\u00fdch s\u00edl. Maloobchodn\u00edci m\u00f4\u017eu skladova\u0165 profily siahaj\u00face od \u00faplne inertn\u00e9ho (0%) po 2%, 3% a 5% akt\u00edvnych hust\u00f4t. Tento presn\u00fd kontroln\u00fd formul\u00e1cia garantuje, \u017ee pou\u017e\u00edvatelia si m\u00f4\u017eu vybra\u0165 presn\u00fd profil, ktor\u00fd zodpoved\u00e1 ich individu\u00e1lnym po\u017eiadavk\u00e1m \u017eivotn\u00e9ho \u0161t\u00fdlu, \u010d\u00edm podporuje d\u00f4veru a opakovan\u00fd obchod.<\/p>\n<h3 style=\"color: #2980b9; margin-top: 25px;\">In\u017einierovan\u00e9 senzorick\u00e9 profily<\/h3>\n<p style=\"text-align: justify;\">Bang Box Vape Rocket 18000 Puffs obsahuje rad prec\u00edzne vytvoren\u00fdch aromatick\u00fdch profilov. Ka\u017ed\u00e1 mo\u017enos\u0165 je formulovan\u00e1 pomocou vysokopurity potravin\u00e1rskych aromatick\u00fdch zl\u00fa\u010den\u00edn, aby sa zabezpe\u010dila ostr\u00e1 a presn\u00e1 reprezent\u00e1cia chuti od prv\u00e9ho aktivovania a\u017e po posledn\u00e9.<\/p>\n<ul style=\"list-style-type: square; padding-left: 20px; color: #444;\">\n<li style=\"margin-bottom: 8px;\"><strong>Jahodov\u00fd ban\u00e1n:<\/strong> Dokonal\u00e1 vyv\u00e1\u017een\u00e1 botanick\u00e1 f\u00fazia sladkej jahody a hladk\u00fdch, kr\u00e9mov\u00fdch t\u00f3nov ban\u00e1nu.<\/li>\n<li style=\"margin-bottom: 8px;\"><strong>Vodn\u00fd mel\u00f3nov\u00fd \u013ead:<\/strong> Ostr\u00e9, osvie\u017euj\u00face ar\u00f3my vodn\u00e9ho mel\u00f3nu s hlboko vychladen\u00fdm tepeln\u00fdm fini\u0161om.<\/li>\n<li style=\"margin-bottom: 8px;\"><strong>Jahodov\u00e9 kiwi:<\/strong> Jasn\u00e9, slnkom dozret\u00e9 jahody s\u00fa presne vyv\u00e1\u017een\u00e9 kysl\u00fdmi, pikantn\u00fdmi kiwi prvkami.<\/li>\n<li style=\"margin-bottom: 8px;\"><strong>Jahodov\u00e9 mango:<\/strong> Sladk\u00e9 jahodov\u00e9 komponenty s\u00fa hladko integrovan\u00e9 s bohat\u00fdmi, tropick\u00fdmi charakteristikami manga.<\/li>\n<li style=\"margin-bottom: 8px;\"><strong>Meta Mesiac:<\/strong> Vysoce komplexn\u00e1, vlastn\u00e1 botanick\u00e1 zmes poskytuj\u00faca jedine\u010dne uspokojuj\u00faci a tajomn\u00fd senzorick\u00fd z\u00e1\u017eitok.<\/li>\n<li style=\"margin-bottom: 8px;\"><strong>\u010cu\u010doriedkov\u00fd \u013ead:<\/strong> Hlbok\u00e1, divok\u00e1 esencia \u010du\u010doriedok v kombin\u00e1cii s ostr\u00fdm, mraziv\u00fdm pocitom v\u00fddychu.<\/li>\n<li style=\"margin-bottom: 8px;\"><strong>Mexiko Mango:<\/strong> Autentick\u00fd, robustn\u00fd profil manga in\u0161pirovan\u00fd priamo zrel\u00fdmi tropick\u00fdmi po\u013enohospod\u00e1rskymi \u00farodami.<\/li>\n<li style=\"margin-bottom: 8px;\"><strong>Sukulentn\u00e9 brosky\u0148ov\u00e9 \u013ead:<\/strong> Bohat\u00e1, sladk\u00e1 brosky\u0148ov\u00e1 ar\u00f3ma sprev\u00e1dzan\u00e1 hlboko osvie\u017euj\u00facim \u013eadov\u00fdm fini\u0161om.<\/li>\n<li style=\"margin-bottom: 8px;\"><strong>Kysl\u00fd jablkov\u00fd \u013ead:<\/strong> Tart\u00e1 zelen\u00e1 jablkov\u00e1 chrumkavos\u0165 odborn\u011b vyhladen\u00e1 chladn\u00fdm, vetern\u00fdm v\u00fddychom.<\/li>\n<li style=\"margin-bottom: 8px;\"><strong>Biely gumov\u00fd \u013ead:<\/strong> Cukr\u00e1rensk\u00e9 in\u0161pir\u00e1cie sladk\u00fdch t\u00f3nov s\u00fa dokonale spojen\u00e9 s osvie\u017euj\u00facim, chladiv\u00fdm chladom.<\/li>\n<li style=\"margin-bottom: 8px;\"><strong>Blue Razz Ice:<\/strong> Sladk\u00e9 ar\u00f3my modrej maliny s\u00fa odborn\u00e9 vyv\u00e1\u017een\u00e9 s ostr\u00fdm, chladn\u00fdm fini\u0161om.<\/li>\n<li style=\"margin-bottom: 8px;\"><strong>Tropick\u00fd d\u00fahov\u00fd v\u00fdbuch:<\/strong> Dynamick\u00e1, viacvrstvov\u00e1 aromatick\u00e1 zmes pozost\u00e1vaj\u00faca zo zmie\u0161an\u00fdch tropick\u00fdch plodov.<\/li>\n<\/ul>\n<h3 style=\"color: #2980b9; margin-top: 25px;\">S\u00fahrn technick\u00fdch \u00fadajov<\/h3>\n<table style=\"border-collapse: collapse; width: 100%; border: 1px solid #e0e0e0; font-family: 'Segoe UI', sans-serif; margin: 20px 0; box-shadow: 0 2px 8px rgba(0,0,0,0.05);\">\n<thead>\n<tr style=\"background-color: #f8f9fa; border-bottom: 2px solid #dee2e6;\">\n<th style=\"padding: 12px 15px; text-align: left; color: #333; font-weight: 600;\">\u0160pecifika\u010dn\u00fd parameter<\/th>\n<th style=\"padding: 12px 15px; text-align: left; color: #333; font-weight: 600;\">Technick\u00fd detail<\/th>\n<\/tr>\n<\/thead>\n<tbody>\n<tr style=\"border-bottom: 1px solid #e0e0e0;\">\n<td style=\"padding: 12px 15px; color: #555;\">\u017divotnos\u0165 aktiv\u00e1cie<\/td>\n<td style=\"padding: 12px 15px; color: #555;\">9000 a\u017e 18 000 vdychov (premenliv\u00e9 v z\u00e1vislosti na d\u013a\u017eke trvania \u0165ahu pou\u017e\u00edvate\u013ea)<\/td>\n<\/tr>\n<tr style=\"border-bottom: 1px solid #e0e0e0; background-color: #fafbfc;\">\n<td style=\"padding: 12px 15px; color: #555;\">Kapacita n\u00e1dr\u017ee<\/td>\n<td style=\"padding: 12px 15px; color: #555;\">20 ml predplnenej formul\u00e1cie<\/td>\n<\/tr>\n<tr style=\"border-bottom: 1px solid #e0e0e0;\">\n<td style=\"padding: 12px 15px; color: #555;\">Architekt\u00fara bat\u00e9rie<\/td>\n<td style=\"padding: 12px 15px; color: #555;\">650mAh Nab\u00edjate\u013en\u00e1 l\u00edtium-i\u00f3nov\u00e1<\/td>\n<\/tr>\n<tr style=\"border-bottom: 1px solid #e0e0e0; background-color: #fafbfc;\">\n<td style=\"padding: 12px 15px; color: #555;\">Vyhrievacie teleso<\/td>\n<td style=\"padding: 12px 15px; color: #555;\">Advanced Dual Coil System<\/td>\n<\/tr>\n<tr style=\"border-bottom: 1px solid #e0e0e0;\">\n<td style=\"padding: 12px 15px; color: #555;\">Profily koncentr\u00e1cie<\/td>\n<td style=\"padding: 12px 15px; color: #555;\">0%, 2%, 3%, 5% s\u00fa dostupn\u00e9 formul\u00e1cie<\/td>\n<\/tr>\n<tr style=\"border-bottom: 1px solid #e0e0e0; background-color: #fafbfc;\">\n<td style=\"padding: 12px 15px; color: #555;\">Rozhranie nab\u00edjania<\/td>\n<td style=\"padding: 12px 15px; color: #555;\">Modern\u00fd \u0161tandard USB typu C<\/td>\n<\/tr>\n<\/tbody>\n<\/table>\n<div style=\"background-color: #f0f8ff; padding: 20px; border-left: 6px solid #0056b3; margin: 30px 0; border-radius: 6px; box-shadow: 0 2px 5px rgba(0,0,0,0.05);\">\n<h3 style=\"color: #0056b3; margin-top: 0; margin-bottom: 10px;\">\ud83d\udca1 In\u017einiersky znalostn\u00fd bod: V\u00fdhoda dvojit\u00fdch mesh cievok<\/h3>\n<p style=\"margin: 0; color: #333; font-size: 0.95em;\">\u0160tandardn\u00e9 jedno\u017eilov\u00e9 cievky \u010dasto trpia nerovnomern\u00fdm rozlo\u017een\u00edm tepla, vytv\u00e1raj\u00fac \u201chor\u00face miesta\u201d, ktor\u00e9 m\u00f4\u017eu sp\u00e1li\u0165 vn\u00fatorn\u00fa l\u00e1tku a zni\u010di\u0165 chu\u0165. <strong>Dvojit\u00e1 sie\u0165ov\u00e1 cievka<\/strong> Technol\u00f3gia pou\u017eit\u00e1 v Bang Box Vape Rocket 18000 Puffs to rie\u0161i pou\u017eit\u00edm tkanej kovovej mrie\u017eky. Maximalizuje pomer povrchovej plochy k objemu, \u010d\u00edm zaistuje, \u017ee elektrick\u00fd pr\u00fad sa premie\u0148a na rovnomern\u00fa tepeln\u00fa energiu. V\u00fdsledkom je r\u00fdchla aerosoliz\u00e1cia pri ni\u017e\u0161\u00edch teplot\u00e1ch, zachovanie integrity aromatick\u00fdch zl\u00fa\u010den\u00edn a poskytovanie mas\u00edvnych, hust\u00fdch oblakov pri ka\u017edom pou\u017eit\u00ed.<\/p>\n<\/div>\n<div style=\"background-color: #fff8e1; padding: 20px; border-left: 6px solid #ff8f00; margin: 30px 0; border-radius: 6px; box-shadow: 0 2px 5px rgba(0,0,0,0.05);\">\n<h3 style=\"color: #ff8f00; margin-top: 0; margin-bottom: 10px;\">\u2b50 K\u013e\u00fa\u010dov\u00e9 body pre ve\u013ekoobchodn\u00fa distrib\u00faciu<\/h3>\n<p style=\"margin: 0; color: #333; font-size: 0.95em;\">Partnerstvo s VapeXYZ zabezpe\u010duje strategick\u00fa v\u00fdhodu pre v\u00e1\u0161 maloobchodn\u00fd podnik.<\/p>\n<p><strong>1. Neodolate\u013en\u00e1 minim\u00e1lna objedn\u00e1vkov\u00e1 mno\u017eina:<\/strong> S minim\u00e1lnou objedn\u00e1vanou mno\u017estvom len 10 kusov m\u00f4\u017eete bezpe\u010dne vysk\u00fa\u0161a\u0165 nov\u00e9 aromatick\u00e9 profily bez toho, aby ste museli investova\u0165 obrovsk\u00fd kapit\u00e1l.<\/p>\n<p><strong>2. Priamy dod\u00e1vate\u013esk\u00fd re\u0165azec:<\/strong> Odstra\u0148ujeme nepotrebn\u00fdch sprostredkovate\u013eov, \u010d\u00edm zabezpe\u010dujeme, \u017ee pou\u017eite\u013en\u00e9 vapes, ktor\u00e9 dostanete, s\u00fa \u00faplne autentick\u00e9, bezpe\u010dne ulo\u017een\u00e9 a ocenen\u00e9 s maxim\u00e1lnym potenci\u00e1lom mar\u017ee pre va\u0161e podnikanie.<\/p>\n<p><strong>3. \u0160irok\u00fd v\u00fdber:<\/strong> Od vysokodenzitn\u00fdch a\u017e po 0% mo\u017enosti koncentr\u00e1cie je ubytovanie ka\u017edej spotrebite\u013eskej demografickej skupiny bez n\u00e1mahy.<\/p>\n<\/div>\n<h3 style=\"color: #2980b9; margin-top: 35px; border-bottom: 1px solid #eee; padding-bottom: 10px;\">\u010casto kladen\u00e9 ot\u00e1zky (FAQ)<\/h3>\n<div style=\"border: 1px solid #e0e0e0; border-radius: 8px; padding: 15px; margin-bottom: 15px; background-color: #ffffff; box-shadow: 0 2px 4px rgba(0,0,0,0.02);\">\n<p><strong style=\"color: #2c3e50; font-size: 1.05em;\">Ot\u00e1zka: Ako zariadenie dosahuje a\u017e 18 000 vd\u00fdchnut\u00ed?<\/strong><\/p>\n<p style=\"margin-top: 8px; margin-bottom: 0; color: #555;\">Zariadenie vyu\u017e\u00edva ve\u013ekokapacitn\u00fa 20ml z\u00e1sobn\u00fa n\u00e1dr\u017e v kombin\u00e1cii s vysoko \u00fa\u010dinn\u00fdm dvojit\u00fdm mesh vykurovac\u00edm prvkom. Optimaliz\u00e1ciou r\u00fdchlosti termodynamickej konverzie sa minimalizuje mno\u017estvo formul\u00e1cie, ktor\u00e9 sa plytv\u00e1 pri ka\u017edom pou\u017eit\u00ed. Celkov\u00fd po\u010det z\u00e1vis\u00ed od individu\u00e1lnych zvyklost\u00ed pou\u017e\u00edvate\u013ea; kr\u00e1tke, 1-sekundov\u00e9 \u0165ahy posun\u00fa zariadenie bli\u017e\u0161ie k hranici 18 000, zatia\u013e \u010do hlbok\u00e9, viacsekundov\u00e9 \u0165ahy zn\u00ed\u017eia celkov\u00fd po\u010det, ale poskytn\u00fa v\u00e4\u010d\u0161ie jednotliv\u00e9 v\u00fdnosy p\u00e1r.<\/p>\n<\/div>\n<div style=\"border: 1px solid #e0e0e0; border-radius: 8px; padding: 15px; margin-bottom: 15px; background-color: #ffffff; box-shadow: 0 2px 4px rgba(0,0,0,0.02);\">\n<p><strong style=\"color: #2c3e50; font-size: 1.05em;\">Ot\u00e1zka: Je 650mAh bat\u00e9ria bezpe\u010dn\u00e1 a spo\u013eahliv\u00e1 pre dlhodob\u00e9 pou\u017e\u00edvanie?<\/strong><\/p>\n<p style=\"margin-top: 8px; margin-bottom: 0; color: #555;\">\u00c1no. Zariadenie je vybaven\u00e9 \u0161tandardnou l\u00edtium-i\u00f3novou energetickou bunkou s mikroovl\u00e1da\u010dmi, ktor\u00e9 akt\u00edvne zabra\u0148uj\u00fa skratom a pre\u0165a\u017eeniu. Je navrhnut\u00e9 tak, aby sa dalo nieko\u013ekokr\u00e1t dob\u00edja\u0165 cez k\u00e1bel typu C, a\u017e k\u00fdm 20ml z\u00e1sobn\u00edk nie je \u00faplne vy\u010derpan\u00fd, \u010d\u00edm sa zabezpe\u010d\u00ed, \u017ee nikdy nevytrat\u00edte \u017eiadnu z vn\u00fatorn\u00fdch formul\u00e1ci\u00ed v d\u00f4sledku vybitej bat\u00e9rie.<\/p>\n<\/div>\n<div style=\"border: 1px solid #e0e0e0; border-radius: 8px; padding: 15px; margin-bottom: 15px; background-color: #ffffff; box-shadow: 0 2px 4px rgba(0,0,0,0.02);\">\n<p><strong style=\"color: #2c3e50; font-size: 1.05em;\">Pre\u010do by som si mal\/mala vybra\u0165 VapeXYZ pre svoj invent\u00e1r jednorazov\u00fdch vaporiz\u00e9rov?<\/strong><\/p>\n<p style=\"margin-top: 8px; margin-bottom: 0; color: #555;\">A: VapeXYZ kombinuje osem rokov sk\u00fasenost\u00ed z pr\u00edsneho dod\u00e1vate\u013esk\u00e9ho re\u0165azca s priamymi vz\u0165ahmi s v\u00fdrobcami. Pon\u00fakame \u0161pi\u010dkov\u00e9 zna\u010dky ako Elf Box, Lost Mary a Bang Box s vysoko dostupn\u00fdm minim\u00e1lnym objedn\u00e1vkov\u00fdm mno\u017estvom 10 kusov. Na\u0161e pr\u00edsne kontroly kvality, bezpe\u010dn\u00e1 logistika a transparentn\u00e1 matica ve\u013ekoobchodn\u00fdch cien n\u00e1s robia prvou vo\u013ebou pre predajcov na celom svete.<\/p>\n<\/div>\n<p style=\"text-align: center; margin-top: 40px; font-weight: bold; color: #1a365d;\">Presk\u00famajte vrchol technol\u00f3gie inhal\u00e1cie. Zaistite si svoj invent\u00e1r Bang Box Vape Rocket 18000 Puffs v spolo\u010dnosti VapeXYZ e\u0161te dnes a pozdvihnite svoj ve\u013ekoobchodn\u00fd z\u00e1\u017eitok.<\/p>\n<div style=\"margin-top: 30px; display: flex; justify-content: center;\"><\/div>\n<\/article>","protected":false},"excerpt":{"rendered":"<p>Bang Box Vape Rocket 18000 Puffov, dostupn\u00fd na Vapexyz, pon\u00faka bezkonkuren\u010dn\u00fd z\u00e1\u017eitok z vapovania v\u010faka svojej robustnej bat\u00e9rii, ve\u013ekej kapacite, prisp\u00f4sobite\u013en\u00fdm \u00farov\u0148am sily, vylep\u0161enej produkcii p\u00e1r a rozmanit\u00fdm pr\u00edchutiam, ktor\u00e9 vyhovuj\u00fa preferenci\u00e1m bez sily aj n\u00edzkou silou.<\/p>","protected":false},"featured_media":23109,"comment_status":"open","ping_status":"closed","template":"","meta":{"_lmt_disableupdate":"no","_lmt_disable":""},"product_brand":[],"product_cat":[821,997,1018,1019,1020,935,934,927,929,928,930,933,939,932,938,931,936,937,1017,946,1025,1026,951,1029,1033,1037,820,987,1038],"product_tag":[858],"class_list":{"0":"post-23093","1":"product","2":"type-product","3":"status-publish","4":"has-post-thumbnail","6":"product_cat-bang","7":"product_cat-18000-puff-vapes","8":"product_cat-apple-flavor-disposable-vapes","9":"product_cat-blue-razz-flavor-disposable-vapes","10":"product_cat-blueberry-flavor-disposable-vapes","11":"product_cat-bulk-buy-disposable-vapes-in-austria","12":"product_cat-bulk-buy-disposable-vapes-in-belgium","13":"product_cat-bulk-buy-disposable-vapes-in-europe","14":"product_cat-bulk-buy-disposable-vapes-in-france","15":"product_cat-bulk-buy-disposable-vapes-in-germany","16":"product_cat-bulk-buy-disposable-vapes-in-italy","17":"product_cat-bulk-buy-disposable-vapes-in-netherlands","18":"product_cat-bulk-buy-disposable-vapes-in-norway","19":"product_cat-bulk-buy-disposable-vapes-in-poland","20":"product_cat-bulk-buy-disposable-vapes-in-portugal","21":"product_cat-bulk-buy-disposable-vapes-in-spain","22":"product_cat-bulk-buy-disposable-vapes-in-sweden","23":"product_cat-bulk-buy-disposable-vapes-in-switzerland","24":"product_cat-buy-best-disposable-vape-flavors","25":"product_cat-disposable-vapes-series","26":"product_cat-ice-flavor-disposable-vapes","27":"product_cat-kiwi-flavor-disposable-vapes","28":"product_cat-lower-nicotine-vapes","29":"product_cat-mango-flavor-disposable-vapes","30":"product_cat-peach-flavor-disposable-vapes","31":"product_cat-strawberry-flavor-disposable-vapes","32":"product_cat-vape","33":"product_cat-vape-shop-by-puffs","34":"product_cat-watermelon-flavor-disposable-vapes","35":"product_tag-featured-products","37":"first","38":"outofstock","39":"shipping-taxable","40":"purchasable","41":"product-type-variable","42":"has-default-attributes"},"jetpack_sharing_enabled":true,"tiered_pricing_type":"fixed","tiered_pricing_fixed_rules":[],"tiered_pricing_product_settings":{"layout":"default","base_unit_name":{"singular":null,"plural":null},"default_variation":null},"tiered_pricing_minimum_quantity":null,"tiered_pricing_roles_data":[],"tiered_pricing_percentage_rules":[],"tiered_pricing_maximum_quantity":null,"tiered_pricing_quantity_step":null,"_links":{"self":[{"href":"https:\/\/vapexyz.com\/sk\/wp-json\/wp\/v2\/product\/23093","targetHints":{"allow":["GET"]}}],"collection":[{"href":"https:\/\/vapexyz.com\/sk\/wp-json\/wp\/v2\/product"}],"about":[{"href":"https:\/\/vapexyz.com\/sk\/wp-json\/wp\/v2\/types\/product"}],"replies":[{"embeddable":true,"href":"https:\/\/vapexyz.com\/sk\/wp-json\/wp\/v2\/comments?post=23093"}],"wp:featuredmedia":[{"embeddable":true,"href":"https:\/\/vapexyz.com\/sk\/wp-json\/wp\/v2\/media\/23109"}],"wp:attachment":[{"href":"https:\/\/vapexyz.com\/sk\/wp-json\/wp\/v2\/media?parent=23093"}],"wp:term":[{"taxonomy":"product_brand","embeddable":true,"href":"https:\/\/vapexyz.com\/sk\/wp-json\/wp\/v2\/product_brand?post=23093"},{"taxonomy":"product_cat","embeddable":true,"href":"https:\/\/vapexyz.com\/sk\/wp-json\/wp\/v2\/product_cat?post=23093"},{"taxonomy":"product_tag","embeddable":true,"href":"https:\/\/vapexyz.com\/sk\/wp-json\/wp\/v2\/product_tag?post=23093"}],"curies":[{"name":"wp","href":"https:\/\/api.w.org\/{rel}","templated":true}]}}