{"id":17044,"date":"2024-03-09T09:55:31","date_gmt":"2024-03-09T09:55:31","guid":{"rendered":"https:\/\/vapexyz.com\/product\/bang-king-9000-puffs-vape-original-e-cigarette\/"},"modified":"2025-04-16T03:52:47","modified_gmt":"2025-04-16T03:52:47","slug":"bang-king-9000-potiahnuti-vape-original-e-cigareta","status":"publish","type":"product","link":"https:\/\/vapexyz.com\/sk\/product\/bang-king-9000-puffs-vape-original-e-cigarette\/","title":{"rendered":"Bang King 9000 Puffs Vape origin\u00e1l E Cigarette Bulk Buy"},"content":{"rendered":"<h6><span style=\"vertical-align: inherit;\">N\u00e1klady na dopravu sa vypo\u010d\u00edtaj\u00fa automaticky, ke\u010f si po\u010das kroku platby vyberiete miesto ur\u010denia.<\/span><\/h6>\n<p>The? Bang King 9000 is the latest fashion disposable vape launched by Bang brand. The vape is packaged with sports element \u2013 sports water cup, which makes Vaper more sporty and fashionable when using this product. When you wear a casual sportswear, holding this <a href=\"https:\/\/vapexyz.com\/sk\/kategoria-produktu\/tresk\/\">Bang<\/a> King 9000 product in your hand, it immediately becomes the focus of attention, and the matching is very good.<\/p>\n<h3>Funkcia<\/h3>\n<p>Potiahnutia: A\u017e 9000<br \/>\nKapacita: 20 ml<br \/>\nNikot\u00edn: 0% \/2% \/3% \/ 5%<br \/>\nBat\u00e9ria: 800 mAh nab\u00edjate\u013en\u00e1 bat\u00e9ria<br \/>\nHmotnos\u0165: 90g\/ks<br \/>\nMno\u017estvo \/ kart\u00f3n: 200 kusov \/ krabica<br \/>\nCelkov\u00e1 hmotnos\u0165: 18 kg\/\u0161katu\u013ea<\/p>\n<h3>Zoznam pr\u00edchut\u00ed<\/h3>\n<p>01.Jahodov\u00fd ban\u00e1n<br \/>\n02.\u010cu\u010doriedka Malina \u013dad<br \/>\n03.Mangov\u00e1 brosky\u0148a<br \/>\n04. Vodn\u00fd mel\u00f3n Jahoda<br \/>\n05.Jahodov\u00e9 mango<br \/>\n06. Vodn\u00fd mel\u00f3n \u013dad<br \/>\n07.Zmie\u0161an\u00e9 bobule<br \/>\n08.Hroznov\u00fd \u013ead<br \/>\n09.Kysl\u00e9 jablko<br \/>\n10.Jahodov\u00fd \u013ead<br \/>\n11.Jahodov\u00e9 kiwi<br \/>\n12.Kiwi Mu\u010denka Guava<br \/>\n13.Peach Ice<br \/>\n14. P\u00e1n Modr\u00fd<br \/>\n15.Tigria krv<br \/>\n16.M\u00e4ta<\/p>\n<h3>Sp\u00f4soby dopravy<\/h3>\n<p>Spolupracujeme s UPS\/DHL\/FEDEX\/DPD at\u010f. V z\u00e1vislosti od krajiny doru\u010denia vyberieme vhodn\u00fa mo\u017enos\u0165 dopravy, aby sme zaistili, \u017ee dostanete svoje produkty \u010do najr\u00fdchlej\u0161ie.<\/p>\n<p>Doru\u010denie do Spojen\u00fdch \u0161t\u00e1tov zvy\u010dajne trv\u00e1 10 dn\u00ed. Doru\u010denie do eur\u00f3pskych kraj\u00edn zvy\u010dajne trv\u00e1 12 a\u017e 15 dn\u00ed a my budeme aktualizova\u0165 logistick\u00e9 inform\u00e1cie v re\u00e1lnom \u010dase.<\/p>\n<p>Uis\u0165ujeme v\u00e1s o bezprobl\u00e9movej sk\u00fasenosti, preto\u017ee sa postar\u00e1me o proces coln\u00e9ho odbavenia a nevznikn\u00fa \u017eiadne da\u0148ov\u00e9 poplatky. Garantujeme, \u017ee 100% na\u0161ich produktov prejde coln\u00fdm odbaven\u00edm.<\/p>\n<p><img loading=\"lazy\" decoding=\"async\" class=\"alignnone wp-image-33966 size-large\" src=\"https:\/\/vapexyz.com\/wp-content\/uploads\/2024\/10\/Original-Bang-King-9000-Puff-Bar-Disposable-Vape-Pen-16-Flavors-20ml-E-Juice-Rechargeable-E-Cigarette-Wholesale-I-Vape-1024x637.webp\" alt=\"Bang King 9000 Puffs Vape origin\u00e1l E Cigarette Bulk Buy\" width=\"1024\" height=\"637\" title=\"\" srcset=\"https:\/\/vapexyz.com\/wp-content\/uploads\/2024\/10\/Original-Bang-King-9000-Puff-Bar-Disposable-Vape-Pen-16-Flavors-20ml-E-Juice-Rechargeable-E-Cigarette-Wholesale-I-Vape-1024x637.webp 1024w, https:\/\/vapexyz.com\/wp-content\/uploads\/2024\/10\/Original-Bang-King-9000-Puff-Bar-Disposable-Vape-Pen-16-Flavors-20ml-E-Juice-Rechargeable-E-Cigarette-Wholesale-I-Vape-500x311.webp 500w, https:\/\/vapexyz.com\/wp-content\/uploads\/2024\/10\/Original-Bang-King-9000-Puff-Bar-Disposable-Vape-Pen-16-Flavors-20ml-E-Juice-Rechargeable-E-Cigarette-Wholesale-I-Vape-768x478.webp 768w, https:\/\/vapexyz.com\/wp-content\/uploads\/2024\/10\/Original-Bang-King-9000-Puff-Bar-Disposable-Vape-Pen-16-Flavors-20ml-E-Juice-Rechargeable-E-Cigarette-Wholesale-I-Vape-18x12.webp 18w, https:\/\/vapexyz.com\/wp-content\/uploads\/2024\/10\/Original-Bang-King-9000-Puff-Bar-Disposable-Vape-Pen-16-Flavors-20ml-E-Juice-Rechargeable-E-Cigarette-Wholesale-I-Vape-510x317.webp 510w, https:\/\/vapexyz.com\/wp-content\/uploads\/2024\/10\/Original-Bang-King-9000-Puff-Bar-Disposable-Vape-Pen-16-Flavors-20ml-E-Juice-Rechargeable-E-Cigarette-Wholesale-I-Vape.webp 1194w\" sizes=\"auto, (max-width: 1024px) 100vw, 1024px\" \/><\/p>","protected":false},"excerpt":{"rendered":"<p><strong>\ud83d\udc4b<span style=\"color: #ed1c24;\">\u013dutujeme, tento produkt je vypredan\u00fd. Pros\u00edm skontrolujte<\/span>\u00a0<span style=\"color: #0000ff;\"><a style=\"color: #0000ff;\" href=\"https:\/\/vapexyz.com\/sk\/produktu\/bang-box-30-000-slukov-dvojita-prichut-0-2-3-5-s-nizkym-obsahom-nikotinu-originalne-tovarenske-hromadne-nakupy-dobijacie-jednorazove-pero-velkoobchod\/\">nov\u00e9 produkty<\/a><\/span>.<\/strong><\/p>\n<p>Bang King 9000 Puffs je najnov\u0161\u00ed m\u00f3dny jednorazov\u00fd vape od zna\u010dky Bang.<\/p>","protected":false},"featured_media":17043,"comment_status":"open","ping_status":"closed","template":"","meta":{"_lmt_disableupdate":"no","_lmt_disable":""},"product_brand":[],"product_cat":[1009,1018,821,1020,935,934,927,929,928,930,933,939,932,938,931,936,937,1017,946,1023,1024,1025,1026,951,1029,1030,1032,1033,953,1037,987,1038],"product_tag":[],"class_list":{"0":"post-17044","1":"product","2":"type-product","3":"status-publish","4":"has-post-thumbnail","6":"product_cat-9000-puff-vapes","7":"product_cat-apple-flavor-disposable-vapes","8":"product_cat-bang","9":"product_cat-blueberry-flavor-disposable-vapes","10":"product_cat-bulk-buy-disposable-vapes-in-austria","11":"product_cat-bulk-buy-disposable-vapes-in-belgium","12":"product_cat-bulk-buy-disposable-vapes-in-europe","13":"product_cat-bulk-buy-disposable-vapes-in-france","14":"product_cat-bulk-buy-disposable-vapes-in-germany","15":"product_cat-bulk-buy-disposable-vapes-in-italy","16":"product_cat-bulk-buy-disposable-vapes-in-netherlands","17":"product_cat-bulk-buy-disposable-vapes-in-norway","18":"product_cat-bulk-buy-disposable-vapes-in-poland","19":"product_cat-bulk-buy-disposable-vapes-in-portugal","20":"product_cat-bulk-buy-disposable-vapes-in-spain","21":"product_cat-bulk-buy-disposable-vapes-in-sweden","22":"product_cat-bulk-buy-disposable-vapes-in-switzerland","23":"product_cat-buy-best-disposable-vape-flavors","24":"product_cat-disposable-vapes-series","25":"product_cat-grape-flavor-disposable-vapes","26":"product_cat-guava-flavor-disposable-vapes","27":"product_cat-ice-flavor-disposable-vapes","28":"product_cat-kiwi-flavor-disposable-vapes","29":"product_cat-lower-nicotine-vapes","30":"product_cat-mango-flavor-disposable-vapes","31":"product_cat-mint-flavor-disposable-vapes","32":"product_cat-passion-fruit-flavor-disposable-vapes","33":"product_cat-peach-flavor-disposable-vapes","34":"product_cat-rechargeable-vapes","35":"product_cat-strawberry-flavor-disposable-vapes","36":"product_cat-vape-shop-by-puffs","37":"product_cat-watermelon-flavor-disposable-vapes","39":"first","40":"outofstock","41":"shipping-taxable","42":"purchasable","43":"product-type-simple"},"jetpack_sharing_enabled":true,"tiered_pricing_type":"fixed","tiered_pricing_fixed_rules":[],"tiered_pricing_product_settings":{"layout":"default","base_unit_name":{"singular":null,"plural":null},"default_variation":null},"tiered_pricing_minimum_quantity":null,"tiered_pricing_roles_data":[],"tiered_pricing_percentage_rules":[],"tiered_pricing_maximum_quantity":null,"tiered_pricing_quantity_step":null,"_links":{"self":[{"href":"https:\/\/vapexyz.com\/sk\/wp-json\/wp\/v2\/product\/17044","targetHints":{"allow":["GET"]}}],"collection":[{"href":"https:\/\/vapexyz.com\/sk\/wp-json\/wp\/v2\/product"}],"about":[{"href":"https:\/\/vapexyz.com\/sk\/wp-json\/wp\/v2\/types\/product"}],"replies":[{"embeddable":true,"href":"https:\/\/vapexyz.com\/sk\/wp-json\/wp\/v2\/comments?post=17044"}],"wp:featuredmedia":[{"embeddable":true,"href":"https:\/\/vapexyz.com\/sk\/wp-json\/wp\/v2\/media\/17043"}],"wp:attachment":[{"href":"https:\/\/vapexyz.com\/sk\/wp-json\/wp\/v2\/media?parent=17044"}],"wp:term":[{"taxonomy":"product_brand","embeddable":true,"href":"https:\/\/vapexyz.com\/sk\/wp-json\/wp\/v2\/product_brand?post=17044"},{"taxonomy":"product_cat","embeddable":true,"href":"https:\/\/vapexyz.com\/sk\/wp-json\/wp\/v2\/product_cat?post=17044"},{"taxonomy":"product_tag","embeddable":true,"href":"https:\/\/vapexyz.com\/sk\/wp-json\/wp\/v2\/product_tag?post=17044"}],"curies":[{"name":"wp","href":"https:\/\/api.w.org\/{rel}","templated":true}]}}