{"id":17026,"date":"2024-03-09T09:55:09","date_gmt":"2024-03-09T09:55:09","guid":{"rendered":"https:\/\/vapexyz.com\/product\/elf-box-5500-disposable-vape-5500-puffs-authentic-e-cigarette-pen\/"},"modified":"2026-02-28T02:21:48","modified_gmt":"2026-02-28T02:21:48","slug":"elf-box-5500-jednorazovych-vyparov-5500-tahov-autenticke-elektronicke-pero-na-cigarety-velkoobchod","status":"publish","type":"product","link":"https:\/\/vapexyz.com\/sk\/product\/elf-box-5500-disposable-vape-5500-puffs-authentic-e-cigarette-pen-wholesale\/","title":{"rendered":"ELF BOX 5500 Jednorazov\u00e9 vape 5500 potiahnut\u00ed Autentick\u00e9 E cigaretov\u00e9 pero Ve\u013ekoobchod"},"content":{"rendered":"<article>\n<h2>Na\u0161a ob\u013e\u00faben\u00e1 vape sa e\u0161te vylep\u0161ila!<\/h2>\n<p>Milovali sme ELF BOX 5500 rovnako ako vy! Ale niekedy dobr\u00e9 veci potrebuj\u00fa zmeni\u0165 - a na\u0161li sme pre v\u00e1s e\u0161te nie\u010do \u00fa\u017easnej\u0161ie!<\/p>\n<h3>Stretnite svojho nov\u00e9ho najlep\u0161ieho priate\u013ea: <a href=\"https:\/\/vapexyz.com\/sk\/produktu\/elf-box-digitalny-12-000-slukov-0-2-3-5-nikotinovy-led-displej-jednorazovy-vape-velkoobchod\/\">ELF BOX DIGIT\u00c1L 12000 Puffov<\/a><\/h3>\n<p>Say hello super inteligentn\u00e9mu vape, ktor\u00fd vydr\u017e\u00ed dlh\u0161ie a funguje lep\u0161ie! Je to ako upgrade z bicykla na cool elektrick\u00fd sk\u00fater! \ud83d\udef4<\/p>\n<div style=\"background: #f8f9fa;padding: 20px;border-radius: 10px;margin: 20px 0\">\n<h3 style=\"margin-top: 0\">Po\u010fme porovna\u0165 na\u0161ich priate\u013eov, ktor\u00ed vapuj\u00fa, ved\u013ea seba<\/h3>\n<table style=\"width: 100%;border-collapse: collapse;background: white;border-radius: 8px\">\n<tbody>\n<tr style=\"border-bottom: 1px solid #eee\">\n<td style=\"padding: 12px\">\u010co porovn\u00e1vame<\/td>\n<td style=\"padding: 12px\">Stary Priate\u013e: ELF BOX 5500<\/td>\n<td style=\"padding: 12px\">Nov\u00fd Superstar: ELF BOX DIGITAL 12000<\/td>\n<\/tr>\n<tr style=\"border-bottom: 1px solid #eee;background: #f8f9fa\">\n<td style=\"padding: 12px\">Ko\u013eko Puffov?<\/td>\n<td style=\"padding: 12px\">5 500 \u0165ahov<\/td>\n<td style=\"padding: 12px\">12 000 v\u00fdfukov \u2013 to je viac ne\u017e dvojn\u00e1sobok!<\/td>\n<\/tr>\n<tr style=\"border-bottom: 1px solid #eee\">\n<td style=\"padding: 12px\">Kvapalina vo vn\u00fatri<\/td>\n<td style=\"padding: 12px\">12ml \u2013 celkom dobr\u00e9!<\/td>\n<td style=\"padding: 12px\">23ml \u2013 takmer dvakr\u00e1t to\u013eko!<\/td>\n<\/tr>\n<tr style=\"border-bottom: 1px solid #eee;background: #f8f9fa\">\n<td style=\"padding: 12px\">\u0160peci\u00e1lne vlastnosti<\/td>\n<td style=\"padding: 12px\">Funguje dobre<\/td>\n<td style=\"padding: 12px\">Digit\u00e1lny displej, aby ste videli v\u0161etko! \ud83d\udcf1<\/td>\n<\/tr>\n<tr style=\"border-bottom: 1px solid #eee\">\n<td style=\"padding: 12px\">V\u00fdkon bat\u00e9rie<\/td>\n<td style=\"padding: 12px\">650mAh \u2013 dobr\u00fd v\u00fdkon<\/td>\n<td style=\"padding: 12px\">500mAh \u2013 inteligentn\u00e1 bat\u00e9ria s dlhou v\u00fddr\u017eou<\/td>\n<\/tr>\n<\/tbody>\n<\/table>\n<\/div>\n<div style=\"background: #e8f5e8;padding: 20px;border-radius: 10px;margin: 20px 0\">\n<h3 style=\"margin-top: 0\">Pre\u010do budete milova\u0165 nov\u00fd ELF BOX DIGITAL<\/h3>\n<ul style=\"padding: 0\">\n<li style=\"padding: 8px 0\">\ud83d\udcca Digit\u00e1lny displej v\u00e1m v\u0161etko jasne zobrazuje<\/li>\n<li style=\"padding: 8px 0\">\ud83c\udf31 Lep\u0161ie pre na\u0161u plan\u00e9tu \u2013 ekologicky friendly!<\/li>\n<li style=\"padding: 8px 0\">\u26a1 Vydr\u017e\u00ed ove\u013ea dlh\u0161ie \u2013 menej n\u00e1v\u0161tev obchodu<\/li>\n<li style=\"padding: 8px 0\">\ud83d\udc4c Vhodn\u00e9 pre za\u010diato\u010dn\u00edkov aj odborn\u00edkov<\/li>\n<li style=\"padding: 8px 0\">\ud83c\udfa8 Chladn\u00fd kovov\u00fd dizajn, ktor\u00fd skvele p\u00f4sob\u00ed vo va\u0161ej ruke<\/li>\n<\/ul>\n<\/div>\n<div style=\"background: #e3f2fd;padding: 20px;border-radius: 10px;margin: 20px 0\">\n<h3 style=\"margin-top: 0\">Z\u00e1bavn\u00e9 fakty o va\u0161om novom vape \ud83d\udcda<\/h3>\n<p>Digit\u00e1lna obrazovka je ako ma\u0165 mal\u00e9ho pomocn\u00edka, ktor\u00fd v\u00e1m presne ukazuje, \u010do sa deje vo va\u0161om vape! \u017diadne \u010fal\u0161ie h\u00e1danky!<\/p>\n<p>Aj ke\u010f \u010d\u00edslo bat\u00e9rie vyzer\u00e1 men\u0161ie, je vlastne super inteligentn\u00e9 a dokonale funguje s novou technol\u00f3giou, aby v\u00e1m poskytlo \u00fa\u017easn\u00fd v\u00fdkon cel\u00fd de\u0148!<\/p>\n<\/div>\n<div style=\"background: #fff3e0;padding: 20px;border-radius: 10px;margin: 20px 0\">\n<h3 style=\"margin-top: 0\">Ot\u00e1zky, ktor\u00e9 m\u00f4\u017eete ma\u0165 \ud83e\udd17<\/h3>\n<p>Budem ma\u0165 r\u00e1d chute?<\/p>\n<p>\u00c1no! Zachovali sme va\u0161e ob\u013e\u00faben\u00e9 chute ako Strawberry Ice a Blue Razz Ice a navy\u0161e sme pridali nov\u00e9 vzru\u0161uj\u00face chute ako Watermelon Bubblegum a Coconut Melon! Ka\u017ed\u00fd si tu n\u00e1jde nie\u010do pre seba!<\/p>\n<p>Je \u013eahk\u00e9 ho pou\u017e\u00edva\u0165?<\/p>\n<p>E\u0161te jednoduch\u0161ie ako predt\u00fdm! Digit\u00e1lny displej umo\u017e\u0148uje v\u0161etko jednoducho pochopi\u0165. Perfektn\u00e9 pre nov\u00fdch aj sk\u00fasen\u00fdch vaperov!<\/p>\n<p>Pre\u010do by som mal prejs\u0165?<\/p>\n<p>Z\u00edskate viac ako dvojn\u00e1sobok n\u00e1razov, takmer dvojn\u00e1sobok kvapaliny a skvel\u00e9 nov\u00e9 funkcie \u2013 to v\u0161etko pri podpore \u017eivotn\u00e9ho prostredia! Je to v\u00fdhra - v\u00fdhra! \ud83c\udfc6<\/p>\n<\/div>\n<h3>Pripraven\u00fd na upgrade?<\/h3>\n<p>Sme tak zvedav\u00ed na t\u00fato nov\u00fa vapu a vieme, \u017ee sa v\u00e1m bude tie\u017e p\u00e1\u010di\u0165! Je to v\u0161etko, \u010do sa v\u00e1m p\u00e1\u010dilo na ELF BOX 5500, ale inteligentnej\u0161ie, dlh\u0161ie trvaj\u00face a e\u0161te z\u00e1bavnej\u0161ie na pou\u017eitie!<\/p>\n<p>Urobte prepnutie e\u0161te dnes a za\u017eite bud\u00facnos\u0165 vapovania! Va\u0161a vapingov\u00e1 cesta pr\u00e1ve dostala upgrade!<\/p>\n<\/article>","protected":false},"excerpt":{"rendered":"<div class=\"custom-product\" style=\"border: 1px solid #eee; text-align: center; max-width: 100%; margin: 0 auto; font-family: Arial, sans-serif; box-sizing: border-box;\">\n        <!-- Product image - full width -->\n        <a href=\"https:\/\/vapexyz.com\/sk\/product\/elf-box-digital-12000-puffs-0-2-3-5-nicotine-led-display-disposable-vape-wholesale\/\" style=\"display: block; margin-bottom: 15px;\">\n            <img decoding=\"async\" src=\"https:\/\/vapexyz.com\/wp-content\/uploads\/2024\/03\/ELF_box_digital_12k_puffs_1-1.jpg\" alt=\"ELF BOX DIGIT\u00c1LNY 12000 Puffov LED Displej Jednor\u00e1zov\u00e1 Vape Ve\u013ekoobchod\" style=\"width: 100%; height: auto; display: block;\">        <\/a>\n        \n        <!-- Product name -->\n        <h3 style=\"margin: 10px 0; font-size: 1.2em; line-height: 1.4; color: #333;\">\n            ELF BOX DIGIT\u00c1LNY 12000 Puffov LED Displej Jednor\u00e1zov\u00e1 Vape Ve\u013ekoobchod        <\/h3>\n        \n        <!-- Product price -->\n        <div class=\"price\" style=\"color: #ff0000; font-weight: bold; font-size: 1.4em; margin: 10px 0;\">\n            \t\t<span class=\"tiered-pricing-dynamic-price-wrapper tiered-pricing-dynamic-price-wrapper--variable\"\n\t\t\t  data-display-context=\"shop-loop\"\n\t\t\t  data-price-type=\"dynamic\"\n\t\t\t  data-product-id=\"17127\"\n\t\t\t  data-parent-id=\"17127\">\n\t\t\t<span class=\"woocommerce-Price-amount amount\"><bdi><span class=\"woocommerce-Price-currencySymbol\">\u20ac<\/span>5.69<\/bdi><\/span><\/span>        <\/div>\n        \n        <!-- Product rating -->\n        <div class=\"rating\" style=\"margin: 15px 0; min-height: 25px;\">\n            <div class=\"star-rating\" role=\"img\" aria-label=\"Rated 5.00 out of 5\" data-no-translation-aria-label=\"\"><span style=\"width:100%\" data-no-translation=\"\" data-trp-gettext=\"\">Rated <strong class=\"rating\">5.00<\/strong> out of 5<\/span><\/div>        <\/div>\n        \n        <!-- Buy Now button -->\n        <div class=\"buy-now-button\" style=\"margin-top: 20px;\">\n            <a href=\"https:\/\/vapexyz.com\/sk\/product\/elf-box-digital-12000-puffs-0-2-3-5-nicotine-led-display-disposable-vape-wholesale\/\" \n               class=\"buy-now-btn\" \n               style=\"display: inline-block; background-color: #4CAF50; color: white !important; padding: 12px 24px; text-align: center; text-decoration: none; font-weight: bold; border-radius: 4px; transition: all 0.3s; border: none; cursor: pointer; font-size: 1em;\">\n                K\u00fapi\u0165 teraz            <\/a>\n        <\/div>\n    <\/div>","protected":false},"featured_media":17027,"comment_status":"open","ping_status":"closed","template":"","meta":{"_lmt_disableupdate":"no","_lmt_disable":""},"product_brand":[],"product_cat":[829,1018,1019,935,934,927,929,928,930,933,939,932,938,931,936,937,1017,946,1023,1025,1026,951,1028,1030,1034,1037,820,987,1038],"product_tag":[],"class_list":{"0":"post-17026","1":"product","2":"type-product","3":"status-publish","4":"has-post-thumbnail","6":"product_cat-elf-box","7":"product_cat-apple-flavor-disposable-vapes","8":"product_cat-blue-razz-flavor-disposable-vapes","9":"product_cat-bulk-buy-disposable-vapes-in-austria","10":"product_cat-bulk-buy-disposable-vapes-in-belgium","11":"product_cat-bulk-buy-disposable-vapes-in-europe","12":"product_cat-bulk-buy-disposable-vapes-in-france","13":"product_cat-bulk-buy-disposable-vapes-in-germany","14":"product_cat-bulk-buy-disposable-vapes-in-italy","15":"product_cat-bulk-buy-disposable-vapes-in-netherlands","16":"product_cat-bulk-buy-disposable-vapes-in-norway","17":"product_cat-bulk-buy-disposable-vapes-in-poland","18":"product_cat-bulk-buy-disposable-vapes-in-portugal","19":"product_cat-bulk-buy-disposable-vapes-in-spain","20":"product_cat-bulk-buy-disposable-vapes-in-sweden","21":"product_cat-bulk-buy-disposable-vapes-in-switzerland","22":"product_cat-buy-best-disposable-vape-flavors","23":"product_cat-disposable-vapes-series","24":"product_cat-grape-flavor-disposable-vapes","25":"product_cat-ice-flavor-disposable-vapes","26":"product_cat-kiwi-flavor-disposable-vapes","27":"product_cat-lower-nicotine-vapes","28":"product_cat-lush-flavor-disposable-vapes","29":"product_cat-mint-flavor-disposable-vapes","30":"product_cat-pineapple-flavor-disposable-vapes","31":"product_cat-strawberry-flavor-disposable-vapes","32":"product_cat-vape","33":"product_cat-vape-shop-by-puffs","34":"product_cat-watermelon-flavor-disposable-vapes","36":"first","37":"outofstock","38":"shipping-taxable","39":"purchasable","40":"product-type-variable","41":"has-default-attributes"},"jetpack_sharing_enabled":true,"tiered_pricing_type":"fixed","tiered_pricing_fixed_rules":[],"tiered_pricing_product_settings":{"layout":"default","base_unit_name":{"singular":null,"plural":null},"default_variation":null},"tiered_pricing_minimum_quantity":null,"tiered_pricing_roles_data":[],"tiered_pricing_percentage_rules":[],"tiered_pricing_maximum_quantity":null,"tiered_pricing_quantity_step":null,"_links":{"self":[{"href":"https:\/\/vapexyz.com\/sk\/wp-json\/wp\/v2\/product\/17026","targetHints":{"allow":["GET"]}}],"collection":[{"href":"https:\/\/vapexyz.com\/sk\/wp-json\/wp\/v2\/product"}],"about":[{"href":"https:\/\/vapexyz.com\/sk\/wp-json\/wp\/v2\/types\/product"}],"replies":[{"embeddable":true,"href":"https:\/\/vapexyz.com\/sk\/wp-json\/wp\/v2\/comments?post=17026"}],"wp:featuredmedia":[{"embeddable":true,"href":"https:\/\/vapexyz.com\/sk\/wp-json\/wp\/v2\/media\/17027"}],"wp:attachment":[{"href":"https:\/\/vapexyz.com\/sk\/wp-json\/wp\/v2\/media?parent=17026"}],"wp:term":[{"taxonomy":"product_brand","embeddable":true,"href":"https:\/\/vapexyz.com\/sk\/wp-json\/wp\/v2\/product_brand?post=17026"},{"taxonomy":"product_cat","embeddable":true,"href":"https:\/\/vapexyz.com\/sk\/wp-json\/wp\/v2\/product_cat?post=17026"},{"taxonomy":"product_tag","embeddable":true,"href":"https:\/\/vapexyz.com\/sk\/wp-json\/wp\/v2\/product_tag?post=17026"}],"curies":[{"name":"wp","href":"https:\/\/api.w.org\/{rel}","templated":true}]}}