{"id":15901,"date":"2024-03-03T04:07:58","date_gmt":"2024-03-03T04:07:58","guid":{"rendered":"https:\/\/vapexyz.com\/?page_id=15901"},"modified":"2026-03-11T06:00:18","modified_gmt":"2026-03-11T06:00:18","slug":"podmienky","status":"publish","type":"page","link":"https:\/\/vapexyz.com\/sk\/terms-conditions\/","title":{"rendered":"podmienky"},"content":{"rendered":"<h2 dir=\"auto\">podmienky<\/h2>\n<p dir=\"auto\">Vitajte na str\u00e1nke VapeXYZ.com, ktor\u00e1 je prvotriednou destin\u00e1ciou pre v\u0161etky va\u0161e potreby v oblasti jednorazov\u00fdch e-cigariet. T\u00fato webov\u00fa str\u00e1nku prev\u00e1dzkuje VapeXYZ. , VapeXYZ je odhodlan\u00e1 poskytova\u0165 v\u00e1m \u0161pi\u010dkov\u00e9 produkty a slu\u017eby. Po\u010das va\u0161ej cesty na na\u0161ej str\u00e1nke sa v\u00fdrazy \u201emy\u201c, \u201en\u00e1s\u201c a \u201en\u00e1\u0161\u201c vz\u0165ahuj\u00fa na VapeXYZ. Pou\u017e\u00edvan\u00edm na\u0161ej webovej str\u00e1nky s\u00fahlas\u00edte s dodr\u017eiavan\u00edm nasleduj\u00facich podmienok.<\/p>\n<p dir=\"auto\">Vstupom na na\u0161u str\u00e1nku a uskuto\u010d\u0148ovan\u00edm n\u00e1kupov sa zap\u00e1jate do na\u0161ej \u201eSlu\u017eby\u201c a s\u00fahlas\u00edte s dodr\u017eiavan\u00edm podmienok poskytovania slu\u017eieb, ktor\u00e9 s\u00fa tu uveden\u00e9. Tieto podmienky sa vz\u0165ahuj\u00fa na v\u0161etk\u00fdch pou\u017e\u00edvate\u013eov str\u00e1nky vr\u00e1tane prehliada\u010dov, z\u00e1kazn\u00edkov, predajcov, obchodn\u00edkov a prispievate\u013eov obsahu.<\/p>\n<p dir=\"auto\">Predt\u00fdm, ako sa ponor\u00edte do na\u0161ej webovej str\u00e1nky, pozorne si pre\u010d\u00edtajte a pochopte na\u0161e zmluvn\u00e9 podmienky. Pr\u00edstupom alebo pou\u017e\u00edvan\u00edm ktorejko\u013evek \u010dasti str\u00e1nky ste viazan\u00ed t\u00fdmito Podmienkami. Ak nes\u00fahlas\u00edte s akouko\u013evek \u010das\u0165ou t\u00fdchto Podmienok, zdr\u017ete sa pr\u00edstupu na webov\u00fa str\u00e1nku alebo pou\u017e\u00edvania na\u0161ich slu\u017eieb. Va\u0161e \u010fal\u0161ie pou\u017e\u00edvanie str\u00e1nky po ak\u00fdchko\u013evek aktualiz\u00e1ci\u00e1ch predstavuje s\u00fahlas s upraven\u00fdmi podmienkami.<\/p>\n<p dir=\"auto\">Ke\u010f\u017ee sa sna\u017e\u00edme vylep\u0161i\u0165 va\u0161e sk\u00fasenosti, v\u0161etky nov\u00e9 funkcie alebo n\u00e1stroje pridan\u00e9 na str\u00e1nku bud\u00fa tie\u017e podlieha\u0165 t\u00fdmto Zmluvn\u00fdm podmienkam. Zmluvn\u00e9 podmienky sa odpor\u00fa\u010da pravidelne kontrolova\u0165, \u010di nedo\u0161lo k nejak\u00fdm zmen\u00e1m. Vyhradzujeme si pr\u00e1vo aktualizova\u0165, upravi\u0165 alebo nahradi\u0165 ktor\u00fako\u013evek \u010das\u0165 t\u00fdchto Podmienok zverejnen\u00edm aktualiz\u00e1ci\u00ed na webovej str\u00e1nke.<\/p>\n<p dir=\"auto\">Vyz\u00fdvame v\u00e1s, aby ste venovali osobitn\u00fa pozornos\u0165 ustanoveniu \u201eRozhodcovsk\u00e9 konanie a vzdanie sa hromadn\u00fdch \u017eal\u00f4b\u201c v \u010dasti 19 t\u00fdchto podmienok. T\u00e1to klauzula stanovuje, \u017ee spory s nami sa musia rie\u0161i\u0165 prostredn\u00edctvom individu\u00e1lneho rozhodcovsk\u00e9ho konania. Pou\u017e\u00edvan\u00edm na\u0161ej webovej str\u00e1nky potvrdzujete, \u017ee ste si pre\u010d\u00edtali, pochopili a zv\u00e1\u017eili d\u00f4sledky tohto ustanovenia.<\/p>\n<h3 dir=\"auto\"><strong>Podmienky pou\u017e\u00edvania<\/strong><\/h3>\n<h4 dir=\"auto\"><strong>\u010cas\u0165 1 \u2013 Podmienky internetov\u00e9ho obchodu<\/strong><\/h4>\n<p dir=\"auto\">Prijat\u00edm t\u00fdchto Zmluvn\u00fdch podmienok potvrdzujete, \u017ee ste plnolet\u00ed vo svojom \u0161t\u00e1te alebo provincii bydliska, alebo ste z\u00edskali s\u00fahlas od z\u00e1konn\u00e9ho z\u00e1stupcu pre neplnolet\u00e9 osoby na pou\u017e\u00edvanie na\u0161ej str\u00e1nky.<\/p>\n<p dir=\"auto\">S\u00fahlas\u00edte s t\u00fdm, \u017ee nebudete pou\u017e\u00edva\u0165 na\u0161e produkty na nez\u00e1konn\u00e9 \u00fa\u010dely alebo poru\u0161ova\u0165 z\u00e1kony, vr\u00e1tane predpisov o autorsk\u00fdch pr\u00e1vach v r\u00e1mci va\u0161ej jurisdikcie.<\/p>\n<p dir=\"auto\">Prenos \u0161kodliv\u00e9ho k\u00f3du, ako s\u00fa \u010dervy alebo v\u00edrusy, je pr\u00edsne zak\u00e1zan\u00fd.<\/p>\n<p dir=\"auto\">Poru\u0161enie ak\u00fdchko\u013evek Podmienok bude ma\u0165 za n\u00e1sledok okam\u017eit\u00e9 ukon\u010denie pr\u00edstupu k slu\u017ebe.<\/p>\n<h4 dir=\"auto\"><strong>\u010cas\u0165 2 \u2013 V\u0161eobecn\u00e9 podmienky<\/strong><\/h4>\n<p dir=\"auto\">Vyhradzujeme si pr\u00e1vo odmietnu\u0165 slu\u017ebu komuko\u013evek kedyko\u013evek a z ak\u00e9hoko\u013evek d\u00f4vodu.<\/p>\n<p dir=\"auto\">Aj ke\u010f zabezpe\u010dujeme \u0161ifrovanie v\u00e1\u0161ho obsahu, s v\u00fdnimkou inform\u00e1ci\u00ed o kreditnej karte, po\u010das prenosu nesmiete zneu\u017e\u00edva\u0165, reprodukova\u0165 ani pred\u00e1va\u0165 \u017eiadnu \u010das\u0165 Slu\u017eby bez n\u00e1\u0161ho v\u00fdslovn\u00e9ho povolenia.<\/p>\n<p dir=\"auto\">Nadpisy v tejto zmluve sl\u00fa\u017eia na u\u013eah\u010denie a nemaj\u00fa vplyv na podmienky.<\/p>\n<h4 dir=\"auto\"><strong>\u010cas\u0165 3 \u2013 Presnos\u0165, \u00faplnos\u0165 a aktu\u00e1lnos\u0165 inform\u00e1ci\u00ed<\/strong><\/h4>\n<p dir=\"auto\">Nezaru\u010dujeme presnos\u0165 ani aktu\u00e1lnos\u0165 inform\u00e1ci\u00ed na str\u00e1nke. Materi\u00e1l sl\u00fa\u017ei na v\u0161eobecn\u00e9 inform\u00e1cie a nemal by by\u0165 jedin\u00fdm z\u00e1kladom pre rozhodovanie.<\/p>\n<p dir=\"auto\">Na str\u00e1nke m\u00f4\u017eu by\u0165 dostupn\u00e9 historick\u00e9 inform\u00e1cie, nie sme v\u0161ak povinn\u00ed ich aktualizova\u0165. Sledovanie zmien je va\u0161ou zodpovednos\u0165ou.<\/p>\n<h4 dir=\"auto\"><strong>\u010cas\u0165 4 \u2013 \u00dapravy Slu\u017eby a Ceny<\/strong><\/h4>\n<p dir=\"auto\">Ceny produktov sa m\u00f4\u017eu zmeni\u0165 bez upozornenia.<\/p>\n<p dir=\"auto\">M\u00e1me pr\u00e1vo upravi\u0165 alebo ukon\u010di\u0165 slu\u017ebu alebo ak\u00fako\u013evek jej \u010das\u0165 bez predch\u00e1dzaj\u00faceho upozornenia.<\/p>\n<p dir=\"auto\">Nie sme zodpovedn\u00ed za \u017eiadne zmeny, \u00fapravy cien alebo pozastavenie Slu\u017eby.<\/p>\n<h4 dir=\"auto\"><strong>\u010cas\u0165 5 \u2013 Produkty alebo slu\u017eby<\/strong><\/h4>\n<p dir=\"auto\">Ur\u010dit\u00e9 produkty m\u00f4\u017eu by\u0165 dostupn\u00e9 v\u00fdhradne online v obmedzen\u00fdch mno\u017estv\u00e1ch v s\u00falade s na\u0161imi Z\u00e1sadami vr\u00e1tenia.<\/p>\n<p dir=\"auto\">Aj ke\u010f sa sna\u017e\u00edme o presn\u00fa reprezent\u00e1ciu produktov, nem\u00f4\u017eeme zaru\u010di\u0165 presn\u00e9 zladenie farieb na v\u0161etk\u00fdch zariadeniach.<\/p>\n<p dir=\"auto\">Vyhradzujeme si pr\u00e1vo obmedzi\u0165 predaj pod\u013ea regi\u00f3nu, osoby alebo mno\u017estva, pri\u010dom popisy a ceny sa m\u00f4\u017eu pod\u013ea n\u00e1\u0161ho uv\u00e1\u017eenia zmeni\u0165.<\/p>\n<h4 dir=\"auto\"><strong>\u010cas\u0165 6 \u2013 Presnos\u0165 inform\u00e1ci\u00ed o faktur\u00e1cii a \u00fa\u010dte<\/strong><\/h4>\n<p dir=\"auto\">Objedn\u00e1vky m\u00f4\u017eeme odmietnu\u0165 pod\u013ea vlastn\u00e9ho uv\u00e1\u017eenia a obmedzi\u0165 mno\u017estvo na osobu alebo dom\u00e1cnos\u0165.<\/p>\n<p dir=\"auto\">Zodpoved\u00e1te za poskytnutie presn\u00fdch inform\u00e1ci\u00ed o \u00fa\u010dte a n\u00e1kupe a za r\u00fdchlu aktualiz\u00e1ciu podrobnost\u00ed.<\/p>\n<p dir=\"auto\">Podrobn\u00e9 inform\u00e1cie n\u00e1jdete v na\u0161ich Z\u00e1sad\u00e1ch vr\u00e1tenia tovaru.<\/p>\n<h4 dir=\"auto\"><strong>\u010cas\u0165 7 \u2013 Volite\u013en\u00e9 n\u00e1stroje<\/strong><\/h4>\n<p dir=\"auto\">Poskytnut\u00e9 n\u00e1stroje tret\u00edch str\u00e1n s\u00fa \u201etak ako s\u00fa\u201c bez z\u00e1ruk. Ich pou\u017eitie je na va\u0161om uv\u00e1\u017een\u00ed a riziku.<\/p>\n<p dir=\"auto\">Nov\u00e9 slu\u017eby a funkcie uveden\u00e9 na webovej str\u00e1nke bud\u00fa podlieha\u0165 t\u00fdmto Podmienkam.<\/p>\n<h4 dir=\"auto\"><strong>\u010cas\u0165 8 \u2013 Odkazy tret\u00edch str\u00e1n<\/strong><\/h4>\n<p dir=\"auto\">Odkazy tret\u00edch str\u00e1n v\u00e1s m\u00f4\u017eu nasmerova\u0165 na extern\u00e9 webov\u00e9 str\u00e1nky, ktor\u00e9 nie s\u00fa s nami prepojen\u00e9. Za ich obsah ani presnos\u0165 nezodpoved\u00e1me.<\/p>\n<p dir=\"auto\">Pred zapojen\u00edm sa do transakci\u00ed si pre\u010d\u00edtajte z\u00e1sady tret\u00edch str\u00e1n. Ak\u00e9ko\u013evek probl\u00e9my by mali by\u0165 adresovan\u00e9 tretej strane.<\/p>\n<h4 dir=\"auto\"><strong>\u010cas\u0165 9 \u2013 Koment\u00e1re pou\u017e\u00edvate\u013eov, sp\u00e4tn\u00e1 v\u00e4zba a pr\u00edspevky<\/strong><\/h4>\n<p dir=\"auto\">Ak\u00e9ko\u013evek koment\u00e1re alebo pr\u00edspevky, ktor\u00e9 n\u00e1m poskytnete, m\u00f4\u017eeme pou\u017ei\u0165 a distribuova\u0165 bez obmedzen\u00ed.<\/p>\n<p dir=\"auto\">Vyhradzujeme si pr\u00e1vo monitorova\u0165, upravova\u0165 alebo odstra\u0148ova\u0165 obsah pova\u017eovan\u00fd za nez\u00e1konn\u00fd alebo ur\u00e1\u017eliv\u00fd.<\/p>\n<p dir=\"auto\">Va\u0161e koment\u00e1re nesm\u00fa poru\u0161ova\u0165 pr\u00e1va tret\u00edch str\u00e1n ani obsahova\u0165 \u0161kodliv\u00fd obsah.<\/p>\n<h4 dir=\"auto\"><strong>\u010cas\u0165 10 \u2013 Osobn\u00e9 inform\u00e1cie<\/strong><\/h4>\n<p dir=\"auto\">Poskytovanie osobn\u00fdch \u00fadajov sa riadi na\u0161imi Z\u00e1sadami ochrany osobn\u00fdch \u00fadajov.<\/p>\n<h4 dir=\"auto\"><strong>\u010cas\u0165 10.1 \u2013 Z\u00e1sady pou\u017e\u00edvania s\u00faborov cookie<\/strong><\/h4>\n<p dir=\"auto\">Pou\u017e\u00edvame cookies, aby sme zlep\u0161ili v\u00e1\u0161 z\u00e1\u017eitok z prehliadania a pon\u00fakli prisp\u00f4soben\u00fd obsah. Pou\u017e\u00edvan\u00edm na\u0161ej webovej str\u00e1nky s\u00fahlas\u00edte s pou\u017e\u00edvan\u00edm s\u00faborov cookie.<\/p>\n<p dir=\"auto\">Svoje preferencie t\u00fdkaj\u00face sa s\u00faborov cookie m\u00f4\u017eete na na\u0161ej str\u00e1nke kedyko\u013evek spravova\u0165.<\/p>\n<h4 dir=\"auto\"><strong>\u010cas\u0165 11 \u2013 Chyby, nepresnosti a opomenutia<\/strong><\/h4>\n<p dir=\"auto\">Chyby alebo nepresnosti v popisoch produktov, cen\u00e1ch alebo ponuk\u00e1ch m\u00f4\u017eeme opravi\u0165 bez upozornenia.<\/p>\n<p dir=\"auto\">Nie sme povinn\u00ed aktualizova\u0165 inform\u00e1cie, pokia\u013e to nevy\u017eaduje z\u00e1kon.<\/p>\n<h4 dir=\"auto\"><strong>\u010cas\u0165 12 \u2013 Zak\u00e1zan\u00e9 pou\u017eitie<\/strong><\/h4>\n<p dir=\"auto\">Pou\u017e\u00edvanie str\u00e1nky na nez\u00e1konn\u00e9, ob\u0165a\u017euj\u00face alebo \u0161kodliv\u00e9 \u00fa\u010dely je pr\u00edsne zak\u00e1zan\u00e9.<\/p>\n<p dir=\"auto\">Vyhradzujeme si pr\u00e1vo ukon\u010di\u0165 slu\u017ebu v pr\u00edpade ak\u00e9hoko\u013evek poru\u0161enia.<\/p>\n<h4 dir=\"auto\"><strong>\u010cas\u0165 13 \u2013 Vyl\u00fa\u010denie z\u00e1ruk; Obmedzenie zodpovednosti<\/strong><\/h4>\n<p dir=\"auto\">Nezaru\u010dujeme nepreru\u0161ovan\u00fd a bezchybn\u00fd servis.<\/p>\n<p dir=\"auto\">S\u00fahlas\u00edte s t\u00fdm, \u017ee budete Slu\u017ebu pou\u017e\u00edva\u0165 na vlastn\u00e9 riziko a nenesieme zodpovednos\u0165 za \u017eiadne vzniknut\u00e9 \u0161kody.<\/p>\n<h4 dir=\"auto\"><strong>\u00a7 14 \u2013 Od\u0161kodnenie<\/strong><\/h4>\n<p dir=\"auto\">S\u00fahlas\u00edte s t\u00fdm, \u017ee n\u00e1s od\u0161kodn\u00edte za ak\u00e9ko\u013evek n\u00e1roky vypl\u00fdvaj\u00face z v\u00e1\u0161ho poru\u0161enia t\u00fdchto Podmienok.<\/p>\n<h4 dir=\"auto\"><strong>Oddiel 15 \u2013 Oddelite\u013enos\u0165<\/strong><\/h4>\n<p dir=\"auto\">Ak sa niektor\u00e9 ustanovenie pova\u017euje za nevym\u00e1hate\u013en\u00e9, zvy\u0161ok Podmienok zost\u00e1va v platnosti.<\/p>\n<h4 dir=\"auto\"><strong>\u00a7 16 \u2013 V\u00fdpove\u010f<\/strong><\/h4>\n<p dir=\"auto\">Z\u00e1v\u00e4zky oboch str\u00e1n pred ukon\u010den\u00edm zost\u00e1vaj\u00fa v platnosti.<\/p>\n<p dir=\"auto\">Zmluvu m\u00f4\u017eete kedyko\u013evek ukon\u010di\u0165 tak, \u017ee n\u00e1m to ozn\u00e1mite.<\/p>\n<p dir=\"auto\">Vyhradzujeme si pr\u00e1vo ukon\u010di\u0165 zmluvu, ak poru\u0161\u00edte ak\u00e9ko\u013evek Podmienky bez upozornenia.<\/p>\n<h4 dir=\"auto\"><strong>\u00a7 17 \u2013 Vzdanie sa pr\u00e1va<\/strong><\/h4>\n<p dir=\"auto\">\u017diadne zrieknutie sa Podmienok nepredstavuje vzdanie sa bud\u00facich pr\u00e1v.<\/p>\n<h4 dir=\"auto\"><strong>\u00a7 18 \u2013 Rozhodn\u00e9 pr\u00e1vo<\/strong><\/h4>\n<p>Tieto Podmienky slu\u017eby a v\u0161etky samostatn\u00e9 dohody, na z\u00e1klade ktor\u00fdch v\u00e1m poskytujeme slu\u017eby, sa bud\u00fa riadi\u0165 a v\u00fdklada\u0165 v s\u00falade s pr\u00e1vom HK.<\/p>\n<h4 dir=\"auto\"><strong>\u00a7 19 \u2013 Arbitr\u00e1\u017e a vzdanie sa hromadn\u00fdch \u017eal\u00f4b<\/strong><\/h4>\n<p dir=\"auto\">Spory sa bud\u00fa rie\u0161i\u0165 arbitr\u00e1\u017eou, s v\u00fdnimkou s\u00fadu pre mal\u00e9 n\u00e1roky.<\/p>\n<p dir=\"auto\">N\u00e1roky musia by\u0165 podan\u00e9 na individu\u00e1lnom z\u00e1klade, nie ako s\u00fa\u010das\u0165 hromadnej \u017ealoby.<\/p>\n<h4 dir=\"auto\"><strong>\u010cas\u0165 20 \u2013 Cel\u00e1 zmluva<\/strong><\/h4>\n<p dir=\"auto\">Tieto Podmienky predstavuj\u00fa cel\u00fa dohodu medzi vami a nami a nahr\u00e1dzaj\u00fa predch\u00e1dzaj\u00face zmluvy.<\/p>\n<p dir=\"auto\">Nejednozna\u010dnosti vo v\u00fdklade nezv\u00fdhod\u0148uj\u00fa \u017eiadnu stranu.<\/p>\n<h4 dir=\"auto\"><strong>\u010cas\u0165 21 \u2013 Kontaktn\u00e9 inform\u00e1cie<\/strong><\/h4>\n<p dir=\"auto\">V pr\u00edpade ak\u00fdchko\u013evek ot\u00e1zok t\u00fdkaj\u00facich sa Zmluvn\u00fdch podmienok n\u00e1s kontaktujte na adrese\u00a0<a href=\"mailto:info@vapexyz.com\" target=\"_blank\" rel=\"noopener\">info@vapexyz.com<\/a>.<\/p>\n<p dir=\"auto\">\u010eakujeme, \u017ee ste si pre\u010d\u00edtali na\u0161e optimalizovan\u00e9 zmluvn\u00e9 podmienky. Sna\u017e\u00edme sa v\u00e1m poskytn\u00fa\u0165 bezprobl\u00e9mov\u00fd a bezpe\u010dn\u00fd z\u00e1\u017eitok na VapeXYZ.com.<\/p>\n<p>&nbsp;<\/p>\n<div class=\"row page-wrapper\">\n<div id=\"content\" class=\"large-12 col\" role=\"main\">\n<div class=\"entry-content\">\n<p dir=\"auto\"><span style=\"color: #e14d43;\"><strong>Tieto Podmienky slu\u017eby a v\u0161etky samostatn\u00e9 dohody, na z\u00e1klade ktor\u00fdch v\u00e1m poskytujeme slu\u017eby, sa bud\u00fa riadi\u0165 a v\u00fdklada\u0165 v s\u00falade s pr\u00e1vom HK.<\/strong><\/span><\/p>\n<\/div>\n<\/div>\n<\/div>","protected":false},"excerpt":{"rendered":"<p>Terms &amp; Conditions Welcome to VapeXYZ.com, the premier destination for all your disposable e-cigarette needs. This website is operated by VapeXYZ. , VapeXYZ is dedicated to providing you with top-notch products and services. Throughout your journey on our site, the terms \u201cwe\u201d, \u201cus\u201d, and \u201cour\u201d refer to VapeXYZ. By using our website, you agree to [&#8230;]\n","protected":false},"author":1,"featured_media":0,"parent":0,"menu_order":0,"comment_status":"closed","ping_status":"closed","template":"page-blank-title-center.php","meta":{"_lmt_disableupdate":"no","_lmt_disable":"","footnotes":""},"class_list":["post-15901","page","type-page","status-publish","hentry"],"jetpack_sharing_enabled":true,"_links":{"self":[{"href":"https:\/\/vapexyz.com\/sk\/wp-json\/wp\/v2\/pages\/15901","targetHints":{"allow":["GET"]}}],"collection":[{"href":"https:\/\/vapexyz.com\/sk\/wp-json\/wp\/v2\/pages"}],"about":[{"href":"https:\/\/vapexyz.com\/sk\/wp-json\/wp\/v2\/types\/page"}],"author":[{"embeddable":true,"href":"https:\/\/vapexyz.com\/sk\/wp-json\/wp\/v2\/users\/1"}],"replies":[{"embeddable":true,"href":"https:\/\/vapexyz.com\/sk\/wp-json\/wp\/v2\/comments?post=15901"}],"version-history":[{"count":0,"href":"https:\/\/vapexyz.com\/sk\/wp-json\/wp\/v2\/pages\/15901\/revisions"}],"wp:attachment":[{"href":"https:\/\/vapexyz.com\/sk\/wp-json\/wp\/v2\/media?parent=15901"}],"curies":[{"name":"wp","href":"https:\/\/api.w.org\/{rel}","templated":true}]}}