{"id":70024,"date":"2026-03-30T08:47:56","date_gmt":"2026-03-30T08:47:56","guid":{"rendered":"https:\/\/vapexyz.com\/?post_type=product&#038;p=70024"},"modified":"2026-03-30T08:47:56","modified_gmt":"2026-03-30T08:47:56","slug":"vape-de-unica-folosinta-airmez-lux-60000-de-pufuri-pentru-vanzare-en-gros-cu-rezervor-vizibil-de-60k-si-functie-de-amplificare-a-bobinei-duble-cu-plasa","status":"publish","type":"product","link":"https:\/\/vapexyz.com\/ro\/product\/airmez-lux-60000-puffs-disposable-vapes-wholesale-60k-visible-tank-dual-mesh-coil-boost-feature\/","title":{"rendered":"Vape de unic\u0103 folosin\u021b\u0103 AIRMEZ LUX 60000 de pufuri, pentru v\u00e2nzare en gros, cu rezervor vizibil de 60K \u0219i func\u021bie de impuls, dubl\u0103 bobin\u0103 mesh"},"content":{"rendered":"<article style=\"font-family: Arial, sans-serif; line-height: 1.8; margin: auto; padding: 20px;\">\n<h2 style=\"color: #2c3e50; border-bottom: 2px solid #3498db; padding-bottom: 10px; margin-top: 30px;\">Revolu\u021bion\u00e2nd pia\u021ba de mare capacitate: <a href=\"https:\/\/vapexyz.com\/ro\/categoria-de-produse\/airmez-vape-uri-de-unica-folosinta\/\">Airmez Lux<\/a> Vape de unic\u0103 folosin\u021b\u0103 cu 60.000 de pufuri<\/h2>\n<p>\u00cen lumea \u00een rapid\u0103 evolu\u021bie a vape-urilor de unic\u0103 folosin\u021b\u0103, ingineria hardware a atins un nou nivel odat\u0103 cu lansarea AIRMEZ LUX 60000. La VapeXYZ, sus\u021binu\u021bi de peste 8 ani de experien\u021b\u0103 specializat\u0103 \u00een distribu\u021bia global\u0103 de vape-uri de unic\u0103 folosin\u021b\u0103, recunoa\u0219tem c\u0103 pragul de 60.000 de pufuri nu este doar un num\u0103r - este o dovad\u0103 a gestion\u0103rii avansate a bateriei \u0219i a designului rezervorului de \u00eenalt\u0103 capacitate. Pentru cei care doresc s\u0103 cumpere \u00een vrac sau s\u0103 ob\u021bin\u0103 o alimentare en gros, acest dispozitiv reprezint\u0103 intersec\u021bia perfect\u0103 \u00eentre longevitate \u0219i rafinament tehnologic.<\/p>\n<p>AIRMEZ LUX 60000 a fost conceput pentru a rezolva cele mai frecvente probleme ale utilizatorilor intensivi: epuizarea frecvent\u0103 a bateriei, nivelurile de consum \u201cnev\u0103zute\u201d \u0219i degradarea gustului. Prin integrarea unui rezervor vizibil \u0219i a unui element de \u00eenc\u0103lzire cu sistem dual, acest dispozitiv asigur\u0103 c\u0103 fiecare puf, de la primul p\u00e2n\u0103 la cel de-al 60.000-lea, este constant. Acest articol ofer\u0103 o analiz\u0103 tehnic\u0103 aprofundat\u0103, rezultate ale testelor empirice \u0219i o prezentare general\u0103 cuprinz\u0103toare a motivelor pentru care acest model este alegerea principal\u0103 pentru partenerii angro din \u00eentreaga lume.<\/p>\n<h2 style=\"color: #2c3e50; border-bottom: 2px solid #3498db; padding-bottom: 10px; margin-top: 40px;\">Excelen\u021b\u0103 inginereasc\u0103: bobina cu dubl\u0103 plas\u0103 \u0219i arhitectura Boost<\/h2>\n<h3 style=\"color: #2980b9; margin-top: 25px;\">Dinamic\u0103 avansat\u0103 de \u00eenc\u0103lzire<\/h3>\n<p>Nucleul performan\u021bei AIRMEZ LUX 60000 const\u0103 \u00een sistemul s\u0103u proprietar Dual Mesh Coil. Vape-urile de unic\u0103 folosin\u021b\u0103 standard utilizeaz\u0103 adesea o structur\u0103 cu un singur fir sau plas\u0103 care se poate confrunta cu probleme de disipare a c\u0103ldurii pe perioade lungi. LUX 60000 folose\u0219te dou\u0103 structuri distincte de plas\u0103 care lucreaz\u0103 \u00eempreun\u0103. Aceast\u0103 configura\u021bie cu dou\u0103 re\u021bele cre\u0219te suprafa\u021ba de contact dintre elementul de \u00eenc\u0103lzire \u0219i esen\u021ba intern\u0103, permi\u021b\u00e2nd o vaporizare mai eficient\u0103 la temperaturi mai sc\u0103zute.<\/p>\n<p>Din punct de vedere ingineresc, acest lucru reduce \u201ccarbonizarea\u201d fitilului intern, care este principala cauz\u0103 a gustului nepl\u0103cut de ars \u00een dispozitivele cu capacitate mare. Prin distribuirea sarcinii termice pe dou\u0103 bobine, dispozitivul men\u021bine integritatea capacit\u0103\u021bii de 30 ml p\u00e2n\u0103 la ultima pic\u0103tur\u0103.<\/p>\n<div style=\"flex-wrap: wrap; gap: 20px; margin: 30px 0;\">\n<div style=\"flex: 1; min-width: 300px; padding: 20px; background: #f8f9fa; border: 1px solid #dee2e6; border-radius: 10px; border-top: 5px solid #e74c3c;\">\n<h4 style=\"margin-top: 0; color: #e74c3c;\">Vape standard de unic\u0103 folosin\u021b\u0103<\/h4>\n<ul style=\"padding-left: 20px;\">\n<li>Capacitate: 2ML \u2013 15ML<\/li>\n<li>\u00cenc\u0103lzire: Fir simplu\/Plas\u0103<\/li>\n<li>Supraveghere: Rezervor Opaque (Opac)<\/li>\n<li>Num\u0103r de pufuri: 5.000 \u2013 15.000<\/li>\n<li>Tensiune Fix\u0103<\/li>\n<\/ul>\n<\/div>\n<div style=\"flex: 1; min-width: 300px; padding: 20px; background: #eef7ff; border: 1px solid #b8daff; border-radius: 10px; border-top: 5px solid #2980b9;\">\n<h4 style=\"margin-top: 0; color: #2980b9;\">Airmez Lux 60000<\/h4>\n<ul style=\"padding-left: 20px;\">\n<li>Capacitate: 30 ml - volum \u00eenalt<\/li>\n<li>\u00cenc\u0103lzire: Dual Mesh Sync<\/li>\n<li>Supraveghere: Rezervor Vizibil 360\u00b0<\/li>\n<li>Num\u0103r de pufuri: p\u00e2n\u0103 la 60.000<\/li>\n<li>Buton Boost cu dou\u0103 moduri<\/li>\n<\/ul>\n<\/div>\n<\/div>\n<h3 style=\"color: #2980b9; margin-top: 25px;\">Func\u021bia Boost: Personalizarea Puterei de Ie\u0219ire<\/h3>\n<p>Butonul Boost integrat este o caracteristic\u0103 de obicei rezervat\u0103 pentru sistemele mod de \u00eenalt\u0103 calitate, acum condensat\u0103 \u00eentr-un format de vape de unic\u0103 folosin\u021b\u0103. La activare, dispozitivul cre\u0219te amperajul livrat c\u0103tre bobine, rezult\u00e2nd un profil de vapori mai dens \u0219i mai cald. Aceast\u0103 capacitate dual\u0103 permite utilizatorilor s\u0103 treac\u0103 \u00eentre \u201cModul Eficien\u021b\u0103\u201d pentru o durat\u0103 maxim\u0103 de puf \u0219i \u201cModul Putere\u201d pentru o experien\u021b\u0103 senzorial\u0103 mai robust\u0103. Aceast\u0103 versatilitate reprezint\u0103 un punct de v\u00e2nzare important pentru furnizorii angro care vizeaz\u0103 o baz\u0103 de clien\u021bi divers\u0103.<\/p>\n<h2 style=\"color: #2c3e50; border-bottom: 2px solid #3498db; padding-bottom: 10px; margin-top: 40px;\">Analiza Performan\u021bei Empirice: Rezultatele Testelor de Laborator<\/h2>\n<p>La VapeXYZ, nu ne limit\u0103m la a repeta afirma\u021biile produc\u0103torilor; efectu\u0103m m\u0103sur\u0103tori independente pentru a ne asigura c\u0103 AIRMEZ LUX 60000 respect\u0103 standardele pie\u021bei. Echipa noastr\u0103 tehnic\u0103 a supus LUX 60000 unui test de ciclu continuu de 72 de ore, folosind dispozitive automate de puf setate pe o durat\u0103 de aspira\u021bie standard de 1,5 secunde.<\/p>\n<div style=\"background-color: #fff3cd; border-left: 6px solid #ffc107; padding: 20px; margin: 30px 0; border-radius: 4px;\">\n<p>\u0218tia\u021bi c\u0103? (Fapt tehnic)<\/p>\n<p style=\"margin-top: 10px; color: #856404;\">Evaluarea de 60.000 de pufuri este calculat\u0103 pe baza unui mod specializat de putere redus\u0103. C\u00e2nd utiliza\u021bi func\u021bia \u201cBoost\u201d, volumul de vapori cre\u0219te cu aproximativ 40%, ceea ce consum\u0103 \u00een mod natural capacitatea de 30 ml mai rapid. Utilizatorii se pot a\u0219tepta la aproximativ 30.000 p\u00e2n\u0103 la 35.000 de pufuri \u00een modul Boost permanent sau p\u00e2n\u0103 la 60.000 \u00een modul Standard.<\/p>\n<\/div>\n<h3 style=\"color: #2980b9; margin-top: 25px;\">Eficien\u021b\u0103 Baterie \u0219i Calibrare \u00cenc\u0103rcare<\/h3>\n<p>Bateria de 650mAh a fost testat\u0103 pentru cicluri de re\u00eenc\u0103rcare. Utiliz\u00e2nd portul Type-C, dispozitivul ajunge la 80% \u00eenc\u0103rcare \u00een doar 32 de minute. \u00cen mod crucial, protec\u021bia \u00eempotriva sc\u0103derii tensiunii asigur\u0103 c\u0103, chiar \u0219i la 10% baterie r\u0103mas\u0103, bobinele Dual Mesh primesc suficient\u0103 putere pentru a preveni \u201ctragerea slab\u0103\u201d. Aceast\u0103 consisten\u021b\u0103 este vital\u0103 pentru a construi \u00eencrederea consumatorilor \u00een dispozitivele de vape de unic\u0103 folosin\u021b\u0103.<\/p>\n<h3 style=\"color: #2980b9; margin-top: 25px;\">Matricea Specifica\u021biilor Tehnice<\/h3>\n<div style=\"margin: 20px 0;\">\n<table style=\"width: 100%; border-collapse: collapse; background-color: white; border: 1px solid #ddd;\">\n<thead>\n<tr style=\"background-color: #2c3e50; color: white; text-align: left;\">\n<th style=\"padding: 15px; border: 1px solid #ddd;\">Component\u0103<\/th>\n<th style=\"padding: 15px; border: 1px solid #ddd;\">Detalii specifica\u021bii<\/th>\n<\/tr>\n<\/thead>\n<tbody>\n<tr>\n<td style=\"padding: 12px; border: 1px solid #ddd; font-weight: bold;\">Capacitate precompletat\u0103<\/td>\n<td style=\"padding: 12px; border: 1px solid #ddd;\">Rezervor de \u00eenalt\u0103 precizie de 30 ml<\/td>\n<\/tr>\n<tr style=\"background-color: #f2f2f2;\">\n<td style=\"padding: 12px; border: 1px solid #ddd; font-weight: bold;\">Puf\u0103turi maxime<\/td>\n<td style=\"padding: 12px; border: 1px solid #ddd;\">60.000 (Mod Standard)<\/td>\n<\/tr>\n<tr>\n<td style=\"padding: 12px; border: 1px solid #ddd; font-weight: bold;\">Chimie a bateriei<\/td>\n<td style=\"padding: 12px; border: 1px solid #ddd;\">Rechargeabil\u0103 cu ioni de litiu, 650mAh<\/td>\n<\/tr>\n<tr style=\"background-color: #f2f2f2;\">\n<td style=\"padding: 12px; border: 1px solid #ddd; font-weight: bold;\">Protocol de \u00eenc\u0103rcare<\/td>\n<td style=\"padding: 12px; border: 1px solid #ddd;\">\u00cenc\u0103rcare rapid\u0103 USB-C<\/td>\n<\/tr>\n<tr>\n<td style=\"padding: 12px; border: 1px solid #ddd; font-weight: bold;\">Element de \u00eenc\u0103lzire<\/td>\n<td style=\"padding: 12px; border: 1px solid #ddd;\">Structur\u0103 Dual Mesh ( sincronizare activat\u0103)<\/td>\n<\/tr>\n<tr style=\"background-color: #f2f2f2;\">\n<td style=\"padding: 12px; border: 1px solid #ddd; font-weight: bold;\">Interfata utilizator<\/td>\n<td style=\"padding: 12px; border: 1px solid #ddd;\">Tanc Essence Vizibil\u0103 &amp; Control Boost<\/td>\n<\/tr>\n<\/tbody>\n<\/table>\n<\/div>\n<h2 style=\"color: #2c3e50; border-bottom: 2px solid #3498db; padding-bottom: 10px; margin-top: 40px;\">Op\u021biuni de Gust Premium: O Palet\u0103 Curat\u0103<\/h2>\n<p>AIRMEZ LUX 60000 utilizeaz\u0103 o suspensie de \u00eenalt\u0103 calitate a compu\u0219ilor aromatici pentru a oferi un gust curat \u0219i crocant. Prin evitarea agen\u021bilor de r\u0103cire artificiali care adesea \u00eenfund\u0103 bobinele, dispozitivul asigur\u0103 c\u0103 cei 30ML interni r\u0103m\u00e2n proaspe\u021bi.<\/p>\n<div style=\"grid-template-columns: repeat(auto-fit, minmax(200px, 1fr)); gap: 15px; margin: 25px 0;\">\n<div style=\"padding: 10px; background: #fff; border: 1px solid #eee; border-radius: 5px; text-align: center;\">1. Ghea\u021b\u0103 de c\u0103p\u0219uni<\/div>\n<div style=\"padding: 10px; background: #fff; border: 1px solid #eee; border-radius: 5px; text-align: center;\">Ghea\u021b\u0103 de pepene verde<\/div>\n<div style=\"padding: 10px; background: #fff; border: 1px solid #eee; border-radius: 5px; text-align: center;\">Fructe de p\u0103dure amestecate<\/div>\n<div style=\"padding: 10px; background: #fff; border: 1px solid #eee; border-radius: 5px; text-align: center;\">Pasiune de Kiwi \u0219i Fructul Pasiunii<\/div>\n<div style=\"padding: 10px; background: #fff; border: 1px solid #eee; border-radius: 5px; text-align: center;\">Dr Blue<\/div>\n<div style=\"padding: 10px; background: #fff; border: 1px solid #eee; border-radius: 5px; text-align: center;\">6. Iubesc 66<\/div>\n<div style=\"padding: 10px; background: #fff; border: 1px solid #eee; border-radius: 5px; text-align: center;\">Tripl\u0103 Mango<\/div>\n<div style=\"padding: 10px; background: #fff; border: 1px solid #eee; border-radius: 5px; text-align: center;\">8. Cherry Cola<\/div>\n<div style=\"padding: 10px; background: #fff; border: 1px solid #eee; border-radius: 5px; text-align: center;\">Bingo Crush<\/div>\n<div style=\"padding: 10px; background: #fff; border: 1px solid #eee; border-radius: 5px; text-align: center;\">Limonad\u0103 Roz<\/div>\n<\/div>\n<h2 style=\"color: #2c3e50; border-bottom: 2px solid #3498db; padding-bottom: 10px; margin-top: 40px;\">Avantaj Strategic pentru Partenerii de V\u00e2nzare en Gros \u0219i \u00een Cantit\u0103\u021bi Mari<\/h2>\n<p>\u00cen calitate de distribuitor profesional de top, VapeXYZ \u0219tie c\u0103 fiabilitatea este piatra de temelie a succesului \u00een comer\u021bul cu ridicata. AIRMEZ LUX 60000 este conceput special pentru mediile de retail cu cifr\u0103 de afaceri mare. Dotarea cu un rezervor vizibil ac\u021bioneaz\u0103 ca un \u201cv\u00e2nz\u0103tor t\u0103cut\u201d, oferind o dovad\u0103 vizual\u0103 imediat\u0103 a valorii produsului pentru utilizatorul final.<\/p>\n<h3 style=\"color: #2980b9; margin-top: 25px;\">De ce s\u0103 cumperi \u00een cantit\u0103\u021bi mari de la noi? <a href=\"https:\/\/vapexyz.com\/ro\/\">VapeXYZ<\/a>?<\/h3>\n<ul style=\"padding-left: 0;\">\n<li style=\"margin-bottom: 10px; padding-left: 25px; position: relative;\"><span style=\"position: absolute; left: 0; color: #27ae60;\">\u2714<\/span><br \/>\nMOQ mic: Comenzi minime de doar 10 buc\u0103\u021bi permit comercian\u021bilor cu am\u0103nuntul s\u0103 testeze cererea pe pia\u021b\u0103 cu un risc de capital minim.<\/li>\n<li style=\"margin-bottom: 10px; padding-left: 25px; position: relative;\"><span style=\"position: absolute; left: 0; color: #27ae60;\">\u2714<\/span><br \/>\nPre\u021buri e\u0219alonate: Puncte de pre\u021b agresive pentru comenzile de 200 de buc\u0103\u021bi sau mai multe (cutie complet\u0103), garant\u00e2nd marje de profit s\u0103n\u0103toase pentru partenerii no\u0219tri.<\/li>\n<li style=\"margin-bottom: 10px; padding-left: 25px; position: relative;\"><span style=\"position: absolute; left: 0; color: #27ae60;\">\u2714<\/span><br \/>\nExperien\u021b\u0103 \u00een Logistic\u0103: Expediem \u00een \u00eentreaga lume, gestion\u00e2nd vam\u0103 \u0219i documenta\u021bia pentru a ne asigura c\u0103 vape-urile de unic\u0103 folosin\u021b\u0103 ajung la tine f\u0103r\u0103 \u00eent\u00e2rziere.<\/li>\n<li style=\"margin-bottom: 10px; padding-left: 25px; position: relative;\"><span style=\"position: absolute; left: 0; color: #27ae60;\">\u2714<\/span><br \/>\nPreg\u0103tite pentru conformitate: Produsele noastre sunt fabricate \u00een facilit\u0103\u021bi certificate ISO, \u00eendeplinind standarde stricte de control al calit\u0103\u021bii \u00eenainte de a p\u0103r\u0103si fabrica.<\/li>\n<\/ul>\n<div style=\"background-color: #f1f8e9; border: 1px solid #c5e1a5; padding: 20px; border-radius: 8px; margin: 30px 0;\">\n<h4 style=\"margin-top: 0; color: #33691e;\">Date logistice \u0219i de ambalare<\/h4>\n<p style=\"margin-bottom: 5px;\">Cutie de prezentare: 10 unit\u0103\u021bi (Ideal\u0103 pentru prezentarea cu am\u0103nuntul la tejghea).<\/p>\n<p style=\"margin-bottom: 5px;\">Cutie principal\u0103: 200 de unit\u0103\u021bi (Greutate echilibrat\u0103 pentru transportul aerian interna\u021bional).<\/p>\n<p style=\"margin-bottom: 0;\">Garantia Calit\u0103\u021bii: Fiecare unitate este sigilat\u0103 individual pentru a preveni evaporarea \u00een timpul depozit\u0103rii.<\/p>\n<\/div>\n<h2 style=\"color: #2c3e50; border-bottom: 2px solid #3498db; padding-bottom: 10px; margin-top: 40px;\">Perspective Expert\u0103: \u00centreb\u0103ri Frecvent \u00centrebate<\/h2>\n<div style=\"margin-bottom: 15px;\">\n<div style=\"background: #2c3e50; color: white; padding: 10px 15px; border-radius: 5px 5px 0 0; font-weight: bold;\">Ce beneficii aduce rezervorul vizibil experien\u021bei utilizatorului \u00een cazul vape-urilor de unic\u0103 folosin\u021b\u0103?<\/div>\n<div style=\"border: 1px solid #ddd; padding: 15px; border-radius: 0 0 5px 5px; background: white;\">\u00cen cazul vape-urilor de unic\u0103 folosin\u021b\u0103 tradi\u021bionale, utilizatorul nu poate vedea c\u00e2t\u0103 capacitate intern\u0103 a r\u0103mas, ceea ce duce adesea la o experien\u021b\u0103 nepl\u0103cut\u0103 de \"lovitur\u0103 uscat\u0103\" atunci c\u00e2nd dispozitivul se epuizeaz\u0103 brusc. Rezervorul Vizibil asigur\u0103 transparen\u021b\u0103, permi\u021b\u00e2nd utilizatorilor s\u0103 evalueze cu exactitate momentul \u00een care trebuie s\u0103 achizi\u021bioneze un \u00eenlocuitor, ceea ce cre\u0219te semnificativ satisfac\u021bia consumatorilor.<\/div>\n<\/div>\n<div style=\"margin-bottom: 15px;\">\n<div style=\"background: #2c3e50; color: white; padding: 10px 15px; border-radius: 5px 5px 0 0; font-weight: bold;\">Este bateria de 650mAh suficient\u0103 pentru 60.000 de pufuri?<\/div>\n<div style=\"border: 1px solid #ddd; padding: 15px; border-radius: 0 0 5px 5px; background: white;\">Da, pentru c\u0103 este conceput pentru a fi re\u00eenc\u0103rcabil. Capacitatea de 650mAh ofer\u0103 suficient\u0103 energie pentru aproximativ 500-800 de pufuri la o singur\u0103 \u00eenc\u0103rcare. Cu portul Type-C, utilizatorul poate re\u00eenc\u0103rca cu u\u0219urin\u021b\u0103 bateria p\u00e2n\u0103 c\u00e2nd \u00eentreaga capacitate de 30ML este utilizat\u0103.<\/div>\n<\/div>\n<div style=\"margin-bottom: 15px;\">\n<div style=\"background: #2c3e50; color: white; padding: 10px 15px; border-radius: 5px 5px 0 0; font-weight: bold;\">Ce face bobina dual mesh superioar\u0103 pentru cump\u0103r\u0103torii care achizi\u021bioneaz\u0103 \u00een cantit\u0103\u021bi mari?<\/div>\n<div style=\"border: 1px solid #ddd; padding: 15px; border-radius: 0 0 5px 5px; background: white;\">Pentru distribuitorii angro, return\u0103rile de produse reprezint\u0103 o preocupare major\u0103. Bobinele Dual Mesh sunt statistic mai fiabile dec\u00e2t bobinele cu un singur fir. Ele ofer\u0103 un factor de redundan\u021b\u0103; dac\u0103 o sec\u021biune a re\u021belei \u00eent\u00e2mpin\u0103 mai mult\u0103 rezisten\u021b\u0103, sistemul de sincronizare dual\u0103 echilibreaz\u0103 sarcina termic\u0103, reduc\u00e2nd ratele de defectare la sosire (DOA) sau de deteriorare prematur\u0103.<\/div>\n<\/div>\n<div style=\"margin-bottom: 15px;\">\n<div style=\"background: #2c3e50; color: white; padding: 10px 15px; border-radius: 5px 5px 0 0; font-weight: bold;\">\u00centrebare: VapeXYZ ofer\u0103 suport pentru comenzi angro mari?<\/div>\n<div style=\"border: 1px solid #ddd; padding: 15px; border-radius: 0 0 5px 5px; background: white;\">Da, absolut. Oferim servicii logistice specializate pentru clien\u021bii care cump\u0103r\u0103 \u00een cantit\u0103\u021bi mari, inclusiv urm\u0103rire \u00een timp real, expediere cu prioritate \u0219i structuri de pre\u021buri e\u0219alonate care v\u0103 asigur\u0103 c\u0103 r\u0103m\u00e2ne\u021bi competitiv pe pia\u021ba local\u0103.<\/div>\n<\/div>\n<h2 style=\"color: #2c3e50; border-bottom: 2px solid #3498db; padding-bottom: 10px; margin-top: 40px;\">Concluzie: Viitorul Fiabilit\u0103\u021bii High-Puff<\/h2>\n<p>AIRMEZ LUX 60000 este mai mult dec\u00e2t o vape de unic\u0103 folosin\u021b\u0103; este un instrument de \u00eenalt\u0103 performan\u021b\u0103 conceput pentru era modern\u0103 a vapingului. Cu o capacitate de 30ML, func\u021bie Boost \u0219i rezervor vizibil, stabile\u0219te un nou standard pentru ceea ce consumatorii a\u0219teapt\u0103 de la dispozitivele cu capacitate mare. Fie c\u0103 e\u0219ti un retailer care caut\u0103 s\u0103-\u0219i extind\u0103 inventarul en gros sau o afacere care dore\u0219te s\u0103 cumpere \u00een vrac produse de \u00eencredere, LUX 60K de la VapeXYZ este alegerea definitiv\u0103.<\/p>\n<p style=\"text-align: center; font-weight: bold; font-size: 1.2em; margin-top: 30px; color: #2c3e50;\">Al\u0103tur\u0103-te miilor de parteneri globali mul\u021bumi\u021bi. Asigur\u0103-\u021bi ast\u0103zi stocul de AIRMEZ LUX 60000 la VapeXYZ.com.<br \/>\n<img loading=\"lazy\" decoding=\"async\" class=\"aligncenter wp-image-70036 size-full\" src=\"https:\/\/vapexyz.com\/wp-content\/uploads\/2026\/03\/AIRMEZ-LUX-60000-Puffs-Disposable-Vapes-Wholesale-60K-Visible-Tank-Dual-Mesh-Coil-Boost-Feature-12.webp\" alt=\"Vape de unic\u0103 folosin\u021b\u0103 AIRMEZ LUX 60000 de pufuri, pentru v\u00e2nzare en gros, cu rezervor vizibil de 60K \u0219i func\u021bie de impuls, dubl\u0103 bobin\u0103 mesh\" width=\"2496\" height=\"1664\" title=\"\" srcset=\"https:\/\/vapexyz.com\/wp-content\/uploads\/2026\/03\/AIRMEZ-LUX-60000-Puffs-Disposable-Vapes-Wholesale-60K-Visible-Tank-Dual-Mesh-Coil-Boost-Feature-12.webp 2496w, https:\/\/vapexyz.com\/wp-content\/uploads\/2026\/03\/AIRMEZ-LUX-60000-Puffs-Disposable-Vapes-Wholesale-60K-Visible-Tank-Dual-Mesh-Coil-Boost-Feature-12-500x333.webp 500w, https:\/\/vapexyz.com\/wp-content\/uploads\/2026\/03\/AIRMEZ-LUX-60000-Puffs-Disposable-Vapes-Wholesale-60K-Visible-Tank-Dual-Mesh-Coil-Boost-Feature-12-1024x683.webp 1024w, https:\/\/vapexyz.com\/wp-content\/uploads\/2026\/03\/AIRMEZ-LUX-60000-Puffs-Disposable-Vapes-Wholesale-60K-Visible-Tank-Dual-Mesh-Coil-Boost-Feature-12-768x512.webp 768w, https:\/\/vapexyz.com\/wp-content\/uploads\/2026\/03\/AIRMEZ-LUX-60000-Puffs-Disposable-Vapes-Wholesale-60K-Visible-Tank-Dual-Mesh-Coil-Boost-Feature-12-1536x1024.webp 1536w, https:\/\/vapexyz.com\/wp-content\/uploads\/2026\/03\/AIRMEZ-LUX-60000-Puffs-Disposable-Vapes-Wholesale-60K-Visible-Tank-Dual-Mesh-Coil-Boost-Feature-12-2048x1365.webp 2048w, https:\/\/vapexyz.com\/wp-content\/uploads\/2026\/03\/AIRMEZ-LUX-60000-Puffs-Disposable-Vapes-Wholesale-60K-Visible-Tank-Dual-Mesh-Coil-Boost-Feature-12-18x12.webp 18w, https:\/\/vapexyz.com\/wp-content\/uploads\/2026\/03\/AIRMEZ-LUX-60000-Puffs-Disposable-Vapes-Wholesale-60K-Visible-Tank-Dual-Mesh-Coil-Boost-Feature-12-510x340.webp 510w\" sizes=\"auto, (max-width: 2496px) 100vw, 2496px\" \/><\/p>\n<\/article>","protected":false},"excerpt":{"rendered":"<p>Vape de unic\u0103 folosin\u021b\u0103 AIRMEZ LUX 60000 pentru v\u00e2nzare en gros: 60.000 de pufuri, rezervor vizibil, bobin\u0103 dubl\u0103 cu plas\u0103 \u0219i func\u021bie Boost pentru achizi\u021bii \u00een cantitate.<\/p>","protected":false},"featured_media":70026,"comment_status":"open","ping_status":"closed","template":"","meta":{"_lmt_disableupdate":"no","_lmt_disable":""},"product_brand":[],"product_cat":[1086,1072,947,935,934,927,929,928,930,933,939,932,938,931,936,937,1017,948,949,946,950,951,953,820,987],"product_tag":[],"class_list":{"0":"post-70024","1":"product","2":"type-product","3":"status-publish","4":"has-post-thumbnail","6":"product_cat-airmez-disposable-vapes","7":"product_cat-60000-puff-vapes","8":"product_cat-big-puffs-vapes","9":"product_cat-bulk-buy-disposable-vapes-in-austria","10":"product_cat-bulk-buy-disposable-vapes-in-belgium","11":"product_cat-bulk-buy-disposable-vapes-in-europe","12":"product_cat-bulk-buy-disposable-vapes-in-france","13":"product_cat-bulk-buy-disposable-vapes-in-germany","14":"product_cat-bulk-buy-disposable-vapes-in-italy","15":"product_cat-bulk-buy-disposable-vapes-in-netherlands","16":"product_cat-bulk-buy-disposable-vapes-in-norway","17":"product_cat-bulk-buy-disposable-vapes-in-poland","18":"product_cat-bulk-buy-disposable-vapes-in-portugal","19":"product_cat-bulk-buy-disposable-vapes-in-spain","20":"product_cat-bulk-buy-disposable-vapes-in-sweden","21":"product_cat-bulk-buy-disposable-vapes-in-switzerland","22":"product_cat-buy-best-disposable-vape-flavors","23":"product_cat-crystal-vapes","24":"product_cat-digital-box-vapes","25":"product_cat-disposable-vapes-series","26":"product_cat-dual-mesh-vapes","27":"product_cat-lower-nicotine-vapes","28":"product_cat-rechargeable-vapes","29":"product_cat-vape","30":"product_cat-vape-shop-by-puffs","32":"first","33":"instock","34":"shipping-taxable","35":"purchasable","36":"product-type-variable","37":"has-default-attributes"},"jetpack_sharing_enabled":true,"tiered_pricing_type":"fixed","tiered_pricing_fixed_rules":[],"tiered_pricing_product_settings":{"layout":"default","base_unit_name":{"singular":null,"plural":null},"default_variation":null},"tiered_pricing_minimum_quantity":null,"tiered_pricing_roles_data":[],"tiered_pricing_percentage_rules":[],"tiered_pricing_maximum_quantity":null,"tiered_pricing_quantity_step":null,"_links":{"self":[{"href":"https:\/\/vapexyz.com\/ro\/wp-json\/wp\/v2\/product\/70024","targetHints":{"allow":["GET"]}}],"collection":[{"href":"https:\/\/vapexyz.com\/ro\/wp-json\/wp\/v2\/product"}],"about":[{"href":"https:\/\/vapexyz.com\/ro\/wp-json\/wp\/v2\/types\/product"}],"replies":[{"embeddable":true,"href":"https:\/\/vapexyz.com\/ro\/wp-json\/wp\/v2\/comments?post=70024"}],"wp:featuredmedia":[{"embeddable":true,"href":"https:\/\/vapexyz.com\/ro\/wp-json\/wp\/v2\/media\/70026"}],"wp:attachment":[{"href":"https:\/\/vapexyz.com\/ro\/wp-json\/wp\/v2\/media?parent=70024"}],"wp:term":[{"taxonomy":"product_brand","embeddable":true,"href":"https:\/\/vapexyz.com\/ro\/wp-json\/wp\/v2\/product_brand?post=70024"},{"taxonomy":"product_cat","embeddable":true,"href":"https:\/\/vapexyz.com\/ro\/wp-json\/wp\/v2\/product_cat?post=70024"},{"taxonomy":"product_tag","embeddable":true,"href":"https:\/\/vapexyz.com\/ro\/wp-json\/wp\/v2\/product_tag?post=70024"}],"curies":[{"name":"wp","href":"https:\/\/api.w.org\/{rel}","templated":true}]}}