{"id":69975,"date":"2026-03-31T07:50:53","date_gmt":"2026-03-31T07:50:53","guid":{"rendered":"https:\/\/vapexyz.com\/?post_type=product&#038;p=69975"},"modified":"2026-03-31T08:07:35","modified_gmt":"2026-03-31T08:07:35","slug":"vape-de-unica-folosinta-airmez-fox-8-in-1-160-000-de-pufuri-cumparare-en-gros-in-vrac-capacitate-de-60-ml-bobina-cu-plasa-cutie-de-afisare","status":"publish","type":"product","link":"https:\/\/vapexyz.com\/ro\/product\/airmez-fox-8-in-1-160000-puffs-disposable-vapes-wholesale-bulk-buy-160k-60ml-capacity-mesh-coil-display-box\/","title":{"rendered":"Vape de unic\u0103 folosin\u021b\u0103 AIRMEZ FOX 8 \u00een 1, 160.000 de pufuri, cump\u0103rare en gros \u00een vrac, capacitate de 60 ml, bobin\u0103 cu plas\u0103, cutie de afi\u0219are"},"content":{"rendered":"<article style=\"font-family: 'Inter', -apple-system, BlinkMacSystemFont, 'Segoe UI', Roboto, Helvetica, Arial, sans-serif; line-height: 1.8; color: #334155; margin: 0 auto; padding: 40px 20px; background-color: #f8fafc;\">\n<div style=\"text-align: center; margin-bottom: 40px; padding: 40px 20px; background: linear-gradient(135deg, #0f172a 0%, #1e293b 100%); border-radius: 16px;\">\n<h2 style=\"font-size: 2.5em; color: #f8fafc; margin-bottom: 15px; text-transform: uppercase; letter-spacing: 1.5px; font-weight: 800;\"><a href=\"https:\/\/vapexyz.com\/ro\/categoria-de-produse\/airmez-vape-uri-de-unica-folosinta\/\">Airmez Fox<\/a> Vape de unic\u0103 folosin\u021b\u0103 cu 8 \u00een 1 \u0219i 160.000 de pufuri<\/h2>\n<p style=\"font-size: 1.25em; color: #94a3b8; font-weight: 500; margin: 0;\">Capacitate f\u0103r\u0103 precedent de 160K | Arhitectur\u0103 Quad Tank | Solu\u021bie de cump\u0103rare \u00een vrac pentru comer\u021b en gros<\/p>\n<\/div>\n<section style=\"margin-bottom: 50px; background-color: #ffffff; padding: 30px; border-radius: 12px;\">\n<h2 style=\"color: #0f172a; border-bottom: 3px solid #e2e8f0; padding-bottom: 12px; font-size: 1.8em; margin-top: 0;\">Autoritate \u00een Industrie: The <a href=\"https:\/\/vapexyz.com\/ro\/\">VapeXYZ<\/a> Angajament de V\u00e2nzare en Gros<\/h2>\n<p>Bun venit la VapeXYZ, hub-ul dvs. online suprem \u0219i partenerul principal de distribu\u021bie pentru vape-uri de \u00eenalt\u0103 calitate de unic\u0103 folosin\u021b\u0103. Cu peste 8 ani de experien\u021b\u0103 opera\u021bional\u0103 dedicat\u0103 \u00een sectorul distribu\u021biei globale, am stabilit o re\u021bea robust\u0103 de aprovizionare care prioritizeaz\u0103 calitatea, fiabilitatea \u0219i conformitatea cu reglement\u0103rile pie\u021bei. Suntem \u00eenc\u00e2nta\u021bi s\u0103 prezent\u0103m clien\u021bilor no\u0219tri business-to-business (B2B) o lume a m\u0103rcilor de top, inclusiv BANG BOX, WASPE, UWIN, BIMO, RandM, BANG, VOZOL, Elf Box, MYDE \u0219i, \u00een special, seria inovatoare AIRMEZ.<\/p>\n<p>\u00cen calitate de distribuitor profesional en gros, VapeXYZ acoper\u0103 diferen\u021ba dintre fabricarea premium \u0219i preg\u0103tirea pentru v\u00e2nzare cu am\u0103nuntul. Oferim cele mai c\u0103utate vape la pre\u021buri foarte competitive, cu o cantitate minim\u0103 de comand\u0103 (MOQ) de numai 10 buc\u0103\u021bi, foarte accesibil\u0103. Aceast\u0103 structur\u0103 de MOQ sc\u0103zut\u0103 este conceput\u0103 \u00een mod deliberat pentru a permite partenerilor de v\u00e2nzare cu am\u0103nuntul de toate dimensiunile s\u0103 testeze viabilitatea pe pia\u021b\u0103 \u00eenainte de a se angaja la volume mai mari de carton master. Atunci c\u00e2nd cump\u0103ra\u021bi \u00een vrac de la VapeXYZ, sunte\u021bi garantat pentru pre\u021buri directe de en gros, controale stricte de control al calit\u0103\u021bii \u0219i un proces de achizi\u021bie f\u0103r\u0103 \u00eentreruperi care protejeaz\u0103 marjele de v\u00e2nzare cu am\u0103nuntul \u0219i ridic\u0103 standardele de inventar.<\/p>\n<\/section>\n<section style=\"margin-bottom: 50px;\">\n<h2 style=\"color: #0f172a; border-bottom: 3px solid #e2e8f0; padding-bottom: 12px; font-size: 1.8em;\">Expertiz\u0103 inginereasc\u0103: Dezmembrarea AIRMEZ FOX<\/h2>\n<p>AIRMEZ FOX 8 \u00ceN 1 nu este doar o alt\u0103 intrare pe pia\u021b\u0103; reprezint\u0103 o schimbare fundamental\u0103 \u00een ingineria structural\u0103 a vaporizoarelor de unic\u0103 folosin\u021b\u0103 cu capacitate mare. Pentru a oferi un num\u0103r impresionant de 160.000 de pufuri (160K) sunt necesare microelectronica de precizie, propriet\u0103\u021bi termodinamice eficiente \u0219i un sistem de rezervor proiectat cu meticulozitate. Analiza tehnic\u0103 de mai jos eviden\u021biaz\u0103 componentele hardware specifice care permit acestui dispozitiv s\u0103 func\u021bioneze constant pe parcursul ciclului s\u0103u de via\u021b\u0103 prelungit, f\u0103r\u0103 degradarea performan\u021bei.<\/p>\n<table style=\"width: 100%; border-collapse: separate; border-spacing: 0; margin: 30px 0; border-radius: 12px; overflow: hidden;\">\n<thead>\n<tr style=\"background-color: #1e293b; color: #ffffff; text-align: left;\">\n<th style=\"padding: 18px; font-weight: 600; font-size: 1.1em;\">Specifica\u021bie tehnic\u0103<\/th>\n<th style=\"padding: 18px; font-weight: 600; font-size: 1.1em;\">Detalii tehnice<\/th>\n<th style=\"padding: 18px; font-weight: 600; font-size: 1.1em;\">Ra\u021biunea inginereasc\u0103 \u0219i beneficiile<\/th>\n<\/tr>\n<\/thead>\n<tbody style=\"background-color: #ffffff;\">\n<tr>\n<td style=\"padding: 18px; font-weight: 600;\">Capacitate segmentat\u0103<\/td>\n<td style=\"padding: 18px;\">15 ml * 4 rezervoare independente (60 ml \u00een total)<\/td>\n<td style=\"padding: 18px;\">Prin izolarea volumului total de 60ML \u00een patru camere separate de 15ML, dispozitivul previne oxidarea prematur\u0103 \u0219i asigur\u0103 o performan\u021b\u0103 constant\u0103 de la prima p\u00e2n\u0103 la ultima puf\u0103tur\u0103.<\/td>\n<\/tr>\n<tr style=\"background-color: #f8fafc;\">\n<td style=\"padding: 18px; font-weight: 600;\">Matricea de atomizare<\/td>\n<td style=\"padding: 18px;\">Bobina de plas\u0103 avansat\u0103<\/td>\n<td style=\"padding: 18px;\">Asigur\u0103 o \u00eenc\u0103lzire uniform\u0103 \u0219i o produc\u021bie de vapori densi.<\/td>\n<\/tr>\n<tr>\n<td style=\"padding: 18px; font-weight: 600;\">Gestionarea energiei<\/td>\n<td style=\"padding: 18px;\">Baterie re\u00eenc\u0103rcabil\u0103 de 650 mAh<\/td>\n<td style=\"padding: 18px;\">Asigur\u0103 o ie\u0219ire stabil\u0103 pe parcursul unor cicluri lungi de utilizare.<\/td>\n<\/tr>\n<tr style=\"background-color: #f8fafc;\">\n<td style=\"padding: 18px; font-weight: 600;\">\u00cenc\u0103rcare<\/td>\n<td style=\"padding: 18px;\">Tip-C<\/td>\n<td style=\"padding: 18px;\">Re\u00eenc\u0103rcare rapid\u0103 \u0219i u\u0219oar\u0103.<\/td>\n<\/tr>\n<\/tbody>\n<\/table>\n<\/section>\n<section style=\"margin-bottom: 50px;\">\n<h2 style=\"color: #0f172a; border-bottom: 3px solid #e2e8f0; padding-bottom: 12px; font-size: 1.8em;\">Profiluri senzoriale curate: 8 op\u021biuni dinamice \u00eentr-unul singur<\/h2>\n<div style=\"grid-template-columns: repeat(auto-fit, minmax(320px, 1fr)); gap: 20px; margin-top: 25px;\">\n<div style=\"padding: 20px; border-radius: 8px;\">Op\u021biunea 1:<br \/>\nBINGO CRUSH | MANGO TRIPLU | FRUCTE DE P\u0102DURE MIXTE | GHEA\u021a\u0102 DE PEPENE<\/div>\n<div style=\"padding: 20px; border-radius: 8px;\">Varianta 2:<br \/>\nLove66 | C\u0103p\u0219uni \u0219i Ghea\u021b\u0103 | Lemonad\u0103 de Mure Albastr\u0103 | Ananas \u0219i Ghea\u021b\u0103<\/div>\n<div style=\"padding: 20px; border-radius: 8px;\">Op\u021biunea 3:<br \/>\nPepino Ice | Love66 | M\u0103r dublu | Mango P\u0103r<\/div>\n<div style=\"padding: 20px; border-radius: 8px;\">Op\u021biunea 4:<br \/>\nFructe de p\u0103dure mixte | Mure \u0219i afine | Pepene verde r\u0103cit | Cola r\u0103cit\u0103<\/div>\n<div style=\"padding: 20px; border-radius: 8px;\">Op\u021biunea 5:<br \/>\nMANGO P\u0102DURE | FRUCT TROPICAL | L\u0102M\u00c2IE CU MURI | STROPAFRUCT CU PEPENE<\/div>\n<div style=\"padding: 20px; border-radius: 8px;\">Op\u021biunea 6:<br \/>\nCirea\u0219\u0103 cu Ghea\u021b\u0103 | C\u0103p\u0219un\u0103 cu Dragon Fruit | Mango Trei \u00een Unu | Mure Albastre<\/div>\n<div style=\"padding: 20px; border-radius: 8px;\">Op\u021biunea 7:<br \/>\nDragon Fruit Ice | Bingo Crush | Love66 | Ananas Mango Piersic\u0103<\/div>\n<div style=\"padding: 20px; border-radius: 8px;\">Op\u021biunea 8:<br \/>\nDR BLUE | CERI\u0218OR | STROPA DE PEPENE | P\u0102DURE DE PIERSIC\u0102<\/div>\n<div style=\"padding: 20px; border-radius: 8px;\">Op\u021biunea 9:<br \/>\nP\u0103rb\u0103 de piersic\u0103 | Fructe de p\u0103dure mixte | Pepene pasiune de fruct de pasiune | Tripl\u0103 mango<\/div>\n<div style=\"padding: 20px; border-radius: 8px;\">Op\u021biunea 10:<br \/>\nMANGO \u00ceN GHIE\u021a\u0102 | CEREZ\u0102 FIZZY COLA | STROPAURI CU ZMEUR\u0102 | MIX DE FRUCTE DE P\u0102DURE<\/div>\n<\/div>\n<\/section>\n<section style=\"margin-bottom: 50px;\">\n<div style=\"background: #eff6ff; padding: 30px; border-radius: 12px;\">\n<h3>Avantajul Quad Tank: O Perspectiv\u0103 Tehnic\u0103<\/h3>\n<p>Sistemul quad-tank de 15ML * 4 asigur\u0103 o experien\u021b\u0103 de vaporizare proasp\u0103t\u0103 prin izolarea fiec\u0103rei camere, prevenind oxidarea \u0219i men\u021bin\u00e2nd calitatea constant\u0103 a gustului pe toat\u0103 durata de via\u021b\u0103 a dispozitivului.<\/p>\n<\/div>\n<\/section>\n<section>\n<h2 style=\"color: #0f172a; border-bottom: 3px solid #e2e8f0; padding-bottom: 12px; font-size: 1.8em;\">\u00centreb\u0103ri frecvente<\/h2>\n<p><strong>\u00ce:<\/strong> Poate ajunge cu adev\u0103rat la 160.000 de pufuri?<\/p>\n<p><strong>O:<\/strong> Da, cu multiple re\u00eenc\u0103rc\u0103ri \u0219i utilizare eficient\u0103 a capacit\u0103\u021bii.<\/p>\n<p><strong>\u00ce:<\/strong> Ce \u00eel face diferit?<\/p>\n<p><strong>O:<\/strong> Sistemul cu patru rezervoare asigur\u0103 un gust mai bun \u0219i o durat\u0103 de via\u021b\u0103 mai lung\u0103.<\/p>\n<\/section>\n<\/article>\n<p><img loading=\"lazy\" decoding=\"async\" class=\"size-full wp-image-69990 aligncenter\" src=\"https:\/\/vapexyz.com\/wp-content\/uploads\/2026\/03\/AIRMEZ-FOX-6-IN-1-160000-Puffs-Disposable-Vapes-Wholesale-Bulk-Buy-160K-45ML-Capacity-Mesh-Coil-scaled.webp\" alt=\"Vape de unic\u0103 folosin\u021b\u0103 AIRMEZ FOX 8 \u00een 1, 160.000 de pufuri, cump\u0103rare en gros \u00een vrac, capacitate de 60 ml, bobin\u0103 cu plas\u0103, cutie de afi\u0219are\" width=\"1810\" height=\"2560\" title=\"\" srcset=\"https:\/\/vapexyz.com\/wp-content\/uploads\/2026\/03\/AIRMEZ-FOX-6-IN-1-160000-Puffs-Disposable-Vapes-Wholesale-Bulk-Buy-160K-45ML-Capacity-Mesh-Coil-scaled.webp 1810w, https:\/\/vapexyz.com\/wp-content\/uploads\/2026\/03\/AIRMEZ-FOX-6-IN-1-160000-Puffs-Disposable-Vapes-Wholesale-Bulk-Buy-160K-45ML-Capacity-Mesh-Coil-353x500.webp 353w, https:\/\/vapexyz.com\/wp-content\/uploads\/2026\/03\/AIRMEZ-FOX-6-IN-1-160000-Puffs-Disposable-Vapes-Wholesale-Bulk-Buy-160K-45ML-Capacity-Mesh-Coil-724x1024.webp 724w, https:\/\/vapexyz.com\/wp-content\/uploads\/2026\/03\/AIRMEZ-FOX-6-IN-1-160000-Puffs-Disposable-Vapes-Wholesale-Bulk-Buy-160K-45ML-Capacity-Mesh-Coil-768x1086.webp 768w, https:\/\/vapexyz.com\/wp-content\/uploads\/2026\/03\/AIRMEZ-FOX-6-IN-1-160000-Puffs-Disposable-Vapes-Wholesale-Bulk-Buy-160K-45ML-Capacity-Mesh-Coil-1086x1536.webp 1086w, https:\/\/vapexyz.com\/wp-content\/uploads\/2026\/03\/AIRMEZ-FOX-6-IN-1-160000-Puffs-Disposable-Vapes-Wholesale-Bulk-Buy-160K-45ML-Capacity-Mesh-Coil-1448x2048.webp 1448w, https:\/\/vapexyz.com\/wp-content\/uploads\/2026\/03\/AIRMEZ-FOX-6-IN-1-160000-Puffs-Disposable-Vapes-Wholesale-Bulk-Buy-160K-45ML-Capacity-Mesh-Coil-8x12.webp 8w, https:\/\/vapexyz.com\/wp-content\/uploads\/2026\/03\/AIRMEZ-FOX-6-IN-1-160000-Puffs-Disposable-Vapes-Wholesale-Bulk-Buy-160K-45ML-Capacity-Mesh-Coil-510x721.webp 510w\" sizes=\"auto, (max-width: 1810px) 100vw, 1810px\" \/><\/p>","protected":false},"excerpt":{"rendered":"<p>Vape-urile de unic\u0103 folosin\u021b\u0103 AIRMEZ FOX 8 \u00ceN 1 combin\u0103 o arhitectur\u0103 revolu\u021bionar\u0103 cu trei rezervoare de 45ML \u0219i tehnologia avansat\u0103 a bobinei cu plas\u0103 pentru a oferi 160.000 de pufuri cu profiluri senzoriale dinamice f\u0103r\u0103 precedent.<\/p>","protected":false},"featured_media":69983,"comment_status":"open","ping_status":"closed","template":"","meta":{"_lmt_disableupdate":"no","_lmt_disable":""},"product_brand":[],"product_cat":[1086,1093,947,935,934,927,929,928,930,933,939,932,938,931,936,937,1017,949,946,950,951,953,987],"product_tag":[],"class_list":{"0":"post-69975","1":"product","2":"type-product","3":"status-publish","4":"has-post-thumbnail","6":"product_cat-airmez-disposable-vapes","7":"product_cat-150000-puffs-vapes","8":"product_cat-big-puffs-vapes","9":"product_cat-bulk-buy-disposable-vapes-in-austria","10":"product_cat-bulk-buy-disposable-vapes-in-belgium","11":"product_cat-bulk-buy-disposable-vapes-in-europe","12":"product_cat-bulk-buy-disposable-vapes-in-france","13":"product_cat-bulk-buy-disposable-vapes-in-germany","14":"product_cat-bulk-buy-disposable-vapes-in-italy","15":"product_cat-bulk-buy-disposable-vapes-in-netherlands","16":"product_cat-bulk-buy-disposable-vapes-in-norway","17":"product_cat-bulk-buy-disposable-vapes-in-poland","18":"product_cat-bulk-buy-disposable-vapes-in-portugal","19":"product_cat-bulk-buy-disposable-vapes-in-spain","20":"product_cat-bulk-buy-disposable-vapes-in-sweden","21":"product_cat-bulk-buy-disposable-vapes-in-switzerland","22":"product_cat-buy-best-disposable-vape-flavors","23":"product_cat-digital-box-vapes","24":"product_cat-disposable-vapes-series","25":"product_cat-dual-mesh-vapes","26":"product_cat-lower-nicotine-vapes","27":"product_cat-rechargeable-vapes","28":"product_cat-vape-shop-by-puffs","30":"first","31":"instock","32":"shipping-taxable","33":"purchasable","34":"product-type-variable","35":"has-default-attributes"},"jetpack_sharing_enabled":true,"tiered_pricing_type":"fixed","tiered_pricing_fixed_rules":[],"tiered_pricing_product_settings":{"layout":"default","base_unit_name":{"singular":null,"plural":null},"default_variation":null},"tiered_pricing_minimum_quantity":null,"tiered_pricing_roles_data":[],"tiered_pricing_percentage_rules":[],"tiered_pricing_maximum_quantity":null,"tiered_pricing_quantity_step":null,"_links":{"self":[{"href":"https:\/\/vapexyz.com\/ro\/wp-json\/wp\/v2\/product\/69975","targetHints":{"allow":["GET"]}}],"collection":[{"href":"https:\/\/vapexyz.com\/ro\/wp-json\/wp\/v2\/product"}],"about":[{"href":"https:\/\/vapexyz.com\/ro\/wp-json\/wp\/v2\/types\/product"}],"replies":[{"embeddable":true,"href":"https:\/\/vapexyz.com\/ro\/wp-json\/wp\/v2\/comments?post=69975"}],"wp:featuredmedia":[{"embeddable":true,"href":"https:\/\/vapexyz.com\/ro\/wp-json\/wp\/v2\/media\/69983"}],"wp:attachment":[{"href":"https:\/\/vapexyz.com\/ro\/wp-json\/wp\/v2\/media?parent=69975"}],"wp:term":[{"taxonomy":"product_brand","embeddable":true,"href":"https:\/\/vapexyz.com\/ro\/wp-json\/wp\/v2\/product_brand?post=69975"},{"taxonomy":"product_cat","embeddable":true,"href":"https:\/\/vapexyz.com\/ro\/wp-json\/wp\/v2\/product_cat?post=69975"},{"taxonomy":"product_tag","embeddable":true,"href":"https:\/\/vapexyz.com\/ro\/wp-json\/wp\/v2\/product_tag?post=69975"}],"curies":[{"name":"wp","href":"https:\/\/api.w.org\/{rel}","templated":true}]}}