{"id":62546,"date":"2026-01-09T09:55:57","date_gmt":"2026-01-09T09:55:57","guid":{"rendered":"https:\/\/vapexyz.com\/?post_type=product&#038;p=62546"},"modified":"2026-01-09T10:10:09","modified_gmt":"2026-01-09T10:10:09","slug":"fumot-eco-2in1-50-000-de-pufuri-50k-vape-uri-de-unica-folosinta-cumparare-en-gros-in-vrac-ecran-inteligent-cu-afisaj-dublu-gust","status":"publish","type":"product","link":"https:\/\/vapexyz.com\/ro\/product\/fumot-eco-2in1-50000-puffs-50k-disposable-vapes-wholesale-bulk-buy-smart-display-screen-dual-taste\/","title":{"rendered":"FUMOT ECO 2 \u00ceN 1 50.000 de pufuri 50K Vape-uri de unic\u0103 folosin\u021b\u0103 \u00een vrac cump\u0103rare en gros Ecran inteligent cu afi\u0219aj Dual Gust"},"content":{"rendered":"<article>\n<h2 style=\"color: #2c3e50; text-align: center;\">Dubleaz\u0103-\u021bi Bucuria cu <a href=\"https:\/\/vapexyz.com\/ro\/categoria-de-produse\/fumot-vape-de-unica-folosinta\/\">FUMOT ECO<\/a> 2 \u00ceN 1 50.000 de pufuri!<\/h2>\n<p style=\"font-size: 1.1em; line-height: 1.6; color: #333;\">Salut! C\u0103uta\u021bi un vaporizator de unic\u0103 folosin\u021b\u0103 care s\u0103 par\u0103 c\u0103 nu se termin\u0103 niciodat\u0103? Face\u021bi cuno\u0219tin\u021b\u0103 cu FUMOT ECO 2 \u00ceN 1 50.000 de pufuri! Acesta nu este doar un dispozitiv obi\u0219nuit; este ca \u0219i cum ai avea dou\u0103 lumi diferite \u00eentr-o singur\u0103 m\u00e2n\u0103. Este mare, este colorat \u0219i este construit pentru a v\u0103 oferi cea mai fericit\u0103 experien\u021b\u0103 vreodat\u0103.<\/p>\n<p style=\"font-size: 1.1em; line-height: 1.6; color: #333;\">Indiferent dac\u0103 e\u0219ti nou \u00een acest domeniu sau cau\u021bi o ofert\u0103 excelent\u0103, acest dispozitiv este regele vape-urilor de unic\u0103 folosin\u021b\u0103. \u021aine o perioad\u0103 impresionant\u0103 de 50.000 de pufuri! Asta \u00eenseamn\u0103 o mul\u021bime de z\u00e2mbete. \u00cen plus, \u00eel po\u021bi g\u0103si chiar acum la VapeXYZ, casa ta european\u0103 de gros preferat\u0103 pentru toate lucrurile vape.<\/p>\n<div style=\"flex-wrap: wrap; justify-content: space-around; margin: 20px 0;\">\n<div style=\"border: 2px solid #e67e22; border-radius: 15px; padding: 20px; width: 45%; background-color: #fffaf0; margin-bottom: 20px;\">\n<h3 style=\"color: #e67e22; margin-top: 0;\">Old Style Vapes<\/h3>\n<ul style=\"list-style-type: '\u274c '; padding-left: 20px;\">\n<li>O singur\u0103 arom\u0103 o dat\u0103.<\/li>\n<li>Bateria se epuizeaz\u0103 prea repede.<\/li>\n<li>Nu \u0219tii niciodat\u0103 c\u00e2nd este gol.<\/li>\n<li>Se simte pu\u021bin plictisitor.<\/li>\n<\/ul>\n<\/div>\n<div style=\"border: 2px solid #27ae60; border-radius: 15px; padding: 20px; width: 45%; background-color: #f0fff4; margin-bottom: 20px;\">\n<h3 style=\"color: #27ae60; margin-top: 0;\">FUMOT ECO 2 \u00ceN 1 50.000 de pufuri<\/h3>\n<ul style=\"list-style-type: '\u2705 '; padding-left: 20px;\">\n<li>Dou\u0103 gusturi uimitoare \u00eentr-un singur dispozitiv!<\/li>\n<li>Capacitate enorm\u0103 de 50.000 de pufuri.<\/li>\n<li>Ecranul inteligent arat\u0103 totul.<\/li>\n<li>Lumini r\u0103citoare care str\u0103lucesc \u00een timp ce le folose\u0219ti.<\/li>\n<\/ul>\n<\/div>\n<\/div>\n<h2 style=\"color: #2980b9;\">De ce toat\u0103 lumea iube\u0219te FUMOT ECO 2 \u00ceN 1 50.000 de pufuri <a href=\"https:\/\/vapexyz.com\/ro\/\">Vape de unic\u0103 folosin\u021b\u0103<\/a><\/h2>\n<h3 style=\"color: #8e44ad;\">1. Dou\u0103 Gusturi, Un Buton!<\/h3>\n<p style=\"line-height: 1.6;\">De ce s\u0103 alegi doar unul c\u00e2nd po\u021bi avea doi? Acest dispozitiv are un sistem special \u00een care po\u021bi schimba \u00eentre dou\u0103 op\u021biuni diferite oric\u00e2nd dore\u0219ti. Este ca \u0219i cum ai avea un tratament de c\u0103p\u0219uni diminea\u021ba \u0219i unul de ment\u0103 r\u0103coritoare dup\u0103-amiaza, toate f\u0103r\u0103 s\u0103-\u021bi schimbi vape-ul de unic\u0103 folosin\u021b\u0103!<\/p>\n<h3 style=\"color: #8e44ad;\">2. Prietenul inteligent al ecranului<\/h3>\n<p style=\"line-height: 1.6;\">Te-ai \u00eentrebat vreodat\u0103 c\u00e2t\u0103 putere a mai r\u0103mas? Acum nu mai trebuie s\u0103 ghice\u0219ti! FUMOT ECO are un mic ecran inteligent care \u00ee\u021bi spune exact c\u00e2t\u0103 baterie \u0219i capacitate ai l\u0103sat. Este ca un mic computer care te ajut\u0103.<\/p>\n<div style=\"background-color: #ecf0f1; border-left: 10px solid #3498db; padding: 20px; margin: 25px 0; border-radius: 5px;\">\n<h3 style=\"margin-top: 0; color: #2980b9;\">\u0218tia\u021bi?<\/h3>\n<p style=\"margin-bottom: 0;\">Aceast\u0103 vape folose\u0219te ceva numit \u201cMesh Coil\u201d (Bobin\u0103 de plas\u0103). Acesta este o buc\u0103\u021bic\u0103 special\u0103 de metal \u00een interior care se \u00eenc\u0103lze\u0219te foarte uniform. Acest lucru face ca fiecare puf s\u0103 se simt\u0103 super lin \u0219i plin de \u201cGust\u201d, asigur\u00e2nd c\u0103 ob\u021bine\u021bi cea mai bun\u0103 experien\u021b\u0103 de la prima puf p\u00e2n\u0103 la cea de-a 50.000-a!<\/p>\n<\/div>\n<h3 style=\"color: #8e44ad;\">3. Puterea Care Nu Se Opre\u0219te<\/h3>\n<p style=\"line-height: 1.6;\">Cu o baterie mare de 950mAh, nu ve\u021bi fi nevoit s\u0103 alerga\u021bi la \u00eenc\u0103rc\u0103tor \u00een fiecare or\u0103. Iar c\u00e2nd se va obosi, pur \u0219i simplu conecta\u021bi-l cu un cablu de tip C (la fel ca un telefon modern) \u0219i va fi gata de func\u021bionare din nou \u00een cel mai scurt timp!<\/p>\n<h2 style=\"color: #2c3e50;\">Alege\u021bi Op\u021biunile de Gust Preferate!<\/h2>\n<p>Aici sunt cele 24 de op\u021biuni duble uimitoare din care pute\u021bi alege:<\/p>\n<ol style=\"line-height: 1.8; color: #444;\">\n<li>Black Mamba &amp; Dl Albastru<\/li>\n<li>Ghea\u021b\u0103 Neagr\u0103 &amp; Ghea\u021b\u0103 de Struguri<\/li>\n<li>Peach Ice &amp; White Mamba<\/li>\n<li>Doamn\u0103 Uciga\u0219 &amp; Iubire 66<\/li>\n<li>Blueberry Hubba Bubba &amp; Watermelon Hubba Bubba<\/li>\n<li>Grape Gummy Bear &amp; Strawberry Gummy Bear<\/li>\n<li>Sour Apple &amp; Juicy Peach<\/li>\n<li>Fanta &amp; Cola Ice<\/li>\n<li>Ursule\u021b Gummy &amp; Skittles<\/li>\n<li>Cactus Ice &amp; Cactus Kiwi<\/li>\n<li>P\u0103r de piersic\u0103 Mango Pepene verde &amp; Pina Colada<\/li>\n<li>Cire\u0219\u0103 \u00eenghe\u021bat\u0103 &amp; Cherry albastr\u0103 Razz<\/li>\n<li>R\u0103citoare de Ment\u0103 &amp; Pepene verde cu Ghea\u021b\u0103<\/li>\n<li>L\u0103m\u00e2ie &amp; Lime &amp; Pepene verde c\u0103p\u0219un\u0103<\/li>\n<li>Limonad\u0103 Roz \u0219i Bomboane Acre<\/li>\n<li>Vimto &amp; Bubblegum de Pepene Verde<\/li>\n<li>Banan\u0103 Ice &amp; Black Dragon Ice<\/li>\n<li>Ursule\u021b de gum\u0103 Razz albastru \u0219i Popsicle cu Razz albastru<\/li>\n<li>Popsicle de ghea\u021b\u0103 &amp; Kiwi Passion Fruit Guava<\/li>\n<li>Strawberry Ice &amp; Huckleberry \nse traduce \u00een \n Fragad\u0103 de c\u0103p\u0219uni \u0219i Huckleberry<\/li>\n<li>Fructe de P\u0103dure Amestecate &amp; L\u0103m\u00e2ad\u0103 Albastr\u0103 Razz<\/li>\n<li>Redbull Ghea\u021b\u0103 &amp; Blueberry Peach Ghea\u021b\u0103<\/li>\n<li>C\u0103p\u0219un\u0103 Kiwi &amp; Mure Afine Zmeur\u0103 Sour<\/li>\n<li>Cola L\u0103m\u00e2ie &amp; Ananas L\u0103m\u00e2ie M\u0103r Verde<\/li>\n<\/ol>\n<h2 style=\"color: #c0392b;\">Lucruri Tehnologice Grozave (Detaliile)<\/h2>\n<table style=\"width: 100%; border-collapse: collapse; margin: 20px 0; font-family: sans-serif;\">\n<thead>\n<tr style=\"background-color: #34495e; color: white;\">\n<th style=\"padding: 12px; border: 1px solid #ddd; text-align: left;\">Caracteristic\u0103<\/th>\n<th style=\"padding: 12px; border: 1px solid #ddd; text-align: left;\">Ce Ob\u021bine\u021bi<\/th>\n<\/tr>\n<\/thead>\n<tbody>\n<tr>\n<td style=\"padding: 12px; border: 1px solid #ddd; background-color: #f9f9f9;\">Puf\u0103turi totale<\/td>\n<td style=\"padding: 12px; border: 1px solid #ddd;\">P\u00e2n\u0103 la 50.000 de pufuri<\/td>\n<\/tr>\n<tr style=\"background-color: #f2f2f2;\">\n<td style=\"padding: 12px; border: 1px solid #ddd; background-color: #f9f9f9;\">Capacitate<\/td>\n<td style=\"padding: 12px; border: 1px solid #ddd;\">10ml + 10ml (Dublu rezervor!)<\/td>\n<\/tr>\n<tr>\n<td style=\"padding: 12px; border: 1px solid #ddd; background-color: #f9f9f9;\">Baterie<\/td>\n<td style=\"padding: 12px; border: 1px solid #ddd;\">950mAh (Re\u00eenc\u0103rcabil\u0103)<\/td>\n<\/tr>\n<tr style=\"background-color: #f2f2f2;\">\n<td style=\"padding: 12px; border: 1px solid #ddd; background-color: #f9f9f9;\">Ecran<\/td>\n<td style=\"padding: 12px; border: 1px solid #ddd;\">Afi\u0219aj inteligent pentru putere \u0219i capacitate<\/td>\n<\/tr>\n<tr>\n<td style=\"padding: 12px; border: 1px solid #ddd; background-color: #f9f9f9;\">\u00cenc\u0103rcare<\/td>\n<td style=\"padding: 12px; border: 1px solid #ddd;\">Port Fast de tip C<\/td>\n<\/tr>\n<tr style=\"background-color: #f2f2f2;\">\n<td style=\"padding: 12px; border: 1px solid #ddd; background-color: #f9f9f9;\">Bobin\u0103 special\u0103<\/td>\n<td style=\"padding: 12px; border: 1px solid #ddd;\">0,9\u03a9 Bobin\u0103 cu plas\u0103 pentru cel mai bun gust<\/td>\n<\/tr>\n<\/tbody>\n<\/table>\n<h2 style=\"color: #2c3e50;\">\u00centreb\u0103ri frecvente (FAQ)<\/h2>\n<div style=\"background-color: #fdfefe; border: 1px solid #dcdde1; border-radius: 10px; padding: 15px;\">\n<p style=\"margin-bottom: 10px;\">\u00ce: Cum pot s\u0103 comut\u0103 \u00eentre cele dou\u0103 gusturi?<\/p>\n<p>A: Este super u\u0219or! Exist\u0103 un sistem simplu de comutare sau buton pe vape-ul de unic\u0103 folosin\u021b\u0103 care v\u0103 permite s\u0103 schimba\u021bi \u00eentre cele dou\u0103 rezervoare de 10ml.<\/p>\n<hr style=\"border: 0; border-top: 1px solid #eee;\" \/>\n<p style=\"margin-bottom: 10px; margin-top: 10px;\">\u00ce: C\u00e2nd ar trebui s\u0103 \u00eemi \u00eenc\u0103rc FUMOT ECO 2IN1 50000 Puffs?<br \/>\nA: Uit\u0103-te doar la ecranul inteligent! C\u00e2nd num\u0103rul bateriei arat\u0103 sc\u0103zut, conecteaz\u0103-l la orice \u00eenc\u0103rc\u0103tor de tip C.<\/p>\n<hr style=\"border: 0; border-top: 1px solid #eee;\" \/>\n<p style=\"margin-bottom: 10px; margin-top: 10px;\">Unde pot cump\u0103ra FUMOT ECO 2IN1 50000 Puffs pentru magazinul meu?<br \/>\nA: Ar trebui s\u0103 ne vizita\u021bi la VapeXYZ! Suntem cea mai mare platform\u0103 de en-gros din Europa. Ne placem s\u0103 ajut\u0103m afacerile s\u0103 ob\u021bin\u0103 cele mai bune vape la pre\u021buri en-gros.<\/p>\n<\/div>\n<div style=\"text-align: center; margin-top: 40px; padding: 30px; background-color: #2c3e50; color: white; border-radius: 20px;\">\n<h2 style=\"margin-top: 0;\">Gata pentru cump\u0103r\u0103turi \u00een vrac?<\/h2>\n<p style=\"font-size: 1.2em;\"><span style=\"color: #ff9900;\">Al\u0103tura\u021bi-v\u0103 familiei VapeXYZ ast\u0103zi! Oferim cele mai bune oferte pentru vape-uri de unic\u0103 folosin\u021b\u0103 \u00een toat\u0103 Europa. Livrarea rapid\u0103 \u0219i clien\u021bii ferici\u021bi sunt ceea ce facem cel mai bine!<\/span><\/p>\n<p style=\"font-weight: bold; font-size: 1.3em;\"><span style=\"color: #ff9900;\">Vizita\u021bi VapeXYZ acum \u0219i primi\u021bi pachetele FUMOT ECO 2 \u00ceN 1 50.000 de pufuri!<\/span><\/p>\n<\/div>\n<p><img loading=\"lazy\" decoding=\"async\" class=\"alignnone size-full wp-image-62570\" src=\"https:\/\/vapexyz.com\/wp-content\/uploads\/2026\/01\/FUMOT-ECO-2IN1-50000-Puffs-50K-Disposable-Vapes-Wholesale-Bulk-Buy-Smart-Display-Screen-Dual-Taste-System-5.webp\" alt=\"\" width=\"2481\" height=\"1754\" title=\"\" srcset=\"https:\/\/vapexyz.com\/wp-content\/uploads\/2026\/01\/FUMOT-ECO-2IN1-50000-Puffs-50K-Disposable-Vapes-Wholesale-Bulk-Buy-Smart-Display-Screen-Dual-Taste-System-5.webp 2481w, https:\/\/vapexyz.com\/wp-content\/uploads\/2026\/01\/FUMOT-ECO-2IN1-50000-Puffs-50K-Disposable-Vapes-Wholesale-Bulk-Buy-Smart-Display-Screen-Dual-Taste-System-5-500x353.webp 500w, https:\/\/vapexyz.com\/wp-content\/uploads\/2026\/01\/FUMOT-ECO-2IN1-50000-Puffs-50K-Disposable-Vapes-Wholesale-Bulk-Buy-Smart-Display-Screen-Dual-Taste-System-5-1024x724.webp 1024w, https:\/\/vapexyz.com\/wp-content\/uploads\/2026\/01\/FUMOT-ECO-2IN1-50000-Puffs-50K-Disposable-Vapes-Wholesale-Bulk-Buy-Smart-Display-Screen-Dual-Taste-System-5-768x543.webp 768w, https:\/\/vapexyz.com\/wp-content\/uploads\/2026\/01\/FUMOT-ECO-2IN1-50000-Puffs-50K-Disposable-Vapes-Wholesale-Bulk-Buy-Smart-Display-Screen-Dual-Taste-System-5-1536x1086.webp 1536w, https:\/\/vapexyz.com\/wp-content\/uploads\/2026\/01\/FUMOT-ECO-2IN1-50000-Puffs-50K-Disposable-Vapes-Wholesale-Bulk-Buy-Smart-Display-Screen-Dual-Taste-System-5-2048x1448.webp 2048w, https:\/\/vapexyz.com\/wp-content\/uploads\/2026\/01\/FUMOT-ECO-2IN1-50000-Puffs-50K-Disposable-Vapes-Wholesale-Bulk-Buy-Smart-Display-Screen-Dual-Taste-System-5-18x12.webp 18w, https:\/\/vapexyz.com\/wp-content\/uploads\/2026\/01\/FUMOT-ECO-2IN1-50000-Puffs-50K-Disposable-Vapes-Wholesale-Bulk-Buy-Smart-Display-Screen-Dual-Taste-System-5-510x361.webp 510w\" sizes=\"auto, (max-width: 2481px) 100vw, 2481px\" \/><\/p>\n<\/article>","protected":false},"excerpt":{"rendered":"<div id=\"model-response-message-contentr_9630aac63e6c93ad\" class=\"markdown markdown-main-panel tutor-markdown-rendering stronger enable-updated-hr-color\" dir=\"ltr\" aria-live=\"polite\">\n<p data-path-to-node=\"0\">FUMOT ECO 2 \u00ceN 1 50.000 de pufuri este o vape reutilizabil\u0103 de lung\u0103 durat\u0103, cu un ecran inteligent \u0219i un sistem inovator cu dou\u0103 rezervoare care v\u0103 permite s\u0103 comuta\u021bi \u00eentre dou\u0103 op\u021biuni de gust delicioase \u00eentr-un singur dispozitiv.<\/p>\n<\/div>","protected":false},"featured_media":62565,"comment_status":"open","ping_status":"closed","template":"","meta":{"_lmt_disableupdate":"no","_lmt_disable":""},"product_brand":[],"product_cat":[1075,1012,947,935,934,927,929,928,930,933,939,932,938,931,936,937,1017,948,949,946,1083,950,951,953,820,987],"product_tag":[],"class_list":{"0":"post-62546","1":"product","2":"type-product","3":"status-publish","4":"has-post-thumbnail","6":"product_cat-fumot-disposable-vape","7":"product_cat-50000-puff-vapes","8":"product_cat-big-puffs-vapes","9":"product_cat-bulk-buy-disposable-vapes-in-austria","10":"product_cat-bulk-buy-disposable-vapes-in-belgium","11":"product_cat-bulk-buy-disposable-vapes-in-europe","12":"product_cat-bulk-buy-disposable-vapes-in-france","13":"product_cat-bulk-buy-disposable-vapes-in-germany","14":"product_cat-bulk-buy-disposable-vapes-in-italy","15":"product_cat-bulk-buy-disposable-vapes-in-netherlands","16":"product_cat-bulk-buy-disposable-vapes-in-norway","17":"product_cat-bulk-buy-disposable-vapes-in-poland","18":"product_cat-bulk-buy-disposable-vapes-in-portugal","19":"product_cat-bulk-buy-disposable-vapes-in-spain","20":"product_cat-bulk-buy-disposable-vapes-in-sweden","21":"product_cat-bulk-buy-disposable-vapes-in-switzerland","22":"product_cat-buy-best-disposable-vape-flavors","23":"product_cat-crystal-vapes","24":"product_cat-digital-box-vapes","25":"product_cat-disposable-vapes-series","26":"product_cat-double-flavor-vapes","27":"product_cat-dual-mesh-vapes","28":"product_cat-lower-nicotine-vapes","29":"product_cat-rechargeable-vapes","30":"product_cat-vape","31":"product_cat-vape-shop-by-puffs","33":"first","34":"instock","35":"shipping-taxable","36":"purchasable","37":"product-type-variable","38":"has-default-attributes"},"jetpack_sharing_enabled":true,"tiered_pricing_type":"fixed","tiered_pricing_fixed_rules":[],"tiered_pricing_product_settings":{"layout":"default","base_unit_name":{"singular":null,"plural":null},"default_variation":null},"tiered_pricing_minimum_quantity":null,"tiered_pricing_roles_data":[],"tiered_pricing_percentage_rules":[],"tiered_pricing_maximum_quantity":null,"tiered_pricing_quantity_step":null,"_links":{"self":[{"href":"https:\/\/vapexyz.com\/ro\/wp-json\/wp\/v2\/product\/62546","targetHints":{"allow":["GET"]}}],"collection":[{"href":"https:\/\/vapexyz.com\/ro\/wp-json\/wp\/v2\/product"}],"about":[{"href":"https:\/\/vapexyz.com\/ro\/wp-json\/wp\/v2\/types\/product"}],"replies":[{"embeddable":true,"href":"https:\/\/vapexyz.com\/ro\/wp-json\/wp\/v2\/comments?post=62546"}],"wp:featuredmedia":[{"embeddable":true,"href":"https:\/\/vapexyz.com\/ro\/wp-json\/wp\/v2\/media\/62565"}],"wp:attachment":[{"href":"https:\/\/vapexyz.com\/ro\/wp-json\/wp\/v2\/media?parent=62546"}],"wp:term":[{"taxonomy":"product_brand","embeddable":true,"href":"https:\/\/vapexyz.com\/ro\/wp-json\/wp\/v2\/product_brand?post=62546"},{"taxonomy":"product_cat","embeddable":true,"href":"https:\/\/vapexyz.com\/ro\/wp-json\/wp\/v2\/product_cat?post=62546"},{"taxonomy":"product_tag","embeddable":true,"href":"https:\/\/vapexyz.com\/ro\/wp-json\/wp\/v2\/product_tag?post=62546"}],"curies":[{"name":"wp","href":"https:\/\/api.w.org\/{rel}","templated":true}]}}