{"id":53816,"date":"2025-08-04T03:43:44","date_gmt":"2025-08-04T03:43:44","guid":{"rendered":"https:\/\/vapexyz.com\/?post_type=product&#038;p=53816"},"modified":"2026-03-02T10:12:10","modified_gmt":"2026-03-02T10:12:10","slug":"guma-de-mestecat-bimo-cu-nicotina-scazuta-usurare-rapida-aroma-excelenta-cumparare-in-vrac","status":"publish","type":"product","link":"https:\/\/vapexyz.com\/ro\/product\/bimo-chewing-gum-low-nicotine-fast-relief-great-flavor-bulk-buy\/","title":{"rendered":"BUBBELIT GUM DE MASCAT \u00ceN Vrac"},"content":{"rendered":"<article style=\"font-family: 'Segoe UI', Tahoma, Geneva, Verdana, sans-serif;line-height: 1.7;color: #333333;max-width: 100%;margin: 0 auto;padding: 30px;background-color: #ffffff\">\n<h2 style=\"color: #2c3e50;border-bottom: 3px solid #3498db;padding-bottom: 10px;margin-top: 0;font-size: 2.2em;font-weight: bold\">BIMO Gum\u0103 de Mestecat: Prezentare Tehnic\u0103 \u0219i Comercial\u0103 Cuprinz\u0103toare<\/h2>\n<p style=\"font-size: 1.1em;color: #555555;margin-bottom: 20px\">Bun venit la portalul dedicat de specifica\u021bii \u0219i distribu\u021bie a produselor de la VapeXYZ. Cu peste opt ani de excelen\u021b\u0103 opera\u021bional\u0103 documentat\u0103 \u00een sectorul angro, VapeXYZ s-a stabilit ca un centru autoritar pentru comercian\u021bii cu am\u0103nuntul \u0219i cump\u0103r\u0103torii \u00een vrac care caut\u0103 inventar premium \u0219i conform. \u00cen timp ce reputa\u021bia noastr\u0103 fundamental\u0103 a fost construit\u0103 pe furnizarea pie\u021bei globale cu sisteme avansate de livrare electronic\u0103, inclusiv o gam\u0103 larg\u0103 de vape, monitoriz\u0103m continuu tendin\u021bele comportamentale ale consumatorilor \u0219i peisajele reglementare \u00een schimbare.<\/p>\n<p style=\"font-size: 1.1em;color: #555555;margin-bottom: 20px\">Datele empirice de pia\u021b\u0103 demonstreaz\u0103 c\u0103 utilizatorii de vape-uri de unic\u0103 folosin\u021b\u0103 au adesea nevoie de produse tranzitorii pentru utilizare \u00een medii \u00een care generarea de vapori este strict interzis\u0103 - cum ar fi tranzitul aviatic comercial, spa\u021biile corporative \u0219i spa\u021biile publice reglementate. Pentru a \u00eendeplini aceast\u0103 lacun\u0103 opera\u021bional\u0103, oferim BIMO Chewing Gum, o alternativ\u0103 oral\u0103 foarte tehnologizat\u0103, necombustibil\u0103. Aceasta ofer\u0103 o experien\u021b\u0103 discret\u0103, f\u0103r\u0103 vapori, permi\u021b\u00e2nd utilizatorilor s\u0103-\u0219i gestioneze rutinele zilnice cu satisfac\u021bie ne\u00eentrerupt\u0103. Prin integrarea acestei solu\u021bii orale compacte \u00een portofoliul dvs. de v\u00e2nzare cu am\u0103nuntul, al\u0103turi de vape-urile tradi\u021bionale de unic\u0103 folosin\u021b\u0103, oferi\u021bi bazei dvs. de consumatori un ecosistem de produse cuprinz\u0103tor \u0219i adaptabil.<\/p>\n<div style=\"text-align: center;margin: 40px 0\"><img loading=\"lazy\" decoding=\"async\" class=\"alignnone wp-image-53810 size-full\" style=\"max-width: 100%;height: auto;border-radius: 12px\" src=\"https:\/\/vapexyz.com\/wp-content\/uploads\/2025\/08\/BIMO-Chewing-Gum-Wholesale-Low-Nicotine-Bulk-Buy11.webp\" alt=\"BIMO Gum\u0103 de Mestecat cu Relief Rapid Cump\u0103rare \u00een Vrac\" width=\"2338\" height=\"1653\" title=\"\" srcset=\"https:\/\/vapexyz.com\/wp-content\/uploads\/2025\/08\/BIMO-Chewing-Gum-Wholesale-Low-Nicotine-Bulk-Buy11.webp 2338w, https:\/\/vapexyz.com\/wp-content\/uploads\/2025\/08\/BIMO-Chewing-Gum-Wholesale-Low-Nicotine-Bulk-Buy11-500x354.webp 500w, https:\/\/vapexyz.com\/wp-content\/uploads\/2025\/08\/BIMO-Chewing-Gum-Wholesale-Low-Nicotine-Bulk-Buy11-1024x724.webp 1024w, https:\/\/vapexyz.com\/wp-content\/uploads\/2025\/08\/BIMO-Chewing-Gum-Wholesale-Low-Nicotine-Bulk-Buy11-768x543.webp 768w, https:\/\/vapexyz.com\/wp-content\/uploads\/2025\/08\/BIMO-Chewing-Gum-Wholesale-Low-Nicotine-Bulk-Buy11-1536x1086.webp 1536w, https:\/\/vapexyz.com\/wp-content\/uploads\/2025\/08\/BIMO-Chewing-Gum-Wholesale-Low-Nicotine-Bulk-Buy11-2048x1448.webp 2048w, https:\/\/vapexyz.com\/wp-content\/uploads\/2025\/08\/BIMO-Chewing-Gum-Wholesale-Low-Nicotine-Bulk-Buy11-18x12.webp 18w, https:\/\/vapexyz.com\/wp-content\/uploads\/2025\/08\/BIMO-Chewing-Gum-Wholesale-Low-Nicotine-Bulk-Buy11-510x361.webp 510w\" sizes=\"auto, (max-width: 2338px) 100vw, 2338px\" \/><\/div>\n<h2 style=\"color: #2c3e50;border-bottom: 3px solid #3498db;padding-bottom: 10px;margin-top: 40px;font-size: 1.8em;font-weight: 600\">Precizie inginereasc\u0103 \u0219i specifica\u021bii materiale<\/h2>\n<p style=\"margin-bottom: 20px\">Bubulina BIMO este fabricat\u0103 utiliz\u00e2nd tehnologie avansat\u0103 de extrudare \u0219i materiale de baz\u0103 de calitate farmaceutic\u0103, deosebind-o \u00een mod clar de produsele de cofet\u0103rie standard pentru consumatori. Produsul este depozitat \u00eentr-un recipient turnat cu precizie, conceput pentru dimensiuni fizice exacte de D59*H18mm. Acest factor de form\u0103 cilindric\u0103 specific a fost calculat matematic pentru a maximiza portabilitatea ergonomic\u0103, permi\u021b\u00e2nd recipientului s\u0103 se potriveasc\u0103 perfect \u00een buzunarele de \u00eembr\u0103c\u0103minte standard sau \u00een accesoriile de c\u0103l\u0103torie mici, al\u0103turi de un vaporizator standard, f\u0103r\u0103 a crea volum incomod sau disconfort pentru utilizator.<\/p>\n<p style=\"margin-bottom: 20px\">\u00cen timpul procesului de fabrica\u021bie, baza de elastomer brut sufer\u0103 o faz\u0103 de amestecare la forfecare ridicat\u0103, \u00een care elementele aromatice \u0219i ingredientele active sunt dispersate omogen. Acest pas critic asigur\u0103 c\u0103 nu exist\u0103 zone localizate cu concentra\u021bii mari \u00eentr-o singur\u0103 pies\u0103, garant\u00e2nd o experien\u021b\u0103 uniform\u0103 de la prima pies\u0103 la ultima. Ambalajul de precizie este fabricat utiliz\u00e2nd polietilen tereftalat (PET) injectat-mulat, ales \u00een mod special pentru propriet\u0103\u021bile sale superioare de barier\u0103 \u00eempotriva umidit\u0103\u021bii \u0219i rezisten\u021ba excep\u021bional\u0103 la trac\u021biune. Aceast\u0103 integritate structural\u0103 \u00eempiedic\u0103 umiditatea ambiental\u0103 s\u0103 compromit\u0103 con\u021binutul intern, care este strict calibrat la o greutate net\u0103 de 8g.<\/p>\n<table style=\"width: 100%;border-collapse: collapse;margin: 35px 0;background-color: #ffffff;border-radius: 10px;overflow: hidden;font-size: 0.95em\">\n<thead>\n<tr>\n<th style=\"background-color: #2c3e50;color: #ffffff;padding: 18px;text-align: left;font-weight: 600;text-transform: uppercase;letter-spacing: 0.5px\">Parametru tehnic<\/th>\n<th style=\"background-color: #2c3e50;color: #ffffff;padding: 18px;text-align: left;font-weight: 600;text-transform: uppercase;letter-spacing: 0.5px\">Specifica\u021bie de Inginerie<\/th>\n<th style=\"background-color: #2c3e50;color: #ffffff;padding: 18px;text-align: left;font-weight: 600;text-transform: uppercase;letter-spacing: 0.5px\">Metodologie de validare<\/th>\n<\/tr>\n<\/thead>\n<tbody>\n<tr style=\"background-color: #f8f9fa\">\n<td style=\"padding: 16px;border-bottom: 1px solid #e9ecef;font-weight: 500\">Dimensiunile containerului<\/td>\n<td style=\"padding: 16px;border-bottom: 1px solid #e9ecef;color: #555\">D59*H18mm<\/td>\n<td style=\"padding: 16px;border-bottom: 1px solid #e9ecef;color: #555\">Profilarea Calibrului Digital (Standarde ISO)<\/td>\n<\/tr>\n<tr>\n<td style=\"padding: 16px;border-bottom: 1px solid #e9ecef;font-weight: 500\">Greutatea net\u0103 a produsului<\/td>\n<td style=\"padding: 16px;border-bottom: 1px solid #e9ecef;color: #555\">8g<\/td>\n<td style=\"padding: 16px;border-bottom: 1px solid #e9ecef;color: #555\">Balanta Analitic\u0103 de Precizie (\u00b10,05g varian\u021b\u0103)<\/td>\n<\/tr>\n<tr style=\"background-color: #f8f9fa\">\n<td style=\"padding: 16px;border-bottom: 1px solid #e9ecef;font-weight: 500\">Materialul containerului<\/td>\n<td style=\"padding: 16px;border-bottom: 1px solid #e9ecef;color: #555\">Polimer PET Rezistent la Impact<\/td>\n<td style=\"padding: 16px;border-bottom: 1px solid #e9ecef;color: #555\">Testarea tensiunii mecanice \u0219i a compresiei<\/td>\n<\/tr>\n<tr>\n<td style=\"padding: 16px;border-bottom: 1px solid #e9ecef;font-weight: 500\">Matricea de baz\u0103<\/td>\n<td style=\"padding: 16px;border-bottom: 1px solid #e9ecef;color: #555\">Amestec de elastomeri viscoelastici<\/td>\n<td style=\"padding: 16px;border-bottom: 1px solid #e9ecef;color: #555\">Analiz\u0103 reologic\u0103 \u0219i profilare textural\u0103<\/td>\n<\/tr>\n<tr style=\"background-color: #f8f9fa\">\n<td style=\"padding: 16px;font-weight: 500\">Stabilitate pe raft<\/td>\n<td style=\"padding: 16px;color: #555\">24 de luni<\/td>\n<td style=\"padding: 16px;color: #555\">\u00cencerc\u0103ri accelerate \u00een camer\u0103 de mediu<\/td>\n<\/tr>\n<\/tbody>\n<\/table>\n<h2 style=\"color: #2c3e50;border-bottom: 3px solid #3498db;padding-bottom: 10px;margin-top: 40px;font-size: 1.8em;font-weight: 600\">Testarea empiric\u0103 \u0219i protocoalele de asigurare a calit\u0103\u021bii<\/h2>\n<p style=\"margin-bottom: 20px\">La VapeXYZ, separ\u0103m opera\u021biunile noastre de v\u00e2nzare cu ridicata de afirma\u021biile promo\u021bionale nefondate, baz\u00e2ndu-ne \u00een \u00eentregime pe protocoale stricte \u0219i empirice de asigurare a calit\u0103\u021bii. \u00cenainte ca orice lot din solu\u021bia oral\u0103 BIMO s\u0103 fie autorizat pentru distribu\u021bie al\u0103turi de inventarul nostru principal de vape de unic\u0103 folosin\u021b\u0103, acesta trebuie s\u0103 treac\u0103 printr-o serie de teste standardizate, foarte verificabile. Mai mult, greutatea net\u0103 de 8g este verificat\u0103 continuu prin intermediul unor c\u00e2ntare automate integrate \u00een timpul fazei de ambalare. Orice unitate individual\u0103 care se \u00eencadreaz\u0103 \u00een afara toleran\u021bei stricte de \u00b10,05g este imediat respins\u0103 din lan\u021bul de aprovizionare comercial, asigur\u00e2nd c\u0103 cump\u0103r\u0103torii angro primesc exact volumul de produs pe care l-au achizi\u021bionat.<\/p>\n<div style=\"background: linear-gradient(135deg, #f0f7ff 0%, #e6f0fa 100%);border-left: 6px solid #2980b9;padding: 25px;margin: 35px 0;border-radius: 6px\">\n<h3 style=\"margin-top: 0;color: #2c3e50;align-items: center;font-size: 1.3em;margin-bottom: 15px\"><span style=\"background-color: #2980b9;color: #ffffff;padding: 5px 12px;border-radius: 4px;margin-right: 15px;font-size: 0.75em;text-transform: uppercase;letter-spacing: 1px\">Date empirice<\/span><br \/>\nCinetica eliber\u0103rii \u00een timpul mastic\u0103rii<\/h3>\n<p style=\"margin-bottom: 0;color: #444444;line-height: 1.8\">Pentru a asigura livrarea consecvent\u0103 a compu\u0219ilor activi, produsul trece printr-o simulare riguroas\u0103 de masticare mecanic\u0103. Analizoarele de textur\u0103 de laborator imit\u0103 cu precizie mecanismul uman de mestecare, aplic\u00e2nd for\u021be de forfecare standardizate \u0219i condi\u021bii termice (men\u021binute la 37\u00b0C) matricei de elastomer. Ulterior, se utilizeaz\u0103 cromatografia lichid\u0103 de \u00eenalt\u0103 performan\u021b\u0103 (HPLC) la intervale cronologice predeterminate pentru a m\u0103sura viteza de eliberare a compu\u0219ilor aromatici \u0219i a ingredientelor active. Datele empirice rezultate confirm\u0103 un profil de eliberare \u00een stare sta\u021bionar\u0103 care atinge v\u00e2rful \u00een primele 12 minute de utilizare activ\u0103, urmat de un platou sus\u021binut care men\u021bine angajamentul senzorial pentru o durat\u0103 medie care dep\u0103\u0219e\u0219te 45 de minute. Aceast\u0103 curb\u0103 de eliberare proiectat\u0103 inteligent previne v\u00e2rfurile fiziologice bru\u0219te, oferind o experien\u021b\u0103 de utilizare lin\u0103 \u0219i foarte controlat\u0103.<\/p>\n<\/div>\n<h2 style=\"color: #2c3e50;border-bottom: 3px solid #3498db;padding-bottom: 10px;margin-top: 40px;font-size: 1.8em;font-weight: 600\">Profiluri senzoriale curate \u0219i validare organoleptic\u0103<\/h2>\n<p style=\"margin-bottom: 20px\">Satisfac\u021bia senzorial\u0103 este o metric\u0103 critic\u0103 pentru re\u021binerea pe termen lung a consumatorilor. Selec\u021biile aromatice disponibile \u00een linia BIMO nu sunt dezvoltate \u00een mod arbitrar; ele sunt rezultatul direct al test\u0103rii extensive a panourilor organoleptice \u0219i al analizei cromatografiei gazoase-spectrometriei de mas\u0103 (GC-MS). Prin utilizarea de extracte botanice de \u00eenalt\u0103 puritate, de calitate alimentar\u0103, \u0219i esteri sintetiza\u021bi cu precizie, linia de produse ofer\u0103 experien\u021be distincte \u0219i stabilizate pentru palat, care r\u0103m\u00e2n consecvente pe \u00eentreaga durat\u0103 de via\u021b\u0103 a produsului.<\/p>\n<ul style=\"list-style-type: none;padding: 0;margin: 25px 0\">\n<li style=\"background-color: #fdfdfd;border: 1px solid #eeeeee;padding: 20px;margin-bottom: 15px;border-radius: 8px\"><strong style=\"color: #8e44ad;font-size: 1.2em;margin-bottom: 8px\">Afine<\/strong><br \/>\n<span style=\"color: #555555\">Acest profil este conceput folosind compu\u0219i specifici inspira\u021bi de antociani pentru a livra o semn\u0103tur\u0103 aromat\u0103 robust\u0103 \u0219i cu note de fructe de p\u0103dure \u00eenchise. Este atent echilibrat cu o not\u0103 acid\u0103 calculat\u0103 care stimuleaz\u0103 produc\u021bia salivar\u0103, \u00eembun\u0103t\u0103\u021bind astfel senza\u021bia general\u0103 \u00een gur\u0103 \u0219i prelungind eliberarea ingredientelor active.<\/span><\/li>\n<li style=\"background-color: #fdfdfd;border: 1px solid #eeeeee;padding: 20px;margin-bottom: 15px;border-radius: 8px\"><strong style=\"color: #9b59b6;font-size: 1.2em;margin-bottom: 8px\">Struguri<\/strong><br \/>\n<span style=\"color: #555555\">Formulat folosind extracte botanice concentrate care emuleaz\u0103 cu exactitate notele complexe \u0219i profunde ale produselor viticole \u00eentunecate. Acest lucru ofer\u0103 o experien\u021b\u0103 de palat \u00eendr\u0103znea\u021b\u0103 \u0219i persistent\u0103 care \u00ee\u0219i men\u021bine integritatea structural\u0103 f\u0103r\u0103 a se degrada \u00eentr-un gust sintetic excesiv \u00een timpul mastica\u021biei prelungite.<\/span><\/li>\n<li style=\"background-color: #fdfdfd;border: 1px solid #eeeeee;padding: 20px;margin-bottom: 15px;border-radius: 8px\"><strong style=\"color: #1abc9c;font-size: 1.2em;margin-bottom: 8px\">Ment\u0103<\/strong><br \/>\n<span style=\"color: #555555\">Un profil tehnic avansat care utilizeaz\u0103 o combina\u021bie sofisticat\u0103 de agen\u021bi de r\u0103cire sintetici \u0219i extracte naturale de ment\u0103. Aceast\u0103 formulare precis\u0103 ofer\u0103 o senza\u021bie rapid\u0103 de r\u0103cire termic\u0103 \u00een toat\u0103 mucoasa oral\u0103, l\u0103s\u00e2nd cavitatea oral\u0103 s\u0103 se simt\u0103 profund r\u0103corit\u0103 f\u0103r\u0103 a se baza pe o dulcea\u021b\u0103 excesiv\u0103 \u0219i inutil\u0103.<\/span><\/li>\n<li style=\"background-color: #fdfdfd;border: 1px solid #eeeeee;padding: 20px;margin-bottom: 15px;border-radius: 8px\"><strong style=\"color: #e67e22;font-size: 1.2em;margin-bottom: 8px\">Peach<\/strong><br \/>\n<span style=\"color: #555555\">Ofer\u0103 o esen\u021b\u0103 aromat\u0103 de piatr\u0103, foarte volatil\u0103 \u0219i delicat\u0103. Se caracterizeaz\u0103 printr-o dulcea\u021b\u0103 lin\u0103 \u0219i persistent\u0103 care imit\u0103 perfect profilul natural de zah\u0103r al fructelor din livad\u0103, stabilizat\u0103 chimic pentru a preveni oxidarea prematur\u0103 pe durata de valabilitate a produsului de 24 de luni.<\/span><\/li>\n<li style=\"background-color: #fdfdfd;border: 1px solid #eeeeee;padding: 20px;margin-bottom: 15px;border-radius: 8px\"><strong style=\"color: #e74c3c;font-size: 1.2em;margin-bottom: 8px\">Pepene verde<\/strong><br \/>\n<span style=\"color: #555555\">Un profil crocant \u0219i complex, conceput pentru a emula cu meticulozitate notele u\u0219oare \u0219i r\u0103coritoare ale pepenilor de var\u0103. Aceast\u0103 formulare specific\u0103 utilizeaz\u0103 agen\u021bi de legare proprietari pentru a se asigura c\u0103 compu\u0219ii aromatici volatili extrem de volatili nu se evapor\u0103 prematur \u00een timpul etapelor ini\u021biale de utilizare.<\/span><\/li>\n<\/ul>\n<h2 style=\"color: #2c3e50;border-bottom: 3px solid #3498db;padding-bottom: 10px;margin-top: 40px;font-size: 1.8em;font-weight: 600\">Stabilirea \u00cencrederii: Logistic\u0103 angro \u0219i conformitate cu reglement\u0103rile pie\u021bei<\/h2>\n<p style=\"margin-bottom: 20px\">Achizi\u021bionarea de stoc prin VapeXYZ garanteaz\u0103 parteneriatul cu o entitate corporativ\u0103 care \u00een\u021belege profund complexit\u0103\u021bile stricte ale comer\u021bului interna\u021bional B2B. Cu o istorie opera\u021bional\u0103 de opt ani, infrastructura noastr\u0103 de lan\u021b de aprovizionare este continuu optimizat\u0103 pentru o fiabilitate absolut\u0103. Atunci c\u00e2nd integra\u021bi BIMO Chewing Gum \u00een catalogul dvs., beneficia\u021bi direct de logistica global\u0103 eficient\u0103. Cantitatea noastr\u0103 minim\u0103 de comand\u0103 (MOQ) este stabilit\u0103 strategic la un nivel incredibil de accesibil de 10 buc\u0103\u021bi. Aceast\u0103 barier\u0103 sc\u0103zut\u0103 la intrare permite retailerilor independen\u021bi \u0219i distribuitorilor la scar\u0103 larg\u0103 s\u0103 piloteze \u00een siguran\u021b\u0103 aceast\u0103 alternativ\u0103 oral\u0103 f\u0103r\u0103 a imobiliza capital opera\u021bional excesiv, f\u0103c\u00e2ndu-l un articol ideal pentru v\u00e2nzare \u00eencruci\u0219at\u0103, pozi\u021bionat la punctul de v\u00e2nzare, chiar l\u00e2ng\u0103 cele mai v\u00e2ndute vape-uri de unic\u0103 folosin\u021b\u0103.<\/p>\n<p style=\"margin-bottom: 20px\">Din perspectiva conformit\u0103\u021bii globale, oper\u0103m cu transparen\u021b\u0103 absolut\u0103. Instala\u021biile de produc\u021bie asociate cu produc\u021bia de BIMO ader\u0103 la linii directoare stricte de bun\u0103 practic\u0103 de fabrica\u021bie (GMP) \u0219i men\u021bin certific\u0103ri active de management al calit\u0103\u021bii ISO 9001. Spre deosebire de unele segmente ale industriei care se bazeaz\u0103 \u00een mare m\u0103sur\u0103 pe retorica promo\u021bional\u0103 opac\u0103, oferim facturi comerciale complete, date detaliate de siguran\u021b\u0103 a materialelor \u0219i toate declara\u021biile de conformitate necesare pentru intrarea f\u0103r\u0103 probleme pe pia\u021ba european\u0103 \u0219i global\u0103.<\/p>\n<h3 style=\"color: #34495e;margin-top: 30px;font-size: 1.4em;font-weight: 600\">Protocoale de stocare empiric\u0103 pentru partenerii en-gros<\/h3>\n<p style=\"margin-bottom: 20px\">Pentru a men\u021bine baza empiric\u0103 stabilit\u0103 \u00een timpul test\u0103rii de asigurare a calit\u0103\u021bii, partenerii angrosi\u0219ti trebuie s\u0103 respecte controale stricte de mediu atunci c\u00e2nd depoziteaz\u0103 acest produs \u00een vrac. Mediul optim de depozitare necesit\u0103 o temperatur\u0103 ambiental\u0103 stabil\u0103 men\u021binut\u0103 \u00eentre 15\u00b0C \u0219i 25\u00b0C. Expunerea prelungit\u0103 la extreme termice care dep\u0103\u0219esc 30\u00b0C poate induce separarea de faz\u0103 \u00een matricea elastomerului, modific\u00e2nd poten\u021bial cinetica de eliberare inten\u021bionat\u0103 a compu\u0219ilor activi. \u00cen plus, umiditatea relativ\u0103 (RH) \u00een cadrul unit\u0103\u021bii de depozitare trebuie men\u021binut\u0103 sub 60%. De\u0219i recipientul D59*H18mm este proiectat cu o etan\u0219are avansat\u0103 \u00eempotriva umidit\u0103\u021bii, ciclismul termic repetat \u0219i sever poate cauza micro-condensare intern\u0103. Implementarea unui sistem strict de gestionare a inventarului First-In, First-Out (FIFO) este foarte recomandat\u0103. Deoarece acest produs completeaz\u0103 perfect ciclul rapid de v\u00e2nz\u0103ri al unui vape standard de unic\u0103 folosin\u021b\u0103, sincronizarea ratelor de rota\u021bie a inventarului ambelor categorii de produse va maximiza prospe\u021bimea absolut\u0103 \u0219i satisfac\u021bia utilizatorului final.<\/p>\n<h2 style=\"color: #2c3e50;border-bottom: 3px solid #3498db;padding-bottom: 10px;margin-top: 40px;font-size: 1.8em;font-weight: 600\">Puncte cheie \u0219i \u00centreb\u0103ri frecvente (FAQ)<\/h2>\n<div style=\"margin-top: 25px\">\n<div style=\"margin-bottom: 20px;border-radius: 8px\">\n<div style=\"background-color: #f8f9fa;border: 1px solid #dee2e6;border-radius: 8px 8px 0 0;padding: 18px\"><strong style=\"color: #2c3e50;font-size: 1.1em;align-items: center\"><br \/>\n<span style=\"background-color: #3498db;color: white;width: 24px;height: 24px;align-items: center;justify-content: center;border-radius: 50%;margin-right: 12px;font-size: 0.8em\">\u00ce \n\n(or Q, as is)<\/span>Cum completeaz\u0103 strategic acest produs un inventar existent de vape-uri de unic\u0103 folosin\u021b\u0103 \u00eentr-un magazin cu am\u0103nuntul?<br \/>\n<\/strong><\/div>\n<div style=\"background-color: #ffffff;border: 1px solid #dee2e6;border-top: none;border-radius: 0 0 8px 8px;padding: 18px\">\n<p style=\"margin: 0;color: #555555;line-height: 1.6\">V\u00e2nz\u0103torii cu am\u0103nuntul beneficiaz\u0103 semnificativ de oferirea unor produse tranzitorii de \u00eencredere. Atunci c\u00e2nd clien\u021bii cump\u0103r\u0103 un vape de unic\u0103 folosin\u021b\u0103, upselling-ul proactiv al acestui produs oral le ofer\u0103 o solu\u021bie viabil\u0103, complet conform\u0103, pentru mediile \u00een care produc\u021bia de vapori este restric\u021bionat\u0103 legal sau prin politici. Acest lucru cre\u0219te direct valoarea medie general\u0103 a tranzac\u021biei, rezolv\u00e2nd \u00een acela\u0219i timp un punct dureros real al consumatorilor.<\/p>\n<\/div>\n<\/div>\n<div style=\"margin-bottom: 20px;border-radius: 8px\">\n<div style=\"background-color: #f8f9fa;border: 1px solid #dee2e6;border-radius: 8px 8px 0 0;padding: 18px\"><strong style=\"color: #2c3e50;font-size: 1.1em;align-items: center\"><br \/>\n<span style=\"background-color: #3498db;color: white;width: 24px;height: 24px;align-items: center;justify-content: center;border-radius: 50%;margin-right: 12px;font-size: 0.8em\">\u00ce \n\n(or Q, as is)<\/span>Dimensiunile produsului declarate \u0219i greut\u0103\u021bile interne sunt verificate empiric?<br \/>\n<\/strong><\/div>\n<div style=\"background-color: #ffffff;border: 1px solid #dee2e6;border-top: none;border-radius: 0 0 8px 8px;padding: 18px\">\n<p style=\"margin: 0;color: #555555;line-height: 1.6\">Absolut. Auditurile regulate \u0219i documentate ale instala\u021biilor confirm\u0103 c\u0103 dimensiunile ambalajului extern r\u0103m\u00e2n strict la D59*H18mm. Mai mult, con\u021binutul intern activ este verificat prin intermediul c\u00e2ntarului automat inline pentru a c\u00e2nt\u0103ri exact 8g, asigur\u00e2nd respectarea strict\u0103 a declara\u021biilor de greutate pentru transportul interna\u021bional \u0219i garant\u00e2nd o experien\u021b\u0103 consistent\u0103 pentru consumatori.<\/p>\n<\/div>\n<\/div>\n<div style=\"margin-bottom: 20px;border-radius: 8px\">\n<div style=\"background-color: #f8f9fa;border: 1px solid #dee2e6;border-radius: 8px 8px 0 0;padding: 18px\"><strong style=\"color: #2c3e50;font-size: 1.1em;align-items: center\"><br \/>\n<span style=\"background-color: #3498db;color: white;width: 24px;height: 24px;align-items: center;justify-content: center;border-radius: 50%;margin-right: 12px;font-size: 0.8em\">\u00ce \n\n(or Q, as is)<\/span>Eliminarea acestui produs produce de\u0219euri pentru mediu comparabile cu cele ale dispozitivelor electronice?<br \/>\n<\/strong><\/div>\n<div><\/div>\n<\/div>\n<\/div>\n<\/article>","protected":false},"excerpt":{"rendered":"<p>GUMA DE MASCAT BIMO este o alternativ\u0103 cu putere redus\u0103, f\u0103r\u0103 fum, care ofer\u0103 o u\u0219urare rapid\u0103 \u0219i de lung\u0103 durat\u0103 a poftei, cu gusturi de fructe r\u0103coritoare. Compact\u0103 \u0219i convenabil\u0103, este perfect\u0103 pentru utilizare \u00een orice moment. Disponibil\u0103 pentru v\u00e2nzare en gros la VapeXYZ.<\/p>","protected":false},"featured_media":53813,"comment_status":"open","ping_status":"closed","template":"","meta":{"_lmt_disableupdate":"no","_lmt_disable":""},"product_brand":[],"product_cat":[859,935,934,927,929,928,930,932,938,931,936,937],"product_tag":[],"class_list":{"0":"post-53816","1":"product","2":"type-product","3":"status-publish","4":"has-post-thumbnail","6":"product_cat-bimo","7":"product_cat-bulk-buy-disposable-vapes-in-austria","8":"product_cat-bulk-buy-disposable-vapes-in-belgium","9":"product_cat-bulk-buy-disposable-vapes-in-europe","10":"product_cat-bulk-buy-disposable-vapes-in-france","11":"product_cat-bulk-buy-disposable-vapes-in-germany","12":"product_cat-bulk-buy-disposable-vapes-in-italy","13":"product_cat-bulk-buy-disposable-vapes-in-poland","14":"product_cat-bulk-buy-disposable-vapes-in-portugal","15":"product_cat-bulk-buy-disposable-vapes-in-spain","16":"product_cat-bulk-buy-disposable-vapes-in-sweden","17":"product_cat-bulk-buy-disposable-vapes-in-switzerland","19":"first","20":"instock","21":"shipping-taxable","22":"purchasable","23":"product-type-variable","24":"has-default-attributes"},"jetpack_sharing_enabled":true,"tiered_pricing_type":"fixed","tiered_pricing_fixed_rules":[],"tiered_pricing_product_settings":{"layout":"default","base_unit_name":{"singular":null,"plural":null},"default_variation":null},"tiered_pricing_minimum_quantity":null,"tiered_pricing_roles_data":[],"tiered_pricing_percentage_rules":[],"tiered_pricing_maximum_quantity":null,"tiered_pricing_quantity_step":null,"_links":{"self":[{"href":"https:\/\/vapexyz.com\/ro\/wp-json\/wp\/v2\/product\/53816","targetHints":{"allow":["GET"]}}],"collection":[{"href":"https:\/\/vapexyz.com\/ro\/wp-json\/wp\/v2\/product"}],"about":[{"href":"https:\/\/vapexyz.com\/ro\/wp-json\/wp\/v2\/types\/product"}],"replies":[{"embeddable":true,"href":"https:\/\/vapexyz.com\/ro\/wp-json\/wp\/v2\/comments?post=53816"}],"wp:featuredmedia":[{"embeddable":true,"href":"https:\/\/vapexyz.com\/ro\/wp-json\/wp\/v2\/media\/53813"}],"wp:attachment":[{"href":"https:\/\/vapexyz.com\/ro\/wp-json\/wp\/v2\/media?parent=53816"}],"wp:term":[{"taxonomy":"product_brand","embeddable":true,"href":"https:\/\/vapexyz.com\/ro\/wp-json\/wp\/v2\/product_brand?post=53816"},{"taxonomy":"product_cat","embeddable":true,"href":"https:\/\/vapexyz.com\/ro\/wp-json\/wp\/v2\/product_cat?post=53816"},{"taxonomy":"product_tag","embeddable":true,"href":"https:\/\/vapexyz.com\/ro\/wp-json\/wp\/v2\/product_tag?post=53816"}],"curies":[{"name":"wp","href":"https:\/\/api.w.org\/{rel}","templated":true}]}}