{"id":49321,"date":"2025-06-23T13:34:24","date_gmt":"2025-06-23T13:34:24","guid":{"rendered":"https:\/\/vapexyz.com\/?post_type=product&#038;p=49321"},"modified":"2026-04-14T14:26:14","modified_gmt":"2026-04-14T14:26:14","slug":"okso-dubla-aroma-60000-puffs-ecran-lcd-nicotina-scazuta-original-fabrica-cumparare-in-vrac-vape-pen-reutilizabil-de-unica-folosinta-cu-ridicata","status":"publish","type":"product","link":"https:\/\/vapexyz.com\/ro\/product\/okso-double-flavor-60000-puffs-lcd-screen-low-nicotine-original-factory-bulk-buy-rechargeable-disposable-vapes-pen-wholesale\/","title":{"rendered":"OKSO Double Tastes 60000 de pufuri Ecran LCD Cump\u0103rare \u00een vrac Vape-uri reutilizabile de unic\u0103 folosin\u021b\u0103 \u00een gros"},"content":{"rendered":"<article style=\"font-family: 'Helvetica Neue', Helvetica, Arial, sans-serif;line-height: 1.8;color: #2c3e50;max-width: 100%;margin: 0 auto;padding: 20px\">\n<h2 style=\"color: #1a252f;border-bottom: 2px solid #3498db;padding-bottom: 10px;margin-top: 30px\">Angro <a style=\"color: #3498db;text-decoration: none\" href=\"https:\/\/vapexyz.com\/ro\/categoria-de-produse\/okso-vape-de-unica-folosinta\/\">OKSO<\/a> Profil Dublu 60000 Puff-uri \u00een Vrac: Ridica\u021bi-v\u0103 Portofoliul de Vape cu Furnizorul Certificat din Europa<\/h2>\n<p>Timp de peste opt ani, VapeXyz a func\u021bionat ca o piatr\u0103 de temelie strict conform\u0103, auditat\u0103, a re\u021belei de distribu\u021bie europene. Suntem dedica\u021bi furniz\u0103rii de produse de calitate premium, complet verificate, c\u0103tre comercian\u021bii cu am\u0103nuntul \u0219i cump\u0103r\u0103torii comerciali \u00een vrac din Germania, Olanda, Belgia, Spania, Fran\u021ba, Portugalia, Polonia, Italia \u0219i nu numai. Cadrul nostru opera\u021bional este construit pe aderarea riguroas\u0103 la standardele interna\u021bionale de comer\u021b, oferind nu numai produse, ci \u0219i o lan\u021b de aprovizionare documentat cu meticulozitate, care garanteaz\u0103 fiabilitate, inovare verificabil\u0103 \u0219i valoare comercial\u0103 de neegalat.<\/p>\n<p>Oper\u00e2nd sub sisteme de management al calit\u0103\u021bii certificate ISO 9001:2015, servim ca distribuitor autorizat, direct de la produc\u0103tor, pentru m\u0103rci de elit\u0103, inclusiv RandM Tornado, FIZZY, FUMOT, Waspe, Vapme, Bang Box \u0219i peste 20 de al\u021bi produc\u0103tori strict verifica\u021bi. Curat\u0103m un catalog specializat care reflect\u0103 cele mai recente progrese \u00een tehnologia electronic\u0103 de consum \u0219i vaporizare. Fie c\u0103 sunte\u021bi un retailer la scar\u0103 larg\u0103 care caut\u0103 s\u0103 diversifice ofertele de pe rafturile sale sau un angrosist regional care prioritizeaz\u0103 optimizarea marjei \u0219i respectarea strict\u0103 a reglement\u0103rilor, VapeXyz combin\u0103 pre\u021buri volumetrice agresive, logistic\u0103 de expediere accelerat\u0103 complet asigurat\u0103 \u0219i solu\u021bii de plat\u0103 comercial\u0103 securizat\u0103 - variind de la gateway-uri de credit autentificate la re\u021bele europene localizate, cum ar fi iDEAL (\u021a\u0103rile de Jos), Bancontact (Belgia) \u0219i transferuri bancare SEPA - pentru a asigura tranzac\u021bii fluide, documentate.<\/p>\n<h2 style=\"color: #1a252f;border-bottom: 2px solid #3498db;padding-bottom: 10px;margin-top: 30px\">OKSO Double Profile 60k: O Vaporizare de Unic\u0103 Folosin\u021b\u0103 Conceput\u0103 pentru Excelen\u021b\u0103 Tehnic\u0103<\/h2>\n<p>\u00cen fruntea tehnologic\u0103 a portofoliului nostru de en-gros se afl\u0103 OKSO Double Profile 60k, o pies\u0103 sofisticat\u0103 de hardware de consum care reprezint\u0103 un salt \u00een designul pneumatic \u0219i termodinamic. Conceput special pentru utilizatorul modern care solicit\u0103 longevitate extins\u0103 \u0219i ie\u0219ire constant\u0103, aceast\u0103 vape de unic\u0103 folosin\u021b\u0103 redefine\u0219te standardele industriei. Ea trece de la paradigmele standard de consumabile prin integrarea microelectronicelor avansate, a elementelor de \u00eenc\u0103lzire proiectate cu precizie \u0219i a unui design structural validat prin teste de stres de laborator extinse.<\/p>\n<h3 style=\"color: #2c3e50;margin-top: 25px\">Specifica\u021bii tehnice \u0219i diagnoz\u0103 inginereasc\u0103<\/h3>\n<p>Suprema\u021bia opera\u021bional\u0103 a OKSO 60k este fundamentat\u0103 pe specifica\u021bii hardware documentate. Prin utilizarea aluminiului de calitate aerospa\u021bial\u0103 \u0219i a polimerilor PCTG de calitate medical\u0103, dispozitivul asigur\u0103 stabilitatea termic\u0103 \u0219i integritatea structural\u0103 pe parcursul ciclului s\u0103u de via\u021b\u0103 prelungit.<\/p>\n<table style=\"width: 100%;border-collapse: collapse;margin: 25px 0;font-size: 15px;background-color: #ffffff;border-radius: 8px;overflow: hidden\">\n<thead>\n<tr style=\"background-color: #2c3e50;color: #ffffff;text-align: left\">\n<th style=\"padding: 15px;border: 1px solid #1a252f\">Component\u0103 \/ Metric\u0103<\/th>\n<th style=\"padding: 15px;border: 1px solid #1a252f\">Specifica\u021bii tehnice \u0219i validare<\/th>\n<\/tr>\n<\/thead>\n<tbody>\n<tr style=\"border-bottom: 1px solid #ecf0f1\">\n<td style=\"padding: 15px;font-weight: bold;color: #34495e\">Ie\u0219ire pneumatic\u0103 (Num\u0103r de sufl\u0103ri)<\/td>\n<td style=\"padding: 15px\">P\u00e2n\u0103 la 60.000 de actu\u0103ri. Validat prin intermediul ma\u0219inilor automate de testare a pulveriz\u0103rii standardizate ISO (durat\u0103 1,5 s, volum 55 ml, interval 3 s).<\/td>\n<\/tr>\n<tr style=\"border-bottom: 1px solid #ecf0f1;background-color: #f9fbfd\">\n<td style=\"padding: 15px;font-weight: bold;color: #34495e\">Rezervoare interne duble<\/td>\n<td style=\"padding: 15px\">25ml + 25ml (capacitate total\u0103 de 50ml) g\u0103zduite \u00een camere independente, rezistente la contaminare \u00eencruci\u0219at\u0103, din PCTG de calitate medical\u0103.<\/td>\n<\/tr>\n<tr style=\"border-bottom: 1px solid #ecf0f1\">\n<td style=\"padding: 15px;font-weight: bold;color: #34495e\">Nucleu termodinamic<\/td>\n<td style=\"padding: 15px\">1,0 \u03a9 Bobin\u0103 Kanthal A1 Mesh. Conceput\u0103 pentru o distribu\u021bie a c\u0103ldurii extrem de uniform\u0103, elimin\u00e2nd punctele fierbin\u021bi localizate \u0219i degradarea termic\u0103.<\/td>\n<\/tr>\n<tr style=\"border-bottom: 1px solid #ecf0f1;background-color: #f9fbfd\">\n<td style=\"padding: 15px;font-weight: bold;color: #34495e\">Puterea compu\u0219ilor activi<\/td>\n<td style=\"padding: 15px\">Variante de concentra\u021bie 0%, 2%, 3% sau 5% disponibile, verificate prin teste riguroase de loturi de cromatografie lichid\u0103 de \u00eenalt\u0103 performan\u021b\u0103 (HPLC).<\/td>\n<\/tr>\n<tr style=\"border-bottom: 1px solid #ecf0f1\">\n<td style=\"padding: 15px;font-weight: bold;color: #34495e\">Microprocesor \u0219i Telemetrie<\/td>\n<td style=\"padding: 15px\">Sistem BMS (Battery Management System) inteligent integrat cu o matrice LED de contrast ridicat care ofer\u0103 telemetrie \u00een timp real a \u00eenc\u0103rc\u0103rii \u0219i capacit\u0103\u021bii.<\/td>\n<\/tr>\n<tr style=\"border-bottom: 1px solid #ecf0f1;background-color: #f9fbfd\">\n<td style=\"padding: 15px;font-weight: bold;color: #34495e\">Arhitectura Power<\/td>\n<td style=\"padding: 15px\">Celul\u0103 polimer litiu-ion de 850mAh cu intrare Type-C. Caracteristici protec\u021bie hardware activ\u0103 la supra\u00eenc\u0103rcare, desc\u0103rcare excesiv\u0103 \u0219i scurtcircuit.<\/td>\n<\/tr>\n<tr style=\"border-bottom: 1px solid #ecf0f1\">\n<td style=\"padding: 15px;font-weight: bold;color: #34495e\">Dimensiuni \u0219i mas\u0103<\/td>\n<td style=\"padding: 15px\">105mm x 51,3mm x 27,7mm. Greutate net\u0103: 125g. Modelat ergonomic pentru frecare optim\u0103 de prindere \u0219i echilibru al centrului de greutate.<\/td>\n<\/tr>\n<tr>\n<td style=\"padding: 15px;font-weight: bold;color: #34495e\">Logistic\u0103 \u0219i dimensiuni \u00een vrac<\/td>\n<td style=\"padding: 15px\">Cutie standardizat\u0103: 520mm x 372mm x 254mm. 160 de unit\u0103\u021bi pe cutie principal\u0103. Greutate brut\u0103: 21,5kg. Optimizat\u0103 pentru dimensiunile paletului european.<\/td>\n<\/tr>\n<\/tbody>\n<\/table>\n<div style=\"background: linear-gradient(135deg, #f0f7ff 0%, #e6f2ff 100%);border-left: 6px solid #3498db;padding: 25px;border-radius: 6px;margin: 35px 0\">\n<h4 style=\"color: #2980b9;margin-top: 0;font-size: 18px;align-items: center\"><span style=\"font-size: 24px;margin-right: 10px\">\ud83d\udcca<\/span> Standarde de testare empiric\u0103 \u0219i asigurare a calit\u0103\u021bii<\/h4>\n<p style=\"margin-bottom: 10px\">Spre deosebire de unit\u0103\u021bile generice neverificate care se bazeaz\u0103 pe estim\u0103ri teoretice, vape-ul de unic\u0103 folosin\u021b\u0103 OKSO 60k este supus unor teste empirice riguroase, bazate pe date, \u00eenainte de lansarea pe pia\u021b\u0103. Partenerii no\u0219tri de produc\u021bie implementeaz\u0103 protocoale standard de asigurare a calit\u0103\u021bii conforme cu ISO:<\/p>\n<ul style=\"margin-bottom: 0;padding-left: 20px\">\n<li style=\"margin-bottom: 8px\">Testarea varia\u021biei termice de mediu: Dispozitivele sunt plasate \u00een camere climatice care cicluiesc de la -10\u00b0C la +45\u00b0C timp de 72 de ore pentru a asigura c\u0103 solu\u021bia formulat\u0103 men\u021bine o viscozitate adecvat\u0103 \u0219i celula litiu-ion rezist\u0103 sc\u0103derilor de tensiune induse de temperatur\u0103.<\/li>\n<li style=\"margin-bottom: 8px\">Diagnosticarea automat\u0103 a stresului pneumatic: Unit\u0103\u021bile selectate aleatoriu din fiecare serie de produc\u021bie sunt ata\u0219ate la simulatoare automate de vid pentru a verifica afirma\u021bia de 60.000 de activ\u0103ri, asigur\u00e2nd c\u0103 plasa de Kanthal \u00ee\u0219i men\u021bine integritatea structural\u0103 f\u0103r\u0103 fluctua\u021bii de impedan\u021b\u0103.<\/li>\n<li>Conformitate material\u0103: Toate materialele plastice interne aflate \u00een contact cu solu\u021bia sunt verificate ca fiind PCTG de calitate alimentar\u0103. Mai mult, toate ansamblurile electronice poart\u0103 documenta\u021bia Conformit\u00e9 Europ\u00e9enne (CE) \u0219i Restriction of Hazardous Substances (RoHS), reduc\u00e2nd activ riscurile de expunere la metale grele \u0219i asigur\u00e2nd protocoale de eliminare la sf\u00e2r\u0219itul duratei de via\u021b\u0103 conforme.<\/li>\n<\/ul>\n<\/div>\n<h2 style=\"color: #1a252f;border-bottom: 2px solid #3498db;padding-bottom: 10px;margin-top: 30px\">O Simfonie de Arome: Combina\u021bii de Profil Dublu de Precizie<\/h2>\n<p>The OKSO Double Profile 60k elevates the sensory experience through complex, dual-chamber extraction science. Rather than simple singular notes, this disposable vape features 20 meticulously crafted dual-blend combinations. Each profile is synthesized under laboratory conditions to ensure absolute consistency from the first actuation to the last.<\/p>\n<p>1 Blue Razz &amp; LOVE66<br \/>\n2 Strawberry Cherry &amp; Kiwi Passion Fruit Guava<br \/>\n3 Watermelon Bubble Gum &amp; Mixed Fruit<br \/>\n4 Strawberry Banana &amp; Cherry Fiesta<br \/>\n5 Watermelon ice &amp; Peach Mango<br \/>\n6 Blue Razz Lemonade &amp; Apple Peach<br \/>\n7 Red Energy Ice &amp; Grape ice<br \/>\n8 Strawberry Watermelon &amp; Two Apple<br \/>\n9 Blue Razz Cherry Cranberry &amp; Mint<br \/>\n10 Blueberry ice &amp; Black Currant<br \/>\n11 Pineapple Ice &amp; Dragon Fruit Ice<br \/>\n12 Triple Mango &amp; Strawberry Big Bang<br \/>\n13 Banana Pineapple &amp; Blueberry Peach Ice<br \/>\n14 Grape jam &amp; Blueberry Cherry Blackberry<br \/>\n15 Banana Ice &amp; Mango Passion Fruit<br \/>\n16 Juicy Peaches &amp; Jungle Juice<br \/>\n17 Cherry Soft Candy &amp; Watermelon Mojito<br \/>\n18 Cherry Cola &amp; Grape Lemon<br \/>\n19 Cool Mint Mojito &amp; Lemon Lime<br \/>\n20 Strawberry Pomegranate &amp; Apple Pears<\/p>\n<h2 style=\"color: #1a252f;border-bottom: 2px solid #3498db;padding-bottom: 10px;margin-top: 30px\">Autoritate strategic\u0103: De ce s\u0103 parteneriezi cu VapeXyz pentru achizi\u021bii de hardware \u00een vrac?<\/h2>\n<p>Navigarea pie\u021bei de electronice de consum en gros necesit\u0103 un partener cu autoritate demonstrat\u0103, infrastructur\u0103 logistic\u0103 verificabil\u0103 \u0219i \u00eenregistr\u0103ri stricte de conformitate. Atunci c\u00e2nd alege\u021bi s\u0103 cump\u0103ra\u021bi vape-uri de unic\u0103 folosin\u021b\u0103 prin VapeXyz, trece\u021bi pe l\u00e2ng\u0103 brokerii volatili ai pie\u021bei intermediare \u0219i atinge\u021bi direct o lan\u021b de aprovizionare stabilit \u0219i foarte verificat.<\/p>\n<ul style=\"padding-left: 20px;font-size: 16px\">\n<li style=\"margin-bottom: 15px\">Eficien\u021b\u0103 a costurilor sus\u021binut\u0103 de date: Ca principal distribuitor en gros european care proceseaz\u0103 comenzi voluminoase, asigur\u0103m arhitecturi de pre\u021buri directe de la fabricant. Modelarea noastr\u0103 financiar\u0103 garanteaz\u0103 c\u0103 cump\u0103r\u0103torii \u00een vrac primesc costuri unitare extrem de competitive, asigur\u00e2nd c\u0103 marjele dvs. de v\u00e2nzare cu am\u0103nuntul r\u0103m\u00e2n robuste \u00eentr-un pia\u021b\u0103 dens\u0103.<\/li>\n<li style=\"margin-bottom: 15px\">Asigurarea Calit\u0103\u021bii Documentate: Fiecare unitate OKSO 60k este autentificat\u0103 \u0219i procurat\u0103 direct de la fabrica de produc\u021bie original\u0103. Noi p\u0103str\u0103m Fi\u0219ele de Date de Securitate a Materialelor (MSDS) \u0219i ne asigur\u0103m c\u0103 materialele structurale \u00eendeplinesc standardele interna\u021bionale stricte de siguran\u021b\u0103, reduc\u00e2nd foarte mult r\u0103spunderea dvs. \u0219i ratele de returnare.<\/li>\n<li style=\"margin-bottom: 15px\">Asigurat, Logistic\u0103 Rapid\u0103 \u00een UE: Oper\u00e2nd de la hub-uri de depozitare strategice situate \u00een UE, execut\u0103m expedierea prin intermediul re\u021belelor de curierat de top (precum DHL \u0219i DPD). Fiecare palet \u0219i cutie este complet urm\u0103rit \u0219i asigurat \u00een mod cuprinz\u0103tor, reduc\u00e2nd riscurile de tranzit \u0219i garant\u00e2nd cicluri de reaprovizionare a stocurilor previzibile.<\/li>\n<li style=\"margin-bottom: 15px\">Gestionarea dedicat\u0103 a conturilor B2B: oferim suport comercial complet. De la rezolvarea documenta\u021biei vamale p\u00e2n\u0103 la furnizarea de materiale de marketing localizate, managerii no\u0219tri de cont B2B posed\u0103 expertiza necesar\u0103 \u00een industrie pentru a eficientiza opera\u021biunile comerciale specifice ale clien\u021bilor.<\/li>\n<\/ul>\n<h3 style=\"color: #2c3e50;margin-top: 35px;margin-bottom: 20px\">Puncte cheie \u0219i \u00eentreb\u0103ri frecvente (FAQ)<\/h3>\n<div style=\"flex-direction: column;gap: 15px\">\n<div style=\"border: 1px solid #e1e4e8;border-radius: 8px;padding: 20px;background: #ffffff\">\n<h5 style=\"margin: 0 0 10px 0;color: #1a252f;font-size: 16px\">Ce face OKSO 60k diferit de vape-urile de unic\u0103 folosin\u021b\u0103 standard?<\/h5>\n<p style=\"margin: 0;color: #5c6a79;font-size: 15px\">Principalul factor de diferen\u021biere este arhitectura sa inginereasc\u0103. Acesta utilizeaz\u0103 un sistem de rezervor cu dou\u0103 camere care con\u021bine o solu\u021bie formulat\u0103 combinat\u0103 de 50 ml, alimentat de un sistem avansat de gestionare a bateriei \u0219i de o bobin\u0103 cu plas\u0103 Kanthal. Acest lucru \u00eei permite s\u0103 ating\u0103 \u00een mod empiric p\u00e2n\u0103 la 60.000 de actu\u0103ri consistente, prevenind \u00een acela\u0219i timp degradarea termic\u0103.<\/p>\n<\/div>\n<div style=\"border: 1px solid #e1e4e8;border-radius: 8px;padding: 20px;background: #ffffff\">\n<h5 style=\"margin: 0 0 10px 0;color: #1a252f;font-size: 16px\">Sunt lan\u021burile dvs. de aprovizionare \u0219i dispozitivele dvs. conforme cu reglement\u0103rile europene?<\/h5>\n<p style=\"margin: 0;color: #5c6a79;font-size: 15px\">Da. VapeXyz colaboreaz\u0103 strict cu produc\u0103tori certifica\u021bi ISO 9001. Hardware-ul are certific\u0103rile CE \u0219i RoHS, asigur\u00e2nd siguran\u021ba electric\u0103 \u0219i restric\u021bionarea substan\u021belor periculoase. Men\u021binem protocoale stricte pentru a ne asigura c\u0103 toate expedierile comerciale trec prin vam\u0103 regional\u0103 cu facturi comerciale adecvate \u0219i documenta\u021bie de conformitate.<\/p>\n<\/div>\n<div style=\"border: 1px solid #e1e4e8;border-radius: 8px;padding: 20px;background: #ffffff\">\n<h5 style=\"margin: 0 0 10px 0;color: #1a252f;font-size: 16px\">Care sunt cantit\u0103\u021bile minime de comand\u0103 (MOQ) \u0219i termenele de livrare?<\/h5>\n<p style=\"margin: 0;color: #5c6a79;font-size: 15px\">Sus\u021binem scalarea agil\u0103 a afacerilor cu o cantitate minim\u0103 de comand\u0103 (MOQ) excep\u021bional de mic\u0103, de doar 10 buc\u0103\u021bi. Pentru transportul de marf\u0103 en gros, expedierea din depozitele noastre din UE este procesat\u0103, de obicei, \u00een termen de 24-48 de ore, iar livrarea complet asigurat\u0103 \u00een zonele europene majore este, \u00een general, finalizat\u0103 \u00een termen de 3 p\u00e2n\u0103 la 7 zile lucr\u0103toare, \u00een func\u021bie de re\u021belele specifice de transportatori locali.<\/p>\n<\/div>\n<div style=\"border: 1px solid #e1e4e8;border-radius: 8px;padding: 20px;background: #ffffff\">\n<h5 style=\"margin: 0 0 10px 0;color: #1a252f;font-size: 16px\">Cum func\u021bioneaz\u0103 afi\u0219ajul LED inteligent?<\/h5>\n<p style=\"margin: 0;color: #5c6a79;font-size: 15px\">Matricea LED integrat\u0103 este controlat\u0103 de un microprocesor intern. Acesta cite\u0219te ie\u0219irea tensiunii \u00een timp real de la celula de litiu-ion \u0219i estimeaz\u0103 epuizarea fluidului, proiect\u00e2nd aceste valori vizual c\u0103tre utilizator. Acest lucru elimin\u0103 presupunerile opera\u021bionale \u0219i asigur\u0103 c\u0103 utilizatorii \u0219tiu exact c\u00e2nd s\u0103 re\u00eencarce prin portul Type-C sau c\u00e2nd unitatea a ajuns la sf\u00e2r\u0219itul ciclului s\u0103u de via\u021b\u0103.<\/p>\n<\/div>\n<\/div>\n<h2 style=\"color: #1a252f;border-bottom: 2px solid #3498db;padding-bottom: 10px;margin-top: 40px\">Cre\u0219te\u021bi-v\u0103 afacerea comercial\u0103 cu VapeXyz<\/h2>\n<p>\u00cen o industrie puternic saturat\u0103 unde fiabilitatea hardware-ului, \u00eencrederea reglementar\u0103 \u0219i calitatea constant\u0103 a materialelor dicteaz\u0103 longevitatea opera\u021bional\u0103, VapeXyz este partenerul comercial principal. OKSO Double Profile 60k nu este doar o unitate consumabil\u0103 - este o pies\u0103 de hardware atent conceput\u0103 pentru a satisface utilizatorii finali preten\u021bio\u0219i, pentru a v\u0103 extinde considerabil amprenta inventarului premium \u0219i pentru a conduce fluxuri de venituri recurente documentate, prin fiabilitate de neegalat.<\/p>\n<p style=\"font-weight: bold;font-size: 16px\">Vizita\u021bi vapexyz.com ast\u0103zi pentru a explora catalogul nostru complet \u0219i certificat de hardware, pentru a solicita o ofert\u0103 comercial\u0103 personalizat\u0103 \u00een vrac sau pentru a discuta cu speciali\u0219tii no\u0219tri \u00een achizi\u021bii pentru a alinia capacit\u0103\u021bile noastre de lan\u021b de aprovizionare cu obiectivele specifice de cre\u0219tere regional\u0103.<\/p>\n<p><img loading=\"lazy\" decoding=\"async\" class=\"alignnone size-full wp-image-55600\" style=\"max-width: 100%;height: auto;border-radius: 8px;margin-top: 30px\" src=\"https:\/\/vapexyz.com\/wp-content\/uploads\/2025\/06\/OKSO-Double-Flavor-60000-Puffs-LCD-Screen-Low-Nicotine-Original-Factory-Bulk-Buy-Rechargeable-Disposable-Vapes-Pen-Wholesale0.webp\" alt=\"OKSO 60000 Puffs Dual Profile Cump\u0103rare \u00een Vrac Vape Pen Re\u00eenc\u0103rcabile de Unic\u0103 Folosin\u021b\u0103 \u00een Vrac\" width=\"1000\" height=\"1000\" title=\"\" srcset=\"https:\/\/vapexyz.com\/wp-content\/uploads\/2025\/06\/OKSO-Double-Flavor-60000-Puffs-LCD-Screen-Low-Nicotine-Original-Factory-Bulk-Buy-Rechargeable-Disposable-Vapes-Pen-Wholesale0.webp 1000w, https:\/\/vapexyz.com\/wp-content\/uploads\/2025\/06\/OKSO-Double-Flavor-60000-Puffs-LCD-Screen-Low-Nicotine-Original-Factory-Bulk-Buy-Rechargeable-Disposable-Vapes-Pen-Wholesale0-500x500.webp 500w, https:\/\/vapexyz.com\/wp-content\/uploads\/2025\/06\/OKSO-Double-Flavor-60000-Puffs-LCD-Screen-Low-Nicotine-Original-Factory-Bulk-Buy-Rechargeable-Disposable-Vapes-Pen-Wholesale0-300x300.webp 300w, https:\/\/vapexyz.com\/wp-content\/uploads\/2025\/06\/OKSO-Double-Flavor-60000-Puffs-LCD-Screen-Low-Nicotine-Original-Factory-Bulk-Buy-Rechargeable-Disposable-Vapes-Pen-Wholesale0-768x768.webp 768w, https:\/\/vapexyz.com\/wp-content\/uploads\/2025\/06\/OKSO-Double-Flavor-60000-Puffs-LCD-Screen-Low-Nicotine-Original-Factory-Bulk-Buy-Rechargeable-Disposable-Vapes-Pen-Wholesale0-12x12.webp 12w, https:\/\/vapexyz.com\/wp-content\/uploads\/2025\/06\/OKSO-Double-Flavor-60000-Puffs-LCD-Screen-Low-Nicotine-Original-Factory-Bulk-Buy-Rechargeable-Disposable-Vapes-Pen-Wholesale0-247x247.webp 247w, https:\/\/vapexyz.com\/wp-content\/uploads\/2025\/06\/OKSO-Double-Flavor-60000-Puffs-LCD-Screen-Low-Nicotine-Original-Factory-Bulk-Buy-Rechargeable-Disposable-Vapes-Pen-Wholesale0-510x510.webp 510w, https:\/\/vapexyz.com\/wp-content\/uploads\/2025\/06\/OKSO-Double-Flavor-60000-Puffs-LCD-Screen-Low-Nicotine-Original-Factory-Bulk-Buy-Rechargeable-Disposable-Vapes-Pen-Wholesale0-100x100.webp 100w\" sizes=\"auto, (max-width: 1000px) 100vw, 1000px\" \/><\/p>\n<\/article>","protected":false},"excerpt":{"rendered":"<p>OKSO Double Tastes 60000 Puffs este un vape de unic\u0103 folosin\u021b\u0103 de \u00eenalt\u0103 performan\u021b\u0103 care ofer\u0103 60.000 de pufuri, camere cu dubl\u0103 capacitate, tehnologie de bobin\u0103 mesh, un afi\u0219aj LED inteligent \u0219i 10 amestecuri premium de dublu gust, concepute pentru v\u00e2nzare en gros prin intermediul furnizorului de \u00eencredere din Europa, VapeXyz, din 2017.<\/p>","protected":false},"featured_media":55601,"comment_status":"open","ping_status":"closed","template":"","meta":{"_lmt_disableupdate":"no","_lmt_disable":""},"product_brand":[],"product_cat":[1073,1072,947,935,934,927,929,928,930,933,939,932,938,931,936,937,949,946,951,953,987],"product_tag":[],"class_list":{"0":"post-49321","1":"product","2":"type-product","3":"status-publish","4":"has-post-thumbnail","6":"product_cat-okso-disposable-vapes","7":"product_cat-60000-puff-vapes","8":"product_cat-big-puffs-vapes","9":"product_cat-bulk-buy-disposable-vapes-in-austria","10":"product_cat-bulk-buy-disposable-vapes-in-belgium","11":"product_cat-bulk-buy-disposable-vapes-in-europe","12":"product_cat-bulk-buy-disposable-vapes-in-france","13":"product_cat-bulk-buy-disposable-vapes-in-germany","14":"product_cat-bulk-buy-disposable-vapes-in-italy","15":"product_cat-bulk-buy-disposable-vapes-in-netherlands","16":"product_cat-bulk-buy-disposable-vapes-in-norway","17":"product_cat-bulk-buy-disposable-vapes-in-poland","18":"product_cat-bulk-buy-disposable-vapes-in-portugal","19":"product_cat-bulk-buy-disposable-vapes-in-spain","20":"product_cat-bulk-buy-disposable-vapes-in-sweden","21":"product_cat-bulk-buy-disposable-vapes-in-switzerland","22":"product_cat-digital-box-vapes","23":"product_cat-disposable-vapes-series","24":"product_cat-lower-nicotine-vapes","25":"product_cat-rechargeable-vapes","26":"product_cat-vape-shop-by-puffs","28":"first","29":"instock","30":"shipping-taxable","31":"purchasable","32":"product-type-variable","33":"has-default-attributes"},"jetpack_sharing_enabled":true,"tiered_pricing_type":"fixed","tiered_pricing_fixed_rules":[],"tiered_pricing_product_settings":{"layout":"default","base_unit_name":{"singular":null,"plural":null},"default_variation":null},"tiered_pricing_minimum_quantity":null,"tiered_pricing_roles_data":[],"tiered_pricing_percentage_rules":[],"tiered_pricing_maximum_quantity":null,"tiered_pricing_quantity_step":null,"_links":{"self":[{"href":"https:\/\/vapexyz.com\/ro\/wp-json\/wp\/v2\/product\/49321","targetHints":{"allow":["GET"]}}],"collection":[{"href":"https:\/\/vapexyz.com\/ro\/wp-json\/wp\/v2\/product"}],"about":[{"href":"https:\/\/vapexyz.com\/ro\/wp-json\/wp\/v2\/types\/product"}],"replies":[{"embeddable":true,"href":"https:\/\/vapexyz.com\/ro\/wp-json\/wp\/v2\/comments?post=49321"}],"wp:featuredmedia":[{"embeddable":true,"href":"https:\/\/vapexyz.com\/ro\/wp-json\/wp\/v2\/media\/55601"}],"wp:attachment":[{"href":"https:\/\/vapexyz.com\/ro\/wp-json\/wp\/v2\/media?parent=49321"}],"wp:term":[{"taxonomy":"product_brand","embeddable":true,"href":"https:\/\/vapexyz.com\/ro\/wp-json\/wp\/v2\/product_brand?post=49321"},{"taxonomy":"product_cat","embeddable":true,"href":"https:\/\/vapexyz.com\/ro\/wp-json\/wp\/v2\/product_cat?post=49321"},{"taxonomy":"product_tag","embeddable":true,"href":"https:\/\/vapexyz.com\/ro\/wp-json\/wp\/v2\/product_tag?post=49321"}],"curies":[{"name":"wp","href":"https:\/\/api.w.org\/{rel}","templated":true}]}}