{"id":40833,"date":"2025-01-01T08:13:19","date_gmt":"2025-01-01T08:13:19","guid":{"rendered":"https:\/\/vapexyz.com\/?post_type=product&#038;p=40833"},"modified":"2026-03-02T01:58:59","modified_gmt":"2026-03-02T01:58:59","slug":"atvs-40000-puffs-dual-mesh-digital-screen-5-low-nicotine-original-factory-bulk-buy-rechargeable-disposable-vapes-pen-wholesale","status":"publish","type":"product","link":"https:\/\/vapexyz.com\/ro\/product\/atvs-40000-puffs-dual-mesh-digital-screen-5-low-nicotine-original-factory-bulk-buy-rechargeable-disposable-vapes-pen-wholesale\/","title":{"rendered":"ATVS 40000 Puffs Dual Mesh Ecran Digital Cump\u0103rare \u00een Vrac 40K Vape De Unic\u0103 Folosin\u021b\u0103 Re\u00eenc\u0103rcabile V\u00e2ndute en Gros"},"content":{"rendered":"<article style=\"font-family: 'Segoe UI', Roboto, Helvetica, Arial, sans-serif;line-height: 1.8;color: #2c3e50;max-width: 1000%;margin: 0 auto;padding: 30px;background-color: #ffffff\"><div style=\"width: 1020px;\" class=\"wp-video\"><video class=\"wp-video-shortcode\" id=\"video-40833-1\" width=\"1020\" height=\"574\" preload=\"metadata\" controls=\"controls\"><source type=\"video\/mp4\" src=\"https:\/\/vapexyz.com\/wp-content\/uploads\/2024\/12\/ATVS-40000-Puffs-Dual-Mesh-Digital-Screen-5-Low-Nicotine-Original-Factory-.mp4?_=1\" \/><a href=\"https:\/\/vapexyz.com\/wp-content\/uploads\/2024\/12\/ATVS-40000-Puffs-Dual-Mesh-Digital-Screen-5-Low-Nicotine-Original-Factory-.mp4\">https:\/\/vapexyz.com\/wp-content\/uploads\/2024\/12\/ATVS-40000-Puffs-Dual-Mesh-Digital-Screen-5-Low-Nicotine-Original-Factory-.mp4<\/a><\/video><\/div>\n<h2 style=\"color: #1a365d;border-bottom: 2px solid #3498db;padding-bottom: 10px;margin-top: 40px\">Excelen\u021b\u0103 \u00een Inginerie: O Analiz\u0103 Detaliat\u0103 a Vape-ului de Unic\u0103 Folosin\u021b\u0103 ATVS 40000 Puffs<\/h2>\n<p style=\"text-align: justify;margin-bottom: 20px\">Peisajul sistemelor de livrare electronic\u0103 continu\u0103 s\u0103 evolueze rapid, cer\u00e2nd dispozitive care ofer\u0103 o longevitate f\u0103r\u0103 precedent, f\u0103r\u0103 a compromite integritatea structural\u0103 sau experien\u021ba utilizatorului. ATVS 40000 Puffs apare ca un vape de unic\u0103 folosin\u021b\u0103, extrem de inginerizat, conceput pentru a satisface cerin\u021bele riguroase ale utiliz\u0103rii extensive, men\u021bin\u00e2nd \u00een acela\u0219i timp parametri de performan\u021b\u0103 constan\u021bi de la prima p\u00e2n\u0103 la ultima tragere. Aceast\u0103 analiz\u0103 cuprinz\u0103toare a produsului va detalia specifica\u021biile tehnice, datele de testare empiric\u0103 \u0219i mecanica opera\u021bional\u0103 care disting acest dispozitiv \u00een cadrul pie\u021bei angro extrem de competitive.<\/p>\n<div style=\"background-color: #f8f9fa;border-left: 5px solid #2ecc71;padding: 20px;margin: 30px 0;border-radius: 0 8px 8px 0\">\n<h3 style=\"color: #27ae60;margin-top: 0;font-size: 1.3em\">Punct de cunoa\u0219tere a industriei: Evolu\u021bia Vapelor cu Capacitate Mare<\/h3>\n<p style=\"margin-bottom: 0\">Vapele moderne au trecut de la unit\u0103\u021bi simple, cu capacitate sc\u0103zut\u0103, la dispozitive electronice sofisticate. Integrarea celulelor de alimentare litiu-polimer cu densitate mare \u0219i a telemetriei avansate (cum ar fi afi\u0219ajele digitale) reprezint\u0103 o schimbare c\u0103tre ingineria centrat\u0103 pe utilizator. Prin furnizarea de date \u00een timp real despre tensiunea bateriei \u0219i nivelul rezervorului de solu\u021bie, aceste vape de unic\u0103 folosin\u021b\u0103 previn problema comun\u0103 a \u00eenc\u0103lzirii uscate a bobinei, \u00eembun\u0103t\u0103\u021bind astfel at\u00e2t siguran\u021ba, c\u00e2t \u0219i longevitatea.<\/p>\n<\/div>\n<h2 style=\"color: #1a365d;border-bottom: 2px solid #3498db;padding-bottom: 10px;margin-top: 40px\">Specifica\u021bii tehnice \u0219i arhitectur\u0103 hardware<\/h2>\n<p style=\"text-align: justify;margin-bottom: 20px\">Pentru a \u00een\u021belege capacit\u0103\u021bile ATVS 40000 Puffs, este esen\u021bial s\u0103-i examin\u0103m hardware-ul intern. Spre deosebire de vape-urile de unic\u0103 folosin\u021b\u0103 standard, de nivel de intrare, aceast\u0103 unitate utilizeaz\u0103 o interac\u021biune complex\u0103 de circuite de gestionare a energiei \u0219i de proiectare termodinamic\u0103 pentru a atinge durata de via\u021b\u0103 nominal\u0103.<\/p>\n<table style=\"width: 100%;border-collapse: collapse;margin: 30px 0;font-size: 0.95em;border-radius: 8px;overflow: hidden\">\n<thead>\n<tr style=\"background-color: #34495e;color: #ffffff;text-align: left\">\n<th style=\"padding: 15px;border-bottom: 2px solid #2c3e50\">Component\u0103 \/ Specifica\u021bie<\/th>\n<th style=\"padding: 15px;border-bottom: 2px solid #2c3e50\">Date tehnice<\/th>\n<th style=\"padding: 15px;border-bottom: 2px solid #2c3e50\">Beneficiu Ingineresc<\/th>\n<\/tr>\n<\/thead>\n<tbody>\n<tr style=\"background-color: #ffffff;border-bottom: 1px solid #ecf0f1\">\n<td style=\"padding: 15px;font-weight: bold\">Putere maxim\u0103 de ie\u0219ire<\/td>\n<td style=\"padding: 15px\">P\u00e2n\u0103 la 40.000 de cicluri<\/td>\n<td style=\"padding: 15px\">Ofer\u0103 o longevitate opera\u021bional\u0103 excep\u021bional\u0103, reduc\u00e2nd frecven\u021ba de \u00eenlocuire pentru utilizatorul final.<\/td>\n<\/tr>\n<tr style=\"background-color: #f9f9f9;border-bottom: 1px solid #ecf0f1\">\n<td style=\"padding: 15px;font-weight: bold\">Capacitatea rezervorului<\/td>\n<td style=\"padding: 15px\">35ml Volum<\/td>\n<td style=\"padding: 15px\">Un rezervor cu volum mare asigur\u0103 substan\u021b\u0103 suficient\u0103 pentru a se potrivi cu durata de via\u021b\u0103 mecanic\u0103 extins\u0103 a hardware-ului.<\/td>\n<\/tr>\n<tr style=\"background-color: #ffffff;border-bottom: 1px solid #ecf0f1\">\n<td style=\"padding: 15px;font-weight: bold\">Concentrare activ\u0103<\/td>\n<td style=\"padding: 15px\">Puterea 5%<\/td>\n<td style=\"padding: 15px\">Ofer\u0103 o experien\u021b\u0103 utilizator robust\u0103 \u0219i consecvent\u0103 printr-o formulare 5% atent calibrat\u0103.<\/td>\n<\/tr>\n<tr style=\"background-color: #f9f9f9;border-bottom: 1px solid #ecf0f1\">\n<td style=\"padding: 15px;font-weight: bold\">Celul\u0103 de putere<\/td>\n<td style=\"padding: 15px\">750mAh Litiu-Ion<\/td>\n<td style=\"padding: 15px\">Celul\u0103 cu densitate energetic\u0103 ridicat\u0103, capabil\u0103 s\u0103 men\u021bin\u0103 o ie\u0219ire de tensiune stabil\u0103 pe toat\u0103 durata ciclului de desc\u0103rcare.<\/td>\n<\/tr>\n<tr style=\"background-color: #ffffff;border-bottom: 1px solid #ecf0f1\">\n<td style=\"padding: 15px;font-weight: bold\">Interfa\u021b\u0103 de \u00eenc\u0103rcare<\/td>\n<td style=\"padding: 15px\">USB Tip-C (\u00eenc\u0103rcare rapid\u0103 de 30 de minute)<\/td>\n<td style=\"padding: 15px\">Utilizeaz\u0103 standarde moderne PD (Power Delivery) pentru reaprovizionarea rapid\u0103 cu energie, minimiz\u00e2nd timpul de inactivitate.<\/td>\n<\/tr>\n<tr style=\"background-color: #f9f9f9;border-bottom: 1px solid #ecf0f1\">\n<td style=\"padding: 15px;font-weight: bold\">Element de \u00eenc\u0103lzire<\/td>\n<td style=\"padding: 15px\">Arhitectur\u0103 cu bobin\u0103 dubl\u0103 de plas\u0103<\/td>\n<td style=\"padding: 15px\">Cre\u0219te suprafa\u021ba de contact cu materialul de captare a umidit\u0103\u021bii, duc\u00e2nd la o eficien\u021b\u0103 termodinamic\u0103 superioar\u0103 \u0219i o aerosolizare uniform\u0103.<\/td>\n<\/tr>\n<tr style=\"background-color: #ffffff\">\n<td style=\"padding: 15px;font-weight: bold\">Interfa\u021b\u0103 de telemetrie<\/td>\n<td style=\"padding: 15px\">Afi\u0219aj digital LED<\/td>\n<td style=\"padding: 15px\">Ofer\u0103 feedback vizual \u00een timp real privind rezervele de putere r\u0103mase \u0219i nivelurile interne de solu\u021bie.<\/td>\n<\/tr>\n<\/tbody>\n<\/table>\n<h3 style=\"color: #2c3e50;margin-top: 30px\">Testare empiric\u0103 a performan\u021bei \u0219i asigurarea calit\u0103\u021bii<\/h3>\n<p style=\"text-align: justify;margin-bottom: 20px\">Afirma\u021biile privind longevitatea \u0219i performan\u021ba \u00een sectorul vape-urilor de unic\u0103 folosin\u021b\u0103 adesea lipsesc de verificare transparent\u0103. Pentru a asigura o fiabilitate maxim\u0103, hardware-ul ATVS este supus unei evalu\u0103ri de laborator stricte. Utiliz\u00e2nd ma\u0219ini automate de simulare a tragerii, calibrate la parametrii standard ai industriei (durata tragerii de 2,5 secunde, urmat\u0103 de un interval de pauz\u0103 de 10 secunde), dispozitivele sunt testate pentru a verifica afirma\u021bia lor de 40.000 de cicluri.<\/p>\n<p style=\"text-align: justify;margin-bottom: 20px\">\u00cen timpul acestor \u00eencerc\u0103ri empirice, analiza sc\u0103derii tensiunii demonstreaz\u0103 c\u0103 bateria de 750mAh men\u021bine o curb\u0103 extrem de stabil\u0103, asigur\u00e2nd c\u0103 bobina Dual Mesh prime\u0219te putere constant\u0103 chiar \u0219i atunci c\u00e2nd bateria se apropie de epuizare. Mai mult, imagistica termic\u0103 \u00een timpul \u00eenc\u0103rc\u0103rii rapide de 30 de minute prin portul USB Type-C confirm\u0103 disiparea excelent\u0103 a c\u0103ldurii; temperatura carcasei exterioare r\u0103m\u00e2ne \u00een mod constant sub pragul strict de siguran\u021b\u0103 de 38\u00b0C. Aceste proceduri de testare metodic\u0103 confirm\u0103 c\u0103 dispozitivul func\u021bioneaz\u0103 bine \u00een cadrul ghidurilor de conformitate CE \u0219i RoHS pentru electronice de consum, consolid\u00e2nd statutul s\u0103u ca o vape de unic\u0103 folosin\u021b\u0103 extrem de inginerizat\u0103.<\/p>\n<div style=\"text-align: center;margin: 40px 0\"><img loading=\"lazy\" decoding=\"async\" class=\"alignnone wp-image-40870 size-full\" style=\"max-width: 100%;height: auto;border-radius: 12px\" src=\"https:\/\/vapexyz.com\/wp-content\/uploads\/2024\/12\/ATVS-40000-Puffs-Dual-Mesh-Digital-Screen-5-Low-Nicotine-Original-Factory-19.webp\" alt=\"ATVS 40000 Puffs Ecran digital cu plas\u0103 dubl\u0103 5% Nivel sc\u0103zut de nicotin\u0103 Original Fabricat \u00een vrac Cump\u0103ra\u021bi stilou vape re\u00eenc\u0103rcabil de unic\u0103 folosin\u021b\u0103 Comer\u021b cu ridicata\" width=\"1279\" height=\"1666\" title=\"\" srcset=\"https:\/\/vapexyz.com\/wp-content\/uploads\/2024\/12\/ATVS-40000-Puffs-Dual-Mesh-Digital-Screen-5-Low-Nicotine-Original-Factory-19.webp 1279w, https:\/\/vapexyz.com\/wp-content\/uploads\/2024\/12\/ATVS-40000-Puffs-Dual-Mesh-Digital-Screen-5-Low-Nicotine-Original-Factory-19-384x500.webp 384w, https:\/\/vapexyz.com\/wp-content\/uploads\/2024\/12\/ATVS-40000-Puffs-Dual-Mesh-Digital-Screen-5-Low-Nicotine-Original-Factory-19-786x1024.webp 786w, https:\/\/vapexyz.com\/wp-content\/uploads\/2024\/12\/ATVS-40000-Puffs-Dual-Mesh-Digital-Screen-5-Low-Nicotine-Original-Factory-19-768x1000.webp 768w, https:\/\/vapexyz.com\/wp-content\/uploads\/2024\/12\/ATVS-40000-Puffs-Dual-Mesh-Digital-Screen-5-Low-Nicotine-Original-Factory-19-1179x1536.webp 1179w, https:\/\/vapexyz.com\/wp-content\/uploads\/2024\/12\/ATVS-40000-Puffs-Dual-Mesh-Digital-Screen-5-Low-Nicotine-Original-Factory-19-9x12.webp 9w, https:\/\/vapexyz.com\/wp-content\/uploads\/2024\/12\/ATVS-40000-Puffs-Dual-Mesh-Digital-Screen-5-Low-Nicotine-Original-Factory-19-510x664.webp 510w\" sizes=\"auto, (max-width: 1279px) 100vw, 1279px\" \/><\/div>\n<h2 style=\"color: #1a365d;border-bottom: 2px solid #3498db;padding-bottom: 10px;margin-top: 40px\">Profiluri Aromatice: O Selec\u021bie Cuprinz\u0103toare<\/h2>\n<p style=\"text-align: justify;margin-bottom: 20px\">Experien\u021ba senzorial\u0103 oferit\u0103 de un vape depinde \u00een mare m\u0103sur\u0103 de calitatea formul\u0103rii sale interne. ATVS 40000 Puffs este disponibil \u00eentr-o gam\u0103 divers\u0103 de 14 profiluri aromatice meticulos create. Aceste selec\u021bii sunt formulate folosind compu\u0219i de calitate superioar\u0103, de grad alimentar, pentru a asigura o ie\u0219ire senzorial\u0103 stabil\u0103 \u0219i extrem de pl\u0103cut\u0103 pe toat\u0103 durata de via\u021b\u0103 a rezervorului de 35 ml al dispozitivului.<\/p>\n<ul style=\"list-style-type: none;padding-left: 0;grid-template-columns: repeat(auto-fit, minmax(300px, 1fr));gap: 15px;margin-bottom: 30px\">\n<li style=\"background: #fdfdfd;padding: 15px;border: 1px solid #e1e8ed;border-radius: 8px\">1. Ghea\u021b\u0103 de Afine: O sintez\u0103 complex\u0103 de note de fructe de p\u0103dure acre combinate cu un final distinctiv de r\u0103coare, r\u0103sfr\u00e2ng\u0103tor.<\/li>\n<li style=\"background: #fdfdfd;padding: 15px;border: 1px solid #e1e8ed;border-radius: 8px\">2. Apple Ice: Arome clare \u0219i proaspete de livad\u0103, accentuate de o not\u0103 subtil\u0103 \u0219i \u00eenghe\u021bat\u0103.<\/li>\n<li style=\"background: #fdfdfd;padding: 15px;border: 1px solid #e1e8ed;border-radius: 8px\">3. Ghea\u021b\u0103 de Cantalup: Profilele dulci de zah\u0103r de melon se amestec\u0103 perfect cu o senza\u021bie de r\u0103cire.<\/li>\n<li style=\"background: #fdfdfd;padding: 15px;border: 1px solid #e1e8ed;border-radius: 8px\">4. Pepene c\u0103p\u0219un\u0103: O fuziune armonioas\u0103 a mirosurilor a dou\u0103 fructe clasice de var\u0103.<\/li>\n<li style=\"background: #fdfdfd;padding: 15px;border: 1px solid #e1e8ed;border-radius: 8px\">5. Grape Ice: Note profunde \u0219i bogate de vie, asociate perfect cu o exhala\u021bie \u00eenghe\u021bat\u0103.<\/li>\n<li style=\"background: #fdfdfd;padding: 15px;border: 1px solid #e1e8ed;border-radius: 8px\">6. Ghea\u021b\u0103 de pepene: Caracteristicile r\u0103coritoare ale pepenelui sunt accentuate de o briz\u0103 ascu\u021bit\u0103 \u0219i rece.<\/li>\n<li style=\"background: #fdfdfd;padding: 15px;border: 1px solid #e1e8ed;border-radius: 8px\">7. Strawberry Ice: Aromele mature de fructe de p\u0103dure suspendate \u00eentr-un profil r\u0103cit \u0219i neted.<\/li>\n<li style=\"background: #fdfdfd;padding: 15px;border: 1px solid #e1e8ed;border-radius: 8px\">8. Banana Orange Ice: O amestec tropical inovator care prezint\u0103 note crem \u0219i citrice cu un final \u00eenghe\u021bat.<\/li>\n<li style=\"background: #fdfdfd;padding: 15px;border: 1px solid #e1e8ed;border-radius: 8px\">9. Peach Ice: Delicat\u0103 dulcea\u021b\u0103 de piatr\u0103 de piersic\u0103 \u00eenso\u021bit\u0103 de un efect r\u0103coritor, vioi.<\/li>\n<li style=\"background: #fdfdfd;padding: 15px;border: 1px solid #e1e8ed;border-radius: 8px\">10. Cola Ice: O recreare exact\u0103 a profilului clasic de b\u0103utur\u0103, completat\u0103 cu o r\u0103corire efervescent\u0103.<\/li>\n<li style=\"background: #fdfdfd;padding: 15px;border: 1px solid #e1e8ed;border-radius: 8px\">11. Lemon Lime: O combina\u021bie ascu\u021bit\u0103, cu accent pe citrice, care ofer\u0103 un impact senzorial foarte acid \u0219i r\u0103coritor.<\/li>\n<li style=\"background: #fdfdfd;padding: 15px;border: 1px solid #e1e8ed;border-radius: 8px\">12. Ghea\u021b\u0103 de Litchi: Dulcea\u021ba floral\u0103 exotic\u0103 caracteristic\u0103 litchiului, asociat\u0103 cu o r\u0103coare \u00eenvior\u0103toare.<\/li>\n<li style=\"background: #fdfdfd;padding: 15px;border: 1px solid #e1e8ed;border-radius: 8px\">13. Guava Ice: Note tropicale bogate, livrate printr-un mediu r\u0103coritor \u0219i neted.<\/li>\n<li style=\"background: #fdfdfd;padding: 15px;border: 1px solid #e1e8ed;border-radius: 8px\">14. Taro Ice: Un profil aromatic unic, u\u0219or p\u0103m\u00e2ntuit \u0219i cremos, asociat cu o finishare \u00eenghe\u021bat\u0103.<\/li>\n<\/ul>\n<h2 style=\"color: #1a365d;border-bottom: 2px solid #3498db;padding-bottom: 10px;margin-top: 40px\">Autoritate \u0219i \u00cencredere: Partenerul dvs. dedicat en gros<\/h2>\n<p style=\"text-align: justify;margin-bottom: 20px\">S\u0103 g\u0103se\u0219ti vape-uri de unic\u0103 folosin\u021b\u0103 fiabile necesit\u0103 un parteneriat cu autorit\u0103\u021bile consacrate din sectorul distribu\u021biei. VapeXYZ reprezint\u0103 o entitate angro de top, cu peste 8 ani de experien\u021b\u0103 opera\u021bional\u0103 specializat\u0103 pe pia\u021ba global\u0103. Infrastructura noastr\u0103 robust\u0103 ne permite s\u0103 servim ca cel mai mare distribuitor din Europa de hardware de vaping premium, men\u021bin\u00e2nd o penetrare profund\u0103 pe pia\u021b\u0103 \u00een toat\u0103 Olanda, Germania, Belgia \u0219i Spania.<\/p>\n<p style=\"text-align: justify;margin-bottom: 20px\">Ne ader\u0103m strict la protocoalele de conformitate comercial\u0103 interna\u021bional\u0103 \u0219i de asigurare a calit\u0103\u021bii. Prin men\u021binerea unei cantit\u0103\u021bi minime de comand\u0103 (MOQ) de doar 10 unit\u0103\u021bi, oferim o flexibilitate f\u0103r\u0103 precedent at\u00e2t pentru magazinele de v\u00e2nzare cu am\u0103nuntul de ni\u0219\u0103, c\u00e2t \u0219i pentru furnizorii comerciali la scar\u0103 larg\u0103. Modelul nostru de logistic\u0103 direct\u0103 de la fabric\u0103 asigur\u0103 c\u0103 fiecare vape de unic\u0103 folosin\u021b\u0103 pe care \u00eel primi\u021bi este autentic, complet testat \u0219i gata pentru implementarea utilizatorului final.<\/p>\n<div style=\"background-color: #e8f4fd;border: 1px solid #b6d4fe;padding: 20px;border-radius: 8px;margin: 30px 0\">\n<h3 style=\"color: #0c5460;margin-top: 0;font-size: 1.2em\">Notificare de conformitate de mediu<\/h3>\n<p style=\"margin-bottom: 0;color: #383d41\">VapeXYZ se angajeaz\u0103 s\u0103 respecte distribu\u021bia responsabil\u0103. ATVS 40000 Puffs \u00eencorporeaz\u0103 tehnologie avansat\u0103 de baterii cu ioni de litiu. \u00cencuraj\u0103m cu t\u0103rie to\u021bi partenerii angrosi\u0219ti \u0219i utilizatorii finali s\u0103 adere strict la directivele locale privind de\u0219eurile de echipamente electrice \u0219i electronice (WEEE). Reciclarea corect\u0103 a vape-urilor de unic\u0103 folosin\u021b\u0103 asigur\u0103 recuperarea \u00een siguran\u021b\u0103 a componentelor interne \u0219i previne contaminarea mediului. V\u0103 rug\u0103m s\u0103 consulta\u021bi ghidurile municipale locale pentru locurile de predare a recicl\u0103rii electronice desemnate.<\/p>\n<\/div>\n<h2 style=\"color: #1a365d;border-bottom: 2px solid #3498db;padding-bottom: 10px;margin-top: 40px\">\u00centreb\u0103ri Opera\u021bionale Cheie (FAQ)<\/h2>\n<div style=\"flex-direction: column;gap: 15px;margin-top: 20px\">\n<div style=\"border: 1px solid #ddd;border-radius: 8px;padding: 15px;background: #fff\">\n<h4 style=\"margin: 0 0 10px 0;color: #2c3e50;font-size: 1.1em\">Ce afi\u0219eaz\u0103 exact monitorul de afi\u0219are digital\u0103?<\/h4>\n<p style=\"margin: 0;color: #555\">Ecranul LED integrat ofer\u0103 telemetrie extrem de precis\u0103 \u0219i \u00een timp real. Acesta urm\u0103re\u0219te \u00een special dou\u0103 valori cruciale: nivelul de tensiune r\u0103mas al bateriei de 750mAh (afi\u0219at ca procent) \u0219i volumul estimat al solu\u021biei r\u0103mase \u00een rezervorul de 35ml. Aceast\u0103 caracteristic\u0103 preventiv\u0103 asigur\u0103 c\u0103 nu e\u0219ti niciodat\u0103 luat prin surprindere de un dispozitiv desc\u0103rcat.<\/p>\n<\/div>\n<div style=\"border: 1px solid #ddd;border-radius: 8px;padding: 15px;background: #fff\">\n<h4 style=\"margin: 0 0 10px 0;color: #2c3e50;font-size: 1.1em\">Cum tehnologia Dual Mesh Coil \u00eembun\u0103t\u0103\u021be\u0219te experien\u021ba?<\/h4>\n<p style=\"margin: 0;color: #555\">Elementele tradi\u021bionale de \u00eenc\u0103lzire cu un singur fir pot suferi de o distribu\u021bie neuniform\u0103 a c\u0103ldurii. Arhitectura Dual Mesh utilizeaz\u0103 un model asem\u0103n\u0103tor unei re\u021bele, care cre\u0219te semnificativ suprafa\u021ba de contact cu materialul intern de captare a lichidului. Aceast\u0103 alegere inginereasc\u0103 duce la timpi de \u00eenc\u0103lzire rapid\u0103, termodinamic\u0103 consistent\u0103 \u0219i un proces de aerosolizare mult \u00eembun\u0103t\u0103\u021bit pe toat\u0103 durata de via\u021b\u0103 a vape-ului de unic\u0103 folosin\u021b\u0103.<\/p>\n<\/div>\n<div style=\"border: 1px solid #ddd;border-radius: 8px;padding: 15px;background: #fff\">\n<h4 style=\"margin: 0 0 10px 0;color: #2c3e50;font-size: 1.1em\">Care sunt specifica\u0163iile de \u00eenc\u0103rcare pentru aceast\u0103 vape de unic\u0103 folosin\u0163\u0103?<\/h4>\n<p style=\"margin: 0;color: #555\">Dispozitivul este echipat cu un port USB Type-C de \u00eenalt\u0103 eficien\u021b\u0103 situat la baz\u0103. Datorit\u0103 circuitelor avansate de gestionare a energiei, celula de alimentare intern\u0103 de 750mAh suport\u0103 protocoale de \u00eenc\u0103rcare rapid\u0103. C\u00e2nd este conectat la un adaptor de alimentare standard \u0219i compatibil, o baterie complet desc\u0103rcat\u0103 poate atinge o stare de \u00eenc\u0103rcare de 100% \u00een aproximativ 30 de minute.<\/p>\n<\/div>\n<div style=\"border: 1px solid #ddd;border-radius: 8px;padding: 15px;background: #fff\">\n<h4 style=\"margin: 0 0 10px 0;color: #2c3e50;font-size: 1.1em\">Este acest dispozitiv potrivit pentru achizi\u021bii comerciale \u00een vrac?<\/h4>\n<p style=\"margin: 0;color: #555\">Absolut. VapeXYZ este specializat\u0103 \u00een tranzac\u021bii B2B. ATVS 40000 Puffs este ambalat \u0219i distribuit av\u00e2nd \u00een vedere comercian\u021bii cu am\u0103nuntul. Cantitatea noastr\u0103 mic\u0103 de comand\u0103 minim\u0103 de 10 buc\u0103\u021bi, combinat\u0103 cu structura noastr\u0103 de pre\u021buri en gros extrem de competitiv\u0103, face ca acest model specific s\u0103 fie o ad\u0103ugare excelent\u0103 la orice inventar comercial de pe pia\u021ba european\u0103.<\/p>\n<\/div>\n<\/div>\n<\/article>","protected":false},"excerpt":{"rendered":"<p>ATVS 40000 Puffs Disposable Vape este un dispozitiv de vaporizare cu capacitate mare, conceput pentru utilizare prelungit\u0103, cu o capacitate de 35 ml, o baterie re\u00eenc\u0103rcabil\u0103 robust\u0103 de 750 mAh, tehnologie cu bobin\u0103 dubl\u0103 pentru arome \u00eembun\u0103t\u0103\u021bite \u0219i un num\u0103r impresionant de pufuri de p\u00e2n\u0103 la 40.000, ceea ce \u00eel face ideal at\u00e2t pentru vapatorii ocazionali, c\u00e2t \u0219i pentru cei intensivi.<\/p>","protected":false},"featured_media":40874,"comment_status":"open","ping_status":"closed","template":"","meta":{"_lmt_disableupdate":"no","_lmt_disable":""},"product_brand":[],"product_cat":[973,989,947,935,934,927,929,928,930,933,939,932,938,931,936,937,1017,949,946,950,951,953,987],"product_tag":[],"class_list":{"0":"post-40833","1":"product","2":"type-product","3":"status-publish","4":"has-post-thumbnail","6":"product_cat-atvs-disposable-vapes","7":"product_cat-40000-puff-vapes","8":"product_cat-big-puffs-vapes","9":"product_cat-bulk-buy-disposable-vapes-in-austria","10":"product_cat-bulk-buy-disposable-vapes-in-belgium","11":"product_cat-bulk-buy-disposable-vapes-in-europe","12":"product_cat-bulk-buy-disposable-vapes-in-france","13":"product_cat-bulk-buy-disposable-vapes-in-germany","14":"product_cat-bulk-buy-disposable-vapes-in-italy","15":"product_cat-bulk-buy-disposable-vapes-in-netherlands","16":"product_cat-bulk-buy-disposable-vapes-in-norway","17":"product_cat-bulk-buy-disposable-vapes-in-poland","18":"product_cat-bulk-buy-disposable-vapes-in-portugal","19":"product_cat-bulk-buy-disposable-vapes-in-spain","20":"product_cat-bulk-buy-disposable-vapes-in-sweden","21":"product_cat-bulk-buy-disposable-vapes-in-switzerland","22":"product_cat-buy-best-disposable-vape-flavors","23":"product_cat-digital-box-vapes","24":"product_cat-disposable-vapes-series","25":"product_cat-dual-mesh-vapes","26":"product_cat-lower-nicotine-vapes","27":"product_cat-rechargeable-vapes","28":"product_cat-vape-shop-by-puffs","30":"first","31":"instock","32":"shipping-taxable","33":"purchasable","34":"product-type-variable","35":"has-default-attributes"},"jetpack_sharing_enabled":true,"tiered_pricing_type":"fixed","tiered_pricing_fixed_rules":[],"tiered_pricing_product_settings":{"layout":"default","base_unit_name":{"singular":null,"plural":null},"default_variation":null},"tiered_pricing_minimum_quantity":null,"tiered_pricing_roles_data":[],"tiered_pricing_percentage_rules":[],"tiered_pricing_maximum_quantity":null,"tiered_pricing_quantity_step":null,"_links":{"self":[{"href":"https:\/\/vapexyz.com\/ro\/wp-json\/wp\/v2\/product\/40833","targetHints":{"allow":["GET"]}}],"collection":[{"href":"https:\/\/vapexyz.com\/ro\/wp-json\/wp\/v2\/product"}],"about":[{"href":"https:\/\/vapexyz.com\/ro\/wp-json\/wp\/v2\/types\/product"}],"replies":[{"embeddable":true,"href":"https:\/\/vapexyz.com\/ro\/wp-json\/wp\/v2\/comments?post=40833"}],"wp:featuredmedia":[{"embeddable":true,"href":"https:\/\/vapexyz.com\/ro\/wp-json\/wp\/v2\/media\/40874"}],"wp:attachment":[{"href":"https:\/\/vapexyz.com\/ro\/wp-json\/wp\/v2\/media?parent=40833"}],"wp:term":[{"taxonomy":"product_brand","embeddable":true,"href":"https:\/\/vapexyz.com\/ro\/wp-json\/wp\/v2\/product_brand?post=40833"},{"taxonomy":"product_cat","embeddable":true,"href":"https:\/\/vapexyz.com\/ro\/wp-json\/wp\/v2\/product_cat?post=40833"},{"taxonomy":"product_tag","embeddable":true,"href":"https:\/\/vapexyz.com\/ro\/wp-json\/wp\/v2\/product_tag?post=40833"}],"curies":[{"name":"wp","href":"https:\/\/api.w.org\/{rel}","templated":true}]}}