{"id":16882,"date":"2024-03-09T09:51:19","date_gmt":"2024-03-09T09:51:19","guid":{"rendered":"https:\/\/vapexyz.com\/product\/bang-box-9000-puffs-0-2-3-5-nicotine-rechargeable-led-pover-display-disposable-puffs\/"},"modified":"2026-02-28T02:36:28","modified_gmt":"2026-02-28T02:36:28","slug":"bang-box-9000-puffs-0-2-3-5-nicotina-reincarcabila-cu-led-uri-de-afisare-a-poverului-de-unica-folosinta-vape-en-gros","status":"publish","type":"product","link":"https:\/\/vapexyz.com\/ro\/product\/bang-box-9000-puffs-0-2-3-5-nicotine-rechargeable-led-pover-display-disposable-vape-wholesale\/","title":{"rendered":"Bang Box 9000 Puffs Vaporizator de unic\u0103 folosin\u021b\u0103"},"content":{"rendered":"<article>\n<h2>\u0218tiri Incredibile Despre BANG BOX 9000 Puffs \u0219i <a href=\"https:\/\/vapexyz.com\/ro\/produs\/bang-box-50000-puffs-afisare-digitala-cu-aroma-dubla-0-2-3-5-nicotina-scazuta-fabrica-originala-in-vrac-cumparati-vapori-de-unica-folosinta-reincarcabile-cu-ridicata\/\">BANG BOX 50000<\/a><a href=\"https:\/\/vapexyz.com\/ro\/produs\/bang-box-50000-puffs-afisare-digitala-cu-aroma-dubla-0-2-3-5-nicotina-scazuta-fabrica-originala-in-vrac-cumparati-vapori-de-unica-folosinta-reincarcabile-cu-ridicata\/\"> Pufuri!<\/a> \ud83e\udd29<\/h2>\n<p>Salut, prieteni vapezi! Avem ve\u0219ti super interesante despre populara noastr\u0103 BANG BOX 9000 Puffs. A fost ca acea juc\u0103rie preferat\u0103 care v-a adus at\u00e2ta bucurie!  Dar uneori, g\u0103sim ceva care ne poate face chiar mai ferici\u021bi!<\/p>\n<p>Preg\u0103ti\u021bi-v\u0103 s\u0103 \u00eent\u00e2lni\u021bi uimitorul BANG BOX 50000 Puffs! Este ca \u0219i cum 9000 a \u00eenv\u0103\u021bat trucuri de magie \u0219i a devenit o vedet\u0103 a vaporiz\u0103rii!<\/p>\n<h3>Experien\u021ba dvs. de vaporizare tocmai a primit o cre\u0219tere mega! \ud83d\ude80<\/h3>\n<p>Imagineaz\u0103-\u021bi personajul t\u0103u favorit de joc video g\u0103sind un cuf\u0103r secret cu comori cu putere nelimitat\u0103! Asta e ceea ce noua BANG BOX 50000 aduce \u00een aventura ta de vaping!<\/p>\n<div style=\"background-color: #f0f9ff;border-radius: 12px;padding: 18px;margin: 20px 0;border-left: 5px solid #0ea5e9\">\n<h4 style=\"margin-top: 0;color: #0369a1;text-align: center\">Ce face cutia BANG BOX nou\u0103 extraordinar de special\u0103:<\/h4>\n<ul style=\"color: #0c4a6e\">\n<li>De cinci ori mai multe puffs \u2013 50.000 \u00een loc de 9.000!<\/li>\n<li>Acelea\u0219i op\u021biuni de nicotin\u0103 pe care le iubi\u021bi: 0%, 2%, 3% sau 5%<\/li>\n<li>Dou\u0103 arome \u00eentr-un singur vape - dublul distrac\u021biei!<\/li>\n<li>Ecran inteligent care arat\u0103 totul!<\/li>\n<li>Perfect pentru magazine \u0219i comer\u021b en gros!<\/li>\n<\/ul>\n<\/div>\n<h3>S\u0103 Comparam Cei Doi Prieteni!<\/h3>\n<table style=\"width: 100%;border-collapse: collapse;background: #f8fafc;border-radius: 8px;overflow: hidden;font-size: 16px\">\n<tbody>\n<tr style=\"background-color: #0ea5e9;color: white\">\n<th style=\"padding: 14px;text-align: left\">Caracteristici<\/th>\n<th style=\"padding: 14px;text-align: left\">BANG BOX 9000<\/th>\n<th style=\"padding: 14px;text-align: left\">BANG BOX 50000<\/th>\n<\/tr>\n<tr style=\"border-bottom: 1px solid #e2e8f0\">\n<td style=\"padding: 14px;background-color: #f1f5f9\">Puf\u0103turi totale<\/td>\n<td style=\"padding: 14px\">9.000 de pufuri<\/td>\n<td style=\"padding: 14px;color: #0ea5e9\">50.000 de pufuri<\/td>\n<\/tr>\n<tr style=\"border-bottom: 1px solid #e2e8f0\">\n<td style=\"padding: 14px;background-color: #f1f5f9\">Arome<\/td>\n<td style=\"padding: 14px\">O arom\u0103<\/td>\n<td style=\"padding: 14px;color: #0ea5e9\">Dou\u0103 arome \u00eentr-una!<\/td>\n<\/tr>\n<tr style=\"border-bottom: 1px solid #e2e8f0\">\n<td style=\"padding: 14px;background-color: #f1f5f9\">Afisaj pe ecran<\/td>\n<td style=\"padding: 14px\">F\u0103r\u0103 ecran<\/td>\n<td style=\"padding: 14px;color: #0ea5e9\">Ecran digital<\/td>\n<\/tr>\n<tr style=\"border-bottom: 1px solid #e2e8f0\">\n<td style=\"padding: 14px;background-color: #f1f5f9\">Putere baterie<\/td>\n<td style=\"padding: 14px\">650mAh<\/td>\n<td style=\"padding: 14px;color: #0ea5e9\">850mAh<\/td>\n<\/tr>\n<tr>\n<td style=\"padding: 14px;background-color: #f1f5f9\">Greutate<\/td>\n<td style=\"padding: 14px\">U\u0219oare<\/td>\n<td style=\"padding: 14px;color: #0ea5e9\">135 grame<\/td>\n<\/tr>\n<\/tbody>\n<\/table>\n<h3>Beneficiile Uimitoare ale BANG BOX 50000!<\/h3>\n<div style=\"background-color: #f0fdf4;border-radius: 10px;padding: 20px;margin: 20px 0;border: 2px solid #22c55e\">\n<h4 style=\"color: #15803d;margin-top: 0;text-align: center\">De ce ve\u021bi iubi upgrade-ul:<\/h4>\n<div style=\"align-items: center;margin: 12px 0;padding: 10px;background: white;border-radius: 8px\">\n<p><span style=\"font-size: 28px;margin-right: 12px\">5<\/span><\/p>\n<div><span style=\"color: #14532d\">De cinci ori mai multe pufuri: 50.000 de pufuri \u00eenseamn\u0103 distrac\u021bie de vaping care \u021bine \u0219i \u021bine! Ca \u0219i cum ai avea o pung\u0103 uria\u0219\u0103 cu bomboanele tale preferate!<\/span><\/div>\n<\/div>\n<div style=\"align-items: center;margin: 12px 0;padding: 10px;background: white;border-radius: 8px\">\n<p><span style=\"font-size: 28px;margin-right: 12px\">\ud83c\udfaa<\/span><\/p>\n<div><span style=\"color: #14532d\">Dubl\u0103 arom\u0103 magic\u0103: Dou\u0103 arome \u00eentr-un singur vape!  Este ca \u0219i cum ai avea at\u00e2t \u00eenghe\u021bat\u0103 de ciocolat\u0103 c\u00e2t \u0219i de vanilie \u00een acela\u0219i timp!<\/span><\/div>\n<\/div>\n<div style=\"align-items: center;margin: 12px 0;padding: 10px;background: white;border-radius: 8px\">\n<p><span style=\"font-size: 28px;margin-right: 12px\">\ud83d\udcca<\/span><\/p>\n<div><span style=\"color: #14532d\">Asistent ecran inteligent: Ecranul digital afi\u0219eaz\u0103 nivelurile bateriei \u0219i lichidului - nu mai sunt necesare jocuri de ghicit!<\/span><\/div>\n<\/div>\n<\/div>\n<h3>\u00centreb\u0103ri La Care S-ar Putea S\u0103 Te G\u00e2nde\u0219ti<\/h3>\n<div style=\"background-color: #fffbeb;border-radius: 10px;padding: 18px;margin: 20px 0\">\n<div style=\"margin-bottom: 16px;padding-bottom: 16px;border-bottom: 1px solid #fcd34d\">\n<p style=\"color: #d97706;margin-bottom: 6px;font-size: 17px\">Ce e cu aromele mele preferate de la 9000?<\/p>\n<p style=\"margin-top: 0;color: #92400e\">Multe arome \u00eendr\u0103gite sunt \u00eenc\u0103 aici \u00een combina\u021bii noi \u0219i incitante! C\u0103p\u0219un\u0103 cu kiwi, ananas cu mango piersic\u0103 \u2013 e ca o petrecere a aromelor!<\/p>\n<\/div>\n<div style=\"margin-bottom: 16px;padding-bottom: 16px;border-bottom: 1px solid #fcd34d\">\n<p style=\"color: #d97706;margin-bottom: 6px;font-size: 17px\">Este cu adev\u0103rat mai bine s\u0103 ai dou\u0103 arome dec\u00e2t una?<\/p>\n<p style=\"margin-top: 0;color: #92400e\">Absolut! Este ca \u0219i cum ai avea at\u00e2t tort c\u00e2t \u0219i \u00eenghe\u021bat\u0103 \u00een loc de unul singur! Dublul deliciului!<\/p>\n<\/div>\n<div>\n<p style=\"color: #d97706;margin-bottom: 6px;font-size: 17px\">C\u00e2t timp vor dura 50.000 de pufuri?<\/p>\n<p style=\"margin-top: 0;color: #92400e\">Mult mai lung! E ca \u0219i cum ai citi o carte de aventuri super lung\u0103 \u00een loc de o povestire scurt\u0103!<\/p>\n<\/div>\n<\/div>\n<div style=\"background-color: #0ea5e9;color: white;padding: 22px;border-radius: 15px;text-align: center;margin: 25px 0\">\n<h3 style=\"margin-top: 0;font-size: 22px\">Gata pentru upgrade-ul t\u0103u masiv la vaporizare?<\/h3>\n<p style=\"font-size: 18px;margin-bottom: 12px\">Nu este la revedere pentru 9000 \u2013 ci salut pentru cea mai uimitoare experien\u021b\u0103 de vaporizare cu BANG BOX 50000!<\/p>\n<p style=\"font-size: 19px\">De cinci ori mai multe pufuri, arome duble, ecran inteligent \u2013 vape-ul t\u0103u perfect tocmai a devenit un supererou!<\/p>\n<\/div>\n<\/article>","protected":false},"excerpt":{"rendered":"<div class=\"custom-product\" style=\"border: 1px solid #eee; text-align: center; max-width: 100%; margin: 0 auto; font-family: Arial, sans-serif; box-sizing: border-box;\">\n        <!-- Product image - full width -->\n        <a href=\"https:\/\/vapexyz.com\/ro\/product\/bang-box-50000-puffs-double-flavor-digital-display-0-2-3-5-low-nicotine-original-factory-bulk-buy-rechargeable-disposable-vapes-pen-wholesale\/\" style=\"display: block; margin-bottom: 15px;\">\n            <img decoding=\"async\" src=\"https:\/\/vapexyz.com\/wp-content\/uploads\/2025\/05\/Bang-Box-50000-Puffs-Double-Flavor-Digital-Display-0-2-3-5-Low-Nicotine-Original-Factory-36-scaled.webp\" alt=\"Cutie BANG 50000 de pufuri Dubl\u0103 arom\u0103 Afi\u0219aj digital Cump\u0103rare \u00een vrac 50K Vape-uri de unic\u0103 folosin\u021b\u0103 re\u00eenc\u0103rcabile V\u00e2ndute \u00een cantit\u0103\u021bi mari\" style=\"width: 100%; height: auto; display: block;\">        <\/a>\n        \n        <!-- Product name -->\n        <h3 style=\"margin: 10px 0; font-size: 1.2em; line-height: 1.4; color: #333;\">\n            Cutie BANG 50000 de pufuri Dubl\u0103 arom\u0103 Afi\u0219aj digital Cump\u0103rare \u00een vrac 50K Vape-uri de unic\u0103 folosin\u021b\u0103 re\u00eenc\u0103rcabile V\u00e2ndute \u00een cantit\u0103\u021bi mari        <\/h3>\n        \n        <!-- Product price -->\n        <div class=\"price\" style=\"color: #ff0000; font-weight: bold; font-size: 1.4em; margin: 10px 0;\">\n            \t\t<span class=\"tiered-pricing-dynamic-price-wrapper tiered-pricing-dynamic-price-wrapper--variable\"\n\t\t\t  data-display-context=\"shop-loop\"\n\t\t\t  data-price-type=\"dynamic\"\n\t\t\t  data-product-id=\"45991\"\n\t\t\t  data-parent-id=\"45991\">\n\t\t\t<span class=\"woocommerce-Price-amount amount\"><bdi><span class=\"woocommerce-Price-currencySymbol\">\u20ac<\/span>6.73<\/bdi><\/span><\/span>        <\/div>\n        \n        <!-- Product rating -->\n        <div class=\"rating\" style=\"margin: 15px 0; min-height: 25px;\">\n            <div class=\"star-rating\" role=\"img\" aria-label=\"Evaluat 5.00 din 5\"><span style=\"width:100%\">Evaluat <strong class=\"rating\">5.00<\/strong> din 5<\/span><\/div>        <\/div>\n        \n        <!-- Buy Now button -->\n        <div class=\"buy-now-button\" style=\"margin-top: 20px;\">\n            <a href=\"https:\/\/vapexyz.com\/ro\/product\/bang-box-50000-puffs-double-flavor-digital-display-0-2-3-5-low-nicotine-original-factory-bulk-buy-rechargeable-disposable-vapes-pen-wholesale\/\" \n               class=\"buy-now-btn\" \n               style=\"display: inline-block; background-color: #4CAF50; color: white !important; padding: 12px 24px; text-align: center; text-decoration: none; font-weight: bold; border-radius: 4px; transition: all 0.3s; border: none; cursor: pointer; font-size: 1em;\">\n                Cump\u0103r\u0103 Acum            <\/a>\n        <\/div>\n    <\/div>","protected":false},"featured_media":17615,"comment_status":"open","ping_status":"closed","template":"","meta":{"_lmt_disableupdate":"no","_lmt_disable":""},"product_brand":[],"product_cat":[821,1009,1018,1019,935,934,927,929,928,930,933,939,932,938,931,936,937,1017,946,1023,1025,951,1028,1029,1030,1033,953,1037,820,987,1038],"product_tag":[858],"class_list":{"0":"post-16882","1":"product","2":"type-product","3":"status-publish","4":"has-post-thumbnail","6":"product_cat-bang","7":"product_cat-9000-puff-vapes","8":"product_cat-apple-flavor-disposable-vapes","9":"product_cat-blue-razz-flavor-disposable-vapes","10":"product_cat-bulk-buy-disposable-vapes-in-austria","11":"product_cat-bulk-buy-disposable-vapes-in-belgium","12":"product_cat-bulk-buy-disposable-vapes-in-europe","13":"product_cat-bulk-buy-disposable-vapes-in-france","14":"product_cat-bulk-buy-disposable-vapes-in-germany","15":"product_cat-bulk-buy-disposable-vapes-in-italy","16":"product_cat-bulk-buy-disposable-vapes-in-netherlands","17":"product_cat-bulk-buy-disposable-vapes-in-norway","18":"product_cat-bulk-buy-disposable-vapes-in-poland","19":"product_cat-bulk-buy-disposable-vapes-in-portugal","20":"product_cat-bulk-buy-disposable-vapes-in-spain","21":"product_cat-bulk-buy-disposable-vapes-in-sweden","22":"product_cat-bulk-buy-disposable-vapes-in-switzerland","23":"product_cat-buy-best-disposable-vape-flavors","24":"product_cat-disposable-vapes-series","25":"product_cat-grape-flavor-disposable-vapes","26":"product_cat-ice-flavor-disposable-vapes","27":"product_cat-lower-nicotine-vapes","28":"product_cat-lush-flavor-disposable-vapes","29":"product_cat-mango-flavor-disposable-vapes","30":"product_cat-mint-flavor-disposable-vapes","31":"product_cat-peach-flavor-disposable-vapes","32":"product_cat-rechargeable-vapes","33":"product_cat-strawberry-flavor-disposable-vapes","34":"product_cat-vape","35":"product_cat-vape-shop-by-puffs","36":"product_cat-watermelon-flavor-disposable-vapes","37":"product_tag-featured-products","39":"first","40":"outofstock","41":"shipping-taxable","42":"purchasable","43":"product-type-variable","44":"has-default-attributes"},"jetpack_sharing_enabled":true,"tiered_pricing_type":"fixed","tiered_pricing_fixed_rules":[],"tiered_pricing_product_settings":{"layout":"default","base_unit_name":{"singular":null,"plural":null},"default_variation":null},"tiered_pricing_minimum_quantity":null,"tiered_pricing_roles_data":[],"tiered_pricing_percentage_rules":[],"tiered_pricing_maximum_quantity":null,"tiered_pricing_quantity_step":null,"_links":{"self":[{"href":"https:\/\/vapexyz.com\/ro\/wp-json\/wp\/v2\/product\/16882","targetHints":{"allow":["GET"]}}],"collection":[{"href":"https:\/\/vapexyz.com\/ro\/wp-json\/wp\/v2\/product"}],"about":[{"href":"https:\/\/vapexyz.com\/ro\/wp-json\/wp\/v2\/types\/product"}],"replies":[{"embeddable":true,"href":"https:\/\/vapexyz.com\/ro\/wp-json\/wp\/v2\/comments?post=16882"}],"wp:featuredmedia":[{"embeddable":true,"href":"https:\/\/vapexyz.com\/ro\/wp-json\/wp\/v2\/media\/17615"}],"wp:attachment":[{"href":"https:\/\/vapexyz.com\/ro\/wp-json\/wp\/v2\/media?parent=16882"}],"wp:term":[{"taxonomy":"product_brand","embeddable":true,"href":"https:\/\/vapexyz.com\/ro\/wp-json\/wp\/v2\/product_brand?post=16882"},{"taxonomy":"product_cat","embeddable":true,"href":"https:\/\/vapexyz.com\/ro\/wp-json\/wp\/v2\/product_cat?post=16882"},{"taxonomy":"product_tag","embeddable":true,"href":"https:\/\/vapexyz.com\/ro\/wp-json\/wp\/v2\/product_tag?post=16882"}],"curies":[{"name":"wp","href":"https:\/\/api.w.org\/{rel}","templated":true}]}}