{"id":16864,"date":"2024-03-09T09:50:49","date_gmt":"2024-03-09T09:50:49","guid":{"rendered":"https:\/\/vapexyz.com\/product\/bang-de-rechargeable-disposable-kit-8500-puffs-20ml\/"},"modified":"2026-02-06T02:11:10","modified_gmt":"2026-02-06T02:11:10","slug":"bang-de-kit-reincarcabil-de-unica-folosinta-8500-pufuri-20ml","status":"publish","type":"product","link":"https:\/\/vapexyz.com\/ro\/product\/bang-de-rechargeable-disposable-kit-8500-puffs-20ml\/","title":{"rendered":"Bang DE Kit re\u00eenc\u0103rcabil de unic\u0103 folosin\u021b\u0103 8500 Puffs 20ml"},"content":{"rendered":"<article>\n<h2>Veste Grozav\u0103 Despre BANG DE 8500 Puffs \u0219i <a href=\"https:\/\/vapexyz.com\/ro\/produs\/bang-king-smartscreen-15000-puff-0-2-3-5-nicotina-reincarcabila-vape-de-unica-folosinta-cu-ridicata\/\">BANG KING 15000<\/a> Pufuri!<\/h2>\n<p>Salut prieteni! Avem ni\u0219te ve\u0219ti importante de \u00eemp\u0103rt\u0103\u0219it cu voi. Popularul nostru BANG DE 8500 Puffs a fost ca un prieten de \u00eencredere pentru mul\u021bi dintre voi. Dar uneori, chiar \u0219i prietenii buni trebuie s\u0103 spun\u0103 adio\u2026<\/p>\n<p>Dar stai! Avem cea mai minunat\u0103 surpriz\u0103 pentru tine!<\/p>\n<p>Permite\u021bi-ne s\u0103 v\u0103 prezent\u0103m uimitorul BANG KING 15000 Puffs! Este ca \u0219i cum BANG DE a \u00eenv\u0103\u021bat c\u00e2teva trucuri noi incredibile \u0219i a devenit \u0219i mai extraordinar!<\/p>\n<h3>Experien\u021ba dvs. de vaporizare tocmai a devenit mai bun\u0103!<\/h3>\n<p>Imagineaz\u0103-\u021bi juc\u0103ria ta preferat\u0103 primind o \u00eembun\u0103t\u0103\u021bire magic\u0103 care o face de dou\u0103 ori mai distractiv\u0103! Asta exact s-a \u00eent\u00e2mplat cu BANG KING!<\/p>\n<div style=\"background-color: #e8f5e8;border-radius: 12px;padding: 18px;margin: 20px 0;border-left: 5px solid #4CAF50\">\n<h4 style=\"margin-top: 0;color: #2e7d32;text-align: center\">Ce face BANG KING at\u00e2t de special:<\/h4>\n<ul style=\"color: #1b5e20\">\n<li>De aproape dublu mai multe pufuri! De la 8.500 la 15.000!<\/li>\n<li>Acelea\u0219i op\u021biuni de nicotin\u0103 pe care le iubi\u021bi: 0%, 2%, 3% sau 5%<\/li>\n<li>Ecran magic care arat\u0103 totul!<\/li>\n<li>Baterie mai mare care dureaz\u0103 mai mult!<\/li>\n<li>Mai mult lichid \u00eenseamn\u0103 mai mult timp de distrac\u021bie!<\/li>\n<\/ul>\n<\/div>\n<h3>S\u0103 Vedem Cum Se Compar\u0103!<\/h3>\n<table style=\"width: 100%;border-collapse: collapse;background: #f9f9f9;border-radius: 8px;overflow: hidden;font-size: 16px\">\n<tbody>\n<tr style=\"background-color: #4caf50;color: white\">\n<th style=\"padding: 14px;text-align: left\">Caracteristici<\/th>\n<th style=\"padding: 14px;text-align: left\">BANG DE 8500<\/th>\n<th style=\"padding: 14px;text-align: left\">BANG KING 15000<\/th>\n<\/tr>\n<tr style=\"border-bottom: 1px solid #ddd\">\n<td style=\"padding: 14px;background-color: #f1f8e9\">Puf\u0103turi totale<\/td>\n<td style=\"padding: 14px\">8.500 de pufuri<\/td>\n<td style=\"padding: 14px;color: #4caf50\">15.000 de pufuri<\/td>\n<\/tr>\n<tr style=\"border-bottom: 1px solid #ddd\">\n<td style=\"padding: 14px;background-color: #f1f8e9\">Dimensiunea bateriei<\/td>\n<td style=\"padding: 14px\">550mAh<\/td>\n<td style=\"padding: 14px;color: #4caf50\">650mAh<\/td>\n<\/tr>\n<tr style=\"border-bottom: 1px solid #ddd\">\n<td style=\"padding: 14px;background-color: #f1f8e9\">Cantitate lichid\u0103<\/td>\n<td style=\"padding: 14px\">18 ml<\/td>\n<td style=\"padding: 14px;color: #4caf50\">25ml<\/td>\n<\/tr>\n<tr style=\"border-bottom: 1px solid #ddd\">\n<td style=\"padding: 14px;background-color: #f1f8e9\">Afisaj pe ecran<\/td>\n<td style=\"padding: 14px\">F\u0103r\u0103 ecran<\/td>\n<td style=\"padding: 14px;color: #4caf50\">Ecran inteligent inclus<\/td>\n<\/tr>\n<tr>\n<td style=\"padding: 14px;background-color: #f1f8e9\">Flavor Choices<\/td>\n<td style=\"padding: 14px\">12 arome<\/td>\n<td style=\"padding: 14px;color: #4caf50\">12 arome noi<\/td>\n<\/tr>\n<\/tbody>\n<\/table>\n<h3>Magia Caracteristicilor Inteligente ale BANG KING!<\/h3>\n<div style=\"background-color: #fff3e0;border-radius: 10px;padding: 20px;margin: 20px 0;border: 2px solid #ffb74d\">\n<h4 style=\"color: #e65100;margin-top: 0;text-align: center\">Ce vei iubi la upgrade:<\/h4>\n<div style=\"align-items: center;margin: 12px 0;padding: 10px;background: white;border-radius: 8px\">\n<p><span style=\"font-size: 28px;margin-right: 12px\">\ud83d\udc41\ufe0f<\/span><\/p>\n<div><span style=\"color: #5d4037\">Vede\u021bi totul clar: Ecranul inteligent arat\u0103 nivelul bateriei \u0219i al lichidului, astfel \u00eenc\u00e2t nu ve\u021bi fi niciodat\u0103 surprins!<\/span><\/div>\n<\/div>\n<div style=\"align-items: center;margin: 12px 0;padding: 10px;background: white;border-radius: 8px\">\n<p><span style=\"font-size: 28px;margin-right: 12px\">\u26a1<\/span><\/p>\n<div><span style=\"color: #5d4037\">Dubleaz\u0103 aventura: 15.000 de pufuri \u00eenseamn\u0103 de dou\u0103 ori mai mult\u0103 distrac\u021bie \u0219i bucurie!<\/span><\/div>\n<\/div>\n<div style=\"align-items: center;margin: 12px 0;padding: 10px;background: white;border-radius: 8px\">\n<p><span style=\"font-size: 28px;margin-right: 12px\">\ud83d\udd0b<\/span><\/p>\n<div><span style=\"color: #5d4037\">Putere care dureaz\u0103: Bateria mai mare \u00eenseamn\u0103 mai mult timp \u00eentre \u00eenc\u0103rc\u0103ri!<\/span><\/div>\n<\/div>\n<\/div>\n<h3>\u00centreb\u0103ri pe care s-ar putea s\u0103 le ai<\/h3>\n<div style=\"background-color: #e3f2fd;border-radius: 10px;padding: 18px;margin: 20px 0\">\n<div style=\"margin-bottom: 16px;padding-bottom: 16px;border-bottom: 1px solid #90CAF9\">\n<p style=\"color: #1565c0;margin-bottom: 6px;font-size: 17px\">\u00cemi vor pl\u0103cea noile arome?<\/p>\n<p style=\"margin-top: 0;color: #0d47a1\">BANG KING aduce arome noi \u0219i interesante, cum ar fi Blue Freeze, Berry Blast \u0219i Strawberry Lychee! Este ca \u0219i cum ai descoperi noi dulciuri preferate!<\/p>\n<\/div>\n<div style=\"margin-bottom: 16px;padding-bottom: 16px;border-bottom: 1px solid #90CAF9\">\n<p style=\"color: #1565c0;margin-bottom: 6px;font-size: 17px\">Este ecranul cu adev\u0103rat util?<\/p>\n<p style=\"margin-top: 0;color: #0d47a1\">O da! Este ca \u0219i cum ai avea o fereastr\u0103 magic\u0103 care \u00ee\u021bi arat\u0103 exact c\u00e2t\u0103 putere \u0219i lichid \u021bi-a r\u0103mas! Nicio ghicitoare!<\/p>\n<\/div>\n<div>\n<p style=\"color: #1565c0;margin-bottom: 6px;font-size: 17px\">Dar timpul de \u00eenc\u0103rcare?<\/p>\n<p style=\"margin-top: 0;color: #0d47a1\">\u00cenc\u0103 utilizeaz\u0103 aceea\u0219i \u00eenc\u0103rcare u\u0219oar\u0103 Type-C, dar acum bateria mai mare \u00eenseamn\u0103 c\u0103 va trebui s\u0103 o \u00eenc\u0103rca\u021bi mai rar!<\/p>\n<\/div>\n<\/div>\n<div style=\"background-color: #4caf50;color: white;padding: 22px;border-radius: 15px;text-align: center;margin: 25px 0\">\n<h3 style=\"margin-top: 0;font-size: 22px\">Gata pentru Aventura Upgrade-ului T\u0103u?<\/h3>\n<p style=\"font-size: 18px;margin-bottom: 12px\">G\u00e2nde\u0219te-te la asta nu ca la o revedere, ci ca la \u00eenceputul unei c\u0103l\u0103torii noi \u0219i incitante, al\u0103turi de un \u00eenso\u021bitor \u0219i mai bun!<\/p>\n<p style=\"font-size: 19px\">Mai multe pufuri, caracteristici inteligente, aceea\u0219i experien\u021b\u0103 extraordinar\u0103 \u2013 vapingul dvs. tocmai a trecut la urm\u0103torul nivel!<\/p>\n<\/div>\n<\/article>","protected":false},"excerpt":{"rendered":"<div class=\"custom-product\" style=\"border: 1px solid #eee; text-align: center; max-width: 100%; margin: 0 auto; font-family: Arial, sans-serif; box-sizing: border-box;\">\n        <!-- Product image - full width -->\n        <a href=\"https:\/\/vapexyz.com\/ro\/product\/bang-king-smartscreen-15000-puffs-0-2-3-5-nicotine-rechargeable-disposable-vape-wholesale\/\" style=\"display: block; margin-bottom: 15px;\">\n            <img decoding=\"async\" src=\"https:\/\/vapexyz.com\/wp-content\/uploads\/2024\/03\/bang-king-15000.webp\" alt=\"BANG KING SmartScreen 15000 Puff-uri Vaporizator Re\u00eenc\u0103rcabil de Unic\u0103 Folosin\u021b\u0103 pentru V\u00e2nzare en Gros\" style=\"width: 100%; height: auto; display: block;\">        <\/a>\n        \n        <!-- Product name -->\n        <h3 style=\"margin: 10px 0; font-size: 1.2em; line-height: 1.4; color: #333;\">\n            BANG KING SmartScreen 15000 Puff-uri Vaporizator Re\u00eenc\u0103rcabil de Unic\u0103 Folosin\u021b\u0103 pentru V\u00e2nzare en Gros        <\/h3>\n        \n        <!-- Product price -->\n        <div class=\"price\" style=\"color: #ff0000; font-weight: bold; font-size: 1.4em; margin: 10px 0;\">\n            \t\t<span class=\"tiered-pricing-dynamic-price-wrapper tiered-pricing-dynamic-price-wrapper--variable\"\n\t\t\t  data-display-context=\"shop-loop\"\n\t\t\t  data-price-type=\"dynamic\"\n\t\t\t  data-product-id=\"16941\"\n\t\t\t  data-parent-id=\"16941\">\n\t\t\t<span class=\"woocommerce-Price-amount amount\"><bdi><span class=\"woocommerce-Price-currencySymbol\">\u20ac<\/span>5.09<\/bdi><\/span><\/span>        <\/div>\n        \n        <!-- Product rating -->\n        <div class=\"rating\" style=\"margin: 15px 0; min-height: 25px;\">\n            <div class=\"star-rating\" role=\"img\" aria-label=\"Evaluat 5.00 din 5\"><span style=\"width:100%\">Evaluat <strong class=\"rating\">5.00<\/strong> din 5<\/span><\/div>        <\/div>\n        \n        <!-- Buy Now button -->\n        <div class=\"buy-now-button\" style=\"margin-top: 20px;\">\n            <a href=\"https:\/\/vapexyz.com\/ro\/product\/bang-king-smartscreen-15000-puffs-0-2-3-5-nicotine-rechargeable-disposable-vape-wholesale\/\" \n               class=\"buy-now-btn\" \n               style=\"display: inline-block; background-color: #4CAF50; color: white !important; padding: 12px 24px; text-align: center; text-decoration: none; font-weight: bold; border-radius: 4px; transition: all 0.3s; border: none; cursor: pointer; font-size: 1em;\">\n                Cump\u0103r\u0103 Acum            <\/a>\n        <\/div>\n    <\/div>","protected":false},"featured_media":16863,"comment_status":"open","ping_status":"closed","template":"","meta":{"_lmt_disableupdate":"no","_lmt_disable":""},"product_brand":[],"product_cat":[1018,821,1020,935,934,927,929,928,930,933,939,932,938,931,936,937,1017,1022,946,1023,1025,1026,951,1029,1030,1031,1033,953,1037,987,1038],"product_tag":[],"class_list":{"0":"post-16864","1":"product","2":"type-product","3":"status-publish","4":"has-post-thumbnail","6":"product_cat-apple-flavor-disposable-vapes","7":"product_cat-bang","8":"product_cat-blueberry-flavor-disposable-vapes","9":"product_cat-bulk-buy-disposable-vapes-in-austria","10":"product_cat-bulk-buy-disposable-vapes-in-belgium","11":"product_cat-bulk-buy-disposable-vapes-in-europe","12":"product_cat-bulk-buy-disposable-vapes-in-france","13":"product_cat-bulk-buy-disposable-vapes-in-germany","14":"product_cat-bulk-buy-disposable-vapes-in-italy","15":"product_cat-bulk-buy-disposable-vapes-in-netherlands","16":"product_cat-bulk-buy-disposable-vapes-in-norway","17":"product_cat-bulk-buy-disposable-vapes-in-poland","18":"product_cat-bulk-buy-disposable-vapes-in-portugal","19":"product_cat-bulk-buy-disposable-vapes-in-spain","20":"product_cat-bulk-buy-disposable-vapes-in-sweden","21":"product_cat-bulk-buy-disposable-vapes-in-switzerland","22":"product_cat-buy-best-disposable-vape-flavors","23":"product_cat-cola-flavor-disposable-vapes","24":"product_cat-disposable-vapes-series","25":"product_cat-grape-flavor-disposable-vapes","26":"product_cat-ice-flavor-disposable-vapes","27":"product_cat-kiwi-flavor-disposable-vapes","28":"product_cat-lower-nicotine-vapes","29":"product_cat-mango-flavor-disposable-vapes","30":"product_cat-mint-flavor-disposable-vapes","31":"product_cat-mixed-berries-flavor-disposable-vapes","32":"product_cat-peach-flavor-disposable-vapes","33":"product_cat-rechargeable-vapes","34":"product_cat-strawberry-flavor-disposable-vapes","35":"product_cat-vape-shop-by-puffs","36":"product_cat-watermelon-flavor-disposable-vapes","38":"first","39":"outofstock","40":"shipping-taxable","41":"purchasable","42":"product-type-simple"},"jetpack_sharing_enabled":true,"tiered_pricing_type":"fixed","tiered_pricing_fixed_rules":[],"tiered_pricing_product_settings":{"layout":"default","base_unit_name":{"singular":null,"plural":null},"default_variation":null},"tiered_pricing_minimum_quantity":null,"tiered_pricing_roles_data":[],"tiered_pricing_percentage_rules":[],"tiered_pricing_maximum_quantity":null,"tiered_pricing_quantity_step":null,"_links":{"self":[{"href":"https:\/\/vapexyz.com\/ro\/wp-json\/wp\/v2\/product\/16864","targetHints":{"allow":["GET"]}}],"collection":[{"href":"https:\/\/vapexyz.com\/ro\/wp-json\/wp\/v2\/product"}],"about":[{"href":"https:\/\/vapexyz.com\/ro\/wp-json\/wp\/v2\/types\/product"}],"replies":[{"embeddable":true,"href":"https:\/\/vapexyz.com\/ro\/wp-json\/wp\/v2\/comments?post=16864"}],"wp:featuredmedia":[{"embeddable":true,"href":"https:\/\/vapexyz.com\/ro\/wp-json\/wp\/v2\/media\/16863"}],"wp:attachment":[{"href":"https:\/\/vapexyz.com\/ro\/wp-json\/wp\/v2\/media?parent=16864"}],"wp:term":[{"taxonomy":"product_brand","embeddable":true,"href":"https:\/\/vapexyz.com\/ro\/wp-json\/wp\/v2\/product_brand?post=16864"},{"taxonomy":"product_cat","embeddable":true,"href":"https:\/\/vapexyz.com\/ro\/wp-json\/wp\/v2\/product_cat?post=16864"},{"taxonomy":"product_tag","embeddable":true,"href":"https:\/\/vapexyz.com\/ro\/wp-json\/wp\/v2\/product_tag?post=16864"}],"curies":[{"name":"wp","href":"https:\/\/api.w.org\/{rel}","templated":true}]}}