{"id":69406,"date":"2026-03-13T09:03:56","date_gmt":"2026-03-13T09:03:56","guid":{"rendered":"https:\/\/vapexyz.com\/?post_type=product&#038;p=69406"},"modified":"2026-03-15T14:42:30","modified_gmt":"2026-03-15T14:42:30","slug":"bang-blaze-200k-dsk069-vapes-descartaveis-por-atacado-compra-em-massa-200000-tragadas-6-em-1-comutavel-dupla-malha","status":"publish","type":"product","link":"https:\/\/vapexyz.com\/pt\/product\/bang-blaze-200k-dsk069-disposable-vapes-wholesale-bulk-buy-200000-puffs-6-in-1-switchable-dual-mesh\/","title":{"rendered":"BANG BLAZE 200K DSK069 Vapes Descart\u00e1veis por Atacado Compra em Massa 200000 Puffs 6 em 1 Comut\u00e1vel Dupla Malha"},"content":{"rendered":"<article>\n<h2 style=\"color: #2c3e50;text-align: center\"><a href=\"https:\/\/vapexyz.com\/pt\/categoria-de-produto\/estrondo\/\">BANG BLAZE<\/a> 200K DSK069: O Gigante Final em Vapes Descart\u00e1veis<\/h2>\n<p>Est\u00e1 preparado para uma experi\u00eancia de vape que simplesmente n\u00e3o acaba? O BANG BLAZE 200K DSK069 chegou para revolucionar tudo! Com uma capacidade impressionante de 200.000 puffs, este dispositivo foi projetado para uma divers\u00e3o duradoura. \u00c9 colorido, inteligente e perfeito para quem procura um vape descart\u00e1vel fi\u00e1vel que acompanhe seu estilo de vida durante semanas.<\/p>\n<p>Na VapeXYZ, somos o seu parceiro europeu de refer\u00eancia para estes incr\u00edveis vaporizadores descart\u00e1veis. Quer esteja a comprar para si ou para a sua loja, garantimos que obtenha os melhores pre\u00e7os por atacado do mercado!<\/p>\n<div style=\"margin: 20px 0;font-family: sans-serif;line-height: 1.6;color: #444\">\n<h3 style=\"color: #2980b9;margin-bottom: 12px\">Por que o BANG BLAZE 200K \u00e9 um divisor de \u00e1guas<\/h3>\n<p style=\"font-size: 1em;margin: 0\">Experimente o futuro do vape com o BANG BLAZE 200K. Projetado para uma longevidade extrema, oferece mais de 200.000 puffs, garantindo que o seu dispositivo dure tanto quanto o seu estilo de vida exige. Mantenha-se no controlo total com o ecr\u00e3 LED inteligente integrado para monitoriza\u00e7\u00e3o em tempo real da bateria e do l\u00edquido, enquanto a nossa tecnologia avan\u00e7ada de dupla malha garante uma experi\u00eancia de inala\u00e7\u00e3o suave, equilibrada e saborosa, desde o primeiro at\u00e9 ao \u00faltimo puff.<\/p>\n<\/div>\n<h3 style=\"color: #2c3e50\">Explore as suas op\u00e7\u00f5es 6 em 1<\/h3>\n<p>Cada dispositivo \u00e9 como um ba\u00fa de tesouro com 6 variedades diferentes l\u00e1 dentro! Confira as op\u00e7\u00f5es incr\u00edveis dispon\u00edveis para compra em massa:<\/p>\n<table style=\"width: 100%;border-collapse: collapse;margin: 20px 0;border: 1px solid #ddd;font-family: Arial, sans-serif\">\n<thead>\n<tr style=\"background-color: #34495e;color: white;text-align: left\">\n<th style=\"padding: 12px;border: 1px solid #ddd;width: 30%\">Nome da op\u00e7\u00e3o<\/th>\n<th style=\"padding: 12px;border: 1px solid #ddd\">Inclui Variedades (6 em 1)<\/th>\n<\/tr>\n<\/thead>\n<tbody>\n<tr>\n<td style=\"padding: 10px;border: 1px solid #ddd;font-weight: bold;color: #e67e22\">1. Mistura Ensolarada<\/td>\n<td style=\"padding: 10px;border: 1px solid #ddd\">P\u00eassego Gelo, Lim\u00e3o Lima, Morango Mel\u00e3o, Framboesa Uva, Morango Mamba, Cereja Rom\u00e3<\/td>\n<\/tr>\n<tr style=\"background-color: #f9f9f9\">\n<td style=\"padding: 10px;border: 1px solid #ddd;font-weight: bold;color: #e67e22\">2. Pomar Tropical<\/td>\n<td style=\"padding: 10px;border: 1px solid #ddd\">Mel\u00e3o de \u00c1gua Gelo, Ma\u00e7\u00e3 Uva, Amora Mirtilo, Manga P\u00eassego, Abacaxi Laranja, Mirtilo P\u00eassego<\/td>\n<\/tr>\n<tr>\n<td style=\"padding: 10px;border: 1px solid #ddd;font-weight: bold;color: #e67e22\">3. Aventura Legal<\/td>\n<td style=\"padding: 10px;border: 1px solid #ddd\">Gelo de Uva, Lim\u00e3o de Framboesa, Red Bull Mirtilo, Coco de Abacaxi, Lichia de Morango, Gelo de Drag\u00e3o Preto<\/td>\n<\/tr>\n<tr style=\"background-color: #f9f9f9\">\n<td style=\"padding: 10px;border: 1px solid #ddd;font-weight: bold;color: #e67e22\">4. Jardim de Bagas<\/td>\n<td style=\"padding: 10px;border: 1px solid #ddd\">Mirtilo Gelo, Mel\u00e3o de Framboesa, Uva Aloe Vera, Morango Banana, Amor 66, Cereja Mirtilo<\/td>\n<\/tr>\n<tr>\n<td style=\"padding: 10px;border: 1px solid #ddd;font-weight: bold;color: #e67e22\">5. Do\u00e7uras<\/td>\n<td style=\"padding: 10px;border: 1px solid #ddd\">Ma\u00e7\u00e3 Gelada, Mirtilos Misturados, Mel\u00e3o de Goma de Bolha de Mel\u00e3o, Mel\u00e3o de Mirtilo, Manga de Morango, Aloe Manga Mel\u00e3o<\/td>\n<\/tr>\n<tr style=\"background-color: #f9f9f9\">\n<td style=\"padding: 10px;border: 1px solid #ddd;font-weight: bold;color: #e67e22\">6. Festa na Ilha<\/td>\n<td style=\"padding: 10px;border: 1px solid #ddd\">Gelo de Abacaxi, Kiwi Maracuj\u00e1 Goiaba, Ursinho Gelatinoso, Mel\u00e3o de Drag\u00e3o, P\u00eassego Manga Mel\u00e3o, Mirtilo Cranberry Cereja<\/td>\n<\/tr>\n<tr>\n<td style=\"padding: 10px;border: 1px solid #ddd;font-weight: bold;color: #e67e22\">7. Prazer de Fruta Pura<\/td>\n<td style=\"padding: 10px;border: 1px solid #ddd\">Morango, Cassis, Abacaxi, Frutas Tropicais, Uva Bolo de Goma, Mirtilo Uva, Manga Maracuj\u00e1<\/td>\n<\/tr>\n<tr style=\"background-color: #f9f9f9\">\n<td style=\"padding: 10px;border: 1px solid #ddd;font-weight: bold;color: #e67e22\">8. Colheita Dourada<\/td>\n<td style=\"padding: 10px;border: 1px solid #ddd\">Triplo Manga, P\u00eassego Uva, Sorvete de Morango, Morango Kiwi, Energia Uva, Cola Vermelha<\/td>\n<\/tr>\n<tr>\n<td style=\"padding: 10px;border: 1px solid #ddd;font-weight: bold;color: #e67e22\">Brisa Refrescante<\/td>\n<td style=\"padding: 10px;border: 1px solid #ddd\">Banana Ice, Aloe Vera Ma\u00e7\u00e3, Maracuj\u00e1 Toranja, Morango Coco, Morango Mel\u00e3o Bubblegum, Mel\u00e3o Gelo Lim\u00e3o<\/td>\n<\/tr>\n<tr style=\"background-color: #f9f9f9\">\n<td style=\"padding: 10px;border: 1px solid #ddd;font-weight: bold;color: #e67e22\">10. Cremoso e Azedo<\/td>\n<td style=\"padding: 10px;border: 1px solid #ddd\">Sorvete de Cereja, Lim\u00e3o Rosa, Hortel\u00e3 Mirtilo, Sorvete de Banana, A\u00e7a\u00ed de Maracuj\u00e1 Abacaxi, Ma\u00e7\u00e3 Verde Kiwi<\/td>\n<\/tr>\n<tr>\n<td style=\"padding: 10px;border: 1px solid #ddd;font-weight: bold;color: #e67e22\">11. Sonhos Doces<\/td>\n<td style=\"padding: 10px;border: 1px solid #ddd\">Bal\u00e3o de Doces Arco-\u00edris, P\u00eassego e Pera Gelo, Cappuccino, Hortel\u00e3 Fresca Mojito, Morango Manga Cassis, Marshmallow Felpudo<\/td>\n<\/tr>\n<tr style=\"background-color: #f9f9f9\">\n<td style=\"padding: 10px;border: 1px solid #ddd;font-weight: bold;color: #e67e22\">12. Explos\u00e3o de Super Frutas<\/td>\n<td style=\"padding: 10px;border: 1px solid #ddd\">Morang\u00e3o Preto, Triplo Mel\u00e3o, Morango Amora, Super Baga, Mirtilo Amora Preta Morango, P\u00eassego Lim\u00e3o \u00c1gua<\/td>\n<\/tr>\n<\/tbody>\n<\/table>\n<div style=\"background-color: #e8f6f3;border-left: 10px solid #1abc9c;padding: 20px;margin: 30px 0;border-radius: 5px\">\n<h3 style=\"color: #16a085;margin-top: 0\">\ud83d\udca1 Caixa de Conhecimento: A Maneira Inteligente de Vapear<\/h3>\n<p>O BANG BLAZE 200K foi projetado para ser f\u00e1cil de usar. Em vez de carregar v\u00e1rios pequenos vaporizadores descart\u00e1veis, este dispositivo \u00fanico substitui todos eles. Ele possui uma bateria recarreg\u00e1vel de 600mAh, para que voc\u00ea possa simplesmente lig\u00e1-lo com um cabo Type-C e continuar at\u00e9 o \u00faltimo puff. \u00c9 inteligente para o seu bolso e melhor para o mundo ao nosso redor!<\/p>\n<\/div>\n<h3 style=\"color: #2c3e50\">Fatos T\u00e9cnicos<\/h3>\n<table style=\"width: 100%;border-collapse: collapse;margin-bottom: 20px\">\n<thead>\n<tr style=\"background-color: #2c3e50;color: white\">\n<th style=\"padding: 12px;border: 1px solid #ddd\">Especifica\u00e7\u00e3o<\/th>\n<th style=\"padding: 12px;border: 1px solid #ddd\">Detalhes<\/th>\n<\/tr>\n<\/thead>\n<tbody>\n<tr>\n<td style=\"padding: 10px;border: 1px solid #ddd;font-weight: bold\">Contagem de sopros<\/td>\n<td style=\"padding: 10px;border: 1px solid #ddd\">200.000 Puffs<\/td>\n<\/tr>\n<tr>\n<td style=\"padding: 10px;border: 1px solid #ddd;font-weight: bold\">Bateria<\/td>\n<td style=\"padding: 10px;border: 1px solid #ddd\">600mAh (Recarreg\u00e1vel por Type-C)<\/td>\n<\/tr>\n<tr>\n<td style=\"padding: 10px;border: 1px solid #ddd;font-weight: bold\">Sistema de bobina<\/td>\n<td style=\"padding: 10px;border: 1px solid #ddd\">Bobina Dupla Malha 1.2\u03a9<\/td>\n<\/tr>\n<tr>\n<td style=\"padding: 10px;border: 1px solid #ddd;font-weight: bold\">Tela<\/td>\n<td style=\"padding: 10px;border: 1px solid #ddd\">Monitor Inteligente Digital<\/td>\n<\/tr>\n<tr>\n<td style=\"padding: 10px;border: 1px solid #ddd;font-weight: bold\">Experi\u00eancia<\/td>\n<td style=\"padding: 10px;border: 1px solid #ddd\">Op\u00e7\u00f5es Altern\u00e1veis 6 em 1<\/td>\n<\/tr>\n<\/tbody>\n<\/table>\n<div style=\"background-color: #fff9e6;border: 2px dashed #f39c12;border-radius: 15px;padding: 25px;margin-top: 30px\">\n<h3 style=\"color: #d35400;margin-top: 0;text-align: center\">Perguntas Frequentes (FAQ)<\/h3>\n<div style=\"margin-bottom: 15px\">\n<p style=\"font-weight: bold;color: #2980b9;margin-bottom: 5px\">Como carrego o meu BANG BLAZE?<\/p>\n<p style=\"margin-top: 0;color: #444\">Basta usar um cabo Type-C (como a maioria dos telem\u00f3veis modernos) e lig\u00e1-lo \u00e0 parte inferior do dispositivo. O ecr\u00e3 inteligente mostrar\u00e1 o estado da bateria!<\/p>\n<\/div>\n<hr style=\"border: 0;border-top: 1px solid #f39c12;margin: 15px 0\" \/>\n<div style=\"margin-bottom: 15px\">\n<p style=\"font-weight: bold;color: #2980b9;margin-bottom: 5px\">Posso comprar estes em grandes quantidades para a minha loja?<\/p>\n<p style=\"margin-top: 0;color: #444\">Sim! A VapeXYZ \u00e9 uma plataforma l\u00edder de atacado. Especializamo-nos em encomendas de compra em massa de vaporizadores descart\u00e1veis em toda a Europa, oferecendo os pre\u00e7os mais competitivos.<\/p>\n<\/div>\n<hr style=\"border: 0;border-top: 1px solid #f39c12;margin: 15px 0\" \/>\n<div style=\"margin-bottom: 0\">\n<p style=\"font-weight: bold;color: #2980b9;margin-bottom: 5px\">Quantas op\u00e7\u00f5es existem em um dispositivo?<\/p>\n<p style=\"margin-top: 0;color: #444\">Cada dispositivo BANG BLAZE 200K vem com uma configura\u00e7\u00e3o \u201c6 em 1\u201d, o que significa que voc\u00ea obt\u00e9m uma variedade de 6 experi\u00eancias diferentes em cada unidade!<\/p>\n<\/div>\n<\/div>\n<p><img loading=\"lazy\" decoding=\"async\" class=\"size-full wp-image-69550 aligncenter\" src=\"https:\/\/vapexyz.com\/wp-content\/uploads\/2026\/03\/BANG-BLAZE-200K-DSK069-Disposable-Vapes-Wholesale-Bulk-Buy-200000-Puffs-6-In-1-Switchable-Dual-Mesh-scaled.webp\" alt=\"BANG BLAZE 200K DSK069 Vapes Descart\u00e1veis por Atacado Compra em Massa 200000 Puffs 6 em 1 Comut\u00e1vel Dupla Malha\" width=\"1129\" height=\"2560\" title=\"\" srcset=\"https:\/\/vapexyz.com\/wp-content\/uploads\/2026\/03\/BANG-BLAZE-200K-DSK069-Disposable-Vapes-Wholesale-Bulk-Buy-200000-Puffs-6-In-1-Switchable-Dual-Mesh-scaled.webp 1129w, https:\/\/vapexyz.com\/wp-content\/uploads\/2026\/03\/BANG-BLAZE-200K-DSK069-Disposable-Vapes-Wholesale-Bulk-Buy-200000-Puffs-6-In-1-Switchable-Dual-Mesh-221x500.webp 221w, https:\/\/vapexyz.com\/wp-content\/uploads\/2026\/03\/BANG-BLAZE-200K-DSK069-Disposable-Vapes-Wholesale-Bulk-Buy-200000-Puffs-6-In-1-Switchable-Dual-Mesh-452x1024.webp 452w, https:\/\/vapexyz.com\/wp-content\/uploads\/2026\/03\/BANG-BLAZE-200K-DSK069-Disposable-Vapes-Wholesale-Bulk-Buy-200000-Puffs-6-In-1-Switchable-Dual-Mesh-768x1741.webp 768w, https:\/\/vapexyz.com\/wp-content\/uploads\/2026\/03\/BANG-BLAZE-200K-DSK069-Disposable-Vapes-Wholesale-Bulk-Buy-200000-Puffs-6-In-1-Switchable-Dual-Mesh-677x1536.webp 677w, https:\/\/vapexyz.com\/wp-content\/uploads\/2026\/03\/BANG-BLAZE-200K-DSK069-Disposable-Vapes-Wholesale-Bulk-Buy-200000-Puffs-6-In-1-Switchable-Dual-Mesh-903x2048.webp 903w, https:\/\/vapexyz.com\/wp-content\/uploads\/2026\/03\/BANG-BLAZE-200K-DSK069-Disposable-Vapes-Wholesale-Bulk-Buy-200000-Puffs-6-In-1-Switchable-Dual-Mesh-5x12.webp 5w, https:\/\/vapexyz.com\/wp-content\/uploads\/2026\/03\/BANG-BLAZE-200K-DSK069-Disposable-Vapes-Wholesale-Bulk-Buy-200000-Puffs-6-In-1-Switchable-Dual-Mesh-510x1156.webp 510w\" sizes=\"auto, (max-width: 1129px) 100vw, 1129px\" \/><\/p>\n<p style=\"text-align: center;margin-top: 40px;font-size: 1.3em;color: #2ecc71;font-weight: bold\">\u2728 Pronto para experimentar o puff definitivo? Visite <a href=\"https:\/\/vapexyz.com\/pt\/\">VapeXYZ<\/a> e obtenha seu BANG BLAZE 200K hoje mesmo!<\/p>\n<\/article>","protected":false},"excerpt":{"rendered":"<div id=\"model-response-message-contentr_001ec7cad91754b3\" class=\"markdown markdown-main-panel tutor-markdown-rendering stronger enable-updated-hr-color\" dir=\"ltr\" aria-live=\"polite\">\n<p data-path-to-node=\"0\">Eleve seu estoque com o BANG BLAZE 200K DSK069, um vape descart\u00e1vel potente com incr\u00edveis 200.000 tragadas, tecnologia de tela inteligente e op\u00e7\u00f5es vers\u00e1teis 6 em 1, dispon\u00edvel para compra em atacado exclusivo na VapeXYZ.<\/p>\n<\/div>","protected":false},"featured_media":69552,"comment_status":"open","ping_status":"closed","template":"","meta":{"_lmt_disableupdate":"no","_lmt_disable":""},"product_brand":[],"product_cat":[821,1106,947,935,934,927,929,928,930,933,939,932,938,931,936,937,1017,949,946,950,951,953,1105,987],"product_tag":[],"class_list":{"0":"post-69406","1":"product","2":"type-product","3":"status-publish","4":"has-post-thumbnail","6":"product_cat-bang","7":"product_cat-200000-puffs-vapes","8":"product_cat-big-puffs-vapes","9":"product_cat-bulk-buy-disposable-vapes-in-austria","10":"product_cat-bulk-buy-disposable-vapes-in-belgium","11":"product_cat-bulk-buy-disposable-vapes-in-europe","12":"product_cat-bulk-buy-disposable-vapes-in-france","13":"product_cat-bulk-buy-disposable-vapes-in-germany","14":"product_cat-bulk-buy-disposable-vapes-in-italy","15":"product_cat-bulk-buy-disposable-vapes-in-netherlands","16":"product_cat-bulk-buy-disposable-vapes-in-norway","17":"product_cat-bulk-buy-disposable-vapes-in-poland","18":"product_cat-bulk-buy-disposable-vapes-in-portugal","19":"product_cat-bulk-buy-disposable-vapes-in-spain","20":"product_cat-bulk-buy-disposable-vapes-in-sweden","21":"product_cat-bulk-buy-disposable-vapes-in-switzerland","22":"product_cat-buy-best-disposable-vape-flavors","23":"product_cat-digital-box-vapes","24":"product_cat-disposable-vapes-series","25":"product_cat-dual-mesh-vapes","26":"product_cat-lower-nicotine-vapes","27":"product_cat-rechargeable-vapes","28":"product_cat-six-flavor-vapes","29":"product_cat-vape-shop-by-puffs","31":"first","32":"instock","33":"shipping-taxable","34":"purchasable","35":"product-type-variable","36":"has-default-attributes"},"jetpack_sharing_enabled":true,"tiered_pricing_type":"fixed","tiered_pricing_fixed_rules":[],"tiered_pricing_product_settings":{"layout":"default","base_unit_name":{"singular":null,"plural":null},"default_variation":null},"tiered_pricing_minimum_quantity":null,"tiered_pricing_roles_data":[],"tiered_pricing_percentage_rules":[],"tiered_pricing_maximum_quantity":null,"tiered_pricing_quantity_step":null,"_links":{"self":[{"href":"https:\/\/vapexyz.com\/pt\/wp-json\/wp\/v2\/product\/69406","targetHints":{"allow":["GET"]}}],"collection":[{"href":"https:\/\/vapexyz.com\/pt\/wp-json\/wp\/v2\/product"}],"about":[{"href":"https:\/\/vapexyz.com\/pt\/wp-json\/wp\/v2\/types\/product"}],"replies":[{"embeddable":true,"href":"https:\/\/vapexyz.com\/pt\/wp-json\/wp\/v2\/comments?post=69406"}],"wp:featuredmedia":[{"embeddable":true,"href":"https:\/\/vapexyz.com\/pt\/wp-json\/wp\/v2\/media\/69552"}],"wp:attachment":[{"href":"https:\/\/vapexyz.com\/pt\/wp-json\/wp\/v2\/media?parent=69406"}],"wp:term":[{"taxonomy":"product_brand","embeddable":true,"href":"https:\/\/vapexyz.com\/pt\/wp-json\/wp\/v2\/product_brand?post=69406"},{"taxonomy":"product_cat","embeddable":true,"href":"https:\/\/vapexyz.com\/pt\/wp-json\/wp\/v2\/product_cat?post=69406"},{"taxonomy":"product_tag","embeddable":true,"href":"https:\/\/vapexyz.com\/pt\/wp-json\/wp\/v2\/product_tag?post=69406"}],"curies":[{"name":"wp","href":"https:\/\/api.w.org\/{rel}","templated":true}]}}