{"id":15872,"date":"2024-02-26T09:59:38","date_gmt":"2024-02-26T09:59:38","guid":{"rendered":"https:\/\/vapexyz.com\/?page_id=15872"},"modified":"2025-09-08T07:50:37","modified_gmt":"2025-09-08T07:50:37","slug":"perguntas-frequentes","status":"publish","type":"page","link":"https:\/\/vapexyz.com\/pt\/faqs\/","title":{"rendered":"Perguntas frequentes"},"content":{"rendered":"<div class=\"row\"  id=\"row-1957230112\">\n\n\t<div id=\"col-1818595868\" class=\"col small-12 large-12\"  >\n\t\t\t\t<div class=\"col-inner\"  >\n\t\t\t\n\t\t\t\n<div class=\"container section-title-container\" ><h3 class=\"section-title section-title-normal\"><b><\/b><span class=\"section-title-main\" >Pagamento<\/span><b><\/b><\/h3><\/div>\n<div class=\"accordion\">\n\t<div id=\"accordion-2464993291\" class=\"accordion-item\">\n\t\t<a id=\"accordion-2464993291-label\" class=\"accordion-title plain\" href=\"#accordion-item-what-payment-methods-are-accepted?\" aria-expanded=\"false\" aria-controls=\"accordion-2464993291-content\" >\n\t\t\t<button class=\"toggle\" aria-label=\"Alternar\"><i class=\"icon-angle-down\"><\/i><\/button>\n\t\t\t<span>Quais m\u00e9todos de pagamento s\u00e3o aceitos?<\/span>\n\t\t<\/a>\n\t\t<div id=\"accordion-2464993291-content\" class=\"accordion-inner\" aria-labelledby=\"accordion-2464993291-label\" >\n\t\t\t\n<p>Aceitamos uma variedade de m\u00e9todos de pagamento, como cart\u00f5es de cr\u00e9dito, cart\u00f5es de d\u00e9bito, criptomoedas e outros. Voc\u00ea pode ver as op\u00e7\u00f5es de pagamento dispon\u00edveis na p\u00e1gina de finaliza\u00e7\u00e3o da compra.<\/p>\n\t\t<\/div>\n\t<\/div>\n\t\n\t<div id=\"accordion-2652726298\" class=\"accordion-item\">\n\t\t<a id=\"accordion-2652726298-label\" class=\"accordion-title plain\" href=\"#accordion-item-why-my-payment-have-been-declined?\" aria-expanded=\"false\" aria-controls=\"accordion-2652726298-content\" >\n\t\t\t<button class=\"toggle\" aria-label=\"Alternar\"><i class=\"icon-angle-down\"><\/i><\/button>\n\t\t\t<span>Por que meu pagamento foi recusado?<\/span>\n\t\t<\/a>\n\t\t<div id=\"accordion-2652726298-content\" class=\"accordion-inner\" aria-labelledby=\"accordion-2652726298-label\" >\n\t\t\t\n<p>Os pagamentos podem ser recusados por motivos como detalhes imprecisos do cart\u00e3o de cr\u00e9dito, fundos insuficientes ou problemas com o provedor de servi\u00e7os de pagamento. Para resolver isso, verifique a exatid\u00e3o das suas informa\u00e7\u00f5es de pagamento ou entre em contato com seu provedor de pagamento para obter assist\u00eancia.<\/p>\n\t\t<\/div>\n\t<\/div>\n\t\n\t<div id=\"accordion-2362775122\" class=\"accordion-item\">\n\t\t<a id=\"accordion-2362775122-label\" class=\"accordion-title plain\" href=\"#accordion-item-do-you-provide-a-cash-on-delivery-(cod)-payment-option?\" aria-expanded=\"false\" aria-controls=\"accordion-2362775122-content\" >\n\t\t\t<button class=\"toggle\" aria-label=\"Alternar\"><i class=\"icon-angle-down\"><\/i><\/button>\n\t\t\t<span>Voc\u00eas oferecem uma op\u00e7\u00e3o de pagamento em dinheiro na entrega (COD)?<\/span>\n\t\t<\/a>\n\t\t<div id=\"accordion-2362775122-content\" class=\"accordion-inner\" aria-labelledby=\"accordion-2362775122-label\" >\n\t\t\t\n<p>N\u00e3o oferecemos pagamento na entrega. Voc\u00ea deve utilizar m\u00e9todos de pagamento online ao fazer uma compra.<\/p>\n\t\t<\/div>\n\t<\/div>\n\t\n\t<div id=\"accordion-2209142529\" class=\"accordion-item\">\n\t\t<a id=\"accordion-2209142529-label\" class=\"accordion-title plain\" href=\"#accordion-item-can-i-apply-a-discount-code-or-gift-card-during-checkout?\" aria-expanded=\"false\" aria-controls=\"accordion-2209142529-content\" >\n\t\t\t<button class=\"toggle\" aria-label=\"Alternar\"><i class=\"icon-angle-down\"><\/i><\/button>\n\t\t\t<span>Posso aplicar um c\u00f3digo de desconto ou vale-presente durante a finaliza\u00e7\u00e3o da compra?<\/span>\n\t\t<\/a>\n\t\t<div id=\"accordion-2209142529-content\" class=\"accordion-inner\" aria-labelledby=\"accordion-2209142529-label\" >\n\t\t\t\n<p>Sim, voc\u00ea pode inserir um c\u00f3digo de desconto ou detalhes do vale-presente na p\u00e1gina de finaliza\u00e7\u00e3o da compra para aproveitar os descontos.<\/p>\n\t\t<\/div>\n\t<\/div>\n\t\n\t<div id=\"accordion-3761844025\" class=\"accordion-item\">\n\t\t<a id=\"accordion-3761844025-label\" class=\"accordion-title plain\" href=\"#accordion-item-is-payment-secure-on-your-website?\" aria-expanded=\"false\" aria-controls=\"accordion-3761844025-content\" >\n\t\t\t<button class=\"toggle\" aria-label=\"Alternar\"><i class=\"icon-angle-down\"><\/i><\/button>\n\t\t\t<span>O pagamento \u00e9 seguro no seu site?<\/span>\n\t\t<\/a>\n\t\t<div id=\"accordion-3761844025-content\" class=\"accordion-inner\" aria-labelledby=\"accordion-3761844025-label\" >\n\t\t\t\n<p>Sim, implementamos diversas medidas de seguran\u00e7a, como tecnologia de criptografia e processamento de pagamentos compat\u00edvel com PCI. Nosso site possui a certifica\u00e7\u00e3o McAfee SECURE e \u00e9 reconhecido pelo Google Safe Browsing por maior seguran\u00e7a.<\/p>\n\t\t<\/div>\n\t<\/div>\n\t\n\t<div id=\"accordion-913186686\" class=\"accordion-item\">\n\t\t<a id=\"accordion-913186686-label\" class=\"accordion-title plain\" href=\"#accordion-item-how-will-i-know-that-my-payment-was-successful-and-that-my-order-has-been-confirmed?\" aria-expanded=\"false\" aria-controls=\"accordion-913186686-content\" >\n\t\t\t<button class=\"toggle\" aria-label=\"Alternar\"><i class=\"icon-angle-down\"><\/i><\/button>\n\t\t\t<span>Como saberei que meu pagamento foi realizado com sucesso e que meu pedido foi confirmado?<\/span>\n\t\t<\/a>\n\t\t<div id=\"accordion-913186686-content\" class=\"accordion-inner\" aria-labelledby=\"accordion-913186686-label\" >\n\t\t\t\n<p>Voc\u00ea receber\u00e1 um e-mail de confirma\u00e7\u00e3o do pedido imediatamente ap\u00f3s efetuar o pagamento com sucesso. Este e-mail conter\u00e1 informa\u00e7\u00f5es detalhadas sobre seu pedido.<\/p>\n\t\t<\/div>\n\t<\/div>\n\t\n\t<div id=\"accordion-4209909629\" class=\"accordion-item\">\n\t\t<a id=\"accordion-4209909629-label\" class=\"accordion-title plain\" href=\"#accordion-item-how-can-i-request-a-refund?\" aria-expanded=\"false\" aria-controls=\"accordion-4209909629-content\" >\n\t\t\t<button class=\"toggle\" aria-label=\"Alternar\"><i class=\"icon-angle-down\"><\/i><\/button>\n\t\t\t<span>Como posso solicitar um reembolso?<\/span>\n\t\t<\/a>\n\t\t<div id=\"accordion-4209909629-content\" class=\"accordion-inner\" aria-labelledby=\"accordion-4209909629-label\" >\n\t\t\t\n<p>Se precisar de um reembolso, entre em contato com nossa equipe de suporte ao cliente e forne\u00e7a os detalhes do seu pedido. N\u00f3s o ajudaremos com o processo de reembolso seguindo nossa pol\u00edtica de reembolso.<\/p>\n\t\t<\/div>\n\t<\/div>\n\t\n\t<div id=\"accordion-3946623657\" class=\"accordion-item\">\n\t\t<a id=\"accordion-3946623657-label\" class=\"accordion-title plain\" href=\"#accordion-item-how-can-i-access-my-order-history-after-completing-a-payment?\" aria-expanded=\"false\" aria-controls=\"accordion-3946623657-content\" >\n\t\t\t<button class=\"toggle\" aria-label=\"Alternar\"><i class=\"icon-angle-down\"><\/i><\/button>\n\t\t\t<span>Como posso acessar meu hist\u00f3rico de pedidos ap\u00f3s concluir um pagamento?<\/span>\n\t\t<\/a>\n\t\t<div id=\"accordion-3946623657-content\" class=\"accordion-inner\" aria-labelledby=\"accordion-3946623657-label\" >\n\t\t\t\n<p>Para acessar seu hist\u00f3rico de pedidos ap\u00f3s efetuar um pagamento, fa\u00e7a login em sua conta e navegue at\u00e9 a p\u00e1gina \u201cMinha Conta\u201d. Dentro da se\u00e7\u00e3o de hist\u00f3rico de pedidos, voc\u00ea pode revisar os detalhes do pagamento e verificar o status de seus pedidos anteriores.<\/p>\n\t\t<\/div>\n\t<\/div>\n\t\n<\/div>\n\t\t<\/div>\n\t\t\t\t\t<\/div>\n\n\t\n\n\t<div id=\"col-1506733583\" class=\"col large-12\"  >\n\t\t\t\t<div class=\"col-inner\"  >\n\t\t\t\n\t\t\t\n<div class=\"container section-title-container\" ><h3 class=\"section-title section-title-normal\"><b><\/b><span class=\"section-title-main\" >Envio<\/span><b><\/b><\/h3><\/div>\n<div class=\"accordion\">\n\t<div id=\"accordion-1709745674\" class=\"accordion-item\">\n\t\t<a id=\"accordion-1709745674-label\" class=\"accordion-title plain\" href=\"#accordion-item-what\u2019s-the-shipping-policy?\" aria-expanded=\"false\" aria-controls=\"accordion-1709745674-content\" >\n\t\t\t<button class=\"toggle\" aria-label=\"Alternar\"><i class=\"icon-angle-down\"><\/i><\/button>\n\t\t\t<span>Qual \u00e9 a pol\u00edtica de envio?<\/span>\n\t\t<\/a>\n\t\t<div id=\"accordion-1709745674-content\" class=\"accordion-inner\" aria-labelledby=\"accordion-1709745674-label\" >\n\t\t\t\n<p>O frete gr\u00e1tis est\u00e1 dispon\u00edvel para pedidos nos Estados Unidos e na Austr\u00e1lia. Para pa\u00edses selecionados, oferecemos o m\u00e9todo DDP (Delivery Duty Paid), eliminando a necessidade de desembara\u00e7o aduaneiro e taxas de sua parte.<\/p>\n<p>M\u00e9todos de Envio:<\/p>\n<p>EUA: UPS Express (excluindo Alasca e Hava\u00ed)<br \/>\nReino Unido: DPD Express Local<br \/>\nEuropa: UPS Express\/ DPD Express\/ DHL Express<br \/>\nPa\u00edses europeus eleg\u00edveis para o M\u00e9todo DDP: Alemanha, B\u00e9lgica, Luxemburgo, Pa\u00edses Baixos, Rep\u00fablica Checa, Pol\u00f3nia, Cro\u00e1cia, Eslov\u00e1quia, Eslov\u00e9nia, Finl\u00e2ndia, Dinamarca, Su\u00e9cia, \u00c1ustria, Fran\u00e7a, It\u00e1lia, Hungria, Bulg\u00e1ria, Litu\u00e2nia, Est\u00f3nia, Let\u00f3nia, Gr\u00e9cia, Irlanda, Portugal, Espanha.<br \/>\nNota: Os envios para pa\u00edses europeus, excluindo o Reino Unido, ser\u00e3o desembara\u00e7ados na Alemanha e depois enviados para outros destinos europeus a partir da\u00ed.<\/p>\n<p>Tamb\u00e9m oferecemos frete para:<\/p>\n<p>Emirados \u00c1rabes Unidos (somente Dubai)<br \/>\n\u00c1frica do Sul<br \/>\nVietn\u00e3<br \/>\nMal\u00e1sia Ocidental (excluindo Ilha Kalimantan)<br \/>\nPa\u00eds\tM\u00e9todo de Envio\tTempo de Envio<br \/>\nEUA\tUPS Local Terrestre\t10~15 Dias<br \/>\nReino Unido\tEntrega Local DPD Express\t7~12 Dias<br \/>\nAlemanha\tUPS\/DPD\/DHL Alemanha\t8~15 Dias<br \/>\nFran\u00e7a\tUPS\/DPD\/DHL Alemanha\t10~15 Dias<br \/>\nB\u00e9lgica\tUPS\/DPD\/DHL Alemanha\t10~15 Dias<br \/>\nLuxemburgo\tUPS\/DPD\/DHL Alemanha\t10~15 Dias<br \/>\nHolanda\tUPS\/DPD\/DHL Alemanha\t10~15 Dias<br \/>\nRep\u00fablica Tcheca\tUPS\/DPD\/DHL Alemanha\t10~15 Dias<br \/>\nPol\u00f4nia\tUPS\/DPD\/DHL Alemanha\t10~15 Dias<br \/>\nCro\u00e1cia\tUPS\/DPD\/DHL Alemanha\t10~15 Dias<br \/>\nEslov\u00e1quia\tUPS\/DPD\/DHL Alemanha\t10~15 Dias<br \/>\nEslov\u00eania\tUPS\/DPD\/DHL Alemanha\t10~15 Dias<br \/>\nFinl\u00e2ndia\tUPS\/DPD\/DHL Alemanha\t10~15 Dias<br \/>\nDinamarca\tUPS\/DPD\/DHL Alemanha\t10~15 Dias<br \/>\nSu\u00e9cia\tUPS\/DPD\/DHL Alemanha\t10~15 Dias<br \/>\n\u00c1ustria\tUPS\/DPD\/DHL Alemanha\t10~15 Dias<br \/>\nIt\u00e1lia\tUPS\/DPD\/DHL Alemanha\t10~15 Dias<br \/>\nHungria\tUPS\/DPD\/DHL Alemanha\t10~15 Dias<br \/>\nLitu\u00e2nia\tUPS\/DPD\/DHL Alemanha\t10~15 Dias<br \/>\nEst\u00f4nia\tUPS\/DPD\/DHL Alemanha\t10~15 Dias<br \/>\nLet\u00f4nia\tUPS\/DPD\/DHL Alemanha\t10~15 Dias<br \/>\nGr\u00e9cia\tUPS\/DPD\/DHL Alemanha\t10~15 Dias<br \/>\nIrlanda\tUPS\/DPD\/DHL Alemanha\t10~15 Dias<br \/>\nPortugal\tUPS\/DPD\/DHL Alemanha\t10~15 Dias<br \/>\nEspanha\tUPS\/DPD\/DHL Alemanha\t10~15 Dias<br \/>\nEmirados \u00c1rabes Unidos (somente Dubai)\tLinha dedicada Dubai\t12~18 Dias<br \/>\n\u00c1frica do Sul\tLinha dedicada para a \u00c1frica do Sul\t15~25 Dias<br \/>\nVietn\u00e3\tLinha dedicada do Vietn\u00e3\t3~5 Dias<br \/>\nMal\u00e1sia Ocidental\tLinha dedicada da Mal\u00e1sia\t4~8 Dias<br \/>\nOutros pa\u00edses<\/p>\n<p>Para pa\u00edses n\u00e3o mencionados anteriormente, o desembara\u00e7o aduaneiro e o pagamento de impostos s\u00e3o necess\u00e1rios na chegada do seu pacote. Para determinar o valor exato do imposto, \u00e9 aconselh\u00e1vel entrar em contato com as autoridades alfandeg\u00e1rias locais para obter informa\u00e7\u00f5es espec\u00edficas. Al\u00e9m disso, seu departamento alfandeg\u00e1rio pode solicitar uma licen\u00e7a comercial, se aplic\u00e1vel.<\/p>\n\t\t<\/div>\n\t<\/div>\n\t\n\t<div id=\"accordion-3787435514\" class=\"accordion-item\">\n\t\t<a id=\"accordion-3787435514-label\" class=\"accordion-title plain\" href=\"#accordion-item-what-factors-are-considered-when-calculating-shipping-costs?\" aria-expanded=\"false\" aria-controls=\"accordion-3787435514-content\" >\n\t\t\t<button class=\"toggle\" aria-label=\"Alternar\"><i class=\"icon-angle-down\"><\/i><\/button>\n\t\t\t<span>Que fatores s\u00e3o considerados no c\u00e1lculo dos custos de envio?<\/span>\n\t\t<\/a>\n\t\t<div id=\"accordion-3787435514-content\" class=\"accordion-inner\" aria-labelledby=\"accordion-3787435514-label\" >\n\t\t\t\n<p>Os custos de envio s\u00e3o determinados com base no peso dos artigos, no destino do envio e no m\u00e9todo de envio escolhido. O custo total de envio geralmente \u00e9 exibido durante o processo de finaliza\u00e7\u00e3o da compra.<\/p>\n\t\t<\/div>\n\t<\/div>\n\t\n\t<div id=\"accordion-3966835101\" class=\"accordion-item\">\n\t\t<a id=\"accordion-3966835101-label\" class=\"accordion-title plain\" href=\"#accordion-item-in-case-of-a-lost-or-delayed-package,-what-steps-should-i-take?\" aria-expanded=\"false\" aria-controls=\"accordion-3966835101-content\" >\n\t\t\t<button class=\"toggle\" aria-label=\"Alternar\"><i class=\"icon-angle-down\"><\/i><\/button>\n\t\t\t<span>Em caso de perda ou atraso de encomenda, que medidas devo tomar?<\/span>\n\t\t<\/a>\n\t\t<div id=\"accordion-3966835101-content\" class=\"accordion-inner\" aria-labelledby=\"accordion-3966835101-label\" >\n\t\t\t\n<p>Se o seu pacote for perdido ou sofrer atrasos significativos, entre em contato com nossa equipe de suporte ao cliente. Conduziremos uma investiga\u00e7\u00e3o e forneceremos assist\u00eancia na resolu\u00e7\u00e3o do assunto.<\/p>\n\t\t<\/div>\n\t<\/div>\n\t\n\t<div id=\"accordion-3872125820\" class=\"accordion-item\">\n\t\t<a id=\"accordion-3872125820-label\" class=\"accordion-title plain\" href=\"#accordion-item-what-are-the-methods-available-for-tracking-my-order?\" aria-expanded=\"false\" aria-controls=\"accordion-3872125820-content\" >\n\t\t\t<button class=\"toggle\" aria-label=\"Alternar\"><i class=\"icon-angle-down\"><\/i><\/button>\n\t\t\t<span>Quais s\u00e3o os m\u00e9todos dispon\u00edveis para rastrear meu pedido?<\/span>\n\t\t<\/a>\n\t\t<div id=\"accordion-3872125820-content\" class=\"accordion-inner\" aria-labelledby=\"accordion-3872125820-label\" >\n\t\t\t\n<p>Para rastrear seu pedido, voc\u00ea pode entrar em sua conta e navegar at\u00e9 a se\u00e7\u00e3o \u201cHist\u00f3rico de Pedidos\u201d. Al\u00e9m disso, enviamos os detalhes de rastreamento do pedido para voc\u00ea por e-mail.<\/p>\n\t\t<\/div>\n\t<\/div>\n\t\n\t<div id=\"accordion-2337355024\" class=\"accordion-item\">\n\t\t<a id=\"accordion-2337355024-label\" class=\"accordion-title plain\" href=\"#accordion-item-are-customs-duties-necessary-for-my-purchase?\" aria-expanded=\"false\" aria-controls=\"accordion-2337355024-content\" >\n\t\t\t<button class=\"toggle\" aria-label=\"Alternar\"><i class=\"icon-angle-down\"><\/i><\/button>\n\t\t\t<span>S\u00e3o necess\u00e1rios direitos aduaneiros para a minha compra?<\/span>\n\t\t<\/a>\n\t\t<div id=\"accordion-2337355024-content\" class=\"accordion-inner\" aria-labelledby=\"accordion-2337355024-label\" >\n\t\t\t\n<p>Atualmente, n\u00e3o s\u00e3o exigidos direitos aduaneiros, com exce\u00e7\u00e3o do Canad\u00e1 e da Dinamarca.<\/p>\n\t\t<\/div>\n\t<\/div>\n\t\n\t<div id=\"accordion-2855024275\" class=\"accordion-item\">\n\t\t<a id=\"accordion-2855024275-label\" class=\"accordion-title plain\" href=\"#accordion-item-what-is-the-approximate-shipping-timeframe?\" aria-expanded=\"false\" aria-controls=\"accordion-2855024275-content\" >\n\t\t\t<button class=\"toggle\" aria-label=\"Alternar\"><i class=\"icon-angle-down\"><\/i><\/button>\n\t\t\t<span>Qual \u00e9 o prazo aproximado de envio?<\/span>\n\t\t<\/a>\n\t\t<div id=\"accordion-2855024275-content\" class=\"accordion-inner\" aria-labelledby=\"accordion-2855024275-label\" >\n\t\t\t\n<p>O tempo de estocagem varia de 1 a 5 dias, enquanto o tempo de envio normalmente fica entre 7 e 15 dias, variando de acordo com o produto.<\/p>\n\t\t<\/div>\n\t<\/div>\n\t\n<\/div>\n\t\t<\/div>\n\t\t\t\t\t<\/div>\n\n\t\n\n\t<div id=\"col-537871117\" class=\"col large-12\"  >\n\t\t\t\t<div class=\"col-inner\"  >\n\t\t\t\n\t\t\t\n<div class=\"container section-title-container\" ><h3 class=\"section-title section-title-normal\"><b><\/b><span class=\"section-title-main\" >Seguran\u00e7a<\/span><b><\/b><\/h3><\/div>\n<div class=\"accordion\">\n\t<div id=\"accordion-1013421851\" class=\"accordion-item\">\n\t\t<a id=\"accordion-1013421851-label\" class=\"accordion-title plain\" href=\"#accordion-item-how-is-the-security-of-a-website-maintained?\" aria-expanded=\"false\" aria-controls=\"accordion-1013421851-content\" >\n\t\t\t<button class=\"toggle\" aria-label=\"Alternar\"><i class=\"icon-angle-down\"><\/i><\/button>\n\t\t\t<span>Como \u00e9 mantida a seguran\u00e7a de um site?<\/span>\n\t\t<\/a>\n\t\t<div id=\"accordion-1013421851-content\" class=\"accordion-inner\" aria-labelledby=\"accordion-1013421851-label\" >\n\t\t\t\n<p>V\u00e1rias medidas de seguran\u00e7a s\u00e3o implementadas para proteger seus dados e transa\u00e7\u00f5es no site, como criptografia de dados, firewalls e avalia\u00e7\u00f5es de seguran\u00e7a de rotina.<\/p>\n\t\t<\/div>\n\t<\/div>\n\t\n\t<div id=\"accordion-390754385\" class=\"accordion-item\">\n\t\t<a id=\"accordion-390754385-label\" class=\"accordion-title plain\" href=\"#accordion-item-how-is-the-protection-of-my-personal-information-guaranteed?\" aria-expanded=\"false\" aria-controls=\"accordion-390754385-content\" >\n\t\t\t<button class=\"toggle\" aria-label=\"Alternar\"><i class=\"icon-angle-down\"><\/i><\/button>\n\t\t\t<span>Como \u00e9 garantida a prote\u00e7\u00e3o das minhas informa\u00e7\u00f5es pessoais?<\/span>\n\t\t<\/a>\n\t\t<div id=\"accordion-390754385-content\" class=\"accordion-inner\" aria-labelledby=\"accordion-390754385-label\" >\n\t\t\t\n<p>Mantemos nossa pol\u00edtica de privacidade rigorosamente, garantindo que suas informa\u00e7\u00f5es pessoais n\u00e3o sejam compartilhadas ou vendidas. Os seus dados s\u00e3o utilizados exclusivamente para fins de processamento de pedidos e assist\u00eancia ao cliente.<\/p>\n\t\t<\/div>\n\t<\/div>\n\t\n\t<div id=\"accordion-652059175\" class=\"accordion-item\">\n\t\t<a id=\"accordion-652059175-label\" class=\"accordion-title plain\" href=\"#accordion-item-is-the-payment-information-kept-secure?\" aria-expanded=\"false\" aria-controls=\"accordion-652059175-content\" >\n\t\t\t<button class=\"toggle\" aria-label=\"Alternar\"><i class=\"icon-angle-down\"><\/i><\/button>\n\t\t\t<span>As informa\u00e7\u00f5es de pagamento s\u00e3o mantidas seguras?<\/span>\n\t\t<\/a>\n\t\t<div id=\"accordion-652059175-content\" class=\"accordion-inner\" aria-labelledby=\"accordion-652059175-label\" >\n\t\t\t\n<p>Utilizamos um sistema de processamento de pagamentos seguro que atende aos padr\u00f5es PCI para salvaguardar a seguran\u00e7a dos seus dados de pagamento.<\/p>\n\t\t<\/div>\n\t<\/div>\n\t\n\t<div id=\"accordion-2581729468\" class=\"accordion-item\">\n\t\t<a id=\"accordion-2581729468-label\" class=\"accordion-title plain\" href=\"#accordion-item-what-steps-can-i-take-to-generate-a-robust-password?\" aria-expanded=\"false\" aria-controls=\"accordion-2581729468-content\" >\n\t\t\t<button class=\"toggle\" aria-label=\"Alternar\"><i class=\"icon-angle-down\"><\/i><\/button>\n\t\t\t<span>Que etapas posso seguir para gerar uma senha robusta?<\/span>\n\t\t<\/a>\n\t\t<div id=\"accordion-2581729468-content\" class=\"accordion-inner\" aria-labelledby=\"accordion-2581729468-label\" >\n\t\t\t\n<p>Criar uma senha forte envolve incorporar uma mistura de letras, n\u00fameros e caracteres especiais, evitando detalhes f\u00e1ceis de adivinhar, como anivers\u00e1rios. Alterar regularmente sua senha refor\u00e7a ainda mais a seguran\u00e7a.<\/p>\n\t\t<\/div>\n\t<\/div>\n\t\n\t<div id=\"accordion-962801798\" class=\"accordion-item\">\n\t\t<a id=\"accordion-962801798-label\" class=\"accordion-title plain\" href=\"#accordion-item-what-methods-can-i-employ-to-confirm-the-legitimacy-of-a-website?\" aria-expanded=\"false\" aria-controls=\"accordion-962801798-content\" >\n\t\t\t<button class=\"toggle\" aria-label=\"Alternar\"><i class=\"icon-angle-down\"><\/i><\/button>\n\t\t\t<span>Que m\u00e9todos posso empregar para confirmar a legitimidade de um site?<\/span>\n\t\t<\/a>\n\t\t<div id=\"accordion-962801798-content\" class=\"accordion-inner\" aria-labelledby=\"accordion-962801798-label\" >\n\t\t\t\n<p>Verifique a autenticidade de um site confirmando se seu URL corresponde ao site oficial. Al\u00e9m disso, verifique a presen\u00e7a de um certificado SSL, o que significa que o site \u00e9 seguro.<\/p>\n\t\t<\/div>\n\t<\/div>\n\t\n\t<div id=\"accordion-3681147340\" class=\"accordion-item\">\n\t\t<a id=\"accordion-3681147340-label\" class=\"accordion-title plain\" href=\"#accordion-item-what-should-i-do-if-i-come-across-suspicious-activity?\" aria-expanded=\"false\" aria-controls=\"accordion-3681147340-content\" >\n\t\t\t<button class=\"toggle\" aria-label=\"Alternar\"><i class=\"icon-angle-down\"><\/i><\/button>\n\t\t\t<span>O que devo fazer se encontrar atividades suspeitas?<\/span>\n\t\t<\/a>\n\t\t<div id=\"accordion-3681147340-content\" class=\"accordion-inner\" aria-labelledby=\"accordion-3681147340-label\" >\n\t\t\t\n<p>Se voc\u00ea encontrar qualquer atividade suspeita ou problema de seguran\u00e7a, entre em contato com nosso suporte ao cliente imediatamente. Investigaremos o assunto e tomaremos as medidas apropriadas.<\/p>\n\t\t<\/div>\n\t<\/div>\n\t\n\t<div id=\"accordion-3006533048\" class=\"accordion-item\">\n\t\t<a id=\"accordion-3006533048-label\" class=\"accordion-title plain\" href=\"#accordion-item-do-you-have-any-measures-in-place-to-prevent-phishing?\" aria-expanded=\"false\" aria-controls=\"accordion-3006533048-content\" >\n\t\t\t<button class=\"toggle\" aria-label=\"Alternar\"><i class=\"icon-angle-down\"><\/i><\/button>\n\t\t\t<span>Voc\u00ea tem alguma medida em vigor para evitar phishing?<\/span>\n\t\t<\/a>\n\t\t<div id=\"accordion-3006533048-content\" class=\"accordion-inner\" aria-labelledby=\"accordion-3006533048-label\" >\n\t\t\t\n<p>Sim, implement\u00e1mos medidas anti-phishing para mitigar atividades fraudulentas em websites e e-mails maliciosos.<\/p>\n\t\t<\/div>\n\t<\/div>\n\t\n<\/div>\n\t\t<\/div>\n\t\t\t\t\t<\/div>\n\n\t\n\n\t<div id=\"col-1126137158\" class=\"col large-12\"  >\n\t\t\t\t<div class=\"col-inner\"  >\n\t\t\t\n\t\t\t\n<div class=\"container section-title-container\" ><h3 class=\"section-title section-title-normal\"><b><\/b><span class=\"section-title-main\" >Devolu\u00e7\u00f5es<\/span><b><\/b><\/h3><\/div>\n<div class=\"accordion\">\n\t<div id=\"accordion-987537984\" class=\"accordion-item\">\n\t\t<a id=\"accordion-987537984-label\" class=\"accordion-title plain\" href=\"#accordion-item-how-can-i-modify-the-items-in-my-order?\" aria-expanded=\"false\" aria-controls=\"accordion-987537984-content\" >\n\t\t\t<button class=\"toggle\" aria-label=\"Alternar\"><i class=\"icon-angle-down\"><\/i><\/button>\n\t\t\t<span>Como posso modificar os itens do meu pedido?<\/span>\n\t\t<\/a>\n\t\t<div id=\"accordion-987537984-content\" class=\"accordion-inner\" aria-labelledby=\"accordion-987537984-label\" >\n\t\t\t\n<p>Para fazer altera\u00e7\u00f5es em sua encomenda, voc\u00ea pode faz\u00ea-lo at\u00e9 \u00e0s 23h00 (PDT -7 GMT) no mesmo dia em que o pedido foi feito. Por favor, entre em contato conosco em info@vapexyz.com para solicitar quaisquer modifica\u00e7\u00f5es.<\/p>\n\t\t<\/div>\n\t<\/div>\n\t\n\t<div id=\"accordion-3407288120\" class=\"accordion-item\">\n\t\t<a id=\"accordion-3407288120-label\" class=\"accordion-title plain\" href=\"#accordion-item-what-is-the-process-for-returning-a-product?\" aria-expanded=\"false\" aria-controls=\"accordion-3407288120-content\" >\n\t\t\t<button class=\"toggle\" aria-label=\"Alternar\"><i class=\"icon-angle-down\"><\/i><\/button>\n\t\t\t<span>Qual \u00e9 o processo para devolver um produto?<\/span>\n\t\t<\/a>\n\t\t<div id=\"accordion-3407288120-content\" class=\"accordion-inner\" aria-labelledby=\"accordion-3407288120-label\" >\n\t\t\t\n<p>Nossa pol\u00edtica de devolu\u00e7\u00e3o permite devolu\u00e7\u00f5es no prazo de 15 dias ap\u00f3s o recebimento do item. Para se qualificar para uma devolu\u00e7\u00e3o, certifique-se de que o item esteja em sua condi\u00e7\u00e3o original, sem uso ou usado, com etiquetas e na embalagem original. Voc\u00ea tamb\u00e9m precisar\u00e1 do recibo ou comprovante de compra.<\/p>\n<p>Para iniciar uma devolu\u00e7\u00e3o, entre em contato conosco pelo endere\u00e7o info@vapexyz.com. Se sua devolu\u00e7\u00e3o for aprovada, forneceremos uma etiqueta de envio para devolu\u00e7\u00e3o e instru\u00e7\u00f5es sobre como e onde enviar o pacote. Observe que itens devolvidos sem autoriza\u00e7\u00e3o pr\u00e9via n\u00e3o ser\u00e3o aceitos. Para qualquer outra consulta relacionada a devolu\u00e7\u00f5es, sinta-se \u00e0 vontade para entrar em contato conosco pelo endere\u00e7o info@vapexyz.com.<\/p>\n\t\t<\/div>\n\t<\/div>\n\t\n<\/div>\n\t\t<\/div>\n\t\t\t\t\t<\/div>\n\n\t\n<\/div>","protected":false},"excerpt":{"rendered":"","protected":false},"author":1,"featured_media":0,"parent":0,"menu_order":0,"comment_status":"closed","ping_status":"closed","template":"page-blank-title-center.php","meta":{"_lmt_disableupdate":"no","_lmt_disable":"","footnotes":""},"class_list":["post-15872","page","type-page","status-publish","hentry"],"jetpack_sharing_enabled":true,"_links":{"self":[{"href":"https:\/\/vapexyz.com\/pt\/wp-json\/wp\/v2\/pages\/15872","targetHints":{"allow":["GET"]}}],"collection":[{"href":"https:\/\/vapexyz.com\/pt\/wp-json\/wp\/v2\/pages"}],"about":[{"href":"https:\/\/vapexyz.com\/pt\/wp-json\/wp\/v2\/types\/page"}],"author":[{"embeddable":true,"href":"https:\/\/vapexyz.com\/pt\/wp-json\/wp\/v2\/users\/1"}],"replies":[{"embeddable":true,"href":"https:\/\/vapexyz.com\/pt\/wp-json\/wp\/v2\/comments?post=15872"}],"version-history":[{"count":0,"href":"https:\/\/vapexyz.com\/pt\/wp-json\/wp\/v2\/pages\/15872\/revisions"}],"wp:attachment":[{"href":"https:\/\/vapexyz.com\/pt\/wp-json\/wp\/v2\/media?parent=15872"}],"curies":[{"name":"wp","href":"https:\/\/api.w.org\/{rel}","templated":true}]}}