{"id":69406,"date":"2026-03-13T09:03:56","date_gmt":"2026-03-13T09:03:56","guid":{"rendered":"https:\/\/vapexyz.com\/?post_type=product&#038;p=69406"},"modified":"2026-03-15T14:42:30","modified_gmt":"2026-03-15T14:42:30","slug":"bang-blaze-200k-dsk069-jednorazowe-vapey-hurtownia-zakup-hurtowy-200000-zaciagniec-6-w-1-przelaczalny-podwojny-siatka","status":"publish","type":"product","link":"https:\/\/vapexyz.com\/pl\/product\/bang-blaze-200k-dsk069-disposable-vapes-wholesale-bulk-buy-200000-puffs-6-in-1-switchable-dual-mesh\/","title":{"rendered":"BANG BLAZE 200K DSK069 Jednorazowe Waporyzatory Hurtownia Zakup 200000 Puffs 6 W 1 Prze\u0142\u0105czane Podw\u00f3jna Siatka"},"content":{"rendered":"<article>\n<h2 style=\"color: #2c3e50;text-align: center\"><a href=\"https:\/\/vapexyz.com\/pl\/kategoria-produktu\/huk\/\">BANG BLAZE<\/a> 200K DSK069: Ostateczny Gigant w\u015br\u00f3d Waporyzator\u00f3w Jednorazowych<\/h2>\n<p>Czy jeste\u015b gotowy na do\u015bwiadczenie vape, kt\u00f3re po prostu nie ko\u0144czy si\u0119? BANG BLAZE 200K DSK069 jest tutaj, aby zmieni\u0107 wszystko! Z zapieraj\u0105c\u0105 dech w piersiach pojemno\u015bci\u0105 200 000 zaci\u0105gni\u0119\u0107, urz\u0105dzenie to zosta\u0142o stworzone dla d\u0142ugotrwa\u0142ej zabawy. Jest kolorowe, inteligentne i idealne dla ka\u017cdego, kto chce niezawodnego, jednorazowego vape, kt\u00f3ry towarzyszy mu przez tygodnie.<\/p>\n<p>W VapeXYZ jeste\u015bmy dla Ciebie najlepszym europejskim hurtowym domem dla tych niesamowitych jednorazowych waporyzator\u00f3w. Niezale\u017cnie od tego, czy kupujesz dla siebie, czy dla swojego sklepu, dbamy o to, aby\u015b otrzyma\u0142 najlepsze ceny hurtowe w bran\u017cy!<\/p>\n<div style=\"margin: 20px 0;font-family: sans-serif;line-height: 1.6;color: #444\">\n<h3 style=\"color: #2980b9;margin-bottom: 12px\">Dlaczego BANG BLAZE 200K to zmiana gry \ud83d\udc8e<\/h3>\n<p style=\"font-size: 1em;margin: 0\">Do\u015bwiadcz przysz\u0142o\u015bci wapowania z BANG BLAZE 200K. Zaprojektowany dla maksymalnej trwa\u0142o\u015bci, zapewnia przemys\u0142owy standard ponad 200 000 zaci\u0105gni\u0119\u0107, gwarantuj\u0105c, \u017ce Twoje urz\u0105dzenie wytrzyma tak d\u0142ugo, jak wymagaj\u0105 tego Twoje styl \u017cycia. Pozostawaj w ca\u0142kowitej kontroli dzi\u0119ki zintegrowanemu inteligentnemu wy\u015bwietlaczowi LED dla monitorowania baterii i e-liquid w czasie rzeczywistym, podczas gdy nasza zaawansowana technologia podw\u00f3jnej siatki gwarantuje stale g\u0142adkie, zr\u00f3wnowa\u017cone i aromatyczne zaci\u0105gni\u0119cia od pierwszego do ostatniego.<\/p>\n<\/div>\n<h3 style=\"color: #2c3e50\">Poznaj swoje opcje 6 w 1<\/h3>\n<p>Ka\u017cde urz\u0105dzenie jest jak skrzynia z skarbami z 6 r\u00f3\u017cnymi rodzajami w \u015brodku! Sprawd\u017a niesamowite opcje dost\u0119pne przy zakupie hurtowym:<\/p>\n<table style=\"width: 100%;border-collapse: collapse;margin: 20px 0;border: 1px solid #ddd;font-family: Arial, sans-serif\">\n<thead>\n<tr style=\"background-color: #34495e;color: white;text-align: left\">\n<th style=\"padding: 12px;border: 1px solid #ddd;width: 30%\">Nazwa opcji<\/th>\n<th style=\"padding: 12px;border: 1px solid #ddd\">W\u0142\u0105czone odmiany (6 w 1)<\/th>\n<\/tr>\n<\/thead>\n<tbody>\n<tr>\n<td style=\"padding: 10px;border: 1px solid #ddd;font-weight: bold;color: #e67e22\">1. Mieszanka s\u0142oneczna<\/td>\n<td style=\"padding: 10px;border: 1px solid #ddd\">Peach Ice, Lemon Lime, Truskawkowy Arbuz, Malinowy Winogrono, Truskawkowa Mamba, Wi\u015bniowy Granat<\/td>\n<\/tr>\n<tr style=\"background-color: #f9f9f9\">\n<td style=\"padding: 10px;border: 1px solid #ddd;font-weight: bold;color: #e67e22\">2. Tropikalny Sad<\/td>\n<td style=\"padding: 10px;border: 1px solid #ddd\">Arbuzowy L\u00f3d, Jab\u0142ko Winogrono, Bor\u00f3wka Malina, Mango Brzoskwinia, Ananas Pomara\u0144cza, Bor\u00f3wka Brzoskwinia<\/td>\n<\/tr>\n<tr>\n<td style=\"padding: 10px;border: 1px solid #ddd;font-weight: bold;color: #e67e22\">3. Fajna Przygoda<\/td>\n<td style=\"padding: 10px;border: 1px solid #ddd\">L\u00f3d Winogronowy, Cytryna Malinowa, Jagoda Red Bull, Ananas Kokosowy, Truskawka Lychee, Czarny L\u00f3d Smokowy<\/td>\n<\/tr>\n<tr style=\"background-color: #f9f9f9\">\n<td style=\"padding: 10px;border: 1px solid #ddd;font-weight: bold;color: #e67e22\">4. Ogr\u00f3d Jagodowy<\/td>\n<td style=\"padding: 10px;border: 1px solid #ddd\">Bor\u00f3wka L\u00f3d, Malina Arbuz, Aloe Vera Winogrono, Truskawka Banan, Mi\u0142o\u015b\u0107 66, Bor\u00f3wka Wi\u015bnia<\/td>\n<\/tr>\n<tr>\n<td style=\"padding: 10px;border: 1px solid #ddd;font-weight: bold;color: #e67e22\">5. S\u0142odkie Przysmaki<\/td>\n<td style=\"padding: 10px;border: 1px solid #ddd\">Jab\u0142ko L\u00f3d, Mieszane Jagody, Arbuzowa Guma, Arbuz Bor\u00f3wka, Truskawka Mango, Aloe Mango Kantalupa<\/td>\n<\/tr>\n<tr style=\"background-color: #f9f9f9\">\n<td style=\"padding: 10px;border: 1px solid #ddd;font-weight: bold;color: #e67e22\">6. Impreza na wyspie<\/td>\n<td style=\"padding: 10px;border: 1px solid #ddd\">Pineapple Ice, Kiwi Passion Fruit Guava, Gummy Bear, Arbuz Smok Owoc, Brzoskwiniowy Mango Arbuz, Bor\u00f3wka Brusznica Wi\u015bnia<\/td>\n<\/tr>\n<tr>\n<td style=\"padding: 10px;border: 1px solid #ddd;font-weight: bold;color: #e67e22\">7. Czysta Rozkosz Owocowa<\/td>\n<td style=\"padding: 10px;border: 1px solid #ddd\">Truskawkowy, Czarna Porzeczka, Ananasowy L\u00f3d, Owoc\u00f3w Tropikalnych, Winogrono Bubblegum, Bor\u00f3wkowy Winogrono, MANGOOWY Owoc Mocy<\/td>\n<\/tr>\n<tr style=\"background-color: #f9f9f9\">\n<td style=\"padding: 10px;border: 1px solid #ddd;font-weight: bold;color: #e67e22\">8. Z\u0142oty \u017bniwo<\/td>\n<td style=\"padding: 10px;border: 1px solid #ddd\">Potr\u00f3jny Mango, Brzoskwinia Winogrono, Lody Truskawkowe, Truskawka Kiwi, Energia Winogronowa, Czerwona Cola<\/td>\n<\/tr>\n<tr>\n<td style=\"padding: 10px;border: 1px solid #ddd;font-weight: bold;color: #e67e22\">9. Orze\u017awiaj\u0105cy Wiaterek<\/td>\n<td style=\"padding: 10px;border: 1px solid #ddd\">Banana Ice, Aloe Vera Jab\u0142ko, Pasja Owoc Grejpfrut, Truskawka Kokos, Truskawka Arbuz Gumka, Arbuz Lime Ice<\/td>\n<\/tr>\n<tr style=\"background-color: #f9f9f9\">\n<td style=\"padding: 10px;border: 1px solid #ddd;font-weight: bold;color: #e67e22\">10. Kremowy i kwa\u015bny<\/td>\n<td style=\"padding: 10px;border: 1px solid #ddd\">Wi\u015bnia L\u00f3d, R\u00f3\u017cowy Cytryn, Mi\u0119ta Bor\u00f3wkowa, Lody Bananowe, Sok Z Pyszno\u015bci i Ananasa, Zielone Jab\u0142ko Kiwi<\/td>\n<\/tr>\n<tr>\n<td style=\"padding: 10px;border: 1px solid #ddd;font-weight: bold;color: #e67e22\">11. S\u0142odkie sny<\/td>\n<td style=\"padding: 10px;border: 1px solid #ddd\">T\u0119czowy Lolly, Brzoskwinia-Grucha L\u00f3d, Cappuccino, \u015awie\u017cy Mi\u0119towy Mojito, Truskawka-Mango-Czarna Porzeczka, Puszysty Marshmallow<\/td>\n<\/tr>\n<tr style=\"background-color: #f9f9f9\">\n<td style=\"padding: 10px;border: 1px solid #ddd;font-weight: bold;color: #e67e22\">12. Superowy Wybuch Jagody<\/td>\n<td style=\"padding: 10px;border: 1px solid #ddd\">Czarna porzeczka, Potr\u00f3jny Melon, Truskawka Malina, Super Jagody, Bor\u00f3wka Czarna Porzeczka Truskawka, Brzoskwinia Woda Cytrynowa<\/td>\n<\/tr>\n<\/tbody>\n<\/table>\n<div style=\"background-color: #e8f6f3;border-left: 10px solid #1abc9c;padding: 20px;margin: 30px 0;border-radius: 5px\">\n<h3 style=\"color: #16a085;margin-top: 0\">\ud83d\udca1 Skrzynka Wiedzy: Inteligentny Spos\u00f3b na Vaping<\/h3>\n<p>BANG BLAZE 200K zosta\u0142 zaprojektowany z my\u015bl\u0105 o u\u017cytkownikach, aby by\u0142 \u0142atwy w u\u017cyciu. Zamiast nosi\u0107 ze sob\u0105 wiele ma\u0142ych, jednorazowych waporyzator\u00f3w, jeden taki urz\u0105dzenie zast\u0119puje je wszystkie. Wyposa\u017cono je w akumulator o pojemno\u015bci 600 mAh, kt\u00f3ry mo\u017cna \u0142adowa\u0107, wi\u0119c wystarczy pod\u0142\u0105czy\u0107 je za pomoc\u0105 kabla Type-C i kontynuowa\u0107 u\u017cywanie a\u017c do ostatniego zaci\u0105gni\u0119cia. Jest to praktyczne rozwi\u0105zanie dla Twojej kieszeni i lepsze dla otaczaj\u0105cego nas \u015bwiata!<\/p>\n<\/div>\n<h3 style=\"color: #2c3e50\">Fakty techniczne \ud83d\udcca<\/h3>\n<table style=\"width: 100%;border-collapse: collapse;margin-bottom: 20px\">\n<thead>\n<tr style=\"background-color: #2c3e50;color: white\">\n<th style=\"padding: 12px;border: 1px solid #ddd\">Specyfikacja<\/th>\n<th style=\"padding: 12px;border: 1px solid #ddd\">Detale<\/th>\n<\/tr>\n<\/thead>\n<tbody>\n<tr>\n<td style=\"padding: 10px;border: 1px solid #ddd;font-weight: bold\">Puff Count<\/td>\n<td style=\"padding: 10px;border: 1px solid #ddd\">200 000 Puffs<\/td>\n<\/tr>\n<tr>\n<td style=\"padding: 10px;border: 1px solid #ddd;font-weight: bold\">Bateria<\/td>\n<td style=\"padding: 10px;border: 1px solid #ddd\">600mAh (Zasilany przez USB-C)<\/td>\n<\/tr>\n<tr>\n<td style=\"padding: 10px;border: 1px solid #ddd;font-weight: bold\">System cewek<\/td>\n<td style=\"padding: 10px;border: 1px solid #ddd\">1,2\u03a9 podw\u00f3jna cewka siatkowa<\/td>\n<\/tr>\n<tr>\n<td style=\"padding: 10px;border: 1px solid #ddd;font-weight: bold\">Ekran<\/td>\n<td style=\"padding: 10px;border: 1px solid #ddd\">Cyfrowy Inteligentny Monitor<\/td>\n<\/tr>\n<tr>\n<td style=\"padding: 10px;border: 1px solid #ddd;font-weight: bold\">Do\u015bwiadczenie<\/td>\n<td style=\"padding: 10px;border: 1px solid #ddd\">6 w 1 - prze\u0142\u0105czane opcje<\/td>\n<\/tr>\n<\/tbody>\n<\/table>\n<div style=\"background-color: #fff9e6;border: 2px dashed #f39c12;border-radius: 15px;padding: 25px;margin-top: 30px\">\n<h3 style=\"color: #d35400;margin-top: 0;text-align: center\">Cz\u0119sto Zadawane Pytania (FAQ)<\/h3>\n<div style=\"margin-bottom: 15px\">\n<p style=\"font-weight: bold;color: #2980b9;margin-bottom: 5px\">Jak na\u0142adowa\u0107 m\u00f3j BANG BLAZE?<\/p>\n<p style=\"margin-top: 0;color: #444\">Po prostu u\u017cyj kabla Type-C (jak w wi\u0119kszo\u015bci nowoczesnych telefon\u00f3w) i pod\u0142\u0105cz go do dolnej cz\u0119\u015bci urz\u0105dzenia. Inteligentny ekran poka\u017ce Ci stan baterii!<\/p>\n<\/div>\n<hr style=\"border: 0;border-top: 1px solid #f39c12;margin: 15px 0\" \/>\n<div style=\"margin-bottom: 15px\">\n<p style=\"font-weight: bold;color: #2980b9;margin-bottom: 5px\">Czy mog\u0119 kupi\u0107 te produkty w du\u017cych ilo\u015bciach dla mojego sklepu?<\/p>\n<p style=\"margin-top: 0;color: #444\">Tak! VapeXYZ jest wiod\u0105c\u0105 platform\u0105 hurtow\u0105. Specjalizujemy si\u0119 w zam\u00f3wieniach hurtowych na jednorazowe e-papierosy na terenie Europy, oferuj\u0105c najbardziej konkurencyjne ceny.<\/p>\n<\/div>\n<hr style=\"border: 0;border-top: 1px solid #f39c12;margin: 15px 0\" \/>\n<div style=\"margin-bottom: 0\">\n<p style=\"font-weight: bold;color: #2980b9;margin-bottom: 5px\">Ile opcji jest w jednym urz\u0105dzeniu?<\/p>\n<p style=\"margin-top: 0;color: #444\">Ka\u017cde urz\u0105dzenie BANG BLAZE 200K jest wyposa\u017cone w konfiguracj\u0119 \u201c6 w 1\u201d, co oznacza, \u017ce otrzymujesz r\u00f3\u017cnorodno\u015b\u0107 6 r\u00f3\u017cnych do\u015bwiadcze\u0144 w ka\u017cdej pojedynczej jednostce!<\/p>\n<\/div>\n<\/div>\n<p><img loading=\"lazy\" decoding=\"async\" class=\"size-full wp-image-69550 aligncenter\" src=\"https:\/\/vapexyz.com\/wp-content\/uploads\/2026\/03\/BANG-BLAZE-200K-DSK069-Disposable-Vapes-Wholesale-Bulk-Buy-200000-Puffs-6-In-1-Switchable-Dual-Mesh-scaled.webp\" alt=\"BANG BLAZE 200K DSK069 Jednorazowe Waporyzatory Hurtownia Zakup 200000 Puffs 6 W 1 Prze\u0142\u0105czane Podw\u00f3jna Siatka\" width=\"1129\" height=\"2560\" title=\"\" srcset=\"https:\/\/vapexyz.com\/wp-content\/uploads\/2026\/03\/BANG-BLAZE-200K-DSK069-Disposable-Vapes-Wholesale-Bulk-Buy-200000-Puffs-6-In-1-Switchable-Dual-Mesh-scaled.webp 1129w, https:\/\/vapexyz.com\/wp-content\/uploads\/2026\/03\/BANG-BLAZE-200K-DSK069-Disposable-Vapes-Wholesale-Bulk-Buy-200000-Puffs-6-In-1-Switchable-Dual-Mesh-221x500.webp 221w, https:\/\/vapexyz.com\/wp-content\/uploads\/2026\/03\/BANG-BLAZE-200K-DSK069-Disposable-Vapes-Wholesale-Bulk-Buy-200000-Puffs-6-In-1-Switchable-Dual-Mesh-452x1024.webp 452w, https:\/\/vapexyz.com\/wp-content\/uploads\/2026\/03\/BANG-BLAZE-200K-DSK069-Disposable-Vapes-Wholesale-Bulk-Buy-200000-Puffs-6-In-1-Switchable-Dual-Mesh-768x1741.webp 768w, https:\/\/vapexyz.com\/wp-content\/uploads\/2026\/03\/BANG-BLAZE-200K-DSK069-Disposable-Vapes-Wholesale-Bulk-Buy-200000-Puffs-6-In-1-Switchable-Dual-Mesh-677x1536.webp 677w, https:\/\/vapexyz.com\/wp-content\/uploads\/2026\/03\/BANG-BLAZE-200K-DSK069-Disposable-Vapes-Wholesale-Bulk-Buy-200000-Puffs-6-In-1-Switchable-Dual-Mesh-903x2048.webp 903w, https:\/\/vapexyz.com\/wp-content\/uploads\/2026\/03\/BANG-BLAZE-200K-DSK069-Disposable-Vapes-Wholesale-Bulk-Buy-200000-Puffs-6-In-1-Switchable-Dual-Mesh-5x12.webp 5w, https:\/\/vapexyz.com\/wp-content\/uploads\/2026\/03\/BANG-BLAZE-200K-DSK069-Disposable-Vapes-Wholesale-Bulk-Buy-200000-Puffs-6-In-1-Switchable-Dual-Mesh-510x1156.webp 510w\" sizes=\"auto, (max-width: 1129px) 100vw, 1129px\" \/><\/p>\n<p style=\"text-align: center;margin-top: 40px;font-size: 1.3em;color: #2ecc71;font-weight: bold\">\u2728 Gotowy do do\u015bwiadczenia najlepszego puchu? Odwied\u017a <a href=\"https:\/\/vapexyz.com\/pl\/\">VapeXYZ<\/a> i otrzymaj sw\u00f3j BANG BLAZE 200K dzisiaj!<\/p>\n<\/article>","protected":false},"excerpt":{"rendered":"<div id=\"model-response-message-contentr_001ec7cad91754b3\" class=\"markdown markdown-main-panel tutor-markdown-rendering stronger enable-updated-hr-color\" dir=\"ltr\" aria-live=\"polite\">\n<p data-path-to-node=\"0\">Podnie\u015b sw\u00f3j inventarz z BANG BLAZE 200K DSK069, pot\u0119\u017cn\u0105 jednorazow\u0105 vape o niesamowitych 200 000 zaci\u0105gni\u0119ciach, inteligentnej technologii ekranu i wszechstronnych opcjach 6 w 1, dost\u0119pn\u0105 na wybrane zakupy hurtowe wy\u0142\u0105cznie w VapeXYZ.<\/p>\n<\/div>","protected":false},"featured_media":69552,"comment_status":"open","ping_status":"closed","template":"","meta":{"_lmt_disableupdate":"no","_lmt_disable":""},"product_brand":[],"product_cat":[821,1106,947,935,934,927,929,928,930,933,939,932,938,931,936,937,1017,949,946,950,951,953,1105,987],"product_tag":[],"class_list":{"0":"post-69406","1":"product","2":"type-product","3":"status-publish","4":"has-post-thumbnail","6":"product_cat-bang","7":"product_cat-200000-puffs-vapes","8":"product_cat-big-puffs-vapes","9":"product_cat-bulk-buy-disposable-vapes-in-austria","10":"product_cat-bulk-buy-disposable-vapes-in-belgium","11":"product_cat-bulk-buy-disposable-vapes-in-europe","12":"product_cat-bulk-buy-disposable-vapes-in-france","13":"product_cat-bulk-buy-disposable-vapes-in-germany","14":"product_cat-bulk-buy-disposable-vapes-in-italy","15":"product_cat-bulk-buy-disposable-vapes-in-netherlands","16":"product_cat-bulk-buy-disposable-vapes-in-norway","17":"product_cat-bulk-buy-disposable-vapes-in-poland","18":"product_cat-bulk-buy-disposable-vapes-in-portugal","19":"product_cat-bulk-buy-disposable-vapes-in-spain","20":"product_cat-bulk-buy-disposable-vapes-in-sweden","21":"product_cat-bulk-buy-disposable-vapes-in-switzerland","22":"product_cat-buy-best-disposable-vape-flavors","23":"product_cat-digital-box-vapes","24":"product_cat-disposable-vapes-series","25":"product_cat-dual-mesh-vapes","26":"product_cat-lower-nicotine-vapes","27":"product_cat-rechargeable-vapes","28":"product_cat-six-flavor-vapes","29":"product_cat-vape-shop-by-puffs","31":"first","32":"instock","33":"shipping-taxable","34":"purchasable","35":"product-type-variable","36":"has-default-attributes"},"jetpack_sharing_enabled":true,"tiered_pricing_type":"fixed","tiered_pricing_fixed_rules":[],"tiered_pricing_product_settings":{"layout":"default","base_unit_name":{"singular":null,"plural":null},"default_variation":null},"tiered_pricing_minimum_quantity":null,"tiered_pricing_roles_data":[],"tiered_pricing_percentage_rules":[],"tiered_pricing_maximum_quantity":null,"tiered_pricing_quantity_step":null,"_links":{"self":[{"href":"https:\/\/vapexyz.com\/pl\/wp-json\/wp\/v2\/product\/69406","targetHints":{"allow":["GET"]}}],"collection":[{"href":"https:\/\/vapexyz.com\/pl\/wp-json\/wp\/v2\/product"}],"about":[{"href":"https:\/\/vapexyz.com\/pl\/wp-json\/wp\/v2\/types\/product"}],"replies":[{"embeddable":true,"href":"https:\/\/vapexyz.com\/pl\/wp-json\/wp\/v2\/comments?post=69406"}],"wp:featuredmedia":[{"embeddable":true,"href":"https:\/\/vapexyz.com\/pl\/wp-json\/wp\/v2\/media\/69552"}],"wp:attachment":[{"href":"https:\/\/vapexyz.com\/pl\/wp-json\/wp\/v2\/media?parent=69406"}],"wp:term":[{"taxonomy":"product_brand","embeddable":true,"href":"https:\/\/vapexyz.com\/pl\/wp-json\/wp\/v2\/product_brand?post=69406"},{"taxonomy":"product_cat","embeddable":true,"href":"https:\/\/vapexyz.com\/pl\/wp-json\/wp\/v2\/product_cat?post=69406"},{"taxonomy":"product_tag","embeddable":true,"href":"https:\/\/vapexyz.com\/pl\/wp-json\/wp\/v2\/product_tag?post=69406"}],"curies":[{"name":"wp","href":"https:\/\/api.w.org\/{rel}","templated":true}]}}