{"id":62450,"date":"2026-01-20T08:40:34","date_gmt":"2026-01-20T08:40:34","guid":{"rendered":"https:\/\/vapexyz.com\/?post_type=product&#038;p=62450"},"modified":"2026-03-04T12:51:47","modified_gmt":"2026-03-04T12:51:47","slug":"bang-king-potrojny-100k-3-w-1-przelacznik-100000-pff-smart-mesh-jednorazowa-vape-hurtownia-zakup-luzem-dsk043","status":"publish","type":"product","link":"https:\/\/vapexyz.com\/pl\/product\/bang-king-triple-100k-3-in-i-switch-100000-puffs-smart-mesh-disposable-vape-wholesale-bulk-buy-dsk043\/","title":{"rendered":"BANG KING Potr\u00f3jny 100K 3 w 1 Prze\u0142\u0105cznik 100000 Puff\u00f3w Inteligentna Siatka Jednorazowa Vape Hurtownia Zakup luzem DSK043"},"content":{"rendered":"<article>\n<h2 style=\"color: #2c3e50; text-align: center;\"><a href=\"https:\/\/vapexyz.com\/pl\/kategoria-produktu\/huk\/\">BANG KING<\/a> Potr\u00f3jne 100K: <a href=\"https:\/\/vapexyz.com\/pl\/\">Kr\u00f3l Wszystkich Jednorazowych Waporyzator\u00f3w<\/a><\/h2>\n<p>Cze\u015b\u0107! Czy szukasz jednorazowej e-papierosy, kt\u00f3ra wytrzymuje niezwykle d\u0142ugo? No c\u00f3\u017c, jeste\u015b we w\u0142a\u015bciwym miejscu! W VapeXYZ jeste\u015bmy niezwykle podekscytowani, \u017ce mo\u017cemy ci przedstawi\u0107 BANG KING Triple 100K. To nie jest zwyk\u0142a e-papieros; to gigant w \u015bwiecie jednorazowych e-papieros\u00f3w!<\/p>\n<p>Wyobra\u017a sobie urz\u0105dzenie, kt\u00f3re daje Ci 100 000 zaci\u0105gni\u0119\u0107. To du\u017co zabawy zawartej w jednej fajnej maszynie. U\u017cywa specjalnego systemu \u201cTriple\u201d, co oznacza, \u017ce ma trzy oddzielne cz\u0119\u015bci, aby zapewni\u0107, \u017ce ka\u017cde zaci\u0105gni\u0119cie pozostaje \u015bwie\u017ce i smaczne. Niezale\u017cnie od tego, czy jeste\u015b firm\u0105 szukaj\u0105c\u0105 hurtowych ofert, czy po prostu osob\u0105, kt\u00f3ra chce mie\u0107 to, co najlepsze, VapeXYZ jest najlepsz\u0105 europejsk\u0105 platform\u0105, na kt\u00f3rej mo\u017cesz kupi\u0107 swoje jednorazowe vape'y luzem.<\/p>\n<div style=\"background-color: #f0f7ff; border-left: 5px solid #3498db; padding: 20px; margin: 20px 0; border-radius: 8px;\">\n<h3 style=\"margin-top: 0; color: #2980b9;\">Dlaczego BANG KING Triple 100K jest tak wyj\u0105tkowy?<\/h3>\n<p>To urz\u0105dzenie jest jak inteligentny robot. Ma ma\u0142y ekran, kt\u00f3ry informuje Ci\u0119 dok\u0142adnie, ile mocy pozosta\u0142o w baterii i jaka pojemno\u015b\u0107 nadal dost\u0119pna. Koniec z domys\u0142ami! Zosta\u0142o zaprojektowane, aby \u0142atwo si\u0119 je trzyma\u0142o i wygl\u0105da bardzo stylowo z jasnymi kolorami. Jest idealnym wyborem dla ka\u017cdego, kto chce jednorazowego waporyzatora, kt\u00f3ry jest niezawodny i pot\u0119\u017cny.<\/p>\n<\/div>\n<h2 style=\"color: #2c3e50;\">Niesamowite funkcje, kt\u00f3re pokochasz<\/h2>\n<ul>\n<li>Masywna liczba pff\u00f3w: uzyskaj do 100 000 pff\u00f3w z jednego urz\u0105dzenia!<\/li>\n<li>Potr\u00f3jna Cewka Siatkowa: Ta technologia sprawia, \u017ce chmury s\u0105 du\u017ce, a smak jest niesamowity za ka\u017cdym razem.<\/li>\n<li>Inteligentny ekran LED: Jasny wy\u015bwietlacz pokazuje poziom na\u0142adowania baterii i pozosta\u0142\u0105 pojemno\u015b\u0107.<\/li>\n<li>Bateria akumulatorowa: Wykorzystuje kabel Type-C, dzi\u0119ki czemu mo\u017cesz j\u0105 szybko na\u0142adowa\u0107 i nigdy nie zmarnowa\u0107 ani jednej kropli pojemno\u015bci.<\/li>\n<li>Ogromna pojemno\u015b\u0107: Pomie\u015bci du\u017c\u0105 pojemno\u015b\u0107 w ca\u0142ym systemie potr\u00f3jnego zbiornika, zapewniaj\u0105c d\u0142ugotrwa\u0142\u0105 przyjemno\u015b\u0107.<\/li>\n<li>Zakupy hurtowe: Idealne dla hurtowych nabywc\u00f3w w VapeXYZ.<\/li>\n<\/ul>\n<h2 style=\"color: #2c3e50;\">\ud83c\udf53 Twoja BANG KING 100K DSK043 Opcje 3 w 1 Multi-Smak Lista<\/h2>\n<p>Sprawd\u017a nasz\u0105 niesamowit\u0105 tabel\u0119 opcji! Ka\u017cda liczba daje Ci trzy r\u00f3\u017cne smaki, mi\u0119dzy kt\u00f3rymi mo\u017cesz prze\u0142\u0105cza\u0107 si\u0119 w jednym urz\u0105dzeniu:<\/p>\n<table style=\"width: 100%; border-collapse: collapse; margin: 20px 0; border: 1px solid #eee; font-size: 0.9em; text-align: center;\">\n<thead>\n<tr style=\"background-color: #f8f9fa; color: #333; font-weight: bold;\">\n<th style=\"padding: 10px; border: 1px solid #eee;\">Nie.<\/th>\n<th style=\"padding: 10px; border: 1px solid #eee;\">Opcja A<\/th>\n<th style=\"padding: 10px; border: 1px solid #eee;\">Opcja B<\/th>\n<th style=\"padding: 10px; border: 1px solid #eee;\">Opcja C<\/th>\n<\/tr>\n<\/thead>\n<tbody>\n<tr>\n<td style=\"padding: 8px; border: 1px solid #eee;\">1<\/td>\n<td style=\"padding: 8px; border: 1px solid #eee;\">Arbuzowy l\u00f3d<\/td>\n<td style=\"padding: 8px; border: 1px solid #eee;\">Red Bull<\/td>\n<td style=\"padding: 8px; border: 1px solid #eee;\">Truskawka Kiwi<\/td>\n<\/tr>\n<tr>\n<td style=\"padding: 8px; border: 1px solid #eee;\">2<\/td>\n<td style=\"padding: 8px; border: 1px solid #eee;\">Lemon Lime<\/td>\n<td style=\"padding: 8px; border: 1px solid #eee;\">Arbuz truskawkowy<\/td>\n<td style=\"padding: 8px; border: 1px solid #eee;\">L\u00f3d jagodowy<\/td>\n<\/tr>\n<tr>\n<td style=\"padding: 8px; border: 1px solid #eee;\">3<\/td>\n<td style=\"padding: 8px; border: 1px solid #eee;\">Banan truskawkowy<\/td>\n<td style=\"padding: 8px; border: 1px solid #eee;\">Lemon Lime<\/td>\n<td style=\"padding: 8px; border: 1px solid #eee;\">Arbuz malinowy<\/td>\n<\/tr>\n<tr>\n<td style=\"padding: 8px; border: 1px solid #eee;\">4<\/td>\n<td style=\"padding: 8px; border: 1px solid #eee;\">Truskawka Kiwi<\/td>\n<td style=\"padding: 8px; border: 1px solid #eee;\">Sour Mango Pineapple<\/td>\n<td style=\"padding: 8px; border: 1px solid #eee;\">Red Bull<\/td>\n<\/tr>\n<tr>\n<td style=\"padding: 8px; border: 1px solid #eee;\">5<\/td>\n<td style=\"padding: 8px; border: 1px solid #eee;\">Owoce tropikalne<\/td>\n<td style=\"padding: 8px; border: 1px solid #eee;\">Arbuz truskawkowy<\/td>\n<td style=\"padding: 8px; border: 1px solid #eee;\">Cytrynowa Brzoskwinia<\/td>\n<\/tr>\n<tr>\n<td style=\"padding: 8px; border: 1px solid #eee;\">6<\/td>\n<td style=\"padding: 8px; border: 1px solid #eee;\">Ananas Kokos<\/td>\n<td style=\"padding: 8px; border: 1px solid #eee;\">Banan truskawkowy<\/td>\n<td style=\"padding: 8px; border: 1px solid #eee;\">Blue Razz \n(nie wymaga t\u0142umaczenia) \nBlue Razz<\/td>\n<\/tr>\n<tr>\n<td style=\"padding: 8px; border: 1px solid #eee;\">7<\/td>\n<td style=\"padding: 8px; border: 1px solid #eee;\">Truskawka Malina<\/td>\n<td style=\"padding: 8px; border: 1px solid #eee;\">Potr\u00f3jny Melon<\/td>\n<td style=\"padding: 8px; border: 1px solid #eee;\">Sour Mango Pineapple<\/td>\n<\/tr>\n<tr>\n<td style=\"padding: 8px; border: 1px solid #eee;\">8<\/td>\n<td style=\"padding: 8px; border: 1px solid #eee;\">Arbuz malinowy<\/td>\n<td style=\"padding: 8px; border: 1px solid #eee;\">Truskawka Kiwi<\/td>\n<td style=\"padding: 8px; border: 1px solid #eee;\">Mango Brzoskwinia<\/td>\n<\/tr>\n<tr>\n<td style=\"padding: 8px; border: 1px solid #eee;\">9<\/td>\n<td style=\"padding: 8px; border: 1px solid #eee;\">Strawberry Vanilla Coke<\/td>\n<td style=\"padding: 8px; border: 1px solid #eee;\">Bor\u00f3wka Malina<\/td>\n<td style=\"padding: 8px; border: 1px solid #eee;\">Lemon Lime<\/td>\n<\/tr>\n<tr>\n<td style=\"padding: 8px; border: 1px solid #eee;\">10<\/td>\n<td style=\"padding: 8px; border: 1px solid #eee;\">Arbuz<\/td>\n<td style=\"padding: 8px; border: 1px solid #eee;\">Lody truskawkowe<\/td>\n<td style=\"padding: 8px; border: 1px solid #eee;\">Potr\u00f3jny Melon<\/td>\n<\/tr>\n<\/tbody>\n<\/table>\n<h2 style=\"color: #2c3e50;\">Szybkie por\u00f3wnanie produkt\u00f3w<\/h2>\n<div style=\"flex-wrap: wrap; gap: 20px; justify-content: center; margin-bottom: 30px;\">\n<div style=\"border: 2px solid #3498db; border-radius: 15px; padding: 20px; width: 280px; text-align: center; background-color: #fff;\">\n<h3 style=\"color: #3498db;\">Standard Vapes<\/h3>\n<p>5 000 - 10 000 Puffs<\/p>\n<p>Ma\u0142a bateria<\/p>\n<p>Brak ekranu<\/p>\n<p>Pojemnik Pojedynczy<\/p>\n<\/div>\n<div style=\"border: 2px solid #e74c3c; border-radius: 15px; padding: 20px; width: 280px; text-align: center; background-color: #fff;\">\n<h3 style=\"color: #e74c3c;\">BANG KING Potr\u00f3jny 100K<\/h3>\n<p>100 000 Puffs<\/p>\n<p>Szybkie \u0142adowanie<\/p>\n<p>Inteligentny ekran LED<\/p>\n<p>System Trzech Zbiornik\u00f3w<\/p>\n<\/div>\n<\/div>\n<h2 style=\"color: #2c3e50;\">Specyfikacje techniczne<\/h2>\n<table style=\"width: 100%; border-collapse: collapse; margin-bottom: 30px; border: 1px solid #ddd;\">\n<thead>\n<tr style=\"background-color: #3498db; color: white; text-align: left;\">\n<th style=\"padding: 12px; border: 1px solid #ddd;\">Cecha<\/th>\n<th style=\"padding: 12px; border: 1px solid #ddd;\">Detale<\/th>\n<\/tr>\n<\/thead>\n<tbody>\n<tr>\n<td style=\"padding: 12px; border: 1px solid #ddd; background-color: #f9f9f9;\">Puff Total<\/td>\n<td style=\"padding: 12px; border: 1px solid #ddd;\">100 000 Puffs<\/td>\n<\/tr>\n<tr style=\"background-color: #fff;\">\n<td style=\"padding: 12px; border: 1px solid #ddd; background-color: #f9f9f9;\">Port do \u0142adowania<\/td>\n<td style=\"padding: 12px; border: 1px solid #ddd;\">USB typu C<\/td>\n<\/tr>\n<tr>\n<td style=\"padding: 12px; border: 1px solid #ddd; background-color: #f9f9f9;\">Typ cewki<\/td>\n<td style=\"padding: 12px; border: 1px solid #ddd;\">Potr\u00f3jna Cewka Siatkowa<\/td>\n<\/tr>\n<tr style=\"background-color: #fff;\">\n<td style=\"padding: 12px; border: 1px solid #ddd; background-color: #f9f9f9;\">Ekran wy\u015bwietlania<\/td>\n<td style=\"padding: 12px; border: 1px solid #ddd;\">Wska\u017anik baterii i pojemno\u015bci Smart LED<\/td>\n<\/tr>\n<tr>\n<td style=\"padding: 12px; border: 1px solid #ddd; background-color: #f9f9f9;\">Tryb u\u017cytkowania<\/td>\n<td style=\"padding: 12px; border: 1px solid #ddd;\">Aktywowany przez wdychanie (Just Breathe In!)<\/td>\n<\/tr>\n<\/tbody>\n<\/table>\n<div style=\"background-color: #fff4e5; border: 2px dashed #f39c12; padding: 20px; border-radius: 10px; margin-bottom: 30px;\">\n<h3 style=\"color: #d35400; margin-top: 0;\">Czy wiesz?<\/h3>\n<p>\u201cTriple\u201d w BANG KING Triple 100K oznacza, \u017ce urz\u0105dzenie zosta\u0142o zaprojektowane z trzema wewn\u0119trznymi sekcjami. Dzi\u0119ki temu pojemno\u015b\u0107 pozostaje \u015bwie\u017ca przez znacznie d\u0142u\u017cszy czas ni\u017c w przypadku standardowych jednorazowych waporyzator\u00f3w. To jak posiadanie trzech waporyzator\u00f3w po\u0142\u0105czonych w jedno super urz\u0105dzenie! Mo\u017cesz znale\u017a\u0107 je dla swojego sklepu po cenach hurtowych na VapeXYZ.<\/p>\n<\/div>\n<section style=\"background-color: #f4f4f4; padding: 25px; border-radius: 15px;\">\n<h2 style=\"color: #2c3e50; text-align: center;\">Cz\u0119sto zadawane pytania (FAQ)<\/h2>\n<div style=\"margin-bottom: 15px; background: white; padding: 15px; border-radius: 8px;\">\n<p>1. Sk\u0105d wiem, \u017ce bateria jest s\u0142aba?<\/p>\n<p>Sp\u00f3jrz tylko na inteligentny ekran LED! Wy\u015bwietla liczb\u0119 wskazuj\u0105c\u0105 poziom na\u0142adowania baterii. Je\u015bli jest niski, po prostu pod\u0142\u0105cz kabel Type-C.<\/p>\n<\/div>\n<div style=\"margin-bottom: 15px; background: white; padding: 15px; border-radius: 8px;\">\n<p>2. Czy mog\u0119 kupi\u0107 te rzeczy w du\u017cych ilo\u015bciach?<\/p>\n<p>Tak! Specjalizujemy si\u0119 w zam\u00f3wieniach hurtowych. Odwied\u017a VapeXYZ, aby uzyska\u0107 najlepsze ceny na zakupy luzem w Europie.<\/p>\n<\/div>\n<div style=\"margin-bottom: 15px; background: white; padding: 15px; border-radius: 8px;\">\n<p>3. Czy trudno go u\u017cywa\u0107?<\/p>\n<p>Wcale nie! Nie ma \u017cadnych przycisk\u00f3w. Po prostu zaci\u0105gnij si\u0119 i jednorazowa vape zaczyna dzia\u0142a\u0107 automatycznie. To bardzo proste!<\/p>\n<\/div>\n<div style=\"margin-bottom: 0; background: white; padding: 15px; border-radius: 8px;\">\n<p>4. Jak d\u0142ugo wystarcz\u0105 100 000 zaci\u0105gni\u0119\u0107?<\/p>\n<p>To trwa bardzo d\u0142ugo! W zale\u017cno\u015bci od tego, jak cz\u0119sto go u\u017cywasz, jedno urz\u0105dzenie mo\u017ce dzia\u0142a\u0107 przez wiele tygodni, a nawet miesi\u0119cy.<\/p>\n<\/div>\n<\/section>\n<p style=\"text-align: center; margin-top: 40px; font-size: 1.1em;\">Gotowy do ulepszenia swojego sklepu? Odwied\u017a VapeXYZ ju\u017c dzi\u015b, aby znale\u017a\u0107 najlepsze jednorazowe e-papierosy i oferty hurtowe w Europie!<\/p>\n<p><img loading=\"lazy\" decoding=\"async\" class=\"size-full wp-image-63162 aligncenter\" src=\"https:\/\/vapexyz.com\/wp-content\/uploads\/2025\/12\/BANG-KING-Triple-100K-100000-Puffs-Smart-Mesh-Disposable-Vape-Wholesale-Bulk-Buy-Rechargeable-Series-scaled.webp\" alt=\"BANG KING Potr\u00f3jny 100K 100000 Puff\u00f3w Inteligentny Mesh Jednorazowy Waporyzator Hurtownia Zakup Luzem Seria Z Rechargeable\" width=\"1422\" height=\"2560\" title=\"\" srcset=\"https:\/\/vapexyz.com\/wp-content\/uploads\/2025\/12\/BANG-KING-Triple-100K-100000-Puffs-Smart-Mesh-Disposable-Vape-Wholesale-Bulk-Buy-Rechargeable-Series-scaled.webp 1422w, https:\/\/vapexyz.com\/wp-content\/uploads\/2025\/12\/BANG-KING-Triple-100K-100000-Puffs-Smart-Mesh-Disposable-Vape-Wholesale-Bulk-Buy-Rechargeable-Series-scaled-510x918.webp 510w, https:\/\/vapexyz.com\/wp-content\/uploads\/2025\/12\/BANG-KING-Triple-100K-100000-Puffs-Smart-Mesh-Disposable-Vape-Wholesale-Bulk-Buy-Rechargeable-Series-278x500.webp 278w, https:\/\/vapexyz.com\/wp-content\/uploads\/2025\/12\/BANG-KING-Triple-100K-100000-Puffs-Smart-Mesh-Disposable-Vape-Wholesale-Bulk-Buy-Rechargeable-Series-569x1024.webp 569w, https:\/\/vapexyz.com\/wp-content\/uploads\/2025\/12\/BANG-KING-Triple-100K-100000-Puffs-Smart-Mesh-Disposable-Vape-Wholesale-Bulk-Buy-Rechargeable-Series-768x1383.webp 768w, https:\/\/vapexyz.com\/wp-content\/uploads\/2025\/12\/BANG-KING-Triple-100K-100000-Puffs-Smart-Mesh-Disposable-Vape-Wholesale-Bulk-Buy-Rechargeable-Series-853x1536.webp 853w, https:\/\/vapexyz.com\/wp-content\/uploads\/2025\/12\/BANG-KING-Triple-100K-100000-Puffs-Smart-Mesh-Disposable-Vape-Wholesale-Bulk-Buy-Rechargeable-Series-1138x2048.webp 1138w, https:\/\/vapexyz.com\/wp-content\/uploads\/2025\/12\/BANG-KING-Triple-100K-100000-Puffs-Smart-Mesh-Disposable-Vape-Wholesale-Bulk-Buy-Rechargeable-Series-7x12.webp 7w\" sizes=\"auto, (max-width: 1422px) 100vw, 1422px\" \/><\/p>\n<\/article>","protected":false},"excerpt":{"rendered":"<p>Do\u015bwiadcz najwy\u017cszego poziomu trwa\u0142o\u015bci i wydajno\u015bci z BANG KING Triple 100K, jednorazow\u0105 inteligentn\u0105 elektroniczn\u0105 papierosem z siatk\u0105, kt\u00f3ry mo\u017cna \u0142adowa\u0107, o ogromnej pojemno\u015bci 100 000 zaci\u0105gni\u0119\u0107, dost\u0119pn\u0105 w sprzeda\u017cy hurtowej na VapeXYZ.<\/p>","protected":false},"featured_media":63152,"comment_status":"open","ping_status":"closed","template":"","meta":{"_lmt_disableupdate":"no","_lmt_disable":""},"product_brand":[],"product_cat":[821,1056,935,934,927,929,928,930,933,939,932,938,931,936,937,1017,946,1083,950,951,953,820,987],"product_tag":[],"class_list":{"0":"post-62450","1":"product","2":"type-product","3":"status-publish","4":"has-post-thumbnail","6":"product_cat-bang","7":"product_cat-100000-puff-vapes","8":"product_cat-bulk-buy-disposable-vapes-in-austria","9":"product_cat-bulk-buy-disposable-vapes-in-belgium","10":"product_cat-bulk-buy-disposable-vapes-in-europe","11":"product_cat-bulk-buy-disposable-vapes-in-france","12":"product_cat-bulk-buy-disposable-vapes-in-germany","13":"product_cat-bulk-buy-disposable-vapes-in-italy","14":"product_cat-bulk-buy-disposable-vapes-in-netherlands","15":"product_cat-bulk-buy-disposable-vapes-in-norway","16":"product_cat-bulk-buy-disposable-vapes-in-poland","17":"product_cat-bulk-buy-disposable-vapes-in-portugal","18":"product_cat-bulk-buy-disposable-vapes-in-spain","19":"product_cat-bulk-buy-disposable-vapes-in-sweden","20":"product_cat-bulk-buy-disposable-vapes-in-switzerland","21":"product_cat-buy-best-disposable-vape-flavors","22":"product_cat-disposable-vapes-series","23":"product_cat-double-flavor-vapes","24":"product_cat-dual-mesh-vapes","25":"product_cat-lower-nicotine-vapes","26":"product_cat-rechargeable-vapes","27":"product_cat-vape","28":"product_cat-vape-shop-by-puffs","30":"first","31":"instock","32":"shipping-taxable","33":"purchasable","34":"product-type-variable","35":"has-default-attributes"},"jetpack_sharing_enabled":true,"tiered_pricing_type":"fixed","tiered_pricing_fixed_rules":[],"tiered_pricing_product_settings":{"layout":"default","base_unit_name":{"singular":null,"plural":null},"default_variation":null},"tiered_pricing_minimum_quantity":null,"tiered_pricing_roles_data":[],"tiered_pricing_percentage_rules":[],"tiered_pricing_maximum_quantity":null,"tiered_pricing_quantity_step":null,"_links":{"self":[{"href":"https:\/\/vapexyz.com\/pl\/wp-json\/wp\/v2\/product\/62450","targetHints":{"allow":["GET"]}}],"collection":[{"href":"https:\/\/vapexyz.com\/pl\/wp-json\/wp\/v2\/product"}],"about":[{"href":"https:\/\/vapexyz.com\/pl\/wp-json\/wp\/v2\/types\/product"}],"replies":[{"embeddable":true,"href":"https:\/\/vapexyz.com\/pl\/wp-json\/wp\/v2\/comments?post=62450"}],"wp:featuredmedia":[{"embeddable":true,"href":"https:\/\/vapexyz.com\/pl\/wp-json\/wp\/v2\/media\/63152"}],"wp:attachment":[{"href":"https:\/\/vapexyz.com\/pl\/wp-json\/wp\/v2\/media?parent=62450"}],"wp:term":[{"taxonomy":"product_brand","embeddable":true,"href":"https:\/\/vapexyz.com\/pl\/wp-json\/wp\/v2\/product_brand?post=62450"},{"taxonomy":"product_cat","embeddable":true,"href":"https:\/\/vapexyz.com\/pl\/wp-json\/wp\/v2\/product_cat?post=62450"},{"taxonomy":"product_tag","embeddable":true,"href":"https:\/\/vapexyz.com\/pl\/wp-json\/wp\/v2\/product_tag?post=62450"}],"curies":[{"name":"wp","href":"https:\/\/api.w.org\/{rel}","templated":true}]}}