{"id":62447,"date":"2026-01-28T07:45:36","date_gmt":"2026-01-28T07:45:36","guid":{"rendered":"https:\/\/vapexyz.com\/?post_type=product&#038;p=62447"},"modified":"2026-01-28T07:45:36","modified_gmt":"2026-01-28T07:45:36","slug":"fihp-triple-taste-3-w-1-90k-90000-pff-wszechstronna-seria-pff-jednorazowy-waporyzator-hurtownia-zakup-luzem","status":"publish","type":"product","link":"https:\/\/vapexyz.com\/pl\/product\/fihp-triple-taste-3-in-1-90k-90000-puffs-versatile-series-puffs-disposable-vape-wholesale-bulk-buy\/","title":{"rendered":"FIHP Triple Taste 3 w 1 90K 90000 Puff\u00f3w Uniwersalna Seria Puff\u00f3w Jednorazowa Waporyzator Hurtownia Zakup luzem"},"content":{"rendered":"<article>\n<h2 style=\"color: #1a5276; text-align: center;\"><a href=\"https:\/\/vapexyz.com\/pl\/kategoria-produktu\/fih\/\">FIHP<\/a> 3 W 1 90K: Potr\u00f3jna Zabawa z 90 000 Puffs!<\/h2>\n<p>Czy szukasz jednorazowej e-papierosy, kt\u00f3ra wytrzymuje bardzo d\u0142ugo i nigdy nie staje si\u0119 nudna? Poznaj FIHP 3 W 1 90K! To specjalne urz\u0105dzenie jest cz\u0119\u015bci\u0105 <em>Seria Wszechstronna<\/em>, i zosta\u0142 zaprojektowany dla os\u00f3b, kt\u00f3re kochaj\u0105 r\u00f3\u017cnorodno\u015b\u0107 i wygod\u0119. Zamiast nosi\u0107 ze sob\u0105 trzy r\u00f3\u017cne urz\u0105dzenia, masz trzy niesamowite opcje w jednej stylowej obudowie!<\/p>\n<p>W VapeXYZ jeste\u015bmy najwi\u0119ksz\u0105 internetow\u0105 platform\u0105 hurtow\u0105 w Europie. Specjalizujemy si\u0119 w pomaganiu Tobie <a href=\"https:\/\/vapexyz.com\/pl\/\">hurtowo kupuj najlepsze jednorazowe e-papierosy<\/a> w niesamowitych cenach. Niezale\u017cnie od tego, czy jeste\u015b w Niemczech, Francji czy Hiszpanii, VapeXYZ jest Twoim najlepszym partnerem w zakresie produkt\u00f3w wysokiej jako\u015bci, takich jak FIHP 3 W 1 90K.<\/p>\n<div style=\"background-color: #f4f9fd; padding: 25px; border-radius: 15px; border-left: 8px solid #3498db; margin: 20px 0;\">\n<h3 style=\"margin-top: 0; color: #2980b9;\">Dlaczego nazywa si\u0119 to \u201c3 W 1\u201d?<\/h3>\n<p>To jest jak magia! Wewn\u0105trz tego jednorazowego waporyzatora znajduj\u0105 si\u0119 trzy oddzielne zbiorniki. Ka\u017cdy zbiornik ma inn\u0105 pojemno\u015b\u0107 Twoich ulubionych opcji. Za pomoc\u0105 prostego klikni\u0119cia lub prze\u0142\u0105cznika mo\u017cesz zmieni\u0107 to, co wdychasz. Jest idealny dla tych, kt\u00f3rzy chc\u0105 zmienia\u0107 rzeczy w ci\u0105gu dnia bez konieczno\u015bci posiadania wielu urz\u0105dze\u0144!<\/p>\n<\/div>\n<h3 style=\"color: #1f618d;\">Niesamowite funkcje, kt\u00f3re powiniene\u015b zna\u0107<\/h3>\n<ul style=\"line-height: 1.8; list-style-type: '\u2705 ';\">\n<li>Licznik Giant Puff: uzyskaj do 90 000 p\u0105czk\u00f3w w sumie (30 000 na zbiornik!).<\/li>\n<li>System Potr\u00f3jnego Zbiornika: Trzy opcje w jednym urz\u0105dzeniu\u2014po prostu prze\u0142\u0105cz i ciesz si\u0119.<\/li>\n<li>Inteligentny ekran LED: Monitoruj \u017cywotno\u015b\u0107 baterii i sprawd\u017a, ile pojemno\u015bci pozosta\u0142o w ka\u017cdym zbiorniku.<\/li>\n<li>Bateria akumulatorowa: Wyposa\u017cona w szybk\u0105 \u0142adowark\u0119 z portem typu C, dzi\u0119ki czemu zawsze jeste\u015b gotowy.<\/li>\n<li>Podw\u00f3jna Cewka Siatki: Zapewnia ka\u017cdorazowo g\u0142adki, klarowny i bardzo satysfakcjonuj\u0105cy oddech.<\/li>\n<li>Kompaktowa konstrukcja: Nawet z trzema zbiornikami, idealnie mie\u015bci si\u0119 w r\u0119ce lub kieszeni.<\/li>\n<\/ul>\n<h3 style=\"color: #1f618d;\">Ekscytuj\u0105ce kombinacje opcji do wypr\u00f3bowania<\/h3>\n<table style=\"width: 100%; border-collapse: collapse; margin: 20px 0; font-family: sans-serif;\">\n<thead>\n<tr style=\"background-color: #1e44ad; color: #ffffff; text-align: left;\">\n<th style=\"padding: 12px 15px; border: 1px solid #ddd;\">Opcja<\/th>\n<th style=\"padding: 12px 15px; border: 1px solid #ddd;\">Po\u0142\u0105czenia smak\u00f3w 3 w 1<\/th>\n<\/tr>\n<\/thead>\n<tbody>\n<tr>\n<td style=\"padding: 12px 15px; border: 1px solid #ddd; background-color: #f9f9f9;\">01<\/td>\n<td style=\"padding: 12px 15px; border: 1px solid #ddd;\">Fizzy Cherry i Lady Killer i Gummy Bear<\/td>\n<\/tr>\n<tr>\n<td style=\"padding: 12px 15px; border: 1px solid #ddd; background-color: #ffffff;\">02<\/td>\n<td style=\"padding: 12px 15px; border: 1px solid #ddd;\">Bor\u00f3wka Malina i Mi\u0142o\u015b\u0107 666 &amp; Brzoskwiowy L\u00f3d<\/td>\n<\/tr>\n<tr>\n<td style=\"padding: 12px 15px; border: 1px solid #ddd; background-color: #f9f9f9;\">03<\/td>\n<td style=\"padding: 12px 15px; border: 1px solid #ddd;\">Malina Arbuz &amp; Mieszane Jagody &amp; Mango Brzoskwinia<\/td>\n<\/tr>\n<tr>\n<td style=\"padding: 12px 15px; border: 1px solid #ddd; background-color: #ffffff;\">04<\/td>\n<td style=\"padding: 12px 15px; border: 1px solid #ddd;\">B\u0142\u0119kitny Lemoniada Razz &amp; Truskawkowy Malina &amp; Rainbow Candy<\/td>\n<\/tr>\n<tr>\n<td style=\"padding: 12px 15px; border: 1px solid #ddd; background-color: #f9f9f9;\">05<\/td>\n<td style=\"padding: 12px 15px; border: 1px solid #ddd;\">Arbuzowy Bubblegum &amp; L\u00f3d Winogronowy &amp; L\u00f3d Czarny Smok<\/td>\n<\/tr>\n<tr>\n<td style=\"padding: 12px 15px; border: 1px solid #ddd; background-color: #ffffff;\">06<\/td>\n<td style=\"padding: 12px 15px; border: 1px solid #ddd;\">Ananas Kokos &amp; Mieszane Owoce &amp; Cytryna Brzoskwinia<\/td>\n<\/tr>\n<tr>\n<td style=\"padding: 12px 15px; border: 1px solid #ddd; background-color: #f9f9f9;\">07<\/td>\n<td style=\"padding: 12px 15px; border: 1px solid #ddd;\">Podw\u00f3jne Jab\u0142ko &amp; Truskawka Banan &amp; Malina Arbuz<\/td>\n<\/tr>\n<tr>\n<td style=\"padding: 12px 15px; border: 1px solid #ddd; background-color: #ffffff;\">08<\/td>\n<td style=\"padding: 12px 15px; border: 1px solid #ddd;\">Arbuzowy l\u00f3d, Red Bull i truskawkowe kiwi<\/td>\n<\/tr>\n<tr>\n<td style=\"padding: 12px 15px; border: 1px solid #ddd; background-color: #f9f9f9;\">09<\/td>\n<td style=\"padding: 12px 15px; border: 1px solid #ddd;\">Bor\u00f3wka L\u00f3d &amp; Truskawka Arbuz &amp; Cytryna Limonka<\/td>\n<\/tr>\n<tr>\n<td style=\"padding: 12px 15px; border: 1px solid #ddd; background-color: #ffffff;\">10<\/td>\n<td style=\"padding: 12px 15px; border: 1px solid #ddd;\">Brzoskwiniowy Truskawkowy &amp; Potr\u00f3jny Melon &amp; Lody Arbuzowe<\/td>\n<\/tr>\n<\/tbody>\n<\/table>\n<h3 style=\"color: #1f618d;\">Specyfikacje produktu<\/h3>\n<table style=\"width: 100%; border-collapse: collapse; margin: 25px 0; font-family: Arial, sans-serif; border: 1px solid #ddd;\">\n<thead>\n<tr style=\"background-color: #2e86c1; color: white; text-align: left;\">\n<th style=\"padding: 15px; border: 1px solid #ddd;\">Cecha<\/th>\n<th style=\"padding: 15px; border: 1px solid #ddd;\">Szczeg\u00f3\u0142y specyfikacji<\/th>\n<\/tr>\n<\/thead>\n<tbody>\n<tr>\n<td style=\"padding: 12px; border: 1px solid #ddd; font-weight: bold;\">Totalne Puffy<\/td>\n<td style=\"padding: 12px; border: 1px solid #ddd;\">90 000 Puffs<\/td>\n<\/tr>\n<tr style=\"background-color: #f2f2f2;\">\n<td style=\"padding: 12px; border: 1px solid #ddd; font-weight: bold;\">Liczba czo\u0142g\u00f3w<\/td>\n<td style=\"padding: 12px; border: 1px solid #ddd;\">3 niezale\u017cne zbiorniki (prz\u0142\u0105czalne)<\/td>\n<\/tr>\n<tr>\n<td style=\"padding: 12px; border: 1px solid #ddd; font-weight: bold;\">Bateria<\/td>\n<td style=\"padding: 12px; border: 1px solid #ddd;\">850mAh Akumulator (Type-C)<\/td>\n<\/tr>\n<tr style=\"background-color: #f2f2f2;\">\n<td style=\"padding: 12px; border: 1px solid #ddd; font-weight: bold;\">Wy\u015bwietlacz<\/td>\n<td style=\"padding: 12px; border: 1px solid #ddd;\">Ekran cyfrowy dla mocy i pojemno\u015bci<\/td>\n<\/tr>\n<tr>\n<td style=\"padding: 12px; border: 1px solid #ddd; font-weight: bold;\">Najlepsze dla<\/td>\n<td style=\"padding: 12px; border: 1px solid #ddd;\">Zakupy luzem i hurtowe<\/td>\n<\/tr>\n<\/tbody>\n<\/table>\n<div style=\"gap: 15px; flex-wrap: wrap; margin: 30px 0;\">\n<div style=\"flex: 1; min-width: 280px; background: #ebf5fb; padding: 20px; border-radius: 12px; border: 1px solid #3498db; text-align: center;\">\n<h4 style=\"color: #21618c; margin-top: 0;\">\ud83d\udce6 Oszcz\u0119dno\u015bci hurtowe<\/h4>\n<p>Oszcz\u0119d\u017a wi\u0119cej pieni\u0119dzy kupuj\u0105c hurtowo! W VapeXYZ oferujemy najni\u017csze ceny w UE za du\u017ce zam\u00f3wienia jednorazowych waporyzator\u00f3w.<\/p>\n<\/div>\n<div style=\"flex: 1; min-width: 280px; background: #e8f8f5; padding: 20px; border-radius: 12px; border: 1px solid #1abc9c; text-align: center;\">\n<h4 style=\"color: #0e6251; margin-top: 0;\">Szybka wysy\u0142ka w ramach UE<\/h4>\n<p>Dostarczamy bezpo\u015brednio po Europie. Bez wzgl\u0119du na to, gdzie si\u0119 znajdujesz, VapeXYZ gwarantuje, \u017ce Twoje jednorazowe waporyzatory przyb\u0119d\u0105 szybko i bezpiecznie.<\/p>\n<\/div>\n<\/div>\n<h3 style=\"color: #1f618d;\">Cz\u0119sto Zadawane Pytania (FAQ)<\/h3>\n<div style=\"background-color: #fdfefe; padding: 20px; border-radius: 10px; border: 2px solid #d6eaf8;\">\n<p style=\"margin-bottom: 10px;\">Jak zmieni\u0107 opcje?<\/p>\n<p>To bardzo \u0142atwo! Po prostu przekr\u0119\u0107 g\u00f3rn\u0105 cz\u0119\u015b\u0107 lub prze\u0142\u0105cz przycisk na jednorazowej vape, aby przej\u015b\u0107 do nast\u0119pnego zbiornika. Zobaczysz zmian\u0119 na ekranie!<\/p>\n<p>\u201c`<\/p>\n<p style=\"margin-bottom: 10px; border-top: 1px solid #eee; padding-top: 10px;\">Kiedy musz\u0119 j\u0105 na\u0142adowa\u0107?<br \/>\nEkran inteligentny wy\u015bwietli Ci procent. Gdy b\u0119dzie niski, po prostu pod\u0142\u0105cz go do \u0142adowarki Type-C na kilka minut.<\/p>\n<p style=\"margin-bottom: 10px; border-top: 1px solid #eee; padding-top: 10px;\">Dlaczego mia\u0142bym kupowa\u0107 w Vapexyz?<br \/>\nJeste\u015bmy zaufan\u0105 europejsk\u0105 platform\u0105 hurtow\u0105. Oferujemy autentyczne jednorazowe waporyzatory, doskona\u0142\u0105 obs\u0142ug\u0119 klienta oraz najlepsze dost\u0119pne ceny hurtowe.<\/p>\n<p style=\"border-top: 1px solid #eee; padding-top: 10px;\">Czy 90 000 pff\u00f3w jest prawdziwe?<br \/>\nTak! \u0141\u0105cz\u0105c trzy zbiorniki o pojemno\u015bci 30 000 zaci\u0105gni\u0119\u0107 w jednym jednorazowym waporyzatorze, uzyskujesz ogromn\u0105 \u0142\u0105czn\u0105 liczb\u0119 90 000 zaci\u0105gni\u0119\u0107 do wykorzystania.<\/p>\n<\/div>\n<p style=\"text-align: center; margin-top: 40px; font-weight: bold; font-size: 1.2em;\">Nie czekaj! Zam\u00f3w <span style=\"color: #e74c3c;\">FIHP 3 W 1 90K<\/span> dla Twojego sklepu lub osobistego u\u017cytku <a href=\"https:\/\/vapexyz.com\/pl\/\">VapeXYZ<\/a> \u2013 Tw\u00f3j europejski lider w bran\u017cy hurtowej!<\/p>\n<p><img loading=\"lazy\" decoding=\"async\" class=\"size-full wp-image-63218 aligncenter\" src=\"https:\/\/vapexyz.com\/wp-content\/uploads\/2026\/01\/FIHP-3-IN-1-90K-90000-Puffs-Versatile-Series-Puffs-Disposable-Vape-Wholesale-Bulk-Buy.webp\" alt=\"FIHP 3 W 1 90K 90000 Puff\u00f3w Uniwersalna Seria Puff\u00f3w Jednorazowa Waporyzator Hurtownia Zakup Luzem\" width=\"1500\" height=\"1150\" title=\"\" srcset=\"https:\/\/vapexyz.com\/wp-content\/uploads\/2026\/01\/FIHP-3-IN-1-90K-90000-Puffs-Versatile-Series-Puffs-Disposable-Vape-Wholesale-Bulk-Buy.webp 1500w, https:\/\/vapexyz.com\/wp-content\/uploads\/2026\/01\/FIHP-3-IN-1-90K-90000-Puffs-Versatile-Series-Puffs-Disposable-Vape-Wholesale-Bulk-Buy-500x383.webp 500w, https:\/\/vapexyz.com\/wp-content\/uploads\/2026\/01\/FIHP-3-IN-1-90K-90000-Puffs-Versatile-Series-Puffs-Disposable-Vape-Wholesale-Bulk-Buy-1024x785.webp 1024w, https:\/\/vapexyz.com\/wp-content\/uploads\/2026\/01\/FIHP-3-IN-1-90K-90000-Puffs-Versatile-Series-Puffs-Disposable-Vape-Wholesale-Bulk-Buy-768x589.webp 768w, https:\/\/vapexyz.com\/wp-content\/uploads\/2026\/01\/FIHP-3-IN-1-90K-90000-Puffs-Versatile-Series-Puffs-Disposable-Vape-Wholesale-Bulk-Buy-16x12.webp 16w, https:\/\/vapexyz.com\/wp-content\/uploads\/2026\/01\/FIHP-3-IN-1-90K-90000-Puffs-Versatile-Series-Puffs-Disposable-Vape-Wholesale-Bulk-Buy-510x391.webp 510w\" sizes=\"auto, (max-width: 1500px) 100vw, 1500px\" \/><\/p>\n<\/article>","protected":false},"excerpt":{"rendered":"<p>FIHP 3 W 1 90K to superwydajna jednorazowa e-papieros, kt\u00f3ra pozwala cieszy\u0107 si\u0119 trzema r\u00f3\u017cnymi opcjami i 90 000 ca\u0142kowitymi zaci\u0105gni\u0119ciami w jednym por\u0119cznym urz\u0105dzeniu, a mo\u017cesz j\u0105 kupi\u0107 za najlepsz\u0105 cen\u0119 dzi\u0119ki zakupowi hurtowemu w VapeXYZ, najlepszym sklepie hurtowym w Europie!<\/p>","protected":false},"featured_media":63214,"comment_status":"open","ping_status":"closed","template":"","meta":{"_lmt_disableupdate":"no","_lmt_disable":""},"product_brand":[],"product_cat":[860,1085,947,934,927,929,928,930,933,939,932,938,931,936,937,1017,949,946,1083,950,951,953,820,987],"product_tag":[],"class_list":{"0":"post-62447","1":"product","2":"type-product","3":"status-publish","4":"has-post-thumbnail","6":"product_cat-fihp","7":"product_cat-85000-puffs-vapes","8":"product_cat-big-puffs-vapes","9":"product_cat-bulk-buy-disposable-vapes-in-belgium","10":"product_cat-bulk-buy-disposable-vapes-in-europe","11":"product_cat-bulk-buy-disposable-vapes-in-france","12":"product_cat-bulk-buy-disposable-vapes-in-germany","13":"product_cat-bulk-buy-disposable-vapes-in-italy","14":"product_cat-bulk-buy-disposable-vapes-in-netherlands","15":"product_cat-bulk-buy-disposable-vapes-in-norway","16":"product_cat-bulk-buy-disposable-vapes-in-poland","17":"product_cat-bulk-buy-disposable-vapes-in-portugal","18":"product_cat-bulk-buy-disposable-vapes-in-spain","19":"product_cat-bulk-buy-disposable-vapes-in-sweden","20":"product_cat-bulk-buy-disposable-vapes-in-switzerland","21":"product_cat-buy-best-disposable-vape-flavors","22":"product_cat-digital-box-vapes","23":"product_cat-disposable-vapes-series","24":"product_cat-double-flavor-vapes","25":"product_cat-dual-mesh-vapes","26":"product_cat-lower-nicotine-vapes","27":"product_cat-rechargeable-vapes","28":"product_cat-vape","29":"product_cat-vape-shop-by-puffs","31":"first","32":"instock","33":"shipping-taxable","34":"purchasable","35":"product-type-variable","36":"has-default-attributes"},"jetpack_sharing_enabled":true,"tiered_pricing_type":"fixed","tiered_pricing_fixed_rules":[],"tiered_pricing_product_settings":{"layout":"default","base_unit_name":{"singular":null,"plural":null},"default_variation":null},"tiered_pricing_minimum_quantity":null,"tiered_pricing_roles_data":[],"tiered_pricing_percentage_rules":[],"tiered_pricing_maximum_quantity":null,"tiered_pricing_quantity_step":null,"_links":{"self":[{"href":"https:\/\/vapexyz.com\/pl\/wp-json\/wp\/v2\/product\/62447","targetHints":{"allow":["GET"]}}],"collection":[{"href":"https:\/\/vapexyz.com\/pl\/wp-json\/wp\/v2\/product"}],"about":[{"href":"https:\/\/vapexyz.com\/pl\/wp-json\/wp\/v2\/types\/product"}],"replies":[{"embeddable":true,"href":"https:\/\/vapexyz.com\/pl\/wp-json\/wp\/v2\/comments?post=62447"}],"wp:featuredmedia":[{"embeddable":true,"href":"https:\/\/vapexyz.com\/pl\/wp-json\/wp\/v2\/media\/63214"}],"wp:attachment":[{"href":"https:\/\/vapexyz.com\/pl\/wp-json\/wp\/v2\/media?parent=62447"}],"wp:term":[{"taxonomy":"product_brand","embeddable":true,"href":"https:\/\/vapexyz.com\/pl\/wp-json\/wp\/v2\/product_brand?post=62447"},{"taxonomy":"product_cat","embeddable":true,"href":"https:\/\/vapexyz.com\/pl\/wp-json\/wp\/v2\/product_cat?post=62447"},{"taxonomy":"product_tag","embeddable":true,"href":"https:\/\/vapexyz.com\/pl\/wp-json\/wp\/v2\/product_tag?post=62447"}],"curies":[{"name":"wp","href":"https:\/\/api.w.org\/{rel}","templated":true}]}}