{"id":60021,"date":"2025-12-02T08:58:28","date_gmt":"2025-12-02T08:58:28","guid":{"rendered":"https:\/\/vapexyz.com\/?post_type=product&#038;p=60021"},"modified":"2026-03-05T03:54:48","modified_gmt":"2026-03-05T03:54:48","slug":"razz-bar-60k-60000-pff-kristal-vape-akumulatorem-hurtownia-zakup-luzem-cewka-siatkowa-europejski-magazyn","status":"publish","type":"product","link":"https:\/\/vapexyz.com\/pl\/product\/razz-bar-60k-60000-puffs-crystal-vape-rechargeable-wholesale-bulk-buy-mesh-coil-european-warehouse\/","title":{"rendered":"RAZZ BAR 60K 60000 Puff\u00f3w Crystal Vape Rechargeable Hurtownia Zakup luzem Cewka siatkowa Europejskie magazyny"},"content":{"rendered":"<article>\n<h2 style=\"font-size: 24px; color: #333; margin-bottom: 20px;\">\ud83c\udf08<a href=\"https:\/\/vapexyz.com\/pl\/kategoria-produktu\/razz-bar-jednorazowe-vapey\/\"> RAZZ BAR<\/a> 60k Crystal Disposable Vapes Hurt Wholesale Guide<\/h2>\n<p>Hej! \ud83d\ude0a Witamy w naszym super zabawnym przewodniku po niesamowitych RAZZ BAR 60k Crystal jednorazowych waporyzatorach! S\u0105 one idealne dla ka\u017cdego, kto kocha kolorowe, \u0142atwe w u\u017cyciu jednorazowe waporyzatory, kt\u00f3re dzia\u0142aj\u0105 bardzo d\u0142ugo. My jeste\u015bmy VapeXYZ, wasz\u0105 najlepsz\u0105 platform\u0105 internetow\u0105 w Europie dla hurtowych jednorazowych waporyzator\u00f3w. Zanurzmy si\u0119!<\/p>\n<h3 style=\"color: #6a5acd; border-left: 5px solid #9370DB; padding-left: 10px;\">\u2728 Co sprawia, \u017ce RAZZ BAR 60k Crystal jest tak wyj\u0105tkowy?<\/h3>\n<p>Te jednorazowe waporyzatory s\u0105 jak magiczny s\u0142oik z cukierkami \ud83c\udf6c\u2014jasne, b\u0142yszcz\u0105ce i pe\u0142ne niespodzianek! S\u0105 zaprojektowane tak, aby zapewni\u0107 Ci do 60 000 zaci\u0105gni\u0119\u0107, co oznacza, \u017ce b\u0119d\u0105 Ci\u0119 zadowala\u0107 przez wieki. Z akumulatorem, kt\u00f3ry mo\u017cna \u0142adowa\u0107 ponownie i cewk\u0105 siatkow\u0105, ka\u017cde zaci\u0105gni\u0119cie jest g\u0142adkie i r\u00f3wnomierne. Dodatkowo, dost\u0119pne s\u0105 w 16 r\u00f3\u017cnych wariantach, kt\u00f3re pozwol\u0105 Ci do\u015bwiadczy\u0107 niesamowitych rzeczy!<\/p>\n<h3 style=\"color: #ffa500; border-left: 5px solid #FFD700; padding-left: 10px;\">\u2b50\ufe0f Kluczowe cechy RAZZ BAR 60k Jednorazowych Waporyzator\u00f3w<\/h3>\n<ul style=\"list-style-type: none; padding: 0;\">\n<li style=\"margin-bottom: 8px;\">\u2705 <span style=\"color: #ff69b4;\">D\u0142ugotrwa\u0142a Zabawa<\/span>: A\u017c 60 000 zaci\u0105gni\u0119\u0107! To jak nieko\u0144cz\u0105ce si\u0119 przyj\u0119cie!<\/li>\n<li style=\"margin-bottom: 8px;\">\u2705 <span style=\"color: #ff69b4;\">Zasilanie akumulatorowe<\/span>: Bateria o pojemno\u015bci 650mAh z \u0142adowaniem Type-C, dzi\u0119ki czemu mo\u017cesz j\u0105 szybko na\u0142adowa\u0107.<\/li>\n<li style=\"margin-bottom: 8px;\">\u2705 <span style=\"color: #ff69b4;\">G\u0142adkie Puffs<\/span>: Dzi\u0119ki siatkowej cewce, ka\u017cdy oddech czuje si\u0119 mi\u0119kki i stabilny.<\/li>\n<li style=\"margin-bottom: 8px;\">\u2705 <span style=\"color: #ff69b4;\">Przyjazny masowo<\/span>: Ka\u017cda karton ma 200 sztuk, wa\u017c\u0105cych 25,2 kg \u2014 idealne dla du\u017cych zam\u00f3wie\u0144!<\/li>\n<li style=\"margin-bottom: 8px;\">\u2705 <span style=\"color: #ff69b4;\">16 Odmiennych Opcji<\/span>: Od owocowych po s\u0142odkie, jest co\u015b dla ka\u017cdego.<\/li>\n<\/ul>\n<h3 style=\"color: #32cd32; border-left: 5px solid #90EE90; padding-left: 10px;\">Lista odr\u0119bnych opcji (Wszystkie 16 opcji!)<\/h3>\n<p>Sprawd\u017a te ekscytuj\u0105ce opcje, wymienione w kolejno\u015bci. Ka\u017cda z nich to ma\u0142y wybuch szcz\u0119\u015bcia!<\/p>\n<div style=\"background: #F0F8FF; padding: 15px; border-radius: 10px; border: 2px dashed #ADD8E6;\">\n<p>Truskawkowy Banan<\/p>\n<p>Brzoskwiniowy L\u00f3d<\/p>\n<p>Coco Loco<\/p>\n<p>Bor\u00f3wka Kwa\u015bna Malina \ud83e\uded0\ud83c\udf47<\/p>\n<p>Bawe\u0142na cukrowa \ud83c\udf6c\u2601\ufe0f<\/p>\n<p>\u017belkiowy Mi\u015b \ud83e\uddf8\ud83c\udf6c<\/p>\n<p>Jagoda Arbuz \ud83e\uded0\ud83c\udf49<\/p>\n<p>Cytryna Brzoskwinia Owoc M\u0119tlicy \ud83c\udf4b\ud83c\udf51\u2728<\/p>\n<p>Czarny L\u00f3d Smoczy Owoc Truskawka \ud83d\udda4\u2744\ufe0f\ud83d\udc09\ud83c\udf53<\/p>\n<p>Mieszane jagody<\/p>\n<p>Mi\u0142o\u015b\u0107 66 \ud83d\udc9666<\/p>\n<p>Truskawka Kiwi \ud83c\udf53\ud83e\udd5d<\/p>\n<p>Tropikalne Owoce \ud83c\udf4d\ud83e\udd6d\ud83c\udf3a<\/p>\n<p>Truskawkowy Waniliowy Coke<\/p>\n<p>Cytryna Limonka<\/p>\n<p>Letni Sen \u2600\ufe0f\ud83c\udf19\u2728<\/p>\n<\/div>\n<h3 style=\"color: #ff4500; border-left: 5px solid #FF6347; padding-left: 10px;\">\ud83d\uddc2\ufe0f Szybka Tabela Por\u00f3wnawcza: RAZZ BAR 60k vs. Inne<\/h3>\n<table style=\"width: 100%; border-collapse: collapse; background: #FFF5EE; border-radius: 10px; overflow: hidden;\">\n<tbody>\n<tr style=\"background: #FFB6C1;\">\n<th style=\"padding: 12px; text-align: left; border: 1px solid #FF69B4;\">Cecha<\/th>\n<th style=\"padding: 12px; text-align: left; border: 1px solid #FF69B4;\">RAZZ BAR 60k<\/th>\n<th style=\"padding: 12px; text-align: left; border: 1px solid #FF69B4;\">Inne jednorazowe waporyzatory<\/th>\n<\/tr>\n<tr style=\"background: #FFF0F5;\">\n<td style=\"padding: 12px; border: 1px solid #FFB6C1;\">Totalne Puffy<\/td>\n<td style=\"padding: 12px; border: 1px solid #FFB6C1;\">Do 60 000<\/td>\n<td style=\"padding: 12px; border: 1px solid #FFB6C1;\">Zwykle mniej, jak 5 000-10 000<\/td>\n<\/tr>\n<tr style=\"background: #FFF0F5;\">\n<td style=\"padding: 12px; border: 1px solid #FFB6C1;\">Bateria<\/td>\n<td style=\"padding: 12px; border: 1px solid #FFB6C1;\">650mAh, akumulator \ud83d\udd0b<\/td>\n<td style=\"padding: 12px; border: 1px solid #FFB6C1;\">Cz\u0119sto nie do ponownego na\u0142adowania<\/td>\n<\/tr>\n<tr style=\"background: #FFF0F5;\">\n<td style=\"padding: 12px; border: 1px solid #FFB6C1;\">Dost\u0119pne opcje<\/td>\n<td style=\"padding: 12px; border: 1px solid #FFB6C1;\">16 r\u00f3\u017cnych wybor\u00f3w<\/td>\n<td style=\"padding: 12px; border: 1px solid #FFB6C1;\">Mniej opcji, mo\u017ce 5-10<\/td>\n<\/tr>\n<tr style=\"background: #FFF0F5;\">\n<td style=\"padding: 12px; border: 1px solid #FFB6C1;\">Bulk Orders<\/td>\n<td style=\"padding: 12px; border: 1px solid #FFB6C1;\">200 za karton, \u015bwietne dla hurtowni \ud83d\udce6<\/td>\n<td style=\"padding: 12px; border: 1px solid #FFB6C1;\">Mniejsze opakowania<\/td>\n<\/tr>\n<\/tbody>\n<\/table>\n<h3 style=\"color: #8a2be2; border-left: 5px solid #DA70D6; padding-left: 10px;\">\u2753 Zabawne Cz\u0119sto Zadawane Pytania O RAZZ BAR 60k Jednorazowe Waporyzatory<\/h3>\n<div style=\"background: #E6E6FA; padding: 15px; border-radius: 10px; border: 2px solid #DDA0DD;\">\n<p>P: Jak d\u0142ugo wytrzymuje jedna RAZZ BAR 60k jednorazowa vape?<br \/>\nA: Z maksymalnie 60 000 zaci\u0105gni\u0119\u0107 mo\u017ce wytrzyma\u0107 tygodnie, a nawet miesi\u0105ce, w zale\u017cno\u015bci od tego, jak cz\u0119sto go u\u017cywasz! To jak niezawodny przyjaciel, kt\u00f3ry nigdy ci\u0119 nie opuszcza.<\/p>\n<p>P: Czy mog\u0119 do\u0142adowa\u0107 ten jednorazowy waporyzator?<br \/>\nA: Tak! Posiada bateri\u0119 o pojemno\u015bci 650mAh i wykorzystuje \u0142adowanie Type-C, dzi\u0119ki czemu mo\u017cesz szybko i \u0142atwo j\u0105 na\u0142adowa\u0107. Bez obaw o wyczerpanie zabawy!<\/p>\n<p>Czy jest du\u017co opcji do wyboru?<br \/>\nO: Absolutnie! S\u0105 16 ekscytuj\u0105cych opcji, od owocowych mieszanek po s\u0142odkie przysmaki. Nigdy si\u0119 nie znudzisz!<\/p>\n<p>Gdzie mog\u0119 kupi\u0107 te rzeczy luzem?<br \/>\nA: Tutaj, w\u0142a\u015bnie u VapeXYZ! Jeste\u015bmy najlepsz\u0105 platform\u0105 internetow\u0105 w Europie dla hurtowych zakup\u00f3w jednorazowych waporyzator\u00f3w. Po prostu odwied\u017a nasz\u0105 stron\u0119 internetow\u0105, aby z\u0142o\u017cy\u0107 zam\u00f3wienie.<\/p>\n<\/div>\n<h3 style=\"color: #ff69b4; border-left: 5px solid #FF1493; padding-left: 10px;\">\ud83c\udf89 Dlaczego Kupowa\u0107 Od <a href=\"https:\/\/vapexyz.com\/pl\/\">VapeXYZ<\/a>?<\/h3>\n<p>W VapeXYZ u\u0142atwiamy i sprawiamy, \u017ce zakup jednorazowych waporyzator\u00f3w jest \u0142atwy i przyjemny! Oferujemy \u015bwietne ceny za zam\u00f3wienia hurtowe, szybk\u0105 wysy\u0142k\u0119 po Europie oraz super przyjazn\u0105 obs\u0142ug\u0119. Niezale\u017cnie od tego, czy zaczynasz biznes, czy po prostu uwielbiasz dzieli\u0107 si\u0119 nimi z przyjaci\u00f3\u0142mi, mamy twoje plecy. \ud83d\ude0a Odwied\u017a nasz\u0105 stron\u0119 internetow\u0105 ju\u017c dzi\u015b, aby kupi\u0107 jednorazowe waporyzatory RAZZ BAR 60k Crystal \u2014 rozpowszechniajmy rado\u015b\u0107 razem!<\/p>\n<p style=\"text-align: center; font-size: 1.2em; color: #ff6b88; margin-top: 20px;\">Dzi\u0119kujemy za przeczytanie i nie mo\u017cemy si\u0119 \u0434\u043e\u0436da\u0107, aby pom\u00f3c Ci z Twoimi potrzebami dotycz\u0105cymi jednorazowych waporyzator\u00f3w!<\/p>\n<\/article>\n<p><strong><img loading=\"lazy\" decoding=\"async\" class=\"aligncenter wp-image-60064 size-large\" src=\"https:\/\/vapexyz.com\/wp-content\/uploads\/2025\/11\/RAZZ-BAR-60k-60000-Puffs-Crystal-Vape-Wholesale-Bulk-Buy-Orders-Mesh-Coil-1-777x1024.webp\" alt=\"RAZZ BAR 60k 60000 Puff\u00f3w Crystal Vape Hurtownia Zakup Luzem Zam\u00f3wienia Siatka Cewka \" width=\"777\" height=\"1024\" title=\"\" srcset=\"https:\/\/vapexyz.com\/wp-content\/uploads\/2025\/11\/RAZZ-BAR-60k-60000-Puffs-Crystal-Vape-Wholesale-Bulk-Buy-Orders-Mesh-Coil-1-777x1024.webp 777w, https:\/\/vapexyz.com\/wp-content\/uploads\/2025\/11\/RAZZ-BAR-60k-60000-Puffs-Crystal-Vape-Wholesale-Bulk-Buy-Orders-Mesh-Coil-1-scaled-510x672.webp 510w, https:\/\/vapexyz.com\/wp-content\/uploads\/2025\/11\/RAZZ-BAR-60k-60000-Puffs-Crystal-Vape-Wholesale-Bulk-Buy-Orders-Mesh-Coil-1-379x500.webp 379w, https:\/\/vapexyz.com\/wp-content\/uploads\/2025\/11\/RAZZ-BAR-60k-60000-Puffs-Crystal-Vape-Wholesale-Bulk-Buy-Orders-Mesh-Coil-1-768x1012.webp 768w, https:\/\/vapexyz.com\/wp-content\/uploads\/2025\/11\/RAZZ-BAR-60k-60000-Puffs-Crystal-Vape-Wholesale-Bulk-Buy-Orders-Mesh-Coil-1-1165x1536.webp 1165w, https:\/\/vapexyz.com\/wp-content\/uploads\/2025\/11\/RAZZ-BAR-60k-60000-Puffs-Crystal-Vape-Wholesale-Bulk-Buy-Orders-Mesh-Coil-1-1554x2048.webp 1554w, https:\/\/vapexyz.com\/wp-content\/uploads\/2025\/11\/RAZZ-BAR-60k-60000-Puffs-Crystal-Vape-Wholesale-Bulk-Buy-Orders-Mesh-Coil-1-9x12.webp 9w, https:\/\/vapexyz.com\/wp-content\/uploads\/2025\/11\/RAZZ-BAR-60k-60000-Puffs-Crystal-Vape-Wholesale-Bulk-Buy-Orders-Mesh-Coil-1-scaled.webp 1942w\" sizes=\"auto, (max-width: 777px) 100vw, 777px\" \/><\/strong><\/p>","protected":false},"excerpt":{"rendered":"<p><span class=\"ng-star-inserted\">Ten kolorowy i zabawny przewodnik wyja\u015bnia, dlaczego jednorazowe vape'y RAZZ BAR 60k o d\u0142ugiej \u017cywotno\u015bci i wielu\u00a0<\/span><span class=\"ng-star-inserted\">ekscytuj\u0105cy<\/span><span class=\"ng-star-inserted\"> Opcje s\u0105 idealne dla hurtowni, zapraszamy do zakupu ich z naszej strony internetowej, VapeXYZ.<\/span><\/p>","protected":false},"featured_media":60063,"comment_status":"open","ping_status":"closed","template":"","meta":{"_lmt_disableupdate":"no","_lmt_disable":""},"product_brand":[],"product_cat":[1077,1072,947,935,934,927,929,928,930,933,939,932,938,931,936,937,1017,948,946,950,1016,951,953,954,987],"product_tag":[],"class_list":{"0":"post-60021","1":"product","2":"type-product","3":"status-publish","4":"has-post-thumbnail","6":"product_cat-razz-bar-disposable-vapes","7":"product_cat-60000-puff-vapes","8":"product_cat-big-puffs-vapes","9":"product_cat-bulk-buy-disposable-vapes-in-austria","10":"product_cat-bulk-buy-disposable-vapes-in-belgium","11":"product_cat-bulk-buy-disposable-vapes-in-europe","12":"product_cat-bulk-buy-disposable-vapes-in-france","13":"product_cat-bulk-buy-disposable-vapes-in-germany","14":"product_cat-bulk-buy-disposable-vapes-in-italy","15":"product_cat-bulk-buy-disposable-vapes-in-netherlands","16":"product_cat-bulk-buy-disposable-vapes-in-norway","17":"product_cat-bulk-buy-disposable-vapes-in-poland","18":"product_cat-bulk-buy-disposable-vapes-in-portugal","19":"product_cat-bulk-buy-disposable-vapes-in-spain","20":"product_cat-bulk-buy-disposable-vapes-in-sweden","21":"product_cat-bulk-buy-disposable-vapes-in-switzerland","22":"product_cat-buy-best-disposable-vape-flavors","23":"product_cat-crystal-vapes","24":"product_cat-disposable-vapes-series","25":"product_cat-dual-mesh-vapes","26":"product_cat-european-vape-warehouse","27":"product_cat-lower-nicotine-vapes","28":"product_cat-rechargeable-vapes","29":"product_cat-shisha-hookah-vapes","30":"product_cat-vape-shop-by-puffs","32":"first","33":"outofstock","34":"shipping-taxable","35":"purchasable","36":"product-type-variable","37":"has-default-attributes"},"jetpack_sharing_enabled":true,"tiered_pricing_type":"fixed","tiered_pricing_fixed_rules":[],"tiered_pricing_product_settings":{"layout":"default","base_unit_name":{"singular":null,"plural":null},"default_variation":null},"tiered_pricing_minimum_quantity":null,"tiered_pricing_roles_data":[],"tiered_pricing_percentage_rules":[],"tiered_pricing_maximum_quantity":null,"tiered_pricing_quantity_step":null,"_links":{"self":[{"href":"https:\/\/vapexyz.com\/pl\/wp-json\/wp\/v2\/product\/60021","targetHints":{"allow":["GET"]}}],"collection":[{"href":"https:\/\/vapexyz.com\/pl\/wp-json\/wp\/v2\/product"}],"about":[{"href":"https:\/\/vapexyz.com\/pl\/wp-json\/wp\/v2\/types\/product"}],"replies":[{"embeddable":true,"href":"https:\/\/vapexyz.com\/pl\/wp-json\/wp\/v2\/comments?post=60021"}],"wp:featuredmedia":[{"embeddable":true,"href":"https:\/\/vapexyz.com\/pl\/wp-json\/wp\/v2\/media\/60063"}],"wp:attachment":[{"href":"https:\/\/vapexyz.com\/pl\/wp-json\/wp\/v2\/media?parent=60021"}],"wp:term":[{"taxonomy":"product_brand","embeddable":true,"href":"https:\/\/vapexyz.com\/pl\/wp-json\/wp\/v2\/product_brand?post=60021"},{"taxonomy":"product_cat","embeddable":true,"href":"https:\/\/vapexyz.com\/pl\/wp-json\/wp\/v2\/product_cat?post=60021"},{"taxonomy":"product_tag","embeddable":true,"href":"https:\/\/vapexyz.com\/pl\/wp-json\/wp\/v2\/product_tag?post=60021"}],"curies":[{"name":"wp","href":"https:\/\/api.w.org\/{rel}","templated":true}]}}