{"id":56661,"date":"2025-09-19T03:12:42","date_gmt":"2025-09-19T03:12:42","guid":{"rendered":"https:\/\/vapexyz.com\/?post_type=product&#038;p=56661"},"modified":"2026-03-02T12:47:49","modified_gmt":"2026-03-02T12:47:49","slug":"bang-king-60000-pffow-dsk048-ice-cool-niska-zawartoscia-nikotyny-hurtownia-oryginalnych-wielorazowych-jednorazowych-waporyzatorow-na-sprzedaz-luzem","status":"publish","type":"product","link":"https:\/\/vapexyz.com\/pl\/product\/bang-king-60000-puffs-dsk048-ice-cool-low-nicotine-bulk-buy-original-rechargeable-disposable-vapes-wholesale\/","title":{"rendered":"BANG KING 60000 Puff\u00f3w DSK048 Ice Cool Zakup Hurtowy 60K Rechargeable Jednorazowe Vape'a Luzem"},"content":{"rendered":"<article style=\"font-family: 'Segoe UI', Roboto, Helvetica, Arial, sans-serif;line-height: 1.8;color: #2c3e50;max-width: 100%;margin: 0 auto;padding: 20px\">\n<h2 style=\"color: #1a252f;border-bottom: 2px solid #3498db;padding-bottom: 10px;margin-top: 30px\">Wyczerpuj\u0105cy przegl\u0105d techniczny: BANG KING 60000 Puffs DSK048<\/h2>\n<p style=\"font-size: 1.1em;color: #4a5568\">Witamy w VapeXYZ, waszym premierowym mi\u0119dzynarodowym centrum dystrybucyjnym dla jednorazowych waporyzator\u00f3w o du\u017cej pojemno\u015bci. Z ponad o\u015bmioletnim do\u015bwiadczeniem udokumentowanej doskona\u0142o\u015bci operacyjnej w globalnym \u0142a\u0144cuchu dostaw B2B, ustalili\u015bmy rygorystyczne ramy dla dostarczania premium technologii waporyzacji na rynki mi\u0119dzynarodowe. Jeste\u015bmy dumni z zaprezentowania BANG KING 60000 Puffs DSK048 - urz\u0105dzenia zaprojektowanego zar\u00f3wno dla przed\u0142u\u017conej \u017cywotno\u015bci, jak i optymalnej dostawy sensorycznej. Jako profesjonalny dystrybutor hurtowy specjalizujemy si\u0119 w skalowaniu rozwi\u0105za\u0144 inwentaryzacyjnych dla sprzedawc\u00f3w detalicznych, oferuj\u0105c dost\u0119pne minimalne ilo\u015bci zam\u00f3wienia (MOQ) zaczynaj\u0105ce si\u0119 od zaledwie 10 sztuk, zapewniaj\u0105c, \u017ce przedsi\u0119biorstwa wszystkich rozmiar\u00f3w mog\u0105 skorzysta\u0107 z naszych konkurencyjnych struktur cenowych hurtowych.<\/p>\n<h3 style=\"color: #2980b9;margin-top: 35px\">Doskona\u0142o\u015b\u0107 In\u017cynierska i Specyfikacje Techniczne (Ekspertyza)<\/h3>\n<p>BANG KING DSK048 reprezentuje znacz\u0105cy skok w in\u017cynierii jednorazowych waporyzator\u00f3w. Zamiast polega\u0107 na standardowych komponentach, urz\u0105dzenie to integruje wyrafinowany ekosystem mikroelektroniki zaprojektowany do utrzymania sta\u0142ego wyj\u015bcia mocy od pierwszego zaci\u0105gni\u0119cia do ostatniego. Rdzeniem tego systemu jest wysokowydajna, 850 mAh, akumulatorowa bateria, kt\u00f3ra wykorzystuje zaawansowan\u0105 chemi\u0119 litowo-jonow\u0105, aby zapewni\u0107 stabilne dostarczanie napi\u0119cia. Jest to kluczowe, poniewa\u017c standardowe jednorazowe waporyzatory cz\u0119sto cierpi\u0105 z powodu spadku napi\u0119cia, co prowadzi do niesp\u00f3jnej wydajno\u015bci.<\/p>\n<p>Zarz\u0105dzanie temperatur\u0105 odbywa si\u0119 za pomoc\u0105 precyzyjnie zaprojektowanego elementu grzejnego siatkowego o rezystancji 1,0 oma. W przeciwie\u0144stwie do tradycyjnego drutu nawini\u0119tego, architektura siatkowa wyk\u0142adniczo zwi\u0119ksza powierzchni\u0119 styku z wewn\u0119trzn\u0105 formul\u0105. Umo\u017cliwia to bardziej r\u00f3wnomierne rozk\u0142ad ciep\u0142a, minimalizuj\u0105c lokalne gor\u0105ce punkty, kt\u00f3re mog\u0105 pogorszy\u0107 profil smakowy i zapewniaj\u0105c idealnie g\u0142adki proces aerozolizacji. Urz\u0105dzenie posiada r\u00f3wnie\u017c nowoczesny interfejs \u0142adowania Type-C, zawieraj\u0105cy ochron\u0119 przed prze\u0142adowaniem, zapobieganie zwarciom oraz monitorowanie temperatury, aby spe\u0142nia\u0107 mi\u0119dzynarodowe standardy bezpiecze\u0144stwa dotycz\u0105ce elektroniki konsumenckiej.<\/p>\n<div style=\"margin: 25px 0\">\n<table style=\"width: 100%;border-collapse: collapse;text-align: left;font-family: sans-serif\">\n<thead>\n<tr style=\"background-color: #f4f6f7;border-bottom: 2px solid #cbd5e0\">\n<th style=\"padding: 15px;border: 1px solid #e2e8f0;font-weight: 600;color: #2d3748\">Parametr specyfikacji<\/th>\n<th style=\"padding: 15px;border: 1px solid #e2e8f0;font-weight: 600;color: #2d3748\">Szczeg\u00f3\u0142y techniczne i wska\u017aniki<\/th>\n<\/tr>\n<\/thead>\n<tbody>\n<tr style=\"background-color: #ffffff\">\n<td style=\"padding: 12px 15px;border: 1px solid #e2e8f0;font-weight: 500\">Maksymalna pojemno\u015b\u0107<\/td>\n<td style=\"padding: 12px 15px;border: 1px solid #e2e8f0\">Do 60 000 aktywacji (w zale\u017cno\u015bci od czasu trwania poci\u0105gni\u0119cia)<\/td>\n<\/tr>\n<tr style=\"background-color: #f8fafc\">\n<td style=\"padding: 12px 15px;border: 1px solid #e2e8f0;font-weight: 500\">Wewn\u0119trzny Zbiornik<\/td>\n<td style=\"padding: 12px 15px;border: 1px solid #e2e8f0\">25 ml pojemno\u015b\u0107 premiumowej formulacji<\/td>\n<\/tr>\n<tr style=\"background-color: #ffffff\">\n<td style=\"padding: 12px 15px;border: 1px solid #e2e8f0;font-weight: 500\">Architektura Power<\/td>\n<td style=\"padding: 12px 15px;border: 1px solid #e2e8f0\">850 mAh, litowo-jonowa, akumulatorowa konfiguracja<\/td>\n<\/tr>\n<tr style=\"background-color: #f8fafc\">\n<td style=\"padding: 12px 15px;border: 1px solid #e2e8f0;font-weight: 500\">Komponent termiczny<\/td>\n<td style=\"padding: 12px 15px;border: 1px solid #e2e8f0\">1,0-omowa zoptymalizowana cewka oporno\u015bciowa siatki<\/td>\n<\/tr>\n<tr style=\"background-color: #ffffff\">\n<td style=\"padding: 12px 15px;border: 1px solid #e2e8f0;font-weight: 500\">Interfejs zasilania<\/td>\n<td style=\"padding: 12px 15px;border: 1px solid #e2e8f0\">Port szybkiego \u0142adowania typu C z zintegrowanymi protoko\u0142ami bezpiecze\u0144stwa<\/td>\n<\/tr>\n<tr style=\"background-color: #f8fafc\">\n<td style=\"padding: 12px 15px;border: 1px solid #e2e8f0;font-weight: 500\">Indywidualizacja sensoryczna<\/td>\n<td style=\"padding: 12px 15px;border: 1px solid #e2e8f0\">5 r\u00f3\u017cnych poziom\u00f3w regulowanej intensywno\u015bci ch\u0142odzenia<\/td>\n<\/tr>\n<tr style=\"background-color: #ffffff\">\n<td style=\"padding: 12px 15px;border: 1px solid #e2e8f0;font-weight: 500\">Aktywna Koncentracja<\/td>\n<td style=\"padding: 12px 15px;border: 1px solid #e2e8f0\">Dost\u0119pne w mocach 0%, 2%, 3% i 5%<\/td>\n<\/tr>\n<tr style=\"background-color: #f8fafc\">\n<td style=\"padding: 12px 15px;border: 1px solid #e2e8f0;font-weight: 500\">Rozwi\u0105zania B2B<\/td>\n<td style=\"padding: 12px 15px;border: 1px solid #e2e8f0\">Pe\u0142ne wsparcie produkcyjne OEM\/ODM dla certyfikowanych partner\u00f3w<\/td>\n<\/tr>\n<\/tbody>\n<\/table>\n<\/div>\n<h3 style=\"color: #2980b9;margin-top: 35px\">Testowanie empiryczne i wska\u017aniki wydajno\u015bci (Empiryczne)<\/h3>\n<p>W bran\u017cy jednorazowych waporyzator\u00f3w przejrzysto\u015b\u0107 w zakresie wska\u017anik\u00f3w operacyjnych jest niezwykle wa\u017cna. Reklamowana liczba 60 000 aktywacji nie jest dowoln\u0105 warto\u015bci\u0105; zosta\u0142a ona wyprowadzona z rygorystycznych bada\u0144 empirycznych w laboratorium. Za pomoc\u0105 automatycznej pneumatycznej maszyny do badania zaci\u0105g\u00f3w urz\u0105dzenie jest poddawane standardowym 1,5-sekundowym interwa\u0142om inhalacji w kontrolowanych warunkach atmosferycznych. Zapewnia to, \u017ce 25 ml wewn\u0119trzny zbiornik jest opr\u00f3\u017cniany w matematycznie sp\u00f3jnym tempie, co potwierdza s\u0142uszno\u015b\u0107 twierdze\u0144 o d\u0142ugiej \u017cywotno\u015bci.<\/p>\n<p>Ponadto bateria o pojemno\u015bci 850 mAh przechodzi rygorystyczne testy cyklicznego rozk\u0142adu. In\u017cynierowie mierz\u0105 retencj\u0119 \u0142adunku w\u591a\u4e2a cyklach \u0142adowania przez Type-C, aby zagwarantowa\u0107, \u017ce ogniwo zasilaj\u0105ce zachowuje co najmniej 85% swojej pierwotnej pojemno\u015bci przez ca\u0142y okres u\u017cytkowania 25 ml formulacji. Unikalny 5-poziomowy regulowany mechanizm ch\u0142odzenia zosta\u0142 r\u00f3wnie\u017c empirycznie dostrojony za pomoc\u0105 czujnik\u00f3w przep\u0142ywu powietrza, aby zapewni\u0107 wyra\u017ane, wymierne r\u00f3\u017cnice w redukcji termicznej aerozolu, umo\u017cliwiaj\u0105c u\u017cytkownikom precyzyjne skalibrowanie swojego do\u015bwiadczenia sensorycznego.<\/p>\n<h3 style=\"color: #2980b9;margin-top: 35px\">Kuratowane Profile Zmys\u0142owe<\/h3>\n<p>Rozumiej\u0105c, \u017ce preferencje konsument\u00f3w s\u0105 wysoce subiektywne, BANG KING DSK048 oferuje starannie opracowan\u0105 gam\u0119 profili smakowych. Ka\u017cda opcja jest formu\u0142owana przy u\u017cyciu aromat\u00f3w odpowiednich do spo\u017cycia i przechodzi rygorystyczn\u0105 kontrol\u0119 jako\u015bci, aby zapewni\u0107 sp\u00f3jno\u015b\u0107 mi\u0119dzy partiami. Obecny portfel obejmuje:<\/p>\n<ul style=\"list-style-type: none;padding-left: 0\">\n<li style=\"margin-bottom: 15px;padding-left: 20px;border-left: 3px solid #3498db\">L\u00f3d Blue Razz: Z\u0142o\u017cona synteza kwa\u015bnych aromat\u00f3w niebieskiej maliny, stabilizowana kriogenicznym \u015brodkiem ch\u0142odz\u0105cym dla ostro orze\u017awiaj\u0105cego finisz.<\/li>\n<li style=\"margin-bottom: 15px;padding-left: 20px;border-left: 3px solid #3498db\">Truskawkowy Arbuz: Starannie zr\u00f3wnowa\u017cona mieszanka, kt\u00f3ra \u0142\u0105czy g\u0142\u0119bok\u0105 botaniczn\u0105 s\u0142odycz dojrza\u0142ych truskawek z wodnistymi, chrupi\u0105cymi nutami \u015bwie\u017cego arbuza.<\/li>\n<li style=\"margin-bottom: 15px;padding-left: 20px;border-left: 3px solid #3498db\">L\u00f3d Arbuzowy: Skupia si\u0119 ca\u0142kowicie na czystej, niezmienionej esencji arbuza, znacz\u0105co wzmocnionej przez efekt ch\u0142odzenia poni\u017cej zera dla maksymalnego orze\u017awienia.<\/li>\n<li style=\"margin-bottom: 15px;padding-left: 20px;border-left: 3px solid #3498db\">Peach Ice: Oddaje bujn\u0105, aksamitn\u0105 s\u0142odycz brzoskwi\u0144 uprawianych w sadzie, uzupe\u0142nion\u0105 precyzyjnym termicznym doznaniem ch\u0142odu.<\/li>\n<li style=\"margin-bottom: 15px;padding-left: 20px;border-left: 3px solid #3498db\">L\u00f3d Winogronowy: Wykorzystuje silny, ciemny ekstrakt winogron Concord, charakteryzuj\u0105cy si\u0119 g\u0142\u0119bokim i rezonuj\u0105cym profilem smakowym, kt\u00f3ry ko\u0144czy si\u0119 czystym, lodowatym wydechem.<\/li>\n<li style=\"margin-bottom: 15px;padding-left: 20px;border-left: 3px solid #3498db\">Scary Berry: Wyrafinowana i z\u0142o\u017cona mieszanka r\u00f3\u017cnych ciemnych jag\u00f3d, stworzona tak, aby osi\u0105gn\u0105\u0107 idealn\u0105 r\u00f3wnowag\u0119 mi\u0119dzy naturaln\u0105 kwaskowo\u015bci\u0105 a d\u0142ugo utrzymuj\u0105c\u0105 si\u0119 s\u0142odycz\u0105.<\/li>\n<li style=\"margin-bottom: 15px;padding-left: 20px;border-left: 3px solid #3498db\">Cerry Strazz: \u0141\u0105czy g\u0119ste, bogate ekstrakty wi\u015bniowe z subtelnym podtonem truskawkowym, czego rezultatem jest wielowymiarowa i niezwykle satysfakcjonuj\u0105ca podr\u00f3\u017c sensoryczna.<\/li>\n<li style=\"margin-bottom: 15px;padding-left: 20px;border-left: 3px solid #3498db\">Mango Magic: Tropikalna formu\u0142a dedykowana dostarczaniu g\u0119stej, aromatycznej i syropowej s\u0142odyczy zwi\u0105zanej z idealnie dojrza\u0142ymi mango.<\/li>\n<li style=\"margin-bottom: 15px;padding-left: 20px;border-left: 3px solid #3498db\">Truskawkowy Smokowoc: Wysoce wyrafinowane po\u0142\u0105czenie, kt\u00f3re podnosi tradycyjne nuty truskawkowe z egzotycznymi, lekko kwa\u015bnymi cechami smokowca.<\/li>\n<li style=\"margin-bottom: 15px;padding-left: 20px;border-left: 3px solid #3498db\">Krew Tygrysa: Dynamiczne i \u017cywe tropikalne po\u0142\u0105czenie z wyra\u017anymi aromatami kokosa splecionymi z wyrazistym zestawem owoc\u00f3w.<\/li>\n<li style=\"margin-bottom: 15px;padding-left: 20px;border-left: 3px solid #3498db\">Summer Splash: \u017bywo orze\u017awiaj\u0105ca mieszanka starannie zaprojektowana, aby odwzorowa\u0107 r\u00f3\u017cnorodne profile owoc\u00f3w charakterystycznych dla ciep\u0142ej i s\u0142onecznej pogody.<\/li>\n<li style=\"margin-bottom: 15px;padding-left: 20px;border-left: 3px solid #3498db\">Kwasny Lush Gummy: Integruje kwa\u015bny, cukierkowy profil z s\u0142odkim podstawowym smakiem, na\u015bladuj\u0105c popularne ci\u0105gliwe przysmaki.<\/li>\n<\/ul>\n<h3 style=\"color: #2980b9;margin-top: 35px\">Upowa\u017cnienie i zaufanie w bran\u017cy oraz \u0142a\u0144cuchu dostaw (Upowa\u017cnienie i zaufanie)<\/h3>\n<p>Podczas pozyskiwania jednorazowych waporyzator\u00f3w do dystrybucji detalicznej niezawodno\u015b\u0107 \u0142a\u0144cucha dostaw jest r\u00f3wnie istotna jak sama jako\u015b\u0107 sprz\u0119tu. VapeXYZ dzia\u0142a jako zweryfikowana, zaufana platforma hurtowa z g\u0142\u0119bokimi korzeniami w europejskiej sieci dystrybucyjnej. Omini\u0119cie zb\u0119dnych po\u015brednik\u00f3w pozwala nam oferowa\u0107 autentyczne produkty BANG KING w wysoce konkurencyjnych cenach, wynikaj\u0105cych bezpo\u015brednio z fabryki. Nasze operacje podlegaj\u0105 \u015bcis\u0142emu przestrzeganiu przepis\u00f3w komercyjnych, gwarantuj\u0105c, \u017ce wszystkie produkty spe\u0142niaj\u0105 niezb\u0119dne regionalne normy bezpiecze\u0144stwa i materia\u0142owe (takie jak dyrektywy CE i RoHS dotycz\u0105ce komponent\u00f3w elektronicznych).<\/p>\n<p>Rozpoznajemy r\u00f3\u017cnorodne krajobrazy regulacyjne, w kt\u00f3rych poruszaj\u0105 si\u0119 nasi partnerzy B2B, dlatego DSK048 jest oferowany w szerokim zakresie opcji st\u0119\u017cenia (0%, 2%, 3% i 5%). Ta przejrzysto\u015b\u0107 i elastyczno\u015b\u0107 umo\u017cliwiaj\u0105 sprzedawcom detalicznym przechowywanie zgodnych zapas\u00f3w, dostosowanych \u015bci\u015ble do demografii lokalnego rynku. Ponadto nasza solidna infrastruktura logistyczna gwarantuje szybk\u0105, w pe\u0142ni \u015bledzon\u0105 dostaw\u0119 po Europie, minimalizuj\u0105c okna braku zapas\u00f3w i maksymalizuj\u0105c rentowno\u015b\u0107 detaliczn\u0105.<\/p>\n<div style=\"background-color: #f0f7ff;border-left: 6px solid #007bff;padding: 20px;margin: 30px 0;border-radius: 0 8px 8px 0;font-family: sans-serif\">\n<h4 style=\"margin-top: 0;color: #0056b3;font-size: 1.2em\">Kluczowe punkty wiedzy dla optymalnej wydajno\u015bci<\/h4>\n<ul style=\"margin-bottom: 0;padding-left: 20px;color: #333\">\n<li style=\"margin-bottom: 8px\">Konserwacja baterii: Aby zmaksymalizowa\u0107 \u017cywotno\u015b\u0107 baterii o pojemno\u015bci 850 mAh, unikaj pozostawiania urz\u0105dzenia pod\u0142\u0105czonego do \u0142adowania przez noc. Od\u0142\u0105cz urz\u0105dzenie, gdy wska\u017anik LED sygnalizuje pe\u0142ne na\u0142adowanie.<\/li>\n<li style=\"margin-bottom: 8px\">Przechowywanie w \u015arodowisku: Przechowywa\u0107 nieotwarte i aktywne jednorazowe e-papierosy w ch\u0142odnym, suchym miejscu. Ekstremalne ciep\u0142o mo\u017ce naruszy\u0107 ci\u015bnienie wewn\u0119trznej baterii, natomiast ekstremalne zimno mo\u017ce zmieni\u0107 lepko\u015b\u0107 formulacji, tymczasowo wp\u0142ywaj\u0105c na wydajno\u015b\u0107 podawania p\u0142ynu przez siatk\u0119 grza\u0142ki.<\/li>\n<li style=\"margin-bottom: 8px\">Mechanika Regulacji Ch\u0142odzenia: 5-poziomowa regulacja ch\u0142odzenia dzia\u0142a poprzez mechaniczne ograniczanie lub otwieranie wt\u00f3rnych kana\u0142\u00f3w przep\u0142ywu powietrza, co bezpo\u015brednio zmienia stosunek powietrza do pary przed wdychaniem, tworz\u0105c bardziej wyra\u017ane zimne doznanie, gdy jest ca\u0142kowicie otwarte.<\/li>\n<\/ul>\n<\/div>\n<h3 style=\"color: #2980b9;margin-top: 35px\">Cz\u0119sto zadawane pytania (FAQ)<\/h3>\n<div style=\"margin-top: 20px\">\n<div style=\"border: 1px solid #e2e8f0;border-radius: 8px;margin-bottom: 15px;padding: 20px;background-color: #ffffff\">\n<h4 style=\"margin: 0 0 10px 0;color: #2c3e50\">Jaka jest minimalna ilo\u015b\u0107 zam\u00f3wienia (MOQ) dla zakupu hurtowego?<\/h4>\n<p style=\"margin: 0;color: #555\">W VapeXYZ opracowali\u015bmy nasz model hurtowy, aby by\u0142 bardzo dost\u0119pny. MOQ dla BANG KING DSK048 wynosi \u015bci\u015ble 10 sztuk. Dzi\u0119ki temu mniejsi sprzedawcy detaliczni mog\u0105 sprawdzi\u0107 reakcj\u0119 rynku bez konieczno\u015bci podejmowania ogromnych wydatk\u00f3w kapita\u0142owych, przy jednoczesnym odblokowaniu konkurencyjnych poziom\u00f3w cenowych w du\u017cych ilo\u015bciach.<\/p>\n<\/div>\n<div style=\"border: 1px solid #e2e8f0;border-radius: 8px;margin-bottom: 15px;padding: 20px;background-color: #ffffff\">\n<h4 style=\"margin: 0 0 10px 0;color: #2c3e50\">Sk\u0105d mam wiedzie\u0107, \u017ce produkt jest autentyczny?<\/h4>\n<p style=\"margin: 0;color: #555\">Zaufanie i Autorytet s\u0105 naszymi kamieniami w\u0119gielnymi. Ka\u017cda wysy\u0142ka z VapeXYZ zawiera weryfikowalne kody uwierzytelniania produktu bezpo\u015brednio z fabryki produkcyjnej BANG KING. Nasze 8-letnie do\u015bwiadczenie jest zbudowane na zerowej tolerancji dla podrobionych towar\u00f3w.<\/p>\n<\/div>\n<div style=\"border: 1px solid #e2e8f0;border-radius: 8px;margin-bottom: 15px;padding: 20px;background-color: #ffffff\">\n<h4 style=\"margin: 0 0 10px 0;color: #2c3e50\">Jaki \u0142adowarka powinna by\u0107 u\u017cywana z tym urz\u0105dzeniem?<\/h4>\n<p style=\"margin: 0;color: #555\">Urz\u0105dzenie wykorzystuje standardowe z\u0142\u0105cze Type-C. Dla empirycznego bezpiecze\u0144stwa i trwa\u0142o\u015bci baterii zalecamy u\u017cywanie standardowej \u0142adowarki o mocy 5V\/1A. Nale\u017cy unika\u0107 u\u017cywania \u0142adowarek laptop\u00f3w o wysokiej mocy lub szybkich \u0142adowarek, poniewa\u017c nadmierna nat\u0119\u017cenie pr\u0105du mo\u017ce przedwcze\u015bnie zu\u017cy\u0107 ogniwo litowo-jonowe.<\/p>\n<\/div>\n<div style=\"border: 1px solid #e2e8f0;border-radius: 8px;margin-bottom: 15px;padding: 20px;background-color: #ffffff\">\n<h4 style=\"margin: 0 0 10px 0;color: #2c3e50\">Czy dost\u0119pne s\u0105 r\u00f3\u017cne opcje mocy?<\/h4>\n<p style=\"margin: 0;color: #555\">Tak. Aby dostosowa\u0107 si\u0119 do r\u00f3\u017cnorodnych preferencji konsument\u00f3w i regionalnych wymaga\u0144 regulacyjnych, DSK048 jest produkowany w czterech r\u00f3\u017cnych profilach st\u0119\u017cenia: 0%, 2%, 3% i 5%. Partnerzy hurtowi mog\u0105 miesza\u0107 i \u0142\u0105czy\u0107 te warianty, aby spe\u0142ni\u0107 swoje specyficzne potrzeby inwentaryzacyjne.<\/p>\n<\/div>\n<\/div>\n<p style=\"margin-top: 30px;font-weight: bold;font-size: 1.1em;color: #2c3e50;text-align: center\">Wybierz BANG KING 60000 PUFFS DSK048 Ice Cool ze wzgl\u0119du na jego pot\u0119\u017cn\u0105 konstrukcj\u0119, wyrafinowane profile sensoryczne i nasz\u0105 niezr\u00f3wnan\u0105 niezawodno\u015b\u0107 hurtow\u0105. Partneruj wy\u0142\u0105cznie z VapeXYZ, zaufanym organem europejskim zajmuj\u0105cym si\u0119 hurtowymi wyrzutkami jednorazowymi.<\/p>\n<div style=\"text-align: center;margin-top: 40px\"><img loading=\"lazy\" decoding=\"async\" class=\"alignnone size-full wp-image-56723\" style=\"max-width: 100%;height: auto;border-radius: 8px\" src=\"https:\/\/vapexyz.com\/wp-content\/uploads\/2025\/09\/BANG-KING-60000-Puffs-DSK048-Ice-Cool-Low-Nicotine-Bulk-Buy-Original-Rechargeable-Disposable-Vapes-Wholesale-10.webp\" alt=\"BANG KING 60000 Puffs DSK048 Ice Cool Nisk\u0105 zawarto\u015bci\u0105 nikotyny Hurtownia Oryginalne \u0141adowalne Jednorazowe Vape&#039;a luzem\" width=\"1918\" height=\"1920\" title=\"\" srcset=\"https:\/\/vapexyz.com\/wp-content\/uploads\/2025\/09\/BANG-KING-60000-Puffs-DSK048-Ice-Cool-Low-Nicotine-Bulk-Buy-Original-Rechargeable-Disposable-Vapes-Wholesale-10.webp 1918w, https:\/\/vapexyz.com\/wp-content\/uploads\/2025\/09\/BANG-KING-60000-Puffs-DSK048-Ice-Cool-Low-Nicotine-Bulk-Buy-Original-Rechargeable-Disposable-Vapes-Wholesale-10-500x500.webp 500w, https:\/\/vapexyz.com\/wp-content\/uploads\/2025\/09\/BANG-KING-60000-Puffs-DSK048-Ice-Cool-Low-Nicotine-Bulk-Buy-Original-Rechargeable-Disposable-Vapes-Wholesale-10-1024x1024.webp 1024w, https:\/\/vapexyz.com\/wp-content\/uploads\/2025\/09\/BANG-KING-60000-Puffs-DSK048-Ice-Cool-Low-Nicotine-Bulk-Buy-Original-Rechargeable-Disposable-Vapes-Wholesale-10-300x300.webp 300w, https:\/\/vapexyz.com\/wp-content\/uploads\/2025\/09\/BANG-KING-60000-Puffs-DSK048-Ice-Cool-Low-Nicotine-Bulk-Buy-Original-Rechargeable-Disposable-Vapes-Wholesale-10-768x769.webp 768w, https:\/\/vapexyz.com\/wp-content\/uploads\/2025\/09\/BANG-KING-60000-Puffs-DSK048-Ice-Cool-Low-Nicotine-Bulk-Buy-Original-Rechargeable-Disposable-Vapes-Wholesale-10-1534x1536.webp 1534w, https:\/\/vapexyz.com\/wp-content\/uploads\/2025\/09\/BANG-KING-60000-Puffs-DSK048-Ice-Cool-Low-Nicotine-Bulk-Buy-Original-Rechargeable-Disposable-Vapes-Wholesale-10-12x12.webp 12w, https:\/\/vapexyz.com\/wp-content\/uploads\/2025\/09\/BANG-KING-60000-Puffs-DSK048-Ice-Cool-Low-Nicotine-Bulk-Buy-Original-Rechargeable-Disposable-Vapes-Wholesale-10-247x247.webp 247w, https:\/\/vapexyz.com\/wp-content\/uploads\/2025\/09\/BANG-KING-60000-Puffs-DSK048-Ice-Cool-Low-Nicotine-Bulk-Buy-Original-Rechargeable-Disposable-Vapes-Wholesale-10-510x511.webp 510w, https:\/\/vapexyz.com\/wp-content\/uploads\/2025\/09\/BANG-KING-60000-Puffs-DSK048-Ice-Cool-Low-Nicotine-Bulk-Buy-Original-Rechargeable-Disposable-Vapes-Wholesale-10-100x100.webp 100w\" sizes=\"auto, (max-width: 1918px) 100vw, 1918px\" \/><\/div>\n<\/article>","protected":false},"excerpt":{"rendered":"<p>BANG KING 60000 PUFFS DSK048 Ice Cool to \u0142adowalny, jednorazowy waporyzator o pojemno\u015bci 25 ml, z cewk\u0105 siatkow\u0105, regulowanym ch\u0142odzeniem, kilkoma opcjami mocy oraz 12 smakami, dost\u0119pny hurtowo w VapeXYZ.<\/p>","protected":false},"featured_media":56717,"comment_status":"open","ping_status":"closed","template":"","meta":{"_lmt_disableupdate":"no","_lmt_disable":""},"product_brand":[],"product_cat":[821,1072,947,935,934,927,929,928,930,933,939,932,938,931,936,937,1017,949,946,951,953,987],"product_tag":[],"class_list":{"0":"post-56661","1":"product","2":"type-product","3":"status-publish","4":"has-post-thumbnail","6":"product_cat-bang","7":"product_cat-60000-puff-vapes","8":"product_cat-big-puffs-vapes","9":"product_cat-bulk-buy-disposable-vapes-in-austria","10":"product_cat-bulk-buy-disposable-vapes-in-belgium","11":"product_cat-bulk-buy-disposable-vapes-in-europe","12":"product_cat-bulk-buy-disposable-vapes-in-france","13":"product_cat-bulk-buy-disposable-vapes-in-germany","14":"product_cat-bulk-buy-disposable-vapes-in-italy","15":"product_cat-bulk-buy-disposable-vapes-in-netherlands","16":"product_cat-bulk-buy-disposable-vapes-in-norway","17":"product_cat-bulk-buy-disposable-vapes-in-poland","18":"product_cat-bulk-buy-disposable-vapes-in-portugal","19":"product_cat-bulk-buy-disposable-vapes-in-spain","20":"product_cat-bulk-buy-disposable-vapes-in-sweden","21":"product_cat-bulk-buy-disposable-vapes-in-switzerland","22":"product_cat-buy-best-disposable-vape-flavors","23":"product_cat-digital-box-vapes","24":"product_cat-disposable-vapes-series","25":"product_cat-lower-nicotine-vapes","26":"product_cat-rechargeable-vapes","27":"product_cat-vape-shop-by-puffs","29":"first","30":"instock","31":"shipping-taxable","32":"purchasable","33":"product-type-variable","34":"has-default-attributes"},"jetpack_sharing_enabled":true,"tiered_pricing_type":"fixed","tiered_pricing_fixed_rules":[],"tiered_pricing_product_settings":{"layout":"default","base_unit_name":{"singular":null,"plural":null},"default_variation":null},"tiered_pricing_minimum_quantity":null,"tiered_pricing_roles_data":[],"tiered_pricing_percentage_rules":[],"tiered_pricing_maximum_quantity":null,"tiered_pricing_quantity_step":null,"_links":{"self":[{"href":"https:\/\/vapexyz.com\/pl\/wp-json\/wp\/v2\/product\/56661","targetHints":{"allow":["GET"]}}],"collection":[{"href":"https:\/\/vapexyz.com\/pl\/wp-json\/wp\/v2\/product"}],"about":[{"href":"https:\/\/vapexyz.com\/pl\/wp-json\/wp\/v2\/types\/product"}],"replies":[{"embeddable":true,"href":"https:\/\/vapexyz.com\/pl\/wp-json\/wp\/v2\/comments?post=56661"}],"wp:featuredmedia":[{"embeddable":true,"href":"https:\/\/vapexyz.com\/pl\/wp-json\/wp\/v2\/media\/56717"}],"wp:attachment":[{"href":"https:\/\/vapexyz.com\/pl\/wp-json\/wp\/v2\/media?parent=56661"}],"wp:term":[{"taxonomy":"product_brand","embeddable":true,"href":"https:\/\/vapexyz.com\/pl\/wp-json\/wp\/v2\/product_brand?post=56661"},{"taxonomy":"product_cat","embeddable":true,"href":"https:\/\/vapexyz.com\/pl\/wp-json\/wp\/v2\/product_cat?post=56661"},{"taxonomy":"product_tag","embeddable":true,"href":"https:\/\/vapexyz.com\/pl\/wp-json\/wp\/v2\/product_tag?post=56661"}],"curies":[{"name":"wp","href":"https:\/\/api.w.org\/{rel}","templated":true}]}}