{"id":54059,"date":"2025-08-05T15:17:37","date_gmt":"2025-08-05T15:17:37","guid":{"rendered":"https:\/\/vapexyz.com\/?post_type=product&#038;p=54059"},"modified":"2026-03-02T10:28:52","modified_gmt":"2026-03-02T10:28:52","slug":"jnr-fox-10000-puffs-pod-kit-niski-nikotyna-zakup-hurtowy-oryginalny-akumulator-rechargeable-wielokrotnego-uzytku-vape-luzem","status":"publish","type":"product","link":"https:\/\/vapexyz.com\/pl\/product\/jnr-fox-10000-puffs-pod-kit-low-nicotine-bulk-buy-original-rechargeable-refillable-vape-wholesale\/","title":{"rendered":"Zestaw JNR FOX 10000 Puffs Pod - zakup hurtowy - akumulator rechargeable - vape - mo\u017cliwy refill - sprzeda\u017c hurtowa"},"content":{"rendered":"<article style=\"font-family: -apple-system, BlinkMacSystemFont, 'Segoe UI', Roboto, Helvetica, Arial, sans-serif;line-height: 1.8;color: #2d3748;max-width: 100%;margin: 0 auto;padding: 20px\">\n<h2 style=\"color: #1a202c;font-size: 28px;border-bottom: 3px solid #3182ce;padding-bottom: 10px;margin-top: 40px;margin-bottom: 20px\">Kompleksowy przegl\u0105d in\u017cynierski i empiryczny: JNR FOX 10000 Puffs Pod Kit<\/h2>\n<p style=\"margin-bottom: 15px\">Witamy w VapeXYZ, Twoim najlepszym i autorytatywnym internetowym centrum dystrybucji jednorazowych waporyzator\u00f3w. Specjalizujemy si\u0119 w dostarczaniu zweryfikowanych, wysokowydajnych jednorazowych waporyzator\u00f3w od wiod\u0105cych producent\u00f3w bran\u017cy, takich jak BANG BOX, WASPE, UWIN, BIMO, RandM, BANG, VOZOL, Elf Box i MYDE. Dzi\u0119ki ponad o\u015bmioletniemu do\u015bwiadczeniu w mi\u0119dzynarodowej dystrybucji sprz\u0119tu, utrzymujemy solidny i transparentny \u0142a\u0144cuch dostaw, kt\u00f3ry obs\u0142uguje partner\u00f3w hurtowych na ca\u0142ym \u015bwiecie. Jeste\u015bmy vapexyz.com, profesjonalnym dystrybutorem hurtowym oferuj\u0105cym najbardziej zaawansowane systemy jednorazowych waporyzator\u00f3w w wysoce konkurencyjnych cenach rynkowych, z minimaln\u0105 ilo\u015bci\u0105 zam\u00f3wienia (MOQ) wynosz\u0105c\u0105 \u015bci\u015ble 10 sztuk, aby wspiera\u0107 zar\u00f3wno niezale\u017cnych sprzedawc\u00f3w detalicznych, jak i du\u017ce przedsi\u0119biorstwa.<\/p>\n<p style=\"margin-bottom: 15px\">Zestaw JNR FOX 10000 Puffs Pod Kit stanowi znacz\u0105cy post\u0119p strukturalny w nowoczesnym ekosystemie waporyzacji. Zaprojektowany dla doros\u0142ych u\u017cytkownik\u00f3w, kt\u00f3rzy priorytetowo traktuj\u0105 \u017cywotno\u015b\u0107 operacyjn\u0105, sta\u0142\u0105 wydajno\u015b\u0107 sensoryczn\u0105 i zgodno\u015b\u0107 materia\u0142ow\u0105, urz\u0105dzenie to wykracza poza standardowe ograniczenia jednorazowego u\u017cytku. Zosta\u0142o ono starannie zaprojektowane z innowacyjnym, zastrze\u017conym systemem dostarczania o podw\u00f3jnej pojemno\u015bci. \u0141\u0105cz\u0105c wst\u0119pnie nape\u0142nion\u0105 komor\u0119 podstawow\u0105 o pojemno\u015bci 2 ml z zintegrowan\u0105 10 ml butelk\u0105 uzupe\u0142niaj\u0105c\u0105, architektura zapewnia nieprzerwan\u0105 funkcjonalno\u015b\u0107, jednocze\u015bnie rygorystycznie przestrzegaj\u0105c regionalnych przepis\u00f3w dotycz\u0105cych obj\u0119to\u015bci. Niezale\u017cnie od tego, czy prowadzisz specjalistyczny sklep detaliczny, czy potrzebujesz produkt\u00f3w o du\u017cej obj\u0119to\u015bci do dystrybucji regionalnej, zestaw ten gwarantuje premium, standaryzowane do\u015bwiadczenie zawarte w bardzo kompaktowej, strukturalnie solidnej obudowie.<\/p>\n<div style=\"background-color: #ebf8ff;border-left: 6px solid #3182ce;padding: 20px;margin: 30px 0;border-radius: 0 8px 8px 0\">\n<h4 style=\"margin-top: 0;color: #2b6cb0;font-size: 18px;margin-bottom: 10px\">Ekspertyza: Dwukomorowa konstrukcja<\/h4>\n<p style=\"margin: 0;font-size: 15px;color: #2d3748\">Tradycyjna jednorazowa e-papieros cz\u0119sto cierpi z powodu przedwczesnego zu\u017cycia ze wzgl\u0119du na ograniczenia jednolitej obj\u0119to\u015bci wewn\u0119trznej. JNR FOX 10000 \u0142agodzi ten problem dzi\u0119ki hydrodynamicznemu protoko\u0142owi przenoszenia. Gdy g\u0142\u00f3wna komora 2ml zostaje opr\u00f3\u017cniona, mechanizm wspomagany podci\u015bnieniem pobiera specjalnie sformu\u0142owany roztw\u00f3r z 10ml butelki pomocniczej. Dzi\u0119ki temu utrzymuje si\u0119 optymalna saturacja macierzy knotowej, co znacznie zmniejsza ryzyko degradacji termicznej (suchych uderze\u0144) i utrzymuje sta\u0142y profil termodynamiczny przez ca\u0142y cykl \u017cycia urz\u0105dzenia.<\/p>\n<\/div>\n<h2 style=\"color: #1a202c;font-size: 24px;border-bottom: 2px solid #e2e8f0;padding-bottom: 8px;margin-top: 40px;margin-bottom: 20px\">Specyfikacje techniczne i dane autorytatywne<\/h2>\n<p style=\"margin-bottom: 15px\">W przeciwie\u0144stwie do uog\u00f3lnionych opis\u00f3w dostawc\u00f3w, nasze dane produktowe s\u0105 oparte na technicznej specyfikacji. Urz\u0105dzenie JNR FOX wykorzystuje zintegrowan\u0105 polimerow\u0105 bateri\u0119 litowo-jonow\u0105, specjalnie skalibrowan\u0105 do dostarczania sta\u0142ego napi\u0119cia do zaawansowanego elementu grzejnego siatki. To zapewnia, \u017ce w\u0142a\u015bciwo\u015bci fizyczne pary pozostaj\u0105 jednolite od pierwszego do ostatniego zaci\u0105gni\u0119cia.<\/p>\n<table style=\"width: 100%;border-collapse: collapse;margin: 30px 0;font-size: 15px;border-radius: 8px;overflow: hidden\">\n<thead>\n<tr style=\"background-color: #2d3748;color: #ffffff;text-align: left\">\n<th style=\"padding: 15px;border-bottom: 2px solid #4a5568\">Parametr techniczny<\/th>\n<th style=\"padding: 15px;border-bottom: 2px solid #4a5568\">Pomiar empiryczny \/ Specyfikacja<\/th>\n<\/tr>\n<\/thead>\n<tbody style=\"background-color: #ffffff\">\n<tr style=\"border-bottom: 1px solid #e2e8f0;background-color: #f7fafc\">\n<td style=\"padding: 15px;font-weight: 600;color: #4a5568\">Maksymalna Wydajno\u015b\u0107<\/td>\n<td style=\"padding: 15px;color: #4a5568\">Do 10 000 standaryzowanych wdech\u00f3w (badanie wed\u0142ug normy ISO)<\/td>\n<\/tr>\n<tr style=\"border-bottom: 1px solid #e2e8f0\">\n<td style=\"padding: 15px;font-weight: 600;color: #4a5568\">Architektura Obj\u0119to\u015bciowa<\/td>\n<td style=\"padding: 15px;color: #4a5568\">2ml Komora G\u0142\u00f3wna + 10ml Zbiornik Uzupe\u0142niaj\u0105cy<\/td>\n<\/tr>\n<tr style=\"border-bottom: 1px solid #e2e8f0;background-color: #f7fafc\">\n<td style=\"padding: 15px;font-weight: 600;color: #4a5568\">Si\u0142a aktywnego zwi\u0105zku<\/td>\n<td style=\"padding: 15px;color: #4a5568\">2% (20mg\/ml) Posta\u0107 - Zoptymalizowana dla p\u0142ynnego wdychania<\/td>\n<\/tr>\n<tr style=\"border-bottom: 1px solid #e2e8f0\">\n<td style=\"padding: 15px;font-weight: 600;color: #4a5568\">Uzupe\u0142nienie Energii<\/td>\n<td style=\"padding: 15px;color: #4a5568\">Interfejs szybkiego \u0142adowania typu C (wsp\u00f3\u0142czynnik wej\u015bciowy 1A)<\/td>\n<\/tr>\n<tr style=\"border-bottom: 1px solid #e2e8f0;background-color: #f7fafc\">\n<td style=\"padding: 15px;font-weight: 600;color: #4a5568\">Wska\u017aniki wizualne<\/td>\n<td style=\"padding: 15px;color: #4a5568\">System Dynamicznego \u015awiat\u0142a Oddychaj\u0105cego RGB (aktywowany rysunkiem)<\/td>\n<\/tr>\n<tr style=\"border-bottom: 1px solid #e2e8f0\">\n<td style=\"padding: 15px;font-weight: 600;color: #4a5568\">Zgodno\u015b\u0107 z przepisami<\/td>\n<td style=\"padding: 15px;color: #4a5568\">Certyfikowany zgodnie z europejsk\u0105 TPD, zgodny z RoHS<\/td>\n<\/tr>\n<\/tbody>\n<\/table>\n<h2 style=\"color: #1a202c;font-size: 24px;border-bottom: 2px solid #e2e8f0;padding-bottom: 8px;margin-top: 40px;margin-bottom: 20px\">Testowanie empiryczne i walidacja wydajno\u015bci<\/h2>\n<p style=\"margin-bottom: 15px\">Zaufanie do sektora jednorazowych waporyzator\u00f3w wymaga wyj\u015bcia poza twierdzenia promocyjne i skierowania uwagi na wska\u017aniki wydajno\u015bci oparte na danych. Deklarowana d\u0142ugo\u015b\u0107 \u017cycia wynosz\u0105ca 10 000 zaci\u0105gni\u0119\u0107 nie jest dowoln\u0105 szacunk\u0105; jest wynikiem empirycznych ocen laboratoryjnych. Wykorzystuj\u0105c automatyczne symulatory inhalacji, urz\u0105dzenia s\u0105 poddawane rygorystycznym protoko\u0142om testowym, kt\u00f3re imituj\u0105 standardowe u\u017cytkowanie przez cz\u0142owieka.<\/p>\n<ul style=\"list-style-type: none;padding-left: 0;margin-bottom: 30px\">\n<li style=\"margin-bottom: 12px;padding-left: 24px;position: relative\"><span style=\"position: absolute;left: 0;top: 0;color: #3182ce;font-weight: bold\">\u2713<\/span><strong style=\"color: #2d3748\">Standardowe parametry rysunku:<\/strong> Badanie jest przeprowadzane przy u\u017cyciu 2,0-sekundowego czasu trwania rozgrzewania, po kt\u00f3rym nast\u0119puje 30-sekundowa faza odpoczynku, zapewniaj\u0105c, \u017ce wewn\u0119trzne elementy grzewcze nie przekraczaj\u0105 krytycznych prog\u00f3w termicznych.<\/li>\n<li style=\"margin-bottom: 12px;padding-left: 24px;position: relative\"><span style=\"position: absolute;left: 0;top: 0;color: #3182ce;font-weight: bold\">\u2713<\/span><strong style=\"color: #2d3748\">Sp\u00f3jno\u015b\u0107 termiczna:<\/strong> Zaawansowane mikro-kontrolery reguluj\u0105 wyj\u015bcie elektryczne, co oznacza, \u017ce g\u0119sto\u015b\u0107 i profil sensoryczny pary pozostaj\u0105 statystycznie identyczne przy zaci\u0105gni\u0119ciu 100, jak i przy zaci\u0105gni\u0119ciu 9 000.<\/li>\n<li style=\"margin-bottom: 12px;padding-left: 24px;position: relative\"><span style=\"position: absolute;left: 0;top: 0;color: #3182ce;font-weight: bold\">\u2713<\/span><strong style=\"color: #2d3748\">Wydajno\u015b\u0107 baterii:<\/strong> Wdro\u017cenie portu \u0142adowania Type-C znacznie zmniejsza czas przestoju, umo\u017cliwiaj\u0105c wewn\u0119trznej kom\u00f3rce urz\u0105dzenia osi\u0105gni\u0119cie 100% stanu na\u0142adowania w ci\u0105gu oko\u0142o 45 minut w standardowych warunkach laboratoryjnych.<\/li>\n<\/ul>\n<h2 style=\"color: #1a202c;font-size: 24px;border-bottom: 2px solid #e2e8f0;padding-bottom: 8px;margin-top: 40px;margin-bottom: 20px\">Protoko\u0142y Bezpiecze\u0144stwa i Organ W\u0142adzy Regulacyjnej<\/h2>\n<p style=\"margin-bottom: 15px\">W bran\u017cy cz\u0119sto poddawanej kontroli pod k\u0105tem bezpiecze\u0144stwa, <a href=\"https:\/\/vapexyz.com\/pl\/kategoria-produktu\/jednorazowe-waporyzatory-jnr\/\">Marka JNR<\/a> afirmuje swoj\u0105 w\u0142adz\u0119 poprzez rygorystyczne przestrzeganie przepis\u00f3w. Urz\u0105dzenie JNR FOX jest w pe\u0142ni certyfikowane zgodnie z TPD (dyrektyw\u0105 dotycz\u0105c\u0105 produkt\u00f3w tytoniowych). W kontek\u015bcie rygorystycznych ram Unii Europejskiej dotycz\u0105cych produkt\u00f3w do inhalacji, ta certyfikacja wymaga wyczerpuj\u0105cych bada\u0144 toksykologicznych wszystkich materia\u0142\u00f3w fizycznych i emisji pary.<\/p>\n<p style=\"margin-bottom: 15px\">Niezaale\u017cne audyty potwierdzaj\u0105 brak zabronionych \u015brodk\u00f3w chemicznych w sk\u0142adzie. Ponadto komponenty elektroniczne s\u0105 produkowane w obiektach certyfikowanych zgodnie z norm\u0105 ISO 9001 i rygorystycznie spe\u0142niaj\u0105 dyrektyw\u0119 dotycz\u0105c\u0105 ograniczenia stosowania substancji niebezpiecznych (RoHS). Gwarantuje to, \u017ce detali\u015bci i konsumenci s\u0105 chronieni przed nara\u017ceniem na metale ci\u0119\u017ckie i usterkami elektrycznymi - zapewniaj\u0105c bezpieczny, w pe\u0142ni zgodny \u0142a\u0144cuch dostaw od linii produkcyjnej do p\u00f3\u0142ki sklepowej.<\/p>\n<h2 style=\"color: #1a202c;font-size: 24px;border-bottom: 2px solid #e2e8f0;padding-bottom: 8px;margin-top: 40px;margin-bottom: 20px\">Wyb\u00f3r sensoryczny i profile aromatyczne<\/h2>\n<p style=\"margin-bottom: 15px\">Seria JNR FOX wykorzystuje wysokojako\u015bciowe ekstrakty botaniczne oraz aromaty \u017cywno\u015bciowe do dostarczania wyrafinowanych do\u015bwiadcze\u0144 sensorycznych. Ka\u017cdy profil jest starannie skalibrowany przez specjalist\u00f3w molekularnych, aby zapewni\u0107 stabilne i wyraziste dzia\u0142anie, kt\u00f3re opiera si\u0119 degradacji przez ca\u0142y okres u\u017cytkowania urz\u0105dzenia. Nasze obszerne katalogi zaspokajaj\u0105 szerokie spektrum preferencji, podzielone na orze\u017awiaj\u0105ce mieszanki botaniczne, ch\u0142odne analogi owocowe oraz nostalgiczne kompozycje sensoryczne.<\/p>\n<div style=\"grid-template-columns: repeat(auto-fit, minmax(250px, 1fr));gap: 15px;margin-top: 25px;margin-bottom: 30px\">\n<div style=\"background-color: #f7fafc;padding: 15px;border-radius: 6px;border: 1px solid #e2e8f0;text-align: center;font-weight: 500;color: #2d3748\">L\u00f3d jagodowy<\/div>\n<div style=\"background-color: #f7fafc;padding: 15px;border-radius: 6px;border: 1px solid #e2e8f0;text-align: center;font-weight: 500;color: #2d3748\">L\u00f3d truskawkowy<\/div>\n<div style=\"background-color: #f7fafc;padding: 15px;border-radius: 6px;border: 1px solid #e2e8f0;text-align: center;font-weight: 500;color: #2d3748\">Arbuzowy l\u00f3d<\/div>\n<div style=\"background-color: #f7fafc;padding: 15px;border-radius: 6px;border: 1px solid #e2e8f0;text-align: center;font-weight: 500;color: #2d3748\">Truskawka Kiwi<\/div>\n<div style=\"background-color: #f7fafc;padding: 15px;border-radius: 6px;border: 1px solid #e2e8f0;text-align: center;font-weight: 500;color: #2d3748\">Blue Razz Cherry<\/div>\n<div style=\"background-color: #f7fafc;padding: 15px;border-radius: 6px;border: 1px solid #e2e8f0;text-align: center;font-weight: 500;color: #2d3748\">Bor\u00f3wka Malina Wi\u015bnia<\/div>\n<div style=\"background-color: #f7fafc;padding: 15px;border-radius: 6px;border: 1px solid #e2e8f0;text-align: center;font-weight: 500;color: #2d3748\">Wi\u015bnia Jagoda<\/div>\n<div style=\"background-color: #f7fafc;padding: 15px;border-radius: 6px;border: 1px solid #e2e8f0;text-align: center;font-weight: 500;color: #2d3748\">Gazowana cola wi\u015bniowa<\/div>\n<div style=\"background-color: #f7fafc;padding: 15px;border-radius: 6px;border: 1px solid #e2e8f0;text-align: center;font-weight: 500;color: #2d3748\">L\u00f3d winogronowy<\/div>\n<div style=\"background-color: #f7fafc;padding: 15px;border-radius: 6px;border: 1px solid #e2e8f0;text-align: center;font-weight: 500;color: #2d3748\">Kiwi Passionfruit Guava<\/div>\n<div style=\"background-color: #f7fafc;padding: 15px;border-radius: 6px;border: 1px solid #e2e8f0;text-align: center;font-weight: 500;color: #2d3748\">Jagody mieszane<\/div>\n<div style=\"background-color: #f7fafc;padding: 15px;border-radius: 6px;border: 1px solid #e2e8f0;text-align: center;font-weight: 500;color: #2d3748\">Peach Berry \n nie wymaga t\u0142umaczenia, jednak\u017ce mo\u017cna przet\u0142umaczy\u0107 dos\u0142ownie: Brzoskwiniowy Jagodowy<\/div>\n<div style=\"background-color: #f7fafc;padding: 15px;border-radius: 6px;border: 1px solid #e2e8f0;text-align: center;font-weight: 500;color: #2d3748\">Banan truskawkowy<\/div>\n<div style=\"background-color: #f7fafc;padding: 15px;border-radius: 6px;border: 1px solid #e2e8f0;text-align: center;font-weight: 500;color: #2d3748\">Arbuz Bubblegum<\/div>\n<\/div>\n<h2 style=\"color: #1a202c;font-size: 24px;border-bottom: 2px solid #e2e8f0;padding-bottom: 8px;margin-top: 40px;margin-bottom: 20px\">\u0141a\u0144cuch dostaw hurtowych oraz logistyka opakowa\u0144 B2B<\/h2>\n<p style=\"margin-bottom: 15px\">Dla operacji B2B fizyczne wymiary, waga oraz efektywno\u015b\u0107 przestrzenna s\u0105 krytycznymi czynnikami przy obliczaniu koszt\u00f3w wysy\u0142ki i narzut\u00f3w magazynowych. <a href=\"https:\/\/vapexyz.com\/pl\/kategoria-produktu\/jednorazowe-waporyzatory-jnr\/\">Seria JNR FOX<\/a> jest pakowany przy u\u017cyciu zoptymalizowanych, trwa\u0142ych materia\u0142\u00f3w zaprojektowanych specjalnie do transportu du\u017cych ilo\u015bci \u0142adunk\u00f3w komercyjnych.<\/p>\n<ul style=\"list-style-type: none;padding-left: 0;margin-bottom: 30px\">\n<li style=\"background-color: #ffffff;border: 1px solid #e2e8f0;border-radius: 8px;padding: 15px;margin-bottom: 10px\"><strong style=\"color: #3182ce;font-size: 16px\">Jednostka Detaliczna Indywidualna (Ma\u0142e Opakowanie):<\/strong><br \/>\n<span style=\"color: #4a5568\">Wymiary: 65 \u00d7 33 \u00d7 93 mm | Waga brutto: 40g | Wydajno\u015b\u0107: 1 sztuka na opakowanie. Zaprojektowane z zabezpieczonymi przed naruszeniem plombami dla zaufania konsumenta.<\/span><\/li>\n<li style=\"background-color: #ffffff;border: 1px solid #e2e8f0;border-radius: 8px;padding: 15px;margin-bottom: 10px\"><strong style=\"color: #3182ce;font-size: 16px\">Modu\u0142 Wy\u015bwietlacza (\u015aredni Pakiet):<\/strong><br \/>\n<span style=\"color: #4a5568\">Wymiary: 171 \u00d7 67 \u00d7 96 mm | Waga brutto: 429g | Wydajno\u015b\u0107: 5 sztuk na opakowanie. Zoptymalizowane dla estetyki ekspozycji w miejscu sprzeda\u017cy i natychmiastowej gotowo\u015bci do sprzeda\u017cy detalicznej.<\/span><\/li>\n<li style=\"background-color: #ffffff;border: 1px solid #e2e8f0;border-radius: 8px;padding: 15px;margin-bottom: 10px\"><strong style=\"color: #3182ce;font-size: 16px\">W\u0142adca Frachtu Karton:<\/strong><br \/>\n<span style=\"color: #4a5568\">Wymiary: 700 \u00d7 360 \u00d7 218 mm | Masa brutto: 18,34 kg | Wydajno\u015b\u0107: 200 sztuk na karton.  Konstrukcyjnie wzmocniony, aby wytrzyma\u0107 standardowe mi\u0119dzynarodowe ci\u015bnienia podczas transportu.<\/span><\/li>\n<\/ul>\n<h2 style=\"color: #1a202c;font-size: 24px;border-bottom: 2px solid #e2e8f0;padding-bottom: 8px;margin-top: 40px;margin-bottom: 20px\">Cz\u0119sto Zadawane Pytania (Empiryczna Baza Wiedzy)<\/h2>\n<div style=\"margin-bottom: 15px;border: 1px solid #e2e8f0;border-radius: 8px;overflow: hidden\">\n<h4 style=\"background-color: #f7fafc;margin: 0;padding: 15px;color: #2d3748;font-size: 16px;border-bottom: 1px solid #e2e8f0\">Jak system komorowy (2ml + 10ml) utrzymuje zgodno\u015b\u0107 z przepisami europejskimi?<\/h4>\n<div style=\"padding: 15px;background-color: #ffffff;color: #4a5568;font-size: 15px\">Dyrektywa produktowa Unii Europejskiej nak\u0142ada obowi\u0105zek, aby zamkni\u0119ta podstawowa kapsu\u0142a nie przekracza\u0142a 2 ml pojemno\u015bci w momencie pocz\u0105tkowej waporyzacji. JNR FOX rygorystycznie przestrzega tego przepisu, oddzielaj\u0105c podstawow\u0105 2 ml komor\u0119 grzewcz\u0105 od wt\u00f3rnej 10 ml butelki uzupe\u0142niaj\u0105cej, skutecznie wykorzystuj\u0105c segregacj\u0119 strukturaln\u0105 do spe\u0142nienia rygorystycznych parametr\u00f3w prawnych, jednocze\u015bnie zapewniaj\u0105c u\u017cytkownikom przed\u0142u\u017cone u\u017cytkowanie.<\/div>\n<\/div>\n<div style=\"margin-bottom: 15px;border: 1px solid #e2e8f0;border-radius: 8px;overflow: hidden\">\n<h4 style=\"background-color: #f7fafc;margin: 0;padding: 15px;color: #2d3748;font-size: 16px;border-bottom: 1px solid #e2e8f0\">Jaka jest minimalna ilo\u015b\u0107 zam\u00f3wienia (MOQ) dla zakup\u00f3w hurtowych?<\/h4>\n<div style=\"padding: 15px;background-color: #ffffff;color: #4a5568;font-size: 15px\">Jako autorytatywna platforma hurtowa, VapeXYZ utrzymuje wysoce dost\u0119pn\u0105 minimaln\u0105 ilo\u015b\u0107 zam\u00f3wienia (MOQ) wynosz\u0105c\u0105 tylko 10 sztuk. Taka polityka jest celowo skonstruowana, aby umo\u017cliwi\u0107 mniejszym sklepom detalicznym sprawdzenie wykonalno\u015bci rynkowej i odbioru konsumenckiego przed zobowi\u0105zaniem si\u0119 do zakupu du\u017cych ilo\u015bci, minimalizuj\u0105c ryzyko finansowe, jednocze\u015bnie gwarantuj\u0105c ceny bezpo\u015brednio od producenta.<\/div>\n<\/div>\n<div style=\"margin-bottom: 15px;border: 1px solid #e2e8f0;border-radius: 8px;overflow: hidden\">\n<h4 style=\"background-color: #f7fafc;margin: 0;padding: 15px;color: #2d3748;font-size: 16px;border-bottom: 1px solid #e2e8f0\">Sk\u0105d mam wiedzie\u0107, \u017ce ocena 10 000 puff\u00f3w jest dok\u0142adna?<\/h4>\n<div style=\"padding: 15px;background-color: #ffffff;color: #4a5568;font-size: 15px\">Liczba 10 000 jest pochodn\u0105 kontrolowanych, niezale\u017cnych \u015brodowisk laboratoryjnych wykorzystuj\u0105cych urz\u0105dzenia mechanicznego zaci\u0105gania. Wydajno\u015b\u0107 w rzeczywistych warunkach mo\u017ce si\u0119 nieznacznie r\u00f3\u017cni\u0107 w zale\u017cno\u015bci od indywidualnego czasu trwania inhalacji i temperatury otoczenia, jednak podstawowa ca\u0142kowita pojemno\u015b\u0107 obj\u0119to\u015bciowa wynosz\u0105ca 12 ml zapewnia ogromn\u0105 \u017cywotno\u015b\u0107 znacznie przewy\u017cszaj\u0105c\u0105 standardowe jednocz\u0119\u015bciowe, jednorazowe waporyzatory.<\/div>\n<\/div>\n<hr style=\"border: 0;height: 1px;background-color: #e2e8f0;margin: 40px 0\" \/>\n<h3 style=\"color: #2d3748;font-size: 20px;text-align: center;margin-bottom: 20px\">Zakup autentyczne urz\u0105dzenia bezpo\u015brednio z VapeXYZ<\/h3>\n<p style=\"text-align: center;font-size: 16px;margin-bottom: 30px\">\u015aci\u015ble zgodny z normami JNR FOX 10000 Puffs jest obecnie dost\u0119pny na platformie VapeXYZ w celu zakupu hurtowego, jako wasza zaufana i transparentna platforma dla autentycznych, wielokrotnie nape\u0142nianych waporyzator\u00f3w w Europie. Specjalizujemy si\u0119 w precyzyjnie zaprojektowanych, wysokowydajnych waporyzatorach jednorazowych, kt\u00f3re niew\u0105tpliwie spe\u0142niaj\u0105 rygorystyczne wymagania rynkowe i globalne standardy regulacyjne. Zintegruj te zatwierdzone jednostki do swojego asortymentu ju\u017c dzi\u015b i uzupe\u0142nij swoje operacje z absolutn\u0105 pewno\u015bci\u0105.<\/p>\n<div style=\"text-align: center;margin-top: 30px\"><img loading=\"lazy\" decoding=\"async\" style=\"max-width: 100%;height: auto;border-radius: 8px\" src=\"https:\/\/vapexyz.com\/wp-content\/uploads\/2025\/08\/JNR-FOX-10000-Puffs-Pod-Kit-Low-Nicotine-Bulk-Buy-Original-Rechargeable-Vapes-Wholesale0-scaled.webp\" alt=\"Zestaw JNR FOX 10000 Puffs Pod - zakup hurtowy oryginalnych, akumulatorowych waporyzator\u00f3w na sprzeda\u017c\" width=\"2560\" height=\"1440\" title=\"\"><\/div>\n<\/article>","protected":false},"excerpt":{"rendered":"<p>JNR FOX 10000 Puffs Pod Kit to niskowydajny, certyfikowany TPD, akumulatorowy, uzupe\u0142niany waporyzator, wyposa\u017cony w wst\u0119pnie nape\u0142niony pojemnik o pojemno\u015bci 2 ml, butelk\u0119 do uzupe\u0142niania o pojemno\u015bci 10 ml oraz szybkie \u0142adowanie przez Type-C - idealny do hurtowej sprzeda\u017cy na du\u017c\u0105 skal\u0119 w Europie.<\/p>","protected":false},"featured_media":54077,"comment_status":"open","ping_status":"closed","template":"","meta":{"_lmt_disableupdate":"no","_lmt_disable":""},"product_brand":[],"product_cat":[1040,994,947,935,934,927,929,928,930,933,939,932,938,931,936,937,1017,946,951,840,953,987],"product_tag":[],"class_list":{"0":"post-54059","1":"product","2":"type-product","3":"status-publish","4":"has-post-thumbnail","6":"product_cat-jnr-disposable-vapes","7":"product_cat-10000-puff-vapes","8":"product_cat-big-puffs-vapes","9":"product_cat-bulk-buy-disposable-vapes-in-austria","10":"product_cat-bulk-buy-disposable-vapes-in-belgium","11":"product_cat-bulk-buy-disposable-vapes-in-europe","12":"product_cat-bulk-buy-disposable-vapes-in-france","13":"product_cat-bulk-buy-disposable-vapes-in-germany","14":"product_cat-bulk-buy-disposable-vapes-in-italy","15":"product_cat-bulk-buy-disposable-vapes-in-netherlands","16":"product_cat-bulk-buy-disposable-vapes-in-norway","17":"product_cat-bulk-buy-disposable-vapes-in-poland","18":"product_cat-bulk-buy-disposable-vapes-in-portugal","19":"product_cat-bulk-buy-disposable-vapes-in-spain","20":"product_cat-bulk-buy-disposable-vapes-in-sweden","21":"product_cat-bulk-buy-disposable-vapes-in-switzerland","22":"product_cat-buy-best-disposable-vape-flavors","23":"product_cat-disposable-vapes-series","24":"product_cat-lower-nicotine-vapes","25":"product_cat-pod","26":"product_cat-rechargeable-vapes","27":"product_cat-vape-shop-by-puffs","29":"first","30":"instock","31":"shipping-taxable","32":"purchasable","33":"product-type-variable","34":"has-default-attributes"},"jetpack_sharing_enabled":true,"tiered_pricing_type":"fixed","tiered_pricing_fixed_rules":[],"tiered_pricing_product_settings":{"layout":"default","base_unit_name":{"singular":null,"plural":null},"default_variation":null},"tiered_pricing_minimum_quantity":null,"tiered_pricing_roles_data":[],"tiered_pricing_percentage_rules":[],"tiered_pricing_maximum_quantity":null,"tiered_pricing_quantity_step":null,"_links":{"self":[{"href":"https:\/\/vapexyz.com\/pl\/wp-json\/wp\/v2\/product\/54059","targetHints":{"allow":["GET"]}}],"collection":[{"href":"https:\/\/vapexyz.com\/pl\/wp-json\/wp\/v2\/product"}],"about":[{"href":"https:\/\/vapexyz.com\/pl\/wp-json\/wp\/v2\/types\/product"}],"replies":[{"embeddable":true,"href":"https:\/\/vapexyz.com\/pl\/wp-json\/wp\/v2\/comments?post=54059"}],"wp:featuredmedia":[{"embeddable":true,"href":"https:\/\/vapexyz.com\/pl\/wp-json\/wp\/v2\/media\/54077"}],"wp:attachment":[{"href":"https:\/\/vapexyz.com\/pl\/wp-json\/wp\/v2\/media?parent=54059"}],"wp:term":[{"taxonomy":"product_brand","embeddable":true,"href":"https:\/\/vapexyz.com\/pl\/wp-json\/wp\/v2\/product_brand?post=54059"},{"taxonomy":"product_cat","embeddable":true,"href":"https:\/\/vapexyz.com\/pl\/wp-json\/wp\/v2\/product_cat?post=54059"},{"taxonomy":"product_tag","embeddable":true,"href":"https:\/\/vapexyz.com\/pl\/wp-json\/wp\/v2\/product_tag?post=54059"}],"curies":[{"name":"wp","href":"https:\/\/api.w.org\/{rel}","templated":true}]}}