{"id":49321,"date":"2025-06-23T13:34:24","date_gmt":"2025-06-23T13:34:24","guid":{"rendered":"https:\/\/vapexyz.com\/?post_type=product&#038;p=49321"},"modified":"2026-04-14T14:26:14","modified_gmt":"2026-04-14T14:26:14","slug":"oksza-podwojny-smak-60000-zaciagniec-ekran-lcd-niski-nikotyna-oryginalna-fabryka-zakup-hurtowy-akumulatorowy-jednorazowy-waporyzator-dlugopis-na-sprzedaz","status":"publish","type":"product","link":"https:\/\/vapexyz.com\/pl\/product\/okso-double-flavor-60000-puffs-lcd-screen-low-nicotine-original-factory-bulk-buy-rechargeable-disposable-vapes-pen-wholesale\/","title":{"rendered":"OKSO Double Tastes 60000 Puffs Ekran LCD Zakup Hurtowy Akumulatory Wype\u0142niane Jednorazowe Vape'a Detaliczne"},"content":{"rendered":"<article style=\"font-family: 'Helvetica Neue', Helvetica, Arial, sans-serif;line-height: 1.8;color: #2c3e50;max-width: 100%;margin: 0 auto;padding: 20px\">\n<h2 style=\"color: #1a252f;border-bottom: 2px solid #3498db;padding-bottom: 10px;margin-top: 30px\">Hurt <a style=\"color: #3498db;text-decoration: none\" href=\"https:\/\/vapexyz.com\/pl\/kategoria-produktu\/okso-jednorazowe-vapey\/\">OKSO<\/a> Podw\u00f3jny Profil 60000 Puffs Hurt: Podnie\u015b sw\u00f3j portfel vape z Certyfikowanym Dostawc\u0105 z Europy<\/h2>\n<p>Przez ponad osiem lat VapeXyz dzia\u0142a\u0142 jako rygorystycznie zgodny, audytowany kamie\u0144 w\u0119gielny europejskiej sieci dystrybucyjnej. Jeste\u015bmy zaanga\u017cowani w dostarczanie produkt\u00f3w najwy\u017cszej jako\u015bci, w pe\u0142ni zweryfikowanych dla sprzedawc\u00f3w detalicznych oraz du\u017cych nabywc\u00f3w komercyjnych w Niemczech, Holandii, Belgii, Hiszpanii, Francji, Portugalii, Polsce, W\u0142oszech i poza nimi. Nasza struktura operacyjna jest zbudowana na rygorystycznym przestrzeganiu mi\u0119dzynarodowych standard\u00f3w handlowych, oferuj\u0105c nie tylko produkty, ale starannie udokumentowany \u0142a\u0144cuch dostaw, kt\u00f3ry gwarantuje niezawodno\u015b\u0107, weryfikowaln\u0105 innowacyjno\u015b\u0107 oraz niezr\u00f3wnan\u0105 warto\u015b\u0107 komercyjn\u0105.<\/p>\n<p>Dzia\u0142aj\u0105c w ramach certyfikowanych system\u00f3w zarz\u0105dzania jako\u015bci\u0105 ISO 9001:2015, s\u0142u\u017cymy jako autoryzowany, bezpo\u015bredni dystrybutor od producenta dla elitarnych marek, w tym RandM Tornado, FIZZY, FUMOT, Waspe, Vapme, Bang Box i ponad 20 innych rygorystycznie sprawdzonych producent\u00f3w. Tworzymy specjalistyczny katalog, kt\u00f3ry odzwierciedla najnowsze osi\u0105gni\u0119cia w dziedzinie elektroniki konsumenckiej i technologii waporyzacji. Niezale\u017cnie od tego, czy jeste\u015b du\u017cym sprzedawc\u0105 detalicznym, kt\u00f3ry chce urozmaici\u0107 swoj\u0105 ofert\u0119 p\u00f3\u0142ek, czy regionalnym hurtownikiem, kt\u00f3ry priorytetowo traktuje optymalizacj\u0119 mar\u017cy i \u015bcis\u0142e przestrzeganie przepis\u00f3w, VapeXyz \u0142\u0105czy agresywne ceny wolumenowe, w pe\u0142ni ubezpieczone us\u0142ugi logistyczne przyspieszonego transportu oraz bezpieczne rozwi\u0105zania p\u0142atno\u015bci komercyjnych - od uwierzytelnionych bramek kredytowych po zlokalizowane europejskie sieci, takie jak iDEAL (Holandia), Bancontact (Belgia) i przelewy bankowe SEPA - aby zapewni\u0107 p\u0142ynne, udokumentowane transakcje.<\/p>\n<h2 style=\"color: #1a252f;border-bottom: 2px solid #3498db;padding-bottom: 10px;margin-top: 30px\">OKSO Double Profile 60k: Jednorazowa vape zaprojektowana dla technicznej doskona\u0142o\u015bci<\/h2>\n<p>Na technologicznym froncie naszego portfolio hurtowego znajduje si\u0119 OKSO Double Profile 60k, wyrafinowane urz\u0105dzenie konsumenckie reprezentuj\u0105ce skok w dziedzinie pneumatycznej i termodynamicznej. Dostosowane specjalnie dla nowoczesnego u\u017cytkownika, kt\u00f3ry wymaga przed\u0142u\u017conej \u017cywotno\u015bci i sta\u0142ej wydajno\u015bci, ta jednorazowa vape zmienia\u57fa\u6e96y bran\u017cowe. Odchodzi od standardowych paradygmat\u00f3w zu\u017cywalnych poprzez integracj\u0119 zaawansowanej mikroelektroniki, precyzyjnie zaprojektowanych element\u00f3w grzejnych i konstrukcji strukturalnej potwierdzonej poprzez rozleg\u0142e badania laboratoryjne dotycz\u0105ce wytrzyma\u0142o\u015bci.<\/p>\n<h3 style=\"color: #2c3e50;margin-top: 25px\">Specyfikacje techniczne i diagnostyka in\u017cynierska<\/h3>\n<p>Przewaga operacyjna OKSO 60k jest uzasadniona jego udokumentowanymi specyfikacjami sprz\u0119towymi. Wykorzystuj\u0105c aluminium klasy lotniczej i polimery PCTG klasy medycznej, urz\u0105dzenie zapewnia stabilno\u015b\u0107 termiczn\u0105 i integralno\u015b\u0107 strukturaln\u0105 w ca\u0142ym wyd\u0142u\u017conym cyklu \u017cycia.<\/p>\n<table style=\"width: 100%;border-collapse: collapse;margin: 25px 0;font-size: 15px;background-color: #ffffff;border-radius: 8px;overflow: hidden\">\n<thead>\n<tr style=\"background-color: #2c3e50;color: #ffffff;text-align: left\">\n<th style=\"padding: 15px;border: 1px solid #1a252f\">Sk\u0142adnik \/ Metryka<\/th>\n<th style=\"padding: 15px;border: 1px solid #1a252f\">Specyfikacja Techniczna i Walidacja<\/th>\n<\/tr>\n<\/thead>\n<tbody>\n<tr style=\"border-bottom: 1px solid #ecf0f1\">\n<td style=\"padding: 15px;font-weight: bold;color: #34495e\">Wyj\u015bcie pneumatyczne (liczba podmuch\u00f3w)<\/td>\n<td style=\"padding: 15px\">Do 60 000 aktywacji. Zatwierdzone za pomoc\u0105 zautomatyzowanych maszyn do badania wyci\u0105gu, znormalizowanych zgodnie z norm\u0105 ISO (czas trwania 1,5 s, obj\u0119to\u015b\u0107 55 ml, odst\u0119p 3 s).<\/td>\n<\/tr>\n<tr style=\"border-bottom: 1px solid #ecf0f1;background-color: #f9fbfd\">\n<td style=\"padding: 15px;font-weight: bold;color: #34495e\">Dwa Wewn\u0119trzne Zbiorniki<\/td>\n<td style=\"padding: 15px\">25ml + 25ml (\u0142\u0105czna pojemno\u015b\u0107 50ml) umieszczone w niezale\u017cnych, zabezpieczonych przed krzy\u017cowym zanieczyszczeniem komorach Medical-Grade PCTG.<\/td>\n<\/tr>\n<tr style=\"border-bottom: 1px solid #ecf0f1\">\n<td style=\"padding: 15px;font-weight: bold;color: #34495e\">Rdze\u0144 Termodynamiczny<\/td>\n<td style=\"padding: 15px\">1,0 \u03a9 Kanthal A1 siatka grza\u0142ki. Zaprojektowana do wysoce r\u00f3wnomiernego rozk\u0142adu ciep\u0142a, eliminuj\u0105ca lokalne gor\u0105ce punkty oraz degradacj\u0119 termiczn\u0105.<\/td>\n<\/tr>\n<tr style=\"border-bottom: 1px solid #ecf0f1;background-color: #f9fbfd\">\n<td style=\"padding: 15px;font-weight: bold;color: #34495e\">Si\u0142y aktywnych zwi\u0105zk\u00f3w<\/td>\n<td style=\"padding: 15px\">Dost\u0119pne warianty st\u0119\u017cenia: 0%, 2%, 3% lub 5%, zweryfikowane poprzez rygorystyczne badania wsadowe przy u\u017cyciu wysokowydajnej chromatografii cieczowej (HPLC).<\/td>\n<\/tr>\n<tr style=\"border-bottom: 1px solid #ecf0f1\">\n<td style=\"padding: 15px;font-weight: bold;color: #34495e\">Mikroprocesor &amp; Telemetry<\/td>\n<td style=\"padding: 15px\">Zintegrowany inteligentny system BMS (zarz\u0105dzanie bateri\u0105) z wysokokontrastowym wy\u015bwietlaczem macierzowym LED, zapewniaj\u0105cy telemetryj\u0119 \u0142adunku i pojemno\u015bci w czasie rzeczywistym.<\/td>\n<\/tr>\n<tr style=\"border-bottom: 1px solid #ecf0f1;background-color: #f9fbfd\">\n<td style=\"padding: 15px;font-weight: bold;color: #34495e\">Architektura Power<\/td>\n<td style=\"padding: 15px\">Bateria litowo-jonowa polimerowa o pojemno\u015bci 850mAh z wej\u015bciem Type-C. Funkcje aktywnej ochrony przed prze\u0142adowaniem, nadmiernym roz\u0142adowaniem oraz zwarciem.<\/td>\n<\/tr>\n<tr style=\"border-bottom: 1px solid #ecf0f1\">\n<td style=\"padding: 15px;font-weight: bold;color: #34495e\">Wymiary i masa<\/td>\n<td style=\"padding: 15px\">105mm x 51,3mm x 27,7mm. Ci\u0119\u017car netto: 125g. Ergonomicznie ukszta\u0142towany dla optymalnego tarcia chwytu i balansu \u015brodka ci\u0119\u017cko\u015bci.<\/td>\n<\/tr>\n<tr>\n<td style=\"padding: 15px;font-weight: bold;color: #34495e\">Logistyka i wymiary luzem<\/td>\n<td style=\"padding: 15px\">Standaryzowane opakowanie: 520mm x 372mm x 254mm. 160 sztuk na karton g\u0142\u00f3wny. Waga brutto: 21,5kg. Zoptymalizowane dla wymiar\u00f3w euro-palety.<\/td>\n<\/tr>\n<\/tbody>\n<\/table>\n<div style=\"background: linear-gradient(135deg, #f0f7ff 0%, #e6f2ff 100%);border-left: 6px solid #3498db;padding: 25px;border-radius: 6px;margin: 35px 0\">\n<h4 style=\"color: #2980b9;margin-top: 0;font-size: 18px;align-items: center\"><span style=\"font-size: 24px;margin-right: 10px\">\ud83d\udcca<\/span> Empiryczne Testowanie i Standardy Zapewnienia Jako\u015bci<\/h4>\n<p style=\"margin-bottom: 10px\">W przeciwie\u0144stwie do niepo\u015bwiadczonych, og\u00f3lnych jednostek, kt\u00f3re opieraj\u0105 si\u0119 na szacunkach teoretycznych, jednorazowa vape OKSO 60k przechodzi rygorystyczne, oparte na danych, testy empiryczne przed wprowadzeniem na rynek. Nasze partnerskie firmy produkcyjne wdra\u017caj\u0105 standardowe protoko\u0142y kontroli jako\u015bci zgodne z norm\u0105 ISO:<\/p>\n<ul style=\"margin-bottom: 0;padding-left: 20px\">\n<li style=\"margin-bottom: 8px\">Badanie zmienno\u015bci termicznej w \u015brodowisku: Urz\u0105dzenia s\u0105 umieszczane w komorach klimatycznych, w kt\u00f3rych temperatura cyklicznie zmienia si\u0119 od -10\u00b0C do +45\u00b0C przez 72 godziny, aby zapewni\u0107, \u017ce przygotowane rozwi\u0105zanie utrzymuje odpowiedni\u0105 lepko\u015b\u0107, a ogniwo litowo-jonowe opiera si\u0119 spadkom napi\u0119cia wywo\u0142anym temperatur\u0105.<\/li>\n<li style=\"margin-bottom: 8px\">Automatyzowana diagnostyka napr\u0119\u017ce\u0144 pneumatycznych: losowo wybrane jednostki z ka\u017cdej serii produkcyjnej s\u0105 pod\u0142\u0105czane do automatycznych symulator\u00f3w pr\u00f3\u017cniowych w celu weryfikacji roszczenia o 60 000 aktywacjach, zapewniaj\u0105c, \u017ce siatka Kanthal utrzymuje swoj\u0105 integralno\u015b\u0107 strukturaln\u0105 bez fluktuacji impedancji.<\/li>\n<li>Zgodno\u015b\u0107 materia\u0142owa: Wszystkie wewn\u0119trzne tworzywa sztuczne stykaj\u0105ce si\u0119 z roztworem s\u0105 zweryfikowane jako \u017cywno\u015b\u0107 klasy PCTG. Ponadto wszystkie zespo\u0142y elektroniczne posiadaj\u0105 dokumentacj\u0119 Conformit\u00e9 Europ\u00e9enne (CE) i Restriction of Hazardous Substances (RoHS), aktywnie \u0142agodz\u0105c ryzyko nara\u017cenia na metale ci\u0119\u017ckie i zapewniaj\u0105c zgodne z przepisami procedury utylizacji na ko\u0144cu cyklu \u017cycia.<\/li>\n<\/ul>\n<\/div>\n<h2 style=\"color: #1a252f;border-bottom: 2px solid #3498db;padding-bottom: 10px;margin-top: 30px\">Symfonia Aromat\u00f3w: Precyzja Podw\u00f3jnych Kombinacji Profilowych<\/h2>\n<p>The OKSO Double Profile 60k elevates the sensory experience through complex, dual-chamber extraction science. Rather than simple singular notes, this disposable vape features 20 meticulously crafted dual-blend combinations. Each profile is synthesized under laboratory conditions to ensure absolute consistency from the first actuation to the last.<\/p>\n<p>1 Blue Razz &amp; LOVE66<br \/>\n2 Strawberry Cherry &amp; Kiwi Passion Fruit Guava<br \/>\n3 Watermelon Bubble Gum &amp; Mixed Fruit<br \/>\n4 Strawberry Banana &amp; Cherry Fiesta<br \/>\n5 Watermelon ice &amp; Peach Mango<br \/>\n6 Blue Razz Lemonade &amp; Apple Peach<br \/>\n7 Red Energy Ice &amp; Grape ice<br \/>\n8 Strawberry Watermelon &amp; Two Apple<br \/>\n9 Blue Razz Cherry Cranberry &amp; Mint<br \/>\n10 Blueberry ice &amp; Black Currant<br \/>\n11 Pineapple Ice &amp; Dragon Fruit Ice<br \/>\n12 Triple Mango &amp; Strawberry Big Bang<br \/>\n13 Banana Pineapple &amp; Blueberry Peach Ice<br \/>\n14 Grape jam &amp; Blueberry Cherry Blackberry<br \/>\n15 Banana Ice &amp; Mango Passion Fruit<br \/>\n16 Juicy Peaches &amp; Jungle Juice<br \/>\n17 Cherry Soft Candy &amp; Watermelon Mojito<br \/>\n18 Cherry Cola &amp; Grape Lemon<br \/>\n19 Cool Mint Mojito &amp; Lemon Lime<br \/>\n20 Strawberry Pomegranate &amp; Apple Pears<\/p>\n<h2 style=\"color: #1a252f;border-bottom: 2px solid #3498db;padding-bottom: 10px;margin-top: 30px\">Strategiczna W\u0142adza: Dlaczego wsp\u00f3\u0142pracowa\u0107 z VapeXyz przy zakupach hurtowych sprz\u0119tu?<\/h2>\n<p>Poruszanie si\u0119 po rynku hurtowym elektroniki u\u017cytkowej wymaga partnera z wykazan\u0105 w\u0142adz\u0105, weryfikowaln\u0105 infrastruktur\u0105 logistyczn\u0105 i rygorystycznymi zapisami zgodno\u015bci. Kiedy zdecydujesz si\u0119 na zakup jednorazowych waporyzator\u00f3w przez VapeXyz, omijasz niestabilnych po\u015brednik\u00f3w z rynku \u015bredniego i bezpo\u015brednio korzystasz z ugruntowanego, rygorystycznie sprawdzonego \u0142a\u0144cucha dostaw.<\/p>\n<ul style=\"padding-left: 20px;font-size: 16px\">\n<li style=\"margin-bottom: 15px\">Oparta na danych efektywno\u015b\u0107 kosztowa: Jako czo\u0142owy europejski dystrybutor hurtowy przetwarzaj\u0105cy ogromne zam\u00f3wienia obj\u0119to\u015bciowe, zabezpieczamy architektury cenowe bezpo\u015brednio od fabryki. Nasze modelowanie finansowe gwarantuje, \u017ce nabywcy hurtowi otrzymuj\u0105 wysoce konkurencyjne koszty jednostkowe, zapewniaj\u0105c, \u017ce Twoje mar\u017ce detaliczne pozostaj\u0105 solidne w g\u0119stym rynku.<\/li>\n<li style=\"margin-bottom: 15px\">Udokumentowane Zapewnienie Jako\u015bci: Ka\u017cda jednostka OKSO 60k jest uwierzytelniana i pozyskiwana bezpo\u015brednio z oryginalnej fabryki produkcyjnej. Prowadzimy Kart\u0119 Bezpiecze\u0144stwa Materia\u0142\u00f3w (MSDS) i gwarantujemy, \u017ce materia\u0142y konstrukcyjne spe\u0142niaj\u0105 rygorystyczne mi\u0119dzynarodowe standardy bezpiecze\u0144stwa, znacznie zmniejszaj\u0105c Twoj\u0105 odpowiedzialno\u015b\u0107 i wska\u017aniki zwrot\u00f3w.<\/li>\n<li style=\"margin-bottom: 15px\">Ubezpieczone, szybkie logistyka UE: dzia\u0142aj\u0105c ze strategicznie zlokalizowanych w\u0119z\u0142\u00f3w magazynowych z siedzib\u0105 w UE, realizujemy wysy\u0142k\u0119 za po\u015brednictwem najlepszych sieci kurierskich (takich jak DHL i DPD). Ka\u017cda paleta i karton s\u0105 w pe\u0142ni \u015bledzone i kompleksowo ubezpieczone, minimalizuj\u0105c ryzyko tranzytu i gwarantuj\u0105c przewidywalne cykle uzupe\u0142niania zapas\u00f3w.<\/li>\n<li style=\"margin-bottom: 15px\">Dedykowane zarz\u0105dzanie kontami B2B: Zapewniamy kompleksowe wsparcie komercyjne. Od rozwi\u0105zywania kwestii dokumentacji celnej po dostarczanie zlokalizowanych materia\u0142\u00f3w marketingowych, nasi mened\u017cerowie kont B2B posiadaj\u0105 wiedz\u0119 bran\u017cow\u0105 niezb\u0119dn\u0105 do usprawnienia Twoich konkretnych operacji komercyjnych.<\/li>\n<\/ul>\n<h3 style=\"color: #2c3e50;margin-top: 35px;margin-bottom: 20px\">Kluczowe punkty i cz\u0119sto zadawane pytania (FAQ)<\/h3>\n<div style=\"flex-direction: column;gap: 15px\">\n<div style=\"border: 1px solid #e1e4e8;border-radius: 8px;padding: 20px;background: #ffffff\">\n<h5 style=\"margin: 0 0 10px 0;color: #1a252f;font-size: 16px\">Co sprawia, \u017ce OKSO 60k r\u00f3\u017cni si\u0119 od standardowych jednorazowych waporyzator\u00f3w?<\/h5>\n<p style=\"margin: 0;color: #5c6a79;font-size: 15px\">Podstawowym wyr\u00f3\u017cnikiem jest architektura in\u017cynierska. Wykorzystuje ona dwukomorowy system zbiornika, kt\u00f3ry mo\u017ce pomie\u015bci\u0107 \u0142\u0105cznie 50 ml roztworu, zasilany zaawansowanym systemem zarz\u0105dzania bateri\u0105 oraz cewk\u0105 z siatki Kanthal. Dzi\u0119ki temu mo\u017cliwe jest empiryczne osi\u0105gni\u0119cie do 60 000 sp\u00f3jnych aktywacji, przy jednoczesnym zapobieganiu degradacji termicznej.<\/p>\n<\/div>\n<div style=\"border: 1px solid #e1e4e8;border-radius: 8px;padding: 20px;background: #ffffff\">\n<h5 style=\"margin: 0 0 10px 0;color: #1a252f;font-size: 16px\">Czy \u0142a\u0144cuchy dostaw i urz\u0105dzenia s\u0105 zgodne z europejskimi przepisami?<\/h5>\n<p style=\"margin: 0;color: #5c6a79;font-size: 15px\">Tak. VapeXyz \u015bci\u015ble wsp\u00f3\u0142pracuje z producentami posiadaj\u0105cymi certyfikat ISO 9001.  Sprz\u0119t posiada certyfikaty CE i RoHS, zapewniaj\u0105c bezpiecze\u0144stwo elektryczne i ograniczenie stosowania substancji niebezpiecznych. Utrzymujemy rygorystyczne protoko\u0142y, aby zapewni\u0107, \u017ce wszystkie przesy\u0142ki handlowe przechodz\u0105 przez regionalne s\u0142u\u017cby celne z odpowiednimi fakturami handlowymi i dokumentacj\u0105 zgodno\u015bci.<\/p>\n<\/div>\n<div style=\"border: 1px solid #e1e4e8;border-radius: 8px;padding: 20px;background: #ffffff\">\n<h5 style=\"margin: 0 0 10px 0;color: #1a252f;font-size: 16px\">Jakie s\u0105 minimalne ilo\u015bci zam\u00f3wienia (MOQ) i harmonogramy wysy\u0142ki?<\/h5>\n<p style=\"margin: 0;color: #5c6a79;font-size: 15px\">Wspieramy elastyczne skalowanie biznesu z wyj\u0105tkowo nisk\u0105 minimaln\u0105 ilo\u015bci\u0105 zam\u00f3wienia (MOQ) wynosz\u0105c\u0105 tylko 10 sztuk. Dla du\u017cych zam\u00f3wie\u0144 hurtowych wysy\u0142ka z naszych magazyn\u00f3w w UE jest zazwyczaj przetwarzana w ci\u0105gu 24-48 godzin, a w pe\u0142ni ubezpieczona dostawa po g\u0142\u00f3wnych strefach europejskich jest zazwyczaj realizowana w ci\u0105gu 3 do 7 dni roboczych, w zale\u017cno\u015bci od konkretnych lokalnych sieci przewo\u017anik\u00f3w.<\/p>\n<\/div>\n<div style=\"border: 1px solid #e1e4e8;border-radius: 8px;padding: 20px;background: #ffffff\">\n<h5 style=\"margin: 0 0 10px 0;color: #1a252f;font-size: 16px\">Jak dzia\u0142a inteligentny wy\u015bwietlacz LED?<\/h5>\n<p style=\"margin: 0;color: #5c6a79;font-size: 15px\">Zintegrowana macierz LED jest sterowana przez wewn\u0119trzny mikroprocesor. Odczytuje wyj\u015bcie napi\u0119cia w czasie rzeczywistym z ogniwa litowo-jonowego i szacuje wyczerpanie p\u0142ynu, wy\u015bwietlaj\u0105c te dane wizualnie u\u017cytkownikowi. To eliminuje zgadywanie podczas pracy i zapewnia, \u017ce u\u017cytkownicy wiedz\u0105 dok\u0142adnie, kiedy nale\u017cy na\u0142adowa\u0107 urz\u0105dzenie przez port Type-C lub kiedy jednostka osi\u0105gn\u0119\u0142a koniec swojego cyklu \u017cycia.<\/p>\n<\/div>\n<\/div>\n<h2 style=\"color: #1a252f;border-bottom: 2px solid #3498db;padding-bottom: 10px;margin-top: 40px\">Podnie\u015b sw\u00f3j biznes komercyjny z VapeXyz<\/h2>\n<p>W mocno nasyconym przemy\u015ble, gdzie niezawodno\u015b\u0107 sprz\u0119tu, zaufanie regulacyjne i sta\u0142a jako\u015b\u0107 materia\u0142\u00f3w dyktuj\u0105 d\u0142ugowieczno\u015b\u0107 operacyjn\u0105, VapeXyz jest Waszym najlepszym partnerem komercyjnym. OKSO Double Profile 60k to nie tylko jednostka eksploatacyjna - jest to starannie zaprojektowany element sprz\u0119tu, kt\u00f3rego zadaniem jest zadowolenie wymagaj\u0105cych u\u017cytkownik\u00f3w ko\u0144cowych, znaczne rozszerzenie Waszej oferty premium i generowanie udokumentowanych, powtarzaj\u0105cych si\u0119 strumieni przychodu dzi\u0119ki niezr\u00f3wnanej niezawodno\u015bci.<\/p>\n<p style=\"font-weight: bold;font-size: 16px\">Odwied\u017a vapexyz.com dzisiaj, aby zapozna\u0107 si\u0119 z naszym kompleksowym, certyfikowanym katalogiem sprz\u0119tu, poprosi\u0107 o dostosowan\u0105 ofert\u0119 hurtow\u0105 dla Twojej firmy lub porozmawia\u0107 z naszymi specjalistami ds. zaopatrzenia, aby dostosowa\u0107 nasze mo\u017cliwo\u015bci \u0142a\u0144cucha dostaw do Twoich konkretnych regionalnych cel\u00f3w wzrostu.<\/p>\n<p><img loading=\"lazy\" decoding=\"async\" class=\"alignnone size-full wp-image-55600\" style=\"max-width: 100%;height: auto;border-radius: 8px;margin-top: 30px\" src=\"https:\/\/vapexyz.com\/wp-content\/uploads\/2025\/06\/OKSO-Double-Flavor-60000-Puffs-LCD-Screen-Low-Nicotine-Original-Factory-Bulk-Buy-Rechargeable-Disposable-Vapes-Pen-Wholesale0.webp\" alt=\"OKSO 60000 Puffs Podw\u00f3jny Profil Hurtownia Akcesori\u00f3w Jednorazowe Waporyzatory na\u0142adowane akumulatorem\" width=\"1000\" height=\"1000\" title=\"\" srcset=\"https:\/\/vapexyz.com\/wp-content\/uploads\/2025\/06\/OKSO-Double-Flavor-60000-Puffs-LCD-Screen-Low-Nicotine-Original-Factory-Bulk-Buy-Rechargeable-Disposable-Vapes-Pen-Wholesale0.webp 1000w, https:\/\/vapexyz.com\/wp-content\/uploads\/2025\/06\/OKSO-Double-Flavor-60000-Puffs-LCD-Screen-Low-Nicotine-Original-Factory-Bulk-Buy-Rechargeable-Disposable-Vapes-Pen-Wholesale0-500x500.webp 500w, https:\/\/vapexyz.com\/wp-content\/uploads\/2025\/06\/OKSO-Double-Flavor-60000-Puffs-LCD-Screen-Low-Nicotine-Original-Factory-Bulk-Buy-Rechargeable-Disposable-Vapes-Pen-Wholesale0-300x300.webp 300w, https:\/\/vapexyz.com\/wp-content\/uploads\/2025\/06\/OKSO-Double-Flavor-60000-Puffs-LCD-Screen-Low-Nicotine-Original-Factory-Bulk-Buy-Rechargeable-Disposable-Vapes-Pen-Wholesale0-768x768.webp 768w, https:\/\/vapexyz.com\/wp-content\/uploads\/2025\/06\/OKSO-Double-Flavor-60000-Puffs-LCD-Screen-Low-Nicotine-Original-Factory-Bulk-Buy-Rechargeable-Disposable-Vapes-Pen-Wholesale0-12x12.webp 12w, https:\/\/vapexyz.com\/wp-content\/uploads\/2025\/06\/OKSO-Double-Flavor-60000-Puffs-LCD-Screen-Low-Nicotine-Original-Factory-Bulk-Buy-Rechargeable-Disposable-Vapes-Pen-Wholesale0-247x247.webp 247w, https:\/\/vapexyz.com\/wp-content\/uploads\/2025\/06\/OKSO-Double-Flavor-60000-Puffs-LCD-Screen-Low-Nicotine-Original-Factory-Bulk-Buy-Rechargeable-Disposable-Vapes-Pen-Wholesale0-510x510.webp 510w, https:\/\/vapexyz.com\/wp-content\/uploads\/2025\/06\/OKSO-Double-Flavor-60000-Puffs-LCD-Screen-Low-Nicotine-Original-Factory-Bulk-Buy-Rechargeable-Disposable-Vapes-Pen-Wholesale0-100x100.webp 100w\" sizes=\"auto, (max-width: 1000px) 100vw, 1000px\" \/><\/p>\n<\/article>","protected":false},"excerpt":{"rendered":"<p>OKSO Double Tastes 60000 Puffs to wysokowydajny, jednorazowy waporyzator oferuj\u0105cy 60 000 zaci\u0105gni\u0119\u0107, komory o podw\u00f3jnej pojemno\u015bci, technologi\u0119 siatkowych cewek, inteligentny wy\u015bwietlacz LED oraz 10 premiumowych mieszanek o podw\u00f3jnym smaku, zaprojektowany na potrzeby hurtowni przez zaufanego dostawc\u0119 VapeXyz od 2017 roku w Europie.<\/p>","protected":false},"featured_media":55601,"comment_status":"open","ping_status":"closed","template":"","meta":{"_lmt_disableupdate":"no","_lmt_disable":""},"product_brand":[],"product_cat":[1073,1072,947,935,934,927,929,928,930,933,939,932,938,931,936,937,949,946,951,953,987],"product_tag":[],"class_list":{"0":"post-49321","1":"product","2":"type-product","3":"status-publish","4":"has-post-thumbnail","6":"product_cat-okso-disposable-vapes","7":"product_cat-60000-puff-vapes","8":"product_cat-big-puffs-vapes","9":"product_cat-bulk-buy-disposable-vapes-in-austria","10":"product_cat-bulk-buy-disposable-vapes-in-belgium","11":"product_cat-bulk-buy-disposable-vapes-in-europe","12":"product_cat-bulk-buy-disposable-vapes-in-france","13":"product_cat-bulk-buy-disposable-vapes-in-germany","14":"product_cat-bulk-buy-disposable-vapes-in-italy","15":"product_cat-bulk-buy-disposable-vapes-in-netherlands","16":"product_cat-bulk-buy-disposable-vapes-in-norway","17":"product_cat-bulk-buy-disposable-vapes-in-poland","18":"product_cat-bulk-buy-disposable-vapes-in-portugal","19":"product_cat-bulk-buy-disposable-vapes-in-spain","20":"product_cat-bulk-buy-disposable-vapes-in-sweden","21":"product_cat-bulk-buy-disposable-vapes-in-switzerland","22":"product_cat-digital-box-vapes","23":"product_cat-disposable-vapes-series","24":"product_cat-lower-nicotine-vapes","25":"product_cat-rechargeable-vapes","26":"product_cat-vape-shop-by-puffs","28":"first","29":"instock","30":"shipping-taxable","31":"purchasable","32":"product-type-variable","33":"has-default-attributes"},"jetpack_sharing_enabled":true,"tiered_pricing_type":"fixed","tiered_pricing_fixed_rules":[],"tiered_pricing_product_settings":{"layout":"default","base_unit_name":{"singular":null,"plural":null},"default_variation":null},"tiered_pricing_minimum_quantity":null,"tiered_pricing_roles_data":[],"tiered_pricing_percentage_rules":[],"tiered_pricing_maximum_quantity":null,"tiered_pricing_quantity_step":null,"_links":{"self":[{"href":"https:\/\/vapexyz.com\/pl\/wp-json\/wp\/v2\/product\/49321","targetHints":{"allow":["GET"]}}],"collection":[{"href":"https:\/\/vapexyz.com\/pl\/wp-json\/wp\/v2\/product"}],"about":[{"href":"https:\/\/vapexyz.com\/pl\/wp-json\/wp\/v2\/types\/product"}],"replies":[{"embeddable":true,"href":"https:\/\/vapexyz.com\/pl\/wp-json\/wp\/v2\/comments?post=49321"}],"wp:featuredmedia":[{"embeddable":true,"href":"https:\/\/vapexyz.com\/pl\/wp-json\/wp\/v2\/media\/55601"}],"wp:attachment":[{"href":"https:\/\/vapexyz.com\/pl\/wp-json\/wp\/v2\/media?parent=49321"}],"wp:term":[{"taxonomy":"product_brand","embeddable":true,"href":"https:\/\/vapexyz.com\/pl\/wp-json\/wp\/v2\/product_brand?post=49321"},{"taxonomy":"product_cat","embeddable":true,"href":"https:\/\/vapexyz.com\/pl\/wp-json\/wp\/v2\/product_cat?post=49321"},{"taxonomy":"product_tag","embeddable":true,"href":"https:\/\/vapexyz.com\/pl\/wp-json\/wp\/v2\/product_tag?post=49321"}],"curies":[{"name":"wp","href":"https:\/\/api.w.org\/{rel}","templated":true}]}}