{"id":42830,"date":"2025-01-18T13:04:51","date_gmt":"2025-01-18T13:04:51","guid":{"rendered":"https:\/\/vapexyz.com\/?post_type=product&#038;p=42830"},"modified":"2026-03-03T08:02:55","modified_gmt":"2026-03-03T08:02:55","slug":"anu-star-30000-puffs-ekran-cyfrowy-0-2-5-niski-oryginal-nicotine-factory-murk-kup-ladowalne-doladowe-vapes-pen-hurtowe","status":"publish","type":"product","link":"https:\/\/vapexyz.com\/pl\/product\/anu-star-30000-puffs-digital-screen-0-2-5-low-nicotine-original-factory-bulk-buy-rechargeable-disposable-vapes-pen-wholesale\/","title":{"rendered":"ANU Star 30000 Puffs Ekran Cyfrowy Zakup Hurtowy Akumulatory Waporyzatory Jednorazowe"},"content":{"rendered":"<article style=\"font-family: 'Segoe UI', Roboto, Helvetica, Arial, sans-serif; line-height: 1.8; color: #2c3e50; padding: 20px; max-width: 100%; margin: 0 auto;\">\n<h2 style=\"color: #1a252f; border-bottom: 2px solid #3498db; padding-bottom: 10px; margin-top: 30px;\">Zaawansowana in\u017cynieria i niezawodna wydajno\u015b\u0107: dog\u0142\u0119bna analiza ANU Star 30000 Puffs<\/h2>\n<p>W szybko zmieniaj\u0105cym si\u0119 krajobrazie osobistych urz\u0105dze\u0144 elektronicznych, zar\u00f3wno wymagaj\u0105cy konsumenci, jak i hurtowi dystrybutorzy oczekuj\u0105 sprz\u0119tu, kt\u00f3ry zapewnia sta\u0142\u0105, wymiern\u0105 wydajno\u015b\u0107. Id\u0105c dalej ni\u017c zwyk\u0142e deklaracje promocyjne, obiektywna ocena ANU Star 30000 Puffs ujawnia zaawansowane, jednorazowe urz\u0105dzenie vape zaprojektowane z my\u015bl\u0105 o trwa\u0142o\u015bci, telemetrii u\u017cytkownika i stabilno\u015bci termodynamicznej. Ten kompleksowy przegl\u0105d roz\u0142amuje specyfikacje techniczne, wska\u017aniki test\u00f3w empirycznych i standardy zgodno\u015bci regulacyjnej, kt\u00f3re wynosz\u0105 to urz\u0105dzenie ponad standardowe oferty rynkowe.<\/p>\n<p>Niezale\u017cnie od tego, czy jeste\u015b konsumentem detalicznym szukaj\u0105cym niezawodnego codziennego towarzysza, czy firm\u0105 zaopatruj\u0105c\u0105 si\u0119 w wysokiej jako\u015bci produkty, zrozumienie mechanicznej i materia\u0142owej konstrukcji Twoich jednorazowych waporyzator\u00f3w ma kluczowe znaczenie. Zaprojektowany do wytrzymania do 30 000 cykli aktywacji, ANU Star \u0142\u0105czy wysokowydajne zarz\u0105dzanie energi\u0105 z precyzyjnymi elementami grzejnymi, wszystko zawarte w ergonomicznie zoptymalizowanej, kompaktowej obudowie.<\/p>\n<div style=\"text-align: center; margin: 40px 0;\"><img loading=\"lazy\" decoding=\"async\" class=\"alignnone wp-image-42876 size-large\" style=\"max-width: 100%; height: auto; border-radius: 12px; box-shadow: 0 8px 24px rgba(0,0,0,0.1);\" src=\"https:\/\/vapexyz.com\/wp-content\/uploads\/2025\/01\/ANU-Star-30000-Puffs-Digital-Screen-0-2-5-Low-Nicotine-Original-Factory-15-1024x1024.webp\" alt=\"ANU Star 30000 Puffs Ekran Cyfrowy 0% 2% 5% Niskie St\u0119\u017cenie Oryginalna Fabryka Zakup Hurtowy Akumulatorowe Jednorazowe Vape Pen Detaliczne\" width=\"1024\" height=\"1024\" title=\"\" srcset=\"https:\/\/vapexyz.com\/wp-content\/uploads\/2025\/01\/ANU-Star-30000-Puffs-Digital-Screen-0-2-5-Low-Nicotine-Original-Factory-15-1024x1024.webp 1024w, https:\/\/vapexyz.com\/wp-content\/uploads\/2025\/01\/ANU-Star-30000-Puffs-Digital-Screen-0-2-5-Low-Nicotine-Original-Factory-15-500x500.webp 500w, https:\/\/vapexyz.com\/wp-content\/uploads\/2025\/01\/ANU-Star-30000-Puffs-Digital-Screen-0-2-5-Low-Nicotine-Original-Factory-15-300x300.webp 300w, https:\/\/vapexyz.com\/wp-content\/uploads\/2025\/01\/ANU-Star-30000-Puffs-Digital-Screen-0-2-5-Low-Nicotine-Original-Factory-15-768x768.webp 768w, https:\/\/vapexyz.com\/wp-content\/uploads\/2025\/01\/ANU-Star-30000-Puffs-Digital-Screen-0-2-5-Low-Nicotine-Original-Factory-15-1536x1536.webp 1536w, https:\/\/vapexyz.com\/wp-content\/uploads\/2025\/01\/ANU-Star-30000-Puffs-Digital-Screen-0-2-5-Low-Nicotine-Original-Factory-15-12x12.webp 12w, https:\/\/vapexyz.com\/wp-content\/uploads\/2025\/01\/ANU-Star-30000-Puffs-Digital-Screen-0-2-5-Low-Nicotine-Original-Factory-15-400x400.webp 400w, https:\/\/vapexyz.com\/wp-content\/uploads\/2025\/01\/ANU-Star-30000-Puffs-Digital-Screen-0-2-5-Low-Nicotine-Original-Factory-15-600x600.webp 600w, https:\/\/vapexyz.com\/wp-content\/uploads\/2025\/01\/ANU-Star-30000-Puffs-Digital-Screen-0-2-5-Low-Nicotine-Original-Factory-15-148x148.webp 148w, https:\/\/vapexyz.com\/wp-content\/uploads\/2025\/01\/ANU-Star-30000-Puffs-Digital-Screen-0-2-5-Low-Nicotine-Original-Factory-15.webp 1600w\" sizes=\"auto, (max-width: 1024px) 100vw, 1024px\" \/><\/div>\n<h3 style=\"color: #2980b9; margin-top: 40px;\">Specyfikacje sprz\u0119towe i analiza komponent\u00f3w<\/h3>\n<p>Rdze\u0144 architektury ANU Star zosta\u0142 stworzony wok\u00f3\u0142 maksymalizacji wydajno\u015bci zintegrowanego zbiornika o pojemno\u015bci 22 ml. Aby to osi\u0105gn\u0105\u0107, urz\u0105dzenie wykorzystuje precyzyjnie dostrojon\u0105 synergi\u0119 mi\u0119dzy \u017ar\u00f3d\u0142em zasilania a silnikiem waporyzacji.<\/p>\n<table style=\"width: 100%; border-collapse: collapse; margin: 30px 0; background-color: #ffffff; box-shadow: 0 4px 15px rgba(0,0,0,0.05); border-radius: 8px; overflow: hidden;\">\n<thead>\n<tr style=\"background-color: #34495e; color: #ffffff; text-align: left;\">\n<th style=\"padding: 15px 20px; font-weight: 600;\">Sk\u0142adnik \/ Specyfikacja<\/th>\n<th style=\"padding: 15px 20px; font-weight: 600;\">Szczeg\u00f3\u0142y techniczne<\/th>\n<th style=\"padding: 15px 20px; font-weight: 600;\">Korzy\u015b\u0107 Operacyjna<\/th>\n<\/tr>\n<\/thead>\n<tbody>\n<tr style=\"border-bottom: 1px solid #ecf0f1;\">\n<td style=\"padding: 15px 20px; font-weight: 500;\">Kom\u00f3rka Energetyczna<\/td>\n<td style=\"padding: 15px 20px;\">650mAh Litowo-Jonowy<\/td>\n<td style=\"padding: 15px 20px;\">Zapewnia d\u0142u\u017csze okresy dzia\u0142ania mi\u0119dzy cyklami \u0142adowania, minimalizuj\u0105c przestoje u\u017cytkownika.<\/td>\n<\/tr>\n<tr style=\"border-bottom: 1px solid #ecf0f1; background-color: #f9fbfb;\">\n<td style=\"padding: 15px 20px; font-weight: 500;\">Interfejs \u0142adowania<\/td>\n<td style=\"padding: 15px 20px;\">Port USB typu C<\/td>\n<td style=\"padding: 15px 20px;\">Umo\u017cliwia standaryzowany i szybki transfer energii za pomoc\u0105 powszechnie dost\u0119pnych kabli.<\/td>\n<\/tr>\n<tr style=\"border-bottom: 1px solid #ecf0f1;\">\n<td style=\"padding: 15px 20px; font-weight: 500;\">Element grzejny<\/td>\n<td style=\"padding: 15px 20px;\">1,0\u03a9 Zintegrowana Siatka<\/td>\n<td style=\"padding: 15px 20px;\">Zwi\u0119ksza powierzchni\u0119 styku dla r\u00f3wnomiernego rozk\u0142adu ciep\u0142a i sta\u0142ego wytwarzania pary.<\/td>\n<\/tr>\n<tr style=\"border-bottom: 1px solid #ecf0f1; background-color: #f9fbfb;\">\n<td style=\"padding: 15px 20px; font-weight: 500;\">Obj\u0119to\u015b\u0107 zbiornika<\/td>\n<td style=\"padding: 15px 20px;\">22ml Pojemno\u015b\u0107<\/td>\n<td style=\"padding: 15px 20px;\">Utrzymuje wymagaj\u0105c\u0105 ocen\u0119 30 000 cykli bez konieczno\u015bci r\u0119cznego uzupe\u0142niania.<\/td>\n<\/tr>\n<tr>\n<td style=\"padding: 15px 20px; font-weight: 500;\">Telemetria u\u017cytkownika<\/td>\n<td style=\"padding: 15px 20px;\">Wy\u015bwietlacz cyfrowy o wysokim kontra\u015bcie<\/td>\n<td style=\"padding: 15px 20px;\">Dostarcza dane w czasie rzeczywistym dotycz\u0105ce rezerw mocy i poziomu pozosta\u0142ego p\u0142ynu w zbiorniku.<\/td>\n<\/tr>\n<\/tbody>\n<\/table>\n<div style=\"background: linear-gradient(135deg, #fdfbfb 0%, #ebedee 100%); border-left: 6px solid #e67e22; padding: 25px; margin: 40px 0; border-radius: 0 12px 12px 0; box-shadow: 2px 2px 10px rgba(0,0,0,0.05);\">\n<h4 style=\"margin-top: 0; color: #d35400; font-size: 1.1em;\">Wgl\u0105d techniczny: Nauka stoj\u0105ca za technologi\u0105 siatki 1,0\u03a9<\/h4>\n<p style=\"margin-bottom: 0;\">Tradycyjne cewki drutowe cz\u0119sto charakteryzuj\u0105 si\u0119 lokalnymi gor\u0105cymi punktami, co prowadzi do nier\u00f3wnomiernego ogrzewania i degradacji wewn\u0119trznego ekstraktu. ANU Star wykorzystuje struktur\u0119 siatkow\u0105 o oporno\u015bci 1,0 oma. Makroskopowa konstrukcja sieciowa znacznie zwi\u0119ksza powierzchni\u0119 styku z materia\u0142em knotowym. Z termodynamicznego punktu widzenia, zapewnia to szybkie czasy rozgrzewania i r\u00f3wnomierne rozpraszanie ciep\u0142a. Efektem jest wysoce stabilna temperatura robocza, kt\u00f3ra zachowuje integralno\u015b\u0107 zwi\u0105zk\u00f3w aromatycznych od pierwszego do 30 000 aktywacji.<\/p>\n<\/div>\n<h3 style=\"color: #2980b9; margin-top: 40px;\">Testy empiryczne i walidacja w \u015bwiecie rzeczywistym<\/h3>\n<p>Aby ustanowi\u0107 wiarygodno\u015b\u0107 i zbudowa\u0107 zaufanie, twierdzenia dotycz\u0105ce d\u0142ugowieczno\u015bci musz\u0105 by\u0107 oparte na wymiernych danych. Specyfikacja \u201c30 000 zaci\u0105gni\u0119\u0107\u201d zosta\u0142a wyprowadzona z ujednoliconych metodologii testowania, wykorzystuj\u0105cych automatyczne maszyny pneumatyczne do inhalacji, zwykle skalibrowane do czasu trwania zaci\u0105gni\u0119cia od 1,0 do 1,5 sekundy w kontrolowanych \u015brodowiskach laboratoryjnych.<\/p>\n<p>W rzeczywistych metrykach obserwacyjnych bateria o pojemno\u015bci 650 mAh wykazuje solidn\u0105 krzyw\u0105 roz\u0142adowania. Testy empiryczne wskazuj\u0105, \u017ce w pe\u0142ni roz\u0142adowana bateria osi\u0105ga 100% stanu na\u0142adowania w oko\u0142o 55 do 65 minut przy u\u017cyciu standardowej \u0142adowarki 5V\/1A przez wej\u015bcie Type-C. Podczas jednego cyklu \u0142adowania ogniwo zasilaj\u0105ce niezawodnie obs\u0142uguje setki g\u0142\u0119bokich cykli inhalacji, zanim wy\u015bwietlacz cyfrowy wskazuje konieczno\u015b\u0107 ponownego \u0142adowania. Zastosowanie tego wy\u015bwietlacza cyfrowego stanowi krytyczny krok naprz\u00f3d w projektowaniu jednorazowych waporyzator\u00f3w, zmieniaj\u0105c do\u015bwiadczenie u\u017cytkownika z domys\u0142\u00f3w na precyzyjne, oparte na danych zarz\u0105dzanie.<\/p>\n<h3 style=\"color: #2980b9; margin-top: 40px;\">Kuratowane Profile Aromatyczne<\/h3>\n<p>Do\u015bwiadczenie zmys\u0142owe ANU Star zosta\u0142o starannie zaprojektowane poprzez wyb\u00f3r dziesi\u0119ciu r\u00f3\u017cnych profili aromatycznych. Ka\u017cda mieszanka zosta\u0142a opracowana przy u\u017cyciu premium, spo\u017cywczych estr\u00f3w i ekstrakt\u00f3w botanicznych, aby zapewni\u0107 sp\u00f3jno\u015b\u0107 i czysto\u015b\u0107. Ponadto jednostki te s\u0105 dost\u0119pne w trzech r\u00f3\u017cnych st\u0119\u017ceniach mocy (0%, 2% lub 5%), co pozwala u\u017cytkownikom precyzyjnie dostosowa\u0107 spo\u017cycie zgodnie z osobistymi preferencjami lub celami stopniowego zmniejszania.<\/p>\n<ul style=\"list-style: none; padding-left: 0; display: grid; grid-template-columns: repeat(auto-fit, minmax(300px, 1fr)); gap: 15px; margin: 30px 0;\">\n<li style=\"background-color: #fdfefe; border: 1px solid #dce1e3; padding: 15px 20px; border-radius: 8px; display: flex; align-items: center;\"><span style=\"font-size: 1.5em; margin-right: 15px;\">\ud83c\udf49\u2744\ufe0f<\/span> Arbuz Ice: Od\u015bwie\u017caj\u0105cy profil arbuza po\u0142\u0105czony z ch\u0142odnym finiszem mentolu.<\/li>\n<li style=\"background-color: #fdfefe; border: 1px solid #dce1e3; padding: 15px 20px; border-radius: 8px; display: flex; align-items: center;\"><span style=\"font-size: 1.5em; margin-right: 15px;\">\ud83c\udf4b\ud83c\udf48<\/span> Cytryna i Limonka: Ostra, cytrusowa mieszanka \u0142\u0105cz\u0105ca kwa\u015bn\u0105 cytryn\u0119 z wyrazist\u0105 limonk\u0105.<\/li>\n<li style=\"background-color: #fdfefe; border: 1px solid #dce1e3; padding: 15px 20px; border-radius: 8px; display: flex; align-items: center;\"><span style=\"font-size: 1.5em; margin-right: 15px;\">\ud83c\udf52\u2728<\/span> Fizzy Cherry: Dynamiczny aromat wi\u015bniowy, zaprojektowany by symulowa\u0107 efekt musowania.<\/li>\n<li style=\"background-color: #fdfefe; border: 1px solid #dce1e3; padding: 15px 20px; border-radius: 8px; display: flex; align-items: center;\"><span style=\"font-size: 1.5em; margin-right: 15px;\">\ud83e\uded0\ud83c\udf00<\/span> Pan Niebieski: Zawiera z\u0142o\u017con\u0105, s\u0142odk\u0105 mieszank\u0119 r\u00f3\u017cnych g\u0142\u0119bokich niebieskich jag\u00f3d.<\/li>\n<li style=\"background-color: #fdfefe; border: 1px solid #dce1e3; padding: 15px 20px; border-radius: 8px; display: flex; align-items: center;\"><span style=\"font-size: 1.5em; margin-right: 15px;\">\ud83c\udf53\ud83e\uddca<\/span> Truskawka Malina L\u00f3d: Po\u0142\u0105czenie jag\u00f3d z g\u0142adkim, ch\u0142odnym podtonem.<\/li>\n<li style=\"background-color: #fdfefe; border: 1px solid #dce1e3; padding: 15px 20px; border-radius: 8px; display: flex; align-items: center;\"><span style=\"font-size: 1.5em; margin-right: 15px;\">\ud83e\uded0\ud83c\udf53<\/span> Zr\u00f3wnowa\u017cone po\u0142\u0105czenie ziemistych nut bor\u00f3wki i ostrych akcent\u00f3w maliny.<\/li>\n<li style=\"background-color: #fdfefe; border: 1px solid #dce1e3; padding: 15px 20px; border-radius: 8px; display: flex; align-items: center;\"><span style=\"font-size: 1.5em; margin-right: 15px;\">\ud83c\udf08\ud83c\udf6c<\/span> Skittles: \u017bywa, wielowarstwowa s\u0142odka mieszanka przypominaj\u0105ca kolorowe cukierki.<\/li>\n<li style=\"background-color: #fdfefe; border: 1px solid #dce1e3; padding: 15px 20px; border-radius: 8px; display: flex; align-items: center;\"><span style=\"font-size: 1.5em; margin-right: 15px;\">\ud83c\udf3f\ud83d\udca8<\/span> \u015awie\u017ca Mi\u0119ta: Prosta, wysoko oczyszczaj\u0105ca mieszanka botaniczna mi\u0119ty zielonej i pieprzowej.<\/li>\n<li style=\"background-color: #fdfefe; border: 1px solid #dce1e3; padding: 15px 20px; border-radius: 8px; display: flex; align-items: center;\"><span style=\"font-size: 1.5em; margin-right: 15px;\">\ud83c\udf53\ud83c\udf49<\/span> Truskawkowy arbuz: Klasyczne letnie po\u0142\u0105czenie, sk\u0142adaj\u0105ce si\u0119 z delikatnej truskawki i soczystego arbuza.<\/li>\n<li style=\"background-color: #fdfefe; border: 1px solid #dce1e3; padding: 15px 20px; border-radius: 8px; display: flex; align-items: center;\"><span style=\"font-size: 1.5em; margin-right: 15px;\">\ud83e\uded0\ud83c\udf52<\/span> Po\u0142\u0105czenie trzech jagodowych smak\u00f3w: bor\u00f3wki, je\u017cyny i wi\u015bni, \u0142\u0105cz\u0105ce s\u0142odkie, kwa\u015bne i intensywne nuty.<\/li>\n<\/ul>\n<h3 style=\"color: #2980b9; margin-top: 40px;\">W\u0142adza, zgodno\u015b\u0107 i zaufanie do \u015brodowiska<\/h3>\n<p>VapeXYZ dzia\u0142a od ponad 8 lat z do\u015bwiadczeniem w rygorystycznym zarz\u0105dzaniu \u0142a\u0144cuchem dostaw, co ugruntowa\u0142o nasz\u0105 pozycj\u0119 jako wiod\u0105cego centrum dla jednorazowych waporyzator\u00f3w. Nie tylko magazynujemy produkty; starannie weryfikujemy nasz asortyment. ANU Star jest produkowany w fabrykach przestrzegaj\u0105cych \u015bcis\u0142ych protoko\u0142\u00f3w kontroli jako\u015bci ISO. Plastiki u\u017cyte w ustniku i obudowie wewn\u0119trznego zbiornika s\u0105 wykonane z PCTG klasy spo\u017cywczej, co gwarantuje, \u017ce materia\u0142y pozostaj\u0105 oboj\u0119tne i nie wydzielaj\u0105 mikroplastik\u00f3w ani chemicznych substancji zanieczyszczaj\u0105cych pod wp\u0142ywem ciep\u0142a generowanego przez siatk\u0119 1,0\u03a9.<\/p>\n<p>Ponadto, jako or\u0119downicy odpowiedzialnej konsumpcji, zach\u0119camy wszystkich u\u017cytkownik\u00f3w i partner\u00f3w handlowych do rygorystycznego przestrzegania lokalnych przepis\u00f3w dotycz\u0105cych odpad\u00f3w elektrycznych i elektronicznych (WEEE). Poniewa\u017c urz\u0105dzenie to zawiera akumulator litowo-jonowy oraz zintegrowane obwody, nigdy nie powinno by\u0107 wyrzucane do zwyk\u0142ych odpad\u00f3w domowych. W\u0142a\u015bciwa recykling gwarantuje odzyskanie metali ci\u0119\u017ckich i komponent\u00f3w baterii, minimalizuj\u0105c tym samym negatywny wp\u0142yw na \u015brodowisko.<\/p>\n<h3 style=\"color: #2980b9; margin-top: 40px;\">Logistyka dystrybucji hurtowej<\/h3>\n<p>Dla przedsi\u0119biorstw komercyjnych VapeXYZ oferuje niezr\u00f3wnan\u0105 infrastruktur\u0119 hurtow\u0105. Rozumiemy, \u017ce przep\u0142yw got\u00f3wki i rotacja zapas\u00f3w s\u0105 \u017cyciem i krwi\u0105 handlu detalicznego. Dlatego zoptymalizowali\u015bmy nasz\u0105 sie\u0107 dystrybucyjn\u0105, aby wspiera\u0107 wyj\u0105tkowo nisk\u0105 minimaln\u0105 ilo\u015b\u0107 zam\u00f3wienia (MOQ) wynosz\u0105c\u0105 tylko 10 sztuk. Dzi\u0119ki temu zar\u00f3wno ma\u0142e sklepy specjalistyczne, jak i hurtownicy na du\u017c\u0105 skal\u0119 mog\u0105 sprawdzi\u0107 reakcj\u0119 rynku na ANU Star bez konieczno\u015bci zamra\u017cania du\u017cych \u015brodk\u00f3w kapita\u0142owych. Z lokalnymi centrami wysy\u0142kowymi zapewniamy szybk\u0105 i w pe\u0142ni zgodn\u0105 z przepisami dostaw\u0119 po Europie, chroni\u0105c przed op\u00f3\u017anieniami celnymi i w\u0105skimi gard\u0142ami w \u0142a\u0144cuchu dostaw.<\/p>\n<h3 style=\"color: #2980b9; margin-top: 40px;\">Cz\u0119sto zadawane pytania (FAQ)<\/h3>\n<div style=\"display: flex; flex-direction: column; gap: 15px; margin-top: 20px;\">\n<details style=\"background-color: #f8f9fa; border: 1px solid #dee2e6; border-radius: 6px; padding: 15px; cursor: pointer;\">\n<summary style=\"font-weight: 600; color: #2c3e50; font-size: 1.1em; outline: none;\">Jak mierzona jest pojemno\u015b\u0107 30 000 i czy osi\u0105gn\u0119 dok\u0142adnie t\u0119 liczb\u0119?<\/summary>\n<p style=\"margin-top: 15px; color: #555; padding-top: 10px; border-top: 1px solid #eee;\">Ocena 30 000 jest empiryczn\u0105 warto\u015bci\u0105 bazow\u0105 ustalon\u0105 w warunkach laboratoryjnych przy u\u017cyciu precyzyjnych, mechanicznych zaci\u0105gni\u0119\u0107 trwaj\u0105cych 1 sekund\u0119. W rzeczywistych warunkach u\u017cytkowania ca\u0142kowita \u017cywotno\u015b\u0107 jednorazowych waporyzator\u00f3w r\u00f3\u017cni si\u0119 w zale\u017cno\u015bci od indywidualnych nawyk\u00f3w inhalacyjnych u\u017cytkownik\u00f3w. U\u017cytkownicy, kt\u00f3rzy wykonuj\u0105 g\u0142\u0119bsze, wielosekundowe zaci\u0105gni\u0119cia, naturalnie zu\u017cyj\u0105 22 ml rezerwuaru szybciej ni\u017c laboratoryjna warto\u015b\u0107 bazowa.<\/p>\n<\/details>\n<details style=\"background-color: #f8f9fa; border: 1px solid #dee2e6; border-radius: 6px; padding: 15px; cursor: pointer;\">\n<summary style=\"font-weight: 600; color: #2c3e50; font-size: 1.1em; outline: none;\">Czy urz\u0105dzenie wymaga konserwacji w trakcie swojego okresu u\u017cytkowania?<\/summary>\n<p style=\"margin-top: 15px; color: #555; padding-top: 10px; border-top: 1px solid #eee;\">Nie jest wymagana konserwacja mechaniczna. Podstawowym zadaniem u\u017cytkownika jest po prostu \u0142adowanie akumulatora o pojemno\u015bci 650 mAh przez port Type-C, gdy ekran telemetrii cyfrowej wskazuje niski poziom energii. Wewn\u0119trzna cewka siatkowa i system knotowy s\u0105 zamkni\u0119te i w pe\u0142ni skalibrowane ju\u017c w fabryce.<\/p>\n<\/details>\n<details style=\"background-color: #f8f9fa; border: 1px solid #dee2e6; border-radius: 6px; padding: 15px; cursor: pointer;\">\n<summary style=\"font-weight: 600; color: #2c3e50; font-size: 1.1em; outline: none;\">Czy materia\u0142y s\u0105 bezpieczne i zgodne z europejskimi normami?<\/summary>\n<p style=\"margin-top: 15px; color: #555; padding-top: 10px; border-top: 1px solid #eee;\">Tak. Urz\u0105dzenie wykorzystuje plastik PCTG klasy spo\u017cywczej do komponent\u00f3w maj\u0105cych kontakt z p\u0142ynem. Elektronika i system zarz\u0105dzania bateri\u0105 spe\u0142niaj\u0105 dyrektywy CE i RoHS, zapewniaj\u0105c ochron\u0119 przed zwarciami, prze\u0142adowaniem i u\u017cyciem substancji niebezpiecznych.<\/p>\n<\/details>\n<details style=\"background-color: #f8f9fa; border: 1px solid #dee2e6; border-radius: 6px; padding: 15px; cursor: pointer;\">\n<summary style=\"font-weight: 600; color: #2c3e50; font-size: 1.1em; outline: none;\">Jak interpretowa\u0107 dane na ekranie cyfrowym?<\/summary>\n<p style=\"margin-top: 15px; color: #555; padding-top: 10px; border-top: 1px solid #eee;\">Zintegrowany wy\u015bwietlacz o wysokim kontra\u015bcie zapewnia dwie podstawowe metryki: procentowy odczyt pozosta\u0142ego poziomu baterii 650mAh oraz wizualny wska\u017anik reprezentuj\u0105cy szacunkow\u0105 obj\u0119to\u015b\u0107 pozosta\u0142\u0105 w zbiorniku 22ml. To podw\u00f3jne podej\u015bcie do danych zapobiega suchym uderzeniom i nieoczekiwanym utracie mocy.<\/p>\n<\/details>\n<\/div>\n<div style=\"margin-top: 50px; text-align: center; padding: 30px; background-color: #2c3e50; color: #ffffff; border-radius: 8px;\">\n<h3 style=\"color: #ffffff; margin-top: 0;\">Zabezpiecz sw\u00f3j inwentarz ju\u017c dzi\u015b<\/h3>\n<p style=\"font-size: 1.1em; max-width: 700px; margin: 0 auto 20px auto;\">Partneruj z uznanym organem w dziedzinie logistyki sprz\u0119tu. Niezale\u017cnie od tego, czy zaopatrujesz si\u0119 na u\u017cytek osobisty, czy wyposa\u017casz komercyjn\u0105 witryn\u0119 sklepow\u0105, VapeXYZ gwarantuje szybkie i bezpieczne przetwarzanie.<\/p>\n<p><a style=\"display: inline-block; background-color: #e74c3c; color: #ffffff; padding: 12px 30px; text-decoration: none; font-weight: bold; border-radius: 25px; text-transform: uppercase; letter-spacing: 1px; transition: background-color 0.3s ease;\" href=\"https:\/\/vapexyz.com\/pl\/kategoria-produktu\/jednorazowe-waporyzatory-anu\/\">Przegl\u0105daj kolekcj\u0119 gwiazd ANU<\/a><\/p>\n<\/div>\n<\/article>","protected":false},"excerpt":{"rendered":"<p>ANU Star 30000 Puffs Jednorazowy Waporyzator oferuje wyj\u0105tkowe do\u015bwiadczenie wapowania z 30 000 zaci\u0105gni\u0119ciami, pojemno\u015bci\u0105 22 ml, akumulatorem typu C z mo\u017cliwo\u015bci\u0105 \u0142adowania, technologi\u0105 siatkowej cewki oraz r\u00f3\u017cnorodno\u015bci\u0105 orze\u017awiaj\u0105cych smak\u00f3w, co sprawia, \u017ce jest to idealny wyb\u00f3r zar\u00f3wno dla indywidualnych waporyzator\u00f3w, jak i nabywc\u00f3w hurtowych.<\/p>","protected":false},"featured_media":42835,"comment_status":"open","ping_status":"closed","template":"","meta":{"_lmt_disableupdate":"no","_lmt_disable":""},"product_brand":[],"product_cat":[1061,996,947,935,934,927,929,928,930,933,939,932,938,931,936,937,1017,949,946,1016,951,953,987],"product_tag":[],"class_list":{"0":"post-42830","1":"product","2":"type-product","3":"status-publish","4":"has-post-thumbnail","6":"product_cat-anu-disposable-vapes","7":"product_cat-30000-puff-vapes","8":"product_cat-big-puffs-vapes","9":"product_cat-bulk-buy-disposable-vapes-in-austria","10":"product_cat-bulk-buy-disposable-vapes-in-belgium","11":"product_cat-bulk-buy-disposable-vapes-in-europe","12":"product_cat-bulk-buy-disposable-vapes-in-france","13":"product_cat-bulk-buy-disposable-vapes-in-germany","14":"product_cat-bulk-buy-disposable-vapes-in-italy","15":"product_cat-bulk-buy-disposable-vapes-in-netherlands","16":"product_cat-bulk-buy-disposable-vapes-in-norway","17":"product_cat-bulk-buy-disposable-vapes-in-poland","18":"product_cat-bulk-buy-disposable-vapes-in-portugal","19":"product_cat-bulk-buy-disposable-vapes-in-spain","20":"product_cat-bulk-buy-disposable-vapes-in-sweden","21":"product_cat-bulk-buy-disposable-vapes-in-switzerland","22":"product_cat-buy-best-disposable-vape-flavors","23":"product_cat-digital-box-vapes","24":"product_cat-disposable-vapes-series","25":"product_cat-european-vape-warehouse","26":"product_cat-lower-nicotine-vapes","27":"product_cat-rechargeable-vapes","28":"product_cat-vape-shop-by-puffs","30":"first","31":"outofstock","32":"shipping-taxable","33":"purchasable","34":"product-type-variable","35":"has-default-attributes"},"jetpack_sharing_enabled":true,"tiered_pricing_type":"fixed","tiered_pricing_fixed_rules":[],"tiered_pricing_product_settings":{"layout":"default","base_unit_name":{"singular":null,"plural":null},"default_variation":null},"tiered_pricing_minimum_quantity":null,"tiered_pricing_roles_data":[],"tiered_pricing_percentage_rules":[],"tiered_pricing_maximum_quantity":null,"tiered_pricing_quantity_step":null,"_links":{"self":[{"href":"https:\/\/vapexyz.com\/pl\/wp-json\/wp\/v2\/product\/42830","targetHints":{"allow":["GET"]}}],"collection":[{"href":"https:\/\/vapexyz.com\/pl\/wp-json\/wp\/v2\/product"}],"about":[{"href":"https:\/\/vapexyz.com\/pl\/wp-json\/wp\/v2\/types\/product"}],"replies":[{"embeddable":true,"href":"https:\/\/vapexyz.com\/pl\/wp-json\/wp\/v2\/comments?post=42830"}],"wp:featuredmedia":[{"embeddable":true,"href":"https:\/\/vapexyz.com\/pl\/wp-json\/wp\/v2\/media\/42835"}],"wp:attachment":[{"href":"https:\/\/vapexyz.com\/pl\/wp-json\/wp\/v2\/media?parent=42830"}],"wp:term":[{"taxonomy":"product_brand","embeddable":true,"href":"https:\/\/vapexyz.com\/pl\/wp-json\/wp\/v2\/product_brand?post=42830"},{"taxonomy":"product_cat","embeddable":true,"href":"https:\/\/vapexyz.com\/pl\/wp-json\/wp\/v2\/product_cat?post=42830"},{"taxonomy":"product_tag","embeddable":true,"href":"https:\/\/vapexyz.com\/pl\/wp-json\/wp\/v2\/product_tag?post=42830"}],"curies":[{"name":"wp","href":"https:\/\/api.w.org\/{rel}","templated":true}]}}