{"id":35466,"date":"2024-10-22T12:37:46","date_gmt":"2024-10-22T12:37:46","guid":{"rendered":"https:\/\/vapexyz.com\/?post_type=product&#038;p=35466"},"modified":"2026-02-28T14:45:39","modified_gmt":"2026-02-28T14:45:39","slug":"tornado-12000-zaciagniec-2-o-niskiej-zawartosci-nikotyny-oryginalna-fabryka-hurtowo-kupuj-hurtowo-jednorazowe-pioro-vapes-z-mozliwoscia-ladowania","status":"publish","type":"product","link":"https:\/\/vapexyz.com\/pl\/product\/tornado-12000-puffs-2-low-nicotine-original-factory-bulk-buy-rechargeable-disposable-vapes-pen-wholesale\/","title":{"rendered":"TORNADO 12000 Puff\u00f3w Hurtownia Jednorazowych Waporyzator\u00f3w na\u0142adowa\u0144owych na sprzeda\u017c"},"content":{"rendered":"<article style=\"font-family: 'Segoe UI', Roboto, Helvetica, Arial, sans-serif; line-height: 1.6; color: #333; max-width: 100%; margin: 0 auto; padding: 20px;\">\n<h2 style=\"color: #2c3e50; border-bottom: 2px solid #3498db; padding-bottom: 10px;\">Ocena techniczna i logistyka hurtowa: RahdM TORNADO 12000 Puffs Jednorazowe Waporyzatory<\/h2>\n<p style=\"text-align: center; margin: 30px 0;\"><img loading=\"lazy\" decoding=\"async\" class=\"alignnone wp-image-35477 size-full\" style=\"color: #333333; font-size: 16px; max-width: 100%; height: auto; border-radius: 8px; box-shadow: 0 4px 12px rgba(0,0,0,0.15);\" src=\"https:\/\/vapexyz.com\/wp-content\/uploads\/2024\/10\/Tornado-12000-Puffs-2-Low-Nicotine-Original-Factory-12.webp\" alt=\"Tornado 12000 Puffs 2% Niskiej Mocy Oryginalna Fabryczna Hurtownia Akumulatorowa Jednorazowa Waporyzatorowa Pi\u00f3ro Hurt\" width=\"2560\" height=\"2071\" title=\"\" srcset=\"https:\/\/vapexyz.com\/wp-content\/uploads\/2024\/10\/Tornado-12000-Puffs-2-Low-Nicotine-Original-Factory-12.webp 2560w, https:\/\/vapexyz.com\/wp-content\/uploads\/2024\/10\/Tornado-12000-Puffs-2-Low-Nicotine-Original-Factory-12-500x404.webp 500w, https:\/\/vapexyz.com\/wp-content\/uploads\/2024\/10\/Tornado-12000-Puffs-2-Low-Nicotine-Original-Factory-12-1024x828.webp 1024w, https:\/\/vapexyz.com\/wp-content\/uploads\/2024\/10\/Tornado-12000-Puffs-2-Low-Nicotine-Original-Factory-12-768x621.webp 768w, https:\/\/vapexyz.com\/wp-content\/uploads\/2024\/10\/Tornado-12000-Puffs-2-Low-Nicotine-Original-Factory-12-1536x1243.webp 1536w, https:\/\/vapexyz.com\/wp-content\/uploads\/2024\/10\/Tornado-12000-Puffs-2-Low-Nicotine-Original-Factory-12-2048x1657.webp 2048w, https:\/\/vapexyz.com\/wp-content\/uploads\/2024\/10\/Tornado-12000-Puffs-2-Low-Nicotine-Original-Factory-12-15x12.webp 15w, https:\/\/vapexyz.com\/wp-content\/uploads\/2024\/10\/Tornado-12000-Puffs-2-Low-Nicotine-Original-Factory-12-600x485.webp 600w\" sizes=\"auto, (max-width: 2560px) 100vw, 2560px\" \/><\/p>\n<p>Witamy w VapeXYZ, centrum dystrybucyjnym na poziomie przedsi\u0119biorstwa dla zaawansowanych jednorazowych waporyzator\u00f3w. Z ponad o\u015bmioletnim do\u015bwiadczeniem udokumentowanej doskona\u0142o\u015bci operacyjnej i zarz\u0105dzania \u0142a\u0144cuchem dostaw w bran\u017cy, ustalili\u015bmy si\u0119 jako autorytatywny, zaufany \u017ar\u00f3d\u0142o dla kupuj\u0105cych komercyjnych. Nasze rozleg\u0142e portfolio obejmuje wiod\u0105ce w bran\u017cy urz\u0105dzenia od najlepszych marek, w tym BANG BOX, WASPE, UWIN, BIMO, RandM, BANG, VOZOL, Elf Box i MYDE. Dzia\u0142aj\u0105c jako wysoce wyspecjalizowany hurtownik, zapewniamy przedsi\u0119biorstwom bezprecedensowy dost\u0119p do premium jednorazowych waporyzator\u00f3w po \u015bcis\u0142ych, negocjowanych cenach fabrycznych. Utrzymuj\u0105c wysoce dost\u0119pn\u0105 minimaln\u0105 ilo\u015b\u0107 zam\u00f3wienia (MOQ) wynosz\u0105c\u0105 tylko 10 sztuk, umo\u017cliwiamy detalistom wszystkich rozmiar\u00f3w optymalizacj\u0119 swojego zapasu, jednocze\u015bnie korzystaj\u0105c z wyj\u0105tkowych mar\u017c hurtowych.<\/p>\n<p>Wsp\u00f3\u0142czesny elektroniczny rynek aerozolowy wymaga sprz\u0119tu, kt\u00f3ry konsekwentnie zapewnia zar\u00f3wno d\u0142ugowieczno\u015b\u0107, jak i niezawodno\u015b\u0107 bez kompromis\u00f3w. <a style=\"color: #3498db; text-decoration: none; font-weight: bold;\" href=\"https:\/\/vapexyz.com\/pl\/kategoria-produktu\/jednorazowe-waporyzatory-rahdm\/\">RahdM Tornado Disposable Vapes<\/a> zosta\u0142y zaprojektowane tak, aby spe\u0142nia\u0107 te precyzyjne wymagania komercyjne. Dzi\u0119ki solidnej pojemno\u015bci 12 000 aktywacji, to konkretne urz\u0105dzenie jest skrupulatnie skalibrowane, aby zapewni\u0107 wyd\u0142u\u017cony cykl \u017cycia, minimalizuj\u0105c cz\u0119stotliwo\u015b\u0107 wymiany sprz\u0119tu dla u\u017cytkownika ko\u0144cowego. Dost\u0119pne z specjalistyczn\u0105 si\u0142\u0105 formu\u0142y 2%, jest ono bezpo\u015brednio dostosowane do grup demograficznych konsument\u00f3w poszukuj\u0105cych \u0142agodniejszego, wysoko kontrolowanego profilu inhalacji.<\/p>\n<h2 style=\"color: #2c3e50; border-bottom: 2px solid #3498db; padding-bottom: 10px; margin-top: 40px;\">In\u017cynieria precyzyjna i architektura komponent\u00f3w<\/h2>\n<h3 style=\"color: #2980b9; margin-top: 25px;\">Zaawansowana Infrastruktura Grzewcza Siatki (1,0\u03a9)<\/h3>\n<p>W sercu Tornado 12000 Puffs znajduje si\u0119 wysoce zaawansowany element grzejny z siatki o rezystancji 1,0 oma. W przeciwie\u0144stwie do tradycyjnych cewek z drutu nawini\u0119tego, architektura siatki zapewnia wyk\u0142adniczo wi\u0119ksz\u0105 powierzchni\u0119. To krytyczne udoskonalenie in\u017cynierskie zapewnia r\u00f3wnomierny rozk\u0142ad temperatury na materiale knotowym. Z empirycznego punktu widzenia, to zsynchronizowane ogrzewanie eliminuje lokalne gor\u0105ce punkty, zapobiegaj\u0105c tym samym degradacji termicznej wewn\u0119trznego roztworu. Poziom rezystancji 1,0\u03a9 zosta\u0142 naukowo wybrany, aby zr\u00f3wnowa\u017cy\u0107 pob\u00f3r mocy z akumulatora z optymaln\u0105 atomizacj\u0105, w wyniku czego uzyskuje si\u0119 g\u0119sty, sp\u00f3jny output pary, kt\u00f3ry wiernie odtwarza zamierzony profil sensoryczny bez przedwczesnego opr\u00f3\u017cniania ogniwa zasilaj\u0105cego.<\/p>\n<h3 style=\"color: #2980b9; margin-top: 25px;\">Zarz\u0105dzanie zasilaniem: akumulator litowo-jonowy o pojemno\u015bci 500 mAh i integracja z Type-C<\/h3>\n<p>Zasilanie urz\u0105dzenia zapewnia wysok\u0105 g\u0119sto\u015b\u0107, rygorystycznie testowana bateria litowo-jonowa polimerowa o pojemno\u015bci 500mAh. Podczas gdy 500mAh zapewnia znacz\u0105c\u0105 ci\u0105g\u0142\u0105 szybko\u015b\u0107 roz\u0142adowywania dla kompaktowego waporyzatora, prawdziw\u0105 zalet\u0105 jest jego nowoczesna mo\u017cliwo\u015b\u0107 ponownego \u0142adowania. Wyposa\u017cony w standaryzowany interfejs Type-C, urz\u0105dzenie obs\u0142uguje efektywne protoko\u0142y przenoszenia energii. Po\u0142\u0105czenie Type-C zmniejsza wewn\u0119trzny op\u00f3r podczas cyklu \u0142adowania, \u0142agodz\u0105c generowanie ciep\u0142a i przed\u0142u\u017caj\u0105c og\u00f3ln\u0105 krzyw\u0105 degradacji ogniwa baterii. Niezale\u017cne audyty strukturalne wskazuj\u0105, \u017ce standardowe uk\u0142ady scalone ochrony przed przepi\u0119ciem i zwarciem (Integrated Circuits) s\u0105 umieszczone w mikrokontrolerze, zapewniaj\u0105c stabilno\u015b\u0107 pracy przez ca\u0142y okres u\u017cytkowania urz\u0105dzenia.<\/p>\n<h2 style=\"color: #2c3e50; border-bottom: 2px solid #3498db; padding-bottom: 10px; margin-top: 40px;\">Pomiary empiryczne i projektowanie strukturalne<\/h2>\n<p>Nasze protoko\u0142y oceny dostawc\u00f3w i dokumentacja produktu ujawniaj\u0105, \u017ce urz\u0105dzenie Tornado dzia\u0142a z du\u017cym 20ml zbiornikiem strukturalnym. Ta pojemno\u015b\u0107 obj\u0119to\u015bciowa jest dok\u0142adnie tym, co u\u0142atwia niezwyk\u0142e twierdzenie o 12 000 cyklach. Podczas pomiaru sprz\u0119t rejestruje niezwykle nisk\u0105 mas\u0119 wynosz\u0105c\u0105 dok\u0142adnie 78,99 gram\u00f3w. Osi\u0105gni\u0119cie tego stosunku wytrzyma\u0142o\u015bci do masy wymaga wykorzystania zaawansowanych poliw\u0119glan\u00f3w i PCTG (glikolu polietylen tereftalanowego). Te polimery oferuj\u0105 wysok\u0105 wytrzyma\u0142o\u015b\u0107 na rozci\u0105ganie i doskona\u0142\u0105 odporno\u015b\u0107 chemiczn\u0105, zapewniaj\u0105c, \u017ce wewn\u0119trzna formulacja pozostaje nietkni\u0119ta i niezanieczyszczona przez obudow\u0119. Ergonomiczny cylindryczny wsp\u00f3\u0142czynnik kszta\u0142tu zosta\u0142 specjalnie zaprojektowany do r\u00f3wnomiernego roz\u0142o\u017cenia tej masy 78,99 g, zapobiegaj\u0105c zm\u0119czeniu u\u017cytkownika przy jednoczesnym zachowaniu ostatecznej przeno\u015bno\u015bci.<\/p>\n<h2 style=\"color: #2c3e50; border-bottom: 2px solid #3498db; padding-bottom: 10px; margin-top: 40px;\">Wyb\u00f3r Profilu Sensorycznego<\/h2>\n<p>Rozumiej\u0105c, \u017ce utrzymanie klienta zale\u017cy w du\u017cej mierze od sp\u00f3jno\u015bci sensorycznej, linia Tornado 12000 Puffs zosta\u0142a opracowana przy u\u017cyciu premium botanicznych i syntetycznych zwi\u0105zk\u00f3w aromatycznych. Ka\u017cda jednorazowa vape jest poddawana rygorystycznej kontroli jako\u015bci, aby zapewni\u0107 sp\u00f3jno\u015b\u0107 mi\u0119dzy partiami w ramach nast\u0119puj\u0105cych profili:<\/p>\n<ul style=\"list-style-type: none; padding-left: 0; display: flex; flex-wrap: wrap; gap: 15px;\">\n<li style=\"background: #ecf0f1; padding: 10px 15px; border-radius: 5px; flex: 1 1 45%; border-left: 4px solid #e74c3c;\"><strong>Arbuz truskawkowy:<\/strong> Zr\u00f3wnowa\u017cona matryca letnich nut jagodowych i chrupi\u0105cych aromat\u00f3w melona.<\/li>\n<li style=\"background: #ecf0f1; padding: 10px 15px; border-radius: 5px; flex: 1 1 45%; border-left: 4px solid #8e44ad;\"><strong>Grape Ice:<\/strong> G\u0142\u0119bokie, wyraziste nuty winnicy po\u0142\u0105czone z wyra\u017anym ch\u0142odz\u0105cym \u015brodkiem endotermicznym.<\/li>\n<li style=\"background: #ecf0f1; padding: 10px 15px; border-radius: 5px; flex: 1 1 45%; border-left: 4px solid #e74c3c;\"><strong>L\u00f3d truskawkowy:<\/strong> Czyste botaniczne ekstrakty truskawkowe w po\u0142\u0105czeniu z lodowatym doznaniem termicznym.<\/li>\n<li style=\"background: #ecf0f1; padding: 10px 15px; border-radius: 5px; flex: 1 1 45%; border-left: 4px solid #9b59b6;\"><strong>Jagody mieszane:<\/strong> Z\u0142o\u017cona, wielowarstwowa mieszanka profili ciemnych i czerwonych owoc\u00f3w.<\/li>\n<li style=\"background: #ecf0f1; padding: 10px 15px; border-radius: 5px; flex: 1 1 45%; border-left: 4px solid #f1c40f;\"><strong>Cytryna i limonka:<\/strong> Noty cytrusowe o wysokiej kwasowo\u015bci, stworzone dla ostrego, czystego od\u015bwie\u017cenia podniebienia.<\/li>\n<li style=\"background: #ecf0f1; padding: 10px 15px; border-radius: 5px; flex: 1 1 45%; border-left: 4px solid #c0392b;\"><strong>Cherry:<\/strong> G\u0142\u0119boka, bogata formulacja kamiennych owoc\u00f3w o wysokiej stabilno\u015bci aromatycznej.<\/li>\n<li style=\"background: #ecf0f1; padding: 10px 15px; border-radius: 5px; flex: 1 1 45%; border-left: 4px solid #fd79a8;\"><strong>Pink Lemonade:<\/strong> Dok\u0142adnie skalibrowany s\u0142odko-kwa\u015bny profil, odzwierciedlaj\u0105cy klasyczny nap\u00f3j.<\/li>\n<li style=\"background: #ecf0f1; padding: 10px 15px; border-radius: 5px; flex: 1 1 45%; border-left: 4px solid #2980b9;\"><strong>Doktor Blue:<\/strong> Unikalna, zastrze\u017cona synteza botaniczna zapewniaj\u0105ca niezwykle charakterystyczne do\u015bwiadczenie z dominacj\u0105 ciemnych owoc\u00f3w jagodowych.<\/li>\n<li style=\"background: #ecf0f1; padding: 10px 15px; border-radius: 5px; flex: 1 1 45%; border-left: 4px solid #1abc9c;\"><strong>Cool Mint:<\/strong> Czyste, mentolowane botaniki zaprojektowane dla maksymalnego od\u015bwie\u017cenia dr\u00f3g oddechowych.<\/li>\n<li style=\"background: #ecf0f1; padding: 10px 15px; border-radius: 5px; flex: 1 1 45%; border-left: 4px solid #2ecc71;\"><strong>Lush Ice:<\/strong> Profil wzorcowy arbuza, mocno uzupe\u0142niony o d\u0142ugotrwa\u0142y efekt ch\u0142odzenia.<\/li>\n<\/ul>\n<h2 style=\"color: #2c3e50; border-bottom: 2px solid #3498db; padding-bottom: 10px; margin-top: 40px;\">VapeXYZ Logistyka Hurtowa B2B i Autoryzacja<\/h2>\n<p>Jako najwi\u0119kszy, najbardziej technologicznie zintegrowany hurtownik jednorazowych waporyzator\u00f3w dzia\u0142aj\u0105cy w Holandii, Niemczech, Belgii i Hiszpanii, VapeXYZ stosuje rygorystyczne audyty \u0142a\u0144cucha dostaw dla ka\u017cdego produktu, kt\u00f3ry dystrybuujemy. Dzi\u0119ki zaopatrywaniu si\u0119 bezpo\u015brednio z oryginalnych fabryk produkcyjnych, eliminujemy mar\u017c\u0119 stron trzecich i zapewniamy autentyczno\u015b\u0107 sprz\u0119tu. Nasza sie\u0107 logistyczna jest zoptymalizowana pod k\u0105tem komercyjnej szybko\u015bci, zdolna do realizacji dostaw luzem (opakowanych po 200 waporyzator\u00f3w na karton podstawowy) z szybkimi czasami wysy\u0142ki. Dla sklep\u00f3w detalicznych zakup Tornado 12000 Puffs luzem stanowi strategiczn\u0105 akwizycj\u0119 zapas\u00f3w. Wyd\u0142u\u017cony cykl \u017cycia tych urz\u0105dze\u0144 praktycznie gwarantuje wysokie zadowolenie u\u017cytkownik\u00f3w ko\u0144cowych i kolejne powtarzaj\u0105ce si\u0119 ruchy klient\u00f3w, podczas gdy nasze macierze cen hurtowych zapewniaj\u0105, \u017ce Twoje mar\u017ce operacyjne pozostaj\u0105 wysoce konkurencyjne.<\/p>\n<h2 style=\"color: #2c3e50; border-bottom: 2px solid #3498db; padding-bottom: 10px; margin-top: 40px;\">Zgodno\u015b\u0107 z przepisami i odpowiedzialno\u015b\u0107 za \u015brodowisko<\/h2>\n<p>Dzia\u0142anie renomowanej platformy hurtowej wymaga \u015bcis\u0142ego przestrzegania mi\u0119dzynarodowych standard\u00f3w handlowych. Wewn\u0119trzne komponenty elektroniczne urz\u0105dze\u0144, kt\u00f3re dostarczamy, s\u0105 produkowane zgodnie z dyrektywami RoHS (ograniczenie substancji niebezpiecznych) i CE. Zdecydowanie zach\u0119camy wszystkich naszych partner\u00f3w detalicznych do aktywnego udzia\u0142u w lokalnych programach recyklingu odpad\u00f3w elektrycznych i elektronicznych (WEEE). Poniewa\u017c te jednorazowe vape'y zawieraj\u0105 ogniwa litowo-jonowe, w\u0142a\u015bciwa utylizacja na ko\u0144cu cyklu \u017cycia jest prawnie i \u015brodowiskowo obowi\u0105zkowa. Edukacja bazy klient\u00f3w na temat wyznaczonych miejsc odbioru baterii zapewnia zgodno\u015b\u0107 \u015brodowiskow\u0105 i wzmacnia autorytet i zaufanie sklepu w spo\u0142eczno\u015bci.<\/p>\n<h2 style=\"color: #2c3e50; border-bottom: 2px solid #3498db; padding-bottom: 10px; margin-top: 40px;\">Specyfikacje Techniczne  Kompleksowe<\/h2>\n<table style=\"width: 100%; border-collapse: collapse; margin: 25px 0; font-family: 'Segoe UI', sans-serif; box-shadow: 0 4px 8px rgba(0,0,0,0.05); background-color: #fff;\">\n<thead>\n<tr>\n<th style=\"background-color: #2c3e50; color: #ffffff; padding: 15px; border: 1px solid #bdc3c7; text-align: left; font-size: 1.1em;\">Parametr specyfikacji<\/th>\n<th style=\"background-color: #2c3e50; color: #ffffff; padding: 15px; border: 1px solid #bdc3c7; text-align: left; font-size: 1.1em;\">Zmierzona warto\u015b\u0107 \/ Szczeg\u00f3\u0142y techniczne<\/th>\n<\/tr>\n<\/thead>\n<tbody>\n<tr style=\"background-color: #f9f9f9;\">\n<td style=\"padding: 12px 15px; border: 1px solid #e0e0e0; font-weight: bold;\">Maksymalny cykl aktywacji<\/td>\n<td style=\"padding: 12px 15px; border: 1px solid #e0e0e0;\">Do 12 000 dyskretnych pff\u00f3w<\/td>\n<\/tr>\n<tr>\n<td style=\"padding: 12px 15px; border: 1px solid #e0e0e0; font-weight: bold;\">Si\u0142a formu\u0142y<\/td>\n<td style=\"padding: 12px 15px; border: 1px solid #e0e0e0;\">2% St\u0119\u017cenie (\u0141agodny Profil)<\/td>\n<\/tr>\n<tr style=\"background-color: #f9f9f9;\">\n<td style=\"padding: 12px 15px; border: 1px solid #e0e0e0; font-weight: bold;\">Zbiornik Obj\u0119to\u015bciowy<\/td>\n<td style=\"padding: 12px 15px; border: 1px solid #e0e0e0;\">20 ml wst\u0119pnie nape\u0142niona pojemno\u015b\u0107<\/td>\n<\/tr>\n<tr>\n<td style=\"padding: 12px 15px; border: 1px solid #e0e0e0; font-weight: bold;\">Kom\u00f3rka magazynowania energii<\/td>\n<td style=\"padding: 12px 15px; border: 1px solid #e0e0e0;\">500mAh Litowo-Jonowy Polimer<\/td>\n<\/tr>\n<tr style=\"background-color: #f9f9f9;\">\n<td style=\"padding: 12px 15px; border: 1px solid #e0e0e0; font-weight: bold;\">Protok\u00f3\u0142 \u0142adowania<\/td>\n<td style=\"padding: 12px 15px; border: 1px solid #e0e0e0;\">USB typu C (zgodny z szybkim \u0142adowaniem)<\/td>\n<\/tr>\n<tr>\n<td style=\"padding: 12px 15px; border: 1px solid #e0e0e0; font-weight: bold;\">Architektura ogrzewania<\/td>\n<td style=\"padding: 12px 15px; border: 1px solid #e0e0e0;\">Technologia cewki siatkowej 1,0 \u03a9<\/td>\n<\/tr>\n<tr style=\"background-color: #f9f9f9;\">\n<td style=\"padding: 12px 15px; border: 1px solid #e0e0e0; font-weight: bold;\">Ca\u0142kowita masa sprz\u0119tu<\/td>\n<td style=\"padding: 12px 15px; border: 1px solid #e0e0e0;\">78,99 gram\u00f3w<\/td>\n<\/tr>\n<tr>\n<td style=\"padding: 12px 15px; border: 1px solid #e0e0e0; font-weight: bold;\">Hurtowe opakowania<\/td>\n<td style=\"padding: 12px 15px; border: 1px solid #e0e0e0;\">200 sztuk na karton g\u0142\u00f3wny<\/td>\n<\/tr>\n<\/tbody>\n<\/table>\n<div style=\"background-color: #f0f7fa; border-left: 6px solid #2980b9; padding: 25px; margin: 35px 0; border-radius: 0 8px 8px 0; box-shadow: 0 2px 5px rgba(0,0,0,0.05);\">\n<h3 style=\"color: #2c3e50; margin-top: 0; display: flex; align-items: center;\"><span style=\"font-size: 1.5em; margin-right: 10px;\">\ud83d\udca1<\/span> punkt wiedzy bran\u017cowej: fizyka waporyzator\u00f3w o wysokiej pojemno\u015bci<\/h3>\n<p style=\"margin-bottom: 0;\">Przej\u015bcie na rynku komercyjnym w kierunku urz\u0105dze\u0144 o du\u017cej pojemno\u015bci, takich jak Tornado 12000, jest spowodowane post\u0119pami w mikroelektronice i nauce o polimerach. Wcze\u015bniej \u0142adunek 20 ml powodowa\u0142 degradacj\u0119 standardowej cewki drutowej przed pe\u0142nym zu\u017cyciem preparatu. Wdro\u017cenie <strong>Technologia siatki 1,0\u03a9<\/strong> rozwi\u0105zuje to fizyczne ograniczenie. Przez wplatanie metalu grzewczego w siatk\u0119, op\u00f3r elektryczny jest roz\u0142o\u017cony na ogromnej p\u0142aszczy\u017anie geometrycznej. Gdy bateria o pojemno\u015bci 500mAh przy\u0142o\u017cy \u0142adunek, siatka generuje niezwykle r\u00f3wnomierne pole termiczne, znacznie zmniejszaj\u0105c karbonizacj\u0119 materia\u0142u knotowego. To konkretne prze\u0142omowe osi\u0105gni\u0119cie in\u017cynierskie jest tym, co fundamentalnie pozwala nowoczesnym jednorazowym waporizerom osi\u0105gn\u0105\u0107 12 000 udanych aktywacji bez pogorszenia jako\u015bci outputu sensorycznego.<\/p>\n<\/div>\n<h2 style=\"color: #2c3e50; border-bottom: 2px solid #3498db; padding-bottom: 10px; margin-top: 40px;\">Cz\u0119sto zadawane pytania B2B (FAQ)<\/h2>\n<div style=\"margin-bottom: 15px; border: 1px solid #dcdde1; border-radius: 8px; overflow: hidden; box-shadow: 0 2px 4px rgba(0,0,0,0.02);\">\n<div style=\"background-color: #f5f6fa; padding: 15px 20px; border-bottom: 1px solid #dcdde1;\">\n<h4 style=\"margin: 0; color: #2c3e50; font-size: 1.1em;\">Jaka jest minimalna ilo\u015b\u0107 zam\u00f3wienia (MOQ) dla kont komercyjnych?<\/h4>\n<\/div>\n<div style=\"padding: 15px 20px; background-color: #ffffff;\">\n<p style=\"margin: 0;\">W VapeXYZ zorganizowali\u015bmy nasz\u0105 logistyk\u0119 w spos\u00f3b wspieraj\u0105cy przedsi\u0119biorstwa wszystkich rozmiar\u00f3w. Nasza minimalna ilo\u015b\u0107 zam\u00f3wienia zosta\u0142a ustalona na poziomie zaledwie 10 sztuk. Jednak dla maksymalnej efektywno\u015bci wysy\u0142ki i optymalnej ceny hurtowej zalecamy zakup w standardowych przyrostach g\u0142\u00f3wnych karton\u00f3w (200 sztuk na pude\u0142ko).<\/p>\n<\/div>\n<\/div>\n<div style=\"margin-bottom: 15px; border: 1px solid #dcdde1; border-radius: 8px; overflow: hidden; box-shadow: 0 2px 4px rgba(0,0,0,0.02);\">\n<div style=\"background-color: #f5f6fa; padding: 15px 20px; border-bottom: 1px solid #dcdde1;\">\n<h4 style=\"margin: 0; color: #2c3e50; font-size: 1.1em;\">Jak cewka siatkowa 1,0\u03a9 wp\u0142ywa na \u017cywotno\u015b\u0107 urz\u0105dzenia?<\/h4>\n<\/div>\n<div style=\"padding: 15px 20px; background-color: #ffffff;\">\n<p style=\"margin: 0;\">Architektura siatki o rezystancji 1,0 oma znacznie poprawia wydajno\u015b\u0107 operacyjn\u0105. Poniewa\u017c ciep\u0142o jest r\u00f3wnomiernie rozpraszane na szerszej powierzchni, bateria wewn\u0119trzna zu\u017cywa mniej energii do przezwyci\u0119\u017cenia scentralizowanej rezystancji cieplnej. Ta synergia mi\u0119dzy cewk\u0105 a bateri\u0105 500 mAh jest dok\u0142adnie tym, co umo\u017cliwia urz\u0105dzeniu efektywn\u0105 waporyzacj\u0119 ca\u0142ego zbiornika 20 ml w ci\u0105gu 12 000 aktywacji.<\/p>\n<\/div>\n<\/div>\n<div style=\"margin-bottom: 15px; border: 1px solid #dcdde1; border-radius: 8px; overflow: hidden; box-shadow: 0 2px 4px rgba(0,0,0,0.02);\">\n<div style=\"background-color: #f5f6fa; padding: 15px 20px; border-bottom: 1px solid #dcdde1;\">\n<h4 style=\"margin: 0; color: #2c3e50; font-size: 1.1em;\">Czy te jednostki sprz\u0119towe zosta\u0142y zweryfikowane pod k\u0105tem dystrybucji w Europie?<\/h4>\n<\/div>\n<div style=\"padding: 15px 20px; background-color: #ffffff;\">\n<p style=\"margin: 0;\">Tak. VapeXYZ jest czo\u0142owym dystrybutorem w Holandii, Niemczech, Belgii i Hiszpanii od ponad 8 lat. Dok\u0142adnie sprawdzamy naszych partner\u00f3w produkcyjnych, aby upewni\u0107 si\u0119, \u017ce wszystkie komponenty elektroniczne, w tym ogniwa litowo-jonowe i porty \u0142adowania typu C, spe\u0142niaj\u0105 podstawowe normy produkcyjne CE i RoHS odpowiednie dla rynku europejskiego.<\/p>\n<\/div>\n<\/div>\n<div style=\"margin-bottom: 15px; border: 1px solid #dcdde1; border-radius: 8px; overflow: hidden; box-shadow: 0 2px 4px rgba(0,0,0,0.02);\">\n<div style=\"background-color: #f5f6fa; padding: 15px 20px; border-bottom: 1px solid #dcdde1;\">\n<h4 style=\"margin: 0; color: #2c3e50; font-size: 1.1em;\">Jak klienci detaliczni powinni post\u0119powa\u0107 z utylizacj\u0105 tych waporyzator\u00f3w?<\/h4>\n<\/div>\n<div style=\"padding: 15px 20px; background-color: #ffffff;\">\n<p style=\"margin: 0;\">Poniewa\u017c ka\u017cda jednorazowa vape posiada zintegrowan\u0105 bateri\u0119 litowo-jonow\u0105 o pojemno\u015bci 500mAh, musz\u0105 by\u0107 traktowane jako odpady elektroniczne. Sprzedawcy powinni doradza\u0107 konsumentom, aby zutylizowali zu\u017cyte urz\u0105dzenia w certyfikowanych punktach zbi\u00f3rki odpad\u00f3w elektronicznych WEEE lub specjalnych pojemnikach na zbi\u00f3rk\u0119 baterii, a nie w standardowych odpadach domowych.<\/p>\n<\/div>\n<\/div>\n<p style=\"margin-top: 40px; text-align: center; font-size: 1.1em;\"><strong>Wzmocnij sw\u00f3j detaliczny zapas naukowo opracowanymi, wysokowydajnymi urz\u0105dzeniami. Wsp\u00f3\u0142pracuj z autorytetem bran\u017cy i zam\u00f3w RahdM Tornado 12000 Puffs od VapeXYZ ju\u017c dzi\u015b, aby zabezpieczy\u0107 wyj\u0105tkowe ceny hurtowe i szybk\u0105 dostaw\u0119 w Europie.<\/strong><\/p>\n<\/article>","protected":false},"excerpt":{"rendered":"<p>TORNADO 12000 Puffs Rechargeable Disposable Vape Pen oferuje do 12 000 zaci\u0105gni\u0119\u0107 z pojemno\u015bci\u0105 20 ml, akumulatorem 500 mAh, kt\u00f3ry mo\u017cna \u0142adowa\u0107, technologi\u0105 siatkowej cewki i jest dost\u0119pny w zakupie luzem w r\u00f3\u017cnych smakach, co czyni go op\u0142acalnym i d\u0142ugotrwa\u0142ym wyborem zar\u00f3wno dla sprzedawc\u00f3w detalicznych, jak i waper\u00f3w w Vapexyz.<\/p>","protected":false},"featured_media":35474,"comment_status":"open","ping_status":"closed","template":"","meta":{"_lmt_disableupdate":"no","_lmt_disable":""},"product_brand":[],"product_cat":[968,1001,947,935,934,927,929,928,930,933,939,932,938,931,936,937,1017,1021,949,946,1023,1025,1027,951,1028,1030,1031,953,1037,955,987,1038],"product_tag":[],"class_list":{"0":"post-35466","1":"product","2":"type-product","3":"status-publish","4":"has-post-thumbnail","6":"product_cat-rahdm-disposable-vapes","7":"product_cat-12000-puff-vapes","8":"product_cat-big-puffs-vapes","9":"product_cat-bulk-buy-disposable-vapes-in-austria","10":"product_cat-bulk-buy-disposable-vapes-in-belgium","11":"product_cat-bulk-buy-disposable-vapes-in-europe","12":"product_cat-bulk-buy-disposable-vapes-in-france","13":"product_cat-bulk-buy-disposable-vapes-in-germany","14":"product_cat-bulk-buy-disposable-vapes-in-italy","15":"product_cat-bulk-buy-disposable-vapes-in-netherlands","16":"product_cat-bulk-buy-disposable-vapes-in-norway","17":"product_cat-bulk-buy-disposable-vapes-in-poland","18":"product_cat-bulk-buy-disposable-vapes-in-portugal","19":"product_cat-bulk-buy-disposable-vapes-in-spain","20":"product_cat-bulk-buy-disposable-vapes-in-sweden","21":"product_cat-bulk-buy-disposable-vapes-in-switzerland","22":"product_cat-buy-best-disposable-vape-flavors","23":"product_cat-cherry-flavor-disposable-vapes","24":"product_cat-digital-box-vapes","25":"product_cat-disposable-vapes-series","26":"product_cat-grape-flavor-disposable-vapes","27":"product_cat-ice-flavor-disposable-vapes","28":"product_cat-lemon-flavor-disposable-vapes","29":"product_cat-lower-nicotine-vapes","30":"product_cat-lush-flavor-disposable-vapes","31":"product_cat-mint-flavor-disposable-vapes","32":"product_cat-mixed-berries-flavor-disposable-vapes","33":"product_cat-rechargeable-vapes","34":"product_cat-strawberry-flavor-disposable-vapes","35":"product_cat-tornado-vapes","36":"product_cat-vape-shop-by-puffs","37":"product_cat-watermelon-flavor-disposable-vapes","39":"first","40":"instock","41":"shipping-taxable","42":"purchasable","43":"product-type-variable","44":"has-default-attributes"},"jetpack_sharing_enabled":true,"tiered_pricing_type":"fixed","tiered_pricing_fixed_rules":[],"tiered_pricing_product_settings":{"layout":"default","base_unit_name":{"singular":null,"plural":null},"default_variation":null},"tiered_pricing_minimum_quantity":null,"tiered_pricing_roles_data":[],"tiered_pricing_percentage_rules":[],"tiered_pricing_maximum_quantity":null,"tiered_pricing_quantity_step":null,"_links":{"self":[{"href":"https:\/\/vapexyz.com\/pl\/wp-json\/wp\/v2\/product\/35466","targetHints":{"allow":["GET"]}}],"collection":[{"href":"https:\/\/vapexyz.com\/pl\/wp-json\/wp\/v2\/product"}],"about":[{"href":"https:\/\/vapexyz.com\/pl\/wp-json\/wp\/v2\/types\/product"}],"replies":[{"embeddable":true,"href":"https:\/\/vapexyz.com\/pl\/wp-json\/wp\/v2\/comments?post=35466"}],"wp:featuredmedia":[{"embeddable":true,"href":"https:\/\/vapexyz.com\/pl\/wp-json\/wp\/v2\/media\/35474"}],"wp:attachment":[{"href":"https:\/\/vapexyz.com\/pl\/wp-json\/wp\/v2\/media?parent=35466"}],"wp:term":[{"taxonomy":"product_brand","embeddable":true,"href":"https:\/\/vapexyz.com\/pl\/wp-json\/wp\/v2\/product_brand?post=35466"},{"taxonomy":"product_cat","embeddable":true,"href":"https:\/\/vapexyz.com\/pl\/wp-json\/wp\/v2\/product_cat?post=35466"},{"taxonomy":"product_tag","embeddable":true,"href":"https:\/\/vapexyz.com\/pl\/wp-json\/wp\/v2\/product_tag?post=35466"}],"curies":[{"name":"wp","href":"https:\/\/api.w.org\/{rel}","templated":true}]}}