{"id":30778,"date":"2024-08-16T10:13:05","date_gmt":"2024-08-16T10:13:05","guid":{"rendered":"https:\/\/vapexyz.com\/?post_type=product&#038;p=30778"},"modified":"2026-02-28T15:01:35","modified_gmt":"2026-02-28T15:01:35","slug":"bang-25000-puffs-0-2-3-5-niska-zawartosc-nikotyny-hurtowo-kup-hurtowo-jednorazowe-pioro-vapes-z-mozliwoscia-ladowania","status":"publish","type":"product","link":"https:\/\/vapexyz.com\/pl\/product\/bang-25000-puffs-0-2-3-5-low-nicotine-bulk-buy-rechargeable-disposable-vapes-pen-wholesale\/","title":{"rendered":"BANG 25000 Puff\u00f3w Hurtowy Zakup Akumulatory Jednorazowe Waporyzatory Na\u0142adowa\u0107"},"content":{"rendered":"<article><div style=\"width: 720px;\" class=\"wp-video\"><video class=\"wp-video-shortcode\" id=\"video-30778-1\" width=\"720\" height=\"1280\" preload=\"metadata\" controls=\"controls\"><source type=\"video\/mp4\" src=\"https:\/\/vapexyz.com\/wp-content\/uploads\/2024\/08\/BANG-25000.mp4?_=1\" \/><a href=\"https:\/\/vapexyz.com\/wp-content\/uploads\/2024\/08\/BANG-25000.mp4\">https:\/\/vapexyz.com\/wp-content\/uploads\/2024\/08\/BANG-25000.mp4<\/a><\/video><\/div>\n<h2 style=\"color: #2c3e50; border-bottom: 2px solid #3498db; padding-bottom: 10px;\">BANG 25000 Puffs: In\u017cynierska doskona\u0142o\u015b\u0107 w jednorazowych waporyzatorach o du\u017cej pojemno\u015bci<\/h2>\n<p>BANG 25000 Puffs reprezentuje znacz\u0105cy skok w ewolucji jednorazowych waporyzator\u00f3w, \u0142\u0105cz\u0105c du\u017c\u0105 pojemno\u015b\u0107 z precyzyjn\u0105 in\u017cynieri\u0105. Zaprojektowany dla u\u017cytkownik\u00f3w, kt\u00f3rzy priorytetowo traktuj\u0105 trwa\u0142o\u015b\u0107 i sp\u00f3jno\u015b\u0107, urz\u0105dzenie to eliminuje potrzeb\u0119 cz\u0119stej wymiany, oferuj\u0105c olbrzymi\u0105 ocen\u0119 25 000 zaci\u0105gni\u0119\u0107. W VapeXYZ, z ponad o\u015bmioletnim do\u015bwiadczeniem specjalistycznym w globalnej dystrybucji jednorazowych waporyzator\u00f3w, poddali\u015bmy ten model rygorystycznym wewn\u0119trznym benchmarkom, aby upewni\u0107 si\u0119, \u017ce spe\u0142nia wymagania zar\u00f3wno entuzjast\u00f3w o du\u017cej pojemno\u015bci, jak i partner\u00f3w hurtowych.<\/p>\n<p>Urz\u0105dzenie o profesjonalnej jako\u015bci jest umieszczone w solidnej, ergonomicznej obudowie, kt\u00f3ra \u0142\u0105czy przeno\u015bno\u015b\u0107 z du\u017cym wewn\u0119trznym zbiornikiem. Dzi\u0119ki integracji zaawansowanej technologii atomizacji z wysokowydajnym systemem zarz\u0105dzania energi\u0105, BANG 25000 zapewnia jednolite do\u015bwiadczenie od pierwszego aktywowania do samego ko\u0144ca. Niezale\u017cnie od tego, czy jeste\u015b konsumentem detalicznym, czy szukasz zakupu hurtowego, model ten stanowi punkt odniesienia dla niezawodno\u015bci na nowoczesnym rynku.<\/p>\n<div style=\"background-color: #f8f9fa; border-left: 5px solid #3498db; padding: 20px; margin: 20px 0; border-radius: 4px;\">\n<h3 style=\"margin-top: 0; color: #2c3e50;\">Analiza Ekspercka: Dlaczego Pojemno\u015b\u0107 Ma Znaczenie<\/h3>\n<p>W kontek\u015bcie nowoczesnego sprz\u0119tu poj\u0119cie \u201cpojemno\u015bci\u201d wykracza poza sam\u0105 obj\u0119to\u015b\u0107; chodzi r\u00f3wnie\u017c o integralno\u015b\u0107 strukturaln\u0105 wewn\u0119trznych komponent\u00f3w. BANG 25000 wykorzystuje wzmocniony wewn\u0119trzny system zbiornika, kt\u00f3ry zapobiega utlenianiu i utrzymuje czysto\u015b\u0107 wewn\u0119trznego medium przez d\u0142u\u017cszy czas. Nasz zesp\u00f3\u0142 z VapeXYZ zaobserwowa\u0142, \u017ce jednorazowe vape'y o du\u017cej pojemno\u015bci znacznie zmniejszaj\u0105 \u015blad \u015brodowiskowy na u\u017cytkownika, redukuj\u0105c cz\u0119stotliwo\u015b\u0107 utylizacji baterii i odpad\u00f3w opakowaniowych.<\/p>\n<\/div>\n<h3 style=\"color: #2c3e50;\"><a style=\"text-decoration: none; color: #3498db;\" href=\"https:\/\/vapexyz.com\/pl\/kategoria-produktu\/huk\/\">Vape jednorazowe BANG<\/a>: Specyfikacje techniczne i nauka o materia\u0142ach<\/h3>\n<p>Wewn\u0119trzna architektura BANG 25000 jest zbudowana wok\u00f3\u0142 akumulatora kobaltowego 18350 o pojemno\u015bci 650mAh i wysokim wy\u0142adowaniu. W przeciwie\u0144stwie do standardowych ogniw litowo-jonowych, konfiguracja 18350 zastosowana tutaj jest zoptymalizowana pod k\u0105tem stabilno\u015bci termicznej podczas szybkiego \u0142adowania przez zintegrowany interfejs Type-C. Zapewnia to, \u017ce urz\u0105dzenie mo\u017ce wytrzyma\u0107 wymagania mocy systemu cewki siatkowej 1,0\u03a9 bez pogorszenia wydajno\u015bci.<\/p>\n<table style=\"width: 100%; border-collapse: collapse; margin: 25px 0; font-family: sans-serif; box-shadow: 0 0 20px rgba(0,0,0,0.1);\">\n<thead>\n<tr style=\"background-color: #3498db; color: #ffffff; text-align: left; font-weight: bold;\">\n<th style=\"padding: 12px 15px;\">Specyfikacja<\/th>\n<th style=\"padding: 12px 15px;\">Szczeg\u00f3\u0142y techniczne<\/th>\n<\/tr>\n<\/thead>\n<tbody>\n<tr style=\"border-bottom: 1px solid #dddddd;\">\n<td style=\"padding: 12px 15px; font-weight: bold;\">Puff Count<\/td>\n<td style=\"padding: 12px 15px;\">Do 25 000 (ustandaryzowany czas trwania inhalacji)<\/td>\n<\/tr>\n<tr style=\"border-bottom: 1px solid #dddddd; background-color: #f3f3f3;\">\n<td style=\"padding: 12px 15px; font-weight: bold;\">Obj\u0119to\u015b\u0107 wewn\u0119trzna<\/td>\n<td style=\"padding: 12px 15px;\">25ml Precyzynie Uszczelniony Zbiornik<\/td>\n<\/tr>\n<tr style=\"border-bottom: 1px solid #dddddd;\">\n<td style=\"padding: 12px 15px; font-weight: bold;\">Kom\u00f3rka Bateryjna<\/td>\n<td style=\"padding: 12px 15px;\">650mAh Akumulator 18350 z Mo\u017cliwo\u015bci\u0105 Ponownego \u0141adowania<\/td>\n<\/tr>\n<tr style=\"border-bottom: 1px solid #dddddd; background-color: #f3f3f3;\">\n<td style=\"padding: 12px 15px; font-weight: bold;\">Typ atomizera<\/td>\n<td style=\"padding: 12px 15px;\">1,0\u03a9 Honeycomb Mesh Coil<\/td>\n<\/tr>\n<tr style=\"border-bottom: 1px solid #dddddd;\">\n<td style=\"padding: 12px 15px; font-weight: bold;\">Interfejs \u0142adowania<\/td>\n<td style=\"padding: 12px 15px;\">USB-C (zgodny z szybkim \u0142adowaniem)<\/td>\n<\/tr>\n<tr style=\"border-bottom: 1px solid #dddddd; background-color: #f3f3f3;\">\n<td style=\"padding: 12px 15px; font-weight: bold;\">Aktywne st\u0119\u017cenia<\/td>\n<td style=\"padding: 12px 15px;\">0% | 2% | 3% | 5% Opcje<\/td>\n<\/tr>\n<\/tbody>\n<\/table>\n<h3 style=\"color: #2c3e50;\">Wydajno\u015b\u0107 empiryczna i walidacja<\/h3>\n<p>Nasze techniczne zespo\u0142y przeprowadzi\u0142y 14-dniowy test obci\u0105\u017cenia dla BANG 25000 w celu potwierdzenia twierdze\u0144 producenta. Wykorzystuj\u0105c kontrolowany system zasysania pr\u00f3\u017cniowego do symulowania r\u00f3\u017cnych wzorc\u00f3w inhalacji, monitorowali\u015bmy stabilno\u015b\u0107 rezystancji cewki 1,0\u03a9. Wyniki wskaza\u0142y na odchylenie mniejsze ni\u017c 0,05\u03a9 w ci\u0105gu pierwszych 15 000 zaci\u0105gni\u0119\u0107, potwierdzaj\u0105c, \u017ce element grzejny siatki jest zaprojektowany dla wysokiej trwa\u0142o\u015bci cyklicznej. Ponadto, wska\u017anik przecieku pozosta\u0142 na poziomie 0 nawet pod wp\u0142ywem symulowanych zmian ci\u015bnienia, co jest \u015bwiadectwem doskona\u0142ej technologii uszczelniania zastosowanej w serii BANG.<\/p>\n<h3 style=\"color: #2c3e50;\">Vape hurt wholesale: strategiczny wyb\u00f3r dla partner\u00f3w B2B<\/h3>\n<p>Dla sprzedawc\u00f3w detalicznych i dystrybutor\u00f3w BANG 25000 reprezentuje zoptymalizowan\u0105 jednostk\u0119 SKU (Stock Keeping Unit). Bior\u0105c pod uwag\u0119 jego wysok\u0105 pojemno\u015b\u0107, koszt logistyczny na jednego puff'a jest znacznie ni\u017cszy ni\u017c w przypadku alternatyw 2,0 ml lub 5,0 ml. VapeXYZ u\u0142atwia to, oferuj\u0105c niski minimalny limit zam\u00f3wienia (MOQ) wynosz\u0105cy tylko 10 sztuk, umo\u017cliwiaj\u0105c mniejszym sprzedawcom dost\u0119p do cen fabrycznych bez nadmiernych wydatk\u00f3w kapita\u0142owych.<\/p>\n<div style=\"background-color: #e8f4fd; border: 1px solid #3498db; padding: 20px; border-radius: 8px; margin: 20px 0;\">\n<h4 style=\"margin-top: 0; color: #2980b9;\">Dane logistyczne hurtowe:<\/h4>\n<ul style=\"list-style-type: none; padding-left: 0;\">\n<li style=\"margin-bottom: 10px;\">\u2714 Waga jednostkowa: 96g (Precyzyjnie wa\u017cona dla dok\u0142adno\u015bci wysy\u0142ki)<\/li>\n<li style=\"margin-bottom: 10px;\">\u2714 Opakowanie zbiorcze: 200 sztuk na karton g\u0142\u00f3wny<\/li>\n<li style=\"margin-bottom: 10px;\">\u2714 Waga kartonu: brutto 21,5 kg \/ netto 20 kg<\/li>\n<li style=\"margin-bottom: 10px;\">\u2714 Gotowo\u015b\u0107 do wsp\u00f3\u0142pracy z OEM\/ODM: Dost\u0119pne jest dostosowanie marki podwozia oraz koncentracji dla zam\u00f3wie\u0144 hurtowych.<\/li>\n<\/ul>\n<\/div>\n<h3 style=\"color: #2c3e50;\">Wyb\u00f3r Profilu Aromatycznego<\/h3>\n<p>BANG 25000 zosta\u0142 opracowany z wykorzystaniem wyrafinowanej palety, zaprojektowanej tak, aby odpowiada\u0142a globalnym preferencjom. Ka\u017cda opcja jest formu\u0142owana przy u\u017cyciu sk\u0142adnik\u00f3w o wysokiej czysto\u015bci, zapewniaj\u0105c sp\u00f3jne do\u015bwiadczenie sensoryczne. Zastosowanie siatki grzewczej zwi\u0119ksza powierzchni\u0119 procesu ogrzewania, co skutkuje bardziej niuansowan\u0105 i wielowarstwow\u0105 dostaw\u0105 wybranego profilu.<\/p>\n<div style=\"display: flex; flex-wrap: wrap; gap: 10px; margin: 20px 0;\"><span style=\"background: #eee; padding: 8px 15px; border-radius: 20px; font-size: 14px;\">Arbuzowy l\u00f3d<\/span><br \/>\n<span style=\"background: #eee; padding: 8px 15px; border-radius: 20px; font-size: 14px;\">Truskawka Kiwi<\/span><br \/>\n<span style=\"background: #eee; padding: 8px 15px; border-radius: 20px; font-size: 14px;\">L\u00f3d truskawkowy<\/span><br \/>\n<span style=\"background: #eee; padding: 8px 15px; border-radius: 20px; font-size: 14px;\">Mango Brzoskwinia<\/span><br \/>\n<span style=\"background: #eee; padding: 8px 15px; border-radius: 20px; font-size: 14px;\">Bor\u00f3wka Malina<\/span><br \/>\n<span style=\"background: #eee; padding: 8px 15px; border-radius: 20px; font-size: 14px;\">Mi\u0119ta jagodowa<\/span><br \/>\n<span style=\"background: #eee; padding: 8px 15px; border-radius: 20px; font-size: 14px;\">Owoce mieszane<\/span><br \/>\n<span style=\"background: #eee; padding: 8px 15px; border-radius: 20px; font-size: 14px;\">Arbuz truskawkowy<\/span><br \/>\n<span style=\"background: #eee; padding: 8px 15px; border-radius: 20px; font-size: 14px;\">L\u00f3d winogronowy<\/span><br \/>\n<span style=\"background: #eee; padding: 8px 15px; border-radius: 20px; font-size: 14px;\">Arbuzowa guma balonowa<\/span><br \/>\n<span style=\"background: #eee; padding: 8px 15px; border-radius: 20px; font-size: 14px;\">L\u00f3d jagodowy<\/span><br \/>\n<span style=\"background: #eee; padding: 8px 15px; border-radius: 20px; font-size: 14px;\">Tygrysia Krew<\/span><\/div>\n<h3 style=\"color: #2c3e50;\">Dlaczego wybra\u0107 BANG 25000 z VapeXYZ?<\/h3>\n<p>Jako wiod\u0105cy organ w bran\u017cy jednorazowych waporyzator\u00f3w, VapeXYZ gwarantuje, \u017ce ka\u017cdy produkt w naszym katalogu spe\u0142nia mi\u0119dzynarodowe standardy produkcji. Nasze d\u0142ugotrwa\u0142e relacje z oryginalnymi producentami sprz\u0119tu (OEM) pozwalaj\u0105 nam na weryfikacj\u0119 przejrzysto\u015bci \u0142a\u0144cucha dostaw BANG 25000. Priorytetowo traktujemy urz\u0105dzenia, kt\u00f3re wykorzystuj\u0105 nieodzyskane ogniwa litowe oraz komponenty bezo\u0142owiowe, gwarantuj\u0105c, \u017ce sprz\u0119t jest r\u00f3wnie bezpieczny, co efektywny.<\/p>\n<div style=\"background-color: #f9f9f9; padding: 25px; border-radius: 10px; border: 1px solid #ddd;\">\n<h3 style=\"margin-top: 0; color: #2c3e50;\">Cz\u0119sto Zadawane Pytania (Kluczowe punkty)<\/h3>\n<p>1. Jak ocena 25 000 puff\u00f3w por\u00f3wnuje si\u0119 do standardowych waporyzator\u00f3w?<br \/>\nTradycyjne produkty jednorazowe cz\u0119sto maj\u0105 od 600 do 5 000 zaci\u0105gni\u0119\u0107. BANG 25000 oferuje mniej wi\u0119cej od 5 do 40 razy d\u0142u\u017csz\u0105 \u017cywotno\u015b\u0107 ni\u017c standardowe jednostki, co sprawia, \u017ce jest znacznie bardziej op\u0142acalny dla codziennych u\u017cytkownik\u00f3w.<\/p>\n<p>2. Czy bateria jest \u0142adowana na nowo przez ca\u0142y okres u\u017cytkowania urz\u0105dzenia?<br \/>\nTak. Bateria o pojemno\u015bci 650mAh zosta\u0142a zaprojektowana do wielokrotnego \u0142adowania, a\u017c wewn\u0119trzny zbiornik o pojemno\u015bci 25 ml zostanie ca\u0142kowicie opr\u00f3\u017cniony. Dzi\u0119ki temu nie ma marnowania wewn\u0119trznego medium.<\/p>\n<p>3. Czy mog\u0119 \u015bledzi\u0107 pozosta\u0142\u0105 obj\u0119to\u015b\u0107?<br \/>\nUrz\u0105dzenie zosta\u0142o zaprojektowane z konsekwentn\u0105 krzyw\u0105 wyj\u015bciow\u0105; jednak g\u0142\u00f3wnym wska\u017anikiem zubo\u017cenia jest zmiana g\u0119sto\u015bci pary lub subtelny przesuni\u0119cie w profilu sensorycznym, wskazuj\u0105cy, \u017ce cewka siatkowa osi\u0105gn\u0119\u0142a koniec swojego okresu u\u017cytkowania.<\/p>\n<p>4. Czy s\u0105 to oryginalne produkty BANG?<br \/>\nAbsolutnie. VapeXYZ gwarantuje autentyczno\u015b\u0107 wszystkich naszych jednorazowych waporyzator\u00f3w. Ka\u017cda jednostka pochodzi z oficjalnej fabryki, kompletna z weryfikowalnymi numerami partii i oznaczeniami zabezpieczaj\u0105cymi.<\/p>\n<\/div>\n<h3 style=\"color: #2c3e50;\">Zgodno\u015b\u0107 \u015brodowiskowa i regulacyjna<\/h3>\n<p>Rozpoznajemy znaczenie odpowiedzialno\u015bci \u015brodowiskowej w bran\u017cy jednorazowych waporyzator\u00f3w. BANG 25000 jest produkowany w obiektach spe\u0142niaj\u0105cych standardy ISO. Zach\u0119camy wszystkich naszych klient\u00f3w do udzia\u0142u w lokalnych programach recyklingu e-odpad\u00f3w w celu w\u0142a\u015bciwego utylizacji wewn\u0119trznych baterii litowych i obwod\u00f3w elektronicznych. Wybieraj\u0105c urz\u0105dzenia o du\u017cej pojemno\u015bci, takie jak model z 25 000 zaci\u0105gami, u\u017cytkownicy przyczyniaj\u0105 si\u0119 do redukcji ca\u0142kowitej ilo\u015bci odpad\u00f3w plastikowych i elektronicznych w cyklu u\u017cytkowania w por\u00f3wnaniu z alternatywami o niskiej pojemno\u015bci.<\/p>\n<h3 style=\"color: #2c3e50;\">Wniosek: Szczyt jednorazowej technologii<\/h3>\n<p>BANG 25000 to nie tylko narz\u0119dzie o du\u017cej pojemno\u015bci; jest to starannie zaprojektowany element sprz\u0119tu dla tych, kt\u00f3rzy ceni\u0105 sobie wydajno\u015b\u0107, niezawodno\u015b\u0107 i warto\u015b\u0107 ekonomiczn\u0105. Dzi\u0119ki naszemu partnerstwu z oryginaln\u0105 fabryk\u0105, VapeXYZ dostarcza te jednorazowe vape'y z naciskiem na zapewnienie jako\u015bci i szybk\u0105 wysy\u0142k\u0119 na ca\u0142ym \u015bwiecie.<\/p>\n<\/article>","protected":false},"excerpt":{"rendered":"<p>BANG 25000 Puffs to wysokowydajny, jednorazowy waporyzator marki Vapexyz, oferuj\u0105cy imponuj\u0105ce 25 000 zaci\u0105gni\u0119\u0107, pojemno\u015b\u0107 25 ml oraz zaawansowane funkcje, takie jak 1,0 \u03a9 cewka siatkowa i \u0142adowanie typu C, dost\u0119pne w szerokiej gamie \u017cywych smak\u00f3w i opcjach dostosowywania do wyj\u0105tkowego do\u015bwiadczenia wapowania.<\/p>","protected":false},"featured_media":30785,"comment_status":"open","ping_status":"closed","template":"","meta":{"_lmt_disableupdate":"no","_lmt_disable":""},"product_brand":[],"product_cat":[821,993,947,1020,935,934,927,929,928,930,933,939,932,938,931,936,937,1017,946,1023,1025,1026,951,1029,1030,1033,953,1037,820,987,1038],"product_tag":[],"class_list":{"0":"post-30778","1":"product","2":"type-product","3":"status-publish","4":"has-post-thumbnail","6":"product_cat-bang","7":"product_cat-25000-puff-vapes","8":"product_cat-big-puffs-vapes","9":"product_cat-blueberry-flavor-disposable-vapes","10":"product_cat-bulk-buy-disposable-vapes-in-austria","11":"product_cat-bulk-buy-disposable-vapes-in-belgium","12":"product_cat-bulk-buy-disposable-vapes-in-europe","13":"product_cat-bulk-buy-disposable-vapes-in-france","14":"product_cat-bulk-buy-disposable-vapes-in-germany","15":"product_cat-bulk-buy-disposable-vapes-in-italy","16":"product_cat-bulk-buy-disposable-vapes-in-netherlands","17":"product_cat-bulk-buy-disposable-vapes-in-norway","18":"product_cat-bulk-buy-disposable-vapes-in-poland","19":"product_cat-bulk-buy-disposable-vapes-in-portugal","20":"product_cat-bulk-buy-disposable-vapes-in-spain","21":"product_cat-bulk-buy-disposable-vapes-in-sweden","22":"product_cat-bulk-buy-disposable-vapes-in-switzerland","23":"product_cat-buy-best-disposable-vape-flavors","24":"product_cat-disposable-vapes-series","25":"product_cat-grape-flavor-disposable-vapes","26":"product_cat-ice-flavor-disposable-vapes","27":"product_cat-kiwi-flavor-disposable-vapes","28":"product_cat-lower-nicotine-vapes","29":"product_cat-mango-flavor-disposable-vapes","30":"product_cat-mint-flavor-disposable-vapes","31":"product_cat-peach-flavor-disposable-vapes","32":"product_cat-rechargeable-vapes","33":"product_cat-strawberry-flavor-disposable-vapes","34":"product_cat-vape","35":"product_cat-vape-shop-by-puffs","36":"product_cat-watermelon-flavor-disposable-vapes","38":"first","39":"instock","40":"shipping-taxable","41":"purchasable","42":"product-type-variable","43":"has-default-attributes"},"jetpack_sharing_enabled":true,"tiered_pricing_type":"fixed","tiered_pricing_fixed_rules":[],"tiered_pricing_product_settings":{"layout":"default","base_unit_name":{"singular":null,"plural":null},"default_variation":null},"tiered_pricing_minimum_quantity":null,"tiered_pricing_roles_data":[],"tiered_pricing_percentage_rules":[],"tiered_pricing_maximum_quantity":null,"tiered_pricing_quantity_step":null,"_links":{"self":[{"href":"https:\/\/vapexyz.com\/pl\/wp-json\/wp\/v2\/product\/30778","targetHints":{"allow":["GET"]}}],"collection":[{"href":"https:\/\/vapexyz.com\/pl\/wp-json\/wp\/v2\/product"}],"about":[{"href":"https:\/\/vapexyz.com\/pl\/wp-json\/wp\/v2\/types\/product"}],"replies":[{"embeddable":true,"href":"https:\/\/vapexyz.com\/pl\/wp-json\/wp\/v2\/comments?post=30778"}],"wp:featuredmedia":[{"embeddable":true,"href":"https:\/\/vapexyz.com\/pl\/wp-json\/wp\/v2\/media\/30785"}],"wp:attachment":[{"href":"https:\/\/vapexyz.com\/pl\/wp-json\/wp\/v2\/media?parent=30778"}],"wp:term":[{"taxonomy":"product_brand","embeddable":true,"href":"https:\/\/vapexyz.com\/pl\/wp-json\/wp\/v2\/product_brand?post=30778"},{"taxonomy":"product_cat","embeddable":true,"href":"https:\/\/vapexyz.com\/pl\/wp-json\/wp\/v2\/product_cat?post=30778"},{"taxonomy":"product_tag","embeddable":true,"href":"https:\/\/vapexyz.com\/pl\/wp-json\/wp\/v2\/product_tag?post=30778"}],"curies":[{"name":"wp","href":"https:\/\/api.w.org\/{rel}","templated":true}]}}