{"id":27781,"date":"2024-07-06T03:49:22","date_gmt":"2024-07-06T03:49:22","guid":{"rendered":"https:\/\/vapexyz.com\/?post_type=product&#038;p=27781"},"modified":"2026-03-02T01:48:23","modified_gmt":"2026-03-02T01:48:23","slug":"vapsolo-crystal-600-puffs-2-5-luzem-kupuj-hurtowo-o-niskiej-zawartosci-nikotyny-jednorazowe-vapes-peny","status":"publish","type":"product","link":"https:\/\/vapexyz.com\/pl\/product\/vapsolo-crystal-600-puffs-2-5-bulk-buy-low-nicotine-rechargeable-disposable-vapes-pen-wholesale\/","title":{"rendered":"Vapsolo Crystal 600 Puffs Jednorazowe waporyzatory"},"content":{"rendered":"<article style=\"font-family: 'Comic Sans MS', 'Chalkboard SE', 'Comic Neue', sans-serif; font-weight: normal; color: #555; line-height: 1.8; font-size: 18px; max-width: 800px; margin: 0 auto; background-color: #fdfbf7; padding: 25px; border-radius: 35px; border: 5px dotted #ffbfb0;\">\n<div style=\"background-color: #ffe0e0; padding: 25px; border-radius: 25px; margin-bottom: 35px; border: 3px solid #ff9999; box-shadow: 5px 5px 0px #ffcccc;\">\n<h2 style=\"color: #ff6b6b; font-weight: normal; margin-top: 0; font-size: 26px; text-align: center;\">\ud83d\udeab Och nie! Wa\u017cne wiadomo\u015bci! \ud83d\udeab<\/h2>\n<p style=\"font-weight: normal; margin-bottom: 0; text-align: center;\">Cze\u015b\u0107 przyjacielu! \ud83d\udc4b Czy przyszed\u0142e\u015b tutaj szukaj\u0105c Vapsolo Crystal 600 Puffs? Mamy ma\u0142y sekret, kt\u00f3ry chcemy ci powiedzie\u0107. Ten produkt wyruszy\u0142 na bardzo d\u0142ugie wakacje i nie wr\u00f3ci (jest wycofany). \ud83d\uded1<\/p>\n<p>Ale osusz \u0142zy! \ud83c\udf08 Znale\u017ali\u015bmy nowego najlepszego przyjaciela dla Ciebie. Jest b\u0142yszcz\u0105cy, d\u0142u\u017cej wytrzymuje i jest super zabawny! Poznaj OKsO Crystal Bar 800 Puffs! \ud83d\udc8e Jest to idealny upgrade do jednorazowej e-papierosa.<\/p>\n<\/div>\n<h2 style=\"text-align: center; color: #48dbfb; font-weight: normal; font-size: 28px; margin-top: 40px;\">\u2728 <a href=\"https:\/\/vapexyz.com\/pl\/produkt\/okso-krysztalowy-pasek-800-jednorazowy-waporyzator-800-zaciagniec-waporyzator-z-cewka-siatkowa-10-premium-smakow-profesjonalny-dystrybutor-waporyzatorow-hurtownia-detaliczna-dostepna-dla-rynku-europej\/\">Poznaj swojego nowego b\u0142yskawicznego przyjaciela: OKsO Crystal Bar<\/a> \u2728<\/h2>\n<p style=\"font-weight: normal; text-align: center;\">OKsO Crystal Bar 800 Puffs jest wykonany z europejsk\u0105 jako\u015bci\u0105! Jest to bardzo inteligentna jednorazowa e-papieros. Jest ma\u0142y, uroczy i gotowy do u\u017cytku. Bez przycisk\u00f3w, tylko magia! \u2728<\/p>\n<div style=\"flex-wrap: wrap; justify-content: space-around; gap: 20px; margin: 30px 0;\">\n<p><!-- Old Product Card --><\/p>\n<div style=\"flex: 1; min-width: 280px; background: #f1f2f6; border-radius: 25px; padding: 20px; border: 2px solid #ced6e0; opacity: 0.7;\">\n<h3 style=\"color: #747d8c; text-align: center; font-weight: normal; font-size: 22px;\">Stary Jeden \ud83d\udc22<\/h3>\n<p style=\"text-align: center; font-size: 18px; color: #a4b0be;\">Kryszta\u0142 Vapsolo<\/p>\n<ul style=\"list-style-type: none; padding: 0; text-align: center;\">\n<li style=\"margin: 10px 0;\">\u2601\ufe0f 600 Puffs<\/li>\n<li style=\"margin: 10px 0;\">\ud83d\udd0b Standardowa bateria<\/li>\n<li style=\"margin: 10px 0;\">\ud83d\udca1 Brak \u015bwiat\u0142a RGB<\/li>\n<li style=\"margin: 10px 0;\">\ud83d\uded1 Nie jest ju\u017c sprzedawany<\/li>\n<\/ul>\n<\/div>\n<p><!-- New Product Card --><\/p>\n<div style=\"flex: 1; min-width: 280px; background: #e0f7fa; border-radius: 25px; padding: 20px; border: 3px solid #00bcd4; position: relative;\">\n<div style=\"position: absolute; top: -15px; right: -15px; background: #ffeb3b; padding: 5px 15px; border-radius: 15px; border: 2px solid #fbc02d;\">Ulepsz!<\/div>\n<h3 style=\"color: #0097a7; text-align: center; font-weight: normal; font-size: 22px;\">Nowa Gwiazda<\/h3>\n<p style=\"text-align: center; font-size: 18px; color: #006064;\">OKsO Crystal Bar<\/p>\n<ul style=\"list-style-type: none; padding: 0; text-align: center;\">\n<li style=\"margin: 10px 0;\">\u2601\ufe0f 800 Puff\u00f3w (wi\u0119cej!)<\/li>\n<li style=\"margin: 10px 0;\">\ud83d\udd0b Niezawodna Bateria<\/li>\n<li style=\"margin: 10px 0;\">\ud83c\udf08 Fajne \u015bwiat\u0142o RGB<\/li>\n<li style=\"margin: 10px 0;\">\u2705 Gotowy do wysy\u0142ki<\/li>\n<\/ul>\n<\/div>\n<\/div>\n<h2 style=\"color: #ff9f43; font-weight: normal; border-bottom: 3px dashed #ff9f43; padding-bottom: 10px; text-align: center; margin-top: 50px;\">\ud83d\udd0d Por\u00f3wnajmy! Co jest lepsze?<\/h2>\n<div style=\"margin-top: 20px;\">\n<table style=\"width: 100%; border-collapse: separate; border-spacing: 0; border-radius: 20px; overflow: hidden; border: 2px solid #54a0ff;\">\n<thead>\n<tr style=\"background-color: #54a0ff;\">\n<th style=\"padding: 15px; text-align: left; color: #fff; font-weight: normal; font-size: 20px;\">Cecha<\/th>\n<th style=\"padding: 15px; text-align: center; color: #fff; font-weight: normal; font-size: 20px;\">Stary Vapsolo<\/th>\n<th style=\"padding: 15px; text-align: center; color: #fff; font-weight: normal; font-size: 20px;\">Nowe OKsO 800<\/th>\n<\/tr>\n<\/thead>\n<tbody>\n<tr style=\"background-color: #ffffff;\">\n<td style=\"padding: 15px; border-bottom: 1px solid #c8d6e5;\">Ile p\u0105czk\u00f3w?<\/td>\n<td style=\"padding: 15px; text-align: center; border-bottom: 1px solid #c8d6e5; color: #8395a7;\">600<\/td>\n<td style=\"padding: 15px; text-align: center; border-bottom: 1px solid #c8d6e5; color: #1dd1a1; font-size: 20px;\">800 (Zwyci\u0119zca!) \ud83c\udfc6<\/td>\n<\/tr>\n<tr style=\"background-color: #f4faff;\">\n<td style=\"padding: 15px; border-bottom: 1px solid #c8d6e5;\">Pojemno\u015b\u0107<\/td>\n<td style=\"padding: 15px; text-align: center; border-bottom: 1px solid #c8d6e5; color: #8395a7;\">2 ml<\/td>\n<td style=\"padding: 15px; text-align: center; border-bottom: 1px solid #c8d6e5; color: #1dd1a1;\">2 ml (Ten sam rozmiar!)<\/td>\n<\/tr>\n<tr style=\"background-color: #ffffff;\">\n<td style=\"padding: 15px; border-bottom: 1px solid #c8d6e5;\">Specjalne \u015awiat\u0142o<\/td>\n<td style=\"padding: 15px; text-align: center; border-bottom: 1px solid #c8d6e5; color: #8395a7;\">NIE<\/td>\n<td style=\"padding: 15px; text-align: center; border-bottom: 1px solid #c8d6e5; color: #1dd1a1;\">Tak (RGB!)<\/td>\n<\/tr>\n<tr style=\"background-color: #f4faff;\">\n<td style=\"padding: 15px;\">Wn\u0119trze Techniki<\/td>\n<td style=\"padding: 15px; text-align: center; color: #8395a7;\">Siatkowa cewka<\/td>\n<td style=\"padding: 15px; text-align: center; color: #1dd1a1;\">Zoptymalizowana Siatka<\/td>\n<\/tr>\n<\/tbody>\n<\/table>\n<\/div>\n<div style=\"margin-top: 40px; background-color: #e8f8f5; padding: 25px; border-radius: 25px; border-left: 10px solid #2ecc71;\">\n<h3 style=\"color: #27ae60; font-weight: normal; margin-top: 0;\">\ud83d\udca1 Dlaczego wybra\u0107 OKsO Crystal Bar 800?<\/h3>\n<p style=\"font-weight: normal;\">OKsO Crystal Bar 800 daje Ci wi\u0119cej zaci\u0105gni\u0119\u0107 dla zabawy! Dodatkowo, posiada fajne \u015bwiat\u0142o RGB u do\u0142u, kt\u00f3re \u015bwieci si\u0119 podczas u\u017cytkowania. Jest bardzo lekki (tylko 36g) i zmie\u015bci si\u0119 w ka\u017cdej ma\u0142ej kieszeni. Jest to najinteligentniejszy wyb\u00f3r jednorazowej e-papierosy!<\/p>\n<\/div>\n<h2 style=\"text-align: center; color: #a29bfe; font-weight: normal; font-size: 28px; margin-top: 50px;\">\ud83c\udf6d Tak wiele wspania\u0142ych opcji!<\/h2>\n<p style=\"font-weight: normal; text-align: center;\">OKsO Crystal Bar oferuje 10 niesamowitych styl\u00f3w. Sp\u00f3jrz na t\u0119 list\u0119 i wybierz sw\u00f3j ulubiony:<\/p>\n<div style=\"grid-template-columns: repeat(auto-fit, minmax(140px, 1fr)); gap: 15px; margin-bottom: 40px;\">\n<div style=\"background: #badc58; padding: 15px; text-align: center; border-radius: 20px; color: white;\">Mi\u0119ta<\/div>\n<div style=\"background: #ffbe76; padding: 15px; text-align: center; border-radius: 20px; color: white;\">Brzoskwiniowy L\u00f3d<\/div>\n<div style=\"background: #ff7979; padding: 15px; text-align: center; border-radius: 20px; color: white;\">R\u00f3\u017cowy Cytryn \ud83c\udf4b<\/div>\n<div style=\"background: #686de0; padding: 15px; text-align: center; border-radius: 20px; color: white;\">Lodzik Winogronowy<\/div>\n<div style=\"background: #f0932b; padding: 15px; text-align: center; border-radius: 20px; color: white;\">Krew Tygrysa<\/div>\n<div style=\"background: #eb4d4b; padding: 15px; text-align: center; border-radius: 20px; color: white;\">Arbuzowy L\u00f3d<\/div>\n<div style=\"background: #7ed6df; padding: 15px; text-align: center; border-radius: 20px; color: white;\">Blue Razz Ice<\/div>\n<div style=\"background: #e056fd; padding: 15px; text-align: center; border-radius: 20px; color: white;\">Wi\u015bniowy L\u00f3d<\/div>\n<div style=\"background: #f9ca24; padding: 15px; text-align: center; border-radius: 20px; color: white;\">Brzoskwiniowy Mango \ud83e\udd6d<\/div>\n<div style=\"background: #fc5c65; padding: 15px; text-align: center; border-radius: 20px; color: white;\">Truskawkowy L\u00f3d<\/div>\n<\/div>\n<h2 style=\"color: #6c5ce7; font-weight: normal; text-align: center;\">\u2753 Proste pytania (FAQ) \u2753<\/h2>\n<div style=\"margin: 20px 0;\">\n<details style=\"background-color: #dfe6e9; padding: 15px; margin-bottom: 15px; border-radius: 20px; border: 2px solid #b2bec3;\">\n<summary style=\"cursor: pointer; color: #2d3436;\">Czy OKsO jest lepsze ni\u017c Vapsolo?<\/summary>\n<p style=\"margin-top: 10px; font-weight: normal; color: #636e72;\">Tak! Otrzymujesz 200 dodatkowych pff\u00f3w i ma pi\u0119kne \u015bwiat\u0142o. To nowszy i fajniejszy design.<\/p>\n<\/details>\n<details style=\"background-color: #dfe6e9; padding: 15px; margin-bottom: 15px; border-radius: 20px; border: 2px solid #b2bec3;\">\n<summary style=\"cursor: pointer; color: #2d3436;\">Jak go u\u017cy\u0107?<\/summary>\n<p style=\"margin-top: 10px; font-weight: normal; color: #636e72;\">To jest takie proste! Po prostu wyjmij to z pude\u0142ka i zacznij. Nie ma przycisk\u00f3w do naciskania. To bardzo przyjazny waporyzator.<\/p>\n<\/details>\n<details style=\"background-color: #dfe6e9; padding: 15px; margin-bottom: 15px; border-radius: 20px; border: 2px solid #b2bec3;\">\n<summary style=\"cursor: pointer; color: #2d3436;\">Czy mog\u0119 kupi\u0107 wiele pude\u0142ek?<\/summary>\n<p style=\"margin-top: 10px; font-weight: normal; color: #636e72;\">Tak! W VapeXYZ mo\u017cesz kupi\u0107 hurtowo jednorazowe vape'y. Szybko wysy\u0142amy je po ca\u0142ej Europie!<\/p>\n<\/details>\n<\/div>\n<div style=\"text-align: center; margin-top: 50px; padding: 30px; background: linear-gradient(45deg, #fab1a0, #81ecec); border-radius: 30px; color: white;\">\n<h3 style=\"font-weight: normal; font-size: 24px; margin: 0;\">\ud83c\udf89 Czas na aktualizacj\u0119!<\/h3>\n<p style=\"font-weight: normal; font-size: 18px;\">\u017begnaj Vapsolo, Witaj OKsO Crystal Bar 800 Puffs!<\/p>\n<p style=\"font-weight: normal; font-size: 20px;\">\ud83d\udc47 Kliknij poni\u017cej, aby uzyska\u0107 najlepsz\u0105 jednorazow\u0105 vape dzisiaj!<\/p>\n<\/div>\n<\/article>\n<h2><a style=\"font-size: 16px;\" href=\"https:\/\/vapexyz.com\/wp-content\/uploads\/2024\/07\/Vapsolo-2ml-Vapor-Kit-Crystal-Bar-Disposable-Vape-600-Puffs-Transparent-Crystal-Finish-E-Cigarette-Essential-Oil-Vaporizer-5.webp\"><img loading=\"lazy\" decoding=\"async\" class=\"wp-image-27789 size-full aligncenter\" src=\"https:\/\/vapexyz.com\/wp-content\/uploads\/2024\/07\/Vapsolo-2ml-Vapor-Kit-Crystal-Bar-Disposable-Vape-600-Puffs-Transparent-Crystal-Finish-E-Cigarette-Essential-Oil-Vaporizer-5.webp\" alt=\"Vapsolo Crystal 600 Puffs 2% 5% Kup hurtowo Niskonikotynowy jednorazowy d\u0142ugopis Vapes Hurtowo\" width=\"800\" height=\"800\" title=\"\" srcset=\"https:\/\/vapexyz.com\/wp-content\/uploads\/2024\/07\/Vapsolo-2ml-Vapor-Kit-Crystal-Bar-Disposable-Vape-600-Puffs-Transparent-Crystal-Finish-E-Cigarette-Essential-Oil-Vaporizer-5.webp 800w, https:\/\/vapexyz.com\/wp-content\/uploads\/2024\/07\/Vapsolo-2ml-Vapor-Kit-Crystal-Bar-Disposable-Vape-600-Puffs-Transparent-Crystal-Finish-E-Cigarette-Essential-Oil-Vaporizer-5-500x500.webp 500w, https:\/\/vapexyz.com\/wp-content\/uploads\/2024\/07\/Vapsolo-2ml-Vapor-Kit-Crystal-Bar-Disposable-Vape-600-Puffs-Transparent-Crystal-Finish-E-Cigarette-Essential-Oil-Vaporizer-5-300x300.webp 300w, https:\/\/vapexyz.com\/wp-content\/uploads\/2024\/07\/Vapsolo-2ml-Vapor-Kit-Crystal-Bar-Disposable-Vape-600-Puffs-Transparent-Crystal-Finish-E-Cigarette-Essential-Oil-Vaporizer-5-768x768.webp 768w, https:\/\/vapexyz.com\/wp-content\/uploads\/2024\/07\/Vapsolo-2ml-Vapor-Kit-Crystal-Bar-Disposable-Vape-600-Puffs-Transparent-Crystal-Finish-E-Cigarette-Essential-Oil-Vaporizer-5-12x12.webp 12w, https:\/\/vapexyz.com\/wp-content\/uploads\/2024\/07\/Vapsolo-2ml-Vapor-Kit-Crystal-Bar-Disposable-Vape-600-Puffs-Transparent-Crystal-Finish-E-Cigarette-Essential-Oil-Vaporizer-5-400x400.webp 400w, https:\/\/vapexyz.com\/wp-content\/uploads\/2024\/07\/Vapsolo-2ml-Vapor-Kit-Crystal-Bar-Disposable-Vape-600-Puffs-Transparent-Crystal-Finish-E-Cigarette-Essential-Oil-Vaporizer-5-600x600.webp 600w, https:\/\/vapexyz.com\/wp-content\/uploads\/2024\/07\/Vapsolo-2ml-Vapor-Kit-Crystal-Bar-Disposable-Vape-600-Puffs-Transparent-Crystal-Finish-E-Cigarette-Essential-Oil-Vaporizer-5-148x148.webp 148w\" sizes=\"auto, (max-width: 800px) 100vw, 800px\" \/><\/a><\/h2>","protected":false},"excerpt":{"rendered":"<div class=\"flex-shrink-0 flex flex-col relative items-end\">\n<div>\n<div class=\"pt-0.5 juice:pt-0\">\n<div class=\"gizmo-bot-avatar flex h-6 w-6 items-center justify-center overflow-hidden rounded-full juice:h-8 juice:w-8\">\n<div class=\"relative p-1 rounded-sm flex items-center justify-center bg-token-main-surface-primary text-token-text-primary h-8 w-8\">    <div class=\"custom-product\" style=\"border: 1px solid #eee; text-align: center; max-width: 100%; margin: 0 auto; font-family: Arial, sans-serif; box-sizing: border-box;\">\n        <!-- Product image - full width -->\n        <a href=\"https:\/\/vapexyz.com\/pl\/product\/okso-crystal-bar-800-disposable-vape-800-puffs-mesh-coil-vape-10-premium-flavors-professional-vape-distributor-wholesale-retail-available-for-european-market\/\" style=\"display: block; margin-bottom: 15px;\">\n            <img decoding=\"async\" src=\"https:\/\/vapexyz.com\/wp-content\/uploads\/2025\/05\/OKsO-Crystal-Bar-800-Disposable-Vape-800-Puffs-Mesh-Coil-10-Flavors-4.webp\" alt=\"OKsO Crystal Bar 800 Jednorazowy Waporyzator 800 Puff\u00f3w Waporyzator z Siatkow\u0105 Cewk\u0105 Hurtownia Detal dla Europejskiego Rynku\" style=\"width: 100%; height: auto; display: block;\">        <\/a>\n        \n        <!-- Product name -->\n        <h3 style=\"margin: 10px 0; font-size: 1.2em; line-height: 1.4; color: #333;\">\n            OKsO Crystal Bar 800 Jednorazowy Waporyzator 800 Puff\u00f3w Waporyzator z Siatkow\u0105 Cewk\u0105 Hurtownia Detal dla Europejskiego Rynku        <\/h3>\n        \n        <!-- Product price -->\n        <div class=\"price\" style=\"color: #ff0000; font-weight: bold; font-size: 1.4em; margin: 10px 0;\">\n            \t\t<span class=\"tiered-pricing-dynamic-price-wrapper tiered-pricing-dynamic-price-wrapper--variable\"\n\t\t\t  data-display-context=\"shop-loop\"\n\t\t\t  data-price-type=\"dynamic\"\n\t\t\t  data-product-id=\"46704\"\n\t\t\t  data-parent-id=\"46704\">\n\t\t\t<span class=\"woocommerce-Price-amount amount\"><bdi><span class=\"woocommerce-Price-currencySymbol\">\u20ac<\/span>2.90<\/bdi><\/span><\/span>        <\/div>\n        \n        <!-- Product rating -->\n        <div class=\"rating\" style=\"margin: 15px 0; min-height: 25px;\">\n            <div class=\"star-rating\" role=\"img\" aria-label=\"Rated 5.00 out of 5\"><span style=\"width:100%\">Oceniony <strong class=\"rating\">5.00<\/strong> z 5<\/span><\/div>        <\/div>\n        \n        <!-- Buy Now button -->\n        <div class=\"buy-now-button\" style=\"margin-top: 20px;\">\n            <a href=\"https:\/\/vapexyz.com\/pl\/product\/okso-crystal-bar-800-disposable-vape-800-puffs-mesh-coil-vape-10-premium-flavors-professional-vape-distributor-wholesale-retail-available-for-european-market\/\" \n               class=\"buy-now-btn\" \n               style=\"display: inline-block; background-color: #4CAF50; color: white !important; padding: 12px 24px; text-align: center; text-decoration: none; font-weight: bold; border-radius: 4px; transition: all 0.3s; border: none; cursor: pointer; font-size: 1em;\">\n                Kup Teraz            <\/a>\n        <\/div>\n    <\/div>\n    <\/div>\n<\/div>\n<\/div>\n<\/div>\n<\/div>","protected":false},"featured_media":27792,"comment_status":"open","ping_status":"closed","template":"","meta":{"_lmt_disableupdate":"no","_lmt_disable":""},"product_brand":[],"product_cat":[926,990,1018,1020,935,934,927,929,928,930,933,939,932,938,931,936,937,1017,1021,948,946,1025,1027,952,953,1036,1037,820,987,1038],"product_tag":[],"class_list":{"0":"post-27781","1":"product","2":"type-product","3":"status-publish","4":"has-post-thumbnail","6":"product_cat-vapsolo","7":"product_cat-600-puff-vapes","8":"product_cat-apple-flavor-disposable-vapes","9":"product_cat-blueberry-flavor-disposable-vapes","10":"product_cat-bulk-buy-disposable-vapes-in-austria","11":"product_cat-bulk-buy-disposable-vapes-in-belgium","12":"product_cat-bulk-buy-disposable-vapes-in-europe","13":"product_cat-bulk-buy-disposable-vapes-in-france","14":"product_cat-bulk-buy-disposable-vapes-in-germany","15":"product_cat-bulk-buy-disposable-vapes-in-italy","16":"product_cat-bulk-buy-disposable-vapes-in-netherlands","17":"product_cat-bulk-buy-disposable-vapes-in-norway","18":"product_cat-bulk-buy-disposable-vapes-in-poland","19":"product_cat-bulk-buy-disposable-vapes-in-portugal","20":"product_cat-bulk-buy-disposable-vapes-in-spain","21":"product_cat-bulk-buy-disposable-vapes-in-sweden","22":"product_cat-bulk-buy-disposable-vapes-in-switzerland","23":"product_cat-buy-best-disposable-vape-flavors","24":"product_cat-cherry-flavor-disposable-vapes","25":"product_cat-crystal-vapes","26":"product_cat-disposable-vapes-series","27":"product_cat-ice-flavor-disposable-vapes","28":"product_cat-lemon-flavor-disposable-vapes","29":"product_cat-mini-puffs-vapes","30":"product_cat-rechargeable-vapes","31":"product_cat-red-bull-flavor-disposable-vapes","32":"product_cat-strawberry-flavor-disposable-vapes","33":"product_cat-vape","34":"product_cat-vape-shop-by-puffs","35":"product_cat-watermelon-flavor-disposable-vapes","37":"first","38":"outofstock","39":"shipping-taxable","40":"purchasable","41":"product-type-variable","42":"has-default-attributes"},"jetpack_sharing_enabled":true,"tiered_pricing_type":"fixed","tiered_pricing_fixed_rules":[],"tiered_pricing_product_settings":{"layout":"default","base_unit_name":{"singular":null,"plural":null},"default_variation":null},"tiered_pricing_minimum_quantity":null,"tiered_pricing_roles_data":[],"tiered_pricing_percentage_rules":[],"tiered_pricing_maximum_quantity":null,"tiered_pricing_quantity_step":null,"_links":{"self":[{"href":"https:\/\/vapexyz.com\/pl\/wp-json\/wp\/v2\/product\/27781","targetHints":{"allow":["GET"]}}],"collection":[{"href":"https:\/\/vapexyz.com\/pl\/wp-json\/wp\/v2\/product"}],"about":[{"href":"https:\/\/vapexyz.com\/pl\/wp-json\/wp\/v2\/types\/product"}],"replies":[{"embeddable":true,"href":"https:\/\/vapexyz.com\/pl\/wp-json\/wp\/v2\/comments?post=27781"}],"wp:featuredmedia":[{"embeddable":true,"href":"https:\/\/vapexyz.com\/pl\/wp-json\/wp\/v2\/media\/27792"}],"wp:attachment":[{"href":"https:\/\/vapexyz.com\/pl\/wp-json\/wp\/v2\/media?parent=27781"}],"wp:term":[{"taxonomy":"product_brand","embeddable":true,"href":"https:\/\/vapexyz.com\/pl\/wp-json\/wp\/v2\/product_brand?post=27781"},{"taxonomy":"product_cat","embeddable":true,"href":"https:\/\/vapexyz.com\/pl\/wp-json\/wp\/v2\/product_cat?post=27781"},{"taxonomy":"product_tag","embeddable":true,"href":"https:\/\/vapexyz.com\/pl\/wp-json\/wp\/v2\/product_tag?post=27781"}],"curies":[{"name":"wp","href":"https:\/\/api.w.org\/{rel}","templated":true}]}}