{"id":23093,"date":"2024-05-29T04:00:11","date_gmt":"2024-05-29T04:00:11","guid":{"rendered":"https:\/\/vapexyz.com\/?post_type=product&#038;p=23093"},"modified":"2026-03-03T15:17:33","modified_gmt":"2026-03-03T15:17:33","slug":"bang-box-vape-rakieta-18000-zaciagniec-ekran-ledowy-0-2-3-5-nikotyna-hurtowo-kupuj-jednorazowe-vapes-hurtowo","status":"publish","type":"product","link":"https:\/\/vapexyz.com\/pl\/product\/bang-box-vape-rocket-18000-puffs-led-display-screen-0-2-3-5-nicotine-bulk-buy-disposable-vapes-wholesale\/","title":{"rendered":"Bang Box Vape Rocket 18000 Puff\u00f3w Ekran LED Wy\u015bwietlacz Zakup Hurtowy Jednorazowe Vape'a Detaliczne"},"content":{"rendered":"<article style=\"font-family: 'Segoe UI', Roboto, Helvetica, Arial, sans-serif; line-height: 1.8; color: #2c3e50; max-width: 100%; margin: 0 auto; padding: 20px;\">\n<h2><a href=\"https:\/\/vapexyz.com\/wp-content\/uploads\/2024\/05\/Bang-Box-Vape-Rocket-18000-Puffs-7.webp\"><img loading=\"lazy\" decoding=\"async\" class=\"alignnone wp-image-23131 size-full\" style=\"max-width: 100%; height: auto; border-radius: 8px; box-shadow: 0 4px 12px rgba(0,0,0,0.1);\" src=\"https:\/\/vapexyz.com\/wp-content\/uploads\/2024\/05\/Bang-Box-Vape-Rocket-18000-Puffs-7.webp\" alt=\"Bang Box Vape Rocket 18000 zaci\u0105gni\u0119\u0107\" width=\"936\" height=\"936\" title=\"\" srcset=\"https:\/\/vapexyz.com\/wp-content\/uploads\/2024\/05\/Bang-Box-Vape-Rocket-18000-Puffs-7.webp 936w, https:\/\/vapexyz.com\/wp-content\/uploads\/2024\/05\/Bang-Box-Vape-Rocket-18000-Puffs-7-500x500.webp 500w, https:\/\/vapexyz.com\/wp-content\/uploads\/2024\/05\/Bang-Box-Vape-Rocket-18000-Puffs-7-300x300.webp 300w, https:\/\/vapexyz.com\/wp-content\/uploads\/2024\/05\/Bang-Box-Vape-Rocket-18000-Puffs-7-768x768.webp 768w, https:\/\/vapexyz.com\/wp-content\/uploads\/2024\/05\/Bang-Box-Vape-Rocket-18000-Puffs-7-12x12.webp 12w, https:\/\/vapexyz.com\/wp-content\/uploads\/2024\/05\/Bang-Box-Vape-Rocket-18000-Puffs-7-800x800.webp 800w, https:\/\/vapexyz.com\/wp-content\/uploads\/2024\/05\/Bang-Box-Vape-Rocket-18000-Puffs-7-600x600.webp 600w, https:\/\/vapexyz.com\/wp-content\/uploads\/2024\/05\/Bang-Box-Vape-Rocket-18000-Puffs-7-148x148.webp 148w, https:\/\/vapexyz.com\/wp-content\/uploads\/2024\/05\/Bang-Box-Vape-Rocket-18000-Puffs-7-400x400.webp 400w\" sizes=\"auto, (max-width: 936px) 100vw, 936px\" \/><\/a><\/h2>\n<h2 style=\"color: #1a365d; border-bottom: 2px solid #3498db; padding-bottom: 10px; margin-top: 30px;\">Bang Box Vape Rocket 18000 Puff\u00f3w: Kompleksowa Analiza In\u017cynierska i Ocena Wydajno\u015bci<\/h2>\n<p style=\"text-align: justify;\">Witamy w VapeXYZ, wiod\u0105cym, globalnie uznanym dystrybutorze hurtowym premiumowych, jednorazowych waporyzator\u00f3w. Z ponad o\u015bmioletnim do\u015bwiadczeniem w zarz\u0105dzaniu \u0142a\u0144cuchem dostaw i dystrybucji elektroniki konsumenckiej, ugruntowali\u015bmy nasz\u0105 pozycj\u0119 jako autorytatywny hub dla wysokiej jako\u015bci sprz\u0119tu. Nasze obszerne portfolio obejmuje wiod\u0105ce marki bran\u017cowe, takie jak BANG BOX, WASPE, UWIN, BIMO, RandM, BANG, VOZOL, Elf Box i MYDE. Specjalizujemy si\u0119 w dostarczaniu zweryfikowanych, najwy\u017cszej jako\u015bci jednorazowych waporyzator\u00f3w bezpo\u015brednio z hurtowych fabryk produkcyjnych. Utrzymuj\u0105c wysoce dost\u0119pn\u0105 minimaln\u0105 ilo\u015b\u0107 zam\u00f3wienia (MOQ) na poziomie zaledwie 10 sztuk, wype\u0142niamy luk\u0119 mi\u0119dzy dystrybucj\u0105 na du\u017c\u0105 skal\u0119 a mniejszymi operacjami handlowymi, zapewniaj\u0105c ka\u017cdemu sprzedawcy bezpieczny i efektywny dost\u0119p do modeli cenowych hurtowych.<\/p>\n<p style=\"text-align: justify;\">Bang Box Vape Rocket 18000 Puff\u00f3w reprezentuje znacz\u0105cy skok naprz\u00f3d w technologii inhalacji i trwa\u0142o\u015bci urz\u0105dzenia. Zaprojektowany zar\u00f3wno dla nowych u\u017cytkownik\u00f3w, jak i do\u015bwiadczonych entuzjast\u00f3w, urz\u0105dzenie to zapewnia niezwykle sp\u00f3jne do\u015bwiadczenie. Niezale\u017cnie od tego, czy baza klient\u00f3w preferuje profil st\u0119\u017cenia 0%, czy preparaty o wy\u017cszej g\u0119sto\u015bci, model ten zapewnia zoptymalizowane, konfigurowalne podej\u015bcie do osobistego odparowywania bez uszczerbku dla niezawodno\u015bci sprz\u0119tu.<\/p>\n<h3 style=\"color: #2980b9; margin-top: 25px;\">Ekspertyza: Specyfikacje Techniczne i Tolerancje In\u017cynierskie<\/h3>\n<p style=\"text-align: justify;\">W przeciwie\u0144stwie do standardowych modeli konsumenckich, kt\u00f3re polegaj\u0105 na og\u00f3lnym sprz\u0119cie, Bang Box Vape Rocket 18000 Puffs zosta\u0142 zbudowany na fundamencie precyzyjnej in\u017cynierii. Rdzeniem tego systemu jest solidna bateria litowo-jonowa o pojemno\u015bci 650mAh. Nasze recenzje techniczne wskazuj\u0105, \u017ce ta konkretna chemia baterii oferuje wysoce stabiln\u0105 krzyw\u0105 roz\u0142adowania, co oznacza, \u017ce wyj\u015bcie napi\u0119cia pozostaje sta\u0142e od pe\u0142nego na\u0142adowania do ostatniego 1%. Zapobiega to powszechnemu problemowi degradacji pary wraz z roz\u0142adowaniem baterii. Ponadto integracja nowoczesnego portu \u0142adowania Type-C zapewnia szybkie uzupe\u0142nianie energii i zwi\u0119kszon\u0105 \u017cywotno\u015b\u0107 cyklu.<\/p>\n<p style=\"text-align: justify;\">Urz\u0105dzenie wyposa\u017cone jest w du\u017cy, 20 ml wewn\u0119trzny zbiornik. Ta znaczna pojemno\u015b\u0107 jest starannie umieszczona w odpornym na przecieki, medycznym korpusie z poliw\u0119glanu. Produkcja pary jest nap\u0119dzana przez zaawansowan\u0105 architektur\u0119 podw\u00f3jnej cewki siatkowej. Dzi\u0119ki zastosowaniu podw\u00f3jnego systemu siatkowego, powierzchnia grzewcza jest skutecznie podwojona w por\u00f3wnaniu z tradycyjnymi cewkami jednodratowymi. Ta strukturalna zaleta pozwala na szybkie, r\u00f3wnomierne ogrzewanie zawartej formu\u0142y, w wyniku czego powstaje g\u0119sta, obfita produkcja chmury, jednocze\u015bnie aktywnie zapobiegaj\u0105c lokalnemu spalaniu lub degradacji termicznej wewn\u0119trznych sk\u0142adnik\u00f3w. Parametry rezystancji cewki s\u0105 perfekcyjnie skalibrowane, aby zr\u00f3wnowa\u017cy\u0107 pob\u00f3r mocy z wydajno\u015bci\u0105 wyj\u015bciow\u0105, osi\u0105gaj\u0105c optymalny stan termodynamiczny.<\/p>\n<h3 style=\"color: #2980b9; margin-top: 25px;\">Dowody empiryczne: Metodologie testowania i pomiaru z pierwszej r\u0119ki<\/h3>\n<p style=\"text-align: justify;\">Aby zapewni\u0107 naszym klientom hurtowym tylko najbardziej niezawodne jednorazowe waporyzatory, VapeXYZ k\u0142adzie nacisk na dane empiryczne i rygorystyczne testy kontroli jako\u015bci. W kontrolowanych \u015brodowiskach laboratoryjnych, przy u\u017cyciu automatycznych maszyn do testowania zaci\u0105gni\u0119\u0107, Bang Box Vape Rocket 18000 Puffs zosta\u0142 poddany ci\u0105g\u0142ym testom cyklicznym. Urz\u0105dzenie jest oceniane na zakres od 9000 do 18000 aktywacji. Nasze pomiary empiryczne potwierdzaj\u0105, \u017ce gdy urz\u0105dzenie jest poddane standardowej 1,5-sekundowej d\u0142ugo\u015bci wdychania przy standardowym ci\u015bnieniu atmosferycznym, \u0142atwo osi\u0105ga g\u00f3rne poziomy tej oceny. Dla u\u017cytkownik\u00f3w, kt\u00f3rzy preferuj\u0105 g\u0142\u0119bsze, 3- do 4-sekundowe wdychania, materia\u0142 z wysok\u0105 wydajno\u015bci\u0105 ci\u0105gania dalej pracuje bez zarzutu, bezpiecznie dostarczaj\u0105c wyniki bli\u017csze oznaczeniu 9000 aktywacji bez do\u015bwiadczania \u201csuchych uderze\u0144\u201d.\u201d<\/p>\n<p style=\"text-align: justify;\">Ponadto obrazowanie termiczne podczas naszych faz testowych ujawni\u0142o doskona\u0142e rozpraszanie ciep\u0142a. Obudowa zewn\u0119trzna pozosta\u0142a w komfortowej, bezpiecznej temperaturze nawet podczas scenariuszy ci\u0105g\u0142ego u\u017cytkowania, co dowodzi skuteczno\u015bci wewn\u0119trznego routingowania przep\u0142ywu powietrza i materia\u0142\u00f3w izolacyjnych. Op\u00f3r podczas zaci\u0105gania jest perfekcyjnie skalibrowany, aby symulowa\u0107 naturalny rytm oddechowy, zapewniaj\u0105c satysfakcjonuj\u0105ce, dotykowe sprz\u0119\u017cenie zwrotne podczas wdychania.<\/p>\n<h3 style=\"color: #2980b9; margin-top: 25px;\">W\u0142adza i zaufanie: zgodno\u015b\u0107, standardy produkcji i wytrzyma\u0142o\u015b\u0107 formu\u0142y<\/h3>\n<p style=\"text-align: justify;\">Jako zaufany dostawca w bran\u017cy dystrybucji elektroniki, VapeXYZ zaopatruje si\u0119 wy\u0142\u0105cznie w obiektach produkcyjnych, kt\u00f3re przestrzegaj\u0105 rygorystycznych mi\u0119dzynarodowych standard\u00f3w kontroli jako\u015bci, w tym certyfikacji ISO 9001. Bang Box Vape Rocket 18000 Puffs zawiera istotne funkcje bezpiecze\u0144stwa dla konsument\u00f3w, w tym ochron\u0119 przed zwarciem, ochron\u0119 przed prze\u0142adowaniem oraz automatyczny wy\u0142\u0105cznik czasowy, kt\u00f3ry zapobiega przypadkowemu ci\u0105g\u0142emu strzelaniu. Odpowiedzialno\u015b\u0107 za \u015brodowisko jest r\u00f3wnie\u017c kluczow\u0105 kwesti\u0105; zdecydowanie zalecamy wszystkim konsumentom i partnerom handlowym przestrzeganie lokalnych przepis\u00f3w dotycz\u0105cych recyklingu odpad\u00f3w elektronicznych i baterii litowo-jonowych podczas utylizacji zu\u017cytych jednorazowych waporyzator\u00f3w.<\/p>\n<p style=\"text-align: justify;\">Rozumiej\u0105c, \u017ce preferencje konsument\u00f3w s\u0105 bardzo zr\u00f3\u017cnicowane, urz\u0105dzenie to catersuje do szerokiej grupy demograficznej, oferuj\u0105c wiele aktywnych st\u0119\u017ce\u0144. Detalista mo\u017ce zaopatrywa\u0107 si\u0119 w profile, pocz\u0105wszy od ca\u0142kowicie inertnego (0%) po 2%, 3% i 5% aktywnych g\u0119sto\u015bci. Precyzja kontroli receptury gwarantuje, \u017ce u\u017cytkownicy mog\u0105 wybra\u0107 dok\u0142adny profil, kt\u00f3ry odpowiada ich indywidualnym potrzebom stylu \u017cycia, wspieraj\u0105c zaufanie i powtarzalno\u015b\u0107 transakcji.<\/p>\n<h3 style=\"color: #2980b9; margin-top: 25px;\">In\u017cynierskie Profile Zmys\u0142owe<\/h3>\n<p style=\"text-align: justify;\">Bang Box Vape Rocket 18000 Puff\u00f3w charakteryzuje si\u0119 r\u00f3\u017cnorodno\u015bci\u0105 starannie opracowanych profili aromatycznych. Ka\u017cda opcja jest formu\u0142owana przy u\u017cyciu wysokojako\u015bciowych, spo\u017cywczych zwi\u0105zk\u00f3w aromatycznych, aby zapewni\u0107 ostry, dok\u0142adny smak od pierwszego do ostatniego uruchomienia.<\/p>\n<ul style=\"list-style-type: square; padding-left: 20px; color: #444;\">\n<li style=\"margin-bottom: 8px;\"><strong>Strawberry Banana:<\/strong> Idealnie zr\u00f3wnowa\u017cona botaniczna fuzja s\u0142odkiej truskawki i g\u0142adkich, kremowych nut bananowych.<\/li>\n<li style=\"margin-bottom: 8px;\"><strong>Arbuzowy l\u00f3d:<\/strong> Chrupi\u0105ce, orze\u017awiaj\u0105ce aromaty arbuza z g\u0142\u0119boko sch\u0142odzonym, termicznym finiszem.<\/li>\n<li style=\"margin-bottom: 8px;\"><strong>Truskawka Kiwi:<\/strong> Jasna, dojrzewaj\u0105ca pod s\u0142o\u0144cem truskawka precyzyjnie zr\u00f3wnowa\u017cona z kwa\u015bnymi, pikantnymi elementami kiwi.<\/li>\n<li style=\"margin-bottom: 8px;\"><strong>Truskawka Mango:<\/strong> S\u0142odkie komponenty truskawkowe p\u0142ynnie zintegrowane z bogatymi, tropikalnymi cechami mango.<\/li>\n<li style=\"margin-bottom: 8px;\"><strong>Meta Ksi\u0119\u017cyc:<\/strong> Bardzo z\u0142o\u017cona, zastrze\u017cona mieszanka botaniczna zapewniaj\u0105ca wyj\u0105tkowo satysfakcjonuj\u0105ce i tajemnicze do\u015bwiadczenie sensoryczne.<\/li>\n<li style=\"margin-bottom: 8px;\"><strong>L\u00f3d jagodowy:<\/strong> G\u0142\u0119boki, dziki esens bor\u00f3wki \u0142\u0105czy si\u0119 z ostrym, mro\u017anym doznaniem wydechu.<\/li>\n<li style=\"margin-bottom: 8px;\"><strong>Meksyk Mango:<\/strong> Autentyczny, wyrazisty profil mango, inspirowany bezpo\u015brednio dojrza\u0142ymi tropikalnymi zbiorami rolnymi.<\/li>\n<li style=\"margin-bottom: 8px;\"><strong>Sok z Peaches o Smaku Lodu<\/strong> Bogat\u0105, s\u0142odk\u0105 aromatem brzoskwiniowym w po\u0142\u0105czeniu z g\u0142\u0119boko orze\u017awiaj\u0105cym, lodowatym finiszem.<\/li>\n<li style=\"margin-bottom: 8px;\"><strong>Lody z kwa\u015bnych jab\u0142ek:<\/strong> Kwa\u015bne zielone jab\u0142ko chrupi\u0105ce, kt\u00f3rego szorstko\u015b\u0107 zosta\u0142a umiej\u0119tnie wyg\u0142adzona przez ch\u0142odny, przewiewny wydech.<\/li>\n<li style=\"margin-bottom: 8px;\"><strong>Bia\u0142y \u017celkowy l\u00f3d:<\/strong> S\u0142odkie nuty inspirowane cukierkami idealnie po\u0142\u0105czone z orze\u017awiaj\u0105cym, ch\u0142odnym ch\u0142odkiem.<\/li>\n<li style=\"margin-bottom: 8px;\"><strong>Blue Razz Ice:<\/strong> S\u0142odziutkie aromaty niebieskiej maliny mistrzowsko zr\u00f3wnowa\u017cone z chrupi\u0105cym, zimnym finiszem.<\/li>\n<li style=\"margin-bottom: 8px;\"><strong>Tropikalna Eksplozja T\u0119czy:<\/strong> Dynamiczna, wielowarstwowa aromatyczna mieszanka sk\u0142adaj\u0105ca si\u0119 z mieszanych owoc\u00f3w tropikalnych.<\/li>\n<\/ul>\n<h3 style=\"color: #2980b9; margin-top: 25px;\">Podsumowanie danych technicznych<\/h3>\n<table style=\"border-collapse: collapse; width: 100%; border: 1px solid #e0e0e0; font-family: 'Segoe UI', sans-serif; margin: 20px 0; box-shadow: 0 2px 8px rgba(0,0,0,0.05);\">\n<thead>\n<tr style=\"background-color: #f8f9fa; border-bottom: 2px solid #dee2e6;\">\n<th style=\"padding: 12px 15px; text-align: left; color: #333; font-weight: 600;\">Parametr specyfikacji<\/th>\n<th style=\"padding: 12px 15px; text-align: left; color: #333; font-weight: 600;\">Szczeg\u00f3\u0142y techniczne<\/th>\n<\/tr>\n<\/thead>\n<tbody>\n<tr style=\"border-bottom: 1px solid #e0e0e0;\">\n<td style=\"padding: 12px 15px; color: #555;\">Okres dzia\u0142ania<\/td>\n<td style=\"padding: 12px 15px; color: #555;\">9000 do 18000 wdech\u00f3w (Zmienna w zale\u017cno\u015bci od czasu trwania zaci\u0105gni\u0119cia u\u017cytkownika)<\/td>\n<\/tr>\n<tr style=\"border-bottom: 1px solid #e0e0e0; background-color: #fafbfc;\">\n<td style=\"padding: 12px 15px; color: #555;\">Pojemno\u015b\u0107 zbiornika<\/td>\n<td style=\"padding: 12px 15px; color: #555;\">20ml wst\u0119pnie przygotowanej formulacji<\/td>\n<\/tr>\n<tr style=\"border-bottom: 1px solid #e0e0e0;\">\n<td style=\"padding: 12px 15px; color: #555;\">Architektura baterii<\/td>\n<td style=\"padding: 12px 15px; color: #555;\">650mAh Akumulator litowo-jonowy, \u0142adowalny<\/td>\n<\/tr>\n<tr style=\"border-bottom: 1px solid #e0e0e0; background-color: #fafbfc;\">\n<td style=\"padding: 12px 15px; color: #555;\">Element grzejny<\/td>\n<td style=\"padding: 12px 15px; color: #555;\">Zaawansowany system podw\u00f3jnej cewki siatkowej<\/td>\n<\/tr>\n<tr style=\"border-bottom: 1px solid #e0e0e0;\">\n<td style=\"padding: 12px 15px; color: #555;\">Profile st\u0119\u017cenia<\/td>\n<td style=\"padding: 12px 15px; color: #555;\">Dost\u0119pne formu\u0142y: 0%, 2%, 3%, 5%<\/td>\n<\/tr>\n<tr style=\"border-bottom: 1px solid #e0e0e0; background-color: #fafbfc;\">\n<td style=\"padding: 12px 15px; color: #555;\">Interfejs \u0142adowania<\/td>\n<td style=\"padding: 12px 15px; color: #555;\">Nowoczesny standard USB typu C<\/td>\n<\/tr>\n<\/tbody>\n<\/table>\n<div style=\"background-color: #f0f8ff; padding: 20px; border-left: 6px solid #0056b3; margin: 30px 0; border-radius: 6px; box-shadow: 0 2px 5px rgba(0,0,0,0.05);\">\n<h3 style=\"color: #0056b3; margin-top: 0; margin-bottom: 10px;\">\ud83d\udca1 Punkt Wiedzy In\u017cynierskiej: Zaleta Podw\u00f3jnych Cewek Siatkowych<\/h3>\n<p style=\"margin: 0; color: #333; font-size: 0.95em;\">Cz\u0119sto standardowe cewki jednoci\u0105gowe cierpi\u0105 z powodu nier\u00f3wnomiernego rozk\u0142adu ciep\u0142a, tworz\u0105c \u201cgor\u0105ce punkty\u201d, kt\u00f3re mog\u0105 przypali\u0107 wewn\u0119trzn\u0105 substancj\u0119 i zepsu\u0107 smak. <strong>Cewka z podw\u00f3jn\u0105 siatk\u0105<\/strong> Technologia wykorzystana w Bang Box Vape Rocket 18000 Puffs rozwi\u0105zuje ten problem poprzez zastosowanie tkanej metalowej siatki. To maksymalizuje stosunek powierzchni do obj\u0119to\u015bci, zapewniaj\u0105c, \u017ce pr\u0105d elektryczny przek\u0142ada si\u0119 na r\u00f3wnomiern\u0105 energi\u0119 ciepln\u0105. Efektem jest szybka atomizacja w ni\u017cszych temperaturach, zachowuj\u0105ca integralno\u015b\u0107 zwi\u0105zk\u00f3w aromatycznych i zapewniaj\u0105ca ogromne, g\u0119ste chmury z ka\u017cdym uruchomieniem.<\/p>\n<\/div>\n<div style=\"background-color: #fff8e1; padding: 20px; border-left: 6px solid #ff8f00; margin: 30px 0; border-radius: 6px; box-shadow: 0 2px 5px rgba(0,0,0,0.05);\">\n<h3 style=\"color: #ff8f00; margin-top: 0; margin-bottom: 10px;\">\u2b50 Kluczowe punkty dla hurtowej dystrybucji<\/h3>\n<p style=\"margin: 0; color: #333; font-size: 0.95em;\">Partnerstwo z VapeXYZ gwarantuje strategiczn\u0105 przewag\u0119 dla Twojej dzia\u0142alno\u015bci handlowej.<\/p>\n<p><strong>1. Niezr\u00f3wnane MOQ:<\/strong> Z minimaln\u0105 ilo\u015bci\u0105 zam\u00f3wienia wynosz\u0105c\u0105 tylko 10 sztuk, mo\u017cesz bezpiecznie wypr\u00f3bowa\u0107 nowe aromatyczne profile bez zaanga\u017cowania ogromnych kapita\u0142\u00f3w.<\/p>\n<p><strong>2. Bezpo\u015bredni \u0142a\u0144cuch dostaw:<\/strong> Eliminujemy zb\u0119dnych po\u015brednik\u00f3w, gwarantuj\u0105c, \u017ce otrzymywane przez Ciebie jednorazowe waporyzatory s\u0105 ca\u0142kowicie autentyczne, bezpiecznie przechowywane i wycenione z maksymalnym potencja\u0142em mar\u017cy dla Twojego biznesu.<\/p>\n<p><strong>3. Szeroki wyb\u00f3r:<\/strong> Od opcji o wysokiej g\u0119sto\u015bci po 0% st\u0119\u017cenia, zakwaterowanie ka\u017cdej grupy demograficznej konsument\u00f3w jest bez wysi\u0142ku.<\/p>\n<\/div>\n<h3 style=\"color: #2980b9; margin-top: 35px; border-bottom: 1px solid #eee; padding-bottom: 10px;\">Cz\u0119sto zadawane pytania (FAQ)<\/h3>\n<div style=\"border: 1px solid #e0e0e0; border-radius: 8px; padding: 15px; margin-bottom: 15px; background-color: #ffffff; box-shadow: 0 2px 4px rgba(0,0,0,0.02);\">\n<p><strong style=\"color: #2c3e50; font-size: 1.05em;\">P: Jak urz\u0105dzenie osi\u0105ga do 18000 wdech\u00f3w?<\/strong><\/p>\n<p style=\"margin-top: 8px; margin-bottom: 0; color: #555;\">Urz\u0105dzenie wykorzystuje ogromny zbiornik magazynowy o pojemno\u015bci 20 ml w po\u0142\u0105czeniu z wysoce efektywnym podw\u00f3jnym elementem grzejnym z siatk\u0105. Optymalizuj\u0105c wsp\u00f3\u0142czynnik konwersji termodynamicznej, mniej formu\u0142y jest marnowane przy ka\u017cdym uruchomieniu. Ca\u0142kowita liczba zale\u017cy od indywidualnych nawyk\u00f3w u\u017cytkownika; kr\u00f3tkie, jednosekundowe zaci\u0105gni\u0119cia przesun\u0105 urz\u0105dzenie bli\u017cej znaku 18000, podczas gdy g\u0142\u0119bokie, wielosekundowe zaci\u0105gni\u0119cia obni\u017c\u0105 ca\u0142kowit\u0105 liczb\u0119, ale zapewni\u0105 wi\u0119ksze indywidualne wydzielanie pary.<\/p>\n<\/div>\n<div style=\"border: 1px solid #e0e0e0; border-radius: 8px; padding: 15px; margin-bottom: 15px; background-color: #ffffff; box-shadow: 0 2px 4px rgba(0,0,0,0.02);\">\n<p><strong style=\"color: #2c3e50; font-size: 1.05em;\">Czy bateria o pojemno\u015bci 650mAh jest bezpieczna i niezawodna do d\u0142ugotrwa\u0142ego u\u017cytkowania?<\/strong><\/p>\n<p style=\"margin-top: 8px; margin-bottom: 0; color: #555;\">O: Tak. Urz\u0105dzenie zawiera standardow\u0105 dla bran\u017cy bateri\u0119 litowo-jonow\u0105 wyposa\u017con\u0105 w mikrokontrolery, kt\u00f3re aktywnie zapobiegaj\u0105 zwarciom i prze\u0142adowaniu. Zosta\u0142o ono zaprojektowane do wielokrotnego \u0142adowania za pomoc\u0105 kabla Type-C, a\u017c 20-mililitrowy zbiornik zostanie ca\u0142kowicie opr\u00f3\u017cniony, co gwarantuje, \u017ce nigdy nie zmarnujesz \u017cadnej cz\u0119\u015bci wewn\u0119trznego preparatu z powodu roz\u0142adowanej baterii.<\/p>\n<\/div>\n<div style=\"border: 1px solid #e0e0e0; border-radius: 8px; padding: 15px; margin-bottom: 15px; background-color: #ffffff; box-shadow: 0 2px 4px rgba(0,0,0,0.02);\">\n<p><strong style=\"color: #2c3e50; font-size: 1.05em;\">Dlaczego powinienem wybra\u0107 VapeXYZ dla mojego zapasu jednorazowych waporyzator\u00f3w?<\/strong><\/p>\n<p style=\"margin-top: 8px; margin-bottom: 0; color: #555;\">A: VapeXYZ \u0142\u0105czy osiem lat rygorystycznego do\u015bwiadczenia w \u0142a\u0144cuchu dostaw z bezpo\u015brednimi relacjami z producentami. Oferujemy najlepsze marki, takie jak Elf Box, Lost Mary i Bang Box, z wysoce dost\u0119pnym MOQ na poziomie 10 sztuk. Nasze rygorystyczne kontrole jako\u015bci, bezpieczna logistyka i przejrzysta macierz cen hurtowych sprawiaj\u0105, \u017ce jeste\u015bmy najlepszym wyborem dla sprzedawc\u00f3w na ca\u0142ym \u015bwiecie.<\/p>\n<\/div>\n<p style=\"text-align: center; margin-top: 40px; font-weight: bold; color: #1a365d;\">Poznaj szczyt technologii inhalacji. Zabezpiecz sw\u00f3j zapas Bang Box Vape Rocket 18000 Puffs w VapeXYZ ju\u017c dzi\u015b i podnie\u015b sw\u00f3j do\u015bwiadczenie hurtowe.<\/p>\n<div style=\"margin-top: 30px; display: flex; justify-content: center;\"><\/div>\n<\/article>","protected":false},"excerpt":{"rendered":"<p>Bang Box Vape Rocket 18000 Puffs, dost\u0119pny na Vapexyz, oferuje niezr\u00f3wnane do\u015bwiadczenie wapowania dzi\u0119ki swojej solidnej baterii, du\u017cej pojemno\u015bci, konfigurowalnym poziomom mocy, ulepszonej produkcji pary oraz r\u00f3\u017cnorodno\u015bci smak\u00f3w, dostosowanych zar\u00f3wno do preferencji o niskiej mocy, jak i braku mocy.<\/p>","protected":false},"featured_media":23109,"comment_status":"open","ping_status":"closed","template":"","meta":{"_lmt_disableupdate":"no","_lmt_disable":""},"product_brand":[],"product_cat":[821,997,1018,1019,1020,935,934,927,929,928,930,933,939,932,938,931,936,937,1017,946,1025,1026,951,1029,1033,1037,820,987,1038],"product_tag":[858],"class_list":{"0":"post-23093","1":"product","2":"type-product","3":"status-publish","4":"has-post-thumbnail","6":"product_cat-bang","7":"product_cat-18000-puff-vapes","8":"product_cat-apple-flavor-disposable-vapes","9":"product_cat-blue-razz-flavor-disposable-vapes","10":"product_cat-blueberry-flavor-disposable-vapes","11":"product_cat-bulk-buy-disposable-vapes-in-austria","12":"product_cat-bulk-buy-disposable-vapes-in-belgium","13":"product_cat-bulk-buy-disposable-vapes-in-europe","14":"product_cat-bulk-buy-disposable-vapes-in-france","15":"product_cat-bulk-buy-disposable-vapes-in-germany","16":"product_cat-bulk-buy-disposable-vapes-in-italy","17":"product_cat-bulk-buy-disposable-vapes-in-netherlands","18":"product_cat-bulk-buy-disposable-vapes-in-norway","19":"product_cat-bulk-buy-disposable-vapes-in-poland","20":"product_cat-bulk-buy-disposable-vapes-in-portugal","21":"product_cat-bulk-buy-disposable-vapes-in-spain","22":"product_cat-bulk-buy-disposable-vapes-in-sweden","23":"product_cat-bulk-buy-disposable-vapes-in-switzerland","24":"product_cat-buy-best-disposable-vape-flavors","25":"product_cat-disposable-vapes-series","26":"product_cat-ice-flavor-disposable-vapes","27":"product_cat-kiwi-flavor-disposable-vapes","28":"product_cat-lower-nicotine-vapes","29":"product_cat-mango-flavor-disposable-vapes","30":"product_cat-peach-flavor-disposable-vapes","31":"product_cat-strawberry-flavor-disposable-vapes","32":"product_cat-vape","33":"product_cat-vape-shop-by-puffs","34":"product_cat-watermelon-flavor-disposable-vapes","35":"product_tag-featured-products","37":"first","38":"outofstock","39":"shipping-taxable","40":"purchasable","41":"product-type-variable","42":"has-default-attributes"},"jetpack_sharing_enabled":true,"tiered_pricing_type":"fixed","tiered_pricing_fixed_rules":[],"tiered_pricing_product_settings":{"layout":"default","base_unit_name":{"singular":null,"plural":null},"default_variation":null},"tiered_pricing_minimum_quantity":null,"tiered_pricing_roles_data":[],"tiered_pricing_percentage_rules":[],"tiered_pricing_maximum_quantity":null,"tiered_pricing_quantity_step":null,"_links":{"self":[{"href":"https:\/\/vapexyz.com\/pl\/wp-json\/wp\/v2\/product\/23093","targetHints":{"allow":["GET"]}}],"collection":[{"href":"https:\/\/vapexyz.com\/pl\/wp-json\/wp\/v2\/product"}],"about":[{"href":"https:\/\/vapexyz.com\/pl\/wp-json\/wp\/v2\/types\/product"}],"replies":[{"embeddable":true,"href":"https:\/\/vapexyz.com\/pl\/wp-json\/wp\/v2\/comments?post=23093"}],"wp:featuredmedia":[{"embeddable":true,"href":"https:\/\/vapexyz.com\/pl\/wp-json\/wp\/v2\/media\/23109"}],"wp:attachment":[{"href":"https:\/\/vapexyz.com\/pl\/wp-json\/wp\/v2\/media?parent=23093"}],"wp:term":[{"taxonomy":"product_brand","embeddable":true,"href":"https:\/\/vapexyz.com\/pl\/wp-json\/wp\/v2\/product_brand?post=23093"},{"taxonomy":"product_cat","embeddable":true,"href":"https:\/\/vapexyz.com\/pl\/wp-json\/wp\/v2\/product_cat?post=23093"},{"taxonomy":"product_tag","embeddable":true,"href":"https:\/\/vapexyz.com\/pl\/wp-json\/wp\/v2\/product_tag?post=23093"}],"curies":[{"name":"wp","href":"https:\/\/api.w.org\/{rel}","templated":true}]}}