{"id":22878,"date":"2024-05-28T09:04:33","date_gmt":"2024-05-28T09:04:33","guid":{"rendered":"https:\/\/vapexyz.com\/?post_type=product&#038;p=22878"},"modified":"2026-02-28T16:26:36","modified_gmt":"2026-02-28T16:26:36","slug":"bang-vape-20000-zaciagniec-0-2-3-5-nikotynowy-wyswietlacz-led-akumulator-luzem-kup-jednorazowy-vape-hurtowo","status":"publish","type":"product","link":"https:\/\/vapexyz.com\/pl\/product\/bang-vape-20000-puffs-0-2-3-5-nicotine-led-display-rechargeable-bulk-buy-disposable-vape-wholesale\/","title":{"rendered":"BANG Vape 20000 Puff\u00f3w Podw\u00f3jna Siatka Wy\u015bwietlacz LED Mo\u017cliwo\u015b\u0107 ponownego \u0142adowania Zakup luzem Jednorazowa E-papieros Hurtownia"},"content":{"rendered":"<article>\n<h2>Analiza hurtowa premium: BANG Vape 20000 Puffs In\u017cynieria i wydajno\u015b\u0107<\/h2>\n<p>Wraz z ewolucj\u0105 krajobrazu wysokowydajnych jednorazowych waporyzator\u00f3w, BANG Vape 20000 Puffs pojawia si\u0119 jako punkt odniesienia dla wytrzyma\u0142o\u015bci i integracji technicznej. Dystrybuowany przez VapeXYZ, lidera z ponad o\u015bmioletnim do\u015bwiadczeniem w globalnej hurtowni, to urz\u0105dzenie zosta\u0142o zaprojektowane, aby wype\u0142ni\u0107 luk\u0119 mi\u0119dzy przeno\u015bn\u0105 wygod\u0105 a solidn\u0105 wydajno\u015bci\u0105, zwykle zarezerwowan\u0105 dla sta\u0142ego sprz\u0119tu.<\/p>\n<p>W bran\u017cy, gdzie niezawodno\u015b\u0107 jest najwa\u017cniejsza zar\u00f3wno dla du\u017cych nabywc\u00f3w, jak i u\u017cytkownik\u00f3w ko\u0144cowych, seria BANG 20000 wykorzystuje system dostarczania pod ci\u015bnieniem, zaprojektowany tak, aby utrzyma\u0107 sp\u00f3jno\u015b\u0107 od pierwszego pobrania do 20 000. To techniczne nurkowanie bada architektur\u0119 mechaniczn\u0105, zastrze\u017cone elementy grzewcze i standardy zgodno\u015bci, kt\u00f3re czyni\u0105 to urz\u0105dzenie podstawowym wyborem dla profesjonalnych dystrybutor\u00f3w.<\/p>\n<div style=\"background-color: #f9f9f9; padding: 20px; border-left: 5px solid #2c3e50; margin: 20px 0;\">\n<h3>Podstawowe Specyfikacje Techniczne<\/h3>\n<table style=\"width: 100%; border-collapse: collapse; background: white; font-family: sans-serif;\">\n<thead>\n<tr style=\"background-color: #2c3e50; color: white;\">\n<th style=\"padding: 12px; border: 1px solid #ddd; text-align: left;\">Cz\u0119\u015b\u0107<\/th>\n<th style=\"padding: 12px; border: 1px solid #ddd; text-align: left;\">Szczeg\u00f3\u0142y techniczne<\/th>\n<\/tr>\n<\/thead>\n<tbody>\n<tr>\n<td style=\"padding: 10px; border: 1px solid #ddd; font-weight: bold;\">Pojemno\u015b\u0107 dmuchawy<\/td>\n<td style=\"padding: 10px; border: 1px solid #ddd;\">20 000 ocenionych cykli rysowania ( potwierdzonych w laboratorium )<\/td>\n<\/tr>\n<tr>\n<td style=\"padding: 10px; border: 1px solid #ddd; font-weight: bold;\">Element grzejny<\/td>\n<td style=\"padding: 10px; border: 1px solid #ddd;\">0,8\u03a9 Precyzyjna Cewka Siatkowa (Logika Anty-Suchych Trafie\u0144)<\/td>\n<\/tr>\n<tr>\n<td style=\"padding: 10px; border: 1px solid #ddd; font-weight: bold;\">Obj\u0119to\u015b\u0107 zbiornika<\/td>\n<td style=\"padding: 10px; border: 1px solid #ddd;\">25ml Zintegrowany Zbiornik (Wodoszczelne Uszczelnienie)<\/td>\n<\/tr>\n<tr>\n<td style=\"padding: 10px; border: 1px solid #ddd; font-weight: bold;\">Jednostka mocy<\/td>\n<td style=\"padding: 10px; border: 1px solid #ddd;\">Rdze\u0144 litowo-jonowy 650mAh (szybkie \u0142adowanie Type-C)<\/td>\n<\/tr>\n<tr>\n<td style=\"padding: 10px; border: 1px solid #ddd; font-weight: bold;\">Interfejs<\/td>\n<td style=\"padding: 10px; border: 1px solid #ddd;\">Monitorowanie LED w czasie rzeczywistym (pozosta\u0142a obj\u0119to\u015b\u0107 i zasilanie)<\/td>\n<\/tr>\n<\/tbody>\n<\/table>\n<\/div>\n<h2>Wydajno\u015b\u0107 empiryczna: bezpo\u015brednie testowanie i walidacja<\/h2>\n<p>Aby zapewni\u0107, \u017ce BANG Vape 20000 Puffs spe\u0142nia rygorystyczne wymagania rynku mi\u0119dzynarodowego, testy wydajno\u015bci skupiaj\u0105 si\u0119 na trzech kluczowych wska\u017anikach: stabilno\u015bci termicznej, odporno\u015bci na zaci\u0105ganie oraz wydajno\u015bci cyklu baterii.<\/p>\n<h3>1. Sp\u00f3jno\u015b\u0107 termiczna i integralno\u015b\u0107 siatki cewki<\/h3>\n<p>Cewka siatkowa o rezystancji 0,8 oma nie jest zwyk\u0142ym drutem grzejnym; jest to mikroperforowana powierzchnia zaprojektowana do r\u00f3wnomiernego rozk\u0142adu ciep\u0142a. Podczas kontrolowanych test\u00f3w urz\u0105dzenie utrzymywa\u0142o stabilny zakres temperatur, zapobiegaj\u0105c degradacji wewn\u0119trznej zawarto\u015bci cz\u0119sto zwi\u0105zanej z tradycyjnymi cewkami z drutu okr\u0105g\u0142ego. Ta jednolito\u015b\u0107 zapewnia, \u017ce profil aromatyczny pozostaje \u015bwie\u017cy i wolny od \u201cspalonych\u201d nut, nawet gdy wewn\u0119trzna obj\u0119to\u015b\u0107 si\u0119 zmniejsza.<\/p>\n<h3>2. Inteligentne Systemy Monitorowania<\/h3>\n<p>W przeciwie\u0144stwie do tradycyjnych jednorazowych waporyzator\u00f3w, kt\u00f3re opieraj\u0105 si\u0119 na domys\u0142ach, BANG 20000 wyposa\u017cony jest w wbudowan\u0105 tablic\u0119 czujnik\u00f3w. Nasze badania empiryczne pokazuj\u0105, \u017ce wy\u015bwietlacz LED dok\u0142adnie odzwierciedla tempo zu\u017cycia w granicach 5% marginesu b\u0142\u0119du. Ta przejrzysto\u015b\u0107 zapewnia u\u017cytkownikom pewno\u015b\u0107, \u017ce nie zostan\u0105 zaskoczeni wyczerpan\u0105 bateri\u0105 lub pustym zbiornikiem bez ostrze\u017cenia.<\/p>\n<div style=\"background-color: #e8f4f8; padding: 20px; border-radius: 8px; margin: 20px 0;\">\n<h3 style=\"color: #2980b9;\">Kluczowe wska\u017aniki efektywno\u015bci<\/h3>\n<ul style=\"list-style-type: square; line-height: 1.8;\">\n<li>Szybka aktywacja: Wysoce czu\u0142y czujnik aktywacji powietrznej redukuje czas rozruchu do milisekund.<\/li>\n<li>Ergonomiczna obudowa: Zaprojektowana dla stabilno\u015bci chwytu, wykorzystuj\u0105ca odporne na ciep\u0142o, odpowiednie do kontaktu z \u017cywno\u015bci\u0105 materia\u0142y PCTG.<\/li>\n<li>Przepustowo\u015b\u0107 zr\u00f3wnowa\u017cona: Port \u0142adowania Type-C obs\u0142uguje wej\u015bcia 5V\/1A, zapewniaj\u0105c, \u017ce bateria o pojemno\u015bci 650mAh osi\u0105ga pe\u0142n\u0105 pojemno\u015b\u0107 w mniej ni\u017c 45 minut.<\/li>\n<\/ul>\n<\/div>\n<h2><a href=\"https:\/\/vapexyz.com\/wp-content\/uploads\/2024\/05\/Bang_20000_puffs-18.webp\"><img loading=\"lazy\" decoding=\"async\" class=\"alignnone wp-image-22896 size-full\" src=\"https:\/\/vapexyz.com\/wp-content\/uploads\/2024\/05\/Bang_20000_puffs-18.webp\" alt=\"Bang Vape 20000 zaci\u0105gni\u0119\u0107\" width=\"1000\" height=\"1000\" title=\"\" srcset=\"https:\/\/vapexyz.com\/wp-content\/uploads\/2024\/05\/Bang_20000_puffs-18.webp 1000w, https:\/\/vapexyz.com\/wp-content\/uploads\/2024\/05\/Bang_20000_puffs-18-500x500.webp 500w, https:\/\/vapexyz.com\/wp-content\/uploads\/2024\/05\/Bang_20000_puffs-18-300x300.webp 300w, https:\/\/vapexyz.com\/wp-content\/uploads\/2024\/05\/Bang_20000_puffs-18-768x768.webp 768w, https:\/\/vapexyz.com\/wp-content\/uploads\/2024\/05\/Bang_20000_puffs-18-12x12.webp 12w, https:\/\/vapexyz.com\/wp-content\/uploads\/2024\/05\/Bang_20000_puffs-18-800x800.webp 800w, https:\/\/vapexyz.com\/wp-content\/uploads\/2024\/05\/Bang_20000_puffs-18-600x600.webp 600w, https:\/\/vapexyz.com\/wp-content\/uploads\/2024\/05\/Bang_20000_puffs-18-148x148.webp 148w, https:\/\/vapexyz.com\/wp-content\/uploads\/2024\/05\/Bang_20000_puffs-18-400x400.webp 400w\" sizes=\"auto, (max-width: 1000px) 100vw, 1000px\" \/><\/a><\/h2>\n<h2>Organ zajmuj\u0105cy si\u0119 bran\u017c\u0105: Dlaczego zaopatrywa\u0107 si\u0119 w VapeXYZ?<\/h2>\n<p>W\u0142adza w bran\u017cy jednorazowych waporyzator\u00f3w jest budowana przez lata integralno\u015bci \u0142a\u0144cucha dostaw i partnerstw marki. Jako czo\u0142owy hurtownik, VapeXYZ utrzymuje bezpo\u015brednie kontakty z fabrykami produkuj\u0105cymi \u201cBANG\u201d. Dzi\u0119ki temu ka\u017cdy egzemplarz jest oryginalnym produktem fabrycznym, kt\u00f3remu towarzyszy niezb\u0119dne \u015bledzenie partii i certyfikaty zapewnienia jako\u015bci.<\/p>\n<p>Nasza rola wykracza poza zwyk\u0142\u0105 sprzeda\u017c detaliczn\u0105. Dzia\u0142amy jako pomost regulacyjny dla naszych klient\u00f3w, zapewniaj\u0105c, \u017ce produkty takie jak BANG 20000 spe\u0142niaj\u0105 mi\u0119dzynarodowe normy bezpiecze\u0144stwa transportu (UN38.3 dla baterii litowych) oraz wytyczne dotycz\u0105ce bezpiecze\u0144stwa materia\u0142\u00f3w. Utrzymuj\u0105c niski minimalny nak\u0142ad zam\u00f3wienia (MOQ) na poziomie zaledwie 10 sztuk, umo\u017cliwiamy ma\u0142ym przedsi\u0119biorstwom rozw\u00f3j, jednocze\u015bnie zapewniaj\u0105c infrastruktur\u0119 dla ogromnych zam\u00f3wie\u0144 hurtowych.<\/p>\n<h3>R\u00f3\u017cnorodno\u015b\u0107 i personalizacja<\/h3>\n<p>Istotnym czynnikiem dominacji rynkowej jest zdolno\u015b\u0107 do zaspokojenia r\u00f3\u017cnorodnych preferencji u\u017cytkownik\u00f3w. BANG 20000 jest dost\u0119pny w r\u00f3\u017cnych mocach (0% do 5%), aby dostosowa\u0107 si\u0119 do r\u00f3\u017cnych przepis\u00f3w regionalnych i osobistych wymaga\u0144. Wyb\u00f3r profili aromatycznych jest starannie dobrany, aby odzwierciedla\u0107 globalne trendy:<\/p>\n<p style=\"background: #f1f1f1; padding: 15px; border-radius: 5px; font-style: italic;\">1. Mi\u0119ta | 2. Truskawka-Lychee | 3. Truskawka-Kiwi | 4. Truskawka-Mango | 5. Malina-Arbuz | 6. Bor\u00f3wka-L\u00f3d | 7. Bor\u00f3wka-Malina | 8. Bor\u00f3wka-Arbuz | 9. Podw\u00f3jne Jab\u0142ko<\/p>\n<h2>Zaufanie i zgodno\u015b\u0107 z przepisami regulacyjnymi<\/h2>\n<p>Na rynku cz\u0119sto zniekszta\u0142canym przez dezinformacj\u0119, VapeXYZ stawia na przejrzysto\u015b\u0107. BANG 20000 Puffs jest produkowany w obiektach spe\u0142niaj\u0105cych standardy ISO. Zajmujemy si\u0119 kwestiami \u015brodowiskowymi poprzez zach\u0119canie do odpowiedzialnego usuwania jednorazowych waporyzator\u00f3w zasilanych litowo i dostarczanie danych technicznych dotycz\u0105cych potencja\u0142u biodegradacji wewn\u0119trznych komponent\u00f3w.<\/p>\n<p>Nasza sie\u0107 logistyczna jest zoptymalizowana pod k\u0105tem niezawodno\u015bci. Rozumiemy, \u017ce partnerzy hurtowi wymagaj\u0105 przewidywalnych termin\u00f3w i nienaruszonego stanu zapas\u00f3w. Ka\u017cda wysy\u0142ka przechodzi dodatkow\u0105 inspekcj\u0119 w naszym centrum przed wys\u0142aniem, minimalizuj\u0105c wska\u017anik wadliwo\u015bci do poziomu znacznie poni\u017cej \u015bredniej bran\u017cowej wynosz\u0105cej 11%.<\/p>\n<div style=\"background-color: #fff4e5; padding: 20px; border: 1px solid #e67e22; border-radius: 8px; margin: 20px 0;\">\n<h3 style=\"color: #d35400;\">FAQ dla ekspert\u00f3w dla partner\u00f3w hurtowych<\/h3>\n<p>P: Jak siatka z cewk\u0105 poprawia trwa\u0142o\u015b\u0107 urz\u0105dze\u0144 z 20 000 zaci\u0105gni\u0119ciami?<\/p>\n<p>A: Tradycyjne cewki skupiaj\u0105 ciep\u0142o w ma\u0142ym obszarze, co prowadzi do zm\u0119czenia materia\u0142u. Cewka siatkowa w BANG 20000 rozprowadza obci\u0105\u017cenie elektryczne po szerszej powierzchni, zachowuj\u0105c integralno\u015b\u0107 elementu grzejnego przez ca\u0142y okres u\u017cytkowania zbiornika o pojemno\u015bci 25 ml.<\/p>\n<p>Czy bateria jest bezpieczna do d\u0142ugoterminowego przechowywania?<\/p>\n<p>A: Tak, rdzenie o pojemno\u015bci 650mAh s\u0105 testowane pod k\u0105tem stabilno\u015bci okresu przechowywania, co gwarantuje, \u017ce zachowuj\u0105 swoj\u0105 pojemno\u015b\u0107 \u0142adunku do 12 miesi\u0119cy, gdy s\u0105 przechowywane w ch\u0142odnym, suchym \u015brodowisku.<\/p>\n<p>Co sprawia, \u017ce VapeXYZ jest preferowanym \u017ar\u00f3d\u0142em hurtowym?<\/p>\n<p>O: Poza konkurencyjnymi cenami oferujemy ponad 8 lat do\u015bwiadczenia w bran\u017cy, bezpo\u015bredne zaopatrzenie z fabryki oraz usprawniony proces logistyczny, kt\u00f3ry zajmuje si\u0119 dokumentacj\u0105 celn\u0105 i zgodno\u015bci\u0105 przepis\u00f3w za Ciebie.<\/p>\n<\/div>\n<h2>Wniosek: Przysz\u0142o\u015b\u0107 wysokowydajnego wapowania<\/h2>\n<p>BANG Vape 20000 Puffs stanowi znacz\u0105cy krok naprz\u00f3d w dziedzinie wydajno\u015bci jednorazowych waporyzator\u00f3w. \u0141\u0105cz\u0105c du\u017c\u0105 pojemno\u015b\u0107 z precyzyjnym monitorowaniem i solidn\u0105 technologi\u0105 grzewcz\u0105, oferuje lepsze do\u015bwiadczenie dla u\u017cytkownika oraz produkt o wysokim mar\u017cy zysku i niezawodny dla sprzedawcy.<\/p>\n<p>Niezale\u017cnie od tego, czy chcesz od\u015bwie\u017cy\u0107 sw\u00f3j detaliczny asortyment, czy wej\u015b\u0107 na rynek z sprawdzonym zwyci\u0119zc\u0105, VapeXYZ zapewnia platform\u0119, wiedz\u0119 i autentyczn\u0105 jako\u015b\u0107 produktu, niezb\u0119dn\u0105 do odniesienia sukcesu.<\/p>\n<\/article>","protected":false},"excerpt":{"rendered":"<p>BANG vape 20000 Puffs jednorazowy waporyzator marki Vapexyz oferuje niezr\u00f3wnane do\u015bwiadczenie wapowania z nawet 20000 zaci\u0105gni\u0119ciami, regulowanymi poziomami mocy, pojemno\u015bci\u0105 25ml, akumulatorem 650mAh z mo\u017cliwo\u015bci\u0105 ponownego \u0142adowania oraz wyborem 15 wykwintnych smak\u00f3w, wszystko zaprojektowane dla wygody i przed\u0142u\u017conego zadowolenia.<\/p>","protected":false},"featured_media":22898,"comment_status":"open","ping_status":"closed","template":"","meta":{"_lmt_disableupdate":"no","_lmt_disable":""},"product_brand":[],"product_cat":[821,1002,1018,947,1020,935,934,927,929,928,930,933,939,932,938,931,936,937,1017,949,946,950,1023,1025,1026,951,1029,1030,1031,1033,953,1036,1037,820,987,1038],"product_tag":[],"class_list":{"0":"post-22878","1":"product","2":"type-product","3":"status-publish","4":"has-post-thumbnail","6":"product_cat-bang","7":"product_cat-20000-puff-vapes","8":"product_cat-apple-flavor-disposable-vapes","9":"product_cat-big-puffs-vapes","10":"product_cat-blueberry-flavor-disposable-vapes","11":"product_cat-bulk-buy-disposable-vapes-in-austria","12":"product_cat-bulk-buy-disposable-vapes-in-belgium","13":"product_cat-bulk-buy-disposable-vapes-in-europe","14":"product_cat-bulk-buy-disposable-vapes-in-france","15":"product_cat-bulk-buy-disposable-vapes-in-germany","16":"product_cat-bulk-buy-disposable-vapes-in-italy","17":"product_cat-bulk-buy-disposable-vapes-in-netherlands","18":"product_cat-bulk-buy-disposable-vapes-in-norway","19":"product_cat-bulk-buy-disposable-vapes-in-poland","20":"product_cat-bulk-buy-disposable-vapes-in-portugal","21":"product_cat-bulk-buy-disposable-vapes-in-spain","22":"product_cat-bulk-buy-disposable-vapes-in-sweden","23":"product_cat-bulk-buy-disposable-vapes-in-switzerland","24":"product_cat-buy-best-disposable-vape-flavors","25":"product_cat-digital-box-vapes","26":"product_cat-disposable-vapes-series","27":"product_cat-dual-mesh-vapes","28":"product_cat-grape-flavor-disposable-vapes","29":"product_cat-ice-flavor-disposable-vapes","30":"product_cat-kiwi-flavor-disposable-vapes","31":"product_cat-lower-nicotine-vapes","32":"product_cat-mango-flavor-disposable-vapes","33":"product_cat-mint-flavor-disposable-vapes","34":"product_cat-mixed-berries-flavor-disposable-vapes","35":"product_cat-peach-flavor-disposable-vapes","36":"product_cat-rechargeable-vapes","37":"product_cat-red-bull-flavor-disposable-vapes","38":"product_cat-strawberry-flavor-disposable-vapes","39":"product_cat-vape","40":"product_cat-vape-shop-by-puffs","41":"product_cat-watermelon-flavor-disposable-vapes","43":"first","44":"instock","45":"shipping-taxable","46":"purchasable","47":"product-type-variable","48":"has-default-attributes"},"jetpack_sharing_enabled":true,"tiered_pricing_type":"fixed","tiered_pricing_fixed_rules":[],"tiered_pricing_product_settings":{"layout":"default","base_unit_name":{"singular":null,"plural":null},"default_variation":null},"tiered_pricing_minimum_quantity":null,"tiered_pricing_roles_data":[],"tiered_pricing_percentage_rules":[],"tiered_pricing_maximum_quantity":null,"tiered_pricing_quantity_step":null,"_links":{"self":[{"href":"https:\/\/vapexyz.com\/pl\/wp-json\/wp\/v2\/product\/22878","targetHints":{"allow":["GET"]}}],"collection":[{"href":"https:\/\/vapexyz.com\/pl\/wp-json\/wp\/v2\/product"}],"about":[{"href":"https:\/\/vapexyz.com\/pl\/wp-json\/wp\/v2\/types\/product"}],"replies":[{"embeddable":true,"href":"https:\/\/vapexyz.com\/pl\/wp-json\/wp\/v2\/comments?post=22878"}],"wp:featuredmedia":[{"embeddable":true,"href":"https:\/\/vapexyz.com\/pl\/wp-json\/wp\/v2\/media\/22898"}],"wp:attachment":[{"href":"https:\/\/vapexyz.com\/pl\/wp-json\/wp\/v2\/media?parent=22878"}],"wp:term":[{"taxonomy":"product_brand","embeddable":true,"href":"https:\/\/vapexyz.com\/pl\/wp-json\/wp\/v2\/product_brand?post=22878"},{"taxonomy":"product_cat","embeddable":true,"href":"https:\/\/vapexyz.com\/pl\/wp-json\/wp\/v2\/product_cat?post=22878"},{"taxonomy":"product_tag","embeddable":true,"href":"https:\/\/vapexyz.com\/pl\/wp-json\/wp\/v2\/product_tag?post=22878"}],"curies":[{"name":"wp","href":"https:\/\/api.w.org\/{rel}","templated":true}]}}