{"id":16915,"date":"2024-03-09T09:51:44","date_gmt":"2024-03-09T09:51:44","guid":{"rendered":"https:\/\/vapexyz.com\/product\/bang-xxl-2000-puffs-disposable-vape-kit-800mah\/"},"modified":"2026-02-06T03:36:15","modified_gmt":"2026-02-06T03:36:15","slug":"bang-xxl-2000-puffs-jednorazowy-zestaw-vape-800mah","status":"publish","type":"product","link":"https:\/\/vapexyz.com\/pl\/product\/bang-xxl-2000-puffs-disposable-vape-kit-800mah\/","title":{"rendered":"Jednorazowy zestaw Vape Bang XXL 2000 Puffs 800 mAh Kup hurtowo"},"content":{"rendered":"<article>\n<h2>Niesamowite wiadomo\u015bci o aktualizacji: Od BANG XXL 2000 Puffs do <a href=\"https:\/\/vapexyz.com\/pl\/produkt\/bang-12000-puffs-0-2-3-5-niska-zawartosc-nikotyny-hurtowo-kup-hurtowo-jednorazowe-pioro-vapes-z-mozliwoscia-ladowania\/\">BANG 12000 Puffs! \nnie wymaga t\u0142umaczenia \nBANG 12000 Puffs!<\/a> \ud83c\udf8a<\/h2>\n<p>Cze\u015b\u0107, przyjaciele wapowania! Mamy super ekscytuj\u0105ce wie\u015bci o naszym BANG XXL 2000 Puffs. To by\u0142o jak ten ma\u0142y woreczek cukierk\u00f3w, kt\u00f3ry ci\u0119 ucieszy\u0142! \ud83c\udf6c Ale zgadnij co? Znale\u017ali\u015bmy gigantyczny sklep z cukierkami, kt\u00f3ry jest jeszcze lepszy! \ud83c\udfea<\/p>\n<p>Pozw\u00f3l nam przedstawi\u0107 Ci niesamowite BANG 12000 Puffs! To jak Twoja ulubiona zabawka doros\u0142a i sta\u0142a si\u0119 superbohaterem!<\/p>\n<h3>Twoje Vaping w\u0142a\u015bnie dosta\u0142 Mega Ulepszenie!<\/h3>\n<p>Wyobra\u017a sobie swojego ulubionego bohatera z gier wideo, kt\u00f3ry odkrywa tajemnicz\u0105 skrzyni\u0119 ze skarbem z sze\u015bciokrotnie wi\u0119ksz\u0105 moc\u0105! To w\u0142a\u015bnie takie wra\u017cenie sprawia prze\u0142\u0105czenie si\u0119 na BANG 12000!<\/p>\n<div style=\"background-color: #fff0f5;border-radius: 12px;padding: 18px;margin: 20px 0;border-left: 5px solid #ff69b4\">\n<h4 style=\"margin-top: 0;color: #c71585;text-align: center\">Dlaczego BANG 12000 sprawi, \u017ce b\u0119dziesz ta\u0144czy\u0107 z rado\u015bci:<\/h4>\n<ul style=\"color: #8b008b\">\n<li>Sze\u015b\u0107 razy wi\u0119cej p\u0105czk\u00f3w - 12 000 zamiast 2 000!<\/li>\n<li>Bateria wielokrotnego u\u017cytku - nie trzeba ju\u017c wyrzuca\u0107!<\/li>\n<li>O wiele bardziej p\u0142ynny - 20ml zamiast 6ml!<\/li>\n<li>Wi\u0119cej opcji nikotyny: 0%, 2%, 3% lub 5%<\/li>\n<li>Idealne dla sklep\u00f3w i hurtowni!<\/li>\n<\/ul>\n<\/div>\n<h3>Por\u00f3wnajmy Wielk\u0105 R\u00f3\u017cnic\u0119!<\/h3>\n<table style=\"width: 100%;border-collapse: collapse;background: #fafafa;border-radius: 8px;overflow: hidden;font-size: 16px\">\n<tbody>\n<tr style=\"background-color: #ff69b4;color: white\">\n<th style=\"padding: 14px;text-align: left\">Cechy<\/th>\n<th style=\"padding: 14px;text-align: left\">BANG XXL 2000<\/th>\n<th style=\"padding: 14px;text-align: left\">BANG 12000<\/th>\n<\/tr>\n<tr style=\"border-bottom: 1px solid #e0e0e0\">\n<td style=\"padding: 14px;background-color: #f5f5f5\">Totalne Puffy<\/td>\n<td style=\"padding: 14px\">2000 zaci\u0105gni\u0119\u0107<\/td>\n<td style=\"padding: 14px;color: #ff69b4\">12 000 zaci\u0105gni\u0119\u0107<\/td>\n<\/tr>\n<tr style=\"border-bottom: 1px solid #e0e0e0\">\n<td style=\"padding: 14px;background-color: #f5f5f5\">Bateria<\/td>\n<td style=\"padding: 14px\">Niezasilany ponownie<\/td>\n<td style=\"padding: 14px;color: #ff69b4\">Akumulator<\/td>\n<\/tr>\n<tr style=\"border-bottom: 1px solid #e0e0e0\">\n<td style=\"padding: 14px;background-color: #f5f5f5\">Ilo\u015b\u0107 cieczy<\/td>\n<td style=\"padding: 14px\">6ml<\/td>\n<td style=\"padding: 14px;color: #ff69b4\">20 ml<\/td>\n<\/tr>\n<tr style=\"border-bottom: 1px solid #e0e0e0\">\n<td style=\"padding: 14px;background-color: #f5f5f5\">Wybory nikotynowe<\/td>\n<td style=\"padding: 14px\">2%, 5%, 6%<\/td>\n<td style=\"padding: 14px;color: #ff69b4\">0%, 2%, 3%, 5%<\/td>\n<\/tr>\n<tr>\n<td style=\"padding: 14px;background-color: #f5f5f5\">Warto\u015b\u0107<\/td>\n<td style=\"padding: 14px\">Dobry<\/td>\n<td style=\"padding: 14px;color: #ff69b4\">Niesamowite<\/td>\n<\/tr>\n<\/tbody>\n<\/table>\n<h3>Cudowne Korzy\u015bci z BANG 12000!<\/h3>\n<div style=\"background-color: #f0f8ff;border-radius: 10px;padding: 20px;margin: 20px 0;border: 2px solid #87ceeb\">\n<h4 style=\"color: #4169e1;margin-top: 0;text-align: center\">Dlaczego pokochasz du\u017c\u0105 aktualizacj\u0119:<\/h4>\n<div style=\"align-items: center;margin: 12px 0;padding: 10px;background: white;border-radius: 8px\">\n<p><span style=\"font-size: 28px;margin-right: 12px\">6<\/span><\/p>\n<div><span style=\"color: #2f4f4f\">Sze\u015b\u0107 razy wi\u0119cej zabawy: 12 000 pff\u00f3w oznacza wapowanie, kt\u00f3re trwa i trwa! Jakoby dosta\u0107 sze\u015b\u0107 work\u00f3w cukierk\u00f3w zamiast jednego!<\/span><\/div>\n<\/div>\n<div style=\"align-items: center;margin: 12px 0;padding: 10px;background: white;border-radius: 8px\">\n<p><span style=\"font-size: 28px;margin-right: 12px\">\ud83d\udd0b<\/span><\/p>\n<div><span style=\"color: #2f4f4f\">Magia baterii: akumulator oznacza, \u017ce mo\u017cesz go u\u017cywa\u0107 raz za razem! Jak posiadanie zabawki z akumulatorami!<\/span><\/div>\n<\/div>\n<div style=\"align-items: center;margin: 12px 0;padding: 10px;background: white;border-radius: 8px\">\n<p><span style=\"font-size: 28px;margin-right: 12px\">\ud83c\udf53<\/span><\/p>\n<div><span style=\"color: #2f4f4f\">Wi\u0119cej przyg\u00f3d smakowych: Wszystkie Twoje ulubione plus ekscytuj\u0105ce nowe, takie jak truskawkowy liczi i lody Czarny Smok!<\/span><\/div>\n<\/div>\n<\/div>\n<h3>Pytania, kt\u00f3re Mo\u017cesz Sobie Zadawa\u0107<\/h3>\n<div style=\"background-color: #f5fffa;border-radius: 10px;padding: 18px;margin: 20px 0\">\n<div style=\"margin-bottom: 16px;padding-bottom: 16px;border-bottom: 1px solid #98fb98\">\n<p style=\"color: #2e8b57;margin-bottom: 6px;font-size: 17px\">Czy 12 000 pff\u00f3w jest naprawd\u0119 o wiele wi\u0119cej?<\/p>\n<p style=\"margin-top: 0;color: #228b22\">O tak! To jest jak mie\u0107 sze\u015b\u0107 lodowych sto\u017ck\u00f3w zamiast jednego! O wiele bardziej smaczna zabawa! \ud83c\udf66\ud83c\udf66\ud83c\udf66\ud83c\udf66\ud83c\udf66\ud83c\udf66<\/p>\n<\/div>\n<div style=\"margin-bottom: 16px;padding-bottom: 16px;border-bottom: 1px solid #98fb98\">\n<p style=\"color: #2e8b57;margin-bottom: 6px;font-size: 17px\">Dlaczego akumulator jest lepszy?<\/p>\n<p style=\"margin-top: 0;color: #228b22\">To o wiele m\u0105drzejsze dla naszej planety! Jak u\u017cywanie akumulator\u00f3w wielokrotnego u\u017cytku zamiast wyrzucania ich! Dodatkowo, oszcz\u0119dza Ci pieni\u0105dze!<\/p>\n<\/div>\n<div>\n<p style=\"color: #2e8b57;margin-bottom: 6px;font-size: 17px\">Co z moimi ulubionymi smakami XXL?<\/p>\n<p style=\"margin-top: 0;color: #228b22\">Wiele z nich nadal jest tutaj! Truskawkowy Banan, Lodowa Arbuz i wiele wi\u0119cej! Dodatkowo dodali\u015bmy niesamowite nowe, kt\u00f3re pokochasz!<\/p>\n<\/div>\n<\/div>\n<div style=\"background-color: #ff69b4;color: white;padding: 22px;border-radius: 15px;text-align: center;margin: 25px 0\">\n<h3 style=\"margin-top: 0;font-size: 22px\">Gotowy na sw\u00f3j super upgrade?<\/h3>\n<p style=\"font-size: 18px;margin-bottom: 12px\">To nie jest po\u017cegnanie z XXL \u2013 to hello do najbardziej niesamowitego do\u015bwiadczenia z wapowaniem z BANG 12000!<\/p>\n<p style=\"font-size: 19px\">Sze\u015b\u0107 razy wi\u0119cej pff\u00f3w, akumulator z mo\u017cliwo\u015bci\u0105 ponownego \u0142adowania, wi\u0119cej smak\u00f3w - tw\u00f3j idealny waporyzator w\u0142a\u015bnie sta\u0142 si\u0119 super gwiazd\u0105!<\/p>\n<\/div>\n<\/article>","protected":false},"excerpt":{"rendered":"<div class=\"custom-product\" style=\"border: 1px solid #eee; text-align: center; max-width: 100%; margin: 0 auto; font-family: Arial, sans-serif; box-sizing: border-box;\">\n        <!-- Product image - full width -->\n        <a href=\"https:\/\/vapexyz.com\/pl\/product\/bang-12000-puffs-0-2-3-5-low-nicotine-bulk-buy-rechargeable-disposable-vapes-pen-wholesale\/\" style=\"display: block; margin-bottom: 15px;\">\n            <img decoding=\"async\" src=\"https:\/\/vapexyz.com\/wp-content\/uploads\/2024\/08\/Bang-12000.webp\" alt=\"BANG 12000 Puff\u00f3w Hurtownia Jednorazowych Waporyzator\u00f3w na Du\u017ce Zam\u00f3wienia, Mo\u017cliwo\u015b\u0107 Ponownego Na\u0142adowania\" style=\"width: 100%; height: auto; display: block;\">        <\/a>\n        \n        <!-- Product name -->\n        <h3 style=\"margin: 10px 0; font-size: 1.2em; line-height: 1.4; color: #333;\">\n            BANG 12000 Puff\u00f3w Hurtownia Jednorazowych Waporyzator\u00f3w na Du\u017ce Zam\u00f3wienia, Mo\u017cliwo\u015b\u0107 Ponownego Na\u0142adowania        <\/h3>\n        \n        <!-- Product price -->\n        <div class=\"price\" style=\"color: #ff0000; font-weight: bold; font-size: 1.4em; margin: 10px 0;\">\n            \t\t<span class=\"tiered-pricing-dynamic-price-wrapper tiered-pricing-dynamic-price-wrapper--variable\"\n\t\t\t  data-display-context=\"shop-loop\"\n\t\t\t  data-price-type=\"dynamic\"\n\t\t\t  data-product-id=\"29579\"\n\t\t\t  data-parent-id=\"29579\">\n\t\t\t<span class=\"woocommerce-Price-amount amount\"><bdi><span class=\"woocommerce-Price-currencySymbol\">\u20ac<\/span>4.97<\/bdi><\/span><\/span>        <\/div>\n        \n        <!-- Product rating -->\n        <div class=\"rating\" style=\"margin: 15px 0; min-height: 25px;\">\n            <div class=\"star-rating\">Brak ocen<\/div>        <\/div>\n        \n        <!-- Buy Now button -->\n        <div class=\"buy-now-button\" style=\"margin-top: 20px;\">\n            <a href=\"https:\/\/vapexyz.com\/pl\/product\/bang-12000-puffs-0-2-3-5-low-nicotine-bulk-buy-rechargeable-disposable-vapes-pen-wholesale\/\" \n               class=\"buy-now-btn\" \n               style=\"display: inline-block; background-color: #4CAF50; color: white !important; padding: 12px 24px; text-align: center; text-decoration: none; font-weight: bold; border-radius: 4px; transition: all 0.3s; border: none; cursor: pointer; font-size: 1em;\">\n                Kup Teraz            <\/a>\n        <\/div>\n    <\/div>","protected":false},"featured_media":16914,"comment_status":"open","ping_status":"closed","template":"","meta":{"_lmt_disableupdate":"no","_lmt_disable":""},"product_brand":[],"product_cat":[1018,821,1020,935,934,927,929,928,930,933,939,932,938,931,936,937,1017,1022,946,1023,1025,1027,951,1030,1032,1033,953,1037,987],"product_tag":[],"class_list":{"0":"post-16915","1":"product","2":"type-product","3":"status-publish","4":"has-post-thumbnail","6":"product_cat-apple-flavor-disposable-vapes","7":"product_cat-bang","8":"product_cat-blueberry-flavor-disposable-vapes","9":"product_cat-bulk-buy-disposable-vapes-in-austria","10":"product_cat-bulk-buy-disposable-vapes-in-belgium","11":"product_cat-bulk-buy-disposable-vapes-in-europe","12":"product_cat-bulk-buy-disposable-vapes-in-france","13":"product_cat-bulk-buy-disposable-vapes-in-germany","14":"product_cat-bulk-buy-disposable-vapes-in-italy","15":"product_cat-bulk-buy-disposable-vapes-in-netherlands","16":"product_cat-bulk-buy-disposable-vapes-in-norway","17":"product_cat-bulk-buy-disposable-vapes-in-poland","18":"product_cat-bulk-buy-disposable-vapes-in-portugal","19":"product_cat-bulk-buy-disposable-vapes-in-spain","20":"product_cat-bulk-buy-disposable-vapes-in-sweden","21":"product_cat-bulk-buy-disposable-vapes-in-switzerland","22":"product_cat-buy-best-disposable-vape-flavors","23":"product_cat-cola-flavor-disposable-vapes","24":"product_cat-disposable-vapes-series","25":"product_cat-grape-flavor-disposable-vapes","26":"product_cat-ice-flavor-disposable-vapes","27":"product_cat-lemon-flavor-disposable-vapes","28":"product_cat-lower-nicotine-vapes","29":"product_cat-mint-flavor-disposable-vapes","30":"product_cat-passion-fruit-flavor-disposable-vapes","31":"product_cat-peach-flavor-disposable-vapes","32":"product_cat-rechargeable-vapes","33":"product_cat-strawberry-flavor-disposable-vapes","34":"product_cat-vape-shop-by-puffs","36":"first","37":"outofstock","38":"shipping-taxable","39":"purchasable","40":"product-type-simple"},"jetpack_sharing_enabled":true,"tiered_pricing_type":"fixed","tiered_pricing_fixed_rules":[],"tiered_pricing_product_settings":{"layout":"default","base_unit_name":{"singular":null,"plural":null},"default_variation":null},"tiered_pricing_minimum_quantity":null,"tiered_pricing_roles_data":[],"tiered_pricing_percentage_rules":[],"tiered_pricing_maximum_quantity":null,"tiered_pricing_quantity_step":null,"_links":{"self":[{"href":"https:\/\/vapexyz.com\/pl\/wp-json\/wp\/v2\/product\/16915","targetHints":{"allow":["GET"]}}],"collection":[{"href":"https:\/\/vapexyz.com\/pl\/wp-json\/wp\/v2\/product"}],"about":[{"href":"https:\/\/vapexyz.com\/pl\/wp-json\/wp\/v2\/types\/product"}],"replies":[{"embeddable":true,"href":"https:\/\/vapexyz.com\/pl\/wp-json\/wp\/v2\/comments?post=16915"}],"wp:featuredmedia":[{"embeddable":true,"href":"https:\/\/vapexyz.com\/pl\/wp-json\/wp\/v2\/media\/16914"}],"wp:attachment":[{"href":"https:\/\/vapexyz.com\/pl\/wp-json\/wp\/v2\/media?parent=16915"}],"wp:term":[{"taxonomy":"product_brand","embeddable":true,"href":"https:\/\/vapexyz.com\/pl\/wp-json\/wp\/v2\/product_brand?post=16915"},{"taxonomy":"product_cat","embeddable":true,"href":"https:\/\/vapexyz.com\/pl\/wp-json\/wp\/v2\/product_cat?post=16915"},{"taxonomy":"product_tag","embeddable":true,"href":"https:\/\/vapexyz.com\/pl\/wp-json\/wp\/v2\/product_tag?post=16915"}],"curies":[{"name":"wp","href":"https:\/\/api.w.org\/{rel}","templated":true}]}}