{"id":15872,"date":"2024-02-26T09:59:38","date_gmt":"2024-02-26T09:59:38","guid":{"rendered":"https:\/\/vapexyz.com\/?page_id=15872"},"modified":"2025-09-08T07:50:37","modified_gmt":"2025-09-08T07:50:37","slug":"pytania-2","status":"publish","type":"page","link":"https:\/\/vapexyz.com\/pl\/faqs\/","title":{"rendered":"FAQ"},"content":{"rendered":"<div class=\"row\"  id=\"row-590491443\">\n\n\t<div id=\"col-1522867622\" class=\"col small-12 large-12\"  >\n\t\t\t\t<div class=\"col-inner\"  >\n\t\t\t\n\t\t\t\n<div class=\"container section-title-container\" ><h3 class=\"section-title section-title-normal\"><b><\/b><span class=\"section-title-main\" >P\u0142atno\u015b\u0107<\/span><b><\/b><\/h3><\/div>\n<div class=\"accordion\">\n\t<div id=\"accordion-2088952612\" class=\"accordion-item\">\n\t\t<a id=\"accordion-2088952612-label\" class=\"accordion-title plain\" href=\"#accordion-item-what-payment-methods-are-accepted?\" aria-expanded=\"false\" aria-controls=\"accordion-2088952612-content\" >\n\t\t\t<button class=\"toggle\" aria-label=\"Switch\"><i class=\"icon-angle-down\"><\/i><\/button>\n\t\t\t<span>Jakie metody p\u0142atno\u015bci s\u0105 akceptowane?<\/span>\n\t\t<\/a>\n\t\t<div id=\"accordion-2088952612-content\" class=\"accordion-inner\" aria-labelledby=\"accordion-2088952612-label\" >\n\t\t\t\n<p>Akceptujemy r\u00f3\u017cne metody p\u0142atno\u015bci, takie jak karty kredytowe, karty debetowe, kryptowaluty i inne. Dost\u0119pne opcje p\u0142atno\u015bci mo\u017cna zobaczy\u0107 na stronie p\u0142atno\u015bci.<\/p>\n\t\t<\/div>\n\t<\/div>\n\t\n\t<div id=\"accordion-470618541\" class=\"accordion-item\">\n\t\t<a id=\"accordion-470618541-label\" class=\"accordion-title plain\" href=\"#accordion-item-why-my-payment-have-been-declined?\" aria-expanded=\"false\" aria-controls=\"accordion-470618541-content\" >\n\t\t\t<button class=\"toggle\" aria-label=\"Switch\"><i class=\"icon-angle-down\"><\/i><\/button>\n\t\t\t<span>Dlaczego moja p\u0142atno\u015b\u0107 zosta\u0142a odrzucona?<\/span>\n\t\t<\/a>\n\t\t<div id=\"accordion-470618541-content\" class=\"accordion-inner\" aria-labelledby=\"accordion-470618541-label\" >\n\t\t\t\n<p>P\u0142atno\u015bci mog\u0105 zosta\u0107 odrzucone z powod\u00f3w takich jak niedok\u0142adne dane karty kredytowej, niewystarczaj\u0105ce \u015brodki lub problemy z dostawc\u0105 us\u0142ug p\u0142atniczych. Aby temu zaradzi\u0107, nale\u017cy zweryfikowa\u0107 dok\u0142adno\u015b\u0107 informacji o p\u0142atno\u015bci lub skontaktowa\u0107 si\u0119 z dostawc\u0105 us\u0142ug p\u0142atniczych w celu uzyskania pomocy.<\/p>\n\t\t<\/div>\n\t<\/div>\n\t\n\t<div id=\"accordion-2304510956\" class=\"accordion-item\">\n\t\t<a id=\"accordion-2304510956-label\" class=\"accordion-title plain\" href=\"#accordion-item-do-you-provide-a-cash-on-delivery-(cod)-payment-option?\" aria-expanded=\"false\" aria-controls=\"accordion-2304510956-content\" >\n\t\t\t<button class=\"toggle\" aria-label=\"Switch\"><i class=\"icon-angle-down\"><\/i><\/button>\n\t\t\t<span>Czy oferujecie opcj\u0119 p\u0142atno\u015bci za pobraniem?<\/span>\n\t\t<\/a>\n\t\t<div id=\"accordion-2304510956-content\" class=\"accordion-inner\" aria-labelledby=\"accordion-2304510956-label\" >\n\t\t\t\n<p>Nie oferujemy p\u0142atno\u015bci za pobraniem. Podczas dokonywania zakupu nale\u017cy korzysta\u0107 z metod p\u0142atno\u015bci online.<\/p>\n\t\t<\/div>\n\t<\/div>\n\t\n\t<div id=\"accordion-3250654311\" class=\"accordion-item\">\n\t\t<a id=\"accordion-3250654311-label\" class=\"accordion-title plain\" href=\"#accordion-item-can-i-apply-a-discount-code-or-gift-card-during-checkout?\" aria-expanded=\"false\" aria-controls=\"accordion-3250654311-content\" >\n\t\t\t<button class=\"toggle\" aria-label=\"Switch\"><i class=\"icon-angle-down\"><\/i><\/button>\n\t\t\t<span>Czy mog\u0119 zastosowa\u0107 kod rabatowy lub kart\u0119 podarunkow\u0105 podczas p\u0142atno\u015bci?<\/span>\n\t\t<\/a>\n\t\t<div id=\"accordion-3250654311-content\" class=\"accordion-inner\" aria-labelledby=\"accordion-3250654311-label\" >\n\t\t\t\n<p>Tak, mo\u017cesz wprowadzi\u0107 kod rabatowy lub dane karty podarunkowej na stronie p\u0142atno\u015bci, aby skorzysta\u0107 ze zni\u017cek.<\/p>\n\t\t<\/div>\n\t<\/div>\n\t\n\t<div id=\"accordion-2310354408\" class=\"accordion-item\">\n\t\t<a id=\"accordion-2310354408-label\" class=\"accordion-title plain\" href=\"#accordion-item-is-payment-secure-on-your-website?\" aria-expanded=\"false\" aria-controls=\"accordion-2310354408-content\" >\n\t\t\t<button class=\"toggle\" aria-label=\"Switch\"><i class=\"icon-angle-down\"><\/i><\/button>\n\t\t\t<span>Czy p\u0142atno\u015bci w witrynie s\u0105 bezpieczne?<\/span>\n\t\t<\/a>\n\t\t<div id=\"accordion-2310354408-content\" class=\"accordion-inner\" aria-labelledby=\"accordion-2310354408-label\" >\n\t\t\t\n<p>Tak, wdra\u017camy r\u00f3\u017cne \u015brodki bezpiecze\u0144stwa, takie jak technologia szyfrowania i przetwarzanie p\u0142atno\u015bci zgodne z PCI. Nasza witryna posiada certyfikat McAfee SECURE i jest uznawana przez Google Safe Browsing w celu zwi\u0119kszenia bezpiecze\u0144stwa.<\/p>\n\t\t<\/div>\n\t<\/div>\n\t\n\t<div id=\"accordion-2869329600\" class=\"accordion-item\">\n\t\t<a id=\"accordion-2869329600-label\" class=\"accordion-title plain\" href=\"#accordion-item-how-will-i-know-that-my-payment-was-successful-and-that-my-order-has-been-confirmed?\" aria-expanded=\"false\" aria-controls=\"accordion-2869329600-content\" >\n\t\t\t<button class=\"toggle\" aria-label=\"Switch\"><i class=\"icon-angle-down\"><\/i><\/button>\n\t\t\t<span>Sk\u0105d b\u0119d\u0119 wiedzie\u0107, \u017ce moja p\u0142atno\u015b\u0107 powiod\u0142a si\u0119 i \u017ce moje zam\u00f3wienie zosta\u0142o potwierdzone?<\/span>\n\t\t<\/a>\n\t\t<div id=\"accordion-2869329600-content\" class=\"accordion-inner\" aria-labelledby=\"accordion-2869329600-label\" >\n\t\t\t\n<p>Natychmiast po dokonaniu p\u0142atno\u015bci otrzymasz wiadomo\u015b\u0107 e-mail z potwierdzeniem zam\u00f3wienia. Wiadomo\u015b\u0107 ta b\u0119dzie zawiera\u0107 szczeg\u00f3\u0142owe informacje na temat zam\u00f3wienia.<\/p>\n\t\t<\/div>\n\t<\/div>\n\t\n\t<div id=\"accordion-2906520772\" class=\"accordion-item\">\n\t\t<a id=\"accordion-2906520772-label\" class=\"accordion-title plain\" href=\"#accordion-item-how-can-i-request-a-refund?\" aria-expanded=\"false\" aria-controls=\"accordion-2906520772-content\" >\n\t\t\t<button class=\"toggle\" aria-label=\"Switch\"><i class=\"icon-angle-down\"><\/i><\/button>\n\t\t\t<span>Jak mog\u0119 poprosi\u0107 o zwrot pieni\u0119dzy?<\/span>\n\t\t<\/a>\n\t\t<div id=\"accordion-2906520772-content\" class=\"accordion-inner\" aria-labelledby=\"accordion-2906520772-label\" >\n\t\t\t\n<p>Je\u015bli potrzebujesz zwrotu pieni\u0119dzy, skontaktuj si\u0119 z naszym zespo\u0142em obs\u0142ugi klienta, podaj\u0105c szczeg\u00f3\u0142y zam\u00f3wienia. Pomo\u017cemy Ci w procesie zwrotu zgodnie z nasz\u0105 polityk\u0105 zwrot\u00f3w.<\/p>\n\t\t<\/div>\n\t<\/div>\n\t\n\t<div id=\"accordion-1749704519\" class=\"accordion-item\">\n\t\t<a id=\"accordion-1749704519-label\" class=\"accordion-title plain\" href=\"#accordion-item-how-can-i-access-my-order-history-after-completing-a-payment?\" aria-expanded=\"false\" aria-controls=\"accordion-1749704519-content\" >\n\t\t\t<button class=\"toggle\" aria-label=\"Switch\"><i class=\"icon-angle-down\"><\/i><\/button>\n\t\t\t<span>Jak mog\u0119 uzyska\u0107 dost\u0119p do historii zam\u00f3wie\u0144 po dokonaniu p\u0142atno\u015bci?<\/span>\n\t\t<\/a>\n\t\t<div id=\"accordion-1749704519-content\" class=\"accordion-inner\" aria-labelledby=\"accordion-1749704519-label\" >\n\t\t\t\n<p>Aby uzyska\u0107 dost\u0119p do historii zam\u00f3wie\u0144 po dokonaniu p\u0142atno\u015bci, zaloguj si\u0119 do swojego konta i przejd\u017a do strony \u201eMoje Konto\u201d. W sekcji historii zam\u00f3wie\u0144 mo\u017cesz sprawdzi\u0107 szczeg\u00f3\u0142y p\u0142atno\u015bci i status poprzednich zam\u00f3wie\u0144.<\/p>\n\t\t<\/div>\n\t<\/div>\n\t\n<\/div>\n\t\t<\/div>\n\t\t\t\t\t<\/div>\n\n\t\n\n\t<div id=\"col-721156382\" class=\"col large-12\"  >\n\t\t\t\t<div class=\"col-inner\"  >\n\t\t\t\n\t\t\t\n<div class=\"container section-title-container\" ><h3 class=\"section-title section-title-normal\"><b><\/b><span class=\"section-title-main\" >Wysy\u0142ka<\/span><b><\/b><\/h3><\/div>\n<div class=\"accordion\">\n\t<div id=\"accordion-4226691099\" class=\"accordion-item\">\n\t\t<a id=\"accordion-4226691099-label\" class=\"accordion-title plain\" href=\"#accordion-item-what\u2019s-the-shipping-policy?\" aria-expanded=\"false\" aria-controls=\"accordion-4226691099-content\" >\n\t\t\t<button class=\"toggle\" aria-label=\"Switch\"><i class=\"icon-angle-down\"><\/i><\/button>\n\t\t\t<span>Jaka jest polityka wysy\u0142ki?<\/span>\n\t\t<\/a>\n\t\t<div id=\"accordion-4226691099-content\" class=\"accordion-inner\" aria-labelledby=\"accordion-4226691099-label\" >\n\t\t\t\n<p>Bezp\u0142atna wysy\u0142ka jest dost\u0119pna dla zam\u00f3wie\u0144 w Stanach Zjednoczonych i Australii. W przypadku wybranych kraj\u00f3w oferujemy metod\u0119 DDP (Delivery Duty Paid), eliminuj\u0105c\u0105 potrzeb\u0119 odprawy celnej i ce\u0142 po stronie klienta.<\/p>\n<p>Metody wysy\u0142ki:<\/p>\n<p>USA: UPS Express (z wy\u0142\u0105czeniem Alaski i Hawaj\u00f3w)<br \/>\nWIELKA BRYTANIA: Lokalny DPD Express<br \/>\nEuropa: UPS Express\/ DPD Express\/ DHL Express<br \/>\nKraje europejskie kwalifikuj\u0105ce si\u0119 do metody DDP: Niemcy, Belgia, Luksemburg, Holandia, Czechy, Polska, Chorwacja, S\u0142owacja, S\u0142owenia, Finlandia, Dania, Szwecja, Austria, Francja, W\u0142ochy, W\u0119gry, Bu\u0142garia, Litwa, Estonia, \u0141otwa, Grecja, Irlandia, Portugalia, Hiszpania.<br \/>\nUwaga: Przesy\u0142ki do kraj\u00f3w europejskich, z wy\u0142\u0105czeniem Wielkiej Brytanii, b\u0119d\u0105 rozliczane w Niemczech i stamt\u0105d wysy\u0142ane do innych europejskich miejsc docelowych.<\/p>\n<p>Oferujemy r\u00f3wnie\u017c wysy\u0142k\u0119 do:<\/p>\n<p>Zjednoczone Emiraty Arabskie (tylko Dubaj)<br \/>\nRepublika Po\u0142udniowej Afryki<br \/>\nWietnam<br \/>\nZachodnia Malezja (z wy\u0142\u0105czeniem wyspy Kalimantan)<br \/>\nKraj\tMethode wysy\u0142ki\tCzas wysy\u0142ki<br \/>\nUSA\tLocal UPS Ground\t10~15 dni<br \/>\nWielka Brytania\tMiejscowy DPD Express\t7~12 dni<br \/>\nNiemcy\tUPS\/DPD\/DHL Niemcy\t8~15 dni<br \/>\nFrancja\tUPS\/DPD\/DHL Niemcy\t10~15 dni<br \/>\nBelgia\tUPS\/DPD\/DHL Niemcy\t10~15 dni<br \/>\nLuksemburg\tUPS\/DPD\/DHL Niemcy\t10~15 dni<br \/>\nHolandia\tUPS\/DPD\/DHL Niemcy\t10~15 dni<br \/>\nRepublika Czeska\tUPS\/DPD\/DHL Niemcy\t10~15 dni<br \/>\nPolska\tUPS\/DPD\/DHL Niemcy\t10~15 dni<br \/>\nChorwacja\tUPS\/DPD\/DHL Niemcy\t10~15 dni<br \/>\nS\u0142owacja\tUPS\/DPD\/DHL Niemcy\t10~15 dni<br \/>\nS\u0142owenia\tUPS\/DPD\/DHL Niemcy\t10~15 dni<br \/>\nFinlandia\tUPS\/DPD\/DHL Niemcy\t10~15 dni<br \/>\nDania\tUPS\/DPD\/DHL Niemcy\t10~15 dni<br \/>\nSzwecja\tUPS\/DPD\/DHL Niemcy\t10~15 dni<br \/>\nAustria\tUPS\/DPD\/DHL Niemcy\t10~15 dni<br \/>\nW\u0142ochy\tUPS\/DPD\/DHL Niemcy\t10~15 dni<br \/>\nW\u0119gry\tUPS\/DPD\/DHL Niemcy\t10~15 dni<br \/>\nLitwa\tUPS\/DPD\/DHL Niemcy\t10~15 dni<br \/>\nEstonia\tUPS\/DPD\/DHL Niemcy\t10~15 dni<br \/>\n\u0141otwa\tUPS\/DPD\/DHL Niemcy\t10~15 dni<br \/>\nGrecja\tUPS\/DPD\/DHL Niemcy\t10~15 dni<br \/>\nIrlandia\tUPS\/DPD\/DHL Niemcy\t10~15 dni<br \/>\nPortugal\tUPS\/DPD\/DHL Niemcy\t10~15 dni<br \/>\nHiszpania\tUPS\/DPD\/DHL Niemcy\t10~15 dni<br \/>\nZjednoczone Emiraty Arabskie (tylko Dubaj) Linia dedykowana Dubajowi 12~18 dni<br \/>\nPo\u0142udniowa Afryka\tPo\u0142udniowa Afryka dedykowana linia\t15~25 dni<br \/>\nWietnam\tSpecjalna linia Wietnamu\t3~5 dni<br \/>\nMalezja Zachodnia\tSpecjalna linia Malezji\t4~8 dni<br \/>\nInne kraje<\/p>\n<p>W przypadku kraj\u00f3w niewymienionych wcze\u015bniej, odprawa celna i uiszczenie c\u0142a s\u0105 konieczne po przybyciu przesy\u0142ki. Aby okre\u015bli\u0107 dok\u0142adn\u0105 kwot\u0119 podatku, zaleca si\u0119 skontaktowanie si\u0119 z lokalnymi organami celnymi w celu uzyskania szczeg\u00f3\u0142owych informacji. Ponadto s\u0142u\u017cby celne mog\u0105 za\u017c\u0105da\u0107 licencji biznesowej, je\u015bli ma to zastosowanie.<\/p>\n\t\t<\/div>\n\t<\/div>\n\t\n\t<div id=\"accordion-4136512044\" class=\"accordion-item\">\n\t\t<a id=\"accordion-4136512044-label\" class=\"accordion-title plain\" href=\"#accordion-item-what-factors-are-considered-when-calculating-shipping-costs?\" aria-expanded=\"false\" aria-controls=\"accordion-4136512044-content\" >\n\t\t\t<button class=\"toggle\" aria-label=\"Switch\"><i class=\"icon-angle-down\"><\/i><\/button>\n\t\t\t<span>Jakie czynniki s\u0105 brane pod uwag\u0119 przy obliczaniu koszt\u00f3w wysy\u0142ki?<\/span>\n\t\t<\/a>\n\t\t<div id=\"accordion-4136512044-content\" class=\"accordion-inner\" aria-labelledby=\"accordion-4136512044-label\" >\n\t\t\t\n<p>Koszty wysy\u0142ki s\u0105 okre\u015blane na podstawie wagi produkt\u00f3w, miejsca docelowego wysy\u0142ki i wybranej metody wysy\u0142ki. Ca\u0142kowity koszt wysy\u0142ki jest zwykle wy\u015bwietlany podczas procesu p\u0142atno\u015bci.<\/p>\n\t\t<\/div>\n\t<\/div>\n\t\n\t<div id=\"accordion-3498035985\" class=\"accordion-item\">\n\t\t<a id=\"accordion-3498035985-label\" class=\"accordion-title plain\" href=\"#accordion-item-in-case-of-a-lost-or-delayed-package,-what-steps-should-i-take?\" aria-expanded=\"false\" aria-controls=\"accordion-3498035985-content\" >\n\t\t\t<button class=\"toggle\" aria-label=\"Switch\"><i class=\"icon-angle-down\"><\/i><\/button>\n\t\t\t<span>Jakie kroki nale\u017cy podj\u0105\u0107 w przypadku zagubienia lub op\u00f3\u017anienia paczki?<\/span>\n\t\t<\/a>\n\t\t<div id=\"accordion-3498035985-content\" class=\"accordion-inner\" aria-labelledby=\"accordion-3498035985-label\" >\n\t\t\t\n<p>W przypadku zagubienia paczki lub znacznych op\u00f3\u017anie\u0144 prosimy o kontakt z naszym zespo\u0142em obs\u0142ugi klienta. Przeprowadzimy dochodzenie i zapewnimy pomoc w rozwi\u0105zaniu sprawy.<\/p>\n\t\t<\/div>\n\t<\/div>\n\t\n\t<div id=\"accordion-2502305288\" class=\"accordion-item\">\n\t\t<a id=\"accordion-2502305288-label\" class=\"accordion-title plain\" href=\"#accordion-item-what-are-the-methods-available-for-tracking-my-order?\" aria-expanded=\"false\" aria-controls=\"accordion-2502305288-content\" >\n\t\t\t<button class=\"toggle\" aria-label=\"Switch\"><i class=\"icon-angle-down\"><\/i><\/button>\n\t\t\t<span>Jakie s\u0105 dost\u0119pne metody \u015bledzenia mojego zam\u00f3wienia?<\/span>\n\t\t<\/a>\n\t\t<div id=\"accordion-2502305288-content\" class=\"accordion-inner\" aria-labelledby=\"accordion-2502305288-label\" >\n\t\t\t\n<p>Aby \u015bledzi\u0107 swoje zam\u00f3wienie, mo\u017cesz zalogowa\u0107 si\u0119 do swojego konta i przej\u015b\u0107 do sekcji \u201eHistoria zam\u00f3wie\u0144\u201d. Ponadto wysy\u0142amy do Ciebie szczeg\u00f3\u0142y \u015bledzenia zam\u00f3wienia drog\u0105 elektroniczn\u0105.<\/p>\n\t\t<\/div>\n\t<\/div>\n\t\n\t<div id=\"accordion-2372602968\" class=\"accordion-item\">\n\t\t<a id=\"accordion-2372602968-label\" class=\"accordion-title plain\" href=\"#accordion-item-are-customs-duties-necessary-for-my-purchase?\" aria-expanded=\"false\" aria-controls=\"accordion-2372602968-content\" >\n\t\t\t<button class=\"toggle\" aria-label=\"Switch\"><i class=\"icon-angle-down\"><\/i><\/button>\n\t\t\t<span>Czy w przypadku mojego zakupu konieczne s\u0105 op\u0142aty celne?<\/span>\n\t\t<\/a>\n\t\t<div id=\"accordion-2372602968-content\" class=\"accordion-inner\" aria-labelledby=\"accordion-2372602968-label\" >\n\t\t\t\n<p>Obecnie c\u0142a nie s\u0105 wymagane, z wyj\u0105tkiem Kanady i Danii.<\/p>\n\t\t<\/div>\n\t<\/div>\n\t\n\t<div id=\"accordion-4265118663\" class=\"accordion-item\">\n\t\t<a id=\"accordion-4265118663-label\" class=\"accordion-title plain\" href=\"#accordion-item-what-is-the-approximate-shipping-timeframe?\" aria-expanded=\"false\" aria-controls=\"accordion-4265118663-content\" >\n\t\t\t<button class=\"toggle\" aria-label=\"Switch\"><i class=\"icon-angle-down\"><\/i><\/button>\n\t\t\t<span>Jaki jest przybli\u017cony czas wysy\u0142ki?<\/span>\n\t\t<\/a>\n\t\t<div id=\"accordion-4265118663-content\" class=\"accordion-inner\" aria-labelledby=\"accordion-4265118663-label\" >\n\t\t\t\n<p>Czas magazynowania wynosi od 1 do 5 dni, podczas gdy czas wysy\u0142ki wynosi zazwyczaj od 7 do 15 dni, w zale\u017cno\u015bci od produktu.<\/p>\n\t\t<\/div>\n\t<\/div>\n\t\n<\/div>\n\t\t<\/div>\n\t\t\t\t\t<\/div>\n\n\t\n\n\t<div id=\"col-2042624520\" class=\"col large-12\"  >\n\t\t\t\t<div class=\"col-inner\"  >\n\t\t\t\n\t\t\t\n<div class=\"container section-title-container\" ><h3 class=\"section-title section-title-normal\"><b><\/b><span class=\"section-title-main\" >Bezpiecze\u0144stwo<\/span><b><\/b><\/h3><\/div>\n<div class=\"accordion\">\n\t<div id=\"accordion-2492052259\" class=\"accordion-item\">\n\t\t<a id=\"accordion-2492052259-label\" class=\"accordion-title plain\" href=\"#accordion-item-how-is-the-security-of-a-website-maintained?\" aria-expanded=\"false\" aria-controls=\"accordion-2492052259-content\" >\n\t\t\t<button class=\"toggle\" aria-label=\"Switch\"><i class=\"icon-angle-down\"><\/i><\/button>\n\t\t\t<span>Jak utrzymywane jest bezpiecze\u0144stwo strony internetowej?<\/span>\n\t\t<\/a>\n\t\t<div id=\"accordion-2492052259-content\" class=\"accordion-inner\" aria-labelledby=\"accordion-2492052259-label\" >\n\t\t\t\n<p>W celu ochrony danych i transakcji u\u017cytkownika w witrynie stosowane s\u0105 r\u00f3\u017cne \u015brodki bezpiecze\u0144stwa, takie jak szyfrowanie danych, zapory sieciowe i rutynowe oceny bezpiecze\u0144stwa.<\/p>\n\t\t<\/div>\n\t<\/div>\n\t\n\t<div id=\"accordion-515374283\" class=\"accordion-item\">\n\t\t<a id=\"accordion-515374283-label\" class=\"accordion-title plain\" href=\"#accordion-item-how-is-the-protection-of-my-personal-information-guaranteed?\" aria-expanded=\"false\" aria-controls=\"accordion-515374283-content\" >\n\t\t\t<button class=\"toggle\" aria-label=\"Switch\"><i class=\"icon-angle-down\"><\/i><\/button>\n\t\t\t<span>W jaki spos\u00f3b gwarantowana jest ochrona moich danych osobowych?<\/span>\n\t\t<\/a>\n\t\t<div id=\"accordion-515374283-content\" class=\"accordion-inner\" aria-labelledby=\"accordion-515374283-label\" >\n\t\t\t\n<p>Rygorystycznie przestrzegamy naszej polityki prywatno\u015bci, zapewniaj\u0105c, \u017ce Twoje dane osobowe nie s\u0105 udost\u0119pniane ani sprzedawane. Twoje dane s\u0105 wykorzystywane wy\u0142\u0105cznie do przetwarzania zam\u00f3wie\u0144 i obs\u0142ugi klienta.<\/p>\n\t\t<\/div>\n\t<\/div>\n\t\n\t<div id=\"accordion-3222682574\" class=\"accordion-item\">\n\t\t<a id=\"accordion-3222682574-label\" class=\"accordion-title plain\" href=\"#accordion-item-is-the-payment-information-kept-secure?\" aria-expanded=\"false\" aria-controls=\"accordion-3222682574-content\" >\n\t\t\t<button class=\"toggle\" aria-label=\"Switch\"><i class=\"icon-angle-down\"><\/i><\/button>\n\t\t\t<span>Czy informacje dotycz\u0105ce p\u0142atno\u015bci s\u0105 bezpieczne?<\/span>\n\t\t<\/a>\n\t\t<div id=\"accordion-3222682574-content\" class=\"accordion-inner\" aria-labelledby=\"accordion-3222682574-label\" >\n\t\t\t\n<p>Korzystamy z bezpiecznego systemu przetwarzania p\u0142atno\u015bci, kt\u00f3ry spe\u0142nia standardy PCI, aby zapewni\u0107 bezpiecze\u0144stwo danych p\u0142atno\u015bci.<\/p>\n\t\t<\/div>\n\t<\/div>\n\t\n\t<div id=\"accordion-3150372785\" class=\"accordion-item\">\n\t\t<a id=\"accordion-3150372785-label\" class=\"accordion-title plain\" href=\"#accordion-item-what-steps-can-i-take-to-generate-a-robust-password?\" aria-expanded=\"false\" aria-controls=\"accordion-3150372785-content\" >\n\t\t\t<button class=\"toggle\" aria-label=\"Switch\"><i class=\"icon-angle-down\"><\/i><\/button>\n\t\t\t<span>Jakie kroki mog\u0119 podj\u0105\u0107, aby wygenerowa\u0107 niezawodne has\u0142o?<\/span>\n\t\t<\/a>\n\t\t<div id=\"accordion-3150372785-content\" class=\"accordion-inner\" aria-labelledby=\"accordion-3150372785-label\" >\n\t\t\t\n<p>Stworzenie silnego has\u0142a obejmuje po\u0142\u0105czenie liter, cyfr i znak\u00f3w specjalnych, unikaj\u0105c jednocze\u015bnie \u0142atwych do odgadni\u0119cia szczeg\u00f3\u0142\u00f3w, takich jak data urodzenia. Regularna zmiana has\u0142a dodatkowo zwi\u0119ksza bezpiecze\u0144stwo.<\/p>\n\t\t<\/div>\n\t<\/div>\n\t\n\t<div id=\"accordion-300170744\" class=\"accordion-item\">\n\t\t<a id=\"accordion-300170744-label\" class=\"accordion-title plain\" href=\"#accordion-item-what-methods-can-i-employ-to-confirm-the-legitimacy-of-a-website?\" aria-expanded=\"false\" aria-controls=\"accordion-300170744-content\" >\n\t\t\t<button class=\"toggle\" aria-label=\"Switch\"><i class=\"icon-angle-down\"><\/i><\/button>\n\t\t\t<span>Jakie metody mog\u0119 zastosowa\u0107, aby potwierdzi\u0107 legalno\u015b\u0107 strony internetowej?<\/span>\n\t\t<\/a>\n\t\t<div id=\"accordion-300170744-content\" class=\"accordion-inner\" aria-labelledby=\"accordion-300170744-label\" >\n\t\t\t\n<p>Zweryfikuj autentyczno\u015b\u0107 witryny, potwierdzaj\u0105c, \u017ce jej adres URL jest zgodny z oficjaln\u0105 witryn\u0105. Ponadto nale\u017cy sprawdzi\u0107 obecno\u015b\u0107 certyfikatu SSL, kt\u00f3ry oznacza, \u017ce witryna jest bezpieczna.<\/p>\n\t\t<\/div>\n\t<\/div>\n\t\n\t<div id=\"accordion-3348332862\" class=\"accordion-item\">\n\t\t<a id=\"accordion-3348332862-label\" class=\"accordion-title plain\" href=\"#accordion-item-what-should-i-do-if-i-come-across-suspicious-activity?\" aria-expanded=\"false\" aria-controls=\"accordion-3348332862-content\" >\n\t\t\t<button class=\"toggle\" aria-label=\"Switch\"><i class=\"icon-angle-down\"><\/i><\/button>\n\t\t\t<span>Co powinienem zrobi\u0107, je\u015bli natkn\u0119 si\u0119 na podejrzan\u0105 aktywno\u015b\u0107?<\/span>\n\t\t<\/a>\n\t\t<div id=\"accordion-3348332862-content\" class=\"accordion-inner\" aria-labelledby=\"accordion-3348332862-label\" >\n\t\t\t\n<p>Je\u015bli napotkasz jak\u0105kolwiek podejrzan\u0105 aktywno\u015b\u0107 lub problemy z bezpiecze\u0144stwem, natychmiast skontaktuj si\u0119 z naszym dzia\u0142em obs\u0142ugi klienta. Zbadamy spraw\u0119 i podejmiemy odpowiednie dzia\u0142ania.<\/p>\n\t\t<\/div>\n\t<\/div>\n\t\n\t<div id=\"accordion-2638932770\" class=\"accordion-item\">\n\t\t<a id=\"accordion-2638932770-label\" class=\"accordion-title plain\" href=\"#accordion-item-do-you-have-any-measures-in-place-to-prevent-phishing?\" aria-expanded=\"false\" aria-controls=\"accordion-2638932770-content\" >\n\t\t\t<button class=\"toggle\" aria-label=\"Switch\"><i class=\"icon-angle-down\"><\/i><\/button>\n\t\t\t<span>Czy stosujesz jakie\u015b \u015brodki zapobiegaj\u0105ce phishingowi?<\/span>\n\t\t<\/a>\n\t\t<div id=\"accordion-2638932770-content\" class=\"accordion-inner\" aria-labelledby=\"accordion-2638932770-label\" >\n\t\t\t\n<p>Tak, wdro\u017cyli\u015bmy \u015brodki antyphishingowe, aby ograniczy\u0107 nieuczciwe dzia\u0142ania na z\u0142o\u015bliwych stronach internetowych i w wiadomo\u015bciach e-mail.<\/p>\n\t\t<\/div>\n\t<\/div>\n\t\n<\/div>\n\t\t<\/div>\n\t\t\t\t\t<\/div>\n\n\t\n\n\t<div id=\"col-330909475\" class=\"col large-12\"  >\n\t\t\t\t<div class=\"col-inner\"  >\n\t\t\t\n\t\t\t\n<div class=\"container section-title-container\" ><h3 class=\"section-title section-title-normal\"><b><\/b><span class=\"section-title-main\" >Zwroty<\/span><b><\/b><\/h3><\/div>\n<div class=\"accordion\">\n\t<div id=\"accordion-1013227727\" class=\"accordion-item\">\n\t\t<a id=\"accordion-1013227727-label\" class=\"accordion-title plain\" href=\"#accordion-item-how-can-i-modify-the-items-in-my-order?\" aria-expanded=\"false\" aria-controls=\"accordion-1013227727-content\" >\n\t\t\t<button class=\"toggle\" aria-label=\"Switch\"><i class=\"icon-angle-down\"><\/i><\/button>\n\t\t\t<span>Jak mog\u0119 zmodyfikowa\u0107 pozycje w moim zam\u00f3wieniu?<\/span>\n\t\t<\/a>\n\t\t<div id=\"accordion-1013227727-content\" class=\"accordion-inner\" aria-labelledby=\"accordion-1013227727-label\" >\n\t\t\t\n<p>Aby wprowadzi\u0107 zmiany w zam\u00f3wieniu, mo\u017cesz to zrobi\u0107 do godziny 23:00 (PDT -7 GMT) w dniu z\u0142o\u017cenia zam\u00f3wienia. Skontaktuj si\u0119 z nami pod adresem info@vapexyz.com, aby poprosi\u0107 o wprowadzenie zmian.<\/p>\n\t\t<\/div>\n\t<\/div>\n\t\n\t<div id=\"accordion-1475635515\" class=\"accordion-item\">\n\t\t<a id=\"accordion-1475635515-label\" class=\"accordion-title plain\" href=\"#accordion-item-what-is-the-process-for-returning-a-product?\" aria-expanded=\"false\" aria-controls=\"accordion-1475635515-content\" >\n\t\t\t<button class=\"toggle\" aria-label=\"Switch\"><i class=\"icon-angle-down\"><\/i><\/button>\n\t\t\t<span>Jak wygl\u0105da proces zwrotu produktu?<\/span>\n\t\t<\/a>\n\t\t<div id=\"accordion-1475635515-content\" class=\"accordion-inner\" aria-labelledby=\"accordion-1475635515-label\" >\n\t\t\t\n<p>Nasza polityka zwrot\u00f3w zezwala na zwroty w ci\u0105gu 15 dni od otrzymania przedmiotu. Aby zakwalifikowa\u0107 si\u0119 do zwrotu, upewnij si\u0119, \u017ce przedmiot jest w oryginalnym stanie, nienoszony lub nieu\u017cywany, z metkami i w oryginalnym opakowaniu. Potrzebny b\u0119dzie r\u00f3wnie\u017c paragon lub dow\u00f3d zakupu.<\/p>\n<p>Aby rozpocz\u0105\u0107 zwrot, skontaktuj si\u0119 z nami pod adresem info@vapexyz.com . Je\u015bli tw\u00f3j zwrot zostanie zatwierdzony, dostarczymy etykiet\u0119 zwrotu przesy\u0142ki oraz instrukcje, jak i gdzie wys\u0142a\u0107 paczk\u0119. Prosimy zwr\u00f3ci\u0107 uwag\u0119, \u017ce przedmioty zwr\u00f3cone bez uprzedniej autoryzacji nie b\u0119d\u0105 przyj\u0119te. W przypadku dalszych zapyta\u0144 dotycz\u0105cych zwrot\u00f3w, prosimy o kontakt z nami pod adresem  info@vapexyz.com .<\/p>\n\t\t<\/div>\n\t<\/div>\n\t\n<\/div>\n\t\t<\/div>\n\t\t\t\t\t<\/div>\n\n\t\n<\/div>","protected":false},"excerpt":{"rendered":"","protected":false},"author":1,"featured_media":0,"parent":0,"menu_order":0,"comment_status":"closed","ping_status":"closed","template":"page-blank-title-center.php","meta":{"_lmt_disableupdate":"no","_lmt_disable":"","footnotes":""},"class_list":["post-15872","page","type-page","status-publish","hentry"],"jetpack_sharing_enabled":true,"_links":{"self":[{"href":"https:\/\/vapexyz.com\/pl\/wp-json\/wp\/v2\/pages\/15872","targetHints":{"allow":["GET"]}}],"collection":[{"href":"https:\/\/vapexyz.com\/pl\/wp-json\/wp\/v2\/pages"}],"about":[{"href":"https:\/\/vapexyz.com\/pl\/wp-json\/wp\/v2\/types\/page"}],"author":[{"embeddable":true,"href":"https:\/\/vapexyz.com\/pl\/wp-json\/wp\/v2\/users\/1"}],"replies":[{"embeddable":true,"href":"https:\/\/vapexyz.com\/pl\/wp-json\/wp\/v2\/comments?post=15872"}],"version-history":[{"count":0,"href":"https:\/\/vapexyz.com\/pl\/wp-json\/wp\/v2\/pages\/15872\/revisions"}],"wp:attachment":[{"href":"https:\/\/vapexyz.com\/pl\/wp-json\/wp\/v2\/media?parent=15872"}],"curies":[{"name":"wp","href":"https:\/\/api.w.org\/{rel}","templated":true}]}}