{"id":13,"date":"2024-03-03T08:49:12","date_gmt":"2024-03-03T08:49:12","guid":{"rendered":"https:\/\/vapexyz.com\/?page_id=13"},"modified":"2026-03-07T07:42:53","modified_gmt":"2026-03-07T07:42:53","slug":"refund_returns","status":"publish","type":"page","link":"https:\/\/vapexyz.com\/pl\/refund_returns\/","title":{"rendered":"Polityka zwrot\u00f3w i refundacji"},"content":{"rendered":"<h2 dir=\"auto\">Polityka zwrot\u00f3w i refundacji<\/h2>\r\n<h3 dir=\"auto\"><strong>Zwroty:<\/strong><\/h3>\r\n<ul>\r\n<li>\r\n<p dir=\"auto\">Przyjmujemy zwroty wszystkich NIEOTWARTYCH, NIEU\u017bYWANYCH i NIEUSZKODZONYCH produkt\u00f3w w ci\u0105gu 7 dni od ich otrzymania. Zwroty b\u0119d\u0105 wydawane na oryginaln\u0105 form\u0119 p\u0142atno\u015bci po sprawdzeniu zwrotu. Prosimy o odczekanie 3-5 dni roboczych na przetworzenie po otrzymaniu produkt\u00f3w. Skontaktuj si\u0119 z nami pod adresem\u00a0<a href=\"mailto:info@vapexyz.com\" target=\"_blank\" rel=\"noopener\">info@vapexyz.com<\/a>\u00a0w celu uzyskania pomocy przy zwrocie.<\/p>\r\n<\/li>\r\n<li>\r\n<p dir=\"auto\">W przypadku zwrot\u00f3w zostanie dostarczona etykieta wysy\u0142kowa, ale nale\u017cy pami\u0119ta\u0107, \u017ce op\u0142aty za wysy\u0142k\u0119 zale\u017c\u0105 od naszego uznania i b\u0119d\u0105 si\u0119 r\u00f3\u017cni\u0107 w zale\u017cno\u015bci od przypadku. Op\u0142ata ta zostanie odj\u0119ta od ca\u0142kowitej kwoty zwrotu.<\/p>\r\n<\/li>\r\n<li>\r\n<p dir=\"auto\"><em>Uwaga: Wszystkie produkty vape s\u0105 NIEZWROTOWE po otwarciu lub uszkodzeniu uszczelki.<\/em><\/p>\r\n<\/li>\r\n<\/ul>\r\n<h3 dir=\"auto\"><strong>Gwarancja:<\/strong><\/h3>\r\n<ul>\r\n<li>Ze wzgl\u0119du na charakter produktu nie przyjmujemy zwrot\u00f3w u\u017cywanych produkt\u00f3w ze wzgl\u0119d\u00f3w higienicznych i bezpiecze\u0144stwa.<\/li>\r\n<\/ul>\r\n<h3 dir=\"auto\"><strong>Urz\u0105dzenia:<\/strong><\/h3>\r\n<ul>\r\n<li>Nasza polityka obejmuje 7-dniowy okres gwarancji od daty dostawy. Po up\u0142ywie 7 dni nale\u017cy z\u0142o\u017cy\u0107 reklamacj\u0119 u producenta.<\/li>\r\n<li>Gwarancja nie obejmuje zu\u017cycia, niew\u0142a\u015bciwego u\u017cytkowania, przypadkowych uszkodze\u0144, wyciek\u00f3w ani element\u00f3w zewn\u0119trznych.<\/li>\r\n<li>Oferujemy jednorazow\u0105 wymian\u0119 lub zwrot pieni\u0119dzy do pierwotnej formy p\u0142atno\u015bci.<\/li>\r\n<\/ul>\r\n<h3 dir=\"auto\"><strong>Jednorazowe:<\/strong><\/h3>\r\n<ul>\r\n<li>Gwarancja na jednorazowe waporyzatory zale\u017cy od naszego uznania w poszczeg\u00f3lnych przypadkach.<\/li>\r\n<li>E-mail\u00a0<a href=\"mailto:info@vapexyz.com\" target=\"_blank\" rel=\"noopener\">info@vapexyz.com<\/a>\u00a0w przypadku problem\u00f3w; wadliwe materia\u0142y jednorazowego u\u017cytku otrzymuj\u0105 zwrot pieni\u0119dzy na pierwotn\u0105 metod\u0119 p\u0142atno\u015bci.<\/li>\r\n<li>Nie oferujemy wymiany ani zamiennik\u00f3w waporyzator\u00f3w jednorazowych.<\/li>\r\n<\/ul>\r\n<h3 dir=\"auto\"><strong>Obj\u0119te zagadnienia:<\/strong><\/h3>\r\n<ul>\r\n<li>Dead on arrival, auto-firing, leaking on arrival.<\/li>\r\n<\/ul>\r\n<h3 dir=\"auto\"><strong>Nieobj\u0119te:<\/strong><\/h3>\r\n<ul>\r\n<li>Smak, oczekiwana \u017cywotno\u015b\u0107 vape.<\/li>\r\n<\/ul>\r\n<h3 dir=\"auto\"><strong>Przedmioty nieobj\u0119te ubezpieczeniem:<\/strong><\/h3>\r\n<ul>\r\n<li>Wymienne cewki, kapsu\u0142ki, szk\u0142o, zbiorniki, atomizery, e-sok.<\/li>\r\n<\/ul>\r\n<h3 dir=\"auto\"><strong>Wadliwe produkty:<\/strong><\/h3>\r\n<ul>\r\n<li>Zwroty wadliwych produkt\u00f3w kwalifikuj\u0105 si\u0119 do wymiany w ci\u0105gu 14 dni od daty zakupu.<\/li>\r\n<li>Klienci pokrywaj\u0105 wszystkie koszty wysy\u0142ki w przypadku zwrot\u00f3w wadliwych produkt\u00f3w, chyba \u017ce zosta\u0142y one odebrane martwe.<\/li>\r\n<\/ul>\r\n<h3 dir=\"auto\"><strong>Brakuj\u0105ce\/uszkodzone przedmioty:<\/strong><\/h3>\r\n<ul>\r\n<li>Brakuj\u0105ce\/uszkodzone przedmioty nale\u017cy zg\u0142osi\u0107 w ci\u0105gu 48 godzin od ich otrzymania. Produkty szklane i akcesoria nie s\u0105 obj\u0119te gwarancj\u0105, chyba \u017ce zostan\u0105 uszkodzone w momencie dostawy.<\/li>\r\n<\/ul>\r\n<h3 dir=\"auto\"><strong>Anulowanie zam\u00f3wienia:<\/strong><\/h3>\r\n<ul>\r\n<li>Kontakt\u00a0<a href=\"mailto:info@vapexyz.com\" target=\"_blank\" rel=\"noopener\">info@vapexyz.com<\/a>\u00a0z informacj\u0105 \"Cancel Request: Zam\u00f3wienie #\" w celu anulowania.<\/li>\r\n<li>Po wys\u0142aniu zam\u00f3wienia nie mo\u017cna anulowa\u0107. Klienci mog\u0105 odrzuci\u0107 paczk\u0119 lub zwr\u00f3ci\u0107 j\u0105 w celu uzyskania zwrotu pieni\u0119dzy.<\/li>\r\n<li>Zwroty s\u0105 dokonywane przy u\u017cyciu oryginalnej metody p\u0142atno\u015bci. Je\u015bli zwrot \u015brodk\u00f3w na pierwotn\u0105 metod\u0119 p\u0142atno\u015bci nie jest mo\u017cliwy, mo\u017ce zosta\u0107 przyznany kredyt sklepowy.<\/li>\r\n<\/ul>\r\n<h3 dir=\"auto\"><strong>Zgubione i skradzione paczki:<\/strong><\/h3>\r\n<ul>\r\n<li>VapeXYZ nie ponosi odpowiedzialno\u015bci za zagubione lub skradzione paczki po potwierdzeniu dostawy. Reklamacje nale\u017cy sk\u0142ada\u0107 bezpo\u015brednio u przewo\u017anika.<\/li>\r\n<\/ul>","protected":false},"excerpt":{"rendered":"<p>Refund and Returns Policy Returns: We accept returns of all UNOPENED, UNUSED, and UNDAMAGED products within 7 days of receipt. Refunds will be issued to the original form of payment after a return inspection. Please allow 3-5 business days for processing once we receive the items. Contact us at\u00a0info@vapexyz.com\u00a0for return assistance. A shipping label will [&#8230;]\n","protected":false},"author":1,"featured_media":0,"parent":0,"menu_order":0,"comment_status":"closed","ping_status":"closed","template":"","meta":{"_lmt_disableupdate":"no","_lmt_disable":"","footnotes":""},"class_list":["post-13","page","type-page","status-publish","hentry"],"jetpack_sharing_enabled":true,"_links":{"self":[{"href":"https:\/\/vapexyz.com\/pl\/wp-json\/wp\/v2\/pages\/13","targetHints":{"allow":["GET"]}}],"collection":[{"href":"https:\/\/vapexyz.com\/pl\/wp-json\/wp\/v2\/pages"}],"about":[{"href":"https:\/\/vapexyz.com\/pl\/wp-json\/wp\/v2\/types\/page"}],"author":[{"embeddable":true,"href":"https:\/\/vapexyz.com\/pl\/wp-json\/wp\/v2\/users\/1"}],"replies":[{"embeddable":true,"href":"https:\/\/vapexyz.com\/pl\/wp-json\/wp\/v2\/comments?post=13"}],"version-history":[{"count":0,"href":"https:\/\/vapexyz.com\/pl\/wp-json\/wp\/v2\/pages\/13\/revisions"}],"wp:attachment":[{"href":"https:\/\/vapexyz.com\/pl\/wp-json\/wp\/v2\/media?parent=13"}],"curies":[{"name":"wp","href":"https:\/\/api.w.org\/{rel}","templated":true}]}}