{"id":15906,"date":"2024-03-03T08:29:52","date_gmt":"2024-03-03T08:29:52","guid":{"rendered":"https:\/\/vapexyz.com\/?page_id=15906"},"modified":"2026-03-07T07:51:56","modified_gmt":"2026-03-07T07:51:56","slug":"verzendbeleid","status":"publish","type":"page","link":"https:\/\/vapexyz.com\/nl\/shipping-policy\/","title":{"rendered":"Verzendbeleid"},"content":{"rendered":"<h2 dir=\"auto\"><strong>Verzendbeleid<\/strong><\/h2>\n<h3 dir=\"auto\"><strong>1. Orderverwerking en verzending:<\/strong><\/h3>\n<ul>\n<li>Bestellingen worden binnen 1-3 werkdagen verwerkt en verzonden. Verzending duurt doorgaans 7-15 werkdagen om uw pakket te bezorgen. Houd er rekening mee dat wij in het weekend geen bestellingen verzenden.<\/li>\n<\/ul>\n<h3 dir=\"auto\"><strong>2. Trackinginformatie:<\/strong><\/h3>\n<ul>\n<li>Zodra uw bestelling is verzonden, sturen wij u via e-mail een trackingnummer. U kunt uw zending volgen met behulp van het opgegeven trackingnummer op de website:\u00a0<a href=\"https:\/\/www.17track.net\/en\" target=\"_blank\" rel=\"noopener\">17track.net<\/a>. Het kan 1-2 dagen duren voordat trackingupdates op de website worden weergegeven.<\/li>\n<\/ul>\n<h3 dir=\"auto\"><strong>3. Orderwijzigingen:<\/strong><\/h3>\n<ul>\n<li>U kunt op elk moment een bestelling annuleren of het verzendadres bijwerken voordat de producten worden verzonden. Zodra de bestelling is verzonden, kunnen we geen restituties of adreswijzigingen meer verwerken. Gratis verzending is beschikbaar in de VS en Australi\u00eb.<\/li>\n<\/ul>\n<h3 dir=\"auto\"><strong>4. Verzendmethoden en accijnsbetaalde leveringen:<\/strong><\/h3>\n<ul>\n<li>Voor bepaalde landen bieden wij Delivery Duty Paid (DDP)-methoden aan waarvoor geen douane-inklaring of invoerrechten aan uw kant vereist zijn. De landen en bijbehorende verzendmethoden zijn als volgt:\n<ul>\n<li><strong>VERENIGDE STATEN VAN AMERIKA:<\/strong>\u00a0UPS Express (exclusief Alaska en Hawa\u00ef)<\/li>\n<li><strong>VK:<\/strong>\u00a0Lokale DPD Express<\/li>\n<li><strong>Europa:<\/strong>\u00a0UPS Express\/DPD Express\/DHL Express<\/li>\n<li><strong>Europese landen met DDP-methode:<\/strong>\u00a0Duitsland, Belgi\u00eb, Luxemburg, Nederland, Tsjechi\u00eb, Polen, Kroati\u00eb, Slowakije, Sloveni\u00eb, Finland, Denemarken, Zweden, Oostenrijk, Frankrijk, Itali\u00eb, Hongarije, Bulgarije, Litouwen, Estland, Letland, Griekenland, Ierland, Portugal, Spanje.<\/li>\n<\/ul>\n<\/li>\n<\/ul>\n<h4 dir=\"auto\"><strong>5. Verzendtijden voor specifieke landen:<\/strong><\/h4>\n<ul>\n<li>Hieronder vindt u de verzendmethoden en geschatte verzendtijden voor specifieke landen:<\/li>\n<\/ul>\n<table>\n<thead>\n<tr>\n<th>Land<\/th>\n<th>Verzendmethode<\/th>\n<th>Verzendtijd<\/th>\n<\/tr>\n<\/thead>\n<tbody>\n<tr>\n<td>VS<\/td>\n<td>Lokale UPS-aarding<\/td>\n<td>10-15 dagen<\/td>\n<\/tr>\n<tr>\n<td>Groot-Brittanni\u00eb<\/td>\n<td>Lokale DPD Express<\/td>\n<td>7-12 dagen<\/td>\n<\/tr>\n<tr>\n<td>Duitsland<\/td>\n<td>UPS\/DPD\/DHL Duitsland<\/td>\n<td>8-15 dagen<\/td>\n<\/tr>\n<tr>\n<td>Frankrijk<\/td>\n<td>UPS\/DPD\/DHL Duitsland<\/td>\n<td>10-15 dagen<\/td>\n<\/tr>\n<tr>\n<td>Belgi\u00eb<\/td>\n<td>UPS\/DPD\/DHL Duitsland<\/td>\n<td>10-15 dagen<\/td>\n<\/tr>\n<tr>\n<td>Luxemburg<\/td>\n<td>UPS\/DPD\/DHL Duitsland<\/td>\n<td>10-15 dagen<\/td>\n<\/tr>\n<tr>\n<td>Nederland<\/td>\n<td>UPS\/DPD\/DHL Duitsland<\/td>\n<td>10-15 dagen<\/td>\n<\/tr>\n<tr>\n<td>Tsjechische Republiek<\/td>\n<td>UPS\/DPD\/DHL Duitsland<\/td>\n<td>10-15 dagen<\/td>\n<\/tr>\n<tr>\n<td>Polen<\/td>\n<td>UPS\/DPD\/DHL Duitsland<\/td>\n<td>10-15 dagen<\/td>\n<\/tr>\n<tr>\n<td>Kroati\u00eb<\/td>\n<td>UPS\/DPD\/DHL Duitsland<\/td>\n<td>10-15 dagen<\/td>\n<\/tr>\n<tr>\n<td>Slowakije<\/td>\n<td>UPS\/DPD\/DHL Duitsland<\/td>\n<td>10-15 dagen<\/td>\n<\/tr>\n<tr>\n<td>Sloveni\u00eb<\/td>\n<td>UPS\/DPD\/DHL Duitsland<\/td>\n<td>10-15 dagen<\/td>\n<\/tr>\n<tr>\n<td>Finland<\/td>\n<td>UPS\/DPD\/DHL Duitsland<\/td>\n<td>10-15 dagen<\/td>\n<\/tr>\n<tr>\n<td>Denemarken<\/td>\n<td>UPS\/DPD\/DHL Duitsland<\/td>\n<td>10-15 dagen<\/td>\n<\/tr>\n<tr>\n<td>Zweden<\/td>\n<td>UPS\/DPD\/DHL Duitsland<\/td>\n<td>10-15 dagen<\/td>\n<\/tr>\n<tr>\n<td>Oostenrijk<\/td>\n<td>UPS\/DPD\/DHL Duitsland<\/td>\n<td>10-15 dagen<\/td>\n<\/tr>\n<tr>\n<td>Itali\u00eb<\/td>\n<td>UPS\/DPD\/DHL Duitsland<\/td>\n<td>10-15 dagen<\/td>\n<\/tr>\n<tr>\n<td>Hongarije<\/td>\n<td>UPS\/DPD\/DHL Duitsland<\/td>\n<td>10-15 dagen<\/td>\n<\/tr>\n<tr>\n<td>Litouwen<\/td>\n<td>UPS\/DPD\/DHL Duitsland<\/td>\n<td>10-15 dagen<\/td>\n<\/tr>\n<tr>\n<td>Estland<\/td>\n<td>UPS\/DPD\/DHL Duitsland<\/td>\n<td>10-15 dagen<\/td>\n<\/tr>\n<tr>\n<td>Letland<\/td>\n<td>UPS\/DPD\/DHL Duitsland<\/td>\n<td>10-15 dagen<\/td>\n<\/tr>\n<tr>\n<td>Griekenland<\/td>\n<td>UPS\/DPD\/DHL Duitsland<\/td>\n<td>10-15 dagen<\/td>\n<\/tr>\n<tr>\n<td>Ierland<\/td>\n<td>UPS\/DPD\/DHL Duitsland<\/td>\n<td>10-15 dagen<\/td>\n<\/tr>\n<tr>\n<td>Portugal<\/td>\n<td>UPS\/DPD\/DHL Duitsland<\/td>\n<td>10-15 dagen<\/td>\n<\/tr>\n<tr>\n<td>Spanje<\/td>\n<td>UPS\/DPD\/DHL Duitsland<\/td>\n<td>10-15 dagen<\/td>\n<\/tr>\n<tr>\n<td>VAE (Dubai)<\/td>\n<td>Speciale lijn voor Dubai<\/td>\n<td>12-18 dagen<\/td>\n<\/tr>\n<tr>\n<td>Zuid-Afrika<\/td>\n<td>Speciale lijn voor Zuid-Afrika<\/td>\n<td>15-25 dagen<\/td>\n<\/tr>\n<tr>\n<td>Vietnam<\/td>\n<td>Speciale lijn voor Vietnam<\/td>\n<td>3-5 dagen<\/td>\n<\/tr>\n<tr>\n<td>west Maleisi\u00eb<\/td>\n<td>Speciale lijn voor Maleisi\u00eb<\/td>\n<td>4-8 dagen<\/td>\n<\/tr>\n<\/tbody>\n<\/table>\n<h3 dir=\"auto\"><strong>6. Inklaring en invoerrechten:<\/strong><\/h3>\n<ul>\n<li>Voor landen die hierboven niet zijn vermeld, zijn inklaring en invoerrechten vereist bij aankomst van het pakket. Neem contact op met uw plaatselijke douanekantoor voor informatie over toepasselijke belastingen. Bedrijfsvergunningen kunnen ook door de douane worden aangevraagd.<\/li>\n<\/ul>\n<p dir=\"auto\">We streven ernaar om effici\u00ebnte en transparante verzenddiensten aan te bieden bij VapeXYZ. Als u vragen heeft of verdere hulp nodig heeft, aarzel dan niet om contact met ons op te nemen.<\/p>","protected":false},"excerpt":{"rendered":"<p>Shipping Policy 1. Order Processing and Shipping: Orders will be processed and shipped within 1-3 business days. Shipping typically takes 7-15 business days to deliver your package. Please note that we do not ship orders on weekends. 2. Tracking Information: Once your order is shipped, we will provide you with a tracking number via email. [&#8230;]\n","protected":false},"author":1,"featured_media":0,"parent":0,"menu_order":0,"comment_status":"closed","ping_status":"closed","template":"page-blank-title-center.php","meta":{"_lmt_disableupdate":"no","_lmt_disable":"","footnotes":""},"class_list":["post-15906","page","type-page","status-publish","hentry"],"jetpack_sharing_enabled":true,"_links":{"self":[{"href":"https:\/\/vapexyz.com\/nl\/wp-json\/wp\/v2\/pages\/15906","targetHints":{"allow":["GET"]}}],"collection":[{"href":"https:\/\/vapexyz.com\/nl\/wp-json\/wp\/v2\/pages"}],"about":[{"href":"https:\/\/vapexyz.com\/nl\/wp-json\/wp\/v2\/types\/page"}],"author":[{"embeddable":true,"href":"https:\/\/vapexyz.com\/nl\/wp-json\/wp\/v2\/users\/1"}],"replies":[{"embeddable":true,"href":"https:\/\/vapexyz.com\/nl\/wp-json\/wp\/v2\/comments?post=15906"}],"version-history":[{"count":0,"href":"https:\/\/vapexyz.com\/nl\/wp-json\/wp\/v2\/pages\/15906\/revisions"}],"wp:attachment":[{"href":"https:\/\/vapexyz.com\/nl\/wp-json\/wp\/v2\/media?parent=15906"}],"curies":[{"name":"wp","href":"https:\/\/api.w.org\/{rel}","templated":true}]}}