{"id":61910,"date":"2025-12-24T09:30:59","date_gmt":"2025-12-24T09:30:59","guid":{"rendered":"https:\/\/vapexyz.com\/?post_type=product&#038;p=61910"},"modified":"2026-01-13T10:01:55","modified_gmt":"2026-01-13T10:01:55","slug":"bang-legenda-140k-140000-pff-lielas-ietilpibas-komplekts-vienreizejas-lietosanas-vape-vairumtirdznieciba-lielapjoma-pirkums-ilgstoss-liels-tvertne","status":"publish","type":"product","link":"https:\/\/vapexyz.com\/lv\/product\/bang-legend-140k-140000-puffs-massive-capacity-kit-disposable-vape-wholesale-bulk-buy-long-lasting-big-tank\/","title":{"rendered":"BANG LEGEND 140K 140000 Iztur\u012bbas Lielas Ietilp\u012bbas Komplekts Vienreiz\u0113j\u0101s Lieto\u0161anas Vape Viela Lielapjoma Pirkums Ilgsto\u0161s Liels Tvertne"},"content":{"rendered":"<h2 style=\"text-align: center; font-size: 28px; margin-bottom: 30px; background: linear-gradient(to right, #ff7e5f, #feb47b, #8e44ad); padding-bottom: 15px; border-bottom: 3px solid;\">\u2728 <a href=\"https:\/\/vapexyz.com\/lv\/produkta-kategorija\/spradziens\/\">BANG<\/a> LEGENDA 140K 140000 Iztur\u012bbas Lielas Ietilp\u012bbas Komplekts Vienreiz\u0113j\u0101s Lieto\u0161anas Vape Viela Lielapjoma Pirkums<\/h2>\n<p style=\"font-size: 17px; margin-bottom: 25px; text-align: center;\">Sveiki visi! Laipni l\u016bdzam kr\u0101sainaj\u0101 pasaul\u0113 <span style=\"background: linear-gradient(to right, #ff7e5f, #8e44ad); font-weight: bold;\">VapeXYZ<\/span>. M\u0113s esam \u013coti satraukti, lai \u0161odien jums par\u0101d\u012btu kaut ko patie\u0161\u0101m p\u0101rsteidzo\u0161u. \u0160is ir BANG LEGEND 140K. Ja j\u016bs mekl\u0113jat vienreizlietojamu vape, kas ilgst \u013coti, \u013coti ilgi un izskat\u0101s fantastiski, \u0161\u012b ir ide\u0101la izv\u0113le jums. M\u0113s esam j\u016bsu galven\u0101 platforma vairumtirdzniec\u012bbai Eirop\u0101, gatava vis\u0101m j\u016bsu lielaj\u0101m pirkumu vajadz\u012bb\u0101m.<\/p>\n<div style=\"flex-wrap: wrap; gap: 20px; justify-content: center; margin-bottom: 40px;\">\n<div style=\"background: #fff; border-radius: 25px; padding: 25px; width: 100%; max-width: 350px; border: 2px solid transparent;\">\n<h3 style=\"margin-top: 0; font-size: 22px; background: linear-gradient(to right, #ff7e5f, #feb47b);\">\ud83c\udfc6 Gal\u012bgais Le\u0123ends<\/h3>\n<p>\u0160is nav tikai parasts ier\u012bce. BANG LEGEND nodro\u0161ina neticamus 140 000 ies\u016bk\u0161an\u0101s! Tas ir izstr\u0101d\u0101ts, lai kalpotu ned\u0113\u013c\u0101m vai pat m\u0113ne\u0161iem. Tas ir liela ietilp\u012bbas komplekts, kas turpina darboties, kad citi jau apst\u0101jas.<\/p>\n<\/div>\n<div style=\"background: #fff; border-radius: 25px; padding: 25px; width: 100%; max-width: 350px; border: 2px solid transparent;\">\n<h3 style=\"margin-top: 0; font-size: 22px; background: linear-gradient(to right, #8e44ad, #c0392b);\">\ud83d\udd04 Tr\u012bsk\u0101r\u0161o prieku sist\u0113ma<\/h3>\n<p>Visiespaid\u012bg\u0101k\u0101 iez\u012bme atrodas iek\u0161pus\u0113. T\u0101 vien\u0101 korpus\u0101 satur tr\u012bs atsevi\u0161\u0137as sada\u013cas. Tas noz\u012bm\u0113, ka j\u016bs ieg\u016bstat tr\u012bs da\u017e\u0101das iesp\u0113jas baud\u012b\u0161anai bez papildu ier\u012b\u010du n\u0113s\u0101\u0161anas. J\u016bs varat viegli p\u0101rsl\u0113gties starp t\u0101m!<\/p>\n<\/div>\n<div style=\"background: #fff; border-radius: 25px; padding: 25px; width: 100%; max-width: 350px; border: 2px solid transparent;\">\n<h3 style=\"margin-top: 0; font-size: 22px; background: linear-gradient(to right, #11998e, #38ef7d);\">\ud83d\udd0b Vienm\u0113r Gatavs Jauda<\/h3>\n<p>Ar 550mAh akumulatoru tas ir jaud\u012bgs. Lab\u0101k\u0101 da\u013ca ir t\u0101, ka tas ir uzl\u0101d\u0113jams ar Type-C portu. J\u016bs vienm\u0113r varat b\u016bt dro\u0161i, ka izmantojat katru milz\u012bg\u0101s ietilp\u012bbas da\u013cu iek\u0161pus\u0113.<\/p>\n<\/div>\n<\/div>\n<h3 style=\"text-align: center; font-size: 24px; margin-bottom: 25px; background: linear-gradient(to right, #ff512f, #dd2476);\">\ud83c\udf08 J\u016bsu Kr\u0101saino Opciju Saraksts (3-in-1 Izv\u0113les)<\/h3>\n<p style=\"text-align: center; margin-bottom: 20px;\">Katrs cipars ir viens br\u012bni\u0161\u0137\u012bgs ier\u012bce, kas satur tr\u012bs aizraujo\u0161as izv\u0113les!<\/p>\n<div style=\"background: linear-gradient(135deg, #fff5f7 0%, #f0f4ff 100%); padding: 25px; border-radius: 25px; margin-bottom: 40px; border: 3px dotted #ffb6c1; color: #555; font-size: 15px;\">\n<p style=\"margin: 10px 0;\">1. Arb\u016bzu sald\u0113jums &amp; Zeme\u0146u li\u010dijs &amp; Gumijas l\u0101\u010di<\/p>\n<p style=\"margin: 10px 0;\">2. Persiku sald\u0113jums &amp; Melle\u0146u arb\u016bzs &amp; Zeme\u0146u citrona ledus<\/p>\n<p style=\"margin: 10px 0;\">3. V\u012bnogu Ledus &amp; Zeme\u0146u Mango &amp; Jaukto Ogu<\/p>\n<p style=\"margin: 10px 0;\">4. Mellenes Ledus &amp; Persiku Mango Arb\u016bzs &amp; M\u012blest\u012bba 66<\/p>\n<p style=\"margin: 10px 0;\">5. Mellenes avenes un kivi  Pasifloras gur\u0101na un anan\u0101su kokosriekstu<\/p>\n<p style=\"margin: 10px 0;\">6. Zeme\u0146u Arb\u016bzu &amp; Melle\u0146u Persiku &amp; Upene Anan\u0101su Ledus<\/p>\n<p style=\"margin: 10px 0;\">7. Zeme\u0146u Kiwi &amp; Arb\u016bzu Bubblegum &amp; Melle\u0146u \u0136ir\u0161u<\/p>\n<p style=\"margin: 10px 0;\">8. Melnais P\u016b\u0137is Ledus &amp; Zeme\u0146u Mamba &amp; Ave\u0146u V\u012bnogas<\/p>\n<p style=\"margin: 10px 0;\">9. Mango Persiks &amp; Mellenes Sarkan\u0101 Bull &amp; \u0100bols V\u012bnogas<\/p>\n<p style=\"margin: 10px 0;\">10. Tr\u012bsk\u0101r\u0161\u0101 Mango &amp; Ave\u0146u Citrons &amp; Melle\u0146u V\u012bnogas<\/p>\n<p style=\"margin: 10px 0;\">11. Citrona Laims &amp; Aloe Mango Melone &amp; Arb\u016bze P\u016b\u0137a Auglis<\/p>\n<p style=\"margin: 10px 0;\">12. Ban\u0101nu sald\u0113jums &amp; Zeme\u0146u sald\u0113jums &amp; Arb\u016bzu ogu sald\u0113jums<\/p>\n<\/div>\n<h3 style=\"text-align: center; font-size: 24px; margin-bottom: 25px; background: linear-gradient(to right, #00c6ff, #0072ff);\">Kr\u0101sain\u0101 sal\u012bdzin\u0101\u0161ana<\/h3>\n<div style=\"border-radius: 20px;\">\n<table style=\"width: 100%; border-collapse: separate; border-spacing: 0; margin-bottom: 0; font-size: 16px; background-color: #fff;\">\n<thead>\n<tr style=\"background: linear-gradient(to right, #00c6ff, #0072ff); color: white;\">\n<th style=\"padding: 18px; text-align: left; border-top-left-radius: 20px;\">Funkcija<\/th>\n<th style=\"padding: 18px; text-align: left;\">BANG LEGEND 140K<\/th>\n<th style=\"padding: 18px; text-align: left; border-top-right-radius: 20px;\">Parast\u0101 Vienreizlietojam\u0101 Vape<\/th>\n<\/tr>\n<\/thead>\n<tbody>\n<tr style=\"background-color: #f0faff;\">\n<td style=\"padding: 15px; border-bottom: 1px solid #e0e0e0;\">Kop\u0113j\u0101 lieto\u0161ana<\/td>\n<td style=\"padding: 15px; border-bottom: 1px solid #e0e0e0; color: #0072ff; font-weight: bold;\">140 000 Puffs (Wow!)<\/td>\n<td style=\"padding: 15px; border-bottom: 1px solid #e0e0e0;\">5 000 \u2013 10 000 Puffs<\/td>\n<\/tr>\n<tr>\n<td style=\"padding: 15px; border-bottom: 1px solid #e0e0e0;\">Iek\u0161\u0113j\u0101 sist\u0113ma<\/td>\n<td style=\"padding: 15px; border-bottom: 1px solid #e0e0e0; color: #0072ff; font-weight: bold;\">3 atsevi\u0161\u0137i tvertnes vien\u0101<\/td>\n<td style=\"padding: 15px; border-bottom: 1px solid #e0e0e0;\">Tik viens tanks<\/td>\n<\/tr>\n<tr style=\"background-color: #f0faff;\">\n<td style=\"padding: 15px; border-bottom: 1px solid #e0e0e0;\">Spoles tips<\/td>\n<td style=\"padding: 15px; border-bottom: 1px solid #e0e0e0;\">1,0 omu acu spole<\/td>\n<td style=\"padding: 15px; border-bottom: 1px solid #e0e0e0;\">Standarta vads<\/td>\n<\/tr>\n<tr>\n<td style=\"padding: 15px;\">Uzl\u0101d\u0113jams<\/td>\n<td style=\"padding: 15px; color: #0072ff; font-weight: bold;\">J\u0101 (C tips)<\/td>\n<td style=\"padding: 15px;\">Da\u017ereiz N\u0113<\/td>\n<\/tr>\n<\/tbody>\n<\/table>\n<\/div>\n<h3 style=\"font-size: 24px; margin-bottom: 25px; margin-top: 40px; background: linear-gradient(to right, #ff00cc, #333399);\">\u2753 Bie\u017ei uzdotie jaut\u0101jumi (FAQ)<\/h3>\n<div style=\"margin-bottom: 15px; background: #fff; padding: 20px; border-radius: 20px; border-left: 5px solid;\">\n<p style=\"font-size: 18px; margin-bottom: 10px; background: linear-gradient(to right, #ff00cc, #333399); font-weight: bold;\">Kur es varu nopirkt \u0161o p\u0101rsteidzo\u0161o vienreiz lietojamo vape?<\/p>\n<p style=\"margin-top: 0; color: #666;\">J\u016bs varat to ieg\u0101d\u0101ties tie\u0161i \u0161eit VapeXYZ! M\u0113s esam j\u016bsu uzticam\u0101 tie\u0161saistes vairumtirdzniec\u012bbas platforma Eiropai.<\/p>\n<\/div>\n<div style=\"margin-bottom: 15px; background: #fff; padding: 20px; border-radius: 20px; border-left: 5px solid;\">\n<p style=\"font-size: 18px; margin-bottom: 10px; background: linear-gradient(to right, #ff9966, #ff5e62); font-weight: bold;\">Vai ir minim\u0101ls pas\u016bt\u012bjuma daudzums?<\/p>\n<p style=\"margin-top: 0; color: #666;\">N\u0113! Mums nav minim\u0101l\u0101 pas\u016bt\u012bjuma daudzuma (MOQ). J\u016bs varat pas\u016bt\u012bt da\u017eus, lai izm\u0113\u0123in\u0101tu, vai liel\u0101 daudzum\u0101 savam veikalam. M\u0113s esam gatavi pal\u012bdz\u0113t.<\/p>\n<\/div>\n<div style=\"margin-bottom: 15px; background: #fff; padding: 20px; border-radius: 20px; border-left: 5px solid;\">\n<p style=\"font-size: 18px; margin-bottom: 10px; background: linear-gradient(to right, #4facfe, #00f2fe); font-weight: bold;\">Cik \u0101tra ir pieg\u0101de?<\/p>\n<p style=\"margin-top: 0; color: #666;\">Tas ir \u013coti \u0101tri! M\u0113s nos\u016bt\u0101m no m\u016bsu Eiropas noliktavas, un j\u016bsu pakete parasti ierodas 2 l\u012bdz 7 dienu laik\u0101.<\/p>\n<\/div>\n<p style=\"text-align: center; margin-top: 50px; font-size: 20px; color: #555;\">Gatavojieties izjust le\u0123endu? Apmekl\u0113jiet <a href=\"https:\/\/vapexyz.com\/lv\/\"><span style=\"background: linear-gradient(to right, #ff7e5f, #8e44ad); font-weight: bold;\">VapeXYZ<\/span><\/a> un ieg\u016bsti savu BANG LEGEND 140K \u0161odien!<\/p>\n<p><img loading=\"lazy\" decoding=\"async\" class=\"aligncenter wp-image-61963 size-full\" src=\"https:\/\/vapexyz.com\/wp-content\/uploads\/2025\/12\/BANG-LEGEND-140K-140000-Puffs-Massive-Capacity-Kit-Disposable-Vape-Wholesale-Bulk-Buy-Long-Lasting-Big-Tank-1-scaled.webp\" alt=\"BANG LEGEND 140K 140000 Iztur\u012bbas Lielas Ietilp\u012bbas Komplekts Vienreiz\u0113j\u0101s Lieto\u0161anas Vape Viela Lielapjoma Pirkums Ilgsto\u0161s Liels Tvertne\" width=\"1595\" height=\"2560\" title=\"\" srcset=\"https:\/\/vapexyz.com\/wp-content\/uploads\/2025\/12\/BANG-LEGEND-140K-140000-Puffs-Massive-Capacity-Kit-Disposable-Vape-Wholesale-Bulk-Buy-Long-Lasting-Big-Tank-1-scaled.webp 1595w, https:\/\/vapexyz.com\/wp-content\/uploads\/2025\/12\/BANG-LEGEND-140K-140000-Puffs-Massive-Capacity-Kit-Disposable-Vape-Wholesale-Bulk-Buy-Long-Lasting-Big-Tank-1-scaled-312x500.webp 312w, https:\/\/vapexyz.com\/wp-content\/uploads\/2025\/12\/BANG-LEGEND-140K-140000-Puffs-Massive-Capacity-Kit-Disposable-Vape-Wholesale-Bulk-Buy-Long-Lasting-Big-Tank-1-scaled-638x1024.webp 638w, https:\/\/vapexyz.com\/wp-content\/uploads\/2025\/12\/BANG-LEGEND-140K-140000-Puffs-Massive-Capacity-Kit-Disposable-Vape-Wholesale-Bulk-Buy-Long-Lasting-Big-Tank-1-scaled-768x1233.webp 768w, https:\/\/vapexyz.com\/wp-content\/uploads\/2025\/12\/BANG-LEGEND-140K-140000-Puffs-Massive-Capacity-Kit-Disposable-Vape-Wholesale-Bulk-Buy-Long-Lasting-Big-Tank-1-scaled-957x1536.webp 957w, https:\/\/vapexyz.com\/wp-content\/uploads\/2025\/12\/BANG-LEGEND-140K-140000-Puffs-Massive-Capacity-Kit-Disposable-Vape-Wholesale-Bulk-Buy-Long-Lasting-Big-Tank-1-scaled-1276x2048.webp 1276w, https:\/\/vapexyz.com\/wp-content\/uploads\/2025\/12\/BANG-LEGEND-140K-140000-Puffs-Massive-Capacity-Kit-Disposable-Vape-Wholesale-Bulk-Buy-Long-Lasting-Big-Tank-1-scaled-7x12.webp 7w, https:\/\/vapexyz.com\/wp-content\/uploads\/2025\/12\/BANG-LEGEND-140K-140000-Puffs-Massive-Capacity-Kit-Disposable-Vape-Wholesale-Bulk-Buy-Long-Lasting-Big-Tank-1-scaled-510x819.webp 510w\" sizes=\"auto, (max-width: 1595px) 100vw, 1595px\" \/><\/p>","protected":false},"excerpt":{"rendered":"<p>BANG LEGEND 140K ir liela ietilp\u012bba vienreiz lietojama vape, kas pied\u0101v\u0101 neticamus 140 000 ies\u016bk\u0161an\u0101s un unik\u0101lu 3-in-1 dizainu, kas \u013cauj p\u0101rsl\u0113gties starp trim da\u017e\u0101d\u0101m iesp\u0113j\u0101m vien\u0101 uzl\u0101d\u0113jam\u0101 ier\u012bc\u0113.<\/p>","protected":false},"featured_media":61965,"comment_status":"open","ping_status":"closed","template":"","meta":{"_lmt_disableupdate":"no","_lmt_disable":""},"product_brand":[],"product_cat":[821,1100,947,935,934,927,929,928,930,933,939,932,938,931,936,937,1017,948,949,946,950,951,953,1084,820,987],"product_tag":[],"class_list":{"0":"post-61910","1":"product","2":"type-product","3":"status-publish","4":"has-post-thumbnail","6":"product_cat-bang","7":"product_cat-140000-puff-vapes","8":"product_cat-big-puffs-vapes","9":"product_cat-bulk-buy-disposable-vapes-in-austria","10":"product_cat-bulk-buy-disposable-vapes-in-belgium","11":"product_cat-bulk-buy-disposable-vapes-in-europe","12":"product_cat-bulk-buy-disposable-vapes-in-france","13":"product_cat-bulk-buy-disposable-vapes-in-germany","14":"product_cat-bulk-buy-disposable-vapes-in-italy","15":"product_cat-bulk-buy-disposable-vapes-in-netherlands","16":"product_cat-bulk-buy-disposable-vapes-in-norway","17":"product_cat-bulk-buy-disposable-vapes-in-poland","18":"product_cat-bulk-buy-disposable-vapes-in-portugal","19":"product_cat-bulk-buy-disposable-vapes-in-spain","20":"product_cat-bulk-buy-disposable-vapes-in-sweden","21":"product_cat-bulk-buy-disposable-vapes-in-switzerland","22":"product_cat-buy-best-disposable-vape-flavors","23":"product_cat-crystal-vapes","24":"product_cat-digital-box-vapes","25":"product_cat-disposable-vapes-series","26":"product_cat-dual-mesh-vapes","27":"product_cat-lower-nicotine-vapes","28":"product_cat-rechargeable-vapes","29":"product_cat-three-flavor-vapes","30":"product_cat-vape","31":"product_cat-vape-shop-by-puffs","33":"first","34":"instock","35":"shipping-taxable","36":"purchasable","37":"product-type-variable","38":"has-default-attributes"},"jetpack_sharing_enabled":true,"tiered_pricing_type":"fixed","tiered_pricing_fixed_rules":[],"tiered_pricing_product_settings":{"layout":"default","base_unit_name":{"singular":null,"plural":null},"default_variation":null},"tiered_pricing_minimum_quantity":null,"tiered_pricing_roles_data":[],"tiered_pricing_percentage_rules":[],"tiered_pricing_maximum_quantity":null,"tiered_pricing_quantity_step":null,"_links":{"self":[{"href":"https:\/\/vapexyz.com\/lv\/wp-json\/wp\/v2\/product\/61910","targetHints":{"allow":["GET"]}}],"collection":[{"href":"https:\/\/vapexyz.com\/lv\/wp-json\/wp\/v2\/product"}],"about":[{"href":"https:\/\/vapexyz.com\/lv\/wp-json\/wp\/v2\/types\/product"}],"replies":[{"embeddable":true,"href":"https:\/\/vapexyz.com\/lv\/wp-json\/wp\/v2\/comments?post=61910"}],"wp:featuredmedia":[{"embeddable":true,"href":"https:\/\/vapexyz.com\/lv\/wp-json\/wp\/v2\/media\/61965"}],"wp:attachment":[{"href":"https:\/\/vapexyz.com\/lv\/wp-json\/wp\/v2\/media?parent=61910"}],"wp:term":[{"taxonomy":"product_brand","embeddable":true,"href":"https:\/\/vapexyz.com\/lv\/wp-json\/wp\/v2\/product_brand?post=61910"},{"taxonomy":"product_cat","embeddable":true,"href":"https:\/\/vapexyz.com\/lv\/wp-json\/wp\/v2\/product_cat?post=61910"},{"taxonomy":"product_tag","embeddable":true,"href":"https:\/\/vapexyz.com\/lv\/wp-json\/wp\/v2\/product_tag?post=61910"}],"curies":[{"name":"wp","href":"https:\/\/api.w.org\/{rel}","templated":true}]}}