{"id":60021,"date":"2025-12-02T08:58:28","date_gmt":"2025-12-02T08:58:28","guid":{"rendered":"https:\/\/vapexyz.com\/?post_type=product&#038;p=60021"},"modified":"2026-03-05T03:54:48","modified_gmt":"2026-03-05T03:54:48","slug":"razz-josla-60k-60000-puffu-kristala-vape-atkartoti-uzladejama-vairumtirdznieciba-lielapjema-pirkums-sieta-spole-eiropas-noliktava","status":"publish","type":"product","link":"https:\/\/vapexyz.com\/lv\/product\/razz-bar-60k-60000-puffs-crystal-vape-rechargeable-wholesale-bulk-buy-mesh-coil-european-warehouse\/","title":{"rendered":"RAZZ BAR 60K 60000 Puffs Crystal Vape Atk\u0101rtoti uzl\u0101d\u0113jams Lielais Pirkums Vairum\u0101 T\u012bkla Spoile Eiropas Noliktava"},"content":{"rendered":"<article>\n<h2 style=\"font-size: 24px; color: #333; margin-bottom: 20px;\">\ud83c\udf08<a href=\"https:\/\/vapexyz.com\/lv\/produkta-kategorija\/razz-bar-vienreizejas-lietosanas-e-cigaretes\/\"> RAZZ BAR<\/a> 60k Krist\u0101la Vienreiz\u0113j\u0101s Iztvaic\u0113\u0161anas Ier\u012bces Vairumtirdzniec\u012bbas Ce\u013cvedis<\/h2>\n<p>Sveiki! \ud83d\ude0a Laipni l\u016bdzam m\u016bsu super jautraj\u0101 ce\u013cved\u012b par p\u0101rsteidzo\u0161ajiem RAZZ BAR 60k Crystal vienreizlietojamajiem vape! Tie ir ide\u0101li piem\u0113roti ikvienam, kam pat\u012bk kr\u0101saini, viegli lietojami vienreizlietojamie vape, kas ilgst \u013coti ilgi. M\u0113s esam VapeXYZ, j\u016bsu galven\u0101 tie\u0161saistes platforma Eirop\u0101 vienreizlietojamo vape vairumtirdzniec\u012bbai. Iel\u0113ksim!<\/p>\n<h3 style=\"color: #6a5acd; border-left: 5px solid #9370DB; padding-left: 10px;\">\u2728 Kas Padara RAZZ BAR 60k Krist\u0101lu Tik \u012apa\u0161u?<\/h3>\n<p>\u0160\u012bs vienreiz\u0113j\u0101s vape ier\u012bces ir k\u0101 ma\u0123isks konfek\u0161u burka \ud83c\udf6c\u2014gai\u0161as, sp\u012bd\u012bgas un pilnas p\u0101rsteigumu! T\u0101s ir izstr\u0101d\u0101tas, lai nodro\u0161in\u0101tu l\u012bdz 60 000 ieelpu, kas noz\u012bm\u0113, ka t\u0101s j\u016bs tur\u0113s laim\u012bgiem ilgu laiku. Ar uzl\u0101d\u0113jamu akumulatoru un sieta spole katra ieelpa ir gluda un vien\u0101da. Turkl\u0101t t\u0101s pieejamas 16 da\u017e\u0101d\u0101s opcij\u0101s, kas liks jums izbaud\u012bt p\u0101rsteidzo\u0161u pieredzi! \ud83d\udc83<\/p>\n<h3 style=\"color: #ffa500; border-left: 5px solid #FFD700; padding-left: 10px;\">\ud83c\udf1f RAZZ BAR 60k Izturamo Vapu Galven\u0101s Funkcijas<\/h3>\n<ul style=\"list-style-type: none; padding: 0;\">\n<li style=\"margin-bottom: 8px;\">\u2705 <span style=\"color: #ff69b4;\">Ilgsto\u0161a Izklaide<\/span>: L\u012bdz 60 000 izelp\u0101m! Tas ir k\u0101 nekad nebeidzama ball\u012bte!<\/li>\n<li style=\"margin-bottom: 8px;\">\u2705 <span style=\"color: #ff69b4;\">Atk\u0101rtoti uzl\u0101d\u0113jama jauda<\/span>: 650mAh akumulators ar Type-C uzl\u0101di, lai j\u016bs var\u0113tu to \u0101tri uzl\u0101d\u0113t.<\/li>\n<li style=\"margin-bottom: 8px;\">\u2705 <span style=\"color: #ff69b4;\">Gludie Puffs<\/span>: Pateicoties acu sieta spolei, katra elpa j\u016btas m\u012bksta un stabila.<\/li>\n<li style=\"margin-bottom: 8px;\">\u2705 <span style=\"color: #ff69b4;\">Bulk-Friendly<\/span>Katrs kartons satur 200 gabalus, sverot 25,2 kg \u2014 ide\u0101li piem\u0113rots lieliem pas\u016bt\u012bjumiem!<\/li>\n<li style=\"margin-bottom: 8px;\">\u2705 <span style=\"color: #ff69b4;\">16 At\u0161\u0137ir\u012bgas Iesp\u0113jas<\/span>: No da\u017e\u0101d\u0101m gaum\u0113m - no aug\u013cainiem l\u012bdz saldiem, ikvienam atrad\u012bsies kaut kas.<\/li>\n<\/ul>\n<h3 style=\"color: #32cd32; border-left: 5px solid #90EE90; padding-left: 10px;\">\ud83c\udf4e At\u0161\u0137ir\u012bgu opciju saraksts (visas 16 opcijas!)<\/h3>\n<p>Iepaz\u012bstieties ar \u0161\u012bm aizraujo\u0161\u0101m iesp\u0113j\u0101m, kas nor\u0101d\u012btas sec\u012bb\u0101. Katra no t\u0101m ir mazs laimes uzliesmojums!<\/p>\n<div style=\"background: #F0F8FF; padding: 15px; border-radius: 10px; border: 2px dashed #ADD8E6;\">\n<p>Zeme\u0146u Ban\u0101ns<\/p>\n<p>Persiku sald\u0113jums \ud83c\udf51\u2744\ufe0f<\/p>\n<p>Koko Loko \ud83e\udd65\ud83c\udf34<\/p>\n<p>Mellenes sk\u0101b\u0101 avene \ud83e\uded0\ud83c\udf47<\/p>\n<p>Vates konfektes<\/p>\n<p>Gumijas l\u0101cis \ud83e\uddf8\ud83c\udf6c<\/p>\n<p>Melle\u0146u Arb\u016bzs \ud83e\uded0\ud83c\udf49<\/p>\n<p>Citronu Persiku K\u0101rklu Auglis<\/p>\n<p>Melnais Ledus P\u016b\u0137a Auglis Zemenes \ud83d\udda4\u2744\ufe0f\ud83d\udc09\ud83c\udf53<\/p>\n<p>Jauktas ogas \ud83c\udf53\ud83e\uded0\ud83c\udf52<\/p>\n<p>M\u012blest\u012bba 66 \ud83d\udc9666<\/p>\n<p>Zemenes Kiwi \ud83c\udf53\ud83e\udd5d<\/p>\n<p>Tropu Aug\u013ci \ud83c\udf4d\ud83e\udd6d\ud83c\udf3a<\/p>\n<p>Zeme\u0146u Vanilijas Koka \ud83c\udf53\ud83c\udf66\ud83e\udd64<\/p>\n<p>Citrons Laims<\/p>\n<p>Vasaras sapnis \u2600\ufe0f\ud83c\udf19\u2728<\/p>\n<\/div>\n<h3 style=\"color: #ff4500; border-left: 5px solid #FF6347; padding-left: 10px;\">\u0100tr\u0101 sal\u012bdzin\u0101\u0161anas tabula: RAZZ BAR 60k pret citiem<\/h3>\n<table style=\"width: 100%; border-collapse: collapse; background: #FFF5EE; border-radius: 10px; overflow: hidden;\">\n<tbody>\n<tr style=\"background: #FFB6C1;\">\n<th style=\"padding: 12px; text-align: left; border: 1px solid #FF69B4;\">Funkcija<\/th>\n<th style=\"padding: 12px; text-align: left; border: 1px solid #FF69B4;\">RAZZ BAR 60k<\/th>\n<th style=\"padding: 12px; text-align: left; border: 1px solid #FF69B4;\">Citi vienreizlietojamie vapes<\/th>\n<\/tr>\n<tr style=\"background: #FFF0F5;\">\n<td style=\"padding: 12px; border: 1px solid #FFB6C1;\">Kop\u0113jais uzp\u016b\u0161an\u0101s<\/td>\n<td style=\"padding: 12px; border: 1px solid #FFB6C1;\">L\u012bdz 60 000<\/td>\n<td style=\"padding: 12px; border: 1px solid #FFB6C1;\">Parasti maz\u0101k, piem\u0113ram, 5 000-10 000<\/td>\n<\/tr>\n<tr style=\"background: #FFF0F5;\">\n<td style=\"padding: 12px; border: 1px solid #FFB6C1;\">Akumulators<\/td>\n<td style=\"padding: 12px; border: 1px solid #FFB6C1;\">650mAh, uzl\u0101d\u0113jams \ud83d\udd0b<\/td>\n<td style=\"padding: 12px; border: 1px solid #FFB6C1;\">Bie\u017ei vien nav uzl\u0101d\u0113jams<\/td>\n<\/tr>\n<tr style=\"background: #FFF0F5;\">\n<td style=\"padding: 12px; border: 1px solid #FFB6C1;\">Pieejam\u0101s opcijas<\/td>\n<td style=\"padding: 12px; border: 1px solid #FFB6C1;\">16 da\u017e\u0101das izv\u0113les<\/td>\n<td style=\"padding: 12px; border: 1px solid #FFB6C1;\">Maz\u0101k iesp\u0113ju, varb\u016bt 5-10<\/td>\n<\/tr>\n<tr style=\"background: #FFF0F5;\">\n<td style=\"padding: 12px; border: 1px solid #FFB6C1;\">Bulk Orders<\/td>\n<td style=\"padding: 12px; border: 1px solid #FFB6C1;\">200 vienai kastai, lieliski piem\u0113rots vairumtirdzniec\u012bbai \ud83d\udce6<\/td>\n<td style=\"padding: 12px; border: 1px solid #FFB6C1;\">Maz\u0101ki iepakojumi<\/td>\n<\/tr>\n<\/tbody>\n<\/table>\n<h3 style=\"color: #8a2be2; border-left: 5px solid #DA70D6; padding-left: 10px;\">\u2753 Jautri bie\u017ei uzdotie jaut\u0101jumi par RAZZ BAR 60k vienreiz lietojamajiem vapeiem<\/h3>\n<div style=\"background: #E6E6FA; padding: 15px; border-radius: 10px; border: 2px solid #DDA0DD;\">\n<p>J: Cik ilgi viens RAZZ BAR 60k vienreiz lietojams vape ilgst?<br \/>\nA: Ar l\u012bdz 60 000 izelp\u0101m tas var ilgt ned\u0113\u013cas vai pat m\u0113ne\u0161us, atkar\u012bb\u0101 no t\u0101, cik daudz j\u016bs to lietojat! Tas ir k\u0101 uzticams draugs, kas nekad neatst\u0101j j\u016bsu pusi.<\/p>\n<p>J: Vai es varu uzl\u0101d\u0113t \u0161o vienreizlietojamo vape?<br \/>\nA: J\u0101! Tam ir 650mAh akumulators un tiek izmantota Type-C uzl\u0101de, t\u0101p\u0113c j\u016bs varat \u0101tri un viegli uzl\u0101d\u0113t ier\u012bci. Nav j\u0101uztraucas par jautr\u012bbas izbeig\u0161anos!<\/p>\n<p>Vai ir daudz izv\u0113les iesp\u0113ju?<br \/>\nA: Piln\u012bgi! Ir 16 aizraujo\u0161as iesp\u0113jas, s\u0101kot no aug\u013cu mais\u012bjumiem l\u012bdz saldumiem. J\u016bs nekad neieg\u016bsit garlaic\u012bbu!<\/p>\n<p>J: Kur es varu ieg\u0101d\u0101ties \u0161\u012bs preces liel\u0101 daudzum\u0101?<br \/>\nA: Tie\u0161i \u0161eit VapeXYZ! M\u0113s esam j\u016bsu lab\u0101k\u0101 tie\u0161saistes platforma Eirop\u0101 vairumtirdzniec\u012bbas vienreizlietojamiem vape produktiem. Vienk\u0101r\u0161i apmekl\u0113jiet m\u016bsu vietni, lai veiktu pas\u016bt\u012bjumu.<\/p>\n<\/div>\n<h3 style=\"color: #ff69b4; border-left: 5px solid #FF1493; padding-left: 10px;\">\ud83c\udf89 K\u0101p\u0113c pirkt no <a href=\"https:\/\/vapexyz.com\/lv\/\">VapeXYZ<\/a>?<\/h3>\n<p>VapeXYZ vietn\u0113 m\u0113s padar\u0101m vienreiz\u0113jo vape ieg\u0101di vieglu un jautru! M\u0113s pied\u0101v\u0101jam lieliskas cenas lieliem pas\u016bt\u012bjumiem, \u0101tru pieg\u0101di vis\u0101 Eirop\u0101 un super draudz\u012bgu servisu. Neatkar\u012bgi no t\u0101, vai j\u016bs s\u0101kat uz\u0146\u0113mumu vai vienk\u0101r\u0161i m\u012blat dal\u012bties ar tiem ar draugiem, mums ir j\u016bsu mugura. \ud83d\ude0a \u0160odien dodieties uz m\u016bsu vietni, lai ieg\u0101d\u0101tos RAZZ BAR 60k Crystal vienreiz\u0113jos vape - kop\u0101 izplat\u012bsim prieku!<\/p>\n<p style=\"text-align: center; font-size: 1.2em; color: #ff6b88; margin-top: 20px;\">Paldies par las\u012b\u0161anu, un m\u0113s nevaram sagaid\u012bt, lai pal\u012bdz\u0113tu jums ar j\u016bsu vienreiz\u0113jo vape ier\u012b\u010du vajadz\u012bb\u0101m!<\/p>\n<\/article>\n<p><strong><img loading=\"lazy\" decoding=\"async\" class=\"aligncenter wp-image-60064 size-large\" src=\"https:\/\/vapexyz.com\/wp-content\/uploads\/2025\/11\/RAZZ-BAR-60k-60000-Puffs-Crystal-Vape-Wholesale-Bulk-Buy-Orders-Mesh-Coil-1-777x1024.webp\" alt=\"RAZZ BAR 60k 60000 Puffs Crystal Vape Izmaksas Lielapjoma P\u0113rk Vairum\u0101 Pas\u016bt\u012bjumi T\u012bkla Spira \" width=\"777\" height=\"1024\" title=\"\" srcset=\"https:\/\/vapexyz.com\/wp-content\/uploads\/2025\/11\/RAZZ-BAR-60k-60000-Puffs-Crystal-Vape-Wholesale-Bulk-Buy-Orders-Mesh-Coil-1-777x1024.webp 777w, https:\/\/vapexyz.com\/wp-content\/uploads\/2025\/11\/RAZZ-BAR-60k-60000-Puffs-Crystal-Vape-Wholesale-Bulk-Buy-Orders-Mesh-Coil-1-scaled-510x672.webp 510w, https:\/\/vapexyz.com\/wp-content\/uploads\/2025\/11\/RAZZ-BAR-60k-60000-Puffs-Crystal-Vape-Wholesale-Bulk-Buy-Orders-Mesh-Coil-1-379x500.webp 379w, https:\/\/vapexyz.com\/wp-content\/uploads\/2025\/11\/RAZZ-BAR-60k-60000-Puffs-Crystal-Vape-Wholesale-Bulk-Buy-Orders-Mesh-Coil-1-768x1012.webp 768w, https:\/\/vapexyz.com\/wp-content\/uploads\/2025\/11\/RAZZ-BAR-60k-60000-Puffs-Crystal-Vape-Wholesale-Bulk-Buy-Orders-Mesh-Coil-1-1165x1536.webp 1165w, https:\/\/vapexyz.com\/wp-content\/uploads\/2025\/11\/RAZZ-BAR-60k-60000-Puffs-Crystal-Vape-Wholesale-Bulk-Buy-Orders-Mesh-Coil-1-1554x2048.webp 1554w, https:\/\/vapexyz.com\/wp-content\/uploads\/2025\/11\/RAZZ-BAR-60k-60000-Puffs-Crystal-Vape-Wholesale-Bulk-Buy-Orders-Mesh-Coil-1-9x12.webp 9w, https:\/\/vapexyz.com\/wp-content\/uploads\/2025\/11\/RAZZ-BAR-60k-60000-Puffs-Crystal-Vape-Wholesale-Bulk-Buy-Orders-Mesh-Coil-1-scaled.webp 1942w\" sizes=\"auto, (max-width: 777px) 100vw, 777px\" \/><\/strong><\/p>","protected":false},"excerpt":{"rendered":"<p><span class=\"ng-star-inserted\">\u0160is kr\u0101sains un jautrs ce\u013cvedis skaidro, k\u0101p\u0113c RAZZ BAR 60k vienreizlietojamie vape ar to ilgiem kalpo\u0161anas laikiem un daudziem\u00a0<\/span><span class=\"ng-star-inserted\">aizraujo\u0161s<\/span><span class=\"ng-star-inserted\"> Iesp\u0113jas ir perfekti piem\u0113rotas vairumtirdzniec\u012bbai, aicinot j\u016bs t\u0101s ieg\u0101d\u0101ties m\u016bsu m\u0101jaslap\u0101, VapeXYZ.<\/span><\/p>","protected":false},"featured_media":60063,"comment_status":"open","ping_status":"closed","template":"","meta":{"_lmt_disableupdate":"no","_lmt_disable":""},"product_brand":[],"product_cat":[1077,1072,947,935,934,927,929,928,930,933,939,932,938,931,936,937,1017,948,946,950,1016,951,953,954,987],"product_tag":[],"class_list":{"0":"post-60021","1":"product","2":"type-product","3":"status-publish","4":"has-post-thumbnail","6":"product_cat-razz-bar-disposable-vapes","7":"product_cat-60000-puff-vapes","8":"product_cat-big-puffs-vapes","9":"product_cat-bulk-buy-disposable-vapes-in-austria","10":"product_cat-bulk-buy-disposable-vapes-in-belgium","11":"product_cat-bulk-buy-disposable-vapes-in-europe","12":"product_cat-bulk-buy-disposable-vapes-in-france","13":"product_cat-bulk-buy-disposable-vapes-in-germany","14":"product_cat-bulk-buy-disposable-vapes-in-italy","15":"product_cat-bulk-buy-disposable-vapes-in-netherlands","16":"product_cat-bulk-buy-disposable-vapes-in-norway","17":"product_cat-bulk-buy-disposable-vapes-in-poland","18":"product_cat-bulk-buy-disposable-vapes-in-portugal","19":"product_cat-bulk-buy-disposable-vapes-in-spain","20":"product_cat-bulk-buy-disposable-vapes-in-sweden","21":"product_cat-bulk-buy-disposable-vapes-in-switzerland","22":"product_cat-buy-best-disposable-vape-flavors","23":"product_cat-crystal-vapes","24":"product_cat-disposable-vapes-series","25":"product_cat-dual-mesh-vapes","26":"product_cat-european-vape-warehouse","27":"product_cat-lower-nicotine-vapes","28":"product_cat-rechargeable-vapes","29":"product_cat-shisha-hookah-vapes","30":"product_cat-vape-shop-by-puffs","32":"first","33":"outofstock","34":"shipping-taxable","35":"purchasable","36":"product-type-variable","37":"has-default-attributes"},"jetpack_sharing_enabled":true,"tiered_pricing_type":"fixed","tiered_pricing_fixed_rules":[],"tiered_pricing_product_settings":{"layout":"default","base_unit_name":{"singular":null,"plural":null},"default_variation":null},"tiered_pricing_minimum_quantity":null,"tiered_pricing_roles_data":[],"tiered_pricing_percentage_rules":[],"tiered_pricing_maximum_quantity":null,"tiered_pricing_quantity_step":null,"_links":{"self":[{"href":"https:\/\/vapexyz.com\/lv\/wp-json\/wp\/v2\/product\/60021","targetHints":{"allow":["GET"]}}],"collection":[{"href":"https:\/\/vapexyz.com\/lv\/wp-json\/wp\/v2\/product"}],"about":[{"href":"https:\/\/vapexyz.com\/lv\/wp-json\/wp\/v2\/types\/product"}],"replies":[{"embeddable":true,"href":"https:\/\/vapexyz.com\/lv\/wp-json\/wp\/v2\/comments?post=60021"}],"wp:featuredmedia":[{"embeddable":true,"href":"https:\/\/vapexyz.com\/lv\/wp-json\/wp\/v2\/media\/60063"}],"wp:attachment":[{"href":"https:\/\/vapexyz.com\/lv\/wp-json\/wp\/v2\/media?parent=60021"}],"wp:term":[{"taxonomy":"product_brand","embeddable":true,"href":"https:\/\/vapexyz.com\/lv\/wp-json\/wp\/v2\/product_brand?post=60021"},{"taxonomy":"product_cat","embeddable":true,"href":"https:\/\/vapexyz.com\/lv\/wp-json\/wp\/v2\/product_cat?post=60021"},{"taxonomy":"product_tag","embeddable":true,"href":"https:\/\/vapexyz.com\/lv\/wp-json\/wp\/v2\/product_tag?post=60021"}],"curies":[{"name":"wp","href":"https:\/\/api.w.org\/{rel}","templated":true}]}}